{"id":9944,"date":"2020-05-14T14:04:11","date_gmt":"2020-05-14T14:04:11","guid":{"rendered":"https:\/\/welcome-ontour.de\/wordpress\/index.php\/2017-10-06\/"},"modified":"2022-06-30T23:07:06","modified_gmt":"2022-06-30T23:07:06","slug":"2017-10-06","status":"publish","type":"page","link":"https:\/\/welcome-ontour.de\/wordpress\/index.php\/2017-10-06\/","title":{"rendered":"2017 10 06"},"content":{"rendered":"<p style=\"text-align: center;\"><span style=\"font-size: 8pt; font-family: arial, helvetica, sans-serif;\"><a href=\"https:\/\/welcome-ontour.de\/wordpress\/index.php\/2017-09-26-prolog\/\">Prolog<\/a> \u00a0 \u00a0 \u00a0 <a href=\"https:\/\/welcome-ontour.de\/wordpress\/index.php\/2017-09-27\">Anreise<\/a>\u00a0 \u00a0 \u00a0 \u00a0 \u00a0 <a href=\"https:\/\/welcome-ontour.de\/wordpress\/index.php\/2017-09-29\">Kauai<\/a> \u00a0 \u00a0 \u00a0 \u00a0 <a href=\"https:\/\/welcome-ontour.de\/wordpress\/index.php\/2017-10-08\">Oahu<\/a>\u00a0 \u00a0 \u00a0 \u00a0 \u00a0 <a href=\"https:\/\/welcome-ontour.de\/wordpress\/index.php\/2017-10-15\">R\u00fcckreise<\/a> \u00a0 \u00a0 \u00a0 \u00a0 <a href=\"https:\/\/welcome-ontour.de\/wordpress\/index.php\/2017-10-18\">Fazit<\/a><\/span><\/p>\n<p style=\"text-align: center;\"><span style=\"font-family: arial, helvetica, sans-serif; font-size: 10pt;\"><a href=\"https:\/\/welcome-ontour.de\/wordpress\/index.php\/2017-10-05\">&lt; zur\u00fcck<\/a>\u00a0 \u00a0 \u00a0 \u00a0 \u00a0 \u00a0 \u00a0 \u00a0 \u00a0 \u00a0 \u00a0 \u00a0 \u00a0 \u00a0 \u00a0 \u00a0 \u00a0 \u00a0 \u00a0 \u00a0 \u00a0 \u00a0 \u00a0 \u00a0 \u00a0 \u00a0 \u00a0 \u00a0 \u00a0 \u00a0 \u00a0 \u00a0 \u00a0 \u00a0 \u00a0 \u00a0 \u00a0 \u00a0 \u00a0 \u00a0 \u00a0 \u00a0 \u00a0 \u00a0 \u00a0 \u00a0 \u00a0 \u00a0 \u00a0 \u00a0 \u00a0 \u00a0 \u00a0 \u00a0 \u00a0 \u00a0 \u00a0 \u00a0 \u00a0 \u00a0 \u00a0 \u00a0 \u00a0 \u00a0 \u00a0 \u00a0 \u00a0 \u00a0 \u00a0 \u00a0 \u00a0 \u00a0 \u00a0 \u00a0 \u00a0 \u00a0 \u00a0 \u00a0 \u00a0 \u00a0 \u00a0 \u00a0 \u00a0 \u00a0 \u00a0 \u00a0 \u00a0 \u00a0 \u00a0 \u00a0 \u00a0 \u00a0 \u00a0 \u00a0 \u00a0 <a href=\"https:\/\/welcome-ontour.de\/wordpress\/index.php\/2017-10-07\">weiter &gt;<\/a><\/span><\/p>\n<p style=\"text-align: center;\"><span style=\"font-size: 14pt;\"><strong><span style=\"font-family: arial, helvetica, sans-serif;\">Freitag, 6.10.<\/span><\/strong><\/span><\/p>\n<p style=\"text-align: center;\"><span style=\"font-size: 14pt;\"><strong><span style=\"font-family: arial, helvetica, sans-serif;\">\u00a0<\/span><\/strong><\/span><\/p>\n<p style=\"text-align: center;\"><span style=\"font-size: 14pt;\"><strong><span style=\"font-family: arial, helvetica, sans-serif;\">Kapaa Beaches<\/span><\/strong><\/span><\/p>\n<p style=\"text-align: center;\"><span style=\"font-family: arial, helvetica, sans-serif; font-size: 12pt;\">\u00a0<\/span><\/p>\n<p style=\"text-align: center;\"><span style=\"font-family: arial, helvetica, sans-serif; font-size: 12pt;\">Nach dem Breakfast gehts heute zum Walmart nach Lihue.<\/span><\/p>\n<p style=\"text-align: center;\"><span style=\"font-family: arial, helvetica, sans-serif; font-size: 12pt;\">Souvenirs und ein paar Mitbringsel finden wir hier immer relativ g\u00fcnstig.<\/span><\/p>\n<p style=\"text-align: center;\"><span style=\"font-family: arial, helvetica, sans-serif; font-size: 12pt;\">Das Wetter l\u00e4sst heute erstmals zu w\u00fcnschen \u00fcbrig, es regnet.<\/span><\/p>\n<p style=\"text-align: center;\"><span style=\"font-family: arial, helvetica, sans-serif; font-size: 12pt;\">Nicht nur kurz, sondern l\u00e4nger und teilweise heftig.<\/span><\/p>\n<p style=\"text-align: center;\"><span style=\"font-family: arial, helvetica, sans-serif; font-size: 12pt;\">Beim Einkaufen vertr\u00f6deln wir viel Zeit, danach sind die Regenwolken auch wieder weg.<\/span><\/p>\n<p style=\"text-align: center;\"><span style=\"font-family: arial, helvetica, sans-serif; font-size: 12pt;\">Holen uns bei Hilo Hattie neben den n\u00e4chsten Ketten ein brauchbares Hawaiihemd <\/span><\/p>\n<p style=\"text-align: center;\"><span style=\"font-family: arial, helvetica, sans-serif; font-size: 12pt;\">und besuchen dann den Lydgate Beach Park an der Wailua River M\u00fcndung.<\/span><\/p>\n<p style=\"text-align: center;\"><span style=\"font-family: arial, helvetica, sans-serif; font-size: 12pt;\">\u00a0<\/span><\/p>\n<p style=\"text-align: center;\"><span style=\"font-family: arial, helvetica, sans-serif; font-size: 12pt;\"><img decoding=\"async\" class=\" size-full wp-image-9928\" title=\"Lydgate\" src=\"https:\/\/welcome-ontour.de\/wordpress\/wp-content\/uploads\/2020\/05\/phoca_thumb_l_2017-10-06-01.jpg\" alt=\"\" width=\"264\" height=\"199\" srcset=\"https:\/\/welcome-ontour.de\/wordpress\/wp-content\/uploads\/2020\/05\/phoca_thumb_l_2017-10-06-01.jpg 456w, https:\/\/welcome-ontour.de\/wordpress\/wp-content\/uploads\/2020\/05\/phoca_thumb_l_2017-10-06-01-300x226.jpg 300w\" sizes=\"(max-width: 264px) 100vw, 264px\" \/>\u00a0 <img decoding=\"async\" class=\" size-full wp-image-9929\" title=\"Lydgate\" src=\"https:\/\/welcome-ontour.de\/wordpress\/wp-content\/uploads\/2020\/05\/phoca_thumb_l_2017-10-06-02.jpg\" alt=\"\" width=\"264\" height=\"199\" srcset=\"https:\/\/welcome-ontour.de\/wordpress\/wp-content\/uploads\/2020\/05\/phoca_thumb_l_2017-10-06-02.jpg 456w, https:\/\/welcome-ontour.de\/wordpress\/wp-content\/uploads\/2020\/05\/phoca_thumb_l_2017-10-06-02-300x226.jpg 300w\" sizes=\"(max-width: 264px) 100vw, 264px\" \/>\u00a0 <img decoding=\"async\" class=\" size-full wp-image-9930\" title=\"Lydgate\" src=\"https:\/\/welcome-ontour.de\/wordpress\/wp-content\/uploads\/2020\/05\/phoca_thumb_l_2017-10-06-03.jpg\" alt=\"\" width=\"264\" height=\"199\" srcset=\"https:\/\/welcome-ontour.de\/wordpress\/wp-content\/uploads\/2020\/05\/phoca_thumb_l_2017-10-06-03.jpg 456w, https:\/\/welcome-ontour.de\/wordpress\/wp-content\/uploads\/2020\/05\/phoca_thumb_l_2017-10-06-03-300x226.jpg 300w\" sizes=\"(max-width: 264px) 100vw, 264px\" \/><\/span><\/p>\n<p style=\"text-align: center;\"><span style=\"font-family: arial, helvetica, sans-serif; font-size: 12pt;\">\u00a0<\/span><\/p>\n<p style=\"text-align: center;\"><span style=\"font-family: arial, helvetica, sans-serif; font-size: 12pt;\"><img decoding=\"async\" class=\" size-full wp-image-9931\" title=\"Lydgate\" src=\"https:\/\/welcome-ontour.de\/wordpress\/wp-content\/uploads\/2020\/05\/phoca_thumb_l_2017-10-06-04.jpg\" alt=\"\" width=\"400\" height=\"268\" srcset=\"https:\/\/welcome-ontour.de\/wordpress\/wp-content\/uploads\/2020\/05\/phoca_thumb_l_2017-10-06-04.jpg 456w, https:\/\/welcome-ontour.de\/wordpress\/wp-content\/uploads\/2020\/05\/phoca_thumb_l_2017-10-06-04-300x201.jpg 300w\" sizes=\"(max-width: 400px) 100vw, 400px\" \/>\u00a0 <img decoding=\"async\" class=\" size-full wp-image-9932\" title=\"Lydgate\" src=\"https:\/\/welcome-ontour.de\/wordpress\/wp-content\/uploads\/2020\/05\/phoca_thumb_l_2017-10-06-05.jpg\" alt=\"\" width=\"399\" height=\"268\" srcset=\"https:\/\/welcome-ontour.de\/wordpress\/wp-content\/uploads\/2020\/05\/phoca_thumb_l_2017-10-06-05.jpg 456w, https:\/\/welcome-ontour.de\/wordpress\/wp-content\/uploads\/2020\/05\/phoca_thumb_l_2017-10-06-05-300x202.jpg 300w\" sizes=\"(max-width: 399px) 100vw, 399px\" \/><\/span><\/p>\n<p style=\"text-align: center;\"><span style=\"font-family: arial, helvetica, sans-serif; font-size: 12pt;\">\u00a0<\/span><\/p>\n<p style=\"text-align: center;\"><span style=\"font-family: arial, helvetica, sans-serif; font-size: 12pt;\">Es gibt ein gesch\u00fctztes Badebecken und man kann mit dem Auto, wie so oft fast bis an den Strand fahren.<\/span><\/p>\n<p style=\"text-align: center;\"><span style=\"font-family: arial, helvetica, sans-serif; font-size: 12pt;\">Nachdem wir unser Zeugs zu Hause abgeladen haben, holen wir uns im Foodland Lunch Verpflegung.<\/span><\/p>\n<p style=\"text-align: center;\"><span style=\"font-family: arial, helvetica, sans-serif; font-size: 12pt;\">Und fahren dann zum Kealia Beach, an dem wir nun schon so oft vorbei gefahren sind.<\/span><\/p>\n<p style=\"text-align: center;\"><span style=\"font-family: arial, helvetica, sans-serif; font-size: 12pt;\">\u00a0<\/span><\/p>\n<p style=\"text-align: center;\"><span style=\"font-family: arial, helvetica, sans-serif; font-size: 12pt;\"><img decoding=\"async\" class=\" size-full wp-image-9933\" title=\"Kealia\" src=\"https:\/\/welcome-ontour.de\/wordpress\/wp-content\/uploads\/2020\/05\/phoca_thumb_l_2017-10-06-06.jpg\" alt=\"\" width=\"810\" height=\"403\" srcset=\"https:\/\/welcome-ontour.de\/wordpress\/wp-content\/uploads\/2020\/05\/phoca_thumb_l_2017-10-06-06.jpg 810w, https:\/\/welcome-ontour.de\/wordpress\/wp-content\/uploads\/2020\/05\/phoca_thumb_l_2017-10-06-06-300x149.jpg 300w, https:\/\/welcome-ontour.de\/wordpress\/wp-content\/uploads\/2020\/05\/phoca_thumb_l_2017-10-06-06-768x382.jpg 768w\" sizes=\"(max-width: 810px) 100vw, 810px\" \/><\/span><\/p>\n<p style=\"text-align: center;\"><span style=\"font-family: arial, helvetica, sans-serif; font-size: 12pt;\">\u00a0<\/span><\/p>\n<p style=\"text-align: center;\"><span style=\"font-family: arial, helvetica, sans-serif; font-size: 12pt;\">Der Strand liegt direkt am Highway und ist von Kapaa aus auf einem gut ausgebauten Radweg zu erreichen.<\/span><\/p>\n<p style=\"text-align: center;\"><span style=\"font-family: arial, helvetica, sans-serif; font-size: 12pt;\">\u00a0<\/span><\/p>\n<p style=\"text-align: center;\"><span style=\"font-family: arial, helvetica, sans-serif; font-size: 12pt;\"><img decoding=\"async\" class=\" size-full wp-image-9934\" title=\"Kealia\" src=\"https:\/\/welcome-ontour.de\/wordpress\/wp-content\/uploads\/2020\/05\/phoca_thumb_l_2017-10-06-07.jpg\" alt=\"\" width=\"307\" height=\"232\" srcset=\"https:\/\/welcome-ontour.de\/wordpress\/wp-content\/uploads\/2020\/05\/phoca_thumb_l_2017-10-06-07.jpg 376w, https:\/\/welcome-ontour.de\/wordpress\/wp-content\/uploads\/2020\/05\/phoca_thumb_l_2017-10-06-07-300x227.jpg 300w\" sizes=\"(max-width: 307px) 100vw, 307px\" \/>\u00a0 <img decoding=\"async\" class=\" size-full wp-image-9935\" title=\"Kealia\" src=\"https:\/\/welcome-ontour.de\/wordpress\/wp-content\/uploads\/2020\/05\/phoca_thumb_l_2017-10-06-08.jpg\" alt=\"\" width=\"307\" height=\"232\" srcset=\"https:\/\/welcome-ontour.de\/wordpress\/wp-content\/uploads\/2020\/05\/phoca_thumb_l_2017-10-06-08.jpg 376w, https:\/\/welcome-ontour.de\/wordpress\/wp-content\/uploads\/2020\/05\/phoca_thumb_l_2017-10-06-08-300x227.jpg 300w\" sizes=\"(max-width: 307px) 100vw, 307px\" \/>\u00a0 <img decoding=\"async\" class=\" size-full wp-image-9936\" title=\"Kealia\" src=\"https:\/\/welcome-ontour.de\/wordpress\/wp-content\/uploads\/2020\/05\/phoca_thumb_l_2017-10-06-09.jpg\" alt=\"\" width=\"175\" height=\"232\" srcset=\"https:\/\/welcome-ontour.de\/wordpress\/wp-content\/uploads\/2020\/05\/phoca_thumb_l_2017-10-06-09.jpg 283w, https:\/\/welcome-ontour.de\/wordpress\/wp-content\/uploads\/2020\/05\/phoca_thumb_l_2017-10-06-09-226x300.jpg 226w\" sizes=\"(max-width: 175px) 100vw, 175px\" \/><\/span><\/p>\n<p style=\"text-align: center;\"><span style=\"font-family: arial, helvetica, sans-serif; font-size: 12pt;\">\u00a0<\/span><\/p>\n<p style=\"text-align: center;\"><span style=\"font-family: arial, helvetica, sans-serif; font-size: 12pt;\">Auf dem R\u00fcckweg halten wir wieder bei Bubba Burger.<\/span><\/p>\n<p style=\"text-align: center;\"><span style=\"font-family: arial, helvetica, sans-serif; font-size: 12pt;\">\u00a0<\/span><\/p>\n<p style=\"text-align: center;\"><span style=\"font-family: arial, helvetica, sans-serif; font-size: 12pt;\"><img decoding=\"async\" class=\" size-full wp-image-9937\" title=\"Kapaa\" src=\"https:\/\/welcome-ontour.de\/wordpress\/wp-content\/uploads\/2020\/05\/phoca_thumb_l_2017-10-06-10.jpg\" alt=\"\" width=\"400\" height=\"268\" srcset=\"https:\/\/welcome-ontour.de\/wordpress\/wp-content\/uploads\/2020\/05\/phoca_thumb_l_2017-10-06-10.jpg 606w, https:\/\/welcome-ontour.de\/wordpress\/wp-content\/uploads\/2020\/05\/phoca_thumb_l_2017-10-06-10-300x201.jpg 300w\" sizes=\"(max-width: 400px) 100vw, 400px\" \/>\u00a0 <img decoding=\"async\" class=\" size-full wp-image-9938\" title=\"Bubba Kapaa\" src=\"https:\/\/welcome-ontour.de\/wordpress\/wp-content\/uploads\/2020\/05\/phoca_thumb_l_2017-10-06-11.jpg\" alt=\"\" width=\"400\" height=\"268\" srcset=\"https:\/\/welcome-ontour.de\/wordpress\/wp-content\/uploads\/2020\/05\/phoca_thumb_l_2017-10-06-11.jpg 606w, https:\/\/welcome-ontour.de\/wordpress\/wp-content\/uploads\/2020\/05\/phoca_thumb_l_2017-10-06-11-300x201.jpg 300w\" sizes=\"(max-width: 400px) 100vw, 400px\" \/><\/span><\/p>\n<p style=\"text-align: center;\"><span style=\"font-family: arial, helvetica, sans-serif; font-size: 12pt;\">\u00a0<\/span><\/p>\n<p style=\"text-align: center;\"><span style=\"font-family: arial, helvetica, sans-serif; font-size: 12pt;\">Zur\u00fcck geht\u2019s heute \u00fcber den Umweg westlich um den Sleeping Giant.<\/span><\/p>\n<p style=\"text-align: center;\"><span style=\"font-family: arial, helvetica, sans-serif; font-size: 12pt;\">\u00dcber dem Gebirgszug \u201egl\u00fcht\u201c der Himmel.<\/span><\/p>\n<p style=\"text-align: center;\"><span style=\"font-family: arial, helvetica, sans-serif; font-size: 12pt;\">\u00a0<\/span><\/p>\n<p style=\"text-align: center;\"><span style=\"font-family: arial, helvetica, sans-serif; font-size: 12pt;\"><img decoding=\"async\" class=\" size-full wp-image-9939\" title=\"Sleeping Giant after sunset\" src=\"https:\/\/welcome-ontour.de\/wordpress\/wp-content\/uploads\/2020\/05\/phoca_thumb_l_2017-10-06-12.jpg\" alt=\"\" width=\"810\" height=\"491\" srcset=\"https:\/\/welcome-ontour.de\/wordpress\/wp-content\/uploads\/2020\/05\/phoca_thumb_l_2017-10-06-12.jpg 810w, https:\/\/welcome-ontour.de\/wordpress\/wp-content\/uploads\/2020\/05\/phoca_thumb_l_2017-10-06-12-300x182.jpg 300w, https:\/\/welcome-ontour.de\/wordpress\/wp-content\/uploads\/2020\/05\/phoca_thumb_l_2017-10-06-12-768x466.jpg 768w\" sizes=\"(max-width: 810px) 100vw, 810px\" \/><\/span><\/p>\n<p style=\"text-align: center;\"><span style=\"font-family: arial, helvetica, sans-serif; font-size: 12pt;\">\u00a0<\/span><\/p>\n<p style=\"text-align: center;\"><span style=\"font-family: arial, helvetica, sans-serif; font-size: 12pt;\">Zum Schluss kommen wir an den Opaekka Falls an und sind bereits um sieben zu Hause.<\/span><\/p>\n<p style=\"text-align: center;\"><span style=\"font-family: arial, helvetica, sans-serif; font-size: 12pt;\">K\u00f6nnte man ja mal in eine der Bars am Coconut Market Place.<\/span><\/p>\n<p style=\"text-align: center;\"><span style=\"font-family: arial, helvetica, sans-serif; font-size: 12pt;\">Fehlanzeige!<\/span><\/p>\n<p style=\"text-align: center;\"><span style=\"font-family: arial, helvetica, sans-serif; font-size: 12pt;\">Der Markt ist zur H\u00e4lfte zur Baustelle umdekoriert.<\/span><\/p>\n<p style=\"text-align: center;\"><span style=\"font-family: arial, helvetica, sans-serif; font-size: 12pt;\">Bauarbeiter haben wir in den letzten Tagen hier keine gesehen.<\/span><\/p>\n<p style=\"text-align: center;\"><span style=\"font-family: arial, helvetica, sans-serif; font-size: 12pt;\">Einzig das Bobby V\u2019s Italian Restaurant und der ABC-Laden sind open.<\/span><\/p>\n<p style=\"text-align: center;\"><span style=\"font-family: arial, helvetica, sans-serif; font-size: 12pt;\">Wir fahren zum Shopping Center am Kauai Village, durchst\u00f6bern ein paar Andenken-L\u00e4den<\/span><\/p>\n<p style=\"text-align: center;\"><span style=\"font-family: arial, helvetica, sans-serif; font-size: 12pt;\">\u00a0<\/span><\/p>\n<p style=\"text-align: center;\"><span style=\"font-family: arial, helvetica, sans-serif; font-size: 12pt;\"><img decoding=\"async\" class=\" size-full wp-image-9940\" title=\"Tropical Dreams\" src=\"https:\/\/welcome-ontour.de\/wordpress\/wp-content\/uploads\/2020\/05\/phoca_thumb_l_2017-10-06-13.jpg\" alt=\"\" width=\"254\" height=\"171\" \/>\u00a0 <img decoding=\"async\" class=\" size-full wp-image-9941\" title=\"TD\" src=\"https:\/\/welcome-ontour.de\/wordpress\/wp-content\/uploads\/2020\/05\/phoca_thumb_l_2017-10-06-14.jpg\" alt=\"\" width=\"129\" height=\"171\" \/> \u00a0<img decoding=\"async\" class=\" size-full wp-image-9942\" title=\"TD\" src=\"https:\/\/welcome-ontour.de\/wordpress\/wp-content\/uploads\/2020\/05\/phoca_thumb_l_2017-10-06-15.jpg\" alt=\"\" width=\"254\" height=\"171\" \/><\/span><\/p>\n<p style=\"text-align: center;\"><span style=\"font-family: arial, helvetica, sans-serif; font-size: 12pt;\">\u00a0<\/span><\/p>\n<p style=\"text-align: center;\"><span style=\"font-family: arial, helvetica, sans-serif; font-size: 12pt;\">und genehmigen uns bei Tropical Dreams furchtbar s\u00fc\u00dfes hawaiianisches Eis.<\/span><\/p>\n<p style=\"text-align: center;\"><span style=\"font-family: arial, helvetica, sans-serif; font-size: 12pt;\">\u00a0<\/span><\/p>\n<p style=\"text-align: center;\"><span style=\"font-family: arial, helvetica, sans-serif; font-size: 12pt;\"><img decoding=\"async\" class=\" size-full wp-image-9943\" title=\"Maui Caramacs\" src=\"https:\/\/welcome-ontour.de\/wordpress\/wp-content\/uploads\/2020\/05\/phoca_thumb_l_2017-10-06-16.jpg\" width=\"400\" height=\"365\" srcset=\"https:\/\/welcome-ontour.de\/wordpress\/wp-content\/uploads\/2020\/05\/phoca_thumb_l_2017-10-06-16.jpg 600w, https:\/\/welcome-ontour.de\/wordpress\/wp-content\/uploads\/2020\/05\/phoca_thumb_l_2017-10-06-16-300x274.jpg 300w\" sizes=\"(max-width: 400px) 100vw, 400px\" \/><\/span><\/p>\n<p style=\"text-align: center;\"><span style=\"font-family: arial, helvetica, sans-serif; font-size: 12pt;\">\u00a0<\/span><\/p>\n<p style=\"text-align: center;\"><span style=\"font-family: arial, helvetica, sans-serif; font-size: 12pt;\">\u00a0<\/span><\/p>\n<p style=\"text-align: center;\"><span style=\"font-family: arial, helvetica, sans-serif; font-size: 12pt;\">Gefahrene Meilen \/ Kilometer: 39 \/ 63<\/span><\/p>\n<p style=\"text-align: center;\"><span style=\"font-family: arial, helvetica, sans-serif; font-size: 12pt;\">\u00a0<\/span><\/p>\n<p style=\"text-align: center;\"><span style=\"font-family: arial, helvetica, sans-serif; font-size: 12pt;\">Unterkunft: Plantation Hale Suites, Kapaa Kauai, Hawaii $110 ****<\/span><\/p>\n<p style=\"text-align: center;\"><span style=\"font-family: arial, helvetica, sans-serif; font-size: 12pt;\"><img decoding=\"async\" class=\" size-full wp-image-9647\" title=\"Kauai &amp; Oahu\" src=\"https:\/\/welcome-ontour.de\/wordpress\/wp-content\/uploads\/2020\/05\/phoca_thumb_l_2017-09-26-02-hangloose.jpg\" width=\"280\" height=\"189\" srcset=\"https:\/\/welcome-ontour.de\/wordpress\/wp-content\/uploads\/2020\/05\/phoca_thumb_l_2017-09-26-02-hangloose.jpg 400w, https:\/\/welcome-ontour.de\/wordpress\/wp-content\/uploads\/2020\/05\/phoca_thumb_l_2017-09-26-02-hangloose-300x203.jpg 300w\" sizes=\"(max-width: 280px) 100vw, 280px\" \/><\/span><\/p>\n<p style=\"text-align: center;\"><span style=\"font-family: arial, helvetica, sans-serif; font-size: 10pt;\"><a href=\"https:\/\/welcome-ontour.de\/wordpress\/index.php\/2017-10-05\">&lt; zur\u00fcck<\/a>\u00a0 \u00a0 \u00a0 \u00a0 \u00a0 \u00a0 \u00a0 \u00a0 \u00a0 \u00a0 \u00a0 \u00a0 \u00a0 \u00a0 \u00a0 \u00a0 \u00a0 \u00a0 \u00a0 \u00a0 \u00a0 \u00a0 \u00a0 \u00a0 \u00a0 \u00a0 \u00a0 \u00a0 \u00a0 \u00a0 \u00a0 \u00a0 \u00a0 \u00a0 \u00a0 \u00a0 \u00a0 \u00a0 \u00a0 \u00a0 \u00a0 \u00a0 \u00a0 \u00a0 \u00a0 \u00a0 \u00a0 \u00a0 \u00a0 \u00a0 \u00a0 \u00a0 \u00a0 \u00a0 \u00a0 \u00a0 \u00a0 \u00a0 \u00a0 \u00a0 \u00a0 \u00a0 \u00a0 \u00a0 \u00a0 \u00a0 \u00a0 \u00a0 \u00a0 \u00a0 \u00a0 \u00a0 \u00a0 \u00a0 \u00a0 \u00a0 \u00a0 \u00a0 \u00a0 \u00a0 \u00a0 \u00a0 \u00a0 \u00a0 \u00a0 \u00a0 \u00a0 \u00a0 \u00a0 \u00a0 \u00a0 \u00a0 \u00a0 \u00a0 \u00a0 <a href=\"https:\/\/welcome-ontour.de\/wordpress\/index.php\/2017-10-07\">weiter &gt;<\/a><\/span><\/p>\n","protected":false},"excerpt":{"rendered":"<p>Prolog \u00a0 \u00a0 \u00a0 Anreise\u00a0 \u00a0 \u00a0 \u00a0 \u00a0 Kauai \u00a0 \u00a0 \u00a0 \u00a0 Oahu\u00a0 \u00a0 \u00a0 \u00a0 \u00a0 R\u00fcckreise \u00a0 \u00a0 \u00a0 \u00a0 Fazit &lt; zur\u00fcck\u00a0 \u00a0 \u00a0 \u00a0 \u00a0 \u00a0 \u00a0 \u00a0 \u00a0 \u00a0 \u00a0 \u00a0 \u00a0 \u00a0 \u00a0 \u00a0 \u00a0 \u00a0 \u00a0 \u00a0 \u00a0 \u00a0 \u00a0 \u00a0 \u00a0 \u00a0 \u00a0 \u00a0 \u00a0 \u00a0 \u00a0 \u00a0 \u00a0 \u00a0 \u00a0 \u00a0 \u00a0 \u00a0 \u00a0 \u00a0 \u00a0 \u00a0 \u00a0 \u00a0 \u00a0 \u00a0 \u00a0 \u00a0 \u00a0 \u00a0 \u00a0 \u00a0 \u00a0 \u00a0 \u00a0 \u00a0 \u00a0 \u00a0 \u00a0 \u00a0 \u00a0 \u00a0 \u00a0 \u00a0 \u00a0 \u00a0 \u00a0 \u00a0 \u00a0 \u00a0 \u00a0 \u00a0 \u00a0 \u00a0 \u00a0 \u00a0 \u00a0 \u00a0 \u00a0 \u00a0 \u00a0 \u00a0 \u00a0 \u00a0 \u00a0 \u00a0 \u00a0 \u00a0 \u00a0 \u00a0 \u00a0 \u00a0 \u00a0 \u00a0 \u00a0 weiter &gt; Freitag, 6.10. \u00a0 Kapaa Beaches \u00a0 Nach dem Breakfast gehts heute zum Walmart nach Lihue. Souvenirs und ein paar Mitbringsel finden wir hier immer relativ g\u00fcnstig. Das Wetter l\u00e4sst heute erstmals zu w\u00fcnschen \u00fcbrig, es regnet. Nicht nur kurz, sondern l\u00e4nger und teilweise heftig. Beim Einkaufen vertr\u00f6deln wir viel Zeit, danach sind die Regenwolken auch wieder weg. Holen uns bei Hilo Hattie neben den n\u00e4chsten Ketten ein brauchbares Hawaiihemd und besuchen dann den Lydgate Beach Park an der Wailua River M\u00fcndung. \u00a0 \u00a0 \u00a0 \u00a0 \u00a0 \u00a0 Es gibt ein gesch\u00fctztes Badebecken und man kann mit dem Auto, wie so oft fast bis an den Strand fahren. Nachdem wir unser Zeugs zu Hause abgeladen haben, holen wir uns im Foodland Lunch Verpflegung. Und fahren dann zum Kealia Beach, an dem wir nun schon so oft vorbei gefahren sind. \u00a0 \u00a0 Der Strand liegt direkt am Highway und ist von Kapaa aus auf einem gut ausgebauten Radweg zu erreichen. \u00a0 \u00a0 \u00a0 \u00a0 Auf dem R\u00fcckweg halten wir wieder bei Bubba Burger. \u00a0 \u00a0 \u00a0 Zur\u00fcck geht\u2019s heute \u00fcber den Umweg westlich um den Sleeping Giant. \u00dcber dem Gebirgszug \u201egl\u00fcht\u201c der Himmel. \u00a0 \u00a0 Zum Schluss kommen wir an den Opaekka Falls an und sind bereits um sieben zu Hause. K\u00f6nnte man ja mal in eine der Bars am Coconut Market Place. Fehlanzeige! Der Markt ist zur H\u00e4lfte zur Baustelle umdekoriert. Bauarbeiter haben wir in den letzten Tagen hier keine gesehen. Einzig das Bobby V\u2019s Italian Restaurant und der ABC-Laden sind open. Wir fahren zum Shopping Center am Kauai Village, durchst\u00f6bern ein paar Andenken-L\u00e4den \u00a0 \u00a0 \u00a0 \u00a0 und genehmigen uns bei Tropical Dreams furchtbar s\u00fc\u00dfes hawaiianisches Eis. \u00a0 \u00a0 \u00a0 Gefahrene Meilen \/ Kilometer: 39 \/ 63 \u00a0 Unterkunft: Plantation Hale Suites, Kapaa Kauai, Hawaii $110 **** &lt; zur\u00fcck\u00a0 \u00a0 \u00a0 \u00a0 \u00a0 \u00a0 \u00a0 \u00a0 \u00a0 \u00a0 \u00a0 \u00a0 \u00a0 \u00a0 \u00a0 \u00a0 \u00a0 \u00a0 \u00a0 \u00a0 \u00a0 \u00a0 \u00a0 \u00a0 \u00a0 \u00a0 \u00a0 \u00a0 \u00a0 \u00a0 \u00a0 \u00a0 \u00a0 \u00a0 \u00a0 \u00a0 \u00a0 \u00a0 \u00a0 \u00a0 \u00a0 \u00a0 \u00a0 \u00a0 \u00a0 \u00a0 \u00a0 \u00a0 \u00a0 \u00a0 \u00a0 \u00a0 \u00a0 \u00a0 \u00a0 \u00a0 \u00a0 \u00a0 \u00a0 \u00a0 \u00a0 \u00a0 \u00a0 \u00a0 \u00a0 \u00a0 \u00a0 \u00a0 \u00a0 \u00a0 \u00a0 \u00a0 \u00a0 \u00a0 \u00a0 \u00a0 \u00a0 \u00a0 \u00a0 \u00a0 \u00a0 \u00a0 \u00a0 \u00a0 \u00a0 \u00a0 \u00a0 \u00a0 \u00a0 \u00a0 \u00a0 \u00a0 \u00a0 \u00a0 \u00a0 weiter &gt;<\/p>\n","protected":false},"author":1,"featured_media":9928,"parent":0,"menu_order":12,"comment_status":"closed","ping_status":"closed","template":"","meta":{"footnotes":""},"class_list":["post-9944","page","type-page","status-publish","has-post-thumbnail","hentry"],"_links":{"self":[{"href":"https:\/\/welcome-ontour.de\/wordpress\/index.php\/wp-json\/wp\/v2\/pages\/9944","targetHints":{"allow":["GET"]}}],"collection":[{"href":"https:\/\/welcome-ontour.de\/wordpress\/index.php\/wp-json\/wp\/v2\/pages"}],"about":[{"href":"https:\/\/welcome-ontour.de\/wordpress\/index.php\/wp-json\/wp\/v2\/types\/page"}],"author":[{"embeddable":true,"href":"https:\/\/welcome-ontour.de\/wordpress\/index.php\/wp-json\/wp\/v2\/users\/1"}],"replies":[{"embeddable":true,"href":"https:\/\/welcome-ontour.de\/wordpress\/index.php\/wp-json\/wp\/v2\/comments?post=9944"}],"version-history":[{"count":2,"href":"https:\/\/welcome-ontour.de\/wordpress\/index.php\/wp-json\/wp\/v2\/pages\/9944\/revisions"}],"predecessor-version":[{"id":17117,"href":"https:\/\/welcome-ontour.de\/wordpress\/index.php\/wp-json\/wp\/v2\/pages\/9944\/revisions\/17117"}],"wp:featuredmedia":[{"embeddable":true,"href":"https:\/\/welcome-ontour.de\/wordpress\/index.php\/wp-json\/wp\/v2\/media\/9928"}],"wp:attachment":[{"href":"https:\/\/welcome-ontour.de\/wordpress\/index.php\/wp-json\/wp\/v2\/media?parent=9944"}],"curies":[{"name":"wp","href":"https:\/\/api.w.org\/{rel}","templated":true}]}}