{"id":9648,"date":"2020-05-14T10:13:25","date_gmt":"2020-05-14T10:13:25","guid":{"rendered":"https:\/\/welcome-ontour.de\/wordpress\/index.php\/2017-09-26-prolog\/"},"modified":"2022-06-30T23:07:31","modified_gmt":"2022-06-30T23:07:31","slug":"2017-09-26-prolog","status":"publish","type":"page","link":"https:\/\/welcome-ontour.de\/wordpress\/index.php\/2017-09-26-prolog\/","title":{"rendered":"2017 09 26 prolog"},"content":{"rendered":"<p style=\"text-align: center;\"><span style=\"font-size: 8pt; font-family: arial, helvetica, sans-serif;\"><a href=\"https:\/\/welcome-ontour.de\/wordpress\/index.php\/2017-09-26-prolog\/\">Prolog<\/a> \u00a0 \u00a0 \u00a0 <a href=\"https:\/\/welcome-ontour.de\/wordpress\/index.php\/2017-09-27\">Anreise<\/a>\u00a0 \u00a0 \u00a0 \u00a0 \u00a0 <a href=\"https:\/\/welcome-ontour.de\/wordpress\/index.php\/2017-09-29\">Kauai<\/a> \u00a0 \u00a0 \u00a0 \u00a0 <a href=\"https:\/\/welcome-ontour.de\/wordpress\/index.php\/2017-10-08\">Oahu<\/a>\u00a0 \u00a0 \u00a0 \u00a0 \u00a0 <a href=\"https:\/\/welcome-ontour.de\/wordpress\/index.php\/2017-10-15\">R\u00fcckreise<\/a> \u00a0 \u00a0 \u00a0 \u00a0 <a href=\"https:\/\/welcome-ontour.de\/wordpress\/index.php\/2017-10-18\">Fazit<\/a><\/span><\/p>\n<p style=\"text-align: center;\"><span style=\"font-family: arial, helvetica, sans-serif; font-size: 10pt;\"><a href=\"https:\/\/welcome-ontour.de\/wordpress\/index.php\/reiseberichte\/\">&lt; Reiseberichte<\/a>\u00a0 \u00a0 \u00a0 \u00a0 \u00a0 \u00a0 \u00a0 \u00a0 \u00a0 \u00a0 \u00a0 \u00a0 \u00a0 \u00a0 \u00a0 \u00a0 \u00a0 \u00a0 \u00a0 \u00a0 \u00a0 \u00a0 \u00a0 \u00a0 \u00a0 \u00a0 \u00a0 \u00a0 \u00a0 \u00a0 \u00a0 \u00a0 \u00a0 \u00a0 \u00a0 \u00a0 \u00a0 \u00a0 \u00a0 \u00a0 \u00a0 \u00a0 \u00a0 \u00a0 \u00a0 \u00a0 \u00a0 \u00a0 \u00a0 \u00a0 \u00a0 \u00a0 \u00a0 \u00a0 \u00a0 \u00a0 \u00a0 \u00a0 \u00a0 \u00a0 \u00a0 \u00a0 \u00a0 \u00a0 \u00a0 \u00a0 \u00a0 \u00a0 \u00a0 \u00a0 \u00a0 \u00a0 \u00a0 \u00a0 \u00a0 \u00a0 \u00a0 \u00a0 \u00a0 \u00a0 \u00a0 \u00a0 \u00a0 \u00a0 \u00a0 \u00a0 \u00a0 \u00a0 \u00a0 \u00a0 \u00a0 \u00a0<a href=\"https:\/\/welcome-ontour.de\/wordpress\/index.php\/2017-09-27\">weiter &gt;<\/a><\/span><\/p>\n<p style=\"text-align: center;\"><span style=\"font-size: 24pt;\"><strong><span style=\"font-family: arial, helvetica, sans-serif;\">Use Your Illusion<\/span><\/strong><\/span><\/p>\n<p style=\"text-align: center;\"><span style=\"font-family: arial, helvetica, sans-serif; font-size: 12pt;\">\u00a0<\/span><\/p>\n<p style=\"text-align: center;\"><span style=\"font-size: 18pt;\"><strong><span style=\"font-family: arial, helvetica, sans-serif;\">Hawaii 2017<\/span><\/strong><\/span><\/p>\n<p style=\"text-align: center;\"><span style=\"font-family: arial, helvetica, sans-serif; font-size: 12pt;\">\u00a0<\/span><\/p>\n<p style=\"text-align: center;\"><span style=\"font-family: arial, helvetica, sans-serif; font-size: 12pt;\"><a href=\"https:\/\/welcome-ontour.de\/wordpress\/wp-content\/uploads\/2020\/05\/phoca_thumb_l_2017-09-26-01-xxl.jpg\" target=\"_blank\" rel=\"noopener noreferrer\"><img decoding=\"async\" class=\" size-full wp-image-9646\" title=\"Hawaii 2017\" src=\"https:\/\/welcome-ontour.de\/wordpress\/wp-content\/uploads\/2020\/05\/phoca_thumb_l_2017-09-26-01-xxl.jpg\" alt=\"\" width=\"800\" height=\"148\" srcset=\"https:\/\/welcome-ontour.de\/wordpress\/wp-content\/uploads\/2020\/05\/phoca_thumb_l_2017-09-26-01-xxl.jpg 1606w, https:\/\/welcome-ontour.de\/wordpress\/wp-content\/uploads\/2020\/05\/phoca_thumb_l_2017-09-26-01-xxl-300x55.jpg 300w, https:\/\/welcome-ontour.de\/wordpress\/wp-content\/uploads\/2020\/05\/phoca_thumb_l_2017-09-26-01-xxl-1024x189.jpg 1024w, https:\/\/welcome-ontour.de\/wordpress\/wp-content\/uploads\/2020\/05\/phoca_thumb_l_2017-09-26-01-xxl-768x142.jpg 768w, https:\/\/welcome-ontour.de\/wordpress\/wp-content\/uploads\/2020\/05\/phoca_thumb_l_2017-09-26-01-xxl-1536x284.jpg 1536w, https:\/\/welcome-ontour.de\/wordpress\/wp-content\/uploads\/2020\/05\/phoca_thumb_l_2017-09-26-01-xxl-1568x290.jpg 1568w\" sizes=\"(max-width: 800px) 100vw, 800px\" \/><\/a><\/span><\/p>\n<p style=\"text-align: center;\"><span style=\"font-family: arial, helvetica, sans-serif; font-size: 12pt;\">\u00a0<\/span><\/p>\n<p style=\"text-align: center;\"><span style=\"font-size: 14pt;\"><strong><span style=\"font-family: arial, helvetica, sans-serif;\">Prolog<\/span><\/strong><\/span><\/p>\n<p style=\"text-align: center;\"><span style=\"font-family: arial, helvetica, sans-serif; font-size: 12pt;\">\u00a0<\/span><\/p>\n<p style=\"text-align: center;\"><span style=\"font-family: arial, helvetica, sans-serif; font-size: 12pt;\">Weihnachten 2016 ist klar, dass wir beide im September 2017 drei Wochen Urlaub bekommen k\u00f6nnen.<\/span><\/p>\n<p style=\"text-align: center;\"><span style=\"font-family: arial, helvetica, sans-serif; font-size: 12pt;\">Air Berlin hat seit kurzem Nonstop Fl\u00fcge nach San Francisco im Angebot <\/span><\/p>\n<p style=\"text-align: center;\"><span style=\"font-family: arial, helvetica, sans-serif; font-size: 12pt;\">und f\u00fcr superg\u00fcnstige 500 Euro pro Person bekommen wir Tickets.<\/span><\/p>\n<p style=\"text-align: center;\"><span style=\"font-family: arial, helvetica, sans-serif; font-size: 12pt;\">\u00dcber unsere gesammelten Meilen k\u00f6nnen wir Hin- und R\u00fcckfl\u00fcge in die Business-Class upgraden.<\/span><\/p>\n<p style=\"text-align: center;\"><span style=\"font-family: arial, helvetica, sans-serif; font-size: 12pt;\">Die Topbonus Konten sind danach leer, wir happy.<\/span><\/p>\n<p style=\"text-align: center;\"><span style=\"font-family: arial, helvetica, sans-serif; font-size: 12pt;\">Erst im Anschluss stellen wir uns die Frage, was wir von San Francisco aus unternehmen wollen.<\/span><\/p>\n<p style=\"text-align: center;\"><span style=\"font-family: arial, helvetica, sans-serif; font-size: 12pt;\">Nach Nordkalifornien und Oregon oder lieber eine Hiking Tour bis r\u00fcber nach Utah\/Nevada?<\/span><\/p>\n<p style=\"text-align: center;\"><span style=\"font-family: arial, helvetica, sans-serif; font-size: 12pt;\">Im Januar nimmt uns eine Newsletter Email mit einer kurzfristigen Offerte von <\/span><\/p>\n<p style=\"text-align: center;\"><span style=\"font-family: arial, helvetica, sans-serif; font-size: 12pt;\">Hawaiian Air <\/span><span style=\"font-family: arial, helvetica, sans-serif; font-size: 12pt;\">die Entscheidung ab.\u00a0<\/span><span style=\"font-family: arial, helvetica, sans-serif; font-size: 12pt;\">Viel \u00dcberredungskraft hat es nicht bedurft.<\/span><\/p>\n<p style=\"text-align: center;\"><span style=\"font-family: arial, helvetica, sans-serif; font-size: 12pt;\">Fl\u00fcge von San Francisco nach Honolulu und zur\u00fcck im komfortablen Airbus A330 und zwei kurze Inselfl\u00fcge <\/span><\/p>\n<p style=\"text-align: center;\"><span style=\"font-family: arial, helvetica, sans-serif; font-size: 12pt;\">in der kleinen Boeing 717 gab es als Paket f\u00fcr 450 Dollar pro Person.<\/span><\/p>\n<p style=\"text-align: center;\"><span style=\"font-family: arial, helvetica, sans-serif; font-size: 12pt;\">Wir lieben Kauai, deswegen werden wir dort l\u00e4nger bleiben als auf unserem zweiten Reiseziel Oahu.<\/span><\/p>\n<p style=\"text-align: center;\"><span style=\"font-family: arial, helvetica, sans-serif; font-size: 12pt;\">Erholung soll im Vordergrund stehen.<\/span><\/p>\n<p style=\"text-align: center;\"><span style=\"font-family: arial, helvetica, sans-serif; font-size: 12pt;\">Darum verordnen wir uns auf Hin- und R\u00fcckflug eine Zwischen\u00fcbernachtung in San Francisco.<\/span><\/p>\n<p style=\"text-align: center;\"><span style=\"font-family: arial, helvetica, sans-serif; font-size: 12pt;\">Im Mai sind auch Unterk\u00fcnfte und Mietwagen in Sack und T\u00fcten.<\/span><\/p>\n<p style=\"text-align: center;\"><span style=\"font-family: arial, helvetica, sans-serif; font-size: 12pt;\">Lediglich noch vier Monate abwarten, dann kann es losgehen.<\/span><\/p>\n<p style=\"text-align: center;\"><span style=\"font-family: arial, helvetica, sans-serif; font-size: 12pt;\">Leider, leider, leider \u2026<\/span><\/p>\n<p style=\"text-align: center;\"><span style=\"font-family: arial, helvetica, sans-serif; font-size: 12pt;\">\u2026 hat Mitte August 2017 unsere Stamm-Fluggesellschaft Air Berlin Insolvenz angemeldet.<\/span><\/p>\n<p style=\"text-align: center;\"><span style=\"font-family: arial, helvetica, sans-serif; font-size: 12pt;\">Anfangs hofften wir noch auf die versprochene Durchf\u00fchrung aller Fl\u00fcge bis November.<\/span><\/p>\n<p style=\"text-align: center;\"><span style=\"font-family: arial, helvetica, sans-serif; font-size: 12pt;\">Aber schnell stellte sich heraus, dass bereits erheblich fr\u00fcher Schluss sein wird.<\/span><\/p>\n<p style=\"text-align: center;\"><span style=\"font-family: arial, helvetica, sans-serif; font-size: 12pt;\">Angesichts der Tatsache, dass wir Mietwagen, Unterk\u00fcnfte und Hawaiian Air Fl\u00fcge\u00a0 bereits bezahlt hatten, <\/span><\/p>\n<p style=\"text-align: center;\"><span style=\"font-family: arial, helvetica, sans-serif; font-size: 12pt;\">hielten wir es f\u00fcr unausweichlich, uns um alternative Fl\u00fcge zu k\u00fcmmern.<\/span><\/p>\n<p style=\"text-align: center;\"><span style=\"font-family: arial, helvetica, sans-serif; font-size: 12pt;\">Gl\u00fccklicherweise konnten wir g\u00fcnstige San Francisco Fl\u00fcge finden.<\/span><\/p>\n<p style=\"text-align: center;\"><span style=\"font-family: arial, helvetica, sans-serif; font-size: 12pt;\">Hin mit KLM \u00fcber Amsterdam, retour \u00fcber Paris mit Air France.<\/span><\/p>\n<p style=\"text-align: center;\"><span style=\"font-family: arial, helvetica, sans-serif; font-size: 12pt;\">Also noch mal Gl\u00fcck gehabt, wenn man vom finanziellen Verlust <\/span><\/p>\n<p style=\"text-align: center;\"><span style=\"font-family: arial, helvetica, sans-serif; font-size: 12pt;\">der in der Insolvenzmasse verschwindenden AB-Tickets absieht.<\/span><\/p>\n<p style=\"text-align: center;\"><span style=\"font-family: arial, helvetica, sans-serif; font-size: 12pt;\">\u00a0<\/span><\/p>\n<p style=\"text-align: center;\"><span style=\"font-family: arial, helvetica, sans-serif; font-size: 12pt;\">\u00a0<\/span><\/p>\n<p style=\"text-align: center;\"><span style=\"font-size: 14pt;\"><strong><span style=\"font-family: arial, helvetica, sans-serif;\">Dienstag, 26.9. <\/span><\/strong><\/span><\/p>\n<p style=\"text-align: center;\"><span style=\"font-size: 14pt;\"><strong><span style=\"font-family: arial, helvetica, sans-serif;\">Vorabend<\/span><\/strong><\/span><\/p>\n<p style=\"text-align: center;\"><span style=\"font-family: arial, helvetica, sans-serif; font-size: 12pt;\">\u00a0<\/span><\/p>\n<p style=\"text-align: center;\"><span style=\"font-family: arial, helvetica, sans-serif; font-size: 12pt;\">Den Online Check In f\u00fcr unseren 6 Uhr KLM-Flug von Berlin nach Amsterdam <\/span><\/p>\n<p style=\"text-align: center;\"><span style=\"font-family: arial, helvetica, sans-serif; font-size: 12pt;\">kann ich fr\u00fch um f\u00fcnf vor dem Weg zur Arbeit erledigen.<\/span><\/p>\n<p style=\"text-align: center;\"><span style=\"font-family: arial, helvetica, sans-serif; font-size: 12pt;\">Abends wird gepackt.<\/span><\/p>\n<p style=\"text-align: center;\"><span style=\"font-family: arial, helvetica, sans-serif; font-size: 12pt;\">Wir sind inzwischen Weltmeister im Beschr\u00e4nken.<\/span><\/p>\n<p style=\"text-align: center;\"><span style=\"font-family: arial, helvetica, sans-serif; font-size: 12pt;\">Beide fertig gepackten Kabinentrolleys wiegen jeweils 7 kg.<\/span><\/p>\n<p style=\"text-align: center;\"><span style=\"font-family: arial, helvetica, sans-serif; font-size: 12pt;\">F\u00fcr Urlaub auf Hawaii brauchen wir nicht viel und reisen ausschlie\u00dflich mit Handgep\u00e4ck.<\/span><\/p>\n<p style=\"text-align: center;\"><span style=\"font-family: arial, helvetica, sans-serif; font-size: 12pt;\">Z\u00e4hneputzen, pullern, ab ins Bett \u2026<\/span><\/p>\n<p style=\"text-align: center;\"><span style=\"font-family: arial, helvetica, sans-serif; font-size: 12pt;\">\u00a0<\/span><\/p>\n<p style=\"text-align: center;\"><img decoding=\"async\" class=\" size-full wp-image-9647\" title=\"Kauai &amp; Oahu\" src=\"https:\/\/welcome-ontour.de\/wordpress\/wp-content\/uploads\/2020\/05\/phoca_thumb_l_2017-09-26-02-hangloose.jpg\" width=\"280\" height=\"189\" srcset=\"https:\/\/welcome-ontour.de\/wordpress\/wp-content\/uploads\/2020\/05\/phoca_thumb_l_2017-09-26-02-hangloose.jpg 400w, https:\/\/welcome-ontour.de\/wordpress\/wp-content\/uploads\/2020\/05\/phoca_thumb_l_2017-09-26-02-hangloose-300x203.jpg 300w\" sizes=\"(max-width: 280px) 100vw, 280px\" \/><\/p>\n<p style=\"text-align: center;\"><span style=\"font-family: arial, helvetica, sans-serif; font-size: 12pt;\">\u00a0<\/span><\/p>\n<p style=\"text-align: center;\"><span style=\"font-family: arial, helvetica, sans-serif; font-size: 10pt;\"><a href=\"https:\/\/welcome-ontour.de\/wordpress\/index.php\/reiseberichte\/\">&lt; Reiseberichte<\/a>\u00a0 \u00a0 \u00a0 \u00a0 \u00a0 \u00a0 \u00a0 \u00a0 \u00a0 \u00a0 \u00a0 \u00a0 \u00a0 \u00a0 \u00a0 \u00a0 \u00a0 \u00a0 \u00a0 \u00a0 \u00a0 \u00a0 \u00a0 \u00a0 \u00a0 \u00a0 \u00a0 \u00a0 \u00a0 \u00a0 \u00a0 \u00a0 \u00a0 \u00a0 \u00a0 \u00a0 \u00a0 \u00a0 \u00a0 \u00a0 \u00a0 \u00a0 \u00a0 \u00a0 \u00a0 \u00a0 \u00a0 \u00a0 \u00a0 \u00a0 \u00a0 \u00a0 \u00a0 \u00a0 \u00a0 \u00a0 \u00a0 \u00a0 \u00a0 \u00a0 \u00a0 \u00a0 \u00a0 \u00a0 \u00a0 \u00a0 \u00a0 \u00a0 \u00a0 \u00a0 \u00a0 \u00a0 \u00a0 \u00a0 \u00a0 \u00a0 \u00a0 \u00a0 \u00a0 \u00a0 \u00a0 \u00a0 \u00a0 \u00a0 \u00a0 \u00a0 \u00a0 \u00a0 \u00a0 \u00a0 \u00a0 \u00a0<a href=\"https:\/\/welcome-ontour.de\/wordpress\/index.php\/2017-09-27\">weiter &gt;<\/a><\/span><\/p>\n","protected":false},"excerpt":{"rendered":"<p>Prolog \u00a0 \u00a0 \u00a0 Anreise\u00a0 \u00a0 \u00a0 \u00a0 \u00a0 Kauai \u00a0 \u00a0 \u00a0 \u00a0 Oahu\u00a0 \u00a0 \u00a0 \u00a0 \u00a0 R\u00fcckreise \u00a0 \u00a0 \u00a0 \u00a0 Fazit &lt; Reiseberichte\u00a0 \u00a0 \u00a0 \u00a0 \u00a0 \u00a0 \u00a0 \u00a0 \u00a0 \u00a0 \u00a0 \u00a0 \u00a0 \u00a0 \u00a0 \u00a0 \u00a0 \u00a0 \u00a0 \u00a0 \u00a0 \u00a0 \u00a0 \u00a0 \u00a0 \u00a0 \u00a0 \u00a0 \u00a0 \u00a0 \u00a0 \u00a0 \u00a0 \u00a0 \u00a0 \u00a0 \u00a0 \u00a0 \u00a0 \u00a0 \u00a0 \u00a0 \u00a0 \u00a0 \u00a0 \u00a0 \u00a0 \u00a0 \u00a0 \u00a0 \u00a0 \u00a0 \u00a0 \u00a0 \u00a0 \u00a0 \u00a0 \u00a0 \u00a0 \u00a0 \u00a0 \u00a0 \u00a0 \u00a0 \u00a0 \u00a0 \u00a0 \u00a0 \u00a0 \u00a0 \u00a0 \u00a0 \u00a0 \u00a0 \u00a0 \u00a0 \u00a0 \u00a0 \u00a0 \u00a0 \u00a0 \u00a0 \u00a0 \u00a0 \u00a0 \u00a0 \u00a0 \u00a0 \u00a0 \u00a0 \u00a0 \u00a0weiter &gt; Use Your Illusion \u00a0 Hawaii 2017 \u00a0 \u00a0 Prolog \u00a0 Weihnachten 2016 ist klar, dass wir beide im September 2017 drei Wochen Urlaub bekommen k\u00f6nnen. Air Berlin hat seit kurzem Nonstop Fl\u00fcge nach San Francisco im Angebot und f\u00fcr superg\u00fcnstige 500 Euro pro Person bekommen wir Tickets. \u00dcber unsere gesammelten Meilen k\u00f6nnen wir Hin- und R\u00fcckfl\u00fcge in die Business-Class upgraden. Die Topbonus Konten sind danach leer, wir happy. Erst im Anschluss stellen wir uns die Frage, was wir von San Francisco aus unternehmen wollen. Nach Nordkalifornien und Oregon oder lieber eine Hiking Tour bis r\u00fcber nach Utah\/Nevada? Im Januar nimmt uns eine Newsletter Email mit einer kurzfristigen Offerte von Hawaiian Air die Entscheidung ab.\u00a0Viel \u00dcberredungskraft hat es nicht bedurft. Fl\u00fcge von San Francisco nach Honolulu und zur\u00fcck im komfortablen Airbus A330 und zwei kurze Inselfl\u00fcge in der kleinen Boeing 717 gab es als Paket f\u00fcr 450 Dollar pro Person. Wir lieben Kauai, deswegen werden wir dort l\u00e4nger bleiben als auf unserem zweiten Reiseziel Oahu. Erholung soll im Vordergrund stehen. Darum verordnen wir uns auf Hin- und R\u00fcckflug eine Zwischen\u00fcbernachtung in San Francisco. Im Mai sind auch Unterk\u00fcnfte und Mietwagen in Sack und T\u00fcten. Lediglich noch vier Monate abwarten, dann kann es losgehen. Leider, leider, leider \u2026 \u2026 hat Mitte August 2017 unsere Stamm-Fluggesellschaft Air Berlin Insolvenz angemeldet. Anfangs hofften wir noch auf die versprochene Durchf\u00fchrung aller Fl\u00fcge bis November. Aber schnell stellte sich heraus, dass bereits erheblich fr\u00fcher Schluss sein wird. Angesichts der Tatsache, dass wir Mietwagen, Unterk\u00fcnfte und Hawaiian Air Fl\u00fcge\u00a0 bereits bezahlt hatten, hielten wir es f\u00fcr unausweichlich, uns um alternative Fl\u00fcge zu k\u00fcmmern. Gl\u00fccklicherweise konnten wir g\u00fcnstige San Francisco Fl\u00fcge finden. Hin mit KLM \u00fcber Amsterdam, retour \u00fcber Paris mit Air France. Also noch mal Gl\u00fcck gehabt, wenn man vom finanziellen Verlust der in der Insolvenzmasse verschwindenden AB-Tickets absieht. \u00a0 \u00a0 Dienstag, 26.9. Vorabend \u00a0 Den Online Check In f\u00fcr unseren 6 Uhr KLM-Flug von Berlin nach Amsterdam kann ich fr\u00fch um f\u00fcnf vor dem Weg zur Arbeit erledigen. Abends wird gepackt. Wir sind inzwischen Weltmeister im Beschr\u00e4nken. Beide fertig gepackten Kabinentrolleys wiegen jeweils 7 kg. F\u00fcr Urlaub auf Hawaii brauchen wir nicht viel und reisen ausschlie\u00dflich mit Handgep\u00e4ck. Z\u00e4hneputzen, pullern, ab ins Bett \u2026 \u00a0 \u00a0 &lt; Reiseberichte\u00a0 \u00a0 \u00a0 \u00a0 \u00a0 \u00a0 \u00a0 \u00a0 \u00a0 \u00a0 \u00a0 \u00a0 \u00a0 \u00a0 \u00a0 \u00a0 \u00a0 \u00a0 \u00a0 \u00a0 \u00a0 \u00a0 \u00a0 \u00a0 \u00a0 \u00a0 \u00a0 \u00a0 \u00a0 \u00a0 \u00a0 \u00a0 \u00a0 \u00a0 \u00a0 \u00a0 \u00a0 \u00a0 \u00a0 \u00a0 \u00a0 \u00a0 \u00a0 \u00a0 \u00a0 \u00a0 \u00a0 \u00a0 \u00a0 \u00a0 \u00a0 \u00a0 \u00a0 \u00a0 \u00a0 \u00a0 \u00a0 \u00a0 \u00a0 \u00a0 \u00a0 \u00a0 \u00a0 \u00a0 \u00a0 \u00a0 \u00a0 \u00a0 \u00a0 \u00a0 \u00a0 \u00a0 \u00a0 \u00a0 \u00a0 \u00a0 \u00a0 \u00a0 \u00a0 \u00a0 \u00a0 \u00a0 \u00a0 \u00a0 \u00a0 \u00a0 \u00a0 \u00a0 \u00a0 \u00a0 \u00a0 \u00a0weiter &gt;<\/p>\n","protected":false},"author":1,"featured_media":9646,"parent":0,"menu_order":22,"comment_status":"closed","ping_status":"closed","template":"","meta":{"footnotes":""},"class_list":["post-9648","page","type-page","status-publish","has-post-thumbnail","hentry"],"_links":{"self":[{"href":"https:\/\/welcome-ontour.de\/wordpress\/index.php\/wp-json\/wp\/v2\/pages\/9648","targetHints":{"allow":["GET"]}}],"collection":[{"href":"https:\/\/welcome-ontour.de\/wordpress\/index.php\/wp-json\/wp\/v2\/pages"}],"about":[{"href":"https:\/\/welcome-ontour.de\/wordpress\/index.php\/wp-json\/wp\/v2\/types\/page"}],"author":[{"embeddable":true,"href":"https:\/\/welcome-ontour.de\/wordpress\/index.php\/wp-json\/wp\/v2\/users\/1"}],"replies":[{"embeddable":true,"href":"https:\/\/welcome-ontour.de\/wordpress\/index.php\/wp-json\/wp\/v2\/comments?post=9648"}],"version-history":[{"count":3,"href":"https:\/\/welcome-ontour.de\/wordpress\/index.php\/wp-json\/wp\/v2\/pages\/9648\/revisions"}],"predecessor-version":[{"id":17100,"href":"https:\/\/welcome-ontour.de\/wordpress\/index.php\/wp-json\/wp\/v2\/pages\/9648\/revisions\/17100"}],"wp:featuredmedia":[{"embeddable":true,"href":"https:\/\/welcome-ontour.de\/wordpress\/index.php\/wp-json\/wp\/v2\/media\/9646"}],"wp:attachment":[{"href":"https:\/\/welcome-ontour.de\/wordpress\/index.php\/wp-json\/wp\/v2\/media?parent=9648"}],"curies":[{"name":"wp","href":"https:\/\/api.w.org\/{rel}","templated":true}]}}