{"id":9645,"date":"2018-01-13T09:20:44","date_gmt":"2018-01-13T09:20:44","guid":{"rendered":"https:\/\/welcome-ontour.de\/wordpress\/index.php\/2017-03-19-fazit\/"},"modified":"2022-06-30T23:06:16","modified_gmt":"2022-06-30T23:06:16","slug":"2017-03-19-fazit","status":"publish","type":"page","link":"https:\/\/welcome-ontour.de\/wordpress\/index.php\/2017-03-19-fazit\/","title":{"rendered":"2017 03 19 fazit"},"content":{"rendered":"<p style=\"text-align: center;\"><span style=\"font-size: 8pt; font-family: arial, helvetica, sans-serif;\"><a href=\"https:\/\/welcome-ontour.de\/wordpress\/index.php\/2017-03-10-prolog\/\">Prolog<\/a> \u00a0 \u00a0 \u00a0 \u00a0<a href=\"https:\/\/welcome-ontour.de\/wordpress\/index.php\/2017-03-11\">Anreise<\/a>\u00a0 \u00a0 \u00a0 \u00a0 \u00a0\u00a0<a href=\"https:\/\/welcome-ontour.de\/wordpress\/index.php\/2017-03-12\">Beach<\/a>\u00a0 \u00a0 \u00a0 \u00a0 \u00a0\u00a0<a href=\"https:\/\/welcome-ontour.de\/wordpress\/index.php\/2017-03-13\">Los Gigantos<\/a>\u00a0 \u00a0 \u00a0 \u00a0 \u00a0<a href=\"https:\/\/welcome-ontour.de\/wordpress\/index.php\/2017-03-14\">Masca<\/a>\u00a0 \u00a0 \u00a0 \u00a0 \u00a0\u00a0<a href=\"https:\/\/welcome-ontour.de\/wordpress\/index.php\/2017-03-15\">Barranco Del Inferno<\/a>\u00a0 \u00a0 \u00a0 \u00a0 \u00a0\u00a0<a href=\"https:\/\/welcome-ontour.de\/wordpress\/index.php\/2017-03-16\">Duque<\/a>\u00a0 \u00a0 \u00a0 \u00a0 \u00a0\u00a0<a href=\"https:\/\/welcome-ontour.de\/wordpress\/index.php\/2017-03-17\">Beach<\/a>\u00a0 \u00a0 \u00a0 \u00a0 \u00a0\u00a0<a href=\"https:\/\/welcome-ontour.de\/wordpress\/index.php\/2017-03-18\">R\u00fcckreise<\/a>\u00a0 \u00a0 \u00a0 \u00a0 \u00a0\u00a0<a href=\"https:\/\/welcome-ontour.de\/wordpress\/index.php\/2017-03-19\">Fazit<\/a><\/span><\/p>\n<p style=\"text-align: center;\"><span style=\"font-size: 10pt; font-family: arial, helvetica, sans-serif;\"><a href=\"https:\/\/welcome-ontour.de\/wordpress\/index.php\/2017-03-18\">&lt; zur\u00fcck<\/a>\u00a0 \u00a0 \u00a0 \u00a0 \u00a0 \u00a0 \u00a0 \u00a0 \u00a0 \u00a0 \u00a0 \u00a0 \u00a0 \u00a0 \u00a0 \u00a0 \u00a0 \u00a0 \u00a0 \u00a0 \u00a0 \u00a0 \u00a0 \u00a0 \u00a0 \u00a0 \u00a0 \u00a0 \u00a0 \u00a0 \u00a0 \u00a0 \u00a0 \u00a0 \u00a0 \u00a0 \u00a0 \u00a0 \u00a0 \u00a0 \u00a0 \u00a0 \u00a0 \u00a0 \u00a0 \u00a0 \u00a0 \u00a0 \u00a0 \u00a0 \u00a0 \u00a0 \u00a0 \u00a0 \u00a0 \u00a0 \u00a0 \u00a0 \u00a0 \u00a0 \u00a0 \u00a0 \u00a0 \u00a0 \u00a0 \u00a0 \u00a0 \u00a0 \u00a0 \u00a0 \u00a0 \u00a0 \u00a0 \u00a0 \u00a0 \u00a0 \u00a0 \u00a0 \u00a0 \u00a0 \u00a0 \u00a0 \u00a0 \u00a0 \u00a0 \u00a0 \u00a0 \u00a0 \u00a0 \u00a0 \u00a0 \u00a0<a href=\"https:\/\/welcome-ontour.de\/wordpress\/index.php\/reiseberichte\/\">Reiseberichte &gt;<\/a><\/span><\/p>\n<p style=\"text-align: center;\"><span style=\"font-size: 14pt;\"><strong><span style=\"font-family: arial, helvetica, sans-serif;\">Fazit<\/span><\/strong><\/span><\/p>\n<p style=\"text-align: center;\"><span style=\"font-size: 12pt; font-family: arial, helvetica, sans-serif;\">\u00a0<\/span><\/p>\n<p style=\"text-align: center;\"><span style=\"font-size: 12pt; font-family: arial, helvetica, sans-serif;\"><img decoding=\"async\" class=\" size-full wp-image-9643\" title=\"Kanarische Inseln\" src=\"https:\/\/welcome-ontour.de\/wordpress\/wp-content\/uploads\/2018\/01\/phoca_thumb_l_2017-03-19-01-map.jpg\" alt=\"\" width=\"800\" height=\"328\" srcset=\"https:\/\/welcome-ontour.de\/wordpress\/wp-content\/uploads\/2018\/01\/phoca_thumb_l_2017-03-19-01-map.jpg 1006w, https:\/\/welcome-ontour.de\/wordpress\/wp-content\/uploads\/2018\/01\/phoca_thumb_l_2017-03-19-01-map-300x123.jpg 300w, https:\/\/welcome-ontour.de\/wordpress\/wp-content\/uploads\/2018\/01\/phoca_thumb_l_2017-03-19-01-map-768x315.jpg 768w\" sizes=\"(max-width: 800px) 100vw, 800px\" \/><\/span><\/p>\n<p style=\"text-align: center;\"><span style=\"font-size: 12pt; font-family: arial, helvetica, sans-serif;\">\u00a0<\/span><\/p>\n<p style=\"text-align: center;\"><span style=\"font-size: 12pt; font-family: arial, helvetica, sans-serif;\">So eine Erholungswoche auf Teneriffa ist immer ein gutes Argument.<\/span><\/p>\n<p style=\"text-align: center;\"><span style=\"font-size: 12pt; font-family: arial, helvetica, sans-serif;\">Es sind zwar happige f\u00fcnf Stunden Flugzeit, aber daf\u00fcr kann man auch alle Alltagssorgen f\u00fcr sieben Tage hinter sich lassen.<\/span><\/p>\n<p style=\"text-align: center;\"><span style=\"font-size: 12pt; font-family: arial, helvetica, sans-serif;\">Die Insel bietet afrikanisches Klima und g\u00fcnstige Unterhaltskosten.<\/span><\/p>\n<p style=\"text-align: center;\"><span style=\"font-size: 12pt; font-family: arial, helvetica, sans-serif;\">Im Gegensatz zu vielen anderen Urlaubsgegenden kann man hier wirklich noch zu zweit f\u00fcr 25 Euro zu Abend essen.<\/span><\/p>\n<p style=\"text-align: center;\"><span style=\"font-size: 12pt; font-family: arial, helvetica, sans-serif;\">Wir sind uns einig, dass wir nach M\u00f6glichkeit irgendwann nochmal so eine Woche einlegen werden.<\/span><\/p>\n<p style=\"text-align: center;\"><span style=\"font-size: 12pt; font-family: arial, helvetica, sans-serif;\">Strand, wandern, essen und W\u00e4rme, vielmehr muss es gar nicht sein.<\/span><\/p>\n<p style=\"text-align: center;\"><span style=\"font-size: 12pt; font-family: arial, helvetica, sans-serif;\">So wie es aussieht, waren das die letzten Air Berlin Fl\u00fcge innerhalb Europas.<\/span><\/p>\n<p style=\"text-align: center;\"><span style=\"font-size: 12pt; font-family: arial, helvetica, sans-serif;\">Die Airline hat sich vom Ferienfliegergesch\u00e4ft verabschiedet.<\/span><\/p>\n<p style=\"text-align: center;\"><span style=\"font-size: 12pt; font-family: arial, helvetica, sans-serif;\">Ab Mai 2017 soll Niki diese Linien \u00fcbernehmen.<\/span><\/p>\n<p style=\"text-align: center;\"><span style=\"font-size: 12pt; font-family: arial, helvetica, sans-serif;\">Wie es klappt? Wir werden es sehen.<\/span><\/p>\n<p style=\"text-align: center;\"><span style=\"font-size: 12pt; font-family: arial, helvetica, sans-serif;\">Auch dieses Mal waren wir mit Air Berlin rundum zufrieden.<\/span><\/p>\n<p style=\"text-align: center;\"><span style=\"font-size: 12pt; font-family: arial, helvetica, sans-serif;\">P\u00fcnktlich, bequem, g\u00fcnstig und mit der Streikpause hatten wir ausgesprochenes Gl\u00fcck.<\/span><\/p>\n<p style=\"text-align: center;\"><span style=\"font-size: 12pt; font-family: arial, helvetica, sans-serif;\">Gl\u00fcck, welches uns auch beim Wetter wohlgesonnen war.<\/span><\/p>\n<p style=\"text-align: center;\"><span style=\"font-size: 12pt; font-family: arial, helvetica, sans-serif;\">Mit Ausnahme der beiden Wandertage war es immer \u00fcber 30\u00b0 und sonnig.<\/span><\/p>\n<p style=\"text-align: center;\"><span style=\"font-size: 12pt; font-family: arial, helvetica, sans-serif;\">W\u00e4hrend es auf dem Rest der Insel oft regnete, schien im S\u00fcden die Sonne.<\/span><\/p>\n<p style=\"text-align: center;\"><span style=\"font-size: 12pt; font-family: arial, helvetica, sans-serif;\">Hoteltechnisch wollten wir eine Unterkunft in Strandn\u00e4he.<\/span><\/p>\n<p style=\"text-align: center;\"><span style=\"font-size: 12pt; font-family: arial, helvetica, sans-serif;\">Einfach, um nur mit Zimmerkarte und ein wenig Bargeld unbeschwert am Strand liegen zu k\u00f6nnen.<\/span><\/p>\n<p style=\"text-align: center;\"><span style=\"font-size: 12pt; font-family: arial, helvetica, sans-serif;\">Ohne Angst um Geldb\u00f6rse, Autoschl\u00fcssel oder Dokumente zu haben.<\/span><\/p>\n<p style=\"text-align: center;\"><span style=\"font-size: 12pt; font-family: arial, helvetica, sans-serif;\">Das 5 sternige Mare Nostrum Resort sah vielversprechend aus und hatte diverse gute Bewertungen.<\/span><\/p>\n<p style=\"text-align: center;\"><span style=\"font-size: 12pt; font-family: arial, helvetica, sans-serif;\">Die \u00f6ffentlichen Bereiche und Au\u00dfenanlagen waren auch luxuri\u00f6s.<\/span><\/p>\n<p style=\"text-align: center;\"><span style=\"font-size: 12pt; font-family: arial, helvetica, sans-serif;\">Unser Zimmer jedoch eher guter Standard.<\/span><\/p>\n<p style=\"text-align: center;\"><span style=\"font-size: 12pt; font-family: arial, helvetica, sans-serif;\">Als Pauschalreise mit Flug und Halbpension war es f\u00fcr eine Woche nicht unter 1000 Euro pro Person zu haben.<\/span><\/p>\n<p style=\"text-align: center;\"><span style=\"font-size: 12pt; font-family: arial, helvetica, sans-serif;\">Wir haben das Hotel bei Dertour mit Fr\u00fchst\u00fcck und eigener Anreise gebucht und sind dabei besser gefahren.<\/span><\/p>\n<p style=\"text-align: center;\"><span style=\"font-size: 12pt; font-family: arial, helvetica, sans-serif;\">Apropos gefahren. Der Kia Sportage hat uns wunderbar bequem zu unseren Zielen gebracht.<\/span><\/p>\n<p style=\"text-align: center;\"><span style=\"font-size: 12pt; font-family: arial, helvetica, sans-serif;\">Klar reicht f\u00fcr so einen Urlaub auch ein Kleinwagen.<\/span><\/p>\n<p style=\"text-align: center;\"><span style=\"font-size: 12pt; font-family: arial, helvetica, sans-serif;\">Aber komfortables Ein- und Aussteigen, viel Platz und die erh\u00f6hte Sitzposition waren uns die Mehrkosten wert.<\/span><\/p>\n<p style=\"text-align: center;\"><span style=\"font-size: 12pt; font-family: arial, helvetica, sans-serif;\">Dass wir ein Auto mit Panoramadach erhielten, war dann wieder unser \u00fcbliches Gl\u00fcck.<\/span><\/p>\n<p style=\"text-align: center;\"><span style=\"font-size: 12pt; font-family: arial, helvetica, sans-serif;\">\u00a0<\/span><\/p>\n<p style=\"text-align: center;\"><span style=\"font-size: 12pt; font-family: arial, helvetica, sans-serif;\">Zahlen<\/span><\/p>\n<p style=\"text-align: center;\"><span style=\"font-size: 12pt; font-family: arial, helvetica, sans-serif;\">\u00a0<\/span><\/p>\n<p style=\"text-align: center;\"><span style=\"font-size: 12pt; font-family: arial, helvetica, sans-serif;\">Wie immer bei uns zum Schluss die Antwort auf die Frage nach den Kosten.<\/span><\/p>\n<p style=\"text-align: center;\"><span style=\"font-size: 12pt; font-family: arial, helvetica, sans-serif;\">Die Fl\u00fcge haben wir auf der Air Berlin Homepage im Dezember 2016 f\u00fcr 180 Euro pro Person gebucht.<\/span><\/p>\n<p style=\"text-align: center;\"><span style=\"font-size: 12pt; font-family: arial, helvetica, sans-serif;\">Das Hotelzimmer gab es bei Dertour als Angebot mit Fr\u00fchst\u00fcck f\u00fcr 900 Euro.<\/span><\/p>\n<p style=\"text-align: center;\"><span style=\"font-size: 12pt; font-family: arial, helvetica, sans-serif;\">Der Aufpreis f\u00fcr Halbpension h\u00e4tte f\u00fcr zwei Personen bei rund 500 Euro gelegen.<\/span><\/p>\n<p style=\"text-align: center;\"><span style=\"font-size: 12pt; font-family: arial, helvetica, sans-serif;\">Da haben wir uns gedacht, dass wir f\u00fcr 70 Euro pro Abend gut im Restaurant essen k\u00f6nnen.<\/span><\/p>\n<p style=\"text-align: center;\"><span style=\"font-size: 12pt; font-family: arial, helvetica, sans-serif;\">Hat auch wunderbar geklappt.\u00a0<\/span><span style=\"font-size: 12pt; font-family: arial, helvetica, sans-serif;\">F\u00fcr unsere \u00fcppigen Abendessen haben wir 35 bis 40 Euro hingebl\u00e4ttert, <\/span><\/p>\n<p style=\"text-align: center;\"><span style=\"font-size: 12pt; font-family: arial, helvetica, sans-serif;\">inklusive Getr\u00e4nke, Vor- und Nachspeise und Trinkgeld.<\/span><\/p>\n<p style=\"text-align: center;\"><span style=\"font-size: 12pt; font-family: arial, helvetica, sans-serif;\">Das Auto gab als Offerte bei sunnycars.<\/span><\/p>\n<p style=\"text-align: center;\"><span style=\"font-size: 12pt; font-family: arial, helvetica, sans-serif;\">Abz\u00fcglich aller auffindbaren Discounts haben wir f\u00fcr die Woche 182 Euro bezahlt.<\/span><\/p>\n<p style=\"text-align: center;\"><span style=\"font-size: 12pt; font-family: arial, helvetica, sans-serif;\">Die Entscheidung, einen SUV zu w\u00e4hlen haben wir zu keiner Zeit bereut.<\/span><\/p>\n<p style=\"text-align: center;\"><span style=\"font-size: 12pt; font-family: arial, helvetica, sans-serif;\">\u00a0<\/span><\/p>\n<p style=\"text-align: center;\"><span style=\"font-size: 12pt; font-family: arial, helvetica, sans-serif;\">Gut erholt sind wir nach einer Woche wieder in den Flieger gestiegen.<\/span><\/p>\n<p style=\"text-align: center;\"><span style=\"font-size: 12pt; font-family: arial, helvetica, sans-serif;\">Acht Tage Sommer und Sonne haben uns beiden gut getan.<\/span><\/p>\n<p style=\"text-align: center;\"><span style=\"font-size: 12pt; font-family: arial, helvetica, sans-serif;\">In diesem Sinne, bis zum n\u00e4chsten Mal und<\/span><\/p>\n<p style=\"text-align: center;\"><span style=\"font-size: 12pt; font-family: arial, helvetica, sans-serif;\">macht\u2019s gut Leute.<\/span><\/p>\n<p style=\"text-align: center;\"><span style=\"font-size: 12pt; font-family: arial, helvetica, sans-serif;\">\u00a0<\/span><\/p>\n<p style=\"text-align: center;\"><span style=\"font-size: 12pt; font-family: arial, helvetica, sans-serif;\"><img decoding=\"async\" class=\" size-full wp-image-9644\" title=\"Macht's gut Leute\" src=\"https:\/\/welcome-ontour.de\/wordpress\/wp-content\/uploads\/2018\/01\/phoca_thumb_l_2017-03-19-02-3217.jpg\" width=\"600\" height=\"339\" srcset=\"https:\/\/welcome-ontour.de\/wordpress\/wp-content\/uploads\/2018\/01\/phoca_thumb_l_2017-03-19-02-3217.jpg 1006w, https:\/\/welcome-ontour.de\/wordpress\/wp-content\/uploads\/2018\/01\/phoca_thumb_l_2017-03-19-02-3217-300x170.jpg 300w, https:\/\/welcome-ontour.de\/wordpress\/wp-content\/uploads\/2018\/01\/phoca_thumb_l_2017-03-19-02-3217-768x434.jpg 768w\" sizes=\"(max-width: 600px) 100vw, 600px\" \/><\/span><\/p>\n<p style=\"text-align: center;\"><span style=\"font-size: 10pt; font-family: arial, helvetica, sans-serif;\"><a href=\"https:\/\/welcome-ontour.de\/wordpress\/index.php\/2017-03-18\">&lt; zur\u00fcck<\/a>\u00a0 \u00a0 \u00a0 \u00a0 \u00a0 \u00a0 \u00a0 \u00a0 \u00a0 \u00a0 \u00a0 \u00a0 \u00a0 \u00a0 \u00a0 \u00a0 \u00a0 \u00a0 \u00a0 \u00a0 \u00a0 \u00a0 \u00a0 \u00a0 \u00a0 \u00a0 \u00a0 \u00a0 \u00a0 \u00a0 \u00a0 \u00a0 \u00a0 \u00a0 \u00a0 \u00a0 \u00a0 \u00a0 \u00a0 \u00a0 \u00a0 \u00a0 \u00a0 \u00a0 \u00a0 \u00a0 \u00a0 \u00a0 \u00a0 \u00a0 \u00a0 \u00a0 \u00a0 \u00a0 \u00a0 \u00a0 \u00a0 \u00a0 \u00a0 \u00a0 \u00a0 \u00a0 \u00a0 \u00a0 \u00a0 \u00a0 \u00a0 \u00a0 \u00a0 \u00a0 \u00a0 \u00a0 \u00a0 \u00a0 \u00a0 \u00a0 \u00a0 \u00a0 \u00a0 \u00a0 \u00a0 \u00a0 \u00a0 \u00a0 \u00a0 \u00a0 \u00a0 \u00a0 \u00a0 \u00a0 \u00a0 \u00a0<a href=\"https:\/\/welcome-ontour.de\/wordpress\/index.php\/reiseberichte\/\">Reiseberichte &gt;<\/a><\/span><\/p>\n","protected":false},"excerpt":{"rendered":"<p>Prolog \u00a0 \u00a0 \u00a0 \u00a0Anreise\u00a0 \u00a0 \u00a0 \u00a0 \u00a0\u00a0Beach\u00a0 \u00a0 \u00a0 \u00a0 \u00a0\u00a0Los Gigantos\u00a0 \u00a0 \u00a0 \u00a0 \u00a0Masca\u00a0 \u00a0 \u00a0 \u00a0 \u00a0\u00a0Barranco Del Inferno\u00a0 \u00a0 \u00a0 \u00a0 \u00a0\u00a0Duque\u00a0 \u00a0 \u00a0 \u00a0 \u00a0\u00a0Beach\u00a0 \u00a0 \u00a0 \u00a0 \u00a0\u00a0R\u00fcckreise\u00a0 \u00a0 \u00a0 \u00a0 \u00a0\u00a0Fazit &lt; zur\u00fcck\u00a0 \u00a0 \u00a0 \u00a0 \u00a0 \u00a0 \u00a0 \u00a0 \u00a0 \u00a0 \u00a0 \u00a0 \u00a0 \u00a0 \u00a0 \u00a0 \u00a0 \u00a0 \u00a0 \u00a0 \u00a0 \u00a0 \u00a0 \u00a0 \u00a0 \u00a0 \u00a0 \u00a0 \u00a0 \u00a0 \u00a0 \u00a0 \u00a0 \u00a0 \u00a0 \u00a0 \u00a0 \u00a0 \u00a0 \u00a0 \u00a0 \u00a0 \u00a0 \u00a0 \u00a0 \u00a0 \u00a0 \u00a0 \u00a0 \u00a0 \u00a0 \u00a0 \u00a0 \u00a0 \u00a0 \u00a0 \u00a0 \u00a0 \u00a0 \u00a0 \u00a0 \u00a0 \u00a0 \u00a0 \u00a0 \u00a0 \u00a0 \u00a0 \u00a0 \u00a0 \u00a0 \u00a0 \u00a0 \u00a0 \u00a0 \u00a0 \u00a0 \u00a0 \u00a0 \u00a0 \u00a0 \u00a0 \u00a0 \u00a0 \u00a0 \u00a0 \u00a0 \u00a0 \u00a0 \u00a0 \u00a0 \u00a0Reiseberichte &gt; Fazit \u00a0 \u00a0 So eine Erholungswoche auf Teneriffa ist immer ein gutes Argument. Es sind zwar happige f\u00fcnf Stunden Flugzeit, aber daf\u00fcr kann man auch alle Alltagssorgen f\u00fcr sieben Tage hinter sich lassen. Die Insel bietet afrikanisches Klima und g\u00fcnstige Unterhaltskosten. Im Gegensatz zu vielen anderen Urlaubsgegenden kann man hier wirklich noch zu zweit f\u00fcr 25 Euro zu Abend essen. Wir sind uns einig, dass wir nach M\u00f6glichkeit irgendwann nochmal so eine Woche einlegen werden. Strand, wandern, essen und W\u00e4rme, vielmehr muss es gar nicht sein. So wie es aussieht, waren das die letzten Air Berlin Fl\u00fcge innerhalb Europas. Die Airline hat sich vom Ferienfliegergesch\u00e4ft verabschiedet. Ab Mai 2017 soll Niki diese Linien \u00fcbernehmen. Wie es klappt? Wir werden es sehen. Auch dieses Mal waren wir mit Air Berlin rundum zufrieden. P\u00fcnktlich, bequem, g\u00fcnstig und mit der Streikpause hatten wir ausgesprochenes Gl\u00fcck. Gl\u00fcck, welches uns auch beim Wetter wohlgesonnen war. Mit Ausnahme der beiden Wandertage war es immer \u00fcber 30\u00b0 und sonnig. W\u00e4hrend es auf dem Rest der Insel oft regnete, schien im S\u00fcden die Sonne. Hoteltechnisch wollten wir eine Unterkunft in Strandn\u00e4he. Einfach, um nur mit Zimmerkarte und ein wenig Bargeld unbeschwert am Strand liegen zu k\u00f6nnen. Ohne Angst um Geldb\u00f6rse, Autoschl\u00fcssel oder Dokumente zu haben. Das 5 sternige Mare Nostrum Resort sah vielversprechend aus und hatte diverse gute Bewertungen. Die \u00f6ffentlichen Bereiche und Au\u00dfenanlagen waren auch luxuri\u00f6s. Unser Zimmer jedoch eher guter Standard. Als Pauschalreise mit Flug und Halbpension war es f\u00fcr eine Woche nicht unter 1000 Euro pro Person zu haben. Wir haben das Hotel bei Dertour mit Fr\u00fchst\u00fcck und eigener Anreise gebucht und sind dabei besser gefahren. Apropos gefahren. Der Kia Sportage hat uns wunderbar bequem zu unseren Zielen gebracht. Klar reicht f\u00fcr so einen Urlaub auch ein Kleinwagen. Aber komfortables Ein- und Aussteigen, viel Platz und die erh\u00f6hte Sitzposition waren uns die Mehrkosten wert. Dass wir ein Auto mit Panoramadach erhielten, war dann wieder unser \u00fcbliches Gl\u00fcck. \u00a0 Zahlen \u00a0 Wie immer bei uns zum Schluss die Antwort auf die Frage nach den Kosten. Die Fl\u00fcge haben wir auf der Air Berlin Homepage im Dezember 2016 f\u00fcr 180 Euro pro Person gebucht. Das Hotelzimmer gab es bei Dertour als Angebot mit Fr\u00fchst\u00fcck f\u00fcr 900 Euro. Der Aufpreis f\u00fcr Halbpension h\u00e4tte f\u00fcr zwei Personen bei rund 500 Euro gelegen. Da haben wir uns gedacht, dass wir f\u00fcr 70 Euro pro Abend gut im Restaurant essen k\u00f6nnen. Hat auch wunderbar geklappt.\u00a0F\u00fcr unsere \u00fcppigen Abendessen haben wir 35 bis 40 Euro hingebl\u00e4ttert, inklusive Getr\u00e4nke, Vor- und Nachspeise und Trinkgeld. Das Auto gab als Offerte bei sunnycars. Abz\u00fcglich aller auffindbaren Discounts haben wir f\u00fcr die Woche 182 Euro bezahlt. Die Entscheidung, einen SUV zu w\u00e4hlen haben wir zu keiner Zeit bereut. \u00a0 Gut erholt sind wir nach einer Woche wieder in den Flieger gestiegen. Acht Tage Sommer und Sonne haben uns beiden gut getan. In diesem Sinne, bis zum n\u00e4chsten Mal und macht\u2019s gut Leute. \u00a0 &lt; zur\u00fcck\u00a0 \u00a0 \u00a0 \u00a0 \u00a0 \u00a0 \u00a0 \u00a0 \u00a0 \u00a0 \u00a0 \u00a0 \u00a0 \u00a0 \u00a0 \u00a0 \u00a0 \u00a0 \u00a0 \u00a0 \u00a0 \u00a0 \u00a0 \u00a0 \u00a0 \u00a0 \u00a0 \u00a0 \u00a0 \u00a0 \u00a0 \u00a0 \u00a0 \u00a0 \u00a0 \u00a0 \u00a0 \u00a0 \u00a0 \u00a0 \u00a0 \u00a0 \u00a0 \u00a0 \u00a0 \u00a0 \u00a0 \u00a0 \u00a0 \u00a0 \u00a0 \u00a0 \u00a0 \u00a0 \u00a0 \u00a0 \u00a0 \u00a0 \u00a0 \u00a0 \u00a0 \u00a0 \u00a0 \u00a0 \u00a0 \u00a0 \u00a0 \u00a0 \u00a0 \u00a0 \u00a0 \u00a0 \u00a0 \u00a0 \u00a0 \u00a0 \u00a0 \u00a0 \u00a0 \u00a0 \u00a0 \u00a0 \u00a0 \u00a0 \u00a0 \u00a0 \u00a0 \u00a0 \u00a0 \u00a0 \u00a0 \u00a0Reiseberichte &gt;<\/p>\n","protected":false},"author":1,"featured_media":9643,"parent":0,"menu_order":0,"comment_status":"closed","ping_status":"closed","template":"","meta":{"footnotes":""},"class_list":["post-9645","page","type-page","status-publish","has-post-thumbnail","hentry"],"_links":{"self":[{"href":"https:\/\/welcome-ontour.de\/wordpress\/index.php\/wp-json\/wp\/v2\/pages\/9645","targetHints":{"allow":["GET"]}}],"collection":[{"href":"https:\/\/welcome-ontour.de\/wordpress\/index.php\/wp-json\/wp\/v2\/pages"}],"about":[{"href":"https:\/\/welcome-ontour.de\/wordpress\/index.php\/wp-json\/wp\/v2\/types\/page"}],"author":[{"embeddable":true,"href":"https:\/\/welcome-ontour.de\/wordpress\/index.php\/wp-json\/wp\/v2\/users\/1"}],"replies":[{"embeddable":true,"href":"https:\/\/welcome-ontour.de\/wordpress\/index.php\/wp-json\/wp\/v2\/comments?post=9645"}],"version-history":[{"count":3,"href":"https:\/\/welcome-ontour.de\/wordpress\/index.php\/wp-json\/wp\/v2\/pages\/9645\/revisions"}],"predecessor-version":[{"id":17145,"href":"https:\/\/welcome-ontour.de\/wordpress\/index.php\/wp-json\/wp\/v2\/pages\/9645\/revisions\/17145"}],"wp:featuredmedia":[{"embeddable":true,"href":"https:\/\/welcome-ontour.de\/wordpress\/index.php\/wp-json\/wp\/v2\/media\/9643"}],"wp:attachment":[{"href":"https:\/\/welcome-ontour.de\/wordpress\/index.php\/wp-json\/wp\/v2\/media?parent=9645"}],"curies":[{"name":"wp","href":"https:\/\/api.w.org\/{rel}","templated":true}]}}