{"id":9642,"date":"2018-01-13T09:20:06","date_gmt":"2018-01-13T09:20:06","guid":{"rendered":"https:\/\/welcome-ontour.de\/wordpress\/index.php\/2017-03-18\/"},"modified":"2022-06-30T23:06:17","modified_gmt":"2022-06-30T23:06:17","slug":"2017-03-18","status":"publish","type":"page","link":"https:\/\/welcome-ontour.de\/wordpress\/index.php\/2017-03-18\/","title":{"rendered":"2017 03 18"},"content":{"rendered":"<p style=\"text-align: center;\"><span style=\"font-size: 8pt; font-family: arial, helvetica, sans-serif;\"><a href=\"https:\/\/welcome-ontour.de\/wordpress\/index.php\/2017-03-10-prolog\/\">Prolog<\/a> \u00a0 \u00a0 \u00a0 \u00a0<a href=\"https:\/\/welcome-ontour.de\/wordpress\/index.php\/2017-03-11\">Anreise<\/a>\u00a0 \u00a0 \u00a0 \u00a0 \u00a0\u00a0<a href=\"https:\/\/welcome-ontour.de\/wordpress\/index.php\/2017-03-12\">Beach<\/a>\u00a0 \u00a0 \u00a0 \u00a0 \u00a0\u00a0<a href=\"https:\/\/welcome-ontour.de\/wordpress\/index.php\/2017-03-13\">Los Gigantos<\/a>\u00a0 \u00a0 \u00a0 \u00a0 \u00a0<a href=\"https:\/\/welcome-ontour.de\/wordpress\/index.php\/2017-03-14\">Masca<\/a>\u00a0 \u00a0 \u00a0 \u00a0 \u00a0\u00a0<a href=\"https:\/\/welcome-ontour.de\/wordpress\/index.php\/2017-03-15\">Barranco Del Inferno<\/a>\u00a0 \u00a0 \u00a0 \u00a0 \u00a0\u00a0<a href=\"https:\/\/welcome-ontour.de\/wordpress\/index.php\/2017-03-16\">Duque<\/a>\u00a0 \u00a0 \u00a0 \u00a0 \u00a0\u00a0<a href=\"https:\/\/welcome-ontour.de\/wordpress\/index.php\/2017-03-17\">Beach<\/a>\u00a0 \u00a0 \u00a0 \u00a0 \u00a0\u00a0<a href=\"https:\/\/welcome-ontour.de\/wordpress\/index.php\/2017-03-18\">R\u00fcckreise<\/a>\u00a0 \u00a0 \u00a0 \u00a0 \u00a0\u00a0<a href=\"https:\/\/welcome-ontour.de\/wordpress\/index.php\/2017-03-19\">Fazit<\/a><\/span><\/p>\n<p style=\"text-align: center;\"><span style=\"font-size: 10pt; font-family: arial, helvetica, sans-serif;\"><a href=\"https:\/\/welcome-ontour.de\/wordpress\/index.php\/2017-03-17\">&lt; zur\u00fcck<\/a>\u00a0 \u00a0 \u00a0 \u00a0 \u00a0 \u00a0 \u00a0 \u00a0 \u00a0 \u00a0 \u00a0 \u00a0 \u00a0 \u00a0 \u00a0 \u00a0 \u00a0 \u00a0 \u00a0 \u00a0 \u00a0 \u00a0 \u00a0 \u00a0 \u00a0 \u00a0 \u00a0 \u00a0 \u00a0 \u00a0 \u00a0 \u00a0 \u00a0 \u00a0 \u00a0 \u00a0 \u00a0 \u00a0 \u00a0 \u00a0 \u00a0 \u00a0 \u00a0 \u00a0 \u00a0 \u00a0 \u00a0 \u00a0 \u00a0 \u00a0 \u00a0 \u00a0 \u00a0 \u00a0 \u00a0 \u00a0 \u00a0 \u00a0 \u00a0 \u00a0 \u00a0 \u00a0 \u00a0 \u00a0 \u00a0 \u00a0 \u00a0 \u00a0 \u00a0 \u00a0 \u00a0 \u00a0 \u00a0 \u00a0 \u00a0 \u00a0 \u00a0 \u00a0 \u00a0 \u00a0 \u00a0 \u00a0 \u00a0 \u00a0 \u00a0 \u00a0 \u00a0 \u00a0 \u00a0 \u00a0 \u00a0 \u00a0 \u00a0 \u00a0 \u00a0<a href=\"https:\/\/welcome-ontour.de\/wordpress\/index.php\/2017-03-19\">weiter &gt;<\/a><\/span><\/p>\n<p style=\"text-align: center;\"><span style=\"font-size: 14pt;\"><strong><span style=\"font-family: arial, helvetica, sans-serif;\">Sa 18.3. <\/span><\/strong><\/span><\/p>\n<p style=\"text-align: center;\"><span style=\"font-size: 14pt;\"><strong><span style=\"font-family: arial, helvetica, sans-serif;\">R\u00fcckreise<\/span><\/strong><\/span><\/p>\n<p style=\"text-align: center;\"><span style=\"font-family: arial, helvetica, sans-serif; font-size: 12pt;\">\u00a0<\/span><\/p>\n<p style=\"text-align: center;\"><span style=\"font-family: arial, helvetica, sans-serif; font-size: 12pt;\">Nach dem letzten Sektfr\u00fchst\u00fcck genie\u00dfen wir die warme Sonne, erstmals am gro\u00dfen Hotelpool.<\/span><\/p>\n<p style=\"text-align: center;\"><span style=\"font-family: arial, helvetica, sans-serif; font-size: 12pt;\">\u00a0<\/span><\/p>\n<p style=\"text-align: center;\"><span style=\"font-family: arial, helvetica, sans-serif; font-size: 12pt;\"><img decoding=\"async\" class=\" size-full wp-image-9635\" title=\"Hotel Pool\" src=\"https:\/\/welcome-ontour.de\/wordpress\/wp-content\/uploads\/2018\/01\/phoca_thumb_l_2017-03-18-01-img_5055.jpg\" alt=\"\" width=\"400\" height=\"268\" srcset=\"https:\/\/welcome-ontour.de\/wordpress\/wp-content\/uploads\/2018\/01\/phoca_thumb_l_2017-03-18-01-img_5055.jpg 506w, https:\/\/welcome-ontour.de\/wordpress\/wp-content\/uploads\/2018\/01\/phoca_thumb_l_2017-03-18-01-img_5055-300x201.jpg 300w\" sizes=\"(max-width: 400px) 100vw, 400px\" \/>\u00a0 <img decoding=\"async\" class=\" size-full wp-image-9636\" title=\"Hotel Pool\" src=\"https:\/\/welcome-ontour.de\/wordpress\/wp-content\/uploads\/2018\/01\/phoca_thumb_l_2017-03-18-02-img_5057.jpg\" alt=\"\" width=\"399\" height=\"268\" srcset=\"https:\/\/welcome-ontour.de\/wordpress\/wp-content\/uploads\/2018\/01\/phoca_thumb_l_2017-03-18-02-img_5057.jpg 506w, https:\/\/welcome-ontour.de\/wordpress\/wp-content\/uploads\/2018\/01\/phoca_thumb_l_2017-03-18-02-img_5057-300x202.jpg 300w\" sizes=\"(max-width: 399px) 100vw, 399px\" \/><\/span><\/p>\n<p style=\"text-align: center;\"><span style=\"font-family: arial, helvetica, sans-serif; font-size: 12pt;\">\u00a0<\/span><\/p>\n<p style=\"text-align: center;\"><span style=\"font-family: arial, helvetica, sans-serif; font-size: 12pt;\">Check Out Time im Hotel ist 12 Uhr und das reizen wir auch aus.<\/span><\/p>\n<p style=\"text-align: center;\"><span style=\"font-family: arial, helvetica, sans-serif; font-size: 12pt;\">Auf dem Weg zum Airport tanken wir den Kia wieder voll.<\/span><\/p>\n<p style=\"text-align: center;\"><span style=\"font-family: arial, helvetica, sans-serif; font-size: 12pt;\">Diesel f\u00fcr 20 Euro haben wir in der einen Woche verfahren, der Liter kostet hier 78 Cent.<\/span><\/p>\n<p style=\"text-align: center;\"><span style=\"font-family: arial, helvetica, sans-serif; font-size: 12pt;\">Zum Abschied gibt es heute dunkle Gewitterwolken n\u00f6rdlich des Flughafens.<\/span><\/p>\n<p style=\"text-align: center;\"><span style=\"font-family: arial, helvetica, sans-serif; font-size: 12pt;\">\u00a0<\/span><\/p>\n<p style=\"text-align: center;\"><span style=\"font-family: arial, helvetica, sans-serif; font-size: 12pt;\"><a href=\"https:\/\/welcome-ontour.de\/wordpress\/wp-content\/uploads\/2018\/01\/phoca_thumb_l_2017-03-18-03-img_5070.jpg\" target=\"_blank\" rel=\"noopener noreferrer\"><img decoding=\"async\" class=\" size-full wp-image-9637\" title=\"Abschiedsgewitter\" src=\"https:\/\/welcome-ontour.de\/wordpress\/wp-content\/uploads\/2018\/01\/phoca_thumb_l_2017-03-18-03-img_5070.jpg\" alt=\"\" width=\"700\" height=\"390\" srcset=\"https:\/\/welcome-ontour.de\/wordpress\/wp-content\/uploads\/2018\/01\/phoca_thumb_l_2017-03-18-03-img_5070.jpg 1006w, https:\/\/welcome-ontour.de\/wordpress\/wp-content\/uploads\/2018\/01\/phoca_thumb_l_2017-03-18-03-img_5070-300x167.jpg 300w, https:\/\/welcome-ontour.de\/wordpress\/wp-content\/uploads\/2018\/01\/phoca_thumb_l_2017-03-18-03-img_5070-768x428.jpg 768w\" sizes=\"(max-width: 700px) 100vw, 700px\" \/><\/a><\/span><\/p>\n<p style=\"text-align: center;\"><span style=\"font-family: arial, helvetica, sans-serif; font-size: 12pt;\">\u00a0<\/span><\/p>\n<p style=\"text-align: center;\"><span style=\"font-family: arial, helvetica, sans-serif; font-size: 12pt;\">Mietwagen Return, Check In und Sicherheitskontrollen sind schnell erledigt.<\/span><\/p>\n<p style=\"text-align: center;\"><span style=\"font-family: arial, helvetica, sans-serif; font-size: 12pt;\">Die Zeit bis zum Boarding vertr\u00f6deln wir im Abflugterminal des sch\u00f6nen TFS Airports.<\/span><\/p>\n<p style=\"text-align: center;\"><span style=\"font-family: arial, helvetica, sans-serif; font-size: 12pt;\">Holen uns bei Cafe&amp;Tapas leckere Schinkenbaguettes f\u00fcr den Flug.<\/span><\/p>\n<p style=\"text-align: center;\"><span style=\"font-family: arial, helvetica, sans-serif; font-size: 12pt;\">Leere Plastikflaschen f\u00fcllen wir mit Trinkwasser auf.<\/span><\/p>\n<p style=\"text-align: center;\"><span style=\"font-family: arial, helvetica, sans-serif; font-size: 12pt;\">Um zwei werden wir zum auf dem Vorfeld wartenden Airbus gefahren.<\/span><\/p>\n<p style=\"text-align: center;\"><span style=\"font-family: arial, helvetica, sans-serif; font-size: 12pt;\">Halb drei hebt AB3315 nach Berlin ab, erwartete Flugzeit f\u00fcnf Stunden.<\/span><\/p>\n<p style=\"text-align: center;\"><span style=\"font-family: arial, helvetica, sans-serif; font-size: 12pt;\">\u00a0<\/span><\/p>\n<p style=\"text-align: center;\"><span style=\"font-family: arial, helvetica, sans-serif; font-size: 12pt;\"><img decoding=\"async\" class=\" size-full wp-image-9638\" title=\"TFS Airport Tower\" src=\"https:\/\/welcome-ontour.de\/wordpress\/wp-content\/uploads\/2018\/01\/phoca_thumb_l_2017-03-18-04-img_5073.jpg\" alt=\"\" width=\"288\" height=\"383\" srcset=\"https:\/\/welcome-ontour.de\/wordpress\/wp-content\/uploads\/2018\/01\/phoca_thumb_l_2017-03-18-04-img_5073.jpg 751w, https:\/\/welcome-ontour.de\/wordpress\/wp-content\/uploads\/2018\/01\/phoca_thumb_l_2017-03-18-04-img_5073-225x300.jpg 225w\" sizes=\"(max-width: 288px) 100vw, 288px\" \/>\u00a0 <img decoding=\"async\" class=\" size-full wp-image-9639\" title=\"Startbahn\" src=\"https:\/\/welcome-ontour.de\/wordpress\/wp-content\/uploads\/2018\/01\/phoca_thumb_l_2017-03-18-05-img_5075.jpg\" alt=\"\" width=\"510\" height=\"383\" srcset=\"https:\/\/welcome-ontour.de\/wordpress\/wp-content\/uploads\/2018\/01\/phoca_thumb_l_2017-03-18-05-img_5075.jpg 1006w, https:\/\/welcome-ontour.de\/wordpress\/wp-content\/uploads\/2018\/01\/phoca_thumb_l_2017-03-18-05-img_5075-300x225.jpg 300w, https:\/\/welcome-ontour.de\/wordpress\/wp-content\/uploads\/2018\/01\/phoca_thumb_l_2017-03-18-05-img_5075-768x577.jpg 768w\" sizes=\"(max-width: 510px) 100vw, 510px\" \/><\/span><\/p>\n<p style=\"text-align: center;\"><span style=\"font-family: arial, helvetica, sans-serif; font-size: 12pt;\">\u00a0<\/span><\/p>\n<p style=\"text-align: center;\"><span style=\"font-family: arial, helvetica, sans-serif; font-size: 12pt;\">Uhren wieder eine Stunde vor auf mitteleurop\u00e4ische Zeit.<\/span><\/p>\n<p style=\"text-align: center;\"><span style=\"font-family: arial, helvetica, sans-serif; font-size: 12pt;\">Unsere Sitze 3A und B sind gut.<\/span><\/p>\n<p style=\"text-align: center;\"><span style=\"font-family: arial, helvetica, sans-serif; font-size: 12pt;\">Ob es einen Film gab oder wie der Service war, wissen wir nicht.<\/span><\/p>\n<p style=\"text-align: center;\"><span style=\"font-family: arial, helvetica, sans-serif; font-size: 12pt;\">Haben unsere Baguettes eingeschoben und danach beide fest geschlafen.<\/span><\/p>\n<p style=\"text-align: center;\"><span style=\"font-family: arial, helvetica, sans-serif; font-size: 12pt;\">Halb neun landen wir in Tegel.<\/span><\/p>\n<p style=\"text-align: center;\"><span style=\"font-family: arial, helvetica, sans-serif; font-size: 12pt;\">\u00a0<\/span><\/p>\n<p style=\"text-align: center;\"><span style=\"font-family: arial, helvetica, sans-serif; font-size: 12pt;\"><img decoding=\"async\" class=\" size-full wp-image-9640\" title=\"Berlin bei Nacht\" src=\"https:\/\/welcome-ontour.de\/wordpress\/wp-content\/uploads\/2018\/01\/phoca_thumb_l_2017-03-18-06-img_5079.jpg\" alt=\"\" width=\"400\" height=\"301\" srcset=\"https:\/\/welcome-ontour.de\/wordpress\/wp-content\/uploads\/2018\/01\/phoca_thumb_l_2017-03-18-06-img_5079.jpg 506w, https:\/\/welcome-ontour.de\/wordpress\/wp-content\/uploads\/2018\/01\/phoca_thumb_l_2017-03-18-06-img_5079-300x226.jpg 300w\" sizes=\"(max-width: 400px) 100vw, 400px\" \/>\u00a0 <img decoding=\"async\" class=\" size-full wp-image-9641\" title=\"Tegel\" src=\"https:\/\/welcome-ontour.de\/wordpress\/wp-content\/uploads\/2018\/01\/phoca_thumb_l_2017-03-18-07-img_5082.jpg\" alt=\"\" width=\"400\" height=\"301\" srcset=\"https:\/\/welcome-ontour.de\/wordpress\/wp-content\/uploads\/2018\/01\/phoca_thumb_l_2017-03-18-07-img_5082.jpg 506w, https:\/\/welcome-ontour.de\/wordpress\/wp-content\/uploads\/2018\/01\/phoca_thumb_l_2017-03-18-07-img_5082-300x226.jpg 300w\" sizes=\"(max-width: 400px) 100vw, 400px\" \/><\/span><\/p>\n<p style=\"text-align: center;\"><span style=\"font-family: arial, helvetica, sans-serif; font-size: 12pt;\">\u00a0<\/span><\/p>\n<p style=\"text-align: center;\"><span style=\"font-family: arial, helvetica, sans-serif; font-size: 12pt;\">Bis wir unsere Koffer haben und bei Mc Parking sind, ist es halb zehn.<\/span><\/p>\n<p style=\"text-align: center;\"><span style=\"font-family: arial, helvetica, sans-serif; font-size: 12pt;\">Eine halbe Stunde sp\u00e4ter sind wir zu Hause.<\/span><\/p>\n<p style=\"text-align: center;\"><span style=\"font-family: arial, helvetica, sans-serif; font-size: 12pt;\">Erwartet von n\u00e4chtlichen 5\u00b0C und totaler Ruhe.<\/span><\/p>\n<p style=\"text-align: center;\"><span style=\"font-family: arial, helvetica, sans-serif; font-size: 12pt;\">\u00a0<\/span><\/p>\n<p style=\"text-align: center;\"><span style=\"font-family: arial, helvetica, sans-serif; font-size: 12pt;\">Gefahrene Kilometer: 20<\/span><\/p>\n<p style=\"text-align: center;\"><span style=\"font-size: 10pt; font-family: arial, helvetica, sans-serif;\"><a href=\"https:\/\/welcome-ontour.de\/wordpress\/index.php\/2017-03-17\">&lt; zur\u00fcck<\/a>\u00a0 \u00a0 \u00a0 \u00a0 \u00a0 \u00a0 \u00a0 \u00a0 \u00a0 \u00a0 \u00a0 \u00a0 \u00a0 \u00a0 \u00a0 \u00a0 \u00a0 \u00a0 \u00a0 \u00a0 \u00a0 \u00a0 \u00a0 \u00a0 \u00a0 \u00a0 \u00a0 \u00a0 \u00a0 \u00a0 \u00a0 \u00a0 \u00a0 \u00a0 \u00a0 \u00a0 \u00a0 \u00a0 \u00a0 \u00a0 \u00a0 \u00a0 \u00a0 \u00a0 \u00a0 \u00a0 \u00a0 \u00a0 \u00a0 \u00a0 \u00a0 \u00a0 \u00a0 \u00a0 \u00a0 \u00a0 \u00a0 \u00a0 \u00a0 \u00a0 \u00a0 \u00a0 \u00a0 \u00a0 \u00a0 \u00a0 \u00a0 \u00a0 \u00a0 \u00a0 \u00a0 \u00a0 \u00a0 \u00a0 \u00a0 \u00a0 \u00a0 \u00a0 \u00a0 \u00a0 \u00a0 \u00a0 \u00a0 \u00a0 \u00a0 \u00a0 \u00a0 \u00a0 \u00a0 \u00a0 \u00a0 \u00a0 \u00a0 \u00a0 \u00a0<a href=\"https:\/\/welcome-ontour.de\/wordpress\/index.php\/2017-03-19\">weiter &gt;<\/a><\/span><\/p>\n","protected":false},"excerpt":{"rendered":"<p>Prolog \u00a0 \u00a0 \u00a0 \u00a0Anreise\u00a0 \u00a0 \u00a0 \u00a0 \u00a0\u00a0Beach\u00a0 \u00a0 \u00a0 \u00a0 \u00a0\u00a0Los Gigantos\u00a0 \u00a0 \u00a0 \u00a0 \u00a0Masca\u00a0 \u00a0 \u00a0 \u00a0 \u00a0\u00a0Barranco Del Inferno\u00a0 \u00a0 \u00a0 \u00a0 \u00a0\u00a0Duque\u00a0 \u00a0 \u00a0 \u00a0 \u00a0\u00a0Beach\u00a0 \u00a0 \u00a0 \u00a0 \u00a0\u00a0R\u00fcckreise\u00a0 \u00a0 \u00a0 \u00a0 \u00a0\u00a0Fazit &lt; zur\u00fcck\u00a0 \u00a0 \u00a0 \u00a0 \u00a0 \u00a0 \u00a0 \u00a0 \u00a0 \u00a0 \u00a0 \u00a0 \u00a0 \u00a0 \u00a0 \u00a0 \u00a0 \u00a0 \u00a0 \u00a0 \u00a0 \u00a0 \u00a0 \u00a0 \u00a0 \u00a0 \u00a0 \u00a0 \u00a0 \u00a0 \u00a0 \u00a0 \u00a0 \u00a0 \u00a0 \u00a0 \u00a0 \u00a0 \u00a0 \u00a0 \u00a0 \u00a0 \u00a0 \u00a0 \u00a0 \u00a0 \u00a0 \u00a0 \u00a0 \u00a0 \u00a0 \u00a0 \u00a0 \u00a0 \u00a0 \u00a0 \u00a0 \u00a0 \u00a0 \u00a0 \u00a0 \u00a0 \u00a0 \u00a0 \u00a0 \u00a0 \u00a0 \u00a0 \u00a0 \u00a0 \u00a0 \u00a0 \u00a0 \u00a0 \u00a0 \u00a0 \u00a0 \u00a0 \u00a0 \u00a0 \u00a0 \u00a0 \u00a0 \u00a0 \u00a0 \u00a0 \u00a0 \u00a0 \u00a0 \u00a0 \u00a0 \u00a0 \u00a0 \u00a0 \u00a0weiter &gt; Sa 18.3. R\u00fcckreise \u00a0 Nach dem letzten Sektfr\u00fchst\u00fcck genie\u00dfen wir die warme Sonne, erstmals am gro\u00dfen Hotelpool. \u00a0 \u00a0 \u00a0 Check Out Time im Hotel ist 12 Uhr und das reizen wir auch aus. Auf dem Weg zum Airport tanken wir den Kia wieder voll. Diesel f\u00fcr 20 Euro haben wir in der einen Woche verfahren, der Liter kostet hier 78 Cent. Zum Abschied gibt es heute dunkle Gewitterwolken n\u00f6rdlich des Flughafens. \u00a0 \u00a0 Mietwagen Return, Check In und Sicherheitskontrollen sind schnell erledigt. Die Zeit bis zum Boarding vertr\u00f6deln wir im Abflugterminal des sch\u00f6nen TFS Airports. Holen uns bei Cafe&amp;Tapas leckere Schinkenbaguettes f\u00fcr den Flug. Leere Plastikflaschen f\u00fcllen wir mit Trinkwasser auf. Um zwei werden wir zum auf dem Vorfeld wartenden Airbus gefahren. Halb drei hebt AB3315 nach Berlin ab, erwartete Flugzeit f\u00fcnf Stunden. \u00a0 \u00a0 \u00a0 Uhren wieder eine Stunde vor auf mitteleurop\u00e4ische Zeit. Unsere Sitze 3A und B sind gut. Ob es einen Film gab oder wie der Service war, wissen wir nicht. Haben unsere Baguettes eingeschoben und danach beide fest geschlafen. Halb neun landen wir in Tegel. \u00a0 \u00a0 \u00a0 Bis wir unsere Koffer haben und bei Mc Parking sind, ist es halb zehn. Eine halbe Stunde sp\u00e4ter sind wir zu Hause. Erwartet von n\u00e4chtlichen 5\u00b0C und totaler Ruhe. \u00a0 Gefahrene Kilometer: 20 &lt; zur\u00fcck\u00a0 \u00a0 \u00a0 \u00a0 \u00a0 \u00a0 \u00a0 \u00a0 \u00a0 \u00a0 \u00a0 \u00a0 \u00a0 \u00a0 \u00a0 \u00a0 \u00a0 \u00a0 \u00a0 \u00a0 \u00a0 \u00a0 \u00a0 \u00a0 \u00a0 \u00a0 \u00a0 \u00a0 \u00a0 \u00a0 \u00a0 \u00a0 \u00a0 \u00a0 \u00a0 \u00a0 \u00a0 \u00a0 \u00a0 \u00a0 \u00a0 \u00a0 \u00a0 \u00a0 \u00a0 \u00a0 \u00a0 \u00a0 \u00a0 \u00a0 \u00a0 \u00a0 \u00a0 \u00a0 \u00a0 \u00a0 \u00a0 \u00a0 \u00a0 \u00a0 \u00a0 \u00a0 \u00a0 \u00a0 \u00a0 \u00a0 \u00a0 \u00a0 \u00a0 \u00a0 \u00a0 \u00a0 \u00a0 \u00a0 \u00a0 \u00a0 \u00a0 \u00a0 \u00a0 \u00a0 \u00a0 \u00a0 \u00a0 \u00a0 \u00a0 \u00a0 \u00a0 \u00a0 \u00a0 \u00a0 \u00a0 \u00a0 \u00a0 \u00a0 \u00a0weiter &gt;<\/p>\n","protected":false},"author":1,"featured_media":9635,"parent":0,"menu_order":1,"comment_status":"closed","ping_status":"closed","template":"","meta":{"footnotes":""},"class_list":["post-9642","page","type-page","status-publish","has-post-thumbnail","hentry"],"_links":{"self":[{"href":"https:\/\/welcome-ontour.de\/wordpress\/index.php\/wp-json\/wp\/v2\/pages\/9642","targetHints":{"allow":["GET"]}}],"collection":[{"href":"https:\/\/welcome-ontour.de\/wordpress\/index.php\/wp-json\/wp\/v2\/pages"}],"about":[{"href":"https:\/\/welcome-ontour.de\/wordpress\/index.php\/wp-json\/wp\/v2\/types\/page"}],"author":[{"embeddable":true,"href":"https:\/\/welcome-ontour.de\/wordpress\/index.php\/wp-json\/wp\/v2\/users\/1"}],"replies":[{"embeddable":true,"href":"https:\/\/welcome-ontour.de\/wordpress\/index.php\/wp-json\/wp\/v2\/comments?post=9642"}],"version-history":[{"count":2,"href":"https:\/\/welcome-ontour.de\/wordpress\/index.php\/wp-json\/wp\/v2\/pages\/9642\/revisions"}],"predecessor-version":[{"id":17143,"href":"https:\/\/welcome-ontour.de\/wordpress\/index.php\/wp-json\/wp\/v2\/pages\/9642\/revisions\/17143"}],"wp:featuredmedia":[{"embeddable":true,"href":"https:\/\/welcome-ontour.de\/wordpress\/index.php\/wp-json\/wp\/v2\/media\/9635"}],"wp:attachment":[{"href":"https:\/\/welcome-ontour.de\/wordpress\/index.php\/wp-json\/wp\/v2\/media?parent=9642"}],"curies":[{"name":"wp","href":"https:\/\/api.w.org\/{rel}","templated":true}]}}