{"id":9634,"date":"2018-01-13T09:19:35","date_gmt":"2018-01-13T09:19:35","guid":{"rendered":"https:\/\/welcome-ontour.de\/wordpress\/index.php\/2017-03-17\/"},"modified":"2022-06-30T23:06:17","modified_gmt":"2022-06-30T23:06:17","slug":"2017-03-17","status":"publish","type":"page","link":"https:\/\/welcome-ontour.de\/wordpress\/index.php\/2017-03-17\/","title":{"rendered":"2017 03 17"},"content":{"rendered":"<p style=\"text-align: center;\"><span style=\"font-size: 8pt; font-family: arial, helvetica, sans-serif;\"><a href=\"https:\/\/welcome-ontour.de\/wordpress\/index.php\/2017-03-10-prolog\/\">Prolog<\/a> \u00a0 \u00a0 \u00a0 \u00a0<a href=\"https:\/\/welcome-ontour.de\/wordpress\/index.php\/2017-03-11\">Anreise<\/a>\u00a0 \u00a0 \u00a0 \u00a0 \u00a0\u00a0<a href=\"https:\/\/welcome-ontour.de\/wordpress\/index.php\/2017-03-12\">Beach<\/a>\u00a0 \u00a0 \u00a0 \u00a0 \u00a0\u00a0<a href=\"https:\/\/welcome-ontour.de\/wordpress\/index.php\/2017-03-13\">Los Gigantos<\/a>\u00a0 \u00a0 \u00a0 \u00a0 \u00a0<a href=\"https:\/\/welcome-ontour.de\/wordpress\/index.php\/2017-03-14\">Masca<\/a>\u00a0 \u00a0 \u00a0 \u00a0 \u00a0\u00a0<a href=\"https:\/\/welcome-ontour.de\/wordpress\/index.php\/2017-03-15\">Barranco Del Inferno<\/a>\u00a0 \u00a0 \u00a0 \u00a0 \u00a0\u00a0<a href=\"https:\/\/welcome-ontour.de\/wordpress\/index.php\/2017-03-16\">Duque<\/a>\u00a0 \u00a0 \u00a0 \u00a0 \u00a0\u00a0<a href=\"https:\/\/welcome-ontour.de\/wordpress\/index.php\/2017-03-17\">Beach<\/a>\u00a0 \u00a0 \u00a0 \u00a0 \u00a0\u00a0<a href=\"https:\/\/welcome-ontour.de\/wordpress\/index.php\/2017-03-18\">R\u00fcckreise<\/a>\u00a0 \u00a0 \u00a0 \u00a0 \u00a0\u00a0<a href=\"https:\/\/welcome-ontour.de\/wordpress\/index.php\/2017-03-19\">Fazit<\/a><\/span><\/p>\n<p style=\"text-align: center;\"><span style=\"font-size: 10pt; font-family: arial, helvetica, sans-serif;\"><a href=\"https:\/\/welcome-ontour.de\/wordpress\/index.php\/2017-03-16\">&lt; zur\u00fcck<\/a>\u00a0 \u00a0 \u00a0 \u00a0 \u00a0 \u00a0 \u00a0 \u00a0 \u00a0 \u00a0 \u00a0 \u00a0 \u00a0 \u00a0 \u00a0 \u00a0 \u00a0 \u00a0 \u00a0 \u00a0 \u00a0 \u00a0 \u00a0 \u00a0 \u00a0 \u00a0 \u00a0 \u00a0 \u00a0 \u00a0 \u00a0 \u00a0 \u00a0 \u00a0 \u00a0 \u00a0 \u00a0 \u00a0 \u00a0 \u00a0 \u00a0 \u00a0 \u00a0 \u00a0 \u00a0 \u00a0 \u00a0 \u00a0 \u00a0 \u00a0 \u00a0 \u00a0 \u00a0 \u00a0 \u00a0 \u00a0 \u00a0 \u00a0 \u00a0 \u00a0 \u00a0 \u00a0 \u00a0 \u00a0 \u00a0 \u00a0 \u00a0 \u00a0 \u00a0 \u00a0 \u00a0 \u00a0 \u00a0 \u00a0 \u00a0 \u00a0 \u00a0 \u00a0 \u00a0 \u00a0 \u00a0 \u00a0 \u00a0 \u00a0 \u00a0 \u00a0 \u00a0 \u00a0 \u00a0 \u00a0 \u00a0 \u00a0 \u00a0 \u00a0 \u00a0<a href=\"https:\/\/welcome-ontour.de\/wordpress\/index.php\/2017-03-18\">weiter &gt;<\/a><\/span><\/p>\n<p style=\"text-align: center;\"><span style=\"font-size: 14pt;\"><strong><span style=\"font-family: arial, helvetica, sans-serif;\">Fr 17.3.<\/span><\/strong><\/span><\/p>\n<p style=\"text-align: center;\"><span style=\"font-size: 14pt;\"><strong><span style=\"font-family: arial, helvetica, sans-serif;\">\u00a0<\/span><\/strong><\/span><\/p>\n<p style=\"text-align: center;\"><span style=\"font-size: 14pt;\"><strong><span style=\"font-family: arial, helvetica, sans-serif;\">Ruhetag<\/span><\/strong><\/span><\/p>\n<p style=\"text-align: center;\"><span style=\"font-size: 12pt; font-family: arial, helvetica, sans-serif;\">\u00a0<\/span><\/p>\n<p style=\"text-align: center;\"><span style=\"font-size: 12pt; font-family: arial, helvetica, sans-serif;\">Morgens um neun 30\u00b0, wir sind happy, dass wir uns f\u00fcr Teneriffa entschieden haben.<\/span><\/p>\n<p style=\"text-align: center;\"><span style=\"font-size: 12pt; font-family: arial, helvetica, sans-serif;\">Per Smartphon wird f\u00fcr die R\u00fcckfl\u00fcge eingecheckt, die Bordkarten lassen wir uns an der Rezeption drucken.<\/span><\/p>\n<p style=\"text-align: center;\"><span style=\"font-size: 12pt; font-family: arial, helvetica, sans-serif;\">Muskelkatertechnisch sind wir noch immer erheblich eingeschr\u00e4nkt.<\/span><\/p>\n<p style=\"text-align: center;\"><span style=\"font-size: 12pt; font-family: arial, helvetica, sans-serif;\">Deswegen liegen wir halb zehn wieder an der Playa Del Duque.<\/span><\/p>\n<p style=\"text-align: center;\"><span style=\"font-size: 12pt; font-family: arial, helvetica, sans-serif;\">\u00a0<\/span><\/p>\n<p style=\"text-align: center;\"><span style=\"font-size: 12pt; font-family: arial, helvetica, sans-serif;\"><img decoding=\"async\" class=\" size-full wp-image-9623\" title=\"Playa Del Duque\" src=\"https:\/\/welcome-ontour.de\/wordpress\/wp-content\/uploads\/2018\/01\/phoca_thumb_l_2017-03-17-01-img_5088.jpg\" alt=\"\" width=\"400\" height=\"301\" srcset=\"https:\/\/welcome-ontour.de\/wordpress\/wp-content\/uploads\/2018\/01\/phoca_thumb_l_2017-03-17-01-img_5088.jpg 506w, https:\/\/welcome-ontour.de\/wordpress\/wp-content\/uploads\/2018\/01\/phoca_thumb_l_2017-03-17-01-img_5088-300x226.jpg 300w\" sizes=\"(max-width: 400px) 100vw, 400px\" \/>\u00a0 <img decoding=\"async\" class=\" size-full wp-image-9624\" title=\"Playa Del Duque\" src=\"https:\/\/welcome-ontour.de\/wordpress\/wp-content\/uploads\/2018\/01\/phoca_thumb_l_2017-03-17-02-img_5094.jpg\" alt=\"\" width=\"400\" height=\"301\" srcset=\"https:\/\/welcome-ontour.de\/wordpress\/wp-content\/uploads\/2018\/01\/phoca_thumb_l_2017-03-17-02-img_5094.jpg 506w, https:\/\/welcome-ontour.de\/wordpress\/wp-content\/uploads\/2018\/01\/phoca_thumb_l_2017-03-17-02-img_5094-300x226.jpg 300w\" sizes=\"(max-width: 400px) 100vw, 400px\" \/><\/span><\/p>\n<p style=\"text-align: center;\"><span style=\"font-size: 12pt; font-family: arial, helvetica, sans-serif;\">\u00a0<\/span><\/p>\n<p style=\"text-align: center;\"><span style=\"font-size: 12pt; font-family: arial, helvetica, sans-serif;\">Bis etwa um zwei l\u00e4sst es sich sehr gut aushalten.<\/span><\/p>\n<p style=\"text-align: center;\"><span style=\"font-size: 12pt; font-family: arial, helvetica, sans-serif;\">Ab dann weht uns ein zunehmender Seewind den Sand in alle K\u00f6rper\u00f6ffnungen.<\/span><\/p>\n<p style=\"text-align: center;\"><span style=\"font-size: 12pt; font-family: arial, helvetica, sans-serif;\">Wir satteln den Kia und wechseln zur Papagayo Bar, wo wir vor drei Jahren Stammg\u00e4ste waren.<\/span><\/p>\n<p style=\"text-align: center;\"><span style=\"font-size: 12pt; font-family: arial, helvetica, sans-serif;\">\u00a0<\/span><\/p>\n<p style=\"text-align: center;\"><span style=\"font-size: 12pt; font-family: arial, helvetica, sans-serif;\"><img decoding=\"async\" class=\" size-full wp-image-9625\" title=\"Papagayo Bar\" src=\"https:\/\/welcome-ontour.de\/wordpress\/wp-content\/uploads\/2018\/01\/phoca_thumb_l_2017-03-17-03-20170316_163214.jpg\" alt=\"\" width=\"800\" height=\"429\" srcset=\"https:\/\/welcome-ontour.de\/wordpress\/wp-content\/uploads\/2018\/01\/phoca_thumb_l_2017-03-17-03-20170316_163214.jpg 1006w, https:\/\/welcome-ontour.de\/wordpress\/wp-content\/uploads\/2018\/01\/phoca_thumb_l_2017-03-17-03-20170316_163214-300x161.jpg 300w, https:\/\/welcome-ontour.de\/wordpress\/wp-content\/uploads\/2018\/01\/phoca_thumb_l_2017-03-17-03-20170316_163214-768x411.jpg 768w\" sizes=\"(max-width: 800px) 100vw, 800px\" \/><\/span><\/p>\n<p style=\"text-align: center;\"><span style=\"font-size: 12pt; font-family: arial, helvetica, sans-serif;\">\u00a0<\/span><\/p>\n<p style=\"text-align: center;\"><span style=\"font-size: 12pt; font-family: arial, helvetica, sans-serif;\">Herrlich, hier in der Nachmittagssonne sitzend die \u00fcblichen Cafe Con Leche, Mojitos und Dorada zu schl\u00fcrfen.<\/span><\/p>\n<p style=\"text-align: center;\"><span style=\"font-size: 12pt; font-family: arial, helvetica, sans-serif;\">Anschlie\u00dfend bummeln wir durch Las Americas und besuchen u. a. den kleinen Fischmarkt.<\/span><\/p>\n<p style=\"text-align: center;\"><span style=\"font-size: 12pt; font-family: arial, helvetica, sans-serif;\">\u00a0<\/span><\/p>\n<p style=\"text-align: center;\"><span style=\"font-size: 12pt; font-family: arial, helvetica, sans-serif;\"><a href=\"https:\/\/welcome-ontour.de\/wordpress\/wp-content\/uploads\/2018\/01\/phoca_thumb_l_2017-03-17-04-32eadfe3f17b047.jpg\" target=\"_blank\" rel=\"noopener noreferrer\"><img decoding=\"async\" class=\" size-full wp-image-9626\" title=\"Fischmarkt\" src=\"https:\/\/welcome-ontour.de\/wordpress\/wp-content\/uploads\/2018\/01\/phoca_thumb_l_2017-03-17-04-32eadfe3f17b047.jpg\" width=\"308\" height=\"232\" srcset=\"https:\/\/welcome-ontour.de\/wordpress\/wp-content\/uploads\/2018\/01\/phoca_thumb_l_2017-03-17-04-32eadfe3f17b047.jpg 506w, https:\/\/welcome-ontour.de\/wordpress\/wp-content\/uploads\/2018\/01\/phoca_thumb_l_2017-03-17-04-32eadfe3f17b047-300x226.jpg 300w\" sizes=\"(max-width: 308px) 100vw, 308px\" \/><\/a>\u00a0 <a href=\"https:\/\/welcome-ontour.de\/wordpress\/wp-content\/uploads\/2018\/01\/phoca_thumb_l_2017-03-17-05-20170316_193124.jpg\" target=\"_blank\" rel=\"noopener noreferrer\"><img decoding=\"async\" class=\" size-full wp-image-9627\" title=\"Calzedonia\" src=\"https:\/\/welcome-ontour.de\/wordpress\/wp-content\/uploads\/2018\/01\/phoca_thumb_l_2017-03-17-05-20170316_193124.jpg\" alt=\"\" width=\"308\" height=\"232\" srcset=\"https:\/\/welcome-ontour.de\/wordpress\/wp-content\/uploads\/2018\/01\/phoca_thumb_l_2017-03-17-05-20170316_193124.jpg 506w, https:\/\/welcome-ontour.de\/wordpress\/wp-content\/uploads\/2018\/01\/phoca_thumb_l_2017-03-17-05-20170316_193124-300x226.jpg 300w\" sizes=\"(max-width: 308px) 100vw, 308px\" \/><\/a>\u00a0 <a href=\"https:\/\/welcome-ontour.de\/wordpress\/wp-content\/uploads\/2018\/01\/phoca_thumb_l_2017-03-17-06-9090601e30a5a8b.jpg\" target=\"_blank\" rel=\"noopener noreferrer\"><img decoding=\"async\" class=\" size-full wp-image-9628\" title=\"Perfumes.es\" src=\"https:\/\/welcome-ontour.de\/wordpress\/wp-content\/uploads\/2018\/01\/phoca_thumb_l_2017-03-17-06-9090601e30a5a8b.jpg\" width=\"175\" height=\"232\" srcset=\"https:\/\/welcome-ontour.de\/wordpress\/wp-content\/uploads\/2018\/01\/phoca_thumb_l_2017-03-17-06-9090601e30a5a8b.jpg 381w, https:\/\/welcome-ontour.de\/wordpress\/wp-content\/uploads\/2018\/01\/phoca_thumb_l_2017-03-17-06-9090601e30a5a8b-226x300.jpg 226w\" sizes=\"(max-width: 175px) 100vw, 175px\" \/><\/a><\/span><\/p>\n<p style=\"text-align: center;\"><span style=\"font-size: 12pt; font-family: arial, helvetica, sans-serif;\">\u00a0<\/span><\/p>\n<p style=\"text-align: center;\"><span style=\"font-size: 12pt; font-family: arial, helvetica, sans-serif;\">Bis zum Sonnenuntergang liegen wir dann noch am Vista Sur Strand.<\/span><\/p>\n<p style=\"text-align: center;\"><span style=\"font-size: 12pt; font-family: arial, helvetica, sans-serif;\">\u00a0<\/span><\/p>\n<p style=\"text-align: center;\"><span style=\"font-size: 12pt; font-family: arial, helvetica, sans-serif;\"><img decoding=\"async\" class=\" size-full wp-image-9629\" title=\"Playa Vista Sur\" src=\"https:\/\/welcome-ontour.de\/wordpress\/wp-content\/uploads\/2018\/01\/phoca_thumb_l_2017-03-17-07-4fb34c5fdc8ebca.jpg\" alt=\"\" width=\"800\" height=\"452\" srcset=\"https:\/\/welcome-ontour.de\/wordpress\/wp-content\/uploads\/2018\/01\/phoca_thumb_l_2017-03-17-07-4fb34c5fdc8ebca.jpg 1006w, https:\/\/welcome-ontour.de\/wordpress\/wp-content\/uploads\/2018\/01\/phoca_thumb_l_2017-03-17-07-4fb34c5fdc8ebca-300x170.jpg 300w, https:\/\/welcome-ontour.de\/wordpress\/wp-content\/uploads\/2018\/01\/phoca_thumb_l_2017-03-17-07-4fb34c5fdc8ebca-768x434.jpg 768w\" sizes=\"(max-width: 800px) 100vw, 800px\" \/><\/span><\/p>\n<p style=\"text-align: center;\"><span style=\"font-size: 12pt; font-family: arial, helvetica, sans-serif;\">\u00a0<\/span><\/p>\n<p style=\"text-align: center;\"><span style=\"font-size: 12pt; font-family: arial, helvetica, sans-serif;\">An unserem letzten Pescador-Abend bestellen wir uns Sangria, <\/span><\/p>\n<p style=\"text-align: center;\"><span style=\"font-size: 12pt; font-family: arial, helvetica, sans-serif;\">Gambas Al Ajillo, Gem\u00fcsebouillon und eine gro\u00dfe Fleischplatte.<\/span><\/p>\n<p style=\"text-align: center;\"><span style=\"font-size: 12pt; font-family: arial, helvetica, sans-serif;\">\u00a0<\/span><\/p>\n<p style=\"text-align: center;\"><span style=\"font-size: 12pt; font-family: arial, helvetica, sans-serif;\"><img decoding=\"async\" class=\" size-full wp-image-9630\" title=\"Sangria\" src=\"https:\/\/welcome-ontour.de\/wordpress\/wp-content\/uploads\/2018\/01\/phoca_thumb_l_2017-03-17-08-20170317_200242.jpg\" alt=\"\" width=\"400\" height=\"301\" srcset=\"https:\/\/welcome-ontour.de\/wordpress\/wp-content\/uploads\/2018\/01\/phoca_thumb_l_2017-03-17-08-20170317_200242.jpg 506w, https:\/\/welcome-ontour.de\/wordpress\/wp-content\/uploads\/2018\/01\/phoca_thumb_l_2017-03-17-08-20170317_200242-300x226.jpg 300w\" sizes=\"(max-width: 400px) 100vw, 400px\" \/>\u00a0 <img decoding=\"async\" class=\" size-full wp-image-9631\" title=\"Gem\u00fcsebuillon\" src=\"https:\/\/welcome-ontour.de\/wordpress\/wp-content\/uploads\/2018\/01\/phoca_thumb_l_2017-03-17-09-20170317_200518.jpg\" alt=\"\" width=\"400\" height=\"301\" srcset=\"https:\/\/welcome-ontour.de\/wordpress\/wp-content\/uploads\/2018\/01\/phoca_thumb_l_2017-03-17-09-20170317_200518.jpg 506w, https:\/\/welcome-ontour.de\/wordpress\/wp-content\/uploads\/2018\/01\/phoca_thumb_l_2017-03-17-09-20170317_200518-300x226.jpg 300w\" sizes=\"(max-width: 400px) 100vw, 400px\" \/><\/span><\/p>\n<p style=\"text-align: center;\"><span style=\"font-size: 12pt; font-family: arial, helvetica, sans-serif;\"><img decoding=\"async\" class=\" size-full wp-image-9632\" title=\"Gambas Al Ajillo\" src=\"https:\/\/welcome-ontour.de\/wordpress\/wp-content\/uploads\/2018\/01\/phoca_thumb_l_2017-03-17-10-20170317_200509a.jpg\" alt=\"\" width=\"400\" height=\"301\" srcset=\"https:\/\/welcome-ontour.de\/wordpress\/wp-content\/uploads\/2018\/01\/phoca_thumb_l_2017-03-17-10-20170317_200509a.jpg 506w, https:\/\/welcome-ontour.de\/wordpress\/wp-content\/uploads\/2018\/01\/phoca_thumb_l_2017-03-17-10-20170317_200509a-300x226.jpg 300w\" sizes=\"(max-width: 400px) 100vw, 400px\" \/>\u00a0 <img decoding=\"async\" class=\" size-full wp-image-9633\" title=\"Fleischplatte\" src=\"https:\/\/welcome-ontour.de\/wordpress\/wp-content\/uploads\/2018\/01\/phoca_thumb_l_2017-03-17-11-20170317_201943a.jpg\" alt=\"\" width=\"400\" height=\"301\" srcset=\"https:\/\/welcome-ontour.de\/wordpress\/wp-content\/uploads\/2018\/01\/phoca_thumb_l_2017-03-17-11-20170317_201943a.jpg 506w, https:\/\/welcome-ontour.de\/wordpress\/wp-content\/uploads\/2018\/01\/phoca_thumb_l_2017-03-17-11-20170317_201943a-300x226.jpg 300w\" sizes=\"(max-width: 400px) 100vw, 400px\" \/><\/span><\/p>\n<p style=\"text-align: center;\"><span style=\"font-size: 12pt; font-family: arial, helvetica, sans-serif;\">\u00a0<\/span><\/p>\n<p style=\"text-align: center;\"><span style=\"font-size: 12pt; font-family: arial, helvetica, sans-serif;\">Auch vorz\u00fcglich.<\/span><\/p>\n<p style=\"text-align: center;\"><span style=\"font-size: 12pt; font-family: arial, helvetica, sans-serif;\">\u00a0<\/span><\/p>\n<p style=\"text-align: center;\"><span style=\"font-size: 12pt; font-family: arial, helvetica, sans-serif;\">Gefahrene Kilometer: 26<\/span><\/p>\n<p style=\"text-align: center;\"><span style=\"font-size: 12pt; font-family: arial, helvetica, sans-serif;\">\u00a0<\/span><\/p>\n<p style=\"text-align: center;\"><span style=\"font-size: 12pt; font-family: arial, helvetica, sans-serif;\">\u00dcbernachtung: <a href=\"https:\/\/marenostrumresort.com\/de\/hotel-mediterranean-palace\/\" target=\"_blank\" rel=\"noopener noreferrer\">Mare Nostrum Resort<\/a>, Playa Las Americas, Teneriffa **** 129\u20ac<\/span><\/p>\n<p style=\"text-align: center;\"><span style=\"font-size: 10pt; font-family: arial, helvetica, sans-serif;\"><a href=\"https:\/\/welcome-ontour.de\/wordpress\/index.php\/2017-03-16\">&lt; zur\u00fcck<\/a>\u00a0 \u00a0 \u00a0 \u00a0 \u00a0 \u00a0 \u00a0 \u00a0 \u00a0 \u00a0 \u00a0 \u00a0 \u00a0 \u00a0 \u00a0 \u00a0 \u00a0 \u00a0 \u00a0 \u00a0 \u00a0 \u00a0 \u00a0 \u00a0 \u00a0 \u00a0 \u00a0 \u00a0 \u00a0 \u00a0 \u00a0 \u00a0 \u00a0 \u00a0 \u00a0 \u00a0 \u00a0 \u00a0 \u00a0 \u00a0 \u00a0 \u00a0 \u00a0 \u00a0 \u00a0 \u00a0 \u00a0 \u00a0 \u00a0 \u00a0 \u00a0 \u00a0 \u00a0 \u00a0 \u00a0 \u00a0 \u00a0 \u00a0 \u00a0 \u00a0 \u00a0 \u00a0 \u00a0 \u00a0 \u00a0 \u00a0 \u00a0 \u00a0 \u00a0 \u00a0 \u00a0 \u00a0 \u00a0 \u00a0 \u00a0 \u00a0 \u00a0 \u00a0 \u00a0 \u00a0 \u00a0 \u00a0 \u00a0 \u00a0 \u00a0 \u00a0 \u00a0 \u00a0 \u00a0 \u00a0 \u00a0 \u00a0 \u00a0 \u00a0 \u00a0<a href=\"https:\/\/welcome-ontour.de\/wordpress\/index.php\/2017-03-18\">weiter &gt;<\/a><\/span><\/p>\n","protected":false},"excerpt":{"rendered":"<p>Prolog \u00a0 \u00a0 \u00a0 \u00a0Anreise\u00a0 \u00a0 \u00a0 \u00a0 \u00a0\u00a0Beach\u00a0 \u00a0 \u00a0 \u00a0 \u00a0\u00a0Los Gigantos\u00a0 \u00a0 \u00a0 \u00a0 \u00a0Masca\u00a0 \u00a0 \u00a0 \u00a0 \u00a0\u00a0Barranco Del Inferno\u00a0 \u00a0 \u00a0 \u00a0 \u00a0\u00a0Duque\u00a0 \u00a0 \u00a0 \u00a0 \u00a0\u00a0Beach\u00a0 \u00a0 \u00a0 \u00a0 \u00a0\u00a0R\u00fcckreise\u00a0 \u00a0 \u00a0 \u00a0 \u00a0\u00a0Fazit &lt; zur\u00fcck\u00a0 \u00a0 \u00a0 \u00a0 \u00a0 \u00a0 \u00a0 \u00a0 \u00a0 \u00a0 \u00a0 \u00a0 \u00a0 \u00a0 \u00a0 \u00a0 \u00a0 \u00a0 \u00a0 \u00a0 \u00a0 \u00a0 \u00a0 \u00a0 \u00a0 \u00a0 \u00a0 \u00a0 \u00a0 \u00a0 \u00a0 \u00a0 \u00a0 \u00a0 \u00a0 \u00a0 \u00a0 \u00a0 \u00a0 \u00a0 \u00a0 \u00a0 \u00a0 \u00a0 \u00a0 \u00a0 \u00a0 \u00a0 \u00a0 \u00a0 \u00a0 \u00a0 \u00a0 \u00a0 \u00a0 \u00a0 \u00a0 \u00a0 \u00a0 \u00a0 \u00a0 \u00a0 \u00a0 \u00a0 \u00a0 \u00a0 \u00a0 \u00a0 \u00a0 \u00a0 \u00a0 \u00a0 \u00a0 \u00a0 \u00a0 \u00a0 \u00a0 \u00a0 \u00a0 \u00a0 \u00a0 \u00a0 \u00a0 \u00a0 \u00a0 \u00a0 \u00a0 \u00a0 \u00a0 \u00a0 \u00a0 \u00a0 \u00a0 \u00a0 \u00a0weiter &gt; Fr 17.3. \u00a0 Ruhetag \u00a0 Morgens um neun 30\u00b0, wir sind happy, dass wir uns f\u00fcr Teneriffa entschieden haben. Per Smartphon wird f\u00fcr die R\u00fcckfl\u00fcge eingecheckt, die Bordkarten lassen wir uns an der Rezeption drucken. Muskelkatertechnisch sind wir noch immer erheblich eingeschr\u00e4nkt. Deswegen liegen wir halb zehn wieder an der Playa Del Duque. \u00a0 \u00a0 \u00a0 Bis etwa um zwei l\u00e4sst es sich sehr gut aushalten. Ab dann weht uns ein zunehmender Seewind den Sand in alle K\u00f6rper\u00f6ffnungen. Wir satteln den Kia und wechseln zur Papagayo Bar, wo wir vor drei Jahren Stammg\u00e4ste waren. \u00a0 \u00a0 Herrlich, hier in der Nachmittagssonne sitzend die \u00fcblichen Cafe Con Leche, Mojitos und Dorada zu schl\u00fcrfen. Anschlie\u00dfend bummeln wir durch Las Americas und besuchen u. a. den kleinen Fischmarkt. \u00a0 \u00a0 \u00a0 \u00a0 Bis zum Sonnenuntergang liegen wir dann noch am Vista Sur Strand. \u00a0 \u00a0 An unserem letzten Pescador-Abend bestellen wir uns Sangria, Gambas Al Ajillo, Gem\u00fcsebouillon und eine gro\u00dfe Fleischplatte. \u00a0 \u00a0 \u00a0 \u00a0 Auch vorz\u00fcglich. \u00a0 Gefahrene Kilometer: 26 \u00a0 \u00dcbernachtung: Mare Nostrum Resort, Playa Las Americas, Teneriffa **** 129\u20ac &lt; zur\u00fcck\u00a0 \u00a0 \u00a0 \u00a0 \u00a0 \u00a0 \u00a0 \u00a0 \u00a0 \u00a0 \u00a0 \u00a0 \u00a0 \u00a0 \u00a0 \u00a0 \u00a0 \u00a0 \u00a0 \u00a0 \u00a0 \u00a0 \u00a0 \u00a0 \u00a0 \u00a0 \u00a0 \u00a0 \u00a0 \u00a0 \u00a0 \u00a0 \u00a0 \u00a0 \u00a0 \u00a0 \u00a0 \u00a0 \u00a0 \u00a0 \u00a0 \u00a0 \u00a0 \u00a0 \u00a0 \u00a0 \u00a0 \u00a0 \u00a0 \u00a0 \u00a0 \u00a0 \u00a0 \u00a0 \u00a0 \u00a0 \u00a0 \u00a0 \u00a0 \u00a0 \u00a0 \u00a0 \u00a0 \u00a0 \u00a0 \u00a0 \u00a0 \u00a0 \u00a0 \u00a0 \u00a0 \u00a0 \u00a0 \u00a0 \u00a0 \u00a0 \u00a0 \u00a0 \u00a0 \u00a0 \u00a0 \u00a0 \u00a0 \u00a0 \u00a0 \u00a0 \u00a0 \u00a0 \u00a0 \u00a0 \u00a0 \u00a0 \u00a0 \u00a0 \u00a0weiter &gt;<\/p>\n","protected":false},"author":1,"featured_media":9623,"parent":0,"menu_order":2,"comment_status":"closed","ping_status":"closed","template":"","meta":{"footnotes":""},"class_list":["post-9634","page","type-page","status-publish","has-post-thumbnail","hentry"],"_links":{"self":[{"href":"https:\/\/welcome-ontour.de\/wordpress\/index.php\/wp-json\/wp\/v2\/pages\/9634","targetHints":{"allow":["GET"]}}],"collection":[{"href":"https:\/\/welcome-ontour.de\/wordpress\/index.php\/wp-json\/wp\/v2\/pages"}],"about":[{"href":"https:\/\/welcome-ontour.de\/wordpress\/index.php\/wp-json\/wp\/v2\/types\/page"}],"author":[{"embeddable":true,"href":"https:\/\/welcome-ontour.de\/wordpress\/index.php\/wp-json\/wp\/v2\/users\/1"}],"replies":[{"embeddable":true,"href":"https:\/\/welcome-ontour.de\/wordpress\/index.php\/wp-json\/wp\/v2\/comments?post=9634"}],"version-history":[{"count":2,"href":"https:\/\/welcome-ontour.de\/wordpress\/index.php\/wp-json\/wp\/v2\/pages\/9634\/revisions"}],"predecessor-version":[{"id":17142,"href":"https:\/\/welcome-ontour.de\/wordpress\/index.php\/wp-json\/wp\/v2\/pages\/9634\/revisions\/17142"}],"wp:featuredmedia":[{"embeddable":true,"href":"https:\/\/welcome-ontour.de\/wordpress\/index.php\/wp-json\/wp\/v2\/media\/9623"}],"wp:attachment":[{"href":"https:\/\/welcome-ontour.de\/wordpress\/index.php\/wp-json\/wp\/v2\/media?parent=9634"}],"curies":[{"name":"wp","href":"https:\/\/api.w.org\/{rel}","templated":true}]}}