{"id":9622,"date":"2018-01-13T09:18:41","date_gmt":"2018-01-13T09:18:41","guid":{"rendered":"https:\/\/welcome-ontour.de\/wordpress\/index.php\/2017-03-16\/"},"modified":"2022-06-30T23:06:18","modified_gmt":"2022-06-30T23:06:18","slug":"2017-03-16","status":"publish","type":"page","link":"https:\/\/welcome-ontour.de\/wordpress\/index.php\/2017-03-16\/","title":{"rendered":"2017 03 16"},"content":{"rendered":"<p style=\"text-align: center;\"><span style=\"font-size: 8pt; font-family: arial, helvetica, sans-serif;\"><a href=\"https:\/\/welcome-ontour.de\/wordpress\/index.php\/2017-03-10-prolog\/\">Prolog<\/a> \u00a0 \u00a0 \u00a0 \u00a0<a href=\"https:\/\/welcome-ontour.de\/wordpress\/index.php\/2017-03-11\">Anreise<\/a>\u00a0 \u00a0 \u00a0 \u00a0 \u00a0\u00a0<a href=\"https:\/\/welcome-ontour.de\/wordpress\/index.php\/2017-03-12\">Beach<\/a>\u00a0 \u00a0 \u00a0 \u00a0 \u00a0\u00a0<a href=\"https:\/\/welcome-ontour.de\/wordpress\/index.php\/2017-03-13\">Los Gigantos<\/a>\u00a0 \u00a0 \u00a0 \u00a0 \u00a0<a href=\"https:\/\/welcome-ontour.de\/wordpress\/index.php\/2017-03-14\">Masca<\/a>\u00a0 \u00a0 \u00a0 \u00a0 \u00a0\u00a0<a href=\"https:\/\/welcome-ontour.de\/wordpress\/index.php\/2017-03-15\">Barranco Del Inferno<\/a>\u00a0 \u00a0 \u00a0 \u00a0 \u00a0\u00a0<a href=\"https:\/\/welcome-ontour.de\/wordpress\/index.php\/2017-03-16\">Duque<\/a>\u00a0 \u00a0 \u00a0 \u00a0 \u00a0\u00a0<a href=\"https:\/\/welcome-ontour.de\/wordpress\/index.php\/2017-03-17\">Beach<\/a>\u00a0 \u00a0 \u00a0 \u00a0 \u00a0\u00a0<a href=\"https:\/\/welcome-ontour.de\/wordpress\/index.php\/2017-03-18\">R\u00fcckreise<\/a>\u00a0 \u00a0 \u00a0 \u00a0 \u00a0\u00a0<a href=\"https:\/\/welcome-ontour.de\/wordpress\/index.php\/2017-03-19\">Fazit<\/a><\/span><\/p>\n<p style=\"text-align: center;\"><span style=\"font-size: 10pt; font-family: arial, helvetica, sans-serif;\"><a href=\"https:\/\/welcome-ontour.de\/wordpress\/index.php\/2017-03-15\">&lt; zur\u00fcck<\/a>\u00a0 \u00a0 \u00a0 \u00a0 \u00a0 \u00a0 \u00a0 \u00a0 \u00a0 \u00a0 \u00a0 \u00a0 \u00a0 \u00a0 \u00a0 \u00a0 \u00a0 \u00a0 \u00a0 \u00a0 \u00a0 \u00a0 \u00a0 \u00a0 \u00a0 \u00a0 \u00a0 \u00a0 \u00a0 \u00a0 \u00a0 \u00a0 \u00a0 \u00a0 \u00a0 \u00a0 \u00a0 \u00a0 \u00a0 \u00a0 \u00a0 \u00a0 \u00a0 \u00a0 \u00a0 \u00a0 \u00a0 \u00a0 \u00a0 \u00a0 \u00a0 \u00a0 \u00a0 \u00a0 \u00a0 \u00a0 \u00a0 \u00a0 \u00a0 \u00a0 \u00a0 \u00a0 \u00a0 \u00a0 \u00a0 \u00a0 \u00a0 \u00a0 \u00a0 \u00a0 \u00a0 \u00a0 \u00a0 \u00a0 \u00a0 \u00a0 \u00a0 \u00a0 \u00a0 \u00a0 \u00a0 \u00a0 \u00a0 \u00a0 \u00a0 \u00a0 \u00a0 \u00a0 \u00a0 \u00a0 \u00a0 \u00a0 \u00a0 \u00a0 \u00a0<a href=\"https:\/\/welcome-ontour.de\/wordpress\/index.php\/2017-03-17\">weiter &gt;<\/a><\/span><\/p>\n<p style=\"text-align: center;\"><span style=\"font-size: 14pt;\"><strong><span style=\"font-family: arial, helvetica, sans-serif;\">Do 16.3.<\/span><\/strong><\/span><\/p>\n<p style=\"text-align: center;\"><span style=\"font-size: 14pt;\"><strong><span style=\"font-family: arial, helvetica, sans-serif;\">\u00a0<\/span><\/strong><\/span><\/p>\n<p style=\"text-align: center;\"><span style=\"font-size: 14pt;\"><strong><span style=\"font-family: arial, helvetica, sans-serif;\">Playa Del Duque<\/span><\/strong><\/span><\/p>\n<p style=\"text-align: center;\"><span style=\"font-family: arial, helvetica, sans-serif; font-size: 12pt;\">\u00a0<\/span><\/p>\n<p style=\"text-align: center;\"><span style=\"font-family: arial, helvetica, sans-serif; font-size: 12pt;\">Schon bei den n\u00e4chtlichen Wanderungen ins Bad merk ich jeden einzelnen Muskel unterhalb der H\u00fcfte.<\/span><\/p>\n<p style=\"text-align: center;\"><span style=\"font-family: arial, helvetica, sans-serif; font-size: 12pt;\">Treppen im Hotel werden heute vermieden, wir fahren Fahrstuhl.<\/span><\/p>\n<p style=\"text-align: center;\"><span style=\"font-family: arial, helvetica, sans-serif; font-size: 12pt;\">Das Wetter zeigt sich auch heute wieder von seiner besten Seite.<\/span><\/p>\n<p style=\"text-align: center;\"><span style=\"font-family: arial, helvetica, sans-serif; font-size: 12pt;\">Wir beschlie\u00dfen, den Ruhetag an der Playa del Duque zu verbringen.<\/span><\/p>\n<p style=\"text-align: center;\"><span style=\"font-family: arial, helvetica, sans-serif; font-size: 12pt;\">Schnell sind wir im Beachparkhaus und wenige Schritte sp\u00e4ter am Strand.<\/span><\/p>\n<p style=\"text-align: center;\"><span style=\"font-family: arial, helvetica, sans-serif; font-size: 12pt;\">\u00a0<\/span><\/p>\n<p style=\"text-align: center;\"><span style=\"font-family: arial, helvetica, sans-serif; font-size: 12pt;\"><img decoding=\"async\" class=\" size-full wp-image-9608\" title=\"Playa Del Duque\" src=\"https:\/\/welcome-ontour.de\/wordpress\/wp-content\/uploads\/2018\/01\/phoca_thumb_l_2017-03-16-01-img_0421.jpg\" alt=\"\" width=\"400\" height=\"269\" srcset=\"https:\/\/welcome-ontour.de\/wordpress\/wp-content\/uploads\/2018\/01\/phoca_thumb_l_2017-03-16-01-img_0421.jpg 506w, https:\/\/welcome-ontour.de\/wordpress\/wp-content\/uploads\/2018\/01\/phoca_thumb_l_2017-03-16-01-img_0421-300x202.jpg 300w\" sizes=\"(max-width: 400px) 100vw, 400px\" \/>\u00a0 <img decoding=\"async\" class=\" size-full wp-image-9609\" title=\"Playa Del Duque\" src=\"https:\/\/welcome-ontour.de\/wordpress\/wp-content\/uploads\/2018\/01\/phoca_thumb_l_2017-03-16-02-img_0418.jpg\" alt=\"\" width=\"400\" height=\"269\" srcset=\"https:\/\/welcome-ontour.de\/wordpress\/wp-content\/uploads\/2018\/01\/phoca_thumb_l_2017-03-16-02-img_0418.jpg 506w, https:\/\/welcome-ontour.de\/wordpress\/wp-content\/uploads\/2018\/01\/phoca_thumb_l_2017-03-16-02-img_0418-300x202.jpg 300w\" sizes=\"(max-width: 400px) 100vw, 400px\" \/><\/span><\/p>\n<p style=\"text-align: center;\"><span style=\"font-family: arial, helvetica, sans-serif; font-size: 12pt;\">\u00a0<\/span><\/p>\n<p style=\"text-align: center;\"><span style=\"font-family: arial, helvetica, sans-serif; font-size: 12pt;\">Die Wellen sind heute moderat und das t\u00fcrkis schimmernde Wasser hat magische Anziehungskraft.<\/span><\/p>\n<p style=\"text-align: center;\"><span style=\"font-family: arial, helvetica, sans-serif; font-size: 12pt;\">Ausruhen und Relaxen klappt ausgezeichnet, jedenfalls solange <\/span><\/p>\n<p style=\"text-align: center;\"><span style=\"font-family: arial, helvetica, sans-serif; font-size: 12pt;\">bis zur Mittagszeit immer mehr schwarzafrikanische Tuchverk\u00e4ufer auftauchen.<\/span><\/p>\n<p style=\"text-align: center;\"><span style=\"font-family: arial, helvetica, sans-serif; font-size: 12pt;\">Die versuchen ihre Ware so penetrant an die Frau zu bringen, dass es irgendwann wirklich st\u00f6rt.<\/span><\/p>\n<p style=\"text-align: center;\"><span style=\"font-family: arial, helvetica, sans-serif; font-size: 12pt;\">Am fr\u00fchen Nachmittag nimmt die Bew\u00f6lkung zu und wir wechseln an den Vista Sur Strand.<\/span><\/p>\n<p style=\"text-align: center;\"><span style=\"font-family: arial, helvetica, sans-serif; font-size: 12pt;\">\u00a0<\/span><\/p>\n<p style=\"text-align: center;\"><span style=\"font-family: arial, helvetica, sans-serif; font-size: 12pt;\"><img decoding=\"async\" class=\" size-full wp-image-9610\" title=\"Unterwegs\" src=\"https:\/\/welcome-ontour.de\/wordpress\/wp-content\/uploads\/2018\/01\/phoca_thumb_l_2017-03-16-03-img_0448.jpg\" alt=\"\" width=\"400\" height=\"268\" srcset=\"https:\/\/welcome-ontour.de\/wordpress\/wp-content\/uploads\/2018\/01\/phoca_thumb_l_2017-03-16-03-img_0448.jpg 506w, https:\/\/welcome-ontour.de\/wordpress\/wp-content\/uploads\/2018\/01\/phoca_thumb_l_2017-03-16-03-img_0448-300x201.jpg 300w\" sizes=\"(max-width: 400px) 100vw, 400px\" \/><\/span><\/p>\n<p style=\"text-align: center;\"><span style=\"font-family: arial, helvetica, sans-serif; font-size: 12pt;\">\u00a0<\/span><\/p>\n<p style=\"text-align: center;\"><span style=\"font-family: arial, helvetica, sans-serif; font-size: 12pt;\">Hier gef\u00e4llt uns neben der windgesch\u00fctzten Bucht vor allem das Vista Point Cafe.<\/span><\/p>\n<p style=\"text-align: center;\"><span style=\"font-family: arial, helvetica, sans-serif; font-size: 12pt;\">\u00a0<\/span><\/p>\n<p style=\"text-align: center;\"><span style=\"font-family: arial, helvetica, sans-serif; font-size: 12pt;\"><img decoding=\"async\" class=\" size-full wp-image-9611\" title=\"Vista Sur\" src=\"https:\/\/welcome-ontour.de\/wordpress\/wp-content\/uploads\/2018\/01\/phoca_thumb_l_2017-03-16-04-img_0465.jpg\" alt=\"\" width=\"400\" height=\"301\" srcset=\"https:\/\/welcome-ontour.de\/wordpress\/wp-content\/uploads\/2018\/01\/phoca_thumb_l_2017-03-16-04-img_0465.jpg 506w, https:\/\/welcome-ontour.de\/wordpress\/wp-content\/uploads\/2018\/01\/phoca_thumb_l_2017-03-16-04-img_0465-300x226.jpg 300w\" sizes=\"(max-width: 400px) 100vw, 400px\" \/>\u00a0 <img decoding=\"async\" class=\" size-full wp-image-9612\" title=\"Vista Sur\" src=\"https:\/\/welcome-ontour.de\/wordpress\/wp-content\/uploads\/2018\/01\/phoca_thumb_l_2017-03-16-05-img_0457.jpg\" alt=\"\" width=\"400\" height=\"301\" srcset=\"https:\/\/welcome-ontour.de\/wordpress\/wp-content\/uploads\/2018\/01\/phoca_thumb_l_2017-03-16-05-img_0457.jpg 506w, https:\/\/welcome-ontour.de\/wordpress\/wp-content\/uploads\/2018\/01\/phoca_thumb_l_2017-03-16-05-img_0457-300x226.jpg 300w\" sizes=\"(max-width: 400px) 100vw, 400px\" \/><\/span><\/p>\n<p style=\"text-align: center;\"><span style=\"font-family: arial, helvetica, sans-serif; font-size: 12pt;\">\u00a0<\/span><\/p>\n<p style=\"text-align: center;\"><span style=\"font-family: arial, helvetica, sans-serif; font-size: 12pt;\">T\u00e4glich sitzen wir hier in der ersten Reihe <\/span><\/p>\n<p style=\"text-align: center;\"><span style=\"font-family: arial, helvetica, sans-serif; font-size: 12pt;\">und genehmigen uns beim Spiel der Wellen leckere Mojitos, kalte Biere und starken Kaffee.<\/span><\/p>\n<p style=\"text-align: center;\"><span style=\"font-family: arial, helvetica, sans-serif; font-size: 12pt;\">\u00a0<\/span><\/p>\n<p style=\"text-align: center;\"><span style=\"font-family: arial, helvetica, sans-serif; font-size: 12pt;\"><a href=\"https:\/\/welcome-ontour.de\/wordpress\/wp-content\/uploads\/2018\/01\/phoca_thumb_l_2017-03-16-06-img_0452.jpg\" target=\"_blank\" rel=\"noopener noreferrer\"><img decoding=\"async\" class=\" size-full wp-image-9613\" title=\"Vista Point cafe\" src=\"https:\/\/welcome-ontour.de\/wordpress\/wp-content\/uploads\/2018\/01\/phoca_thumb_l_2017-03-16-06-img_0452.jpg\" alt=\"\" width=\"210\" height=\"279\" srcset=\"https:\/\/welcome-ontour.de\/wordpress\/wp-content\/uploads\/2018\/01\/phoca_thumb_l_2017-03-16-06-img_0452.jpg 381w, https:\/\/welcome-ontour.de\/wordpress\/wp-content\/uploads\/2018\/01\/phoca_thumb_l_2017-03-16-06-img_0452-226x300.jpg 226w\" sizes=\"(max-width: 210px) 100vw, 210px\" \/><\/a>\u00a0 <a href=\"https:\/\/welcome-ontour.de\/wordpress\/wp-content\/uploads\/2018\/01\/phoca_thumb_l_2017-03-16-07-a3bf4f6cfe5ea2.jpg\" target=\"_blank\" rel=\"noopener noreferrer\"><img decoding=\"async\" class=\" size-full wp-image-9614\" title=\"Vista Point Cafe\" src=\"https:\/\/welcome-ontour.de\/wordpress\/wp-content\/uploads\/2018\/01\/phoca_thumb_l_2017-03-16-07-a3bf4f6cfe5ea2.jpg\" alt=\"\" width=\"371\" height=\"279\" srcset=\"https:\/\/welcome-ontour.de\/wordpress\/wp-content\/uploads\/2018\/01\/phoca_thumb_l_2017-03-16-07-a3bf4f6cfe5ea2.jpg 506w, https:\/\/welcome-ontour.de\/wordpress\/wp-content\/uploads\/2018\/01\/phoca_thumb_l_2017-03-16-07-a3bf4f6cfe5ea2-300x226.jpg 300w\" sizes=\"(max-width: 371px) 100vw, 371px\" \/><\/a>\u00a0 <a href=\"https:\/\/welcome-ontour.de\/wordpress\/wp-content\/uploads\/2018\/01\/phoca_thumb_l_2017-03-16-08-img_0023.jpg\" target=\"_blank\" rel=\"noopener noreferrer\"><img decoding=\"async\" class=\" size-full wp-image-9615\" title=\"Vista Point Cafe\" src=\"https:\/\/welcome-ontour.de\/wordpress\/wp-content\/uploads\/2018\/01\/phoca_thumb_l_2017-03-16-08-img_0023.jpg\" alt=\"\" width=\"210\" height=\"279\" srcset=\"https:\/\/welcome-ontour.de\/wordpress\/wp-content\/uploads\/2018\/01\/phoca_thumb_l_2017-03-16-08-img_0023.jpg 381w, https:\/\/welcome-ontour.de\/wordpress\/wp-content\/uploads\/2018\/01\/phoca_thumb_l_2017-03-16-08-img_0023-226x300.jpg 226w\" sizes=\"(max-width: 210px) 100vw, 210px\" \/><\/a><\/span><\/p>\n<p style=\"text-align: center;\"><span style=\"font-family: arial, helvetica, sans-serif; font-size: 12pt;\">\u00a0<\/span><\/p>\n<p style=\"text-align: center;\"><span style=\"font-family: arial, helvetica, sans-serif; font-size: 12pt;\">Ab um vier ist der Strand zunehmend leerer.<\/span><\/p>\n<p style=\"text-align: center;\"><span style=\"font-family: arial, helvetica, sans-serif; font-size: 12pt;\">Die paar Verbleibenden genie\u00dfen entspannt die tief stehende Nachmittagssonne.<\/span><\/p>\n<p style=\"text-align: center;\"><span style=\"font-family: arial, helvetica, sans-serif; font-size: 12pt;\">Kulinarisch gibt es abends wieder Fisch satt im Pescadero.<\/span><\/p>\n<p style=\"text-align: center;\"><span style=\"font-family: arial, helvetica, sans-serif; font-size: 12pt;\">\u00a0<\/span><\/p>\n<p style=\"text-align: center;\"><span style=\"font-family: arial, helvetica, sans-serif; font-size: 12pt;\"><a href=\"https:\/\/welcome-ontour.de\/wordpress\/wp-content\/uploads\/2018\/01\/phoca_thumb_l_2017-03-16-09-20170316_201002.jpg\" target=\"_blank\" rel=\"noopener noreferrer\"><img decoding=\"async\" class=\" size-full wp-image-9616\" title=\"Pescadero\" src=\"https:\/\/welcome-ontour.de\/wordpress\/wp-content\/uploads\/2018\/01\/phoca_thumb_l_2017-03-16-09-20170316_201002.jpg\" alt=\"\" width=\"175\" height=\"232\" srcset=\"https:\/\/welcome-ontour.de\/wordpress\/wp-content\/uploads\/2018\/01\/phoca_thumb_l_2017-03-16-09-20170316_201002.jpg 381w, https:\/\/welcome-ontour.de\/wordpress\/wp-content\/uploads\/2018\/01\/phoca_thumb_l_2017-03-16-09-20170316_201002-226x300.jpg 226w\" sizes=\"(max-width: 175px) 100vw, 175px\" \/><\/a>\u00a0 <a href=\"https:\/\/welcome-ontour.de\/wordpress\/wp-content\/uploads\/2018\/01\/phoca_thumb_l_2017-03-16-10-20170316_202929.jpg\" target=\"_blank\" rel=\"noopener noreferrer\"><img decoding=\"async\" class=\" size-full wp-image-9617\" title=\"Pescadero\" src=\"https:\/\/welcome-ontour.de\/wordpress\/wp-content\/uploads\/2018\/01\/phoca_thumb_l_2017-03-16-10-20170316_202929.jpg\" alt=\"\" width=\"308\" height=\"232\" srcset=\"https:\/\/welcome-ontour.de\/wordpress\/wp-content\/uploads\/2018\/01\/phoca_thumb_l_2017-03-16-10-20170316_202929.jpg 506w, https:\/\/welcome-ontour.de\/wordpress\/wp-content\/uploads\/2018\/01\/phoca_thumb_l_2017-03-16-10-20170316_202929-300x226.jpg 300w\" sizes=\"(max-width: 308px) 100vw, 308px\" \/><\/a>\u00a0 <a href=\"https:\/\/welcome-ontour.de\/wordpress\/wp-content\/uploads\/2018\/01\/phoca_thumb_l_2017-03-16-11-20170316_210549.jpg\" target=\"_blank\" rel=\"noopener noreferrer\"><img decoding=\"async\" class=\" size-full wp-image-9618\" title=\"Dessert\" src=\"https:\/\/welcome-ontour.de\/wordpress\/wp-content\/uploads\/2018\/01\/phoca_thumb_l_2017-03-16-11-20170316_210549.jpg\" alt=\"\" width=\"308\" height=\"232\" srcset=\"https:\/\/welcome-ontour.de\/wordpress\/wp-content\/uploads\/2018\/01\/phoca_thumb_l_2017-03-16-11-20170316_210549.jpg 506w, https:\/\/welcome-ontour.de\/wordpress\/wp-content\/uploads\/2018\/01\/phoca_thumb_l_2017-03-16-11-20170316_210549-300x226.jpg 300w\" sizes=\"(max-width: 308px) 100vw, 308px\" \/><\/a><\/span><\/p>\n<p style=\"text-align: center;\"><span style=\"font-family: arial, helvetica, sans-serif; font-size: 12pt;\"><a href=\"https:\/\/welcome-ontour.de\/wordpress\/wp-content\/uploads\/2018\/01\/phoca_thumb_l_2017-03-16-12-20170316_201008.jpg\" target=\"_blank\" rel=\"noopener noreferrer\"><img decoding=\"async\" class=\" size-full wp-image-9619\" title=\"Gambas Al Ajillo\" src=\"https:\/\/welcome-ontour.de\/wordpress\/wp-content\/uploads\/2018\/01\/phoca_thumb_l_2017-03-16-12-20170316_201008.jpg\" alt=\"\" width=\"308\" height=\"232\" srcset=\"https:\/\/welcome-ontour.de\/wordpress\/wp-content\/uploads\/2018\/01\/phoca_thumb_l_2017-03-16-12-20170316_201008.jpg 506w, https:\/\/welcome-ontour.de\/wordpress\/wp-content\/uploads\/2018\/01\/phoca_thumb_l_2017-03-16-12-20170316_201008-300x226.jpg 300w\" sizes=\"(max-width: 308px) 100vw, 308px\" \/><\/a>\u00a0 <a href=\"https:\/\/welcome-ontour.de\/wordpress\/wp-content\/uploads\/2018\/01\/phoca_thumb_l_2017-03-16-13-20170316_202934.jpg\" target=\"_blank\" rel=\"noopener noreferrer\"><img decoding=\"async\" class=\" size-full wp-image-9620\" title=\"Pescadero\" src=\"https:\/\/welcome-ontour.de\/wordpress\/wp-content\/uploads\/2018\/01\/phoca_thumb_l_2017-03-16-13-20170316_202934.jpg\" alt=\"\" width=\"308\" height=\"232\" srcset=\"https:\/\/welcome-ontour.de\/wordpress\/wp-content\/uploads\/2018\/01\/phoca_thumb_l_2017-03-16-13-20170316_202934.jpg 506w, https:\/\/welcome-ontour.de\/wordpress\/wp-content\/uploads\/2018\/01\/phoca_thumb_l_2017-03-16-13-20170316_202934-300x226.jpg 300w\" sizes=\"(max-width: 308px) 100vw, 308px\" \/><\/a>\u00a0 <a href=\"https:\/\/welcome-ontour.de\/wordpress\/wp-content\/uploads\/2018\/01\/phoca_thumb_l_2017-03-16-14-20170316_210259.jpg\" target=\"_blank\" rel=\"noopener noreferrer\"><img decoding=\"async\" class=\" size-full wp-image-9621\" title=\"Nachspeise\" src=\"https:\/\/welcome-ontour.de\/wordpress\/wp-content\/uploads\/2018\/01\/phoca_thumb_l_2017-03-16-14-20170316_210259.jpg\" alt=\"\" width=\"175\" height=\"232\" srcset=\"https:\/\/welcome-ontour.de\/wordpress\/wp-content\/uploads\/2018\/01\/phoca_thumb_l_2017-03-16-14-20170316_210259.jpg 381w, https:\/\/welcome-ontour.de\/wordpress\/wp-content\/uploads\/2018\/01\/phoca_thumb_l_2017-03-16-14-20170316_210259-226x300.jpg 226w\" sizes=\"(max-width: 175px) 100vw, 175px\" \/><\/a><\/span><\/p>\n<p style=\"text-align: center;\"><span style=\"font-family: arial, helvetica, sans-serif; font-size: 12pt;\">\u00a0<\/span><\/p>\n<p style=\"text-align: center;\"><span style=\"font-family: arial, helvetica, sans-serif; font-size: 12pt;\">Gefahrene Kilometer: 36<\/span><\/p>\n<p style=\"text-align: center;\"><span style=\"font-family: arial, helvetica, sans-serif; font-size: 12pt;\">\u00a0<\/span><\/p>\n<p style=\"text-align: center;\"><span style=\"font-family: arial, helvetica, sans-serif; font-size: 12pt;\">\u00dcbernachtung: <a href=\"https:\/\/marenostrumresort.com\/de\/hotel-mediterranean-palace\/\" target=\"_blank\" rel=\"noopener noreferrer\">Mare Nostrum Resort<\/a>, Playa Las Americas, Teneriffa **** 129\u20ac<\/span><\/p>\n<p style=\"text-align: center;\"><span style=\"font-size: 10pt; font-family: arial, helvetica, sans-serif;\"><a href=\"https:\/\/welcome-ontour.de\/wordpress\/index.php\/2017-03-15\">&lt; zur\u00fcck<\/a>\u00a0 \u00a0 \u00a0 \u00a0 \u00a0 \u00a0 \u00a0 \u00a0 \u00a0 \u00a0 \u00a0 \u00a0 \u00a0 \u00a0 \u00a0 \u00a0 \u00a0 \u00a0 \u00a0 \u00a0 \u00a0 \u00a0 \u00a0 \u00a0 \u00a0 \u00a0 \u00a0 \u00a0 \u00a0 \u00a0 \u00a0 \u00a0 \u00a0 \u00a0 \u00a0 \u00a0 \u00a0 \u00a0 \u00a0 \u00a0 \u00a0 \u00a0 \u00a0 \u00a0 \u00a0 \u00a0 \u00a0 \u00a0 \u00a0 \u00a0 \u00a0 \u00a0 \u00a0 \u00a0 \u00a0 \u00a0 \u00a0 \u00a0 \u00a0 \u00a0 \u00a0 \u00a0 \u00a0 \u00a0 \u00a0 \u00a0 \u00a0 \u00a0 \u00a0 \u00a0 \u00a0 \u00a0 \u00a0 \u00a0 \u00a0 \u00a0 \u00a0 \u00a0 \u00a0 \u00a0 \u00a0 \u00a0 \u00a0 \u00a0 \u00a0 \u00a0 \u00a0 \u00a0 \u00a0 \u00a0 \u00a0 \u00a0 \u00a0 \u00a0 \u00a0<a href=\"https:\/\/welcome-ontour.de\/wordpress\/index.php\/2017-03-17\">weiter &gt;<\/a><\/span><\/p>\n","protected":false},"excerpt":{"rendered":"<p>Prolog \u00a0 \u00a0 \u00a0 \u00a0Anreise\u00a0 \u00a0 \u00a0 \u00a0 \u00a0\u00a0Beach\u00a0 \u00a0 \u00a0 \u00a0 \u00a0\u00a0Los Gigantos\u00a0 \u00a0 \u00a0 \u00a0 \u00a0Masca\u00a0 \u00a0 \u00a0 \u00a0 \u00a0\u00a0Barranco Del Inferno\u00a0 \u00a0 \u00a0 \u00a0 \u00a0\u00a0Duque\u00a0 \u00a0 \u00a0 \u00a0 \u00a0\u00a0Beach\u00a0 \u00a0 \u00a0 \u00a0 \u00a0\u00a0R\u00fcckreise\u00a0 \u00a0 \u00a0 \u00a0 \u00a0\u00a0Fazit &lt; zur\u00fcck\u00a0 \u00a0 \u00a0 \u00a0 \u00a0 \u00a0 \u00a0 \u00a0 \u00a0 \u00a0 \u00a0 \u00a0 \u00a0 \u00a0 \u00a0 \u00a0 \u00a0 \u00a0 \u00a0 \u00a0 \u00a0 \u00a0 \u00a0 \u00a0 \u00a0 \u00a0 \u00a0 \u00a0 \u00a0 \u00a0 \u00a0 \u00a0 \u00a0 \u00a0 \u00a0 \u00a0 \u00a0 \u00a0 \u00a0 \u00a0 \u00a0 \u00a0 \u00a0 \u00a0 \u00a0 \u00a0 \u00a0 \u00a0 \u00a0 \u00a0 \u00a0 \u00a0 \u00a0 \u00a0 \u00a0 \u00a0 \u00a0 \u00a0 \u00a0 \u00a0 \u00a0 \u00a0 \u00a0 \u00a0 \u00a0 \u00a0 \u00a0 \u00a0 \u00a0 \u00a0 \u00a0 \u00a0 \u00a0 \u00a0 \u00a0 \u00a0 \u00a0 \u00a0 \u00a0 \u00a0 \u00a0 \u00a0 \u00a0 \u00a0 \u00a0 \u00a0 \u00a0 \u00a0 \u00a0 \u00a0 \u00a0 \u00a0 \u00a0 \u00a0 \u00a0weiter &gt; Do 16.3. \u00a0 Playa Del Duque \u00a0 Schon bei den n\u00e4chtlichen Wanderungen ins Bad merk ich jeden einzelnen Muskel unterhalb der H\u00fcfte. Treppen im Hotel werden heute vermieden, wir fahren Fahrstuhl. Das Wetter zeigt sich auch heute wieder von seiner besten Seite. Wir beschlie\u00dfen, den Ruhetag an der Playa del Duque zu verbringen. Schnell sind wir im Beachparkhaus und wenige Schritte sp\u00e4ter am Strand. \u00a0 \u00a0 \u00a0 Die Wellen sind heute moderat und das t\u00fcrkis schimmernde Wasser hat magische Anziehungskraft. Ausruhen und Relaxen klappt ausgezeichnet, jedenfalls solange bis zur Mittagszeit immer mehr schwarzafrikanische Tuchverk\u00e4ufer auftauchen. Die versuchen ihre Ware so penetrant an die Frau zu bringen, dass es irgendwann wirklich st\u00f6rt. Am fr\u00fchen Nachmittag nimmt die Bew\u00f6lkung zu und wir wechseln an den Vista Sur Strand. \u00a0 \u00a0 Hier gef\u00e4llt uns neben der windgesch\u00fctzten Bucht vor allem das Vista Point Cafe. \u00a0 \u00a0 \u00a0 T\u00e4glich sitzen wir hier in der ersten Reihe und genehmigen uns beim Spiel der Wellen leckere Mojitos, kalte Biere und starken Kaffee. \u00a0 \u00a0 \u00a0 \u00a0 Ab um vier ist der Strand zunehmend leerer. Die paar Verbleibenden genie\u00dfen entspannt die tief stehende Nachmittagssonne. Kulinarisch gibt es abends wieder Fisch satt im Pescadero. \u00a0 \u00a0 \u00a0 \u00a0 \u00a0 \u00a0 Gefahrene Kilometer: 36 \u00a0 \u00dcbernachtung: Mare Nostrum Resort, Playa Las Americas, Teneriffa **** 129\u20ac &lt; zur\u00fcck\u00a0 \u00a0 \u00a0 \u00a0 \u00a0 \u00a0 \u00a0 \u00a0 \u00a0 \u00a0 \u00a0 \u00a0 \u00a0 \u00a0 \u00a0 \u00a0 \u00a0 \u00a0 \u00a0 \u00a0 \u00a0 \u00a0 \u00a0 \u00a0 \u00a0 \u00a0 \u00a0 \u00a0 \u00a0 \u00a0 \u00a0 \u00a0 \u00a0 \u00a0 \u00a0 \u00a0 \u00a0 \u00a0 \u00a0 \u00a0 \u00a0 \u00a0 \u00a0 \u00a0 \u00a0 \u00a0 \u00a0 \u00a0 \u00a0 \u00a0 \u00a0 \u00a0 \u00a0 \u00a0 \u00a0 \u00a0 \u00a0 \u00a0 \u00a0 \u00a0 \u00a0 \u00a0 \u00a0 \u00a0 \u00a0 \u00a0 \u00a0 \u00a0 \u00a0 \u00a0 \u00a0 \u00a0 \u00a0 \u00a0 \u00a0 \u00a0 \u00a0 \u00a0 \u00a0 \u00a0 \u00a0 \u00a0 \u00a0 \u00a0 \u00a0 \u00a0 \u00a0 \u00a0 \u00a0 \u00a0 \u00a0 \u00a0 \u00a0 \u00a0 \u00a0weiter &gt;<\/p>\n","protected":false},"author":1,"featured_media":9608,"parent":0,"menu_order":3,"comment_status":"closed","ping_status":"closed","template":"","meta":{"footnotes":""},"class_list":["post-9622","page","type-page","status-publish","has-post-thumbnail","hentry"],"_links":{"self":[{"href":"https:\/\/welcome-ontour.de\/wordpress\/index.php\/wp-json\/wp\/v2\/pages\/9622","targetHints":{"allow":["GET"]}}],"collection":[{"href":"https:\/\/welcome-ontour.de\/wordpress\/index.php\/wp-json\/wp\/v2\/pages"}],"about":[{"href":"https:\/\/welcome-ontour.de\/wordpress\/index.php\/wp-json\/wp\/v2\/types\/page"}],"author":[{"embeddable":true,"href":"https:\/\/welcome-ontour.de\/wordpress\/index.php\/wp-json\/wp\/v2\/users\/1"}],"replies":[{"embeddable":true,"href":"https:\/\/welcome-ontour.de\/wordpress\/index.php\/wp-json\/wp\/v2\/comments?post=9622"}],"version-history":[{"count":2,"href":"https:\/\/welcome-ontour.de\/wordpress\/index.php\/wp-json\/wp\/v2\/pages\/9622\/revisions"}],"predecessor-version":[{"id":17141,"href":"https:\/\/welcome-ontour.de\/wordpress\/index.php\/wp-json\/wp\/v2\/pages\/9622\/revisions\/17141"}],"wp:featuredmedia":[{"embeddable":true,"href":"https:\/\/welcome-ontour.de\/wordpress\/index.php\/wp-json\/wp\/v2\/media\/9608"}],"wp:attachment":[{"href":"https:\/\/welcome-ontour.de\/wordpress\/index.php\/wp-json\/wp\/v2\/media?parent=9622"}],"curies":[{"name":"wp","href":"https:\/\/api.w.org\/{rel}","templated":true}]}}