{"id":9481,"date":"2017-02-03T10:06:04","date_gmt":"2017-02-03T10:06:04","guid":{"rendered":"https:\/\/welcome-ontour.de\/wordpress\/index.php\/2016-10-16-fazit\/"},"modified":"2022-06-30T23:06:16","modified_gmt":"2022-06-30T23:06:16","slug":"2016-10-16-fazit","status":"publish","type":"page","link":"https:\/\/welcome-ontour.de\/wordpress\/index.php\/2016-10-16-fazit\/","title":{"rendered":"2016 10 16 fazit"},"content":{"rendered":"<p style=\"text-align: center;\"><span style=\"font-family: arial, helvetica, sans-serif; font-size: x-small;\"><a href=\"https:\/\/welcome-ontour.de\/wordpress\/index.php\/2016-09-23-prolog\/\">prolog<\/a>\u00a0\u00a0. \u00a0<a href=\"https:\/\/welcome-ontour.de\/wordpress\/index.php\/2016-09-24\/\">hinflug<\/a>\u00a0\u00a0. \u00a0<a href=\"https:\/\/welcome-ontour.de\/wordpress\/index.php\/2016-09-25\/\">san antonio<\/a>\u00a0\u00a0. \u00a0<a href=\"https:\/\/welcome-ontour.de\/wordpress\/index.php\/2016-09-28\/\">big bend<\/a>\u00a0\u00a0. \u00a0<a href=\"https:\/\/welcome-ontour.de\/wordpress\/index.php\/2016-10-01\/\">el paso<\/a>\u00a0\u00a0. \u00a0<a href=\"https:\/\/welcome-ontour.de\/wordpress\/index.php\/2016-10-03\/\">tucson<\/a>\u00a0\u00a0. \u00a0<a href=\"https:\/\/welcome-ontour.de\/wordpress\/index.php\/2016-10-07\/\">phoenix<\/a>\u00a0\u00a0. \u00a0<a href=\"https:\/\/welcome-ontour.de\/wordpress\/index.php\/2016-10-10\/\">palm springs<\/a>\u00a0\u00a0. \u00a0<a href=\"https:\/\/welcome-ontour.de\/wordpress\/index.php\/2016-10-13\/\">los angeles<\/a>\u00a0\u00a0. \u00a0<a href=\"https:\/\/welcome-ontour.de\/wordpress\/index.php\/2016-10-14\/\">r\u00fcckflug<\/a>\u00a0\u00a0. \u00a0<a href=\"https:\/\/welcome-ontour.de\/wordpress\/index.php\/2016-10-16-fazit\/\">fazit<\/a><\/span><\/p>\n<p style=\"text-align: center;\"><a style=\"font-family: arial, helvetica, sans-serif; font-size: small;\" href=\"https:\/\/welcome-ontour.de\/wordpress\/index.php\/2016-10-15\/\">&lt;&lt; Zur\u00fcck<\/a><span style=\"font-family: arial, helvetica, sans-serif; font-size: small;\">\u00a0 \u00a0 \u00a0 \u00a0 \u00a0 \u00a0 \u00a0 \u00a0 \u00a0 \u00a0 \u00a0 \u00a0 \u00a0 \u00a0 \u00a0 \u00a0 \u00a0 \u00a0 \u00a0 \u00a0 \u00a0 \u00a0 \u00a0 \u00a0 \u00a0 \u00a0 \u00a0 \u00a0 \u00a0 \u00a0 \u00a0 \u00a0 \u00a0 \u00a0 \u00a0 \u00a0 \u00a0 \u00a0 \u00a0 \u00a0 \u00a0 \u00a0 \u00a0 \u00a0 \u00a0 \u00a0 \u00a0 \u00a0 \u00a0 \u00a0 \u00a0 \u00a0 \u00a0 \u00a0 \u00a0 \u00a0 \u00a0 \u00a0 \u00a0 \u00a0 \u00a0 \u00a0 \u00a0 \u00a0 \u00a0 \u00a0 \u00a0 \u00a0 \u00a0 \u00a0 \u00a0 \u00a0 \u00a0 \u00a0 \u00a0 \u00a0 \u00a0 \u00a0 \u00a0 \u00a0 \u00a0 \u00a0 \u00a0 \u00a0 \u00a0 \u00a0 \u00a0 \u00a0 \u00a0 \u00a0 \u00a0 \u00a0 \u00a0 \u00a0\u00a0<\/span><a style=\"font-family: arial, helvetica, sans-serif; font-size: small;\" href=\"https:\/\/welcome-ontour.de\/wordpress\/index.php\/reiseberichte\/\">Reiseberichte &gt;&gt;<\/a><\/p>\n<p style=\"text-align: center;\">\n<p style=\"text-align: center;\"><span style=\"font-family: arial, helvetica, sans-serif; font-size: medium;\">\u00a0<\/span><\/p>\n<p style=\"text-align: center;\"><span style=\"font-family: arial, helvetica, sans-serif; font-size: medium;\">\u00a0<\/span><\/p>\n<p style=\"text-align: center;\"><strong style=\"font-size: 12.16px;\"><span style=\"font-family: arial, helvetica, sans-serif; font-size: medium;\">Fazit<\/span><\/strong><\/p>\n<p style=\"text-align: center;\"><span style=\"font-family: arial, helvetica, sans-serif; font-size: medium;\">\u00a0<\/span><\/p>\n<p style=\"text-align: center;\"><span style=\"font-family: arial, helvetica, sans-serif; font-size: medium;\">In Southern Arizona waren wir schon mehrfach unterwegs und der Gegend wollten wir dieses Mal mehr Zeit widmen.<\/span><\/p>\n<p style=\"text-align: center;\"><span style=\"font-family: arial, helvetica, sans-serif; font-size: medium;\">Da uns der entlegene Big Bend Nationalpark schon lange gereizt hat, wurde eine Tour von Texas nach California geplant.<\/span><\/p>\n<p style=\"text-align: center;\"><span style=\"font-family: arial, helvetica, sans-serif; font-size: medium;\">Aufgrund des sp\u00e4ten Reisezeitraumes haben wir uns entschieden, in\u00a0 der N\u00e4he der mexikanischen Grenze zu bleiben.<\/span><\/p>\n<p style=\"text-align: center;\"><span style=\"font-family: arial, helvetica, sans-serif; font-size: medium;\">Die Hoffnung auf zuverl\u00e4ssig warmes Sommerwetter hat sich absolut erf\u00fcllt.<\/span><\/p>\n<p style=\"text-align: center;\"><span style=\"font-family: arial, helvetica, sans-serif; font-size: medium;\">Wir sind dieses Mal nicht jeden Tag weitergezogen, sondern haben fast immer mehrere Tage an einem Ort verbracht.<\/span><\/p>\n<p style=\"text-align: center;\"><span style=\"font-family: arial, helvetica, sans-serif; font-size: medium;\">Bei der Wahl der Unterk\u00fcnfte haben wir besonderen Wert auf Komfort gelegt und wurden nicht entt\u00e4uscht.<\/span><\/p>\n<p style=\"text-align: center;\"><span style=\"font-family: arial, helvetica, sans-serif; font-size: medium;\">R\u00fcckwirkend betrachtet w\u00fcrden wir so ziemlich alles wieder genauso machen.<\/span><\/p>\n<p style=\"text-align: center;\"><span style=\"font-family: arial, helvetica, sans-serif; font-size: medium;\">Die ganze Tour war super angenehm relaxt, wir haben jede Minute genossen.<\/span><\/p>\n<p style=\"text-align: center;\"><span style=\"font-family: arial, helvetica, sans-serif; font-size: medium;\">Es war ein wunderbares Erlebnis die fantastische W\u00fcstenlandschaft unmittelbar zu erleben.<\/span><\/p>\n<p style=\"text-align: center;\"><span style=\"font-family: arial, helvetica, sans-serif; font-size: medium;\">Genauso haben uns die Aufenthalte in den Gro\u00dfst\u00e4dten San Antonio, El Paso und Phoenix gefallen.<\/span><\/p>\n<p style=\"text-align: center;\"><span style=\"font-family: arial, helvetica, sans-serif; font-size: medium;\">Besonders die Zeit in San Antonio mit dem Riverwalk und dem Besuch im Majestic Theatre war super.<\/span><\/p>\n<p style=\"text-align: center;\"><span style=\"font-family: arial, helvetica, sans-serif; font-size: medium;\">\u00a0<\/span><\/p>\n<p style=\"text-align: center;\"><span style=\"font-family: arial, helvetica, sans-serif; font-size: medium;\"><img decoding=\"async\" class=\" size-full wp-image-9478\" title=\"Saguaro Nationalpark\" src=\"https:\/\/welcome-ontour.de\/wordpress\/wp-content\/uploads\/2017\/02\/phoca_thumb_l_2016-09-aqua-05-tucson-arizona1.jpg\" width=\"500\" height=\"346\" border=\"0\" srcset=\"https:\/\/welcome-ontour.de\/wordpress\/wp-content\/uploads\/2017\/02\/phoca_thumb_l_2016-09-aqua-05-tucson-arizona1.jpg 602w, https:\/\/welcome-ontour.de\/wordpress\/wp-content\/uploads\/2017\/02\/phoca_thumb_l_2016-09-aqua-05-tucson-arizona1-300x207.jpg 300w\" sizes=\"(max-width: 500px) 100vw, 500px\" \/><\/span><\/p>\n<p style=\"text-align: center;\"><span style=\"font-family: arial, helvetica, sans-serif; font-size: medium;\">Im Vorfeld haben wir lange \u00fcberlegt, ob wir in Texas bleiben oder eine Reise bis an den Pazifik daraus machen.<\/span><\/p>\n<p style=\"text-align: center;\"><span style=\"font-family: arial, helvetica, sans-serif; font-size: medium;\">Die Verlockung, mal mehr Zeit im geliebten S\u00fcd-Arizona zu haben hat schlie\u00dflich den Ausschlag gegeben.<\/span><\/p>\n<p style=\"text-align: center;\"><span style=\"font-family: arial, helvetica, sans-serif; font-size: medium;\">In den sauren Apfel der Zusatzkosten der Onewaymiete f\u00fcr Leihwagen mussten wir bei\u00dfen.<\/span><\/p>\n<p style=\"text-align: center;\"><span style=\"font-family: arial, helvetica, sans-serif; font-size: medium;\">Bei den Fl\u00fcgen war es preislich kein gr\u00f6\u00dferer Unterschied.<\/span><\/p>\n<p style=\"text-align: center;\"><span style=\"font-family: arial, helvetica, sans-serif; font-size: medium;\">Wir sind auch dieses Mal mit Air Berlin geflogen, zu unserer vollsten Zufriedenheit.<\/span><\/p>\n<p style=\"text-align: center;\"><span style=\"font-family: arial, helvetica, sans-serif; font-size: medium;\">Service, P\u00fcnktlichkeit und Sitzkomfort waren v\u00f6llig okay und wir werden wahrscheinlich auch weiterhin <\/span><\/p>\n<p style=\"text-align: center;\"><span style=\"font-family: arial, helvetica, sans-serif; font-size: medium;\">Air Berliner bleiben.\u00a0<\/span><span style=\"font-family: arial, helvetica, sans-serif; font-size: medium;\">Interessant war es, mit den kleinen CRJ und BAe Maschinen\u00a0 zu fliegen.<\/span><\/p>\n<p style=\"text-align: center;\"><span style=\"font-family: arial, helvetica, sans-serif; font-size: medium;\">Leihwagentechnisch war der Grand Cherokee genau richtig.<\/span><\/p>\n<p style=\"text-align: center;\"><span style=\"font-family: arial, helvetica, sans-serif; font-size: medium;\">Ich hatte zwar ein 7 Sitzer Standard-SUV als Sonderangebot gebucht.<\/span><\/p>\n<p style=\"text-align: center;\"><span style=\"font-family: arial, helvetica, sans-serif; font-size: medium;\">Nat\u00fcrlich nicht, weil wir 7 Sitze brauchen, sondern weil es der gleiche Preis wie f\u00fcr einen kleineren Midsize SUV war.<\/span><\/p>\n<p style=\"text-align: center;\"><span style=\"font-family: arial, helvetica, sans-serif; font-size: medium;\">H\u00e4tte also bei Wagenabholung gute Argumente f\u00fcr einen Wagentausch gehabt, weil der Jeep keine 7 Sitze hatte.<\/span><\/p>\n<p style=\"text-align: center;\"><span style=\"font-family: arial, helvetica, sans-serif; font-size: medium;\">Jedoch war er fast neu, toll ausgestattet, mit knapp 300 PS gut motorisiert <\/span><\/p>\n<p style=\"text-align: center;\"><span style=\"font-family: arial, helvetica, sans-serif; font-size: medium;\">und hatte eine sehr gute Bodenfreiheit, was uns wirklich wichtig war.<\/span><\/p>\n<p style=\"text-align: center;\"><span style=\"font-family: arial, helvetica, sans-serif; font-size: medium;\">Sicher und komfortabel hat er uns insgesamt 2845 Meilen (4581 km) durch den S\u00fcdwesten gebracht.<\/span><\/p>\n<p style=\"text-align: center;\"><span style=\"font-family: arial, helvetica, sans-serif; font-size: medium;\">Durch unsere gem\u00e4\u00dfigte Cruiserei stand zum Schluss ein Durchschnittsverbrauch <\/span><\/p>\n<p style=\"text-align: center;\"><span style=\"font-family: arial, helvetica, sans-serif; font-size: medium;\">von 25 mpg auf dem Bordcomputer, was umgerechnet etwa 9,5 Liter auf 100 km sind.<\/span><\/p>\n<p style=\"text-align: center;\"><span style=\"font-family: arial, helvetica, sans-serif; font-size: medium;\">Wie schon weiter oben erw\u00e4hnt, hatten wir das Niveau bei den Unterk\u00fcnften dieses Mal h\u00f6her angesetzt.<\/span><\/p>\n<p style=\"text-align: center;\"><span style=\"font-family: arial, helvetica, sans-serif; font-size: medium;\">Waren oft mehrere N\u00e4chte im gleichen Hotel und wollten uns dann jedes Mal auf die abendliche R\u00fcckkehr \u201enach Hause\u201c freuen.<\/span><\/p>\n<p style=\"text-align: center;\"><span style=\"font-family: arial, helvetica, sans-serif; font-size: medium;\">Das hat auch wunderbar funktioniert, w\u00e4re aber ohne die Hilfe von <a href=\"https:\/\/www.hotwire.com\/\" target=\"_blank\" rel=\"noopener noreferrer\">Hotwire<\/a> und <a href=\"https:\/\/www.priceline.com\/\" target=\"_blank\" rel=\"noopener noreferrer\">Priceline<\/a> erheblich teurer geworden.<\/span><\/p>\n<p style=\"text-align: center;\"><span style=\"font-family: arial, helvetica, sans-serif; font-size: medium;\">Besonders die Quartiere in San Antonio, Tucson und Palm Springs waren spitze.<\/span><\/p>\n<p style=\"text-align: center;\"><span style=\"font-family: arial, helvetica, sans-serif; font-size: medium;\">\u00a0<\/span><\/p>\n<p style=\"text-align: center;\"><span style=\"font-family: arial, helvetica, sans-serif; font-size: medium;\"><img decoding=\"async\" class=\" size-full wp-image-9479\" title=\"Joshua Tree Nationalpark\" src=\"https:\/\/welcome-ontour.de\/wordpress\/wp-content\/uploads\/2017\/02\/phoca_thumb_l_2016-09-aqua-10-joshua-tree-nationalpark-california3.jpg\" width=\"500\" height=\"332\" border=\"0\" srcset=\"https:\/\/welcome-ontour.de\/wordpress\/wp-content\/uploads\/2017\/02\/phoca_thumb_l_2016-09-aqua-10-joshua-tree-nationalpark-california3.jpg 602w, https:\/\/welcome-ontour.de\/wordpress\/wp-content\/uploads\/2017\/02\/phoca_thumb_l_2016-09-aqua-10-joshua-tree-nationalpark-california3-300x199.jpg 300w\" sizes=\"(max-width: 500px) 100vw, 500px\" \/><\/span><\/p>\n<p style=\"text-align: center;\"><span style=\"font-family: arial, helvetica, sans-serif; font-size: medium;\">\u00a0<\/span><\/p>\n<p style=\"text-align: center;\"><span style=\"font-family: arial, helvetica, sans-serif; font-size: medium;\">Zum Abschlu\u00df auch hier die Zahlen.<\/span><\/p>\n<p style=\"text-align: center;\"><span style=\"font-family: arial, helvetica, sans-serif; font-size: medium;\">Die Fl\u00fcge haben wir im Februar 2016 direkt auf der <a href=\"https:\/\/www.airberlin.com\/\" target=\"_blank\" rel=\"noopener noreferrer\">Air Berlin Homepage<\/a> gebucht.<\/span><\/p>\n<p style=\"text-align: center;\"><span style=\"font-family: arial, helvetica, sans-serif; font-size: medium;\">643 Euro waren daf\u00fcr pro Person f\u00e4llig.<\/span><\/p>\n<p style=\"text-align: center;\"><span style=\"font-family: arial, helvetica, sans-serif; font-size: medium;\"><a href=\"https:\/\/www.airberlin.com\/de\/site\/landingpages\/economy_class_long.php\" target=\"_blank\" rel=\"noopener noreferrer\">XL-Seats<\/a> f\u00fcr die beiden Langstreckenfl\u00fcge haben uns je 10.000 <a href=\"https:\/\/topbonus.airberlin.com\/web\/tb\" target=\"_blank\" rel=\"noopener noreferrer\">Topbonus Miles<\/a> pro Flug und Person gekostet.<\/span><\/p>\n<p style=\"text-align: center;\"><span style=\"font-family: arial, helvetica, sans-serif; font-size: medium;\">Eine Investition die sich f\u00fcr uns 100%-ig ausgezahlt hat.<\/span><\/p>\n<p style=\"text-align: center;\"><span style=\"font-family: arial, helvetica, sans-serif; font-size: medium;\">Das Mietwagenangebot habe ich auf der spanischen Seite von <a href=\"https:\/\/www.hertz.es\/rentacar\/reservation\/\" target=\"_blank\" rel=\"noopener noreferrer\">Hertz<\/a> gefunden.<\/span><\/p>\n<p style=\"text-align: center;\"><span style=\"font-family: arial, helvetica, sans-serif; font-size: medium;\">F\u00fcr einen sieben-sitzigen Standard-SUV haben wir 801 Euro \u00fcberwiesen.<\/span><\/p>\n<p style=\"text-align: center;\"><span style=\"font-family: arial, helvetica, sans-serif; font-size: medium;\">Dazu kam noch die Einwegmiete von 406 Euro.<\/span><\/p>\n<p style=\"text-align: center;\"><span style=\"font-family: arial, helvetica, sans-serif; font-size: medium;\">Der durchschnittliche Preis einer \u00dcbernachtung lag bei 82 Euro (93$).<\/span><\/p>\n<p style=\"text-align: center;\"><span style=\"font-family: arial, helvetica, sans-serif; font-size: medium;\">In Anbetracht der Luxus-Unterk\u00fcnfte waren wir damit sehr zufrieden.<\/span><\/p>\n<p style=\"text-align: center;\"><span style=\"font-family: arial, helvetica, sans-serif; font-size: medium;\">\u00a0<\/span><\/p>\n<p style=\"text-align: center;\"><span style=\"font-family: arial, helvetica, sans-serif; font-size: medium;\">Es war eine angenehm entspannte Tour mit \u00fcberschaubaren Entfernungen, <\/span><\/p>\n<p style=\"text-align: center;\"><span style=\"font-family: arial, helvetica, sans-serif; font-size: medium;\">einer fantastischen Natur,\u00a0<\/span><span style=\"font-family: arial, helvetica, sans-serif; font-size: medium;\">anstrengenden Wanderungen, imposanten Offroadabenteuern,<\/span><\/p>\n<p style=\"text-align: center;\"><span style=\"font-family: arial, helvetica, sans-serif; font-size: medium;\"> tollen Quartieren, geilen Konzerten und wunderbarem Sp\u00e4tsommerwetter.<\/span><\/p>\n<p style=\"text-align: center;\"><span style=\"font-family: arial, helvetica, sans-serif; font-size: medium;\"> Kurz: War ein toller Urlaub!<\/span><\/p>\n<p style=\"text-align: center;\"><span style=\"font-family: arial, helvetica, sans-serif; font-size: medium;\">Der s\u00fcdliche S\u00fcdwesten der USA wird uns sicherlich irgendwann einmal nochmals zu Gesicht bekommen.<\/span><\/p>\n<p style=\"text-align: center;\"><span style=\"font-family: arial, helvetica, sans-serif; font-size: medium;\">Vorher gilt es noch andere Abenteuer zu bestehen, von denen wir ebenfalls hier berichten werden.<\/span><\/p>\n<p style=\"text-align: center;\"><span style=\"font-family: arial, helvetica, sans-serif; font-size: medium;\">Bis dahin seid alle gegr\u00fc\u00dft und macht\u2019s gut Leute!<\/span><\/p>\n<p style=\"text-align: center;\">\n<p style=\"text-align: center;\"><span style=\"font-family: arial, helvetica, sans-serif; font-size: medium;\"><img decoding=\"async\" class=\" size-full wp-image-9480\" title=\"Macht's gut Leute\" src=\"https:\/\/welcome-ontour.de\/wordpress\/wp-content\/uploads\/2017\/02\/phoca_thumb_l_2016-10-16-03_143527.jpg\" width=\"500\" height=\"284\" border=\"0\" srcset=\"https:\/\/welcome-ontour.de\/wordpress\/wp-content\/uploads\/2017\/02\/phoca_thumb_l_2016-10-16-03_143527.jpg 1600w, https:\/\/welcome-ontour.de\/wordpress\/wp-content\/uploads\/2017\/02\/phoca_thumb_l_2016-10-16-03_143527-300x170.jpg 300w, https:\/\/welcome-ontour.de\/wordpress\/wp-content\/uploads\/2017\/02\/phoca_thumb_l_2016-10-16-03_143527-1024x582.jpg 1024w, https:\/\/welcome-ontour.de\/wordpress\/wp-content\/uploads\/2017\/02\/phoca_thumb_l_2016-10-16-03_143527-768x436.jpg 768w, https:\/\/welcome-ontour.de\/wordpress\/wp-content\/uploads\/2017\/02\/phoca_thumb_l_2016-10-16-03_143527-1536x873.jpg 1536w, https:\/\/welcome-ontour.de\/wordpress\/wp-content\/uploads\/2017\/02\/phoca_thumb_l_2016-10-16-03_143527-1568x891.jpg 1568w\" sizes=\"(max-width: 500px) 100vw, 500px\" \/><\/span><\/p>\n<p style=\"text-align: center;\"><span style=\"font-family: arial, helvetica, sans-serif; font-size: medium;\">\u00a0<\/span><\/p>\n<p style=\"text-align: center;\"><span style=\"font-family: arial, helvetica, sans-serif; font-size: medium;\">\u00a0<\/span><\/p>\n<p style=\"text-align: center;\"><span style=\"font-family: arial, helvetica, sans-serif; font-size: small;\"><a href=\"https:\/\/welcome-ontour.de\/wordpress\/index.php\/2016-10-15\/\">&lt;&lt; Zur\u00fcck<\/a>\u00a0 \u00a0 \u00a0 \u00a0 \u00a0 \u00a0 \u00a0 \u00a0 \u00a0 \u00a0 \u00a0 \u00a0 \u00a0 \u00a0 \u00a0 \u00a0 \u00a0 \u00a0 \u00a0 \u00a0 \u00a0 \u00a0 \u00a0 \u00a0 \u00a0 \u00a0 \u00a0 \u00a0 \u00a0 \u00a0 \u00a0 \u00a0 \u00a0 \u00a0 \u00a0 \u00a0 \u00a0 \u00a0 \u00a0 \u00a0 \u00a0 \u00a0 \u00a0 \u00a0 \u00a0 \u00a0 \u00a0 \u00a0 \u00a0 \u00a0 \u00a0 \u00a0 \u00a0 \u00a0 \u00a0 \u00a0 \u00a0 \u00a0 \u00a0 \u00a0 \u00a0 \u00a0 \u00a0 \u00a0 \u00a0 \u00a0 \u00a0 \u00a0 \u00a0 \u00a0 \u00a0 \u00a0 \u00a0 \u00a0 \u00a0 \u00a0 \u00a0 \u00a0 \u00a0 \u00a0 \u00a0 \u00a0 \u00a0 \u00a0 \u00a0 \u00a0 \u00a0 \u00a0 \u00a0 \u00a0 \u00a0 \u00a0 \u00a0 \u00a0\u00a0<a href=\"https:\/\/welcome-ontour.de\/wordpress\/index.php\/reiseberichte\/\">Reiseberichte &gt;&gt;<\/a><\/span><\/p>\n","protected":false},"excerpt":{"rendered":"<p>prolog\u00a0\u00a0. \u00a0hinflug\u00a0\u00a0. \u00a0san antonio\u00a0\u00a0. \u00a0big bend\u00a0\u00a0. \u00a0el paso\u00a0\u00a0. \u00a0tucson\u00a0\u00a0. \u00a0phoenix\u00a0\u00a0. \u00a0palm springs\u00a0\u00a0. \u00a0los angeles\u00a0\u00a0. \u00a0r\u00fcckflug\u00a0\u00a0. \u00a0fazit &lt;&lt; Zur\u00fcck\u00a0 \u00a0 \u00a0 \u00a0 \u00a0 \u00a0 \u00a0 \u00a0 \u00a0 \u00a0 \u00a0 \u00a0 \u00a0 \u00a0 \u00a0 \u00a0 \u00a0 \u00a0 \u00a0 \u00a0 \u00a0 \u00a0 \u00a0 \u00a0 \u00a0 \u00a0 \u00a0 \u00a0 \u00a0 \u00a0 \u00a0 \u00a0 \u00a0 \u00a0 \u00a0 \u00a0 \u00a0 \u00a0 \u00a0 \u00a0 \u00a0 \u00a0 \u00a0 \u00a0 \u00a0 \u00a0 \u00a0 \u00a0 \u00a0 \u00a0 \u00a0 \u00a0 \u00a0 \u00a0 \u00a0 \u00a0 \u00a0 \u00a0 \u00a0 \u00a0 \u00a0 \u00a0 \u00a0 \u00a0 \u00a0 \u00a0 \u00a0 \u00a0 \u00a0 \u00a0 \u00a0 \u00a0 \u00a0 \u00a0 \u00a0 \u00a0 \u00a0 \u00a0 \u00a0 \u00a0 \u00a0 \u00a0 \u00a0 \u00a0 \u00a0 \u00a0 \u00a0 \u00a0 \u00a0 \u00a0 \u00a0 \u00a0 \u00a0 \u00a0\u00a0Reiseberichte &gt;&gt; \u00a0 \u00a0 Fazit \u00a0 In Southern Arizona waren wir schon mehrfach unterwegs und der Gegend wollten wir dieses Mal mehr Zeit widmen. Da uns der entlegene Big Bend Nationalpark schon lange gereizt hat, wurde eine Tour von Texas nach California geplant. Aufgrund des sp\u00e4ten Reisezeitraumes haben wir uns entschieden, in\u00a0 der N\u00e4he der mexikanischen Grenze zu bleiben. Die Hoffnung auf zuverl\u00e4ssig warmes Sommerwetter hat sich absolut erf\u00fcllt. Wir sind dieses Mal nicht jeden Tag weitergezogen, sondern haben fast immer mehrere Tage an einem Ort verbracht. Bei der Wahl der Unterk\u00fcnfte haben wir besonderen Wert auf Komfort gelegt und wurden nicht entt\u00e4uscht. R\u00fcckwirkend betrachtet w\u00fcrden wir so ziemlich alles wieder genauso machen. Die ganze Tour war super angenehm relaxt, wir haben jede Minute genossen. Es war ein wunderbares Erlebnis die fantastische W\u00fcstenlandschaft unmittelbar zu erleben. Genauso haben uns die Aufenthalte in den Gro\u00dfst\u00e4dten San Antonio, El Paso und Phoenix gefallen. Besonders die Zeit in San Antonio mit dem Riverwalk und dem Besuch im Majestic Theatre war super. \u00a0 Im Vorfeld haben wir lange \u00fcberlegt, ob wir in Texas bleiben oder eine Reise bis an den Pazifik daraus machen. Die Verlockung, mal mehr Zeit im geliebten S\u00fcd-Arizona zu haben hat schlie\u00dflich den Ausschlag gegeben. In den sauren Apfel der Zusatzkosten der Onewaymiete f\u00fcr Leihwagen mussten wir bei\u00dfen. Bei den Fl\u00fcgen war es preislich kein gr\u00f6\u00dferer Unterschied. Wir sind auch dieses Mal mit Air Berlin geflogen, zu unserer vollsten Zufriedenheit. Service, P\u00fcnktlichkeit und Sitzkomfort waren v\u00f6llig okay und wir werden wahrscheinlich auch weiterhin Air Berliner bleiben.\u00a0Interessant war es, mit den kleinen CRJ und BAe Maschinen\u00a0 zu fliegen. Leihwagentechnisch war der Grand Cherokee genau richtig. Ich hatte zwar ein 7 Sitzer Standard-SUV als Sonderangebot gebucht. Nat\u00fcrlich nicht, weil wir 7 Sitze brauchen, sondern weil es der gleiche Preis wie f\u00fcr einen kleineren Midsize SUV war. H\u00e4tte also bei Wagenabholung gute Argumente f\u00fcr einen Wagentausch gehabt, weil der Jeep keine 7 Sitze hatte. Jedoch war er fast neu, toll ausgestattet, mit knapp 300 PS gut motorisiert und hatte eine sehr gute Bodenfreiheit, was uns wirklich wichtig war. Sicher und komfortabel hat er uns insgesamt 2845 Meilen (4581 km) durch den S\u00fcdwesten gebracht. Durch unsere gem\u00e4\u00dfigte Cruiserei stand zum Schluss ein Durchschnittsverbrauch von 25 mpg auf dem Bordcomputer, was umgerechnet etwa 9,5 Liter auf 100 km sind. Wie schon weiter oben erw\u00e4hnt, hatten wir das Niveau bei den Unterk\u00fcnften dieses Mal h\u00f6her angesetzt. Waren oft mehrere N\u00e4chte im gleichen Hotel und wollten uns dann jedes Mal auf die abendliche R\u00fcckkehr \u201enach Hause\u201c freuen. Das hat auch wunderbar funktioniert, w\u00e4re aber ohne die Hilfe von Hotwire und Priceline erheblich teurer geworden. Besonders die Quartiere in San Antonio, Tucson und Palm Springs waren spitze. \u00a0 \u00a0 Zum Abschlu\u00df auch hier die Zahlen. Die Fl\u00fcge haben wir im Februar 2016 direkt auf der Air Berlin Homepage gebucht. 643 Euro waren daf\u00fcr pro Person f\u00e4llig. XL-Seats f\u00fcr die beiden Langstreckenfl\u00fcge haben uns je 10.000 Topbonus Miles pro Flug und Person gekostet. Eine Investition die sich f\u00fcr uns 100%-ig ausgezahlt hat. Das Mietwagenangebot habe ich auf der spanischen Seite von Hertz gefunden. F\u00fcr einen sieben-sitzigen Standard-SUV haben wir 801 Euro \u00fcberwiesen. Dazu kam noch die Einwegmiete von 406 Euro. Der durchschnittliche Preis einer \u00dcbernachtung lag bei 82 Euro (93$). In Anbetracht der Luxus-Unterk\u00fcnfte waren wir damit sehr zufrieden. \u00a0 Es war eine angenehm entspannte Tour mit \u00fcberschaubaren Entfernungen, einer fantastischen Natur,\u00a0anstrengenden Wanderungen, imposanten Offroadabenteuern, tollen Quartieren, geilen Konzerten und wunderbarem Sp\u00e4tsommerwetter. Kurz: War ein toller Urlaub! Der s\u00fcdliche S\u00fcdwesten der USA wird uns sicherlich irgendwann einmal nochmals zu Gesicht bekommen. Vorher gilt es noch andere Abenteuer zu bestehen, von denen wir ebenfalls hier berichten werden. Bis dahin seid alle gegr\u00fc\u00dft und macht\u2019s gut Leute! \u00a0 \u00a0 &lt;&lt; Zur\u00fcck\u00a0 \u00a0 \u00a0 \u00a0 \u00a0 \u00a0 \u00a0 \u00a0 \u00a0 \u00a0 \u00a0 \u00a0 \u00a0 \u00a0 \u00a0 \u00a0 \u00a0 \u00a0 \u00a0 \u00a0 \u00a0 \u00a0 \u00a0 \u00a0 \u00a0 \u00a0 \u00a0 \u00a0 \u00a0 \u00a0 \u00a0 \u00a0 \u00a0 \u00a0 \u00a0 \u00a0 \u00a0 \u00a0 \u00a0 \u00a0 \u00a0 \u00a0 \u00a0 \u00a0 \u00a0 \u00a0 \u00a0 \u00a0 \u00a0 \u00a0 \u00a0 \u00a0 \u00a0 \u00a0 \u00a0 \u00a0 \u00a0 \u00a0 \u00a0 \u00a0 \u00a0 \u00a0 \u00a0 \u00a0 \u00a0 \u00a0 \u00a0 \u00a0 \u00a0 \u00a0 \u00a0 \u00a0 \u00a0 \u00a0 \u00a0 \u00a0 \u00a0 \u00a0 \u00a0 \u00a0 \u00a0 \u00a0 \u00a0 \u00a0 \u00a0 \u00a0 \u00a0 \u00a0 \u00a0 \u00a0 \u00a0 \u00a0 \u00a0 \u00a0\u00a0Reiseberichte &gt;&gt;<\/p>\n","protected":false},"author":1,"featured_media":9478,"parent":0,"menu_order":0,"comment_status":"closed","ping_status":"closed","template":"","meta":{"footnotes":""},"class_list":["post-9481","page","type-page","status-publish","has-post-thumbnail","hentry"],"_links":{"self":[{"href":"https:\/\/welcome-ontour.de\/wordpress\/index.php\/wp-json\/wp\/v2\/pages\/9481","targetHints":{"allow":["GET"]}}],"collection":[{"href":"https:\/\/welcome-ontour.de\/wordpress\/index.php\/wp-json\/wp\/v2\/pages"}],"about":[{"href":"https:\/\/welcome-ontour.de\/wordpress\/index.php\/wp-json\/wp\/v2\/types\/page"}],"author":[{"embeddable":true,"href":"https:\/\/welcome-ontour.de\/wordpress\/index.php\/wp-json\/wp\/v2\/users\/1"}],"replies":[{"embeddable":true,"href":"https:\/\/welcome-ontour.de\/wordpress\/index.php\/wp-json\/wp\/v2\/comments?post=9481"}],"version-history":[{"count":2,"href":"https:\/\/welcome-ontour.de\/wordpress\/index.php\/wp-json\/wp\/v2\/pages\/9481\/revisions"}],"predecessor-version":[{"id":16814,"href":"https:\/\/welcome-ontour.de\/wordpress\/index.php\/wp-json\/wp\/v2\/pages\/9481\/revisions\/16814"}],"wp:featuredmedia":[{"embeddable":true,"href":"https:\/\/welcome-ontour.de\/wordpress\/index.php\/wp-json\/wp\/v2\/media\/9478"}],"wp:attachment":[{"href":"https:\/\/welcome-ontour.de\/wordpress\/index.php\/wp-json\/wp\/v2\/media?parent=9481"}],"curies":[{"name":"wp","href":"https:\/\/api.w.org\/{rel}","templated":true}]}}