{"id":9477,"date":"2017-02-03T10:05:49","date_gmt":"2017-02-03T10:05:49","guid":{"rendered":"https:\/\/welcome-ontour.de\/wordpress\/index.php\/2016-10-15\/"},"modified":"2022-06-30T23:06:17","modified_gmt":"2022-06-30T23:06:17","slug":"2016-10-15","status":"publish","type":"page","link":"https:\/\/welcome-ontour.de\/wordpress\/index.php\/2016-10-15\/","title":{"rendered":"2016 10 15"},"content":{"rendered":"<p style=\"text-align: center;\"><span style=\"font-family: arial, helvetica, sans-serif; font-size: x-small;\"><a href=\"http:\/\/www.welcome-ontour.de\/index.php\/reiseberichte\/105-2016-09-texas\/570-2016-09-23-prolog\">prolog<\/a>\u00a0\u00a0. \u00a0<a href=\"http:\/\/www.welcome-ontour.de\/index.php\/reiseberichte\/105-2016-09-texas\/571-2016-09-24\">hinflug<\/a>\u00a0\u00a0. \u00a0<a href=\"http:\/\/www.welcome-ontour.de\/index.php\/reiseberichte\/105-2016-09-texas\/572-2016-09-25\">san antonio<\/a>\u00a0\u00a0. \u00a0<a href=\"http:\/\/www.welcome-ontour.de\/index.php\/reiseberichte\/105-2016-09-texas\/575-2016-09-28\">big bend<\/a>\u00a0\u00a0. \u00a0<a href=\"http:\/\/www.welcome-ontour.de\/index.php\/reiseberichte\/105-2016-09-texas\/578-2016-10-01\">el paso<\/a>\u00a0\u00a0. \u00a0<a href=\"http:\/\/www.welcome-ontour.de\/index.php\/reiseberichte\/105-2016-09-texas\/580-2016-10-03\">tucson<\/a>\u00a0\u00a0. \u00a0<a href=\"http:\/\/www.welcome-ontour.de\/index.php\/reiseberichte\/105-2016-09-texas\/584-2016-10-07\">phoenix<\/a>\u00a0\u00a0. \u00a0<a href=\"http:\/\/www.welcome-ontour.de\/index.php\/reiseberichte\/105-2016-09-texas\/587-2016-10-10\">palm springs<\/a>\u00a0\u00a0. \u00a0<a href=\"http:\/\/www.welcome-ontour.de\/index.php\/reiseberichte\/105-2016-09-texas\/590-2016-10-13\">los angeles<\/a>\u00a0\u00a0. \u00a0<a href=\"http:\/\/www.welcome-ontour.de\/index.php\/reiseberichte\/105-2016-09-texas\/591-2016-10-14\">r\u00fcckflug<\/a>\u00a0\u00a0. \u00a0<a href=\"http:\/\/www.welcome-ontour.de\/index.php\/reiseberichte\/105-2016-09-texas\/593-2016-10-16-fazit\">fazit<\/a><\/span><\/p>\n<p style=\"text-align: center;\"><a style=\"font-family: arial, helvetica, sans-serif; font-size: small;\" href=\"http:\/\/www.welcome-ontour.de\/index.php\/reiseberichte\/105-2016-09-texas\/591-2016-10-14\">&lt;&lt; Zur\u00fcck<\/a><span style=\"font-family: arial, helvetica, sans-serif; font-size: small;\">\u00a0\u00a0 \u00a0 \u00a0 \u00a0 \u00a0 \u00a0 \u00a0 \u00a0 \u00a0 \u00a0 \u00a0 \u00a0 \u00a0 \u00a0 \u00a0 \u00a0 \u00a0 \u00a0 \u00a0 \u00a0 \u00a0 \u00a0 \u00a0 \u00a0 \u00a0 \u00a0 \u00a0 \u00a0 \u00a0 \u00a0 \u00a0 \u00a0 \u00a0 \u00a0 \u00a0 \u00a0 \u00a0 \u00a0 \u00a0 \u00a0 \u00a0 \u00a0 \u00a0 \u00a0 \u00a0 \u00a0 \u00a0 \u00a0 \u00a0 \u00a0 \u00a0 \u00a0 \u00a0 \u00a0 \u00a0 \u00a0 \u00a0 \u00a0 \u00a0 \u00a0 \u00a0 \u00a0 \u00a0 \u00a0 \u00a0 \u00a0 \u00a0 \u00a0 \u00a0 \u00a0 \u00a0 \u00a0 \u00a0 \u00a0 \u00a0 \u00a0 \u00a0 \u00a0 \u00a0 \u00a0 \u00a0 \u00a0 \u00a0 \u00a0 \u00a0 \u00a0 \u00a0 \u00a0 \u00a0 \u00a0 \u00a0 \u00a0 \u00a0 \u00a0 \u00a0 \u00a0 \u00a0 \u00a0 \u00a0\u00a0<\/span><a style=\"font-family: arial, helvetica, sans-serif; font-size: small;\" href=\"http:\/\/www.welcome-ontour.de\/index.php\/reiseberichte\/105-2016-09-texas\/593-2016-10-16\">Weiter &gt;&gt;<\/a><\/p>\n<p style=\"text-align: center;\">\u00a0<\/p>\n<p style=\"text-align: center;\"><span style=\"font-family: arial, helvetica, sans-serif; font-size: medium;\">\u00a0<\/span><\/p>\n<p style=\"text-align: center;\"><strong style=\"font-size: 12.16px;\"><span style=\"font-family: arial, helvetica, sans-serif; font-size: medium;\">\u00a0<\/span><\/strong><\/p>\n<p style=\"text-align: center;\"><strong style=\"font-size: 12.16px;\"><span style=\"font-family: arial, helvetica, sans-serif; font-size: medium;\">Samstag, 15.10.<\/span><\/strong><\/p>\n<p style=\"text-align: center;\"><strong style=\"font-size: 12.16px;\"><span style=\"font-family: arial, helvetica, sans-serif; font-size: medium;\">Ankunft<\/span><\/strong><\/p>\n<p style=\"text-align: center;\"><span style=\"font-family: arial, helvetica, sans-serif; font-size: medium;\">\u00a0<\/span><\/p>\n<p style=\"text-align: center;\"><span style=\"font-family: arial, helvetica, sans-serif; font-size: medium;\">Der Flug verl\u00e4uft v\u00f6llig unspektakul\u00e4r.<\/span><\/p>\n<p style=\"text-align: center;\"><span style=\"font-family: arial, helvetica, sans-serif; font-size: medium;\">Nach dem durchaus genie\u00dfbaren Essen kucken wir uns gemeinsam <a href=\"https:\/\/www.youtube.com\/watch?v=dDY89LYxK0w\" target=\"_blank\" rel=\"noopener noreferrer\">Best Exotic Marigold Hotel<\/a> an.<\/span><\/p>\n<p style=\"text-align: center;\"><span style=\"font-family: arial, helvetica, sans-serif; font-size: medium;\">Und am\u00fcsieren uns dabei k\u00f6stlich.\u00a0<\/span><span style=\"font-family: arial, helvetica, sans-serif; font-size: medium;\">Danach schlafen wir und werden erst zwei Stunden vor Landung wach.<\/span><\/p>\n<p style=\"text-align: center;\"><span style=\"font-family: arial, helvetica, sans-serif; font-size: medium;\">Haben inzwischen den Atlantik \u00fcberquert und den Sonnenaufgang fast verpasst.<\/span><\/p>\n<p style=\"text-align: center;\"><span style=\"font-family: arial, helvetica, sans-serif; font-size: medium;\">\u00a0<\/span><\/p>\n<p style=\"text-align: center;\"><a href=\"https:\/\/welcome-ontour.de\/wordpress\/wp-content\/uploads\/2017\/02\/phoca_thumb_l_01-20161014_185111.jpg\" target=\"_blank\" rel=\"noopener noreferrer\"><span style=\"font-family: arial, helvetica, sans-serif; font-size: medium;\"><img decoding=\"async\" class=\" size-full wp-image-9474\" title=\"Sonnenaufgang\" src=\"https:\/\/welcome-ontour.de\/wordpress\/wp-content\/uploads\/2017\/02\/phoca_thumb_l_01-20161014_185111.jpg\" width=\"808\" height=\"382\" border=\"0\" srcset=\"https:\/\/welcome-ontour.de\/wordpress\/wp-content\/uploads\/2017\/02\/phoca_thumb_l_01-20161014_185111.jpg 1600w, https:\/\/welcome-ontour.de\/wordpress\/wp-content\/uploads\/2017\/02\/phoca_thumb_l_01-20161014_185111-300x142.jpg 300w, https:\/\/welcome-ontour.de\/wordpress\/wp-content\/uploads\/2017\/02\/phoca_thumb_l_01-20161014_185111-1024x484.jpg 1024w, https:\/\/welcome-ontour.de\/wordpress\/wp-content\/uploads\/2017\/02\/phoca_thumb_l_01-20161014_185111-768x363.jpg 768w, https:\/\/welcome-ontour.de\/wordpress\/wp-content\/uploads\/2017\/02\/phoca_thumb_l_01-20161014_185111-1536x726.jpg 1536w, https:\/\/welcome-ontour.de\/wordpress\/wp-content\/uploads\/2017\/02\/phoca_thumb_l_01-20161014_185111-1568x741.jpg 1568w\" sizes=\"(max-width: 808px) 100vw, 808px\" \/><\/span><\/a><\/p>\n<p style=\"text-align: center;\"><span style=\"font-family: arial, helvetica, sans-serif; font-size: medium;\">\u00a0<\/span><\/p>\n<p style=\"text-align: center;\"><span style=\"font-family: arial, helvetica, sans-serif; font-size: medium;\">Es gibt noch ein Fr\u00fchst\u00fcck mit warmen Br\u00f6tchen und duftendem Kaffee.\u00a0<\/span><span style=\"font-family: arial, helvetica, sans-serif; font-size: medium;\">14:00 landen wir in D\u00fcsseldorf, <\/span><\/p>\n<p style=\"text-align: center;\"><span style=\"font-family: arial, helvetica, sans-serif; font-size: medium;\">gl\u00fccklicherweise am gleichen Terminal von dem auch unser Weiterflug nach Berlin startet.<\/span><\/p>\n<p style=\"text-align: center;\"><span style=\"font-family: arial, helvetica, sans-serif; font-size: medium;\">Keine Einreise Kontrollen und daher zeitlich absolut kein Problem.<\/span><\/p>\n<p style=\"text-align: center;\"><span style=\"font-family: arial, helvetica, sans-serif; font-size: medium;\">Zum n\u00e4chsten Flugzeug bringt uns ein Flughafen-Bus quer \u00fcber den ganzen Airport.<\/span><\/p>\n<p style=\"text-align: center;\"><span style=\"font-family: arial, helvetica, sans-serif; font-size: medium;\">\u00a0<\/span><\/p>\n<p style=\"text-align: center;\"><span style=\"font-family: arial, helvetica, sans-serif; font-size: medium;\"><a href=\"https:\/\/welcome-ontour.de\/wordpress\/wp-content\/uploads\/2017\/02\/phoca_thumb_l_2016-10-15-01-bae146-1.jpg\" target=\"_blank\" rel=\"noopener noreferrer\"><img decoding=\"async\" class=\" size-full wp-image-9475\" title=\"WDL Aviation BAe 146\" src=\"https:\/\/welcome-ontour.de\/wordpress\/wp-content\/uploads\/2017\/02\/phoca_thumb_l_2016-10-15-01-bae146-1.jpg\" width=\"600\" height=\"416\" border=\"0\" srcset=\"https:\/\/welcome-ontour.de\/wordpress\/wp-content\/uploads\/2017\/02\/phoca_thumb_l_2016-10-15-01-bae146-1.jpg 1000w, https:\/\/welcome-ontour.de\/wordpress\/wp-content\/uploads\/2017\/02\/phoca_thumb_l_2016-10-15-01-bae146-1-300x208.jpg 300w, https:\/\/welcome-ontour.de\/wordpress\/wp-content\/uploads\/2017\/02\/phoca_thumb_l_2016-10-15-01-bae146-1-768x533.jpg 768w\" sizes=\"(max-width: 600px) 100vw, 600px\" \/><\/a><\/span><\/p>\n<p style=\"text-align: center;\"><span style=\"font-family: arial, helvetica, sans-serif; font-size: medium;\">\u00a0<\/span><\/p>\n<p style=\"text-align: center;\"><span style=\"font-family: arial, helvetica, sans-serif; font-size: medium;\">Zu unserem Erstaunen halten wir statt an einem Airbus an einer kleinen <a href=\"https:\/\/de.wikipedia.org\/wiki\/WDL_Aviation\" target=\"_blank\" rel=\"noopener noreferrer\">BAE146 von WDL Aviation<\/a>.<\/span><\/p>\n<p style=\"text-align: center;\"><span style=\"font-family: arial, helvetica, sans-serif; font-size: medium;\">Die kleine Chartermaschine versetzt uns zur\u00fcck in die Urlaubsfliegerei vor 40 Jahren.<\/span><\/p>\n<p style=\"text-align: center;\"><span style=\"font-family: arial, helvetica, sans-serif; font-size: medium;\">Die Triebwerke sind laut, man sitzt sehr eingeengt und von Beinfreiheit kann keine Rede sein.<\/span><\/p>\n<p style=\"text-align: center;\"><span style=\"font-family: arial, helvetica, sans-serif; font-size: medium;\">15:20 hebt der Jet ab.\u00a0<\/span><span style=\"font-family: arial, helvetica, sans-serif; font-size: medium;\">Die Stewards geben sich alle M\u00fche und der Service ist hervorragend.<\/span><\/p>\n<p style=\"text-align: center;\"><span style=\"font-family: arial, helvetica, sans-serif; font-size: medium;\">Uns wird bewusst, wie verw\u00f6hnt wir mittlerweile sind.<\/span><\/p>\n<p style=\"text-align: center;\">\u00a0<\/p>\n<p style=\"text-align: center;\"><span style=\"font-family: arial, helvetica, sans-serif; font-size: medium;\"><a href=\"https:\/\/welcome-ontour.de\/wordpress\/wp-content\/uploads\/2017\/02\/phoca_thumb_l_2016-10-15-03-bae146-3.jpg\" target=\"_blank\" rel=\"noopener noreferrer\"><img decoding=\"async\" class=\" size-full wp-image-9476\" title=\"Landing in Tegel\" src=\"https:\/\/welcome-ontour.de\/wordpress\/wp-content\/uploads\/2017\/02\/phoca_thumb_l_2016-10-15-03-bae146-3.jpg\" width=\"600\" height=\"417\" border=\"0\" srcset=\"https:\/\/welcome-ontour.de\/wordpress\/wp-content\/uploads\/2017\/02\/phoca_thumb_l_2016-10-15-03-bae146-3.jpg 1000w, https:\/\/welcome-ontour.de\/wordpress\/wp-content\/uploads\/2017\/02\/phoca_thumb_l_2016-10-15-03-bae146-3-300x209.jpg 300w, https:\/\/welcome-ontour.de\/wordpress\/wp-content\/uploads\/2017\/02\/phoca_thumb_l_2016-10-15-03-bae146-3-768x534.jpg 768w\" sizes=\"(max-width: 600px) 100vw, 600px\" \/><\/a><\/span><\/p>\n<p style=\"text-align: center;\">\u00a0<\/p>\n<p style=\"text-align: center;\"><span style=\"font-family: arial, helvetica, sans-serif; font-size: medium;\">In Berlin Tegel gelandet m\u00fcssen wir feststellen, dass unser Gep\u00e4ck den Umstieg nicht geschafft hat.<\/span><\/p>\n<p style=\"text-align: center;\"><span style=\"font-family: arial, helvetica, sans-serif; font-size: medium;\">Also gilt es noch, die Vermisstenanzeige bei Air Berlin aufzugeben, bevor uns Bine und Matthi nach Hause bringen.<\/span><\/p>\n<p style=\"text-align: center;\"><span style=\"font-family: arial, helvetica, sans-serif; font-size: medium;\">Abends um sechs sind wir nach 3 Wochen zur\u00fcck von einer \u00fcberaus erlebnisreichen und erholsamen Tour.<\/span><\/p>\n<p style=\"text-align: center;\"><span style=\"font-family: arial, helvetica, sans-serif; font-size: medium;\">\u00a0<\/span><\/p>\n<p style=\"text-align: center;\"><span style=\"font-family: arial, helvetica, sans-serif; font-size: medium;\">\u00a0<\/span><\/p>\n<p style=\"text-align: center;\"><span style=\"font-family: arial, helvetica, sans-serif; font-size: small;\"><a href=\"http:\/\/www.welcome-ontour.de\/index.php\/reiseberichte\/105-2016-09-texas\/591-2016-10-14\">&lt;&lt; Zur\u00fcck<\/a>\u00a0\u00a0 \u00a0 \u00a0 \u00a0 \u00a0 \u00a0 \u00a0 \u00a0 \u00a0 \u00a0 \u00a0 \u00a0 \u00a0 \u00a0 \u00a0 \u00a0 \u00a0 \u00a0 \u00a0 \u00a0 \u00a0 \u00a0 \u00a0 \u00a0 \u00a0 \u00a0 \u00a0 \u00a0 \u00a0 \u00a0 \u00a0 \u00a0 \u00a0 \u00a0 \u00a0 \u00a0 \u00a0 \u00a0 \u00a0 \u00a0 \u00a0 \u00a0 \u00a0 \u00a0 \u00a0 \u00a0 \u00a0 \u00a0 \u00a0 \u00a0 \u00a0 \u00a0 \u00a0 \u00a0 \u00a0 \u00a0 \u00a0 \u00a0 \u00a0 \u00a0 \u00a0 \u00a0 \u00a0 \u00a0 \u00a0 \u00a0 \u00a0 \u00a0 \u00a0 \u00a0 \u00a0 \u00a0 \u00a0 \u00a0 \u00a0 \u00a0 \u00a0 \u00a0 \u00a0 \u00a0 \u00a0 \u00a0 \u00a0 \u00a0 \u00a0 \u00a0 \u00a0 \u00a0 \u00a0 \u00a0 \u00a0 \u00a0 \u00a0 \u00a0 \u00a0 \u00a0 \u00a0 \u00a0 \u00a0\u00a0<a href=\"http:\/\/www.welcome-ontour.de\/index.php\/reiseberichte\/105-2016-09-texas\/593-2016-10-16\">Weiter &gt;&gt;<\/a><\/span><\/p>\n","protected":false},"excerpt":{"rendered":"<p>prolog\u00a0\u00a0. \u00a0hinflug\u00a0\u00a0. \u00a0san antonio\u00a0\u00a0. \u00a0big bend\u00a0\u00a0. \u00a0el paso\u00a0\u00a0. \u00a0tucson\u00a0\u00a0. \u00a0phoenix\u00a0\u00a0. \u00a0palm springs\u00a0\u00a0. \u00a0los angeles\u00a0\u00a0. \u00a0r\u00fcckflug\u00a0\u00a0. \u00a0fazit &lt;&lt; Zur\u00fcck\u00a0\u00a0 \u00a0 \u00a0 \u00a0 \u00a0 \u00a0 \u00a0 \u00a0 \u00a0 \u00a0 \u00a0 \u00a0 \u00a0 \u00a0 \u00a0 \u00a0 \u00a0 \u00a0 \u00a0 \u00a0 \u00a0 \u00a0 \u00a0 \u00a0 \u00a0 \u00a0 \u00a0 \u00a0 \u00a0 \u00a0 \u00a0 \u00a0 \u00a0 \u00a0 \u00a0 \u00a0 \u00a0 \u00a0 \u00a0 \u00a0 \u00a0 \u00a0 \u00a0 \u00a0 \u00a0 \u00a0 \u00a0 \u00a0 \u00a0 \u00a0 \u00a0 \u00a0 \u00a0 \u00a0 \u00a0 \u00a0 \u00a0 \u00a0 \u00a0 \u00a0 \u00a0 \u00a0 \u00a0 \u00a0 \u00a0 \u00a0 \u00a0 \u00a0 \u00a0 \u00a0 \u00a0 \u00a0 \u00a0 \u00a0 \u00a0 \u00a0 \u00a0 \u00a0 \u00a0 \u00a0 \u00a0 \u00a0 \u00a0 \u00a0 \u00a0 \u00a0 \u00a0 \u00a0 \u00a0 \u00a0 \u00a0 \u00a0 \u00a0 \u00a0 \u00a0 \u00a0 \u00a0 \u00a0 \u00a0\u00a0Weiter &gt;&gt; \u00a0 \u00a0 \u00a0 Samstag, 15.10. Ankunft \u00a0 Der Flug verl\u00e4uft v\u00f6llig unspektakul\u00e4r. Nach dem durchaus genie\u00dfbaren Essen kucken wir uns gemeinsam Best Exotic Marigold Hotel an. Und am\u00fcsieren uns dabei k\u00f6stlich.\u00a0Danach schlafen wir und werden erst zwei Stunden vor Landung wach. Haben inzwischen den Atlantik \u00fcberquert und den Sonnenaufgang fast verpasst. \u00a0 \u00a0 Es gibt noch ein Fr\u00fchst\u00fcck mit warmen Br\u00f6tchen und duftendem Kaffee.\u00a014:00 landen wir in D\u00fcsseldorf, gl\u00fccklicherweise am gleichen Terminal von dem auch unser Weiterflug nach Berlin startet. Keine Einreise Kontrollen und daher zeitlich absolut kein Problem. Zum n\u00e4chsten Flugzeug bringt uns ein Flughafen-Bus quer \u00fcber den ganzen Airport. \u00a0 \u00a0 Zu unserem Erstaunen halten wir statt an einem Airbus an einer kleinen BAE146 von WDL Aviation. Die kleine Chartermaschine versetzt uns zur\u00fcck in die Urlaubsfliegerei vor 40 Jahren. Die Triebwerke sind laut, man sitzt sehr eingeengt und von Beinfreiheit kann keine Rede sein. 15:20 hebt der Jet ab.\u00a0Die Stewards geben sich alle M\u00fche und der Service ist hervorragend. Uns wird bewusst, wie verw\u00f6hnt wir mittlerweile sind. \u00a0 \u00a0 In Berlin Tegel gelandet m\u00fcssen wir feststellen, dass unser Gep\u00e4ck den Umstieg nicht geschafft hat. Also gilt es noch, die Vermisstenanzeige bei Air Berlin aufzugeben, bevor uns Bine und Matthi nach Hause bringen. Abends um sechs sind wir nach 3 Wochen zur\u00fcck von einer \u00fcberaus erlebnisreichen und erholsamen Tour. \u00a0 \u00a0 &lt;&lt; Zur\u00fcck\u00a0\u00a0 \u00a0 \u00a0 \u00a0 \u00a0 \u00a0 \u00a0 \u00a0 \u00a0 \u00a0 \u00a0 \u00a0 \u00a0 \u00a0 \u00a0 \u00a0 \u00a0 \u00a0 \u00a0 \u00a0 \u00a0 \u00a0 \u00a0 \u00a0 \u00a0 \u00a0 \u00a0 \u00a0 \u00a0 \u00a0 \u00a0 \u00a0 \u00a0 \u00a0 \u00a0 \u00a0 \u00a0 \u00a0 \u00a0 \u00a0 \u00a0 \u00a0 \u00a0 \u00a0 \u00a0 \u00a0 \u00a0 \u00a0 \u00a0 \u00a0 \u00a0 \u00a0 \u00a0 \u00a0 \u00a0 \u00a0 \u00a0 \u00a0 \u00a0 \u00a0 \u00a0 \u00a0 \u00a0 \u00a0 \u00a0 \u00a0 \u00a0 \u00a0 \u00a0 \u00a0 \u00a0 \u00a0 \u00a0 \u00a0 \u00a0 \u00a0 \u00a0 \u00a0 \u00a0 \u00a0 \u00a0 \u00a0 \u00a0 \u00a0 \u00a0 \u00a0 \u00a0 \u00a0 \u00a0 \u00a0 \u00a0 \u00a0 \u00a0 \u00a0 \u00a0 \u00a0 \u00a0 \u00a0 \u00a0\u00a0Weiter &gt;&gt;<\/p>\n","protected":false},"author":1,"featured_media":9474,"parent":0,"menu_order":1,"comment_status":"closed","ping_status":"closed","template":"","meta":{"footnotes":""},"class_list":["post-9477","page","type-page","status-publish","has-post-thumbnail","hentry"],"_links":{"self":[{"href":"https:\/\/welcome-ontour.de\/wordpress\/index.php\/wp-json\/wp\/v2\/pages\/9477","targetHints":{"allow":["GET"]}}],"collection":[{"href":"https:\/\/welcome-ontour.de\/wordpress\/index.php\/wp-json\/wp\/v2\/pages"}],"about":[{"href":"https:\/\/welcome-ontour.de\/wordpress\/index.php\/wp-json\/wp\/v2\/types\/page"}],"author":[{"embeddable":true,"href":"https:\/\/welcome-ontour.de\/wordpress\/index.php\/wp-json\/wp\/v2\/users\/1"}],"replies":[{"embeddable":true,"href":"https:\/\/welcome-ontour.de\/wordpress\/index.php\/wp-json\/wp\/v2\/comments?post=9477"}],"version-history":[{"count":1,"href":"https:\/\/welcome-ontour.de\/wordpress\/index.php\/wp-json\/wp\/v2\/pages\/9477\/revisions"}],"predecessor-version":[{"id":15207,"href":"https:\/\/welcome-ontour.de\/wordpress\/index.php\/wp-json\/wp\/v2\/pages\/9477\/revisions\/15207"}],"wp:featuredmedia":[{"embeddable":true,"href":"https:\/\/welcome-ontour.de\/wordpress\/index.php\/wp-json\/wp\/v2\/media\/9474"}],"wp:attachment":[{"href":"https:\/\/welcome-ontour.de\/wordpress\/index.php\/wp-json\/wp\/v2\/media?parent=9477"}],"curies":[{"name":"wp","href":"https:\/\/api.w.org\/{rel}","templated":true}]}}