{"id":8855,"date":"2017-02-03T10:00:52","date_gmt":"2017-02-03T10:00:52","guid":{"rendered":"https:\/\/welcome-ontour.de\/wordpress\/index.php\/2016-09-23-prolog\/"},"modified":"2022-06-30T23:07:31","modified_gmt":"2022-06-30T23:07:31","slug":"2016-09-23-prolog","status":"publish","type":"page","link":"https:\/\/welcome-ontour.de\/wordpress\/index.php\/2016-09-23-prolog\/","title":{"rendered":"2016 09 23 prolog"},"content":{"rendered":"<p style=\"text-align: center;\"><span style=\"font-family: arial, helvetica, sans-serif; font-size: x-small;\"><a href=\"https:\/\/welcome-ontour.de\/wordpress\/index.php\/2016-09-23-prolog\/\">prolog<\/a> \u00a0. \u00a0<a href=\"https:\/\/welcome-ontour.de\/wordpress\/index.php\/2016-09-24\/\">hinflug<\/a> \u00a0. \u00a0<a href=\"https:\/\/welcome-ontour.de\/wordpress\/index.php\/2016-09-25\/\">san antonio<\/a> \u00a0. \u00a0<a href=\"https:\/\/welcome-ontour.de\/wordpress\/index.php\/2016-09-28\/\">big bend<\/a> \u00a0. \u00a0<a href=\"https:\/\/welcome-ontour.de\/wordpress\/index.php\/2016-10-01\/\">el paso<\/a> \u00a0. \u00a0<a href=\"https:\/\/welcome-ontour.de\/wordpress\/index.php\/2016-10-03\/\">tucson<\/a> \u00a0. \u00a0<a href=\"https:\/\/welcome-ontour.de\/wordpress\/index.php\/2016-10-07\/\">phoenix<\/a> \u00a0. \u00a0<a href=\"https:\/\/welcome-ontour.de\/wordpress\/index.php\/2016-10-10\/\">palm springs<\/a> \u00a0. \u00a0<a href=\"https:\/\/welcome-ontour.de\/wordpress\/index.php\/2016-10-13\/\">los angeles<\/a> \u00a0. \u00a0<a href=\"https:\/\/welcome-ontour.de\/wordpress\/index.php\/2016-10-14\/\">r\u00fcckflug<\/a> \u00a0. \u00a0<a href=\"https:\/\/welcome-ontour.de\/wordpress\/index.php\/2016-10-16-fazit\/\">fazit<\/a><\/span><\/p>\n<p style=\"text-align: center;\"><a style=\"font-family: arial, helvetica, sans-serif; font-size: small;\" href=\"https:\/\/welcome-ontour.de\/wordpress\/index.php\/reiseberichte\/\">&lt;&lt; Reiseberichte<\/a><span style=\"font-family: arial, helvetica, sans-serif; font-size: small;\">\u00a0 \u00a0 \u00a0 \u00a0 \u00a0 \u00a0 \u00a0 \u00a0 \u00a0 \u00a0 \u00a0 \u00a0 \u00a0 \u00a0 \u00a0 \u00a0 \u00a0 \u00a0 \u00a0 \u00a0 \u00a0 \u00a0 \u00a0 \u00a0 \u00a0 \u00a0 \u00a0 \u00a0 \u00a0 \u00a0 \u00a0 \u00a0 \u00a0 \u00a0 \u00a0 \u00a0 \u00a0 \u00a0 \u00a0 \u00a0 \u00a0 \u00a0 \u00a0 \u00a0 \u00a0 \u00a0 \u00a0 \u00a0 \u00a0 \u00a0 \u00a0 \u00a0 \u00a0 \u00a0 \u00a0 \u00a0 \u00a0 \u00a0 \u00a0 \u00a0 \u00a0 \u00a0 \u00a0 \u00a0 \u00a0 \u00a0 \u00a0 \u00a0 \u00a0 \u00a0 \u00a0 \u00a0 \u00a0 \u00a0 \u00a0 \u00a0 \u00a0 \u00a0 \u00a0 \u00a0 \u00a0 \u00a0 \u00a0 \u00a0 \u00a0 \u00a0 \u00a0 \u00a0 \u00a0 \u00a0 \u00a0 \u00a0 \u00a0 \u00a0 \u00a0\u00a0<\/span><a style=\"font-family: arial, helvetica, sans-serif; font-size: small;\" href=\"https:\/\/welcome-ontour.de\/wordpress\/index.php\/2016-09-24\/\">Weiter &gt;&gt;<\/a><\/p>\n<p style=\"text-align: center;\"><span style=\"font-size: x-small;\"><strong><span style=\"font-family: arial, helvetica, sans-serif;\">\u00a0<\/span><\/strong><\/span><\/p>\n<p style=\"text-align: center;\"><span style=\"font-size: xx-large;\"><strong><span style=\"font-family: arial, helvetica, sans-serif;\">Texas Radio And The Big Bend <\/span><\/strong><\/span><\/p>\n<p style=\"text-align: center;\"><strong><span style=\"font-family: arial, helvetica, sans-serif; font-size: x-large;\">\u00a0<\/span><\/strong><\/p>\n<p style=\"text-align: center;\"><span style=\"font-size: x-large;\"><strong><span style=\"font-family: arial, helvetica, sans-serif;\">USA 2016<\/span><\/strong><\/span><\/p>\n<p style=\"text-align: center;\"><strong><span style=\"font-family: arial, helvetica, sans-serif; font-size: x-large;\">\u00a0<\/span><\/strong><\/p>\n<p style=\"text-align: center;\"><a href=\"https:\/\/welcome-ontour.de\/wordpress\/wp-content\/uploads\/2012\/11\/phoca_thumb_l_img_3974.jpg\" target=\"_blank\" rel=\"noopener noreferrer\"><strong><span style=\"font-family: arial, helvetica, sans-serif; font-size: x-large;\"><img decoding=\"async\" class=\" size-full wp-image-1599\" style=\"border: 1px solid black;\" title=\"Chisos Mountains, Texas\" src=\"https:\/\/welcome-ontour.de\/wordpress\/wp-content\/uploads\/2012\/11\/phoca_thumb_l_img_3974.jpg\" width=\"800\" height=\"301\" border=\"0\" srcset=\"https:\/\/welcome-ontour.de\/wordpress\/wp-content\/uploads\/2012\/11\/phoca_thumb_l_img_3974.jpg 1900w, https:\/\/welcome-ontour.de\/wordpress\/wp-content\/uploads\/2012\/11\/phoca_thumb_l_img_3974-300x113.jpg 300w, https:\/\/welcome-ontour.de\/wordpress\/wp-content\/uploads\/2012\/11\/phoca_thumb_l_img_3974-1024x385.jpg 1024w, https:\/\/welcome-ontour.de\/wordpress\/wp-content\/uploads\/2012\/11\/phoca_thumb_l_img_3974-768x289.jpg 768w, https:\/\/welcome-ontour.de\/wordpress\/wp-content\/uploads\/2012\/11\/phoca_thumb_l_img_3974-1536x578.jpg 1536w, https:\/\/welcome-ontour.de\/wordpress\/wp-content\/uploads\/2012\/11\/phoca_thumb_l_img_3974-1568x590.jpg 1568w\" sizes=\"(max-width: 800px) 100vw, 800px\" \/><\/span><\/strong><\/a><\/p>\n<p style=\"text-align: center;\"><span style=\"font-family: arial, helvetica, sans-serif; font-size: medium;\">\u00a0<\/span><\/p>\n<p style=\"text-align: center;\"><strong><span style=\"font-family: arial, helvetica, sans-serif; font-size: medium;\">Prolog<\/span><\/strong><\/p>\n<p style=\"text-align: center;\"><span style=\"font-family: arial, helvetica, sans-serif; font-size: medium;\">\u00a0<\/span><\/p>\n<p style=\"text-align: center;\"><span style=\"font-family: arial, helvetica, sans-serif; font-size: medium;\">Wir k\u00f6nnen unseren Jahresurlaub dieses Mal erst recht sp\u00e4t nehmen.<\/span><\/p>\n<p style=\"text-align: center;\"><span style=\"font-family: arial, helvetica, sans-serif; font-size: medium;\">Dass es in den S\u00fcdwesten der USA geht, dar\u00fcber waren wir uns einig.<\/span><\/p>\n<p style=\"text-align: center;\"><span style=\"font-family: arial, helvetica, sans-serif; font-size: medium;\">Und um mit dem Wetter keine kalten \u00dcberraschungen zu erleben, bleiben wir in s\u00fcdlichen Gefilden.<\/span><\/p>\n<p style=\"text-align: center;\"><span style=\"font-family: arial, helvetica, sans-serif; font-size: medium;\">Landschaftstechnisch wollten wir schon lange mal den Big Bend Nationalpark besuchen.<\/span><\/p>\n<p style=\"text-align: center;\"><span style=\"font-family: arial, helvetica, sans-serif; font-size: medium;\">Das gab letztendlich den Ausschlag, Houston als Start unserer Reise zu w\u00e4hlen.<\/span><\/p>\n<p style=\"text-align: center;\"><span style=\"font-family: arial, helvetica, sans-serif; font-size: medium;\">Wir schlagen uns dann in einer gem\u00fctlichen dreiw\u00f6chigen Oneway-Tour zur kalifornischen Pazifikk\u00fcste durch.<\/span><\/p>\n<p style=\"text-align: center;\"><span style=\"font-family: arial, helvetica, sans-serif; font-size: medium;\">Immer sch\u00f6n an der mexikanischen Grenze entlang.<\/span><\/p>\n<p style=\"text-align: center;\"><span style=\"font-family: arial, helvetica, sans-serif; font-size: medium;\">Bez\u00fcglich der Fl\u00fcge haben wir uns wieder f\u00fcr Air Berlin entschieden.<\/span><\/p>\n<p style=\"text-align: center;\"><span style=\"font-family: arial, helvetica, sans-serif; font-size: medium;\">Bei British Airways w\u00e4ren vergleichbare Verbindungen g\u00fcnstiger zu haben gewesen.<\/span><\/p>\n<p style=\"text-align: center;\"><span style=\"font-family: arial, helvetica, sans-serif; font-size: medium;\">Aber wir fliegen gern auf bequemen und bezahlbaren XL-Sitzen.<\/span><\/p>\n<p style=\"text-align: center;\"><span style=\"font-family: arial, helvetica, sans-serif; font-size: medium;\">\u00a0<\/span><\/p>\n<p style=\"text-align: center;\"><span style=\"font-family: arial, helvetica, sans-serif; font-size: medium;\"><img decoding=\"async\" class=\" size-full wp-image-8850\" title=\"XL\" src=\"https:\/\/welcome-ontour.de\/wordpress\/wp-content\/uploads\/2017\/02\/phoca_thumb_l_2016-09-23-01-abxl.jpg\" width=\"346\" height=\"160\" border=\"0\" srcset=\"https:\/\/welcome-ontour.de\/wordpress\/wp-content\/uploads\/2017\/02\/phoca_thumb_l_2016-09-23-01-abxl.jpg 546w, https:\/\/welcome-ontour.de\/wordpress\/wp-content\/uploads\/2017\/02\/phoca_thumb_l_2016-09-23-01-abxl-300x139.jpg 300w\" sizes=\"(max-width: 346px) 100vw, 346px\" \/><\/span><\/p>\n<p style=\"text-align: center;\"><span style=\"font-family: arial, helvetica, sans-serif; font-size: medium;\">\u00a0<\/span><\/p>\n<p style=\"text-align: center;\"><span style=\"font-family: arial, helvetica, sans-serif; font-size: medium;\">Hin geht es \u00fcber Chicago nach Houston, retour ab Los Angeles via D\u00fcsseldorf nach Berlin-Tegel.<\/span><\/p>\n<p style=\"text-align: center;\"><span style=\"font-family: arial, helvetica, sans-serif; font-size: medium;\">Hotels haben wir alle vorab gebucht, fast komplett \u00fcber Hotwire oder Priceline.<\/span><\/p>\n<p style=\"text-align: center;\"><span style=\"font-family: arial, helvetica, sans-serif; font-size: medium;\">F\u00fcr den Mietwagen gab es das beste Gesamtpaket bei Hertz.<\/span><\/p>\n<p style=\"text-align: center;\"><span style=\"font-family: arial, helvetica, sans-serif; font-size: medium;\">An fast allen Orten werden wir mehrere N\u00e4chte verbringen.<\/span><\/p>\n<p style=\"text-align: center;\"><span style=\"font-family: arial, helvetica, sans-serif; font-size: medium;\">Im Vorfeld erledigen wir alles erdenkliche, dass es eine entspannte relaxte Tour wird.<\/span><\/p>\n<p style=\"text-align: center;\"><span style=\"font-family: arial, helvetica, sans-serif; font-size: medium;\">Ab in die Sonne von Texas, Arizona and California.<\/span><\/p>\n<p style=\"text-align: center;\"><span style=\"font-family: arial, helvetica, sans-serif; font-size: medium;\">\u00a0<\/span><\/p>\n<p style=\"text-align: center;\"><span style=\"font-family: arial, helvetica, sans-serif; font-size: medium;\">\u00a0<\/span><\/p>\n<p style=\"text-align: center;\"><span style=\"font-family: arial, helvetica, sans-serif; font-size: medium;\"><a href=\"https:\/\/welcome-ontour.de\/wordpress\/wp-content\/uploads\/2017\/02\/phoca_thumb_l_2016-09-23-02-map.jpg\" target=\"_blank\" rel=\"noopener noreferrer\"><img decoding=\"async\" class=\" size-full wp-image-8851\" title=\"Route\" src=\"https:\/\/welcome-ontour.de\/wordpress\/wp-content\/uploads\/2017\/02\/phoca_thumb_l_2016-09-23-02-map.jpg\" width=\"850\" height=\"474\" border=\"0\" srcset=\"https:\/\/welcome-ontour.de\/wordpress\/wp-content\/uploads\/2017\/02\/phoca_thumb_l_2016-09-23-02-map.jpg 1793w, https:\/\/welcome-ontour.de\/wordpress\/wp-content\/uploads\/2017\/02\/phoca_thumb_l_2016-09-23-02-map-300x167.jpg 300w, https:\/\/welcome-ontour.de\/wordpress\/wp-content\/uploads\/2017\/02\/phoca_thumb_l_2016-09-23-02-map-1024x571.jpg 1024w, https:\/\/welcome-ontour.de\/wordpress\/wp-content\/uploads\/2017\/02\/phoca_thumb_l_2016-09-23-02-map-768x428.jpg 768w, https:\/\/welcome-ontour.de\/wordpress\/wp-content\/uploads\/2017\/02\/phoca_thumb_l_2016-09-23-02-map-1536x857.jpg 1536w, https:\/\/welcome-ontour.de\/wordpress\/wp-content\/uploads\/2017\/02\/phoca_thumb_l_2016-09-23-02-map-1568x875.jpg 1568w\" sizes=\"(max-width: 850px) 100vw, 850px\" \/><\/a><\/span><\/p>\n<p style=\"text-align: center;\"><span style=\"font-family: arial, helvetica, sans-serif; font-size: medium;\">\u00a0<\/span><\/p>\n<p style=\"text-align: center;\"><span style=\"font-family: arial, helvetica, sans-serif; font-size: medium;\">\u00a0<\/span><\/p>\n<p style=\"text-align: center;\"><span style=\"font-family: arial, helvetica, sans-serif; font-size: medium;\">Am Vorabend checken wir online ein und drucken die Bordkarten zu Hause aus.<\/span><\/p>\n<p style=\"text-align: center;\"><span style=\"font-family: arial, helvetica, sans-serif; font-size: medium;\">Klamotten packen inklusive aller Papiere und dem Technikkram dauert eine gute konzentrierte Stunde.<\/span><\/p>\n<p style=\"text-align: center;\"><span style=\"font-family: arial, helvetica, sans-serif; font-size: medium;\">Seit gef\u00fchlten Ewigkeiten nehm ich mal wieder die komplette Fotoausr\u00fcstung mit.<\/span><\/p>\n<p style=\"text-align: center;\"><span style=\"font-family: arial, helvetica, sans-serif; font-size: medium;\">Danach hei\u00dft es Wecker stellen und ab ins Bette.<\/span><\/p>\n<p style=\"text-align: center;\"><span style=\"font-family: arial, helvetica, sans-serif; font-size: medium;\">\u00a0<\/span><\/p>\n<p style=\"text-align: center;\"><span style=\"font-family: arial, helvetica, sans-serif; font-size: medium;\">\u00a0<\/span><\/p>\n<p style=\"text-align: center;\"><span style=\"font-family: arial, helvetica, sans-serif; font-size: medium;\"><img decoding=\"async\" class=\" size-full wp-image-8852\" title=\"Panther Junction\" src=\"https:\/\/welcome-ontour.de\/wordpress\/wp-content\/uploads\/2017\/02\/phoca_thumb_l_2016-09-23-03a-panther-junction.jpg\" width=\"152\" height=\"145\" border=\"0\" \/>\u00a0\u00a0<img decoding=\"async\" class=\" size-full wp-image-8853\" title=\"Big Bend\" src=\"https:\/\/welcome-ontour.de\/wordpress\/wp-content\/uploads\/2017\/02\/phoca_thumb_l_2016-09-23-03b-big-bend-nationalpark.jpg\" width=\"232\" height=\"262\" border=\"0\" \/>\u00a0\u00a0<img decoding=\"async\" class=\" size-full wp-image-8854\" title=\"Rio Grande\" src=\"https:\/\/welcome-ontour.de\/wordpress\/wp-content\/uploads\/2017\/02\/phoca_thumb_l_2016-09-23-03c-rio-grande.jpg\" width=\"153\" height=\"153\" border=\"0\" srcset=\"https:\/\/welcome-ontour.de\/wordpress\/wp-content\/uploads\/2017\/02\/phoca_thumb_l_2016-09-23-03c-rio-grande.jpg 153w, https:\/\/welcome-ontour.de\/wordpress\/wp-content\/uploads\/2017\/02\/phoca_thumb_l_2016-09-23-03c-rio-grande-150x150.jpg 150w\" sizes=\"(max-width: 153px) 100vw, 153px\" \/><\/span><\/p>\n<p style=\"text-align: center;\"><span style=\"font-family: arial, helvetica, sans-serif; font-size: medium;\">\u00a0<\/span><\/p>\n<p style=\"text-align: center;\"><span style=\"font-family: arial, helvetica, sans-serif; font-size: medium;\">\u00a0<\/span><\/p>\n<p style=\"text-align: center;\"><span style=\"font-family: arial, helvetica, sans-serif; font-size: small;\"><a href=\"https:\/\/welcome-ontour.de\/wordpress\/index.php\/reiseberichte\/\">&lt;&lt; Reiseberichte<\/a>\u00a0 \u00a0 \u00a0 \u00a0 \u00a0 \u00a0 \u00a0 \u00a0 \u00a0 \u00a0 \u00a0 \u00a0 \u00a0 \u00a0 \u00a0 \u00a0 \u00a0 \u00a0 \u00a0 \u00a0 \u00a0 \u00a0 \u00a0 \u00a0 \u00a0 \u00a0 \u00a0 \u00a0 \u00a0 \u00a0 \u00a0 \u00a0 \u00a0 \u00a0 \u00a0 \u00a0 \u00a0 \u00a0 \u00a0 \u00a0 \u00a0 \u00a0 \u00a0 \u00a0 \u00a0 \u00a0 \u00a0 \u00a0 \u00a0 \u00a0 \u00a0 \u00a0 \u00a0 \u00a0 \u00a0 \u00a0 \u00a0 \u00a0 \u00a0 \u00a0 \u00a0 \u00a0 \u00a0 \u00a0 \u00a0 \u00a0 \u00a0 \u00a0 \u00a0 \u00a0 \u00a0 \u00a0 \u00a0 \u00a0 \u00a0 \u00a0 \u00a0 \u00a0 \u00a0 \u00a0 \u00a0 \u00a0 \u00a0 \u00a0 \u00a0 \u00a0 \u00a0 \u00a0 \u00a0 \u00a0 \u00a0 \u00a0 \u00a0 \u00a0 \u00a0\u00a0<a href=\"https:\/\/welcome-ontour.de\/wordpress\/index.php\/2016-09-24\/\">Weiter &gt;&gt;<\/a><\/span><\/p>\n","protected":false},"excerpt":{"rendered":"<p>prolog \u00a0. \u00a0hinflug \u00a0. \u00a0san antonio \u00a0. \u00a0big bend \u00a0. \u00a0el paso \u00a0. \u00a0tucson \u00a0. \u00a0phoenix \u00a0. \u00a0palm springs \u00a0. \u00a0los angeles \u00a0. \u00a0r\u00fcckflug \u00a0. \u00a0fazit &lt;&lt; Reiseberichte\u00a0 \u00a0 \u00a0 \u00a0 \u00a0 \u00a0 \u00a0 \u00a0 \u00a0 \u00a0 \u00a0 \u00a0 \u00a0 \u00a0 \u00a0 \u00a0 \u00a0 \u00a0 \u00a0 \u00a0 \u00a0 \u00a0 \u00a0 \u00a0 \u00a0 \u00a0 \u00a0 \u00a0 \u00a0 \u00a0 \u00a0 \u00a0 \u00a0 \u00a0 \u00a0 \u00a0 \u00a0 \u00a0 \u00a0 \u00a0 \u00a0 \u00a0 \u00a0 \u00a0 \u00a0 \u00a0 \u00a0 \u00a0 \u00a0 \u00a0 \u00a0 \u00a0 \u00a0 \u00a0 \u00a0 \u00a0 \u00a0 \u00a0 \u00a0 \u00a0 \u00a0 \u00a0 \u00a0 \u00a0 \u00a0 \u00a0 \u00a0 \u00a0 \u00a0 \u00a0 \u00a0 \u00a0 \u00a0 \u00a0 \u00a0 \u00a0 \u00a0 \u00a0 \u00a0 \u00a0 \u00a0 \u00a0 \u00a0 \u00a0 \u00a0 \u00a0 \u00a0 \u00a0 \u00a0 \u00a0 \u00a0 \u00a0 \u00a0 \u00a0 \u00a0\u00a0Weiter &gt;&gt; \u00a0 Texas Radio And The Big Bend \u00a0 USA 2016 \u00a0 \u00a0 Prolog \u00a0 Wir k\u00f6nnen unseren Jahresurlaub dieses Mal erst recht sp\u00e4t nehmen. Dass es in den S\u00fcdwesten der USA geht, dar\u00fcber waren wir uns einig. Und um mit dem Wetter keine kalten \u00dcberraschungen zu erleben, bleiben wir in s\u00fcdlichen Gefilden. Landschaftstechnisch wollten wir schon lange mal den Big Bend Nationalpark besuchen. Das gab letztendlich den Ausschlag, Houston als Start unserer Reise zu w\u00e4hlen. Wir schlagen uns dann in einer gem\u00fctlichen dreiw\u00f6chigen Oneway-Tour zur kalifornischen Pazifikk\u00fcste durch. Immer sch\u00f6n an der mexikanischen Grenze entlang. Bez\u00fcglich der Fl\u00fcge haben wir uns wieder f\u00fcr Air Berlin entschieden. Bei British Airways w\u00e4ren vergleichbare Verbindungen g\u00fcnstiger zu haben gewesen. Aber wir fliegen gern auf bequemen und bezahlbaren XL-Sitzen. \u00a0 \u00a0 Hin geht es \u00fcber Chicago nach Houston, retour ab Los Angeles via D\u00fcsseldorf nach Berlin-Tegel. Hotels haben wir alle vorab gebucht, fast komplett \u00fcber Hotwire oder Priceline. F\u00fcr den Mietwagen gab es das beste Gesamtpaket bei Hertz. An fast allen Orten werden wir mehrere N\u00e4chte verbringen. Im Vorfeld erledigen wir alles erdenkliche, dass es eine entspannte relaxte Tour wird. Ab in die Sonne von Texas, Arizona and California. \u00a0 \u00a0 \u00a0 \u00a0 Am Vorabend checken wir online ein und drucken die Bordkarten zu Hause aus. Klamotten packen inklusive aller Papiere und dem Technikkram dauert eine gute konzentrierte Stunde. Seit gef\u00fchlten Ewigkeiten nehm ich mal wieder die komplette Fotoausr\u00fcstung mit. Danach hei\u00dft es Wecker stellen und ab ins Bette. \u00a0 \u00a0 \u00a0\u00a0\u00a0\u00a0 \u00a0 \u00a0 &lt;&lt; Reiseberichte\u00a0 \u00a0 \u00a0 \u00a0 \u00a0 \u00a0 \u00a0 \u00a0 \u00a0 \u00a0 \u00a0 \u00a0 \u00a0 \u00a0 \u00a0 \u00a0 \u00a0 \u00a0 \u00a0 \u00a0 \u00a0 \u00a0 \u00a0 \u00a0 \u00a0 \u00a0 \u00a0 \u00a0 \u00a0 \u00a0 \u00a0 \u00a0 \u00a0 \u00a0 \u00a0 \u00a0 \u00a0 \u00a0 \u00a0 \u00a0 \u00a0 \u00a0 \u00a0 \u00a0 \u00a0 \u00a0 \u00a0 \u00a0 \u00a0 \u00a0 \u00a0 \u00a0 \u00a0 \u00a0 \u00a0 \u00a0 \u00a0 \u00a0 \u00a0 \u00a0 \u00a0 \u00a0 \u00a0 \u00a0 \u00a0 \u00a0 \u00a0 \u00a0 \u00a0 \u00a0 \u00a0 \u00a0 \u00a0 \u00a0 \u00a0 \u00a0 \u00a0 \u00a0 \u00a0 \u00a0 \u00a0 \u00a0 \u00a0 \u00a0 \u00a0 \u00a0 \u00a0 \u00a0 \u00a0 \u00a0 \u00a0 \u00a0 \u00a0 \u00a0 \u00a0\u00a0Weiter &gt;&gt;<\/p>\n","protected":false},"author":1,"featured_media":1599,"parent":0,"menu_order":23,"comment_status":"closed","ping_status":"closed","template":"","meta":{"footnotes":""},"class_list":["post-8855","page","type-page","status-publish","has-post-thumbnail","hentry"],"_links":{"self":[{"href":"https:\/\/welcome-ontour.de\/wordpress\/index.php\/wp-json\/wp\/v2\/pages\/8855","targetHints":{"allow":["GET"]}}],"collection":[{"href":"https:\/\/welcome-ontour.de\/wordpress\/index.php\/wp-json\/wp\/v2\/pages"}],"about":[{"href":"https:\/\/welcome-ontour.de\/wordpress\/index.php\/wp-json\/wp\/v2\/types\/page"}],"author":[{"embeddable":true,"href":"https:\/\/welcome-ontour.de\/wordpress\/index.php\/wp-json\/wp\/v2\/users\/1"}],"replies":[{"embeddable":true,"href":"https:\/\/welcome-ontour.de\/wordpress\/index.php\/wp-json\/wp\/v2\/comments?post=8855"}],"version-history":[{"count":1,"href":"https:\/\/welcome-ontour.de\/wordpress\/index.php\/wp-json\/wp\/v2\/pages\/8855\/revisions"}],"predecessor-version":[{"id":14917,"href":"https:\/\/welcome-ontour.de\/wordpress\/index.php\/wp-json\/wp\/v2\/pages\/8855\/revisions\/14917"}],"wp:featuredmedia":[{"embeddable":true,"href":"https:\/\/welcome-ontour.de\/wordpress\/index.php\/wp-json\/wp\/v2\/media\/1599"}],"wp:attachment":[{"href":"https:\/\/welcome-ontour.de\/wordpress\/index.php\/wp-json\/wp\/v2\/media?parent=8855"}],"curies":[{"name":"wp","href":"https:\/\/api.w.org\/{rel}","templated":true}]}}