{"id":8737,"date":"2016-06-21T05:19:00","date_gmt":"2016-06-21T05:19:00","guid":{"rendered":"https:\/\/welcome-ontour.de\/wordpress\/index.php\/2016-05-13-prolog\/"},"modified":"2022-06-30T23:06:40","modified_gmt":"2022-06-30T23:06:40","slug":"2016-05-13-prolog","status":"publish","type":"page","link":"https:\/\/welcome-ontour.de\/wordpress\/index.php\/2016-05-13-prolog\/","title":{"rendered":"2016 05 13 prolog"},"content":{"rendered":"<p style=\"text-align: center;\"><span style=\"font-family: arial, helvetica, sans-serif;\"><a style=\"font-size: x-small; line-height: 1.3em;\" href=\"https:\/\/welcome-ontour.de\/wordpress\/index.php\/2016-05-13-prolog\/\">Prolog<\/a><span style=\"font-size: x-small; line-height: 1.3em;\">\u00a0\u00a0. \u00a0<\/span><a style=\"font-size: x-small; line-height: 1.3em;\" href=\"https:\/\/welcome-ontour.de\/wordpress\/index.php\/2016-05-14\/\">Hinflug<\/a><span style=\"font-size: x-small; line-height: 1.3em;\">\u00a0\u00a0. \u00a0<\/span><a style=\"font-size: x-small; line-height: 1.3em;\" href=\"https:\/\/welcome-ontour.de\/wordpress\/index.php\/2016-05-15\/\">Mesquida<\/a><span style=\"font-size: x-small; line-height: 1.3em;\">\u00a0\u00a0. \u00a0<\/span><a style=\"font-size: x-small; line-height: 1.3em;\" href=\"https:\/\/welcome-ontour.de\/wordpress\/index.php\/2016-05-16\/\">Romantica<\/a><span style=\"font-size: x-small; line-height: 1.3em;\">\u00a0\u00a0. \u00a0<\/span><a style=\"font-size: x-small; line-height: 1.3em;\" href=\"https:\/\/welcome-ontour.de\/wordpress\/index.php\/2016-05-17\/\">Mondrago<\/a><span style=\"font-size: x-small; line-height: 1.3em;\">\u00a0\u00a0. \u00a0<\/span><a style=\"font-size: x-small; line-height: 1.3em;\" href=\"https:\/\/welcome-ontour.de\/wordpress\/index.php\/2016-05-18\/\">Agulla<\/a><span style=\"font-size: x-small; line-height: 1.3em;\">\u00a0\u00a0. \u00a0<\/span><a style=\"font-size: x-small; line-height: 1.3em;\" href=\"https:\/\/welcome-ontour.de\/wordpress\/index.php\/2016-05-19\/\">Torta<\/a><span style=\"font-size: x-small; line-height: 1.3em;\">\u00a0\u00a0. \u00a0<\/span><a style=\"font-size: x-small; line-height: 1.3em;\" href=\"https:\/\/welcome-ontour.de\/wordpress\/index.php\/2016-05-20\/\">Lombardes<\/a><span style=\"font-size: x-small; line-height: 1.3em;\">\u00a0\u00a0. \u00a0<\/span><a style=\"font-size: x-small; line-height: 1.3em;\" href=\"https:\/\/welcome-ontour.de\/wordpress\/index.php\/2016-05-21\/\">R\u00fcckflug<\/a><span style=\"font-size: x-small; line-height: 1.3em;\">\u00a0\u00a0. \u00a0<\/span><a style=\"font-size: x-small; line-height: 1.3em;\" href=\"https:\/\/welcome-ontour.de\/wordpress\/index.php\/2016-05-22-fazit\/\">Fazit<\/a><\/span><\/p>\n<p style=\"text-align: center;\"><span style=\"font-family: arial, helvetica, sans-serif;\"><a style=\"font-size: small; line-height: 1.3em;\" href=\"https:\/\/welcome-ontour.de\/wordpress\/index.php\/reiseberichte\/\">&lt;&lt; Reiseberichte<\/a><span style=\"font-size: small; line-height: 1.3em;\">\u00a0 \u00a0 \u00a0 \u00a0 \u00a0 \u00a0 \u00a0 \u00a0 \u00a0 \u00a0 \u00a0 \u00a0 \u00a0 \u00a0 \u00a0 \u00a0 \u00a0 \u00a0 \u00a0 \u00a0 \u00a0 \u00a0 \u00a0 \u00a0 \u00a0 \u00a0 \u00a0 \u00a0 \u00a0 \u00a0 \u00a0 \u00a0 \u00a0 \u00a0 \u00a0 \u00a0 \u00a0 \u00a0 \u00a0 \u00a0 \u00a0 \u00a0 \u00a0 \u00a0 \u00a0 \u00a0 \u00a0 \u00a0 \u00a0 \u00a0 \u00a0 \u00a0 \u00a0 \u00a0 \u00a0 \u00a0 \u00a0 \u00a0 \u00a0 \u00a0 \u00a0 \u00a0 \u00a0 \u00a0 \u00a0 \u00a0 \u00a0 \u00a0 \u00a0 \u00a0 \u00a0 \u00a0 \u00a0 \u00a0 \u00a0 \u00a0 \u00a0 \u00a0 \u00a0 \u00a0 \u00a0 \u00a0 \u00a0 \u00a0 \u00a0 \u00a0 \u00a0 \u00a0 \u00a0 \u00a0 \u00a0\u00a0<\/span><a style=\"font-size: small; line-height: 1.3em;\" href=\"https:\/\/welcome-ontour.de\/wordpress\/index.php\/2016-05-14\/\">weiter &gt;&gt;<\/a><\/span><\/p>\n<p style=\"text-align: center;\">\u00a0<\/p>\n<p style=\"text-align: center;\">\u00a0<\/p>\n<p style=\"text-align: center;\"><span style=\"font-size: small;\"><strong><span style=\"font-family: arial, helvetica, sans-serif;\">\u00a0<\/span><\/strong><\/span><\/p>\n<p style=\"text-align: center;\"><strong><span style=\"font-family: arial, helvetica, sans-serif; font-size: x-large;\">Fat Old Sun \u2013 Mallorca 2016<\/span><\/strong><\/p>\n<p style=\"text-align: center;\"><span style=\"font-family: arial, helvetica, sans-serif; font-size: medium;\">\u00a0<\/span><\/p>\n<p style=\"text-align: center;\"><strong><span style=\"font-family: arial, helvetica, sans-serif; font-size: medium;\">Prolog<\/span><\/strong><\/p>\n<p style=\"text-align: center;\"><span style=\"font-family: arial, helvetica, sans-serif; font-size: medium;\">\u00a0<\/span><\/p>\n<p style=\"text-align: center;\"><span style=\"font-family: arial, helvetica, sans-serif; font-size: medium;\">Eine Woche Mallorca geht immer.<\/span><\/p>\n<p style=\"text-align: center;\"><span style=\"font-family: arial, helvetica, sans-serif; font-size: medium;\">Ein oft geh\u00f6rter Satz, der aber treffender kaum sein k\u00f6nnte.<\/span><\/p>\n<p style=\"text-align: center;\"><span style=\"font-family: arial, helvetica, sans-serif; font-size: medium;\">Mitte Mai sind die Temperaturen schon angenehm hoch und die Preise ebenfalls angenehm im Keller.<\/span><\/p>\n<p style=\"text-align: center;\"><span style=\"font-family: arial, helvetica, sans-serif; font-size: medium;\">Also ein paar Tage Urlaub zusammengekratzt und ab mitten ins Mittelmeer.<\/span><\/p>\n<p style=\"text-align: center;\"><span style=\"font-family: arial, helvetica, sans-serif; font-size: medium;\">Fl\u00fcge und Hotel haben wir separat gebucht, ein Mietwagen erwartet uns an Mallorcas Flughafen.<\/span><\/p>\n<p style=\"text-align: center;\"><span style=\"font-family: arial, helvetica, sans-serif; font-size: medium;\"><a href=\"https:\/\/welcome-ontour.de\/wordpress\/wp-content\/uploads\/2016\/06\/phoca_thumb_l_2016-05-13-01-phoca_thumb_l_2005-08-22-01-blau.jpg\" target=\"_blank\" rel=\"noopener noreferrer\"><img decoding=\"async\" class=\" size-full wp-image-8736\" title=\"mallorca\" src=\"https:\/\/welcome-ontour.de\/wordpress\/wp-content\/uploads\/2016\/06\/phoca_thumb_l_2016-05-13-01-phoca_thumb_l_2005-08-22-01-blau.jpg\" width=\"880\" height=\"624\" border=\"0\" srcset=\"https:\/\/welcome-ontour.de\/wordpress\/wp-content\/uploads\/2016\/06\/phoca_thumb_l_2016-05-13-01-phoca_thumb_l_2005-08-22-01-blau.jpg 1408w, https:\/\/welcome-ontour.de\/wordpress\/wp-content\/uploads\/2016\/06\/phoca_thumb_l_2016-05-13-01-phoca_thumb_l_2005-08-22-01-blau-300x213.jpg 300w, https:\/\/welcome-ontour.de\/wordpress\/wp-content\/uploads\/2016\/06\/phoca_thumb_l_2016-05-13-01-phoca_thumb_l_2005-08-22-01-blau-1024x727.jpg 1024w, https:\/\/welcome-ontour.de\/wordpress\/wp-content\/uploads\/2016\/06\/phoca_thumb_l_2016-05-13-01-phoca_thumb_l_2005-08-22-01-blau-768x545.jpg 768w\" sizes=\"(max-width: 880px) 100vw, 880px\" \/><\/a><\/span><\/p>\n<p style=\"text-align: center;\"><span style=\"font-family: arial, helvetica, sans-serif; font-size: medium;\">\u00a0<\/span><\/p>\n<p style=\"text-align: center;\"><strong><span style=\"font-family: arial, helvetica, sans-serif; font-size: medium;\">Fr 13.5.<\/span><\/strong><\/p>\n<p style=\"text-align: center;\"><span style=\"font-family: arial, helvetica, sans-serif; font-size: medium;\">\u00a0<\/span><\/p>\n<p style=\"text-align: center;\"><span style=\"font-family: arial, helvetica, sans-serif; font-size: medium;\">Bevor ich zur Arbeit fahre, wird fr\u00fch online eingecheckt,\u00a0<\/span><span style=\"font-family: arial, helvetica, sans-serif; font-size: medium; line-height: 1.3em;\">Bordkarten werden abends zu Hause ausgedruckt.<\/span><\/p>\n<p style=\"text-align: center;\"><span style=\"font-family: arial, helvetica, sans-serif; font-size: medium;\">Klamotten packen ist ein Witz.\u00a0<\/span><span style=\"font-family: arial, helvetica, sans-serif; font-size: medium; line-height: 1.3em;\">Was braucht man schon f\u00fcr eine Woche W\u00e4rme.<\/span><\/p>\n<p style=\"text-align: center;\"><span style=\"font-family: arial, helvetica, sans-serif; font-size: medium; line-height: 1.3em;\">Wecker auf 3:30, der fr\u00fche Vogel f\u00e4ngt den Wurm &#8230;<\/span><\/p>\n<p style=\"text-align: center;\">\u00a0<\/p>\n<p style=\"text-align: center;\"><span style=\"font-family: arial, helvetica, sans-serif; font-size: medium;\"><img decoding=\"async\" class=\" size-full wp-image-1600\" style=\"border: 3px solid black;\" title=\"mallorca sunset\" src=\"https:\/\/welcome-ontour.de\/wordpress\/wp-content\/uploads\/2012\/11\/phoca_thumb_l_2016-05-13-02-3962653936643838.jpg\" width=\"565\" height=\"376\" border=\"0\" srcset=\"https:\/\/welcome-ontour.de\/wordpress\/wp-content\/uploads\/2012\/11\/phoca_thumb_l_2016-05-13-02-3962653936643838.jpg 565w, https:\/\/welcome-ontour.de\/wordpress\/wp-content\/uploads\/2012\/11\/phoca_thumb_l_2016-05-13-02-3962653936643838-300x200.jpg 300w\" sizes=\"(max-width: 565px) 100vw, 565px\" \/><\/span><\/p>\n<p style=\"text-align: center;\"><span style=\"font-family: arial, helvetica, sans-serif; font-size: small;\">\u00a0<\/span><\/p>\n<p style=\"text-align: center;\"><span style=\"font-family: arial, helvetica, sans-serif; font-size: small;\"><a href=\"https:\/\/welcome-ontour.de\/wordpress\/index.php\/reiseberichte\/\">&lt;&lt; Reiseberichte<\/a>\u00a0 \u00a0 \u00a0 \u00a0 \u00a0 \u00a0 \u00a0 \u00a0 \u00a0 \u00a0 \u00a0 \u00a0 \u00a0 \u00a0 \u00a0 \u00a0 \u00a0 \u00a0 \u00a0 \u00a0 \u00a0 \u00a0 \u00a0 \u00a0 \u00a0 \u00a0 \u00a0 \u00a0 \u00a0 \u00a0 \u00a0 \u00a0 \u00a0 \u00a0 \u00a0 \u00a0 \u00a0 \u00a0 \u00a0 \u00a0 \u00a0 \u00a0 \u00a0 \u00a0 \u00a0 \u00a0 \u00a0 \u00a0 \u00a0 \u00a0 \u00a0 \u00a0 \u00a0 \u00a0 \u00a0 \u00a0 \u00a0 \u00a0 \u00a0 \u00a0 \u00a0 \u00a0 \u00a0 \u00a0 \u00a0 \u00a0 \u00a0 \u00a0 \u00a0 \u00a0 \u00a0 \u00a0 \u00a0 \u00a0 \u00a0 \u00a0 \u00a0 \u00a0 \u00a0 \u00a0 \u00a0 \u00a0 \u00a0 \u00a0 \u00a0 \u00a0 \u00a0 \u00a0 \u00a0 \u00a0 \u00a0\u00a0<a href=\"https:\/\/welcome-ontour.de\/wordpress\/index.php\/2016-05-14\/\">weiter &gt;&gt;<\/a><\/span><\/p>\n","protected":false},"excerpt":{"rendered":"<p>Prolog\u00a0\u00a0. \u00a0Hinflug\u00a0\u00a0. \u00a0Mesquida\u00a0\u00a0. \u00a0Romantica\u00a0\u00a0. \u00a0Mondrago\u00a0\u00a0. \u00a0Agulla\u00a0\u00a0. \u00a0Torta\u00a0\u00a0. \u00a0Lombardes\u00a0\u00a0. \u00a0R\u00fcckflug\u00a0\u00a0. \u00a0Fazit &lt;&lt; Reiseberichte\u00a0 \u00a0 \u00a0 \u00a0 \u00a0 \u00a0 \u00a0 \u00a0 \u00a0 \u00a0 \u00a0 \u00a0 \u00a0 \u00a0 \u00a0 \u00a0 \u00a0 \u00a0 \u00a0 \u00a0 \u00a0 \u00a0 \u00a0 \u00a0 \u00a0 \u00a0 \u00a0 \u00a0 \u00a0 \u00a0 \u00a0 \u00a0 \u00a0 \u00a0 \u00a0 \u00a0 \u00a0 \u00a0 \u00a0 \u00a0 \u00a0 \u00a0 \u00a0 \u00a0 \u00a0 \u00a0 \u00a0 \u00a0 \u00a0 \u00a0 \u00a0 \u00a0 \u00a0 \u00a0 \u00a0 \u00a0 \u00a0 \u00a0 \u00a0 \u00a0 \u00a0 \u00a0 \u00a0 \u00a0 \u00a0 \u00a0 \u00a0 \u00a0 \u00a0 \u00a0 \u00a0 \u00a0 \u00a0 \u00a0 \u00a0 \u00a0 \u00a0 \u00a0 \u00a0 \u00a0 \u00a0 \u00a0 \u00a0 \u00a0 \u00a0 \u00a0 \u00a0 \u00a0 \u00a0 \u00a0 \u00a0\u00a0weiter &gt;&gt; \u00a0 \u00a0 \u00a0 Fat Old Sun \u2013 Mallorca 2016 \u00a0 Prolog \u00a0 Eine Woche Mallorca geht immer. Ein oft geh\u00f6rter Satz, der aber treffender kaum sein k\u00f6nnte. Mitte Mai sind die Temperaturen schon angenehm hoch und die Preise ebenfalls angenehm im Keller. Also ein paar Tage Urlaub zusammengekratzt und ab mitten ins Mittelmeer. Fl\u00fcge und Hotel haben wir separat gebucht, ein Mietwagen erwartet uns an Mallorcas Flughafen. \u00a0 Fr 13.5. \u00a0 Bevor ich zur Arbeit fahre, wird fr\u00fch online eingecheckt,\u00a0Bordkarten werden abends zu Hause ausgedruckt. Klamotten packen ist ein Witz.\u00a0Was braucht man schon f\u00fcr eine Woche W\u00e4rme. Wecker auf 3:30, der fr\u00fche Vogel f\u00e4ngt den Wurm &#8230; \u00a0 \u00a0 &lt;&lt; Reiseberichte\u00a0 \u00a0 \u00a0 \u00a0 \u00a0 \u00a0 \u00a0 \u00a0 \u00a0 \u00a0 \u00a0 \u00a0 \u00a0 \u00a0 \u00a0 \u00a0 \u00a0 \u00a0 \u00a0 \u00a0 \u00a0 \u00a0 \u00a0 \u00a0 \u00a0 \u00a0 \u00a0 \u00a0 \u00a0 \u00a0 \u00a0 \u00a0 \u00a0 \u00a0 \u00a0 \u00a0 \u00a0 \u00a0 \u00a0 \u00a0 \u00a0 \u00a0 \u00a0 \u00a0 \u00a0 \u00a0 \u00a0 \u00a0 \u00a0 \u00a0 \u00a0 \u00a0 \u00a0 \u00a0 \u00a0 \u00a0 \u00a0 \u00a0 \u00a0 \u00a0 \u00a0 \u00a0 \u00a0 \u00a0 \u00a0 \u00a0 \u00a0 \u00a0 \u00a0 \u00a0 \u00a0 \u00a0 \u00a0 \u00a0 \u00a0 \u00a0 \u00a0 \u00a0 \u00a0 \u00a0 \u00a0 \u00a0 \u00a0 \u00a0 \u00a0 \u00a0 \u00a0 \u00a0 \u00a0 \u00a0 \u00a0\u00a0weiter &gt;&gt;<\/p>\n","protected":false},"author":1,"featured_media":8736,"parent":0,"menu_order":9,"comment_status":"closed","ping_status":"closed","template":"","meta":{"footnotes":""},"class_list":["post-8737","page","type-page","status-publish","has-post-thumbnail","hentry"],"_links":{"self":[{"href":"https:\/\/welcome-ontour.de\/wordpress\/index.php\/wp-json\/wp\/v2\/pages\/8737","targetHints":{"allow":["GET"]}}],"collection":[{"href":"https:\/\/welcome-ontour.de\/wordpress\/index.php\/wp-json\/wp\/v2\/pages"}],"about":[{"href":"https:\/\/welcome-ontour.de\/wordpress\/index.php\/wp-json\/wp\/v2\/types\/page"}],"author":[{"embeddable":true,"href":"https:\/\/welcome-ontour.de\/wordpress\/index.php\/wp-json\/wp\/v2\/users\/1"}],"replies":[{"embeddable":true,"href":"https:\/\/welcome-ontour.de\/wordpress\/index.php\/wp-json\/wp\/v2\/comments?post=8737"}],"version-history":[{"count":1,"href":"https:\/\/welcome-ontour.de\/wordpress\/index.php\/wp-json\/wp\/v2\/pages\/8737\/revisions"}],"predecessor-version":[{"id":14915,"href":"https:\/\/welcome-ontour.de\/wordpress\/index.php\/wp-json\/wp\/v2\/pages\/8737\/revisions\/14915"}],"wp:featuredmedia":[{"embeddable":true,"href":"https:\/\/welcome-ontour.de\/wordpress\/index.php\/wp-json\/wp\/v2\/media\/8736"}],"wp:attachment":[{"href":"https:\/\/welcome-ontour.de\/wordpress\/index.php\/wp-json\/wp\/v2\/media?parent=8737"}],"curies":[{"name":"wp","href":"https:\/\/api.w.org\/{rel}","templated":true}]}}