{"id":8735,"date":"2016-06-21T05:15:13","date_gmt":"2016-06-21T05:15:13","guid":{"rendered":"https:\/\/welcome-ontour.de\/wordpress\/index.php\/2016-02-18-fazit\/"},"modified":"2022-06-30T23:06:16","modified_gmt":"2022-06-30T23:06:16","slug":"2016-02-18-fazit","status":"publish","type":"page","link":"https:\/\/welcome-ontour.de\/wordpress\/index.php\/2016-02-18-fazit\/","title":{"rendered":"2016 02 18 fazit"},"content":{"rendered":"<p style=\"text-align: center;\"><span style=\"font-size: 8pt; font-family: arial, helvetica, sans-serif;\"><a href=\"https:\/\/welcome-ontour.de\/wordpress\/index.php\/2016-01-29-prolog\/\">Prolog<\/a>\u00a0\u00a0\u00a0<a href=\"https:\/\/welcome-ontour.de\/wordpress\/index.php\/2016-01-30\">Hinflug<\/a>\u00a0 \u00a0\u00a0<a href=\"https:\/\/welcome-ontour.de\/wordpress\/index.php\/2016-01-31\">Florida Keys<\/a>\u00a0 \u00a0\u00a0<a href=\"https:\/\/welcome-ontour.de\/wordpress\/index.php\/2016-02-02\">Miami<\/a>\u00a0\u00a0\u00a0<a href=\"https:\/\/welcome-ontour.de\/wordpress\/index.php\/2016-02-04\">70000 Tons of Metal<\/a>\u00a0 \u00a0\u00a0<a href=\"https:\/\/welcome-ontour.de\/wordpress\/index.php\/2016-02-08\">Isla Verde<\/a>\u00a0 \u00a0\u00a0<a href=\"https:\/\/welcome-ontour.de\/wordpress\/index.php\/2016-02-09\">Palma Del Mar<\/a>\u00a0 \u00a0\u00a0<a href=\"https:\/\/welcome-ontour.de\/wordpress\/index.php\/2016-02-12\">Rincon<\/a>\u00a0 \u00a0\u00a0<a href=\"https:\/\/welcome-ontour.de\/wordpress\/index.php\/2016-02-13\">Jobos<\/a>\u00a0 \u00a0\u00a0<a href=\"https:\/\/welcome-ontour.de\/wordpress\/index.php\/2016-02-15\">San Juan<\/a>\u00a0 \u00a0\u00a0<a href=\"https:\/\/welcome-ontour.de\/wordpress\/index.php\/2016-02-16\">R\u00fcckflug<\/a>\u00a0 \u00a0\u00a0<a href=\"https:\/\/welcome-ontour.de\/wordpress\/index.php\/2016-02-18\">Fazit<\/a><\/span><\/p>\n<p style=\"text-align: center;\"><span style=\"font-size: 10pt; font-family: arial, helvetica, sans-serif;\"><a href=\"https:\/\/welcome-ontour.de\/wordpress\/index.php\/2016-02-17\">&lt; zur\u00fcck<\/a>\u00a0 \u00a0 \u00a0 \u00a0 \u00a0 \u00a0 \u00a0 \u00a0 \u00a0 \u00a0 \u00a0 \u00a0 \u00a0 \u00a0 \u00a0 \u00a0 \u00a0 \u00a0 \u00a0 \u00a0 \u00a0 \u00a0 \u00a0 \u00a0 \u00a0 \u00a0 \u00a0 \u00a0 \u00a0 \u00a0 \u00a0 \u00a0 \u00a0 \u00a0 \u00a0 \u00a0 \u00a0 \u00a0 \u00a0 \u00a0 \u00a0 \u00a0 \u00a0 \u00a0 \u00a0 \u00a0 \u00a0 \u00a0 \u00a0 \u00a0 \u00a0 \u00a0 \u00a0 \u00a0 \u00a0 \u00a0 \u00a0 \u00a0 \u00a0 \u00a0 \u00a0 \u00a0 \u00a0 \u00a0 \u00a0 \u00a0 \u00a0 \u00a0 \u00a0 \u00a0 \u00a0 \u00a0 \u00a0 \u00a0 \u00a0 \u00a0 \u00a0 \u00a0 \u00a0 \u00a0 \u00a0 \u00a0 \u00a0 \u00a0 \u00a0 \u00a0 \u00a0 \u00a0 \u00a0 \u00a0 \u00a0 \u00a0 <a href=\"https:\/\/welcome-ontour.de\/wordpress\/index.php\/reiseberichte\/\">Reiseberichte &gt;<\/a><\/span><\/p>\n<p style=\"text-align: center;\"><span style=\"font-family: arial, helvetica, sans-serif; font-size: 12pt;\">\u00a0<\/span><\/p>\n<p style=\"text-align: center;\"><span style=\"font-size: 14pt;\"><strong><span style=\"font-family: arial, helvetica, sans-serif;\">Fazit<\/span><\/strong><\/span><\/p>\n<p style=\"text-align: center;\"><span style=\"font-family: arial, helvetica, sans-serif; font-size: 12pt;\">\u00a0<\/span><\/p>\n<p style=\"text-align: center;\"><span style=\"font-family: arial, helvetica, sans-serif; font-size: 12pt;\">Die Kombination aus Florida, Kreuzfahrt und Puerto Rico <\/span><\/p>\n<p style=\"text-align: center;\"><span style=\"font-family: arial, helvetica, sans-serif; font-size: 12pt;\">hat f\u00fcr uns auch beim dritten Mal nichts an seiner Faszination verloren.<\/span><\/p>\n<p style=\"text-align: center;\"><span style=\"font-family: arial, helvetica, sans-serif; font-size: 12pt;\">Die Tage auf den Keys sind zum Eingew\u00f6hnen ideal, <\/span><\/p>\n<p style=\"text-align: center;\"><span style=\"font-family: arial, helvetica, sans-serif; font-size: 12pt;\">die Party in Miami Beach <\/span><span style=\"font-family: arial, helvetica, sans-serif; font-size: 12pt;\">ein einziges gro\u00dfes Wiedersehensfest, <\/span><\/p>\n<p style=\"text-align: center;\"><span style=\"font-family: arial, helvetica, sans-serif; font-size: 12pt;\">die 70.000 Tons of Metal Cruise <\/span><span style=\"font-family: arial, helvetica, sans-serif; font-size: 12pt;\">auch beim f\u00fcnften Mal <\/span><span style=\"font-family: arial, helvetica, sans-serif; font-size: 12pt;\">ein Erlebnis <\/span><\/p>\n<p style=\"text-align: center;\"><span style=\"font-family: arial, helvetica, sans-serif; font-size: 12pt;\">und Puerto Rico haben wir wohl dauerhaft ins Herz geschlossen.<\/span><\/p>\n<p style=\"text-align: center;\"><span style=\"font-family: arial, helvetica, sans-serif; font-size: 12pt;\">Ob und wann wir diese Konstellation beibehalten und fortsetzen wissen wir noch nicht.<\/span><\/p>\n<p style=\"text-align: center;\"><span style=\"font-family: arial, helvetica, sans-serif; font-size: 12pt;\">M\u00f6chten nicht Gefahr laufen, dass die Story zur routinierten Wiederholungsnormalit\u00e4t abgleitet.<\/span><\/p>\n<p style=\"text-align: center;\"><span style=\"font-family: arial, helvetica, sans-serif; font-size: 12pt;\">Mal bisschen Zeit vergehen lassen und kucken, wie wir das in ein paar Monaten sehen.<\/span><\/p>\n<p style=\"text-align: center;\"><span style=\"font-family: arial, helvetica, sans-serif; font-size: 12pt;\">\u00a0<\/span><\/p>\n<p style=\"text-align: center;\"><span style=\"font-family: arial, helvetica, sans-serif; font-size: 12pt;\"><img decoding=\"async\" class=\" size-full wp-image-8730\" title=\"AB\" src=\"https:\/\/welcome-ontour.de\/wordpress\/wp-content\/uploads\/2016\/06\/phoca_thumb_l_2016-02-18-02-ab-a330.jpg\" width=\"390\" height=\"100\" srcset=\"https:\/\/welcome-ontour.de\/wordpress\/wp-content\/uploads\/2016\/06\/phoca_thumb_l_2016-02-18-02-ab-a330.jpg 732w, https:\/\/welcome-ontour.de\/wordpress\/wp-content\/uploads\/2016\/06\/phoca_thumb_l_2016-02-18-02-ab-a330-300x77.jpg 300w\" sizes=\"(max-width: 390px) 100vw, 390px\" \/>\u00a0 <img decoding=\"async\" class=\" size-full wp-image-8731\" title=\"AA\" src=\"https:\/\/welcome-ontour.de\/wordpress\/wp-content\/uploads\/2016\/06\/phoca_thumb_l_2016-02-18-01-aa-b737.jpg\" width=\"300\" height=\"104\" srcset=\"https:\/\/welcome-ontour.de\/wordpress\/wp-content\/uploads\/2016\/06\/phoca_thumb_l_2016-02-18-01-aa-b737.jpg 800w, https:\/\/welcome-ontour.de\/wordpress\/wp-content\/uploads\/2016\/06\/phoca_thumb_l_2016-02-18-01-aa-b737-300x104.jpg 300w, https:\/\/welcome-ontour.de\/wordpress\/wp-content\/uploads\/2016\/06\/phoca_thumb_l_2016-02-18-01-aa-b737-768x266.jpg 768w\" sizes=\"(max-width: 300px) 100vw, 300px\" \/><\/span><\/p>\n<p style=\"text-align: center;\"><span style=\"font-family: arial, helvetica, sans-serif; font-size: 12pt;\">\u00a0<\/span><\/p>\n<p style=\"text-align: center;\"><span style=\"font-family: arial, helvetica, sans-serif; font-size: 12pt;\">R\u00fcckwirkend betrachtet war es eine fantastische Zeit.<\/span><\/p>\n<p style=\"text-align: center;\"><span style=\"font-family: arial, helvetica, sans-serif; font-size: 12pt;\">Besonders die acht Tage auf Puerto Rico haben uns wieder hervorragend gefallen.<\/span><\/p>\n<p style=\"text-align: center;\"><span style=\"font-family: arial, helvetica, sans-serif; font-size: 12pt;\">Palmen, Str\u00e4nde, Regenw\u00e4lder, tropische Flora und Fauna, hei\u00dfes Klima und warmes Meerwasser, <\/span><\/p>\n<p style=\"text-align: center;\"><span style=\"font-family: arial, helvetica, sans-serif; font-size: 12pt;\">wir haben uns wieder wie im Paradies gef\u00fchlt.<\/span><\/p>\n<p style=\"text-align: center;\"><span style=\"font-family: arial, helvetica, sans-serif; font-size: 12pt;\">Auch die Metal Kreuzfahrt bleibt immer etwas Besonderes <\/span><\/p>\n<p style=\"text-align: center;\"><span style=\"font-family: arial, helvetica, sans-serif; font-size: 12pt;\">und die N\u00e4he zwischen Fans und Bands war auch dieses Mal einzigartig.<\/span><\/p>\n<p style=\"text-align: center;\"><span style=\"font-family: arial, helvetica, sans-serif; font-size: 12pt;\">\u00a0<\/span><\/p>\n<p style=\"text-align: center;\"><span style=\"font-family: arial, helvetica, sans-serif; font-size: 12pt;\">Bei den Fl\u00fcgen hatten wir keinen Grund zur Beschwerde.<\/span><\/p>\n<p style=\"text-align: center;\"><span style=\"font-family: arial, helvetica, sans-serif; font-size: 12pt;\">F\u00fcr die Versp\u00e4tung beim R\u00fcckflug in Miami konnte Air Berlin nichts.<\/span><\/p>\n<p style=\"text-align: center;\"><span style=\"font-family: arial, helvetica, sans-serif; font-size: 12pt;\">Auch bei den Autos gab es keine negativen \u00dcberraschungen.<\/span><\/p>\n<p style=\"text-align: center;\"><span style=\"font-family: arial, helvetica, sans-serif; font-size: 12pt;\">Das Camaro Cabrio von Hertz ist ein Spielzeug f\u00fcr junggebliebene M\u00e4nner.<\/span><\/p>\n<p style=\"text-align: center;\"><span style=\"font-family: arial, helvetica, sans-serif; font-size: 12pt;\">Andererseits kann man damit prima \u00fcber den Overseas Highway cruisen <\/span><\/p>\n<p style=\"text-align: center;\"><span style=\"font-family: arial, helvetica, sans-serif; font-size: 12pt;\">und f\u00fcr unser Minigep\u00e4ck ist der Kofferraum ausreichend.<\/span><\/p>\n<p style=\"text-align: center;\"><span style=\"font-family: arial, helvetica, sans-serif; font-size: 12pt;\">Der kleine Toyota auf Puerto Rico hat zwar bei jedem Ausstieg im R\u00fccken gekniffen, <\/span><\/p>\n<p style=\"text-align: center;\"><span style=\"font-family: arial, helvetica, sans-serif; font-size: 12pt;\">uns aber zuverl\u00e4ssig und gek\u00fchlt durchs Paradies geschippert.<\/span><\/p>\n<p style=\"text-align: center;\"><span style=\"font-family: arial, helvetica, sans-serif; font-size: 12pt;\">\u00a0<\/span><\/p>\n<p style=\"text-align: center;\"><span style=\"font-family: arial, helvetica, sans-serif; font-size: 12pt;\"><img decoding=\"async\" class=\" size-full wp-image-8732\" title=\"Toyota Yaris\" src=\"https:\/\/welcome-ontour.de\/wordpress\/wp-content\/uploads\/2016\/06\/phoca_thumb_l_2016-02-18-03-yaris.jpg\" width=\"222\" height=\"120\" srcset=\"https:\/\/welcome-ontour.de\/wordpress\/wp-content\/uploads\/2016\/06\/phoca_thumb_l_2016-02-18-03-yaris.jpg 578w, https:\/\/welcome-ontour.de\/wordpress\/wp-content\/uploads\/2016\/06\/phoca_thumb_l_2016-02-18-03-yaris-300x162.jpg 300w\" sizes=\"(max-width: 222px) 100vw, 222px\" \/>\u00a0 <img decoding=\"async\" class=\" size-full wp-image-8733\" title=\"Chevrolet Camaro\" src=\"https:\/\/welcome-ontour.de\/wordpress\/wp-content\/uploads\/2016\/06\/phoca_thumb_l_2016-02-18-04-camaro-kopieee.jpg\" width=\"270\" height=\"130\" srcset=\"https:\/\/welcome-ontour.de\/wordpress\/wp-content\/uploads\/2016\/06\/phoca_thumb_l_2016-02-18-04-camaro-kopieee.jpg 586w, https:\/\/welcome-ontour.de\/wordpress\/wp-content\/uploads\/2016\/06\/phoca_thumb_l_2016-02-18-04-camaro-kopieee-300x144.jpg 300w\" sizes=\"(max-width: 270px) 100vw, 270px\" \/><\/span><\/p>\n<p style=\"text-align: center;\"><span style=\"font-family: arial, helvetica, sans-serif; font-size: 12pt;\">\u00a0<\/span><\/p>\n<p style=\"text-align: center;\"><span style=\"font-family: arial, helvetica, sans-serif; font-size: 12pt;\">Alle Unterk\u00fcnfte der Tour wurden wieder im Vorfeld fest gemacht.<\/span><\/p>\n<p style=\"text-align: center;\"><span style=\"font-family: arial, helvetica, sans-serif; font-size: 12pt;\">Von okay bis Luxus war alles dabei.<\/span><\/p>\n<p style=\"text-align: center;\"><span style=\"font-family: arial, helvetica, sans-serif; font-size: 12pt;\">Die von Priceline und Hotwire zugewiesenen Hotels waren allesamt Klasse, <\/span><\/p>\n<p style=\"text-align: center;\"><span style=\"font-family: arial, helvetica, sans-serif; font-size: 12pt;\">w\u00e4ren uns regul\u00e4r gebucht aber entschieden\u00a0 zu teuer gewesen.<\/span><\/p>\n<p style=\"text-align: center;\"><span style=\"font-family: arial, helvetica, sans-serif; font-size: 12pt;\">\u00a0<\/span><\/p>\n<p style=\"text-align: center;\"><span style=\"font-family: arial, helvetica, sans-serif; font-size: 12pt;\">Zum Abschluss wie immer der Zahlensalat.<\/span><\/p>\n<p style=\"text-align: center;\"><span style=\"font-family: arial, helvetica, sans-serif; font-size: 12pt;\">Die Transatlantik-Fl\u00fcge haben wir elf Monate im Voraus auf der Air Berlin Seite gekauft <\/span><\/p>\n<p style=\"text-align: center;\"><span style=\"font-family: arial, helvetica, sans-serif; font-size: 12pt;\">und gleich w\u00e4hrend des Buchungsvorgangs in Business Flights umgewandelt.<\/span><\/p>\n<p style=\"text-align: center;\"><span style=\"font-family: arial, helvetica, sans-serif; font-size: 12pt;\">F\u00e4llig waren daf\u00fcr 595\u20ac f\u00fcrs Fliegen und 25.000 Topbonus Meilen pro Person f\u00fcr das Upgrade.<\/span><\/p>\n<p style=\"text-align: center;\"><span style=\"font-family: arial, helvetica, sans-serif; font-size: 12pt;\">Jetblue bekam f\u00fcr den Hinflug nach Puerto Rico 95$ (84\u20ac) \u00fcberwiesen, <\/span><\/p>\n<p style=\"text-align: center;\"><span style=\"font-family: arial, helvetica, sans-serif; font-size: 12pt;\">American Airlines wollte 104$ (92\u20ac) f\u00fcr den R\u00fcckflug nach Miami, jeweils pro Person.<\/span><\/p>\n<p style=\"text-align: center;\"><span style=\"font-family: arial, helvetica, sans-serif; font-size: 12pt;\">Der durchschnittliche Preis einer \u00dcbernachtung lag dieses Mal bei 110$ (97\u20ac).<\/span><\/p>\n<p style=\"text-align: center;\"><span style=\"font-family: arial, helvetica, sans-serif; font-size: 12pt;\">Die Hotelkosten f\u00fcr Florida im Januar nehmen so langsam nicht mehr akzeptable Z\u00fcge an.<\/span><\/p>\n<p style=\"text-align: center;\"><span style=\"font-family: arial, helvetica, sans-serif; font-size: 12pt;\">Hertz hat uns f\u00fcr drei Tage im offenen Camaro 130\u20ac abgekn\u00f6pft.<\/span><\/p>\n<p style=\"text-align: center;\"><span style=\"font-family: arial, helvetica, sans-serif; font-size: 12pt;\">Die 8 Tage Toyota Yaris haben inklusive aller n\u00f6tigen Versicherungen 340\u20ac bei Europcar gekostet.<\/span><\/p>\n<p style=\"text-align: center;\"><span style=\"font-family: arial, helvetica, sans-serif; font-size: 12pt;\">\u00a0<\/span><\/p>\n<p style=\"text-align: center;\"><span style=\"font-family: arial, helvetica, sans-serif; font-size: 12pt;\">Zusammenfassend bleibt zu sagen, Florida im Winter, immer wieder gern.<\/span><\/p>\n<p style=\"text-align: center;\"><span style=\"font-family: arial, helvetica, sans-serif; font-size: 12pt;\">Wann es f\u00fcr uns das n\u00e4chste Mal sein wird, behalten wir uns offen.<\/span><\/p>\n<p style=\"text-align: center;\"><span style=\"font-family: arial, helvetica, sans-serif; font-size: 12pt;\">Bis dahin oder bereits davor mit Erlebnissen aus anderen wunderbaren Gegenden,<\/span><\/p>\n<p style=\"text-align: center;\"><span style=\"font-family: arial, helvetica, sans-serif; font-size: 12pt;\">seid alle gegr\u00fc\u00dft und macht\u2019s gut Leute!<\/span><\/p>\n<p style=\"text-align: center;\"><span style=\"font-size: 12pt;\"><span style=\"font-family: arial, helvetica, sans-serif;\"><img decoding=\"async\" class=\" size-full wp-image-8734\" title=\"All Inklusive?\" src=\"https:\/\/welcome-ontour.de\/wordpress\/wp-content\/uploads\/2016\/06\/phoca_thumb_l_2016-02-18-05-all-inklusiv.jpg\" alt=\"\" width=\"300\" height=\"399\" srcset=\"https:\/\/welcome-ontour.de\/wordpress\/wp-content\/uploads\/2016\/06\/phoca_thumb_l_2016-02-18-05-all-inklusiv.jpg 456w, https:\/\/welcome-ontour.de\/wordpress\/wp-content\/uploads\/2016\/06\/phoca_thumb_l_2016-02-18-05-all-inklusiv-226x300.jpg 226w\" sizes=\"(max-width: 300px) 100vw, 300px\" \/><\/span><\/span><\/p>\n<p style=\"text-align: center;\"><span style=\"font-size: 10pt; font-family: arial, helvetica, sans-serif;\"><a href=\"https:\/\/welcome-ontour.de\/wordpress\/index.php\/2016-02-17\">&lt; zur\u00fcck<\/a>\u00a0 \u00a0 \u00a0 \u00a0 \u00a0 \u00a0 \u00a0 \u00a0 \u00a0 \u00a0 \u00a0 \u00a0 \u00a0 \u00a0 \u00a0 \u00a0 \u00a0 \u00a0 \u00a0 \u00a0 \u00a0 \u00a0 \u00a0 \u00a0 \u00a0 \u00a0 \u00a0 \u00a0 \u00a0 \u00a0 \u00a0 \u00a0 \u00a0 \u00a0 \u00a0 \u00a0 \u00a0 \u00a0 \u00a0 \u00a0 \u00a0 \u00a0 \u00a0 \u00a0 \u00a0 \u00a0 \u00a0 \u00a0 \u00a0 \u00a0 \u00a0 \u00a0 \u00a0 \u00a0 \u00a0 \u00a0 \u00a0 \u00a0 \u00a0 \u00a0 \u00a0 \u00a0 \u00a0 \u00a0 \u00a0 \u00a0 \u00a0 \u00a0 \u00a0 \u00a0 \u00a0 \u00a0 \u00a0 \u00a0 \u00a0 \u00a0 \u00a0 \u00a0 \u00a0 \u00a0 \u00a0 \u00a0 \u00a0 \u00a0 \u00a0 \u00a0 \u00a0 \u00a0 \u00a0 \u00a0 \u00a0 \u00a0 <a href=\"https:\/\/welcome-ontour.de\/wordpress\/index.php\/reiseberichte\/\">Reiseberichte &gt;<\/a><\/span><\/p>\n","protected":false},"excerpt":{"rendered":"<p>Prolog\u00a0\u00a0\u00a0Hinflug\u00a0 \u00a0\u00a0Florida Keys\u00a0 \u00a0\u00a0Miami\u00a0\u00a0\u00a070000 Tons of Metal\u00a0 \u00a0\u00a0Isla Verde\u00a0 \u00a0\u00a0Palma Del Mar\u00a0 \u00a0\u00a0Rincon\u00a0 \u00a0\u00a0Jobos\u00a0 \u00a0\u00a0San Juan\u00a0 \u00a0\u00a0R\u00fcckflug\u00a0 \u00a0\u00a0Fazit &lt; zur\u00fcck\u00a0 \u00a0 \u00a0 \u00a0 \u00a0 \u00a0 \u00a0 \u00a0 \u00a0 \u00a0 \u00a0 \u00a0 \u00a0 \u00a0 \u00a0 \u00a0 \u00a0 \u00a0 \u00a0 \u00a0 \u00a0 \u00a0 \u00a0 \u00a0 \u00a0 \u00a0 \u00a0 \u00a0 \u00a0 \u00a0 \u00a0 \u00a0 \u00a0 \u00a0 \u00a0 \u00a0 \u00a0 \u00a0 \u00a0 \u00a0 \u00a0 \u00a0 \u00a0 \u00a0 \u00a0 \u00a0 \u00a0 \u00a0 \u00a0 \u00a0 \u00a0 \u00a0 \u00a0 \u00a0 \u00a0 \u00a0 \u00a0 \u00a0 \u00a0 \u00a0 \u00a0 \u00a0 \u00a0 \u00a0 \u00a0 \u00a0 \u00a0 \u00a0 \u00a0 \u00a0 \u00a0 \u00a0 \u00a0 \u00a0 \u00a0 \u00a0 \u00a0 \u00a0 \u00a0 \u00a0 \u00a0 \u00a0 \u00a0 \u00a0 \u00a0 \u00a0 \u00a0 \u00a0 \u00a0 \u00a0 \u00a0 \u00a0 Reiseberichte &gt; \u00a0 Fazit \u00a0 Die Kombination aus Florida, Kreuzfahrt und Puerto Rico hat f\u00fcr uns auch beim dritten Mal nichts an seiner Faszination verloren. Die Tage auf den Keys sind zum Eingew\u00f6hnen ideal, die Party in Miami Beach ein einziges gro\u00dfes Wiedersehensfest, die 70.000 Tons of Metal Cruise auch beim f\u00fcnften Mal ein Erlebnis und Puerto Rico haben wir wohl dauerhaft ins Herz geschlossen. Ob und wann wir diese Konstellation beibehalten und fortsetzen wissen wir noch nicht. M\u00f6chten nicht Gefahr laufen, dass die Story zur routinierten Wiederholungsnormalit\u00e4t abgleitet. Mal bisschen Zeit vergehen lassen und kucken, wie wir das in ein paar Monaten sehen. \u00a0 \u00a0 \u00a0 R\u00fcckwirkend betrachtet war es eine fantastische Zeit. Besonders die acht Tage auf Puerto Rico haben uns wieder hervorragend gefallen. Palmen, Str\u00e4nde, Regenw\u00e4lder, tropische Flora und Fauna, hei\u00dfes Klima und warmes Meerwasser, wir haben uns wieder wie im Paradies gef\u00fchlt. Auch die Metal Kreuzfahrt bleibt immer etwas Besonderes und die N\u00e4he zwischen Fans und Bands war auch dieses Mal einzigartig. \u00a0 Bei den Fl\u00fcgen hatten wir keinen Grund zur Beschwerde. F\u00fcr die Versp\u00e4tung beim R\u00fcckflug in Miami konnte Air Berlin nichts. Auch bei den Autos gab es keine negativen \u00dcberraschungen. Das Camaro Cabrio von Hertz ist ein Spielzeug f\u00fcr junggebliebene M\u00e4nner. Andererseits kann man damit prima \u00fcber den Overseas Highway cruisen und f\u00fcr unser Minigep\u00e4ck ist der Kofferraum ausreichend. Der kleine Toyota auf Puerto Rico hat zwar bei jedem Ausstieg im R\u00fccken gekniffen, uns aber zuverl\u00e4ssig und gek\u00fchlt durchs Paradies geschippert. \u00a0 \u00a0 \u00a0 Alle Unterk\u00fcnfte der Tour wurden wieder im Vorfeld fest gemacht. Von okay bis Luxus war alles dabei. Die von Priceline und Hotwire zugewiesenen Hotels waren allesamt Klasse, w\u00e4ren uns regul\u00e4r gebucht aber entschieden\u00a0 zu teuer gewesen. \u00a0 Zum Abschluss wie immer der Zahlensalat. Die Transatlantik-Fl\u00fcge haben wir elf Monate im Voraus auf der Air Berlin Seite gekauft und gleich w\u00e4hrend des Buchungsvorgangs in Business Flights umgewandelt. F\u00e4llig waren daf\u00fcr 595\u20ac f\u00fcrs Fliegen und 25.000 Topbonus Meilen pro Person f\u00fcr das Upgrade. Jetblue bekam f\u00fcr den Hinflug nach Puerto Rico 95$ (84\u20ac) \u00fcberwiesen, American Airlines wollte 104$ (92\u20ac) f\u00fcr den R\u00fcckflug nach Miami, jeweils pro Person. Der durchschnittliche Preis einer \u00dcbernachtung lag dieses Mal bei 110$ (97\u20ac). Die Hotelkosten f\u00fcr Florida im Januar nehmen so langsam nicht mehr akzeptable Z\u00fcge an. Hertz hat uns f\u00fcr drei Tage im offenen Camaro 130\u20ac abgekn\u00f6pft. Die 8 Tage Toyota Yaris haben inklusive aller n\u00f6tigen Versicherungen 340\u20ac bei Europcar gekostet. \u00a0 Zusammenfassend bleibt zu sagen, Florida im Winter, immer wieder gern. Wann es f\u00fcr uns das n\u00e4chste Mal sein wird, behalten wir uns offen. Bis dahin oder bereits davor mit Erlebnissen aus anderen wunderbaren Gegenden, seid alle gegr\u00fc\u00dft und macht\u2019s gut Leute! &lt; zur\u00fcck\u00a0 \u00a0 \u00a0 \u00a0 \u00a0 \u00a0 \u00a0 \u00a0 \u00a0 \u00a0 \u00a0 \u00a0 \u00a0 \u00a0 \u00a0 \u00a0 \u00a0 \u00a0 \u00a0 \u00a0 \u00a0 \u00a0 \u00a0 \u00a0 \u00a0 \u00a0 \u00a0 \u00a0 \u00a0 \u00a0 \u00a0 \u00a0 \u00a0 \u00a0 \u00a0 \u00a0 \u00a0 \u00a0 \u00a0 \u00a0 \u00a0 \u00a0 \u00a0 \u00a0 \u00a0 \u00a0 \u00a0 \u00a0 \u00a0 \u00a0 \u00a0 \u00a0 \u00a0 \u00a0 \u00a0 \u00a0 \u00a0 \u00a0 \u00a0 \u00a0 \u00a0 \u00a0 \u00a0 \u00a0 \u00a0 \u00a0 \u00a0 \u00a0 \u00a0 \u00a0 \u00a0 \u00a0 \u00a0 \u00a0 \u00a0 \u00a0 \u00a0 \u00a0 \u00a0 \u00a0 \u00a0 \u00a0 \u00a0 \u00a0 \u00a0 \u00a0 \u00a0 \u00a0 \u00a0 \u00a0 \u00a0 \u00a0 Reiseberichte &gt;<\/p>\n","protected":false},"author":1,"featured_media":8730,"parent":0,"menu_order":0,"comment_status":"closed","ping_status":"closed","template":"","meta":{"footnotes":""},"class_list":["post-8735","page","type-page","status-publish","has-post-thumbnail","hentry"],"_links":{"self":[{"href":"https:\/\/welcome-ontour.de\/wordpress\/index.php\/wp-json\/wp\/v2\/pages\/8735","targetHints":{"allow":["GET"]}}],"collection":[{"href":"https:\/\/welcome-ontour.de\/wordpress\/index.php\/wp-json\/wp\/v2\/pages"}],"about":[{"href":"https:\/\/welcome-ontour.de\/wordpress\/index.php\/wp-json\/wp\/v2\/types\/page"}],"author":[{"embeddable":true,"href":"https:\/\/welcome-ontour.de\/wordpress\/index.php\/wp-json\/wp\/v2\/users\/1"}],"replies":[{"embeddable":true,"href":"https:\/\/welcome-ontour.de\/wordpress\/index.php\/wp-json\/wp\/v2\/comments?post=8735"}],"version-history":[{"count":3,"href":"https:\/\/welcome-ontour.de\/wordpress\/index.php\/wp-json\/wp\/v2\/pages\/8735\/revisions"}],"predecessor-version":[{"id":17220,"href":"https:\/\/welcome-ontour.de\/wordpress\/index.php\/wp-json\/wp\/v2\/pages\/8735\/revisions\/17220"}],"wp:featuredmedia":[{"embeddable":true,"href":"https:\/\/welcome-ontour.de\/wordpress\/index.php\/wp-json\/wp\/v2\/media\/8730"}],"wp:attachment":[{"href":"https:\/\/welcome-ontour.de\/wordpress\/index.php\/wp-json\/wp\/v2\/media?parent=8735"}],"curies":[{"name":"wp","href":"https:\/\/api.w.org\/{rel}","templated":true}]}}