{"id":8684,"date":"2016-06-21T05:14:18","date_gmt":"2016-06-21T05:14:18","guid":{"rendered":"https:\/\/welcome-ontour.de\/wordpress\/index.php\/2016-02-14\/"},"modified":"2022-06-30T23:06:18","modified_gmt":"2022-06-30T23:06:18","slug":"2016-02-14","status":"publish","type":"page","link":"https:\/\/welcome-ontour.de\/wordpress\/index.php\/2016-02-14\/","title":{"rendered":"2016 02 14"},"content":{"rendered":"<p style=\"text-align: center;\"><span style=\"font-size: 8pt; font-family: arial, helvetica, sans-serif;\"><a href=\"https:\/\/welcome-ontour.de\/wordpress\/index.php\/2016-01-29-prolog\/\">Prolog<\/a>\u00a0\u00a0\u00a0<a href=\"https:\/\/welcome-ontour.de\/wordpress\/index.php\/2016-01-30\">Hinflug<\/a>\u00a0 \u00a0\u00a0<a href=\"https:\/\/welcome-ontour.de\/wordpress\/index.php\/2016-01-31\">Florida Keys<\/a>\u00a0 \u00a0\u00a0<a href=\"https:\/\/welcome-ontour.de\/wordpress\/index.php\/2016-02-02\">Miami<\/a>\u00a0\u00a0\u00a0<a href=\"https:\/\/welcome-ontour.de\/wordpress\/index.php\/2016-02-04\">70000 Tons of Metal<\/a>\u00a0 \u00a0\u00a0<a href=\"https:\/\/welcome-ontour.de\/wordpress\/index.php\/2016-02-08\">Isla Verde<\/a>\u00a0 \u00a0\u00a0<a href=\"https:\/\/welcome-ontour.de\/wordpress\/index.php\/2016-02-09\">Palma Del Mar<\/a>\u00a0 \u00a0\u00a0<a href=\"https:\/\/welcome-ontour.de\/wordpress\/index.php\/2016-02-12\">Rincon<\/a>\u00a0 \u00a0\u00a0<a href=\"https:\/\/welcome-ontour.de\/wordpress\/index.php\/2016-02-13\">Jobos<\/a>\u00a0 \u00a0\u00a0<a href=\"https:\/\/welcome-ontour.de\/wordpress\/index.php\/2016-02-15\">San Juan<\/a>\u00a0 \u00a0\u00a0<a href=\"https:\/\/welcome-ontour.de\/wordpress\/index.php\/2016-02-16\">R\u00fcckflug<\/a>\u00a0 \u00a0\u00a0<a href=\"https:\/\/welcome-ontour.de\/wordpress\/index.php\/2016-02-18\">Fazit<\/a><\/span><\/p>\n<p style=\"text-align: center;\"><span style=\"font-size: 10pt; font-family: arial, helvetica, sans-serif;\"><a href=\"https:\/\/welcome-ontour.de\/wordpress\/index.php\/2016-02-13\">&lt; zur\u00fcck<\/a>\u00a0 \u00a0 \u00a0 \u00a0 \u00a0 \u00a0 \u00a0 \u00a0 \u00a0 \u00a0 \u00a0 \u00a0 \u00a0 \u00a0 \u00a0 \u00a0 \u00a0 \u00a0 \u00a0 \u00a0 \u00a0 \u00a0 \u00a0 \u00a0 \u00a0 \u00a0 \u00a0 \u00a0 \u00a0 \u00a0 \u00a0 \u00a0 \u00a0 \u00a0 \u00a0 \u00a0 \u00a0 \u00a0 \u00a0 \u00a0 \u00a0 \u00a0 \u00a0 \u00a0 \u00a0 \u00a0 \u00a0 \u00a0 \u00a0 \u00a0 \u00a0 \u00a0 \u00a0 \u00a0 \u00a0 \u00a0 \u00a0 \u00a0 \u00a0 \u00a0 \u00a0 \u00a0 \u00a0 \u00a0 \u00a0 \u00a0 \u00a0 \u00a0 \u00a0 \u00a0 \u00a0 \u00a0 \u00a0 \u00a0 \u00a0 \u00a0 \u00a0 \u00a0 \u00a0 \u00a0 \u00a0 \u00a0 \u00a0 \u00a0 \u00a0 \u00a0 \u00a0 \u00a0 \u00a0 \u00a0 \u00a0 \u00a0 \u00a0 \u00a0 \u00a0 <a href=\"https:\/\/welcome-ontour.de\/wordpress\/index.php\/2016-02-15\">weiter &gt;<\/a><\/span><\/p>\n<p style=\"text-align: center;\"><span style=\"font-family: arial, helvetica, sans-serif; font-size: 12pt;\">\u00a0<\/span><\/p>\n<p style=\"text-align: center;\"><span style=\"font-size: 14pt;\"><strong><span style=\"font-family: arial, helvetica, sans-serif;\">So 14.2.<\/span><\/strong><\/span><\/p>\n<p style=\"text-align: center;\"><span style=\"font-size: 14pt;\"><strong><span style=\"font-family: arial, helvetica, sans-serif;\">\u00a0<\/span><\/strong><\/span><\/p>\n<p style=\"text-align: center;\"><span style=\"font-size: 14pt;\"><strong><span style=\"font-family: arial, helvetica, sans-serif;\">Rincon<\/span><\/strong><\/span><\/p>\n<p style=\"text-align: center;\"><span style=\"font-family: arial, helvetica, sans-serif; font-size: 12pt;\">\u00a0<\/span><\/p>\n<p style=\"text-align: center;\"><span style=\"font-family: arial, helvetica, sans-serif; font-size: 12pt;\">Es scheint nachts geregnet zu haben, jedenfalls ist drau\u00dfen alles nass.<\/span><\/p>\n<p style=\"text-align: center;\"><span style=\"font-family: arial, helvetica, sans-serif; font-size: 12pt;\">Was mich nicht daran hindert ein morgendliches Bad im herrlich warmen Meerwasser zu nehmen.<\/span><\/p>\n<p style=\"text-align: center;\"><span style=\"font-family: arial, helvetica, sans-serif; font-size: 12pt;\">Ute wird danach mit frischem Kaffee geweckt, den ich auf dem R\u00fcckweg am Poolrestaurant geholt habe.<\/span><\/p>\n<p style=\"text-align: center;\"><span style=\"font-family: arial, helvetica, sans-serif; font-size: 12pt;\">Heute am St. Valentyns Day fahren wir zum Zentrum von Rincon.<\/span><\/p>\n<p style=\"text-align: center;\"><span style=\"font-family: arial, helvetica, sans-serif; font-size: 12pt;\">Auf dem Marktplatz sind diverse St\u00e4nde mit allem M\u00f6glichen aufgebaut.<\/span><\/p>\n<p style=\"text-align: center;\"><span style=\"font-family: arial, helvetica, sans-serif; font-size: 12pt;\">\u00a0<\/span><\/p>\n<p style=\"text-align: center;\"><span style=\"font-family: arial, helvetica, sans-serif; font-size: 12pt;\"><a href=\"https:\/\/welcome-ontour.de\/wordpress\/wp-content\/uploads\/2016\/06\/phoca_thumb_l_2016-02-14-01-img_4783.jpg\" target=\"_blank\" rel=\"noopener noreferrer\"><img decoding=\"async\" class=\" size-full wp-image-8672\" title=\"Rincon\" src=\"https:\/\/welcome-ontour.de\/wordpress\/wp-content\/uploads\/2016\/06\/phoca_thumb_l_2016-02-14-01-img_4783.jpg\" alt=\"\" width=\"264\" height=\"177\" srcset=\"https:\/\/welcome-ontour.de\/wordpress\/wp-content\/uploads\/2016\/06\/phoca_thumb_l_2016-02-14-01-img_4783.jpg 506w, https:\/\/welcome-ontour.de\/wordpress\/wp-content\/uploads\/2016\/06\/phoca_thumb_l_2016-02-14-01-img_4783-300x201.jpg 300w\" sizes=\"(max-width: 264px) 100vw, 264px\" \/><\/a>\u00a0 <a href=\"https:\/\/welcome-ontour.de\/wordpress\/wp-content\/uploads\/2016\/06\/phoca_thumb_l_2016-02-14-02-img_4874.jpg\" target=\"_blank\" rel=\"noopener noreferrer\"><img decoding=\"async\" class=\" size-full wp-image-8673\" title=\"Rincon\" src=\"https:\/\/welcome-ontour.de\/wordpress\/wp-content\/uploads\/2016\/06\/phoca_thumb_l_2016-02-14-02-img_4874.jpg\" alt=\"\" width=\"264\" height=\"177\" srcset=\"https:\/\/welcome-ontour.de\/wordpress\/wp-content\/uploads\/2016\/06\/phoca_thumb_l_2016-02-14-02-img_4874.jpg 436w, https:\/\/welcome-ontour.de\/wordpress\/wp-content\/uploads\/2016\/06\/phoca_thumb_l_2016-02-14-02-img_4874-300x201.jpg 300w\" sizes=\"(max-width: 264px) 100vw, 264px\" \/><\/a>\u00a0 <a href=\"https:\/\/welcome-ontour.de\/wordpress\/wp-content\/uploads\/2016\/06\/phoca_thumb_l_2016-02-14-03-img_4798.jpg\" target=\"_blank\" rel=\"noopener noreferrer\"><img decoding=\"async\" class=\" size-full wp-image-8674\" title=\"Rincon\" src=\"https:\/\/welcome-ontour.de\/wordpress\/wp-content\/uploads\/2016\/06\/phoca_thumb_l_2016-02-14-03-img_4798.jpg\" alt=\"\" width=\"264\" height=\"177\" srcset=\"https:\/\/welcome-ontour.de\/wordpress\/wp-content\/uploads\/2016\/06\/phoca_thumb_l_2016-02-14-03-img_4798.jpg 506w, https:\/\/welcome-ontour.de\/wordpress\/wp-content\/uploads\/2016\/06\/phoca_thumb_l_2016-02-14-03-img_4798-300x201.jpg 300w\" sizes=\"(max-width: 264px) 100vw, 264px\" \/><\/a><\/span><\/p>\n<p style=\"text-align: center;\"><span style=\"font-family: arial, helvetica, sans-serif; font-size: 12pt;\"><a href=\"https:\/\/welcome-ontour.de\/wordpress\/wp-content\/uploads\/2016\/06\/phoca_thumb_l_2016-02-14-04-img_4787.jpg\" target=\"_blank\" rel=\"noopener noreferrer\"><img decoding=\"async\" class=\" size-full wp-image-8675\" title=\"Rincon\" src=\"https:\/\/welcome-ontour.de\/wordpress\/wp-content\/uploads\/2016\/06\/phoca_thumb_l_2016-02-14-04-img_4787.jpg\" alt=\"\" width=\"264\" height=\"177\" srcset=\"https:\/\/welcome-ontour.de\/wordpress\/wp-content\/uploads\/2016\/06\/phoca_thumb_l_2016-02-14-04-img_4787.jpg 506w, https:\/\/welcome-ontour.de\/wordpress\/wp-content\/uploads\/2016\/06\/phoca_thumb_l_2016-02-14-04-img_4787-300x202.jpg 300w\" sizes=\"(max-width: 264px) 100vw, 264px\" \/><\/a>\u00a0 <img decoding=\"async\" class=\" size-full wp-image-8676\" title=\"Rincon\" src=\"https:\/\/welcome-ontour.de\/wordpress\/wp-content\/uploads\/2016\/06\/phoca_thumb_l_2016-02-14-05-img_4785.jpg\" alt=\"\" width=\"264\" height=\"177\" srcset=\"https:\/\/welcome-ontour.de\/wordpress\/wp-content\/uploads\/2016\/06\/phoca_thumb_l_2016-02-14-05-img_4785.jpg 506w, https:\/\/welcome-ontour.de\/wordpress\/wp-content\/uploads\/2016\/06\/phoca_thumb_l_2016-02-14-05-img_4785-300x202.jpg 300w\" sizes=\"(max-width: 264px) 100vw, 264px\" \/>\u00a0 <a href=\"https:\/\/welcome-ontour.de\/wordpress\/wp-content\/uploads\/2016\/06\/phoca_thumb_l_2016-02-14-06-img_4800.jpg\" target=\"_blank\" rel=\"noopener noreferrer\"><img decoding=\"async\" class=\" size-full wp-image-8677\" title=\"Rincon\" src=\"https:\/\/welcome-ontour.de\/wordpress\/wp-content\/uploads\/2016\/06\/phoca_thumb_l_2016-02-14-06-img_4800.jpg\" alt=\"\" width=\"264\" height=\"177\" srcset=\"https:\/\/welcome-ontour.de\/wordpress\/wp-content\/uploads\/2016\/06\/phoca_thumb_l_2016-02-14-06-img_4800.jpg 506w, https:\/\/welcome-ontour.de\/wordpress\/wp-content\/uploads\/2016\/06\/phoca_thumb_l_2016-02-14-06-img_4800-300x202.jpg 300w\" sizes=\"(max-width: 264px) 100vw, 264px\" \/><\/a><\/span><\/p>\n<p style=\"text-align: center;\"><span style=\"font-family: arial, helvetica, sans-serif; font-size: 12pt;\">\u00a0<\/span><\/p>\n<p style=\"text-align: center;\"><span style=\"font-family: arial, helvetica, sans-serif; font-size: 12pt;\">Bei dem hei\u00dfen Sommerwetter beschlie\u00dfen wir, <\/span><\/p>\n<p style=\"text-align: center;\"><span style=\"font-family: arial, helvetica, sans-serif; font-size: 12pt;\">den Sonntag nicht gro\u00dfartig herumzufahren, sondern Urlaub am Strand zu machen.<\/span><\/p>\n<p style=\"text-align: center;\"><span style=\"font-family: arial, helvetica, sans-serif; font-size: 12pt;\">Die n\u00e4chsten Stunden h\u00e4ngen wir bei 35\u00b0C am Beach vor dem Hotel ab.<\/span><\/p>\n<p style=\"text-align: center;\"><span style=\"font-family: arial, helvetica, sans-serif; font-size: 12pt;\">Am Nachmittag erreicht uns eine pechschwarze Regenfront.<\/span><\/p>\n<p style=\"text-align: center;\"><span style=\"font-family: arial, helvetica, sans-serif; font-size: 12pt;\">\u00a0<\/span><\/p>\n<p style=\"text-align: center;\"><span style=\"font-family: arial, helvetica, sans-serif; font-size: 12pt;\"><img decoding=\"async\" class=\" size-full wp-image-8678\" title=\"Rincon\" src=\"https:\/\/welcome-ontour.de\/wordpress\/wp-content\/uploads\/2016\/06\/phoca_thumb_l_2016-02-14-07-img_0637.jpg\" width=\"405\" height=\"296\" srcset=\"https:\/\/welcome-ontour.de\/wordpress\/wp-content\/uploads\/2016\/06\/phoca_thumb_l_2016-02-14-07-img_0637.jpg 506w, https:\/\/welcome-ontour.de\/wordpress\/wp-content\/uploads\/2016\/06\/phoca_thumb_l_2016-02-14-07-img_0637-300x219.jpg 300w\" sizes=\"(max-width: 405px) 100vw, 405px\" \/>\u00a0 <img decoding=\"async\" class=\" size-full wp-image-8679\" title=\"Rincon\" src=\"https:\/\/welcome-ontour.de\/wordpress\/wp-content\/uploads\/2016\/06\/phoca_thumb_l_2016-02-14-08-img_0629.jpg\" alt=\"\" width=\"393\" height=\"296\" srcset=\"https:\/\/welcome-ontour.de\/wordpress\/wp-content\/uploads\/2016\/06\/phoca_thumb_l_2016-02-14-08-img_0629.jpg 506w, https:\/\/welcome-ontour.de\/wordpress\/wp-content\/uploads\/2016\/06\/phoca_thumb_l_2016-02-14-08-img_0629-300x226.jpg 300w\" sizes=\"(max-width: 393px) 100vw, 393px\" \/><\/span><\/p>\n<p style=\"text-align: center;\"><span style=\"font-family: arial, helvetica, sans-serif; font-size: 12pt;\">\u00a0<\/span><\/p>\n<p style=\"text-align: center;\"><span style=\"font-family: arial, helvetica, sans-serif; font-size: 12pt;\">F\u00fcr eine Stunde \u00f6ffnen sich die Pforten.<\/span><\/p>\n<p style=\"text-align: center;\"><span style=\"font-family: arial, helvetica, sans-serif; font-size: 12pt;\">Es bleibt warm, aber die Wassermassen sind gewaltig.<\/span><\/p>\n<p style=\"text-align: center;\"><span style=\"font-family: arial, helvetica, sans-serif; font-size: 12pt;\">Drei\u00dfig Minuten sp\u00e4ter sitzen wir mit trockenen Klamotten im Rincon Beer House <\/span><\/p>\n<p style=\"text-align: center;\"><span style=\"font-family: arial, helvetica, sans-serif; font-size: 12pt;\">und probieren regionale Gebr\u00e4ue.<\/span><\/p>\n<p style=\"text-align: center;\"><span style=\"font-family: arial, helvetica, sans-serif; font-size: 12pt;\">\u00a0<\/span><\/p>\n<p style=\"text-align: center;\"><span style=\"font-family: arial, helvetica, sans-serif; font-size: 12pt;\"><a href=\"https:\/\/welcome-ontour.de\/wordpress\/wp-content\/uploads\/2016\/06\/phoca_thumb_l_2016-02-14-09-img_0635.jpg\" target=\"_blank\" rel=\"noopener noreferrer\"><img decoding=\"async\" class=\" size-full wp-image-8680\" title=\"Rincon Beer Company\" src=\"https:\/\/welcome-ontour.de\/wordpress\/wp-content\/uploads\/2016\/06\/phoca_thumb_l_2016-02-14-09-img_0635.jpg\" alt=\"\" width=\"264\" height=\"199\" srcset=\"https:\/\/welcome-ontour.de\/wordpress\/wp-content\/uploads\/2016\/06\/phoca_thumb_l_2016-02-14-09-img_0635.jpg 506w, https:\/\/welcome-ontour.de\/wordpress\/wp-content\/uploads\/2016\/06\/phoca_thumb_l_2016-02-14-09-img_0635-300x226.jpg 300w\" sizes=\"(max-width: 264px) 100vw, 264px\" \/><\/a>\u00a0 <a href=\"https:\/\/welcome-ontour.de\/wordpress\/wp-content\/uploads\/2016\/06\/phoca_thumb_l_2016-02-14-10-img_0640.jpg\" target=\"_blank\" rel=\"noopener noreferrer\"><img decoding=\"async\" class=\" size-full wp-image-8681\" title=\"Beer Company\" src=\"https:\/\/welcome-ontour.de\/wordpress\/wp-content\/uploads\/2016\/06\/phoca_thumb_l_2016-02-14-10-img_0640.jpg\" alt=\"\" width=\"264\" height=\"199\" srcset=\"https:\/\/welcome-ontour.de\/wordpress\/wp-content\/uploads\/2016\/06\/phoca_thumb_l_2016-02-14-10-img_0640.jpg 506w, https:\/\/welcome-ontour.de\/wordpress\/wp-content\/uploads\/2016\/06\/phoca_thumb_l_2016-02-14-10-img_0640-300x226.jpg 300w\" sizes=\"(max-width: 264px) 100vw, 264px\" \/><\/a>\u00a0 <a href=\"https:\/\/welcome-ontour.de\/wordpress\/wp-content\/uploads\/2016\/06\/phoca_thumb_l_2016-02-14-11-img_0643.jpg\" target=\"_blank\" rel=\"noopener noreferrer\"><img decoding=\"async\" class=\" size-full wp-image-8682\" title=\"Pizza\" src=\"https:\/\/welcome-ontour.de\/wordpress\/wp-content\/uploads\/2016\/06\/phoca_thumb_l_2016-02-14-11-img_0643.jpg\" alt=\"\" width=\"264\" height=\"199\" srcset=\"https:\/\/welcome-ontour.de\/wordpress\/wp-content\/uploads\/2016\/06\/phoca_thumb_l_2016-02-14-11-img_0643.jpg 506w, https:\/\/welcome-ontour.de\/wordpress\/wp-content\/uploads\/2016\/06\/phoca_thumb_l_2016-02-14-11-img_0643-300x226.jpg 300w\" sizes=\"(max-width: 264px) 100vw, 264px\" \/><\/a><\/span><\/p>\n<p style=\"text-align: center;\"><span style=\"font-family: arial, helvetica, sans-serif; font-size: 12pt;\">\u00a0<\/span><\/p>\n<p style=\"text-align: center;\"><span style=\"font-family: arial, helvetica, sans-serif; font-size: 12pt;\">Zu Futtern gibt es dazu eine 20 z\u00f6llige Familia Peperoni aus der Pizzeria nebenan.<\/span><\/p>\n<p style=\"text-align: center;\"><span style=\"font-family: arial, helvetica, sans-serif; font-size: 12pt;\">Dazu nette Gespr\u00e4che mit Ismail aus Rincon, der tats\u00e4chlich schon mal in Berlin war.<\/span><\/p>\n<p style=\"text-align: center;\"><span style=\"font-family: arial, helvetica, sans-serif; font-size: 12pt;\">Wenig sp\u00e4ter, bei noch immer leichtem Regen <\/span><span style=\"font-family: arial, helvetica, sans-serif; font-size: 12pt;\">besuchen wir <\/span><\/p>\n<p style=\"text-align: center;\"><span style=\"font-family: arial, helvetica, sans-serif; font-size: 12pt;\">die Bar am Mariah\u2019s Beach an der Gabelung zum Leuchtturm.<\/span><\/p>\n<p style=\"text-align: center;\"><span style=\"font-family: arial, helvetica, sans-serif; font-size: 12pt;\">Um neun wieder zur\u00fcck im Hotel.<\/span><\/p>\n<p style=\"text-align: center;\"><span style=\"font-family: arial, helvetica, sans-serif; font-size: 12pt;\">Unsere letzte Nacht hier verl\u00e4uft unspektakul\u00e4r, wir schnarrchen um die Wette.<\/span><\/p>\n<p style=\"text-align: center;\"><span style=\"font-family: arial, helvetica, sans-serif; font-size: 12pt;\">\u00a0<\/span><\/p>\n<p style=\"text-align: center;\"><span style=\"font-family: arial, helvetica, sans-serif; font-size: 12pt;\"><img decoding=\"async\" class=\" size-full wp-image-8683\" title=\"Rincon\" src=\"https:\/\/welcome-ontour.de\/wordpress\/wp-content\/uploads\/2016\/06\/phoca_thumb_l_2016-02-14-12-aqua-6-rincon.jpg\" width=\"300\" height=\"288\" srcset=\"https:\/\/welcome-ontour.de\/wordpress\/wp-content\/uploads\/2016\/06\/phoca_thumb_l_2016-02-14-12-aqua-6-rincon.jpg 400w, https:\/\/welcome-ontour.de\/wordpress\/wp-content\/uploads\/2016\/06\/phoca_thumb_l_2016-02-14-12-aqua-6-rincon-300x288.jpg 300w\" sizes=\"(max-width: 300px) 100vw, 300px\" \/><\/span><\/p>\n<p style=\"text-align: center;\"><span style=\"font-family: arial, helvetica, sans-serif; font-size: 12pt;\">\u00a0<\/span><\/p>\n<p style=\"text-align: center;\"><span style=\"font-family: arial, helvetica, sans-serif; font-size: 12pt;\">Gefahrene Meilen \/ Kilometer: 12 \/ 19<\/span><\/p>\n<p style=\"text-align: center;\"><span style=\"font-size: 12pt;\"><span style=\"font-family: arial, helvetica, sans-serif;\">Unterkunft: <a href=\"https:\/\/www.rinconoftheseas.com\/\" target=\"_blank\" rel=\"noopener noreferrer\">Rincon Of The Seas \u2013 Grand Caribbean Resort<\/a>, Rincon, Puerto Rico\u00a0 **** $83<\/span><\/span><\/p>\n<p style=\"text-align: center;\"><span style=\"font-size: 10pt; font-family: arial, helvetica, sans-serif;\"><a href=\"https:\/\/welcome-ontour.de\/wordpress\/index.php\/2016-02-13\">&lt; zur\u00fcck<\/a>\u00a0 \u00a0 \u00a0 \u00a0 \u00a0 \u00a0 \u00a0 \u00a0 \u00a0 \u00a0 \u00a0 \u00a0 \u00a0 \u00a0 \u00a0 \u00a0 \u00a0 \u00a0 \u00a0 \u00a0 \u00a0 \u00a0 \u00a0 \u00a0 \u00a0 \u00a0 \u00a0 \u00a0 \u00a0 \u00a0 \u00a0 \u00a0 \u00a0 \u00a0 \u00a0 \u00a0 \u00a0 \u00a0 \u00a0 \u00a0 \u00a0 \u00a0 \u00a0 \u00a0 \u00a0 \u00a0 \u00a0 \u00a0 \u00a0 \u00a0 \u00a0 \u00a0 \u00a0 \u00a0 \u00a0 \u00a0 \u00a0 \u00a0 \u00a0 \u00a0 \u00a0 \u00a0 \u00a0 \u00a0 \u00a0 \u00a0 \u00a0 \u00a0 \u00a0 \u00a0 \u00a0 \u00a0 \u00a0 \u00a0 \u00a0 \u00a0 \u00a0 \u00a0 \u00a0 \u00a0 \u00a0 \u00a0 \u00a0 \u00a0 \u00a0 \u00a0 \u00a0 \u00a0 \u00a0 \u00a0 \u00a0 \u00a0 \u00a0 \u00a0 \u00a0 <a href=\"https:\/\/welcome-ontour.de\/wordpress\/index.php\/2016-02-15\">weiter &gt;<\/a><\/span><\/p>\n","protected":false},"excerpt":{"rendered":"<p>Prolog\u00a0\u00a0\u00a0Hinflug\u00a0 \u00a0\u00a0Florida Keys\u00a0 \u00a0\u00a0Miami\u00a0\u00a0\u00a070000 Tons of Metal\u00a0 \u00a0\u00a0Isla Verde\u00a0 \u00a0\u00a0Palma Del Mar\u00a0 \u00a0\u00a0Rincon\u00a0 \u00a0\u00a0Jobos\u00a0 \u00a0\u00a0San Juan\u00a0 \u00a0\u00a0R\u00fcckflug\u00a0 \u00a0\u00a0Fazit &lt; zur\u00fcck\u00a0 \u00a0 \u00a0 \u00a0 \u00a0 \u00a0 \u00a0 \u00a0 \u00a0 \u00a0 \u00a0 \u00a0 \u00a0 \u00a0 \u00a0 \u00a0 \u00a0 \u00a0 \u00a0 \u00a0 \u00a0 \u00a0 \u00a0 \u00a0 \u00a0 \u00a0 \u00a0 \u00a0 \u00a0 \u00a0 \u00a0 \u00a0 \u00a0 \u00a0 \u00a0 \u00a0 \u00a0 \u00a0 \u00a0 \u00a0 \u00a0 \u00a0 \u00a0 \u00a0 \u00a0 \u00a0 \u00a0 \u00a0 \u00a0 \u00a0 \u00a0 \u00a0 \u00a0 \u00a0 \u00a0 \u00a0 \u00a0 \u00a0 \u00a0 \u00a0 \u00a0 \u00a0 \u00a0 \u00a0 \u00a0 \u00a0 \u00a0 \u00a0 \u00a0 \u00a0 \u00a0 \u00a0 \u00a0 \u00a0 \u00a0 \u00a0 \u00a0 \u00a0 \u00a0 \u00a0 \u00a0 \u00a0 \u00a0 \u00a0 \u00a0 \u00a0 \u00a0 \u00a0 \u00a0 \u00a0 \u00a0 \u00a0 \u00a0 \u00a0 \u00a0 weiter &gt; \u00a0 So 14.2. \u00a0 Rincon \u00a0 Es scheint nachts geregnet zu haben, jedenfalls ist drau\u00dfen alles nass. Was mich nicht daran hindert ein morgendliches Bad im herrlich warmen Meerwasser zu nehmen. Ute wird danach mit frischem Kaffee geweckt, den ich auf dem R\u00fcckweg am Poolrestaurant geholt habe. Heute am St. Valentyns Day fahren wir zum Zentrum von Rincon. Auf dem Marktplatz sind diverse St\u00e4nde mit allem M\u00f6glichen aufgebaut. \u00a0 \u00a0 \u00a0 \u00a0 \u00a0 \u00a0 Bei dem hei\u00dfen Sommerwetter beschlie\u00dfen wir, den Sonntag nicht gro\u00dfartig herumzufahren, sondern Urlaub am Strand zu machen. Die n\u00e4chsten Stunden h\u00e4ngen wir bei 35\u00b0C am Beach vor dem Hotel ab. Am Nachmittag erreicht uns eine pechschwarze Regenfront. \u00a0 \u00a0 \u00a0 F\u00fcr eine Stunde \u00f6ffnen sich die Pforten. Es bleibt warm, aber die Wassermassen sind gewaltig. Drei\u00dfig Minuten sp\u00e4ter sitzen wir mit trockenen Klamotten im Rincon Beer House und probieren regionale Gebr\u00e4ue. \u00a0 \u00a0 \u00a0 \u00a0 Zu Futtern gibt es dazu eine 20 z\u00f6llige Familia Peperoni aus der Pizzeria nebenan. Dazu nette Gespr\u00e4che mit Ismail aus Rincon, der tats\u00e4chlich schon mal in Berlin war. Wenig sp\u00e4ter, bei noch immer leichtem Regen besuchen wir die Bar am Mariah\u2019s Beach an der Gabelung zum Leuchtturm. Um neun wieder zur\u00fcck im Hotel. Unsere letzte Nacht hier verl\u00e4uft unspektakul\u00e4r, wir schnarrchen um die Wette. \u00a0 \u00a0 Gefahrene Meilen \/ Kilometer: 12 \/ 19 Unterkunft: Rincon Of The Seas \u2013 Grand Caribbean Resort, Rincon, Puerto Rico\u00a0 **** $83 &lt; zur\u00fcck\u00a0 \u00a0 \u00a0 \u00a0 \u00a0 \u00a0 \u00a0 \u00a0 \u00a0 \u00a0 \u00a0 \u00a0 \u00a0 \u00a0 \u00a0 \u00a0 \u00a0 \u00a0 \u00a0 \u00a0 \u00a0 \u00a0 \u00a0 \u00a0 \u00a0 \u00a0 \u00a0 \u00a0 \u00a0 \u00a0 \u00a0 \u00a0 \u00a0 \u00a0 \u00a0 \u00a0 \u00a0 \u00a0 \u00a0 \u00a0 \u00a0 \u00a0 \u00a0 \u00a0 \u00a0 \u00a0 \u00a0 \u00a0 \u00a0 \u00a0 \u00a0 \u00a0 \u00a0 \u00a0 \u00a0 \u00a0 \u00a0 \u00a0 \u00a0 \u00a0 \u00a0 \u00a0 \u00a0 \u00a0 \u00a0 \u00a0 \u00a0 \u00a0 \u00a0 \u00a0 \u00a0 \u00a0 \u00a0 \u00a0 \u00a0 \u00a0 \u00a0 \u00a0 \u00a0 \u00a0 \u00a0 \u00a0 \u00a0 \u00a0 \u00a0 \u00a0 \u00a0 \u00a0 \u00a0 \u00a0 \u00a0 \u00a0 \u00a0 \u00a0 \u00a0 weiter &gt;<\/p>\n","protected":false},"author":1,"featured_media":8672,"parent":0,"menu_order":4,"comment_status":"closed","ping_status":"closed","template":"","meta":{"footnotes":""},"class_list":["post-8684","page","type-page","status-publish","has-post-thumbnail","hentry"],"_links":{"self":[{"href":"https:\/\/welcome-ontour.de\/wordpress\/index.php\/wp-json\/wp\/v2\/pages\/8684","targetHints":{"allow":["GET"]}}],"collection":[{"href":"https:\/\/welcome-ontour.de\/wordpress\/index.php\/wp-json\/wp\/v2\/pages"}],"about":[{"href":"https:\/\/welcome-ontour.de\/wordpress\/index.php\/wp-json\/wp\/v2\/types\/page"}],"author":[{"embeddable":true,"href":"https:\/\/welcome-ontour.de\/wordpress\/index.php\/wp-json\/wp\/v2\/users\/1"}],"replies":[{"embeddable":true,"href":"https:\/\/welcome-ontour.de\/wordpress\/index.php\/wp-json\/wp\/v2\/comments?post=8684"}],"version-history":[{"count":2,"href":"https:\/\/welcome-ontour.de\/wordpress\/index.php\/wp-json\/wp\/v2\/pages\/8684\/revisions"}],"predecessor-version":[{"id":17214,"href":"https:\/\/welcome-ontour.de\/wordpress\/index.php\/wp-json\/wp\/v2\/pages\/8684\/revisions\/17214"}],"wp:featuredmedia":[{"embeddable":true,"href":"https:\/\/welcome-ontour.de\/wordpress\/index.php\/wp-json\/wp\/v2\/media\/8672"}],"wp:attachment":[{"href":"https:\/\/welcome-ontour.de\/wordpress\/index.php\/wp-json\/wp\/v2\/media?parent=8684"}],"curies":[{"name":"wp","href":"https:\/\/api.w.org\/{rel}","templated":true}]}}