{"id":8485,"date":"2016-06-21T05:11:49","date_gmt":"2016-06-21T05:11:49","guid":{"rendered":"https:\/\/welcome-ontour.de\/wordpress\/index.php\/2016-02-02\/"},"modified":"2022-06-30T23:07:07","modified_gmt":"2022-06-30T23:07:07","slug":"2016-02-02","status":"publish","type":"page","link":"https:\/\/welcome-ontour.de\/wordpress\/index.php\/2016-02-02\/","title":{"rendered":"2016 02 02"},"content":{"rendered":"<p style=\"text-align: center;\"><span style=\"font-size: 8pt; font-family: arial, helvetica, sans-serif;\"><a href=\"https:\/\/welcome-ontour.de\/wordpress\/index.php\/2016-01-29-prolog\/\">Prolog<\/a>\u00a0\u00a0\u00a0<a href=\"https:\/\/welcome-ontour.de\/wordpress\/index.php\/2016-01-30\">Hinflug<\/a>\u00a0 \u00a0\u00a0<a href=\"https:\/\/welcome-ontour.de\/wordpress\/index.php\/2016-01-31\">Florida Keys<\/a>\u00a0 \u00a0\u00a0<a href=\"https:\/\/welcome-ontour.de\/wordpress\/index.php\/2016-02-02\">Miami<\/a>\u00a0\u00a0\u00a0<a href=\"https:\/\/welcome-ontour.de\/wordpress\/index.php\/2016-02-04\">70000 Tons of Metal<\/a>\u00a0 \u00a0\u00a0<a href=\"https:\/\/welcome-ontour.de\/wordpress\/index.php\/2016-02-08\">Isla Verde<\/a>\u00a0 \u00a0\u00a0<a href=\"https:\/\/welcome-ontour.de\/wordpress\/index.php\/2016-02-09\">Palma Del Mar<\/a>\u00a0 \u00a0\u00a0<a href=\"https:\/\/welcome-ontour.de\/wordpress\/index.php\/2016-02-12\">Rincon<\/a>\u00a0 \u00a0\u00a0<a href=\"https:\/\/welcome-ontour.de\/wordpress\/index.php\/2016-02-13\">Jobos<\/a>\u00a0 \u00a0\u00a0<a href=\"https:\/\/welcome-ontour.de\/wordpress\/index.php\/2016-02-15\">San Juan<\/a>\u00a0 \u00a0\u00a0<a href=\"https:\/\/welcome-ontour.de\/wordpress\/index.php\/2016-02-16\">R\u00fcckflug<\/a>\u00a0 \u00a0\u00a0<a href=\"https:\/\/welcome-ontour.de\/wordpress\/index.php\/2016-02-18\">Fazit<\/a><\/span><\/p>\n<p style=\"text-align: center;\"><span style=\"font-size: 10pt; font-family: arial, helvetica, sans-serif;\"><a href=\"https:\/\/welcome-ontour.de\/wordpress\/index.php\/2016-02-01\">&lt; zur\u00fcck<\/a>\u00a0 \u00a0 \u00a0 \u00a0 \u00a0 \u00a0 \u00a0 \u00a0 \u00a0 \u00a0 \u00a0 \u00a0 \u00a0 \u00a0 \u00a0 \u00a0 \u00a0 \u00a0 \u00a0 \u00a0 \u00a0 \u00a0 \u00a0 \u00a0 \u00a0 \u00a0 \u00a0 \u00a0 \u00a0 \u00a0 \u00a0 \u00a0 \u00a0 \u00a0 \u00a0 \u00a0 \u00a0 \u00a0 \u00a0 \u00a0 \u00a0 \u00a0 \u00a0 \u00a0 \u00a0 \u00a0 \u00a0 \u00a0 \u00a0 \u00a0 \u00a0 \u00a0 \u00a0 \u00a0 \u00a0 \u00a0 \u00a0 \u00a0 \u00a0 \u00a0 \u00a0 \u00a0 \u00a0 \u00a0 \u00a0 \u00a0 \u00a0 \u00a0 \u00a0 \u00a0 \u00a0 \u00a0 \u00a0 \u00a0 \u00a0 \u00a0 \u00a0 \u00a0 \u00a0 \u00a0 \u00a0 \u00a0 \u00a0 \u00a0 \u00a0 \u00a0 \u00a0 \u00a0 \u00a0 \u00a0 \u00a0 \u00a0 \u00a0 \u00a0 \u00a0 <a href=\"https:\/\/welcome-ontour.de\/wordpress\/index.php\/2016-02-03\">weiter &gt;<\/a><\/span><\/p>\n<p style=\"text-align: center;\"><span style=\"font-family: arial, helvetica, sans-serif; font-size: 12pt;\">\u00a0<\/span><\/p>\n<p style=\"text-align: center;\"><span style=\"font-size: 14pt;\"><strong><span style=\"font-family: arial, helvetica, sans-serif;\">Di 2.2.<\/span><\/strong><\/span><\/p>\n<p style=\"text-align: center;\"><span style=\"font-size: 14pt;\"><strong><span style=\"font-family: arial, helvetica, sans-serif;\">\u00a0<\/span><\/strong><\/span><\/p>\n<p style=\"text-align: center;\"><span style=\"font-size: 14pt;\"><strong><span style=\"font-family: arial, helvetica, sans-serif;\">Islamorada \u2013 Miami<\/span><\/strong><\/span><\/p>\n<p style=\"text-align: center;\"><span style=\"font-family: arial, helvetica, sans-serif; font-size: 12pt;\">\u00a0<\/span><\/p>\n<p style=\"text-align: center;\"><span style=\"font-family: arial, helvetica, sans-serif; font-size: 12pt;\">Nach einer ruhigen Nacht und einem herrlichen Sonnenaufgang verlassen wir um acht das Resort.<\/span><\/p>\n<p style=\"text-align: center;\"><span style=\"font-family: arial, helvetica, sans-serif; font-size: 12pt;\">Wenig sp\u00e4ter sitzen wir in Key Largo im Dennys.<\/span><\/p>\n<p style=\"text-align: center;\"><span style=\"font-family: arial, helvetica, sans-serif; font-size: 12pt;\">\u00a0<\/span><\/p>\n<p style=\"text-align: center;\"><span style=\"font-family: arial, helvetica, sans-serif; font-size: 12pt;\"><img decoding=\"async\" class=\" size-full wp-image-8470\" title=\"Denny's Key Largo\" src=\"https:\/\/welcome-ontour.de\/wordpress\/wp-content\/uploads\/2016\/06\/phoca_thumb_l_2016-02-02-01-img_2353.jpg\" width=\"600\" height=\"451\" srcset=\"https:\/\/welcome-ontour.de\/wordpress\/wp-content\/uploads\/2016\/06\/phoca_thumb_l_2016-02-02-01-img_2353.jpg 1006w, https:\/\/welcome-ontour.de\/wordpress\/wp-content\/uploads\/2016\/06\/phoca_thumb_l_2016-02-02-01-img_2353-300x225.jpg 300w, https:\/\/welcome-ontour.de\/wordpress\/wp-content\/uploads\/2016\/06\/phoca_thumb_l_2016-02-02-01-img_2353-768x577.jpg 768w\" sizes=\"(max-width: 600px) 100vw, 600px\" \/><\/span><\/p>\n<p style=\"text-align: center;\"><span style=\"font-family: arial, helvetica, sans-serif; font-size: 12pt;\">\u00a0<\/span><\/p>\n<p style=\"text-align: center;\"><span style=\"font-family: arial, helvetica, sans-serif; font-size: 12pt;\">Wir fahren heute nicht die k\u00fcrzeste Verbindung nach Florida City.<\/span><\/p>\n<p style=\"text-align: center;\"><span style=\"font-family: arial, helvetica, sans-serif; font-size: 12pt;\">Wollen mal die Strecke durch North Key Largo testen.<\/span><\/p>\n<p style=\"text-align: center;\"><span style=\"font-family: arial, helvetica, sans-serif; font-size: 12pt;\">\u00a0<\/span><\/p>\n<p style=\"text-align: center;\"><span style=\"font-family: arial, helvetica, sans-serif; font-size: 12pt;\"><a href=\"https:\/\/welcome-ontour.de\/wordpress\/wp-content\/uploads\/2016\/06\/phoca_thumb_l_2016-02-02-02-img_2360.jpg\" target=\"_blank\" rel=\"noopener noreferrer\"><img decoding=\"async\" class=\" size-full wp-image-8471\" title=\"North Key Largo\" src=\"https:\/\/welcome-ontour.de\/wordpress\/wp-content\/uploads\/2016\/06\/phoca_thumb_l_2016-02-02-02-img_2360.jpg\" alt=\"\" width=\"800\" height=\"347\" srcset=\"https:\/\/welcome-ontour.de\/wordpress\/wp-content\/uploads\/2016\/06\/phoca_thumb_l_2016-02-02-02-img_2360.jpg 1006w, https:\/\/welcome-ontour.de\/wordpress\/wp-content\/uploads\/2016\/06\/phoca_thumb_l_2016-02-02-02-img_2360-300x130.jpg 300w, https:\/\/welcome-ontour.de\/wordpress\/wp-content\/uploads\/2016\/06\/phoca_thumb_l_2016-02-02-02-img_2360-768x333.jpg 768w\" sizes=\"(max-width: 800px) 100vw, 800px\" \/><\/a><\/span><\/p>\n<p style=\"text-align: center;\"><span style=\"font-family: arial, helvetica, sans-serif; font-size: 12pt;\">\u00a0<\/span><\/p>\n<p style=\"text-align: center;\"><span style=\"font-family: arial, helvetica, sans-serif; font-size: 12pt;\">Wenn man die Zeit hat, das Wetter passt und bereit ist, die 1$ Br\u00fcckenmaut zu bezahlen kann man das machen.<\/span><\/p>\n<p style=\"text-align: center;\"><span style=\"font-family: arial, helvetica, sans-serif; font-size: 12pt;\">\u00a0<\/span><\/p>\n<p style=\"text-align: center;\"><span style=\"font-family: arial, helvetica, sans-serif; font-size: 12pt;\"><a href=\"https:\/\/welcome-ontour.de\/wordpress\/wp-content\/uploads\/2016\/06\/phoca_thumb_l_2016-02-02-03-img_2362.jpg\" target=\"_blank\" rel=\"noopener noreferrer\"><img decoding=\"async\" class=\" size-full wp-image-8472\" title=\"North Key Largo\" src=\"https:\/\/welcome-ontour.de\/wordpress\/wp-content\/uploads\/2016\/06\/phoca_thumb_l_2016-02-02-03-img_2362.jpg\" alt=\"\" width=\"308\" height=\"232\" srcset=\"https:\/\/welcome-ontour.de\/wordpress\/wp-content\/uploads\/2016\/06\/phoca_thumb_l_2016-02-02-03-img_2362.jpg 506w, https:\/\/welcome-ontour.de\/wordpress\/wp-content\/uploads\/2016\/06\/phoca_thumb_l_2016-02-02-03-img_2362-300x226.jpg 300w\" sizes=\"(max-width: 308px) 100vw, 308px\" \/><\/a>\u00a0 <a href=\"https:\/\/welcome-ontour.de\/wordpress\/wp-content\/uploads\/2016\/06\/phoca_thumb_l_2016-02-02-04-img_2363.jpg\" target=\"_blank\" rel=\"noopener noreferrer\"><img decoding=\"async\" class=\" size-full wp-image-8473\" title=\"Thank You for visiting the Florida Keys\" src=\"https:\/\/welcome-ontour.de\/wordpress\/wp-content\/uploads\/2016\/06\/phoca_thumb_l_2016-02-02-04-img_2363.jpg\" alt=\"\" width=\"175\" height=\"232\" srcset=\"https:\/\/welcome-ontour.de\/wordpress\/wp-content\/uploads\/2016\/06\/phoca_thumb_l_2016-02-02-04-img_2363.jpg 381w, https:\/\/welcome-ontour.de\/wordpress\/wp-content\/uploads\/2016\/06\/phoca_thumb_l_2016-02-02-04-img_2363-226x300.jpg 226w\" sizes=\"(max-width: 175px) 100vw, 175px\" \/><\/a>\u00a0 <a href=\"https:\/\/welcome-ontour.de\/wordpress\/wp-content\/uploads\/2016\/06\/phoca_thumb_l_2016-02-02-05-img_2365.jpg\" target=\"_blank\" rel=\"noopener noreferrer\"><img decoding=\"async\" class=\" size-full wp-image-8474\" title=\"North Key Largo\" src=\"https:\/\/welcome-ontour.de\/wordpress\/wp-content\/uploads\/2016\/06\/phoca_thumb_l_2016-02-02-05-img_2365.jpg\" alt=\"\" width=\"308\" height=\"232\" srcset=\"https:\/\/welcome-ontour.de\/wordpress\/wp-content\/uploads\/2016\/06\/phoca_thumb_l_2016-02-02-05-img_2365.jpg 506w, https:\/\/welcome-ontour.de\/wordpress\/wp-content\/uploads\/2016\/06\/phoca_thumb_l_2016-02-02-05-img_2365-300x226.jpg 300w\" sizes=\"(max-width: 308px) 100vw, 308px\" \/><\/a><\/span><\/p>\n<p style=\"text-align: center;\"><span style=\"font-family: arial, helvetica, sans-serif; font-size: 12pt;\">\u00a0<\/span><\/p>\n<p style=\"text-align: center;\"><span style=\"font-family: arial, helvetica, sans-serif; font-size: 12pt;\">Die Strecke ist etwas abwechslungsreicher, man trifft viel weniger Autos und sieht mehr Tiere.<\/span><\/p>\n<p style=\"text-align: center;\"><span style=\"font-family: arial, helvetica, sans-serif; font-size: 12pt;\">Etwa um elf sind wir in Homestead.<\/span><\/p>\n<p style=\"text-align: center;\"><span style=\"font-family: arial, helvetica, sans-serif; font-size: 12pt;\">Holen im Walmart Getr\u00e4nke f\u00fcr heute Abend, nehmen einen Lunch im Pollo Tropical und tanken den Camaro wieder voll.<\/span><\/p>\n<p style=\"text-align: center;\"><span style=\"font-family: arial, helvetica, sans-serif; font-size: 12pt;\">\u00a0<\/span><\/p>\n<p style=\"text-align: center;\"><span style=\"font-family: arial, helvetica, sans-serif; font-size: 12pt;\"><img decoding=\"async\" class=\" size-full wp-image-8475\" title=\"Pollo Tropical\" src=\"https:\/\/welcome-ontour.de\/wordpress\/wp-content\/uploads\/2016\/06\/phoca_thumb_l_2016-02-02-06-img_2366.jpg\" alt=\"\" width=\"510\" height=\"373\" srcset=\"https:\/\/welcome-ontour.de\/wordpress\/wp-content\/uploads\/2016\/06\/phoca_thumb_l_2016-02-02-06-img_2366.jpg 606w, https:\/\/welcome-ontour.de\/wordpress\/wp-content\/uploads\/2016\/06\/phoca_thumb_l_2016-02-02-06-img_2366-300x219.jpg 300w\" sizes=\"(max-width: 510px) 100vw, 510px\" \/>\u00a0 <a href=\"https:\/\/welcome-ontour.de\/wordpress\/wp-content\/uploads\/2016\/06\/phoca_thumb_l_2016-02-02-07-img_2367.jpg\" target=\"_blank\" rel=\"noopener noreferrer\"><img decoding=\"async\" class=\" size-full wp-image-8476\" title=\"Tanken\" src=\"https:\/\/welcome-ontour.de\/wordpress\/wp-content\/uploads\/2016\/06\/phoca_thumb_l_2016-02-02-07-img_2367.jpg\" alt=\"\" width=\"281\" height=\"373\" srcset=\"https:\/\/welcome-ontour.de\/wordpress\/wp-content\/uploads\/2016\/06\/phoca_thumb_l_2016-02-02-07-img_2367.jpg 381w, https:\/\/welcome-ontour.de\/wordpress\/wp-content\/uploads\/2016\/06\/phoca_thumb_l_2016-02-02-07-img_2367-226x300.jpg 226w\" sizes=\"(max-width: 281px) 100vw, 281px\" \/><\/a><\/span><\/p>\n<p style=\"text-align: center;\"><span style=\"font-family: arial, helvetica, sans-serif; font-size: 12pt;\">\u00a0<\/span><\/p>\n<p style=\"text-align: center;\"><span style=\"font-family: arial, helvetica, sans-serif; font-size: 12pt;\">Die Galone kostet 1,71$.<\/span><\/p>\n<p style=\"text-align: center;\"><span style=\"font-family: arial, helvetica, sans-serif; font-size: 12pt;\">Anschlie\u00dfend geht\u2019s in einem Rutsch via Florida Turnpike und vorbei am Miami International Airport nach South Beach.<\/span><\/p>\n<p style=\"text-align: center;\"><span style=\"font-family: arial, helvetica, sans-serif; font-size: 12pt;\">Um eins sind wir an unserem Hotel f\u00fcr die n\u00e4chsten zwei N\u00e4chte, Colony Southbeach direkt am Ocean Drive.<\/span><\/p>\n<p style=\"text-align: center;\"><span style=\"font-family: arial, helvetica, sans-serif; font-size: 12pt;\">\u00a0<\/span><\/p>\n<p style=\"text-align: center;\"><span style=\"font-family: arial, helvetica, sans-serif; font-size: 12pt;\"><a href=\"https:\/\/welcome-ontour.de\/wordpress\/wp-content\/uploads\/2016\/06\/phoca_thumb_l_2016-02-02-08-img_0035.jpg\" target=\"_blank\" rel=\"noopener noreferrer\"><img decoding=\"async\" class=\" size-full wp-image-8477\" title=\"Colony Hotel\" src=\"https:\/\/welcome-ontour.de\/wordpress\/wp-content\/uploads\/2016\/06\/phoca_thumb_l_2016-02-02-08-img_0035.jpg\" alt=\"\" width=\"264\" height=\"199\" srcset=\"https:\/\/welcome-ontour.de\/wordpress\/wp-content\/uploads\/2016\/06\/phoca_thumb_l_2016-02-02-08-img_0035.jpg 506w, https:\/\/welcome-ontour.de\/wordpress\/wp-content\/uploads\/2016\/06\/phoca_thumb_l_2016-02-02-08-img_0035-300x226.jpg 300w\" sizes=\"(max-width: 264px) 100vw, 264px\" \/><\/a>\u00a0 <a href=\"https:\/\/welcome-ontour.de\/wordpress\/wp-content\/uploads\/2016\/06\/phoca_thumb_l_2016-02-02-09-img_2368.jpg\" target=\"_blank\" rel=\"noopener noreferrer\"><img decoding=\"async\" class=\" size-full wp-image-8478\" title=\"Standard Room 305\" src=\"https:\/\/welcome-ontour.de\/wordpress\/wp-content\/uploads\/2016\/06\/phoca_thumb_l_2016-02-02-09-img_2368.jpg\" alt=\"\" width=\"264\" height=\"199\" srcset=\"https:\/\/welcome-ontour.de\/wordpress\/wp-content\/uploads\/2016\/06\/phoca_thumb_l_2016-02-02-09-img_2368.jpg 506w, https:\/\/welcome-ontour.de\/wordpress\/wp-content\/uploads\/2016\/06\/phoca_thumb_l_2016-02-02-09-img_2368-300x226.jpg 300w\" sizes=\"(max-width: 264px) 100vw, 264px\" \/><\/a>\u00a0 <a href=\"https:\/\/welcome-ontour.de\/wordpress\/wp-content\/uploads\/2016\/06\/phoca_thumb_l_2016-02-02-10-img_2370.jpg\" target=\"_blank\" rel=\"noopener noreferrer\"><img decoding=\"async\" class=\" size-full wp-image-8479\" title=\"Bad\" src=\"https:\/\/welcome-ontour.de\/wordpress\/wp-content\/uploads\/2016\/06\/phoca_thumb_l_2016-02-02-10-img_2370.jpg\" alt=\"\" width=\"264\" height=\"199\" srcset=\"https:\/\/welcome-ontour.de\/wordpress\/wp-content\/uploads\/2016\/06\/phoca_thumb_l_2016-02-02-10-img_2370.jpg 506w, https:\/\/welcome-ontour.de\/wordpress\/wp-content\/uploads\/2016\/06\/phoca_thumb_l_2016-02-02-10-img_2370-300x226.jpg 300w\" sizes=\"(max-width: 264px) 100vw, 264px\" \/><\/a><\/span><\/p>\n<p style=\"text-align: center;\"><span style=\"font-family: arial, helvetica, sans-serif; font-size: 12pt;\">\u00a0<\/span><\/p>\n<p style=\"text-align: center;\"><span style=\"font-family: arial, helvetica, sans-serif; font-size: 12pt;\">Schnell eingecheckt, die Klamotten in Room 305 gestellt, ein paar Freunde im Johnny Rockets begr\u00fc\u00dft <\/span><\/p>\n<p style=\"text-align: center;\"><span style=\"font-family: arial, helvetica, sans-serif; font-size: 12pt;\">und ab den Mietwagen zur\u00fcck bringen.<\/span><\/p>\n<p style=\"text-align: center;\"><span style=\"font-family: arial, helvetica, sans-serif; font-size: 12pt;\">Halb zwei sind wir autofrei und laufen gem\u00fctlich die 15 Minuten zur\u00fcck zum Ocean Drive.<\/span><\/p>\n<p style=\"text-align: center;\"><span style=\"font-family: arial, helvetica, sans-serif; font-size: 12pt;\">Getr\u00e4nke geschnappt, rein in die Badesachen und ab zur Beachparty an den Strand.<\/span><\/p>\n<p style=\"text-align: center;\"><span style=\"font-family: arial, helvetica, sans-serif; font-size: 12pt;\">\u00a0<\/span><\/p>\n<p style=\"text-align: center;\"><span style=\"font-family: arial, helvetica, sans-serif; font-size: 12pt;\"><a href=\"https:\/\/welcome-ontour.de\/wordpress\/wp-content\/uploads\/2016\/06\/phoca_thumb_l_2016-02-02-11-img_2372.jpg\" target=\"_blank\" rel=\"noopener noreferrer\"><img decoding=\"async\" class=\" size-full wp-image-8480\" title=\"Beach Party\" src=\"https:\/\/welcome-ontour.de\/wordpress\/wp-content\/uploads\/2016\/06\/phoca_thumb_l_2016-02-02-11-img_2372.jpg\" alt=\"\" width=\"800\" height=\"390\" srcset=\"https:\/\/welcome-ontour.de\/wordpress\/wp-content\/uploads\/2016\/06\/phoca_thumb_l_2016-02-02-11-img_2372.jpg 966w, https:\/\/welcome-ontour.de\/wordpress\/wp-content\/uploads\/2016\/06\/phoca_thumb_l_2016-02-02-11-img_2372-300x146.jpg 300w, https:\/\/welcome-ontour.de\/wordpress\/wp-content\/uploads\/2016\/06\/phoca_thumb_l_2016-02-02-11-img_2372-768x374.jpg 768w\" sizes=\"(max-width: 800px) 100vw, 800px\" \/><\/a><\/span><\/p>\n<p style=\"text-align: center;\"><span style=\"font-family: arial, helvetica, sans-serif; font-size: 12pt;\">\u00a0<\/span><\/p>\n<p style=\"text-align: center;\"><span style=\"font-family: arial, helvetica, sans-serif; font-size: 12pt;\">Die Party ist bereits in vollem Gange, wir finden nahtlos Anschluss und Zeit f\u00fcr ein Bad in den warmen Wellen bleibt auch noch.<\/span><\/p>\n<p style=\"text-align: center;\"><span style=\"font-family: arial, helvetica, sans-serif; font-size: 12pt;\">\u00a0<\/span><\/p>\n<p style=\"text-align: center;\"><span style=\"font-family: arial, helvetica, sans-serif; font-size: 12pt;\"><a href=\"https:\/\/welcome-ontour.de\/wordpress\/wp-content\/uploads\/2016\/06\/phoca_thumb_l_2016-02-02-12-10660122.jpg\" target=\"_blank\" rel=\"noopener noreferrer\"><img decoding=\"async\" class=\" size-full wp-image-8481\" title=\"BP\" src=\"https:\/\/welcome-ontour.de\/wordpress\/wp-content\/uploads\/2016\/06\/phoca_thumb_l_2016-02-02-12-10660122.jpg\" alt=\"\" width=\"400\" height=\"301\" srcset=\"https:\/\/welcome-ontour.de\/wordpress\/wp-content\/uploads\/2016\/06\/phoca_thumb_l_2016-02-02-12-10660122.jpg 506w, https:\/\/welcome-ontour.de\/wordpress\/wp-content\/uploads\/2016\/06\/phoca_thumb_l_2016-02-02-12-10660122-300x226.jpg 300w\" sizes=\"(max-width: 400px) 100vw, 400px\" \/><\/a>\u00a0 <img decoding=\"async\" class=\" size-full wp-image-8482\" title=\"BP\" src=\"https:\/\/welcome-ontour.de\/wordpress\/wp-content\/uploads\/2016\/06\/phoca_thumb_l_2016-02-02-13-img_2373.jpg\" alt=\"\" width=\"400\" height=\"301\" srcset=\"https:\/\/welcome-ontour.de\/wordpress\/wp-content\/uploads\/2016\/06\/phoca_thumb_l_2016-02-02-13-img_2373.jpg 506w, https:\/\/welcome-ontour.de\/wordpress\/wp-content\/uploads\/2016\/06\/phoca_thumb_l_2016-02-02-13-img_2373-300x226.jpg 300w\" sizes=\"(max-width: 400px) 100vw, 400px\" \/><\/span><\/p>\n<p style=\"text-align: center;\"><span style=\"font-family: arial, helvetica, sans-serif; font-size: 12pt;\"><a href=\"https:\/\/welcome-ontour.de\/wordpress\/wp-content\/uploads\/2016\/06\/phoca_thumb_l_2016-02-02-14-img_0040.jpg\" target=\"_blank\" rel=\"noopener noreferrer\"><img decoding=\"async\" class=\" size-full wp-image-8483\" title=\"Ocean Drive\" src=\"https:\/\/welcome-ontour.de\/wordpress\/wp-content\/uploads\/2016\/06\/phoca_thumb_l_2016-02-02-14-img_0040.jpg\" width=\"399\" height=\"301\" srcset=\"https:\/\/welcome-ontour.de\/wordpress\/wp-content\/uploads\/2016\/06\/phoca_thumb_l_2016-02-02-14-img_0040.jpg 456w, https:\/\/welcome-ontour.de\/wordpress\/wp-content\/uploads\/2016\/06\/phoca_thumb_l_2016-02-02-14-img_0040-300x226.jpg 300w\" sizes=\"(max-width: 399px) 100vw, 399px\" \/><\/a>\u00a0 <img decoding=\"async\" class=\" size-full wp-image-8484\" title=\"Johnny Rocket\" src=\"https:\/\/welcome-ontour.de\/wordpress\/wp-content\/uploads\/2016\/06\/phoca_thumb_l_2016-02-02-15-12742594.jpg\" alt=\"\" width=\"400\" height=\"301\" srcset=\"https:\/\/welcome-ontour.de\/wordpress\/wp-content\/uploads\/2016\/06\/phoca_thumb_l_2016-02-02-15-12742594.jpg 506w, https:\/\/welcome-ontour.de\/wordpress\/wp-content\/uploads\/2016\/06\/phoca_thumb_l_2016-02-02-15-12742594-300x226.jpg 300w\" sizes=\"(max-width: 400px) 100vw, 400px\" \/><\/span><\/p>\n<p style=\"text-align: center;\"><span style=\"font-family: arial, helvetica, sans-serif; font-size: 12pt;\">\u00a0<\/span><\/p>\n<p style=\"text-align: center;\"><span style=\"font-family: arial, helvetica, sans-serif; font-size: 12pt;\">Die Feier am Strand dauert bis in die D\u00e4mmerung, dann wechselt die ganze Horde zum Johnny Rocket Restaurant.<\/span><\/p>\n<p style=\"text-align: center;\"><span style=\"font-family: arial, helvetica, sans-serif; font-size: 12pt;\">Dort geht es weiter bis nach Mitternacht.<\/span><\/p>\n<p style=\"text-align: center;\"><span style=\"font-family: arial, helvetica, sans-serif; font-size: 12pt;\">Als wir uns diverse Eimer Bier sp\u00e4ter ausklinken, ist noch lange nicht Schluss.<\/span><\/p>\n<p style=\"text-align: center;\"><span style=\"font-family: arial, helvetica, sans-serif; font-size: 12pt;\">Mit letzter Kraft und echt platt schaffen wir die 2 Minuten hoch in unsere Betten.<\/span><\/p>\n<p style=\"text-align: center;\"><span style=\"font-family: arial, helvetica, sans-serif; font-size: 12pt;\">\u00a0<\/span><\/p>\n<p style=\"text-align: center;\"><span style=\"font-family: arial, helvetica, sans-serif; font-size: 12pt;\">Gefahrene Meilen \/ Kilometer: 86 \/ 138<\/span><\/p>\n<p style=\"text-align: center;\"><span style=\"font-family: arial, helvetica, sans-serif; font-size: 12pt;\">\u00a0<\/span><\/p>\n<p style=\"text-align: center;\"><span style=\"font-family: arial, helvetica, sans-serif; font-size: 12pt;\">Unterkunft: <a href=\"https:\/\/colonymiami.com\/\" target=\"_blank\" rel=\"noopener noreferrer\">Colony Hotel<\/a>, Miami Southbeach, Florida ** $192<\/span><\/p>\n<p style=\"text-align: center;\"><span style=\"font-size: 10pt; font-family: arial, helvetica, sans-serif;\"><a href=\"https:\/\/welcome-ontour.de\/wordpress\/index.php\/2016-02-01\">&lt; zur\u00fcck<\/a>\u00a0 \u00a0 \u00a0 \u00a0 \u00a0 \u00a0 \u00a0 \u00a0 \u00a0 \u00a0 \u00a0 \u00a0 \u00a0 \u00a0 \u00a0 \u00a0 \u00a0 \u00a0 \u00a0 \u00a0 \u00a0 \u00a0 \u00a0 \u00a0 \u00a0 \u00a0 \u00a0 \u00a0 \u00a0 \u00a0 \u00a0 \u00a0 \u00a0 \u00a0 \u00a0 \u00a0 \u00a0 \u00a0 \u00a0 \u00a0 \u00a0 \u00a0 \u00a0 \u00a0 \u00a0 \u00a0 \u00a0 \u00a0 \u00a0 \u00a0 \u00a0 \u00a0 \u00a0 \u00a0 \u00a0 \u00a0 \u00a0 \u00a0 \u00a0 \u00a0 \u00a0 \u00a0 \u00a0 \u00a0 \u00a0 \u00a0 \u00a0 \u00a0 \u00a0 \u00a0 \u00a0 \u00a0 \u00a0 \u00a0 \u00a0 \u00a0 \u00a0 \u00a0 \u00a0 \u00a0 \u00a0 \u00a0 \u00a0 \u00a0 \u00a0 \u00a0 \u00a0 \u00a0 \u00a0 \u00a0 \u00a0 \u00a0 \u00a0 \u00a0 \u00a0 <a href=\"https:\/\/welcome-ontour.de\/wordpress\/index.php\/2016-02-03\">weiter &gt;<\/a><\/span><\/p>\n","protected":false},"excerpt":{"rendered":"<p>Prolog\u00a0\u00a0\u00a0Hinflug\u00a0 \u00a0\u00a0Florida Keys\u00a0 \u00a0\u00a0Miami\u00a0\u00a0\u00a070000 Tons of Metal\u00a0 \u00a0\u00a0Isla Verde\u00a0 \u00a0\u00a0Palma Del Mar\u00a0 \u00a0\u00a0Rincon\u00a0 \u00a0\u00a0Jobos\u00a0 \u00a0\u00a0San Juan\u00a0 \u00a0\u00a0R\u00fcckflug\u00a0 \u00a0\u00a0Fazit &lt; zur\u00fcck\u00a0 \u00a0 \u00a0 \u00a0 \u00a0 \u00a0 \u00a0 \u00a0 \u00a0 \u00a0 \u00a0 \u00a0 \u00a0 \u00a0 \u00a0 \u00a0 \u00a0 \u00a0 \u00a0 \u00a0 \u00a0 \u00a0 \u00a0 \u00a0 \u00a0 \u00a0 \u00a0 \u00a0 \u00a0 \u00a0 \u00a0 \u00a0 \u00a0 \u00a0 \u00a0 \u00a0 \u00a0 \u00a0 \u00a0 \u00a0 \u00a0 \u00a0 \u00a0 \u00a0 \u00a0 \u00a0 \u00a0 \u00a0 \u00a0 \u00a0 \u00a0 \u00a0 \u00a0 \u00a0 \u00a0 \u00a0 \u00a0 \u00a0 \u00a0 \u00a0 \u00a0 \u00a0 \u00a0 \u00a0 \u00a0 \u00a0 \u00a0 \u00a0 \u00a0 \u00a0 \u00a0 \u00a0 \u00a0 \u00a0 \u00a0 \u00a0 \u00a0 \u00a0 \u00a0 \u00a0 \u00a0 \u00a0 \u00a0 \u00a0 \u00a0 \u00a0 \u00a0 \u00a0 \u00a0 \u00a0 \u00a0 \u00a0 \u00a0 \u00a0 \u00a0 weiter &gt; \u00a0 Di 2.2. \u00a0 Islamorada \u2013 Miami \u00a0 Nach einer ruhigen Nacht und einem herrlichen Sonnenaufgang verlassen wir um acht das Resort. Wenig sp\u00e4ter sitzen wir in Key Largo im Dennys. \u00a0 \u00a0 Wir fahren heute nicht die k\u00fcrzeste Verbindung nach Florida City. Wollen mal die Strecke durch North Key Largo testen. \u00a0 \u00a0 Wenn man die Zeit hat, das Wetter passt und bereit ist, die 1$ Br\u00fcckenmaut zu bezahlen kann man das machen. \u00a0 \u00a0 \u00a0 \u00a0 Die Strecke ist etwas abwechslungsreicher, man trifft viel weniger Autos und sieht mehr Tiere. Etwa um elf sind wir in Homestead. Holen im Walmart Getr\u00e4nke f\u00fcr heute Abend, nehmen einen Lunch im Pollo Tropical und tanken den Camaro wieder voll. \u00a0 \u00a0 \u00a0 Die Galone kostet 1,71$. Anschlie\u00dfend geht\u2019s in einem Rutsch via Florida Turnpike und vorbei am Miami International Airport nach South Beach. Um eins sind wir an unserem Hotel f\u00fcr die n\u00e4chsten zwei N\u00e4chte, Colony Southbeach direkt am Ocean Drive. \u00a0 \u00a0 \u00a0 \u00a0 Schnell eingecheckt, die Klamotten in Room 305 gestellt, ein paar Freunde im Johnny Rockets begr\u00fc\u00dft und ab den Mietwagen zur\u00fcck bringen. Halb zwei sind wir autofrei und laufen gem\u00fctlich die 15 Minuten zur\u00fcck zum Ocean Drive. Getr\u00e4nke geschnappt, rein in die Badesachen und ab zur Beachparty an den Strand. \u00a0 \u00a0 Die Party ist bereits in vollem Gange, wir finden nahtlos Anschluss und Zeit f\u00fcr ein Bad in den warmen Wellen bleibt auch noch. \u00a0 \u00a0 \u00a0 \u00a0 Die Feier am Strand dauert bis in die D\u00e4mmerung, dann wechselt die ganze Horde zum Johnny Rocket Restaurant. Dort geht es weiter bis nach Mitternacht. Als wir uns diverse Eimer Bier sp\u00e4ter ausklinken, ist noch lange nicht Schluss. Mit letzter Kraft und echt platt schaffen wir die 2 Minuten hoch in unsere Betten. \u00a0 Gefahrene Meilen \/ Kilometer: 86 \/ 138 \u00a0 Unterkunft: Colony Hotel, Miami Southbeach, Florida ** $192 &lt; zur\u00fcck\u00a0 \u00a0 \u00a0 \u00a0 \u00a0 \u00a0 \u00a0 \u00a0 \u00a0 \u00a0 \u00a0 \u00a0 \u00a0 \u00a0 \u00a0 \u00a0 \u00a0 \u00a0 \u00a0 \u00a0 \u00a0 \u00a0 \u00a0 \u00a0 \u00a0 \u00a0 \u00a0 \u00a0 \u00a0 \u00a0 \u00a0 \u00a0 \u00a0 \u00a0 \u00a0 \u00a0 \u00a0 \u00a0 \u00a0 \u00a0 \u00a0 \u00a0 \u00a0 \u00a0 \u00a0 \u00a0 \u00a0 \u00a0 \u00a0 \u00a0 \u00a0 \u00a0 \u00a0 \u00a0 \u00a0 \u00a0 \u00a0 \u00a0 \u00a0 \u00a0 \u00a0 \u00a0 \u00a0 \u00a0 \u00a0 \u00a0 \u00a0 \u00a0 \u00a0 \u00a0 \u00a0 \u00a0 \u00a0 \u00a0 \u00a0 \u00a0 \u00a0 \u00a0 \u00a0 \u00a0 \u00a0 \u00a0 \u00a0 \u00a0 \u00a0 \u00a0 \u00a0 \u00a0 \u00a0 \u00a0 \u00a0 \u00a0 \u00a0 \u00a0 \u00a0 weiter &gt;<\/p>\n","protected":false},"author":1,"featured_media":8470,"parent":0,"menu_order":16,"comment_status":"closed","ping_status":"closed","template":"","meta":{"footnotes":""},"class_list":["post-8485","page","type-page","status-publish","has-post-thumbnail","hentry"],"_links":{"self":[{"href":"https:\/\/welcome-ontour.de\/wordpress\/index.php\/wp-json\/wp\/v2\/pages\/8485","targetHints":{"allow":["GET"]}}],"collection":[{"href":"https:\/\/welcome-ontour.de\/wordpress\/index.php\/wp-json\/wp\/v2\/pages"}],"about":[{"href":"https:\/\/welcome-ontour.de\/wordpress\/index.php\/wp-json\/wp\/v2\/types\/page"}],"author":[{"embeddable":true,"href":"https:\/\/welcome-ontour.de\/wordpress\/index.php\/wp-json\/wp\/v2\/users\/1"}],"replies":[{"embeddable":true,"href":"https:\/\/welcome-ontour.de\/wordpress\/index.php\/wp-json\/wp\/v2\/comments?post=8485"}],"version-history":[{"count":3,"href":"https:\/\/welcome-ontour.de\/wordpress\/index.php\/wp-json\/wp\/v2\/pages\/8485\/revisions"}],"predecessor-version":[{"id":17199,"href":"https:\/\/welcome-ontour.de\/wordpress\/index.php\/wp-json\/wp\/v2\/pages\/8485\/revisions\/17199"}],"wp:featuredmedia":[{"embeddable":true,"href":"https:\/\/welcome-ontour.de\/wordpress\/index.php\/wp-json\/wp\/v2\/media\/8470"}],"wp:attachment":[{"href":"https:\/\/welcome-ontour.de\/wordpress\/index.php\/wp-json\/wp\/v2\/media?parent=8485"}],"curies":[{"name":"wp","href":"https:\/\/api.w.org\/{rel}","templated":true}]}}