{"id":8386,"date":"2015-12-22T07:13:09","date_gmt":"2015-12-22T07:13:09","guid":{"rendered":"https:\/\/welcome-ontour.de\/wordpress\/index.php\/2015-09-22-fazit\/"},"modified":"2022-06-30T23:06:18","modified_gmt":"2022-06-30T23:06:18","slug":"2015-09-22-fazit","status":"publish","type":"page","link":"https:\/\/welcome-ontour.de\/wordpress\/index.php\/2015-09-22-fazit\/","title":{"rendered":"2015 09 22 fazit"},"content":{"rendered":"<p style=\"text-align: center;\"><span style=\"font-family: arial, helvetica, sans-serif; font-size: x-small;\"><a href=\"https:\/\/welcome-ontour.de\/wordpress\/index.php\/2015-08-27-prolog\/\">prolog<\/a>\u00a0\u00a0 \u00a0<a href=\"https:\/\/welcome-ontour.de\/wordpress\/index.php\/2015-08-28\/\">hinflug<\/a>\u00a0\u00a0 \u00a0<a href=\"https:\/\/welcome-ontour.de\/wordpress\/index.php\/2015-08-29\/\">st.louis<\/a>\u00a0\u00a0 \u00a0<a href=\"https:\/\/welcome-ontour.de\/wordpress\/index.php\/2015-08-31\/\">memphis<\/a>\u00a0\u00a0 \u00a0<a href=\"https:\/\/welcome-ontour.de\/wordpress\/index.php\/2015-09-02\/\">mississippi<\/a>\u00a0\u00a0 \u00a0<a href=\"https:\/\/welcome-ontour.de\/wordpress\/index.php\/2015-09-03\/\">new orleans<\/a>\u00a0\u00a0 \u00a0<a href=\"https:\/\/welcome-ontour.de\/wordpress\/index.php\/2015-09-05\/\">pensacola<\/a>\u00a0\u00a0 \u00a0<a href=\"https:\/\/welcome-ontour.de\/wordpress\/index.php\/2015-09-07\/\">tallahassee<\/a>\u00a0\u00a0 \u00a0<a href=\"https:\/\/welcome-ontour.de\/wordpress\/index.php\/2015-09-08\/\">macon<\/a>\u00a0\u00a0 \u00a0<a href=\"https:\/\/welcome-ontour.de\/wordpress\/index.php\/2015-09-09\/\">asheville<\/a>\u00a0\u00a0 \u00a0<a href=\"https:\/\/welcome-ontour.de\/wordpress\/index.php\/2015-09-11\/\">chattanooga<\/a>\u00a0\u00a0 \u00a0<a href=\"https:\/\/welcome-ontour.de\/wordpress\/index.php\/2015-09-13\/\">nashville<\/a>\u00a0\u00a0 \u00a0<a href=\"https:\/\/welcome-ontour.de\/wordpress\/index.php\/2015-09-15\/\">kentucky<\/a>\u00a0\u00a0 \u00a0<a href=\"https:\/\/welcome-ontour.de\/wordpress\/index.php\/2015-09-17\/\">indianapolis<\/a>\u00a0\u00a0 \u00a0<a href=\"https:\/\/welcome-ontour.de\/wordpress\/index.php\/2015-09-18\/\">chicago<\/a>\u00a0\u00a0 \u00a0<a href=\"https:\/\/welcome-ontour.de\/wordpress\/index.php\/2015-09-20\/\">r\u00fcckflug<\/a>\u00a0\u00a0 \u00a0<a href=\"https:\/\/welcome-ontour.de\/wordpress\/index.php\/2015-09-22-fazit\/\">fazit<\/a><\/span><\/p>\n<p style=\"text-align: center;\"><span style=\"font-family: arial, helvetica, sans-serif; font-size: small;\">\u00a0<\/span><\/p>\n<p style=\"text-align: center;\"><span style=\"font-family: arial, helvetica, sans-serif; font-size: small;\"><a href=\"https:\/\/welcome-ontour.de\/wordpress\/index.php\/2015-09-21\/\">&lt;zur\u00fcck<\/a>\u00a0 \u00a0 \u00a0 \u00a0 \u00a0 \u00a0 \u00a0 \u00a0 \u00a0 \u00a0 \u00a0 \u00a0 \u00a0 \u00a0 \u00a0 \u00a0 \u00a0 \u00a0 \u00a0 \u00a0 \u00a0 \u00a0 \u00a0 \u00a0 \u00a0 \u00a0 \u00a0 \u00a0 \u00a0 \u00a0 \u00a0 \u00a0 \u00a0 \u00a0 \u00a0 \u00a0 \u00a0 \u00a0 \u00a0 \u00a0 \u00a0 \u00a0 \u00a0 \u00a0 \u00a0 \u00a0 \u00a0 \u00a0 \u00a0 \u00a0 \u00a0 \u00a0 \u00a0 \u00a0 \u00a0 \u00a0 \u00a0 \u00a0 \u00a0 \u00a0 \u00a0 \u00a0 \u00a0 \u00a0 \u00a0 \u00a0 \u00a0 \u00a0 \u00a0 \u00a0 \u00a0 \u00a0 \u00a0 \u00a0 \u00a0 \u00a0 \u00a0 \u00a0 \u00a0 \u00a0 \u00a0 \u00a0 \u00a0 \u00a0 \u00a0 \u00a0 \u00a0 \u00a0 \u00a0 \u00a0 \u00a0 \u00a0 \u00a0 \u00a0 \u00a0 \u00a0 \u00a0\u00a0<a href=\"https:\/\/welcome-ontour.de\/wordpress\/index.php\/reiseberichte\/\">Reiseberichte&gt;<\/a><\/span><\/p>\n<p style=\"text-align: center;\"><strong><span style=\"font-family: arial, helvetica, sans-serif; font-size: medium;\">Fazit<\/span><\/strong><\/p>\n<p style=\"text-align: center;\"><span style=\"font-family: arial, helvetica, sans-serif; font-size: medium;\">\u00a0<\/span><\/p>\n<p style=\"text-align: center;\"><span style=\"font-family: arial, helvetica, sans-serif; font-size: medium;\">Highway Star \u2013 der Name der Tour war Programm!<\/span><\/p>\n<p style=\"text-align: center;\"><span style=\"font-family: arial, helvetica, sans-serif; font-size: medium;\">Aus der Idee, mal ein paar Tage nach Chicago zu fliegen und die n\u00e4here Umgebung zu bereisen, <\/span><\/p>\n<p style=\"text-align: center;\"><span style=\"font-family: arial, helvetica, sans-serif; font-size: medium;\">wurde ein gr\u00f6\u00dferes Vorhaben.\u00a0<\/span><span style=\"font-family: arial, helvetica, sans-serif; font-size: medium; line-height: 1.3em;\">Noch nie hatten wir so viele verschiedene Reisegebiete in einer Tour.<\/span><\/p>\n<p style=\"text-align: center;\"><span style=\"font-family: arial, helvetica, sans-serif; font-size: medium;\">\u00a0<\/span><\/p>\n<p style=\"text-align: center;\"><span style=\"font-family: arial, helvetica, sans-serif; font-size: medium;\"><a href=\"https:\/\/welcome-ontour.de\/wordpress\/wp-content\/uploads\/2015\/12\/phoca_thumb_l_01-img_1153.jpg\" target=\"_blank\" rel=\"noopener noreferrer\"><img decoding=\"async\" class=\" size-full wp-image-8383\" style=\"border: 2px solid black;\" title=\"Welcome to Illinois, Missouri, Arkansas, Tennessee, Mississippi, Louisiana, Alabama, Florida, Georgia, South Carolina, North Carolina, Kentucky, Indiana, Illinois!\" src=\"https:\/\/welcome-ontour.de\/wordpress\/wp-content\/uploads\/2015\/12\/phoca_thumb_l_01-img_1153.jpg\" width=\"850\" height=\"169\" border=\"0\" srcset=\"https:\/\/welcome-ontour.de\/wordpress\/wp-content\/uploads\/2015\/12\/phoca_thumb_l_01-img_1153.jpg 1402w, https:\/\/welcome-ontour.de\/wordpress\/wp-content\/uploads\/2015\/12\/phoca_thumb_l_01-img_1153-300x59.jpg 300w, https:\/\/welcome-ontour.de\/wordpress\/wp-content\/uploads\/2015\/12\/phoca_thumb_l_01-img_1153-1024x203.jpg 1024w, https:\/\/welcome-ontour.de\/wordpress\/wp-content\/uploads\/2015\/12\/phoca_thumb_l_01-img_1153-768x152.jpg 768w\" sizes=\"(max-width: 850px) 100vw, 850px\" \/><\/a><\/span><\/p>\n<p style=\"text-align: center;\"><span style=\"font-family: arial, helvetica, sans-serif; font-size: medium;\">\u00a0<\/span><\/p>\n<p style=\"text-align: center;\"><span style=\"font-family: arial, helvetica, sans-serif; font-size: medium;\">Fast alles werden wir in angenehmer Erinnerung behalten.\u00a0<\/span><span style=\"font-family: arial, helvetica, sans-serif; font-size: medium; line-height: 1.3em;\">Die Aufbruchsstimmung in St.Louis, <\/span><\/p>\n<p style=\"text-align: center;\"><span style=\"font-family: arial, helvetica, sans-serif; font-size: medium; line-height: 1.3em;\">den Blues in Memphis und Mississippi, die positive Verr\u00fccktheit von New Orleans,\u00a0<\/span><span style=\"font-family: arial, helvetica, sans-serif; font-size: medium; line-height: 1.3em;\">die fantastische Golfk\u00fcste<\/span><\/p>\n<p style=\"text-align: center;\"><span style=\"font-family: arial, helvetica, sans-serif; font-size: medium; line-height: 1.3em;\"> in Nord Florida, die Mountains der s\u00fcdlichen Appalachen, Chattanooga mit seiner Kultur,\u00a0<\/span><span style=\"font-family: arial, helvetica, sans-serif; font-size: medium; line-height: 1.3em;\">Tennessee\u00a0<\/span><span style=\"font-family: arial, helvetica, sans-serif; font-size: medium; line-height: 1.3em;\">und <\/span><\/p>\n<p style=\"text-align: center;\"><span style=\"font-family: arial, helvetica, sans-serif; font-size: medium; line-height: 1.3em;\">Kentucky samt JD und JB, die liberale Offenheit in Indianapolis, sowie das architektonische Juwel Chicago.<\/span><\/p>\n<p style=\"text-align: center;\"><span style=\"font-family: arial, helvetica, sans-serif; font-size: medium;\">Die Strecken waren lang, teilweise unglaublich lang.<\/span><\/p>\n<p style=\"text-align: center;\"><span style=\"font-family: arial, helvetica, sans-serif; font-size: medium;\">Aber das war uns vorher klar und deswegen hatten wir auch keine Probleme damit.<\/span><\/p>\n<p style=\"text-align: center;\"><span style=\"font-family: arial, helvetica, sans-serif; font-size: medium;\">Komischerweise blieb uns der Jetlag mit dem relativ fr\u00fchen Wachwerden die ganze Zeit treu.<\/span><\/p>\n<p style=\"text-align: center;\"><span style=\"font-family: arial, helvetica, sans-serif; font-size: medium;\">Noch nie haben wir solch eine St\u00e4dte-lastige Tour unternommen.<\/span><\/p>\n<p style=\"text-align: center;\"><span style=\"font-family: arial, helvetica, sans-serif; font-size: medium;\">Eine Erfahrung, die wir nicht missen m\u00f6chten.<\/span><\/p>\n<p style=\"text-align: center;\"><span style=\"font-family: arial, helvetica, sans-serif; font-size: medium;\">Nochmals w\u00fcrden wir aber eine derartige Reise nicht machen, denn irgendwann war auch die Aufnahmef\u00e4higkeit ersch\u00f6pft.<\/span><\/p>\n<p style=\"text-align: center;\"><span style=\"font-family: arial, helvetica, sans-serif; font-size: medium;\">Mittendrin (ich glaub, es war in Louisiana) habe ich aufgeh\u00f6rt, Tagebuch zu f\u00fchren, <\/span><\/p>\n<p style=\"text-align: center;\"><span style=\"font-family: arial, helvetica, sans-serif; font-size: medium;\">wir haben nur noch vereinzelt fotografiert und uns von der allgegenw\u00e4rtigen Gelassenheit anstecken lassen.<\/span><\/p>\n<p style=\"text-align: center;\"><span style=\"font-family: arial, helvetica, sans-serif; font-size: medium;\">Generell k\u00f6nnen wir behaupten, dass wir uns bei dieser Tour einen \u00dcberblick \u00fcber die besuchten Regionen verschafft haben.<\/span><\/p>\n<p style=\"text-align: center;\"><span style=\"font-family: arial, helvetica, sans-serif; font-size: medium;\">Mehr wollten wir dieses Mal auch nicht und mehr war auch nicht drin.<\/span><\/p>\n<p style=\"text-align: center;\"><span style=\"font-family: arial, helvetica, sans-serif; font-size: medium;\">Ob wir irgendwann einmal nach St. Louis, Memphis, New Orleans, Nashville, Indianapolis oder Chicago zur\u00fcckkehren, <\/span><\/p>\n<p style=\"text-align: center;\"><span style=\"font-family: arial, helvetica, sans-serif; font-size: medium;\">wissen wir heute noch nicht.<\/span><\/p>\n<p style=\"text-align: center;\"><span style=\"font-family: arial, helvetica, sans-serif; font-size: medium;\">\u00a0<\/span><\/p>\n<p style=\"text-align: center;\"><span style=\"font-family: arial, helvetica, sans-serif; font-size: medium;\"><img decoding=\"async\" class=\" size-full wp-image-8384\" title=\"St.Louis - Memphis - Louisiana - Pensacola - Tallahassee - Macon - Chimney Rock - Lookout Mts. - Lynchburg - Sky Bridge - Chicago\" src=\"https:\/\/welcome-ontour.de\/wordpress\/wp-content\/uploads\/2015\/12\/phoca_thumb_l_02-filmstreifen.jpg\" width=\"850\" height=\"81\" border=\"0\" srcset=\"https:\/\/welcome-ontour.de\/wordpress\/wp-content\/uploads\/2015\/12\/phoca_thumb_l_02-filmstreifen.jpg 1796w, https:\/\/welcome-ontour.de\/wordpress\/wp-content\/uploads\/2015\/12\/phoca_thumb_l_02-filmstreifen-300x29.jpg 300w, https:\/\/welcome-ontour.de\/wordpress\/wp-content\/uploads\/2015\/12\/phoca_thumb_l_02-filmstreifen-1024x97.jpg 1024w, https:\/\/welcome-ontour.de\/wordpress\/wp-content\/uploads\/2015\/12\/phoca_thumb_l_02-filmstreifen-768x73.jpg 768w, https:\/\/welcome-ontour.de\/wordpress\/wp-content\/uploads\/2015\/12\/phoca_thumb_l_02-filmstreifen-1536x146.jpg 1536w, https:\/\/welcome-ontour.de\/wordpress\/wp-content\/uploads\/2015\/12\/phoca_thumb_l_02-filmstreifen-1568x149.jpg 1568w\" sizes=\"(max-width: 850px) 100vw, 850px\" \/><\/span><\/p>\n<p style=\"text-align: center;\"><span style=\"font-family: arial, helvetica, sans-serif; font-size: medium;\">\u00a0<\/span><\/p>\n<p style=\"text-align: center;\"><span style=\"font-family: arial, helvetica, sans-serif; font-size: medium;\">Bedingt durch die Nonstop-Fl\u00fcge von Berlin fiel die Wahl auf Chicago als Start und Ziel.<\/span><\/p>\n<p style=\"text-align: center;\"><span style=\"font-family: arial, helvetica, sans-serif; font-size: medium;\">An den Air Berlin Fl\u00fcgen gab es nichts auszusetzen.<\/span><\/p>\n<p style=\"text-align: center;\"><span style=\"font-family: arial, helvetica, sans-serif; font-size: medium;\">Alle Unterk\u00fcnfte haben wir im Vorfeld festgemacht und waren zum Gro\u00dfteil sehr zufrieden.<\/span><\/p>\n<p style=\"text-align: center;\"><span style=\"font-family: arial, helvetica, sans-serif; font-size: medium;\">Ansonsten bleibt noch zu sagen, dass man in den Gro\u00dfst\u00e4dten niemals die Parkgeb\u00fchren vernachl\u00e4ssigen sollte.<\/span><\/p>\n<p style=\"text-align: center;\"><span style=\"font-family: arial, helvetica, sans-serif; font-size: medium;\">Beim Mietwagen waren wir uns anfangs sicher, dass wir den Dodge am n\u00e4chsten gro\u00dfen Airport tauschen werden.<\/span><\/p>\n<p style=\"text-align: center;\"><span style=\"font-family: arial, helvetica, sans-serif; font-size: medium;\">Aber der Journey ist uns schnell ans Herz gewachsen und hat f\u00fcr uns beide v\u00f6llig ausgereicht.<\/span><\/p>\n<p style=\"text-align: center;\"><span style=\"font-family: arial, helvetica, sans-serif; font-size: medium;\">\u00a0<\/span><\/p>\n<p style=\"text-align: center;\"><span style=\"font-family: arial, helvetica, sans-serif; font-size: medium;\">Zum Abschluss wie immer der Zahlensalat.<\/span><\/p>\n<p style=\"text-align: center;\"><span style=\"font-family: arial, helvetica, sans-serif; font-size: medium;\">Die Fl\u00fcge haben wir im September 2014 f\u00fcr 587 Euro pro Person direkt bei <a href=\"https:\/\/www.airberlin.com\/de-DE\/site\/start.php\" target=\"_blank\" rel=\"noopener noreferrer\">Air Berlin<\/a> gebucht.<\/span><\/p>\n<p style=\"text-align: center;\"><span style=\"font-family: arial, helvetica, sans-serif; font-size: medium;\">Das Business Upgrade wurde komplett mit Topbonus Miles beglichen.<\/span><\/p>\n<p style=\"text-align: center;\"><span style=\"font-family: arial, helvetica, sans-serif; font-size: medium;\">Alle \u00dcbernachtungen haben wir \u00fcber die US-Portale <a href=\"https:\/\/www.hotwire.com\/\" target=\"_blank\" rel=\"noopener noreferrer\">Hotwire<\/a> und <a href=\"https:\/\/www.priceline.com\/home\/?lrdr=secure&amp;refclickid=10395956SID&amp;refid=CO5600850&amp;rdr=p2seti&amp;sv3=Y\" target=\"_blank\" rel=\"noopener noreferrer\">Priceline<\/a> gebucht.<\/span><\/p>\n<p style=\"text-align: center;\"><span style=\"font-family: arial, helvetica, sans-serif; font-size: medium;\">Mit erheblicher Ersparnis, aber unstornierbar.<\/span><\/p>\n<p style=\"text-align: center;\"><span style=\"font-family: arial, helvetica, sans-serif; font-size: medium;\">Das g\u00fcnstigste Zimmer gab es mit 55$ im Country Inn in London, Kentucky.<\/span><\/p>\n<p style=\"text-align: center;\"><span style=\"font-family: arial, helvetica, sans-serif; font-size: medium;\">Das Ende der Fahnenstange war das Magnolia Hotel in Saint Louis mit 118$, von denen jeder Cent berechtigt war.<\/span><\/p>\n<p style=\"text-align: center;\"><span style=\"font-family: arial, helvetica, sans-serif; font-size: medium;\">Die fast kostenlose \u00dcbernachtung in Louisville resultierte aus einem Hotwire Gutschein.<\/span><\/p>\n<p style=\"text-align: center;\"><span style=\"font-family: arial, helvetica, sans-serif; font-size: medium;\">Der durchschnittliche Zimmerpreis inklusive aller Geb\u00fchren belief sich dieses Mal auf 83$ (71\u20ac).<\/span><\/p>\n<p style=\"text-align: center;\"><span style=\"font-family: arial, helvetica, sans-serif; font-size: medium;\">Als Mietwagen haben wir die Kategorie Midsize SUV bei <a href=\"http:\/\/www.alamo.de\/\" target=\"_blank\" rel=\"noopener noreferrer\">Alamo<\/a> gew\u00e4hlt und 691\u20ac daf\u00fcr bezahlt.<\/span><\/p>\n<p style=\"text-align: center;\"><span style=\"font-family: arial, helvetica, sans-serif; font-size: medium;\">Der dunkelblaue <a href=\"http:\/\/www.dodge.com\/en\/journey\/\" target=\"_blank\" rel=\"noopener noreferrer\">Dodge Journey<\/a> hatte die SXT Ausstattung.<\/span><\/p>\n<p style=\"text-align: center;\"><span style=\"font-family: arial, helvetica, sans-serif; font-size: medium;\">Mit dem 3,6 Liter V6 Motor und 283 PS waren wir komfortabel, leise und insgesamt 5043 Meilen (8115km) unterwegs.<\/span><\/p>\n<p style=\"text-align: center;\"><span style=\"font-family: arial, helvetica, sans-serif; font-size: medium;\">Durch die lange Cruiserei kamen wir auf den \u00fcberraschend geringen Durchschnittsverbrauch von 27mpg (8,7l\/100km).<\/span><\/p>\n<p style=\"text-align: center;\"><span style=\"font-family: arial, helvetica, sans-serif; font-size: medium;\">\u00a0<\/span><\/p>\n<p style=\"text-align: center;\"><span style=\"font-family: arial, helvetica, sans-serif; font-size: medium;\">Wettertechnisch hatten wir traditionell ausgesprochenes Gl\u00fcck.<\/span><\/p>\n<p style=\"text-align: center;\"><span style=\"font-family: arial, helvetica, sans-serif; font-size: medium;\">Von wenigen Ausnahmen abgesehen, hat es kaum geregnet und war warm.\u00a0<\/span><span style=\"font-family: arial, helvetica, sans-serif; font-size: medium; line-height: 1.3em;\">In den S\u00fcdstaaten <\/span><\/p>\n<p style=\"text-align: center;\"><span style=\"font-family: arial, helvetica, sans-serif; font-size: medium; line-height: 1.3em;\">waren Temperaturen und Luftfeuchtigkeit oftmals kaum auszuhalten und die Klimaanlage unverzichtbar.<\/span><\/p>\n<p style=\"text-align: center;\"><span style=\"font-family: arial, helvetica, sans-serif; font-size: medium;\">Nach 25 Tagen sind wir trotz der irre langen Tour erholt und zufrieden zur\u00fcck geflogen <\/span><\/p>\n<p style=\"text-align: center;\"><span style=\"font-family: arial, helvetica, sans-serif; font-size: medium;\">und m\u00f6chten die Erlebnisse und Erfahrungen nicht missen.<\/span><\/p>\n<p style=\"text-align: center;\"><span style=\"font-family: arial, helvetica, sans-serif; font-size: medium;\">In diesem Sinne, bis zum n\u00e4chsten Mal und macht\u2019s gut Leute!<\/span><\/p>\n<p style=\"text-align: center;\"><span style=\"font-family: arial, helvetica, sans-serif; font-size: medium;\">\u00a0<\/span><\/p>\n<p style=\"text-align: center;\"><span style=\"font-family: arial, helvetica, sans-serif; font-size: medium;\"><img decoding=\"async\" class=\" size-full wp-image-8385\" title=\"Macht's gut Leute!\" src=\"https:\/\/welcome-ontour.de\/wordpress\/wp-content\/uploads\/2015\/12\/phoca_thumb_l_03-img_2740.jpg\" width=\"600\" height=\"352\" border=\"0\" srcset=\"https:\/\/welcome-ontour.de\/wordpress\/wp-content\/uploads\/2015\/12\/phoca_thumb_l_03-img_2740.jpg 1400w, https:\/\/welcome-ontour.de\/wordpress\/wp-content\/uploads\/2015\/12\/phoca_thumb_l_03-img_2740-300x176.jpg 300w, https:\/\/welcome-ontour.de\/wordpress\/wp-content\/uploads\/2015\/12\/phoca_thumb_l_03-img_2740-1024x601.jpg 1024w, https:\/\/welcome-ontour.de\/wordpress\/wp-content\/uploads\/2015\/12\/phoca_thumb_l_03-img_2740-768x451.jpg 768w\" sizes=\"(max-width: 600px) 100vw, 600px\" \/><\/span><\/p>\n<p style=\"text-align: center;\"><span style=\"font-family: arial, helvetica, sans-serif; font-size: medium;\">\u00a0<\/span><\/p>\n<p style=\"text-align: center;\"><span style=\"font-family: arial, helvetica, sans-serif; font-size: medium;\">\u00a0<span style=\"font-size: small;\"><a href=\"https:\/\/welcome-ontour.de\/wordpress\/index.php\/2015-09-21\/\">&lt;zur\u00fcck<\/a>\u00a0 \u00a0 \u00a0 \u00a0 \u00a0 \u00a0 \u00a0 \u00a0 \u00a0 \u00a0 \u00a0 \u00a0 \u00a0 \u00a0 \u00a0 \u00a0 \u00a0 \u00a0 \u00a0 \u00a0 \u00a0 \u00a0 \u00a0 \u00a0 \u00a0 \u00a0 \u00a0 \u00a0 \u00a0 \u00a0 \u00a0 \u00a0 \u00a0 \u00a0 \u00a0 \u00a0 \u00a0 \u00a0 \u00a0 \u00a0 \u00a0 \u00a0 \u00a0 \u00a0 \u00a0 \u00a0 \u00a0 \u00a0 \u00a0 \u00a0 \u00a0 \u00a0 \u00a0 \u00a0 \u00a0 \u00a0 \u00a0 \u00a0 \u00a0 \u00a0 \u00a0 \u00a0 \u00a0 \u00a0 \u00a0 \u00a0 \u00a0 \u00a0 \u00a0 \u00a0 \u00a0 \u00a0 \u00a0 \u00a0 \u00a0 \u00a0 \u00a0 \u00a0 \u00a0 \u00a0 \u00a0 \u00a0 \u00a0 \u00a0 \u00a0 \u00a0 \u00a0 \u00a0 \u00a0 \u00a0 \u00a0 \u00a0 \u00a0 \u00a0 \u00a0 \u00a0 \u00a0\u00a0<a href=\"https:\/\/welcome-ontour.de\/wordpress\/index.php\/reiseberichte\/\">Reiseberichte&gt;<\/a><\/span><\/span><\/p>\n","protected":false},"excerpt":{"rendered":"<p>prolog\u00a0\u00a0 \u00a0hinflug\u00a0\u00a0 \u00a0st.louis\u00a0\u00a0 \u00a0memphis\u00a0\u00a0 \u00a0mississippi\u00a0\u00a0 \u00a0new orleans\u00a0\u00a0 \u00a0pensacola\u00a0\u00a0 \u00a0tallahassee\u00a0\u00a0 \u00a0macon\u00a0\u00a0 \u00a0asheville\u00a0\u00a0 \u00a0chattanooga\u00a0\u00a0 \u00a0nashville\u00a0\u00a0 \u00a0kentucky\u00a0\u00a0 \u00a0indianapolis\u00a0\u00a0 \u00a0chicago\u00a0\u00a0 \u00a0r\u00fcckflug\u00a0\u00a0 \u00a0fazit \u00a0 &lt;zur\u00fcck\u00a0 \u00a0 \u00a0 \u00a0 \u00a0 \u00a0 \u00a0 \u00a0 \u00a0 \u00a0 \u00a0 \u00a0 \u00a0 \u00a0 \u00a0 \u00a0 \u00a0 \u00a0 \u00a0 \u00a0 \u00a0 \u00a0 \u00a0 \u00a0 \u00a0 \u00a0 \u00a0 \u00a0 \u00a0 \u00a0 \u00a0 \u00a0 \u00a0 \u00a0 \u00a0 \u00a0 \u00a0 \u00a0 \u00a0 \u00a0 \u00a0 \u00a0 \u00a0 \u00a0 \u00a0 \u00a0 \u00a0 \u00a0 \u00a0 \u00a0 \u00a0 \u00a0 \u00a0 \u00a0 \u00a0 \u00a0 \u00a0 \u00a0 \u00a0 \u00a0 \u00a0 \u00a0 \u00a0 \u00a0 \u00a0 \u00a0 \u00a0 \u00a0 \u00a0 \u00a0 \u00a0 \u00a0 \u00a0 \u00a0 \u00a0 \u00a0 \u00a0 \u00a0 \u00a0 \u00a0 \u00a0 \u00a0 \u00a0 \u00a0 \u00a0 \u00a0 \u00a0 \u00a0 \u00a0 \u00a0 \u00a0 \u00a0 \u00a0 \u00a0 \u00a0 \u00a0 \u00a0\u00a0Reiseberichte&gt; Fazit \u00a0 Highway Star \u2013 der Name der Tour war Programm! Aus der Idee, mal ein paar Tage nach Chicago zu fliegen und die n\u00e4here Umgebung zu bereisen, wurde ein gr\u00f6\u00dferes Vorhaben.\u00a0Noch nie hatten wir so viele verschiedene Reisegebiete in einer Tour. \u00a0 \u00a0 Fast alles werden wir in angenehmer Erinnerung behalten.\u00a0Die Aufbruchsstimmung in St.Louis, den Blues in Memphis und Mississippi, die positive Verr\u00fccktheit von New Orleans,\u00a0die fantastische Golfk\u00fcste in Nord Florida, die Mountains der s\u00fcdlichen Appalachen, Chattanooga mit seiner Kultur,\u00a0Tennessee\u00a0und Kentucky samt JD und JB, die liberale Offenheit in Indianapolis, sowie das architektonische Juwel Chicago. Die Strecken waren lang, teilweise unglaublich lang. Aber das war uns vorher klar und deswegen hatten wir auch keine Probleme damit. Komischerweise blieb uns der Jetlag mit dem relativ fr\u00fchen Wachwerden die ganze Zeit treu. Noch nie haben wir solch eine St\u00e4dte-lastige Tour unternommen. Eine Erfahrung, die wir nicht missen m\u00f6chten. Nochmals w\u00fcrden wir aber eine derartige Reise nicht machen, denn irgendwann war auch die Aufnahmef\u00e4higkeit ersch\u00f6pft. Mittendrin (ich glaub, es war in Louisiana) habe ich aufgeh\u00f6rt, Tagebuch zu f\u00fchren, wir haben nur noch vereinzelt fotografiert und uns von der allgegenw\u00e4rtigen Gelassenheit anstecken lassen. Generell k\u00f6nnen wir behaupten, dass wir uns bei dieser Tour einen \u00dcberblick \u00fcber die besuchten Regionen verschafft haben. Mehr wollten wir dieses Mal auch nicht und mehr war auch nicht drin. Ob wir irgendwann einmal nach St. Louis, Memphis, New Orleans, Nashville, Indianapolis oder Chicago zur\u00fcckkehren, wissen wir heute noch nicht. \u00a0 \u00a0 Bedingt durch die Nonstop-Fl\u00fcge von Berlin fiel die Wahl auf Chicago als Start und Ziel. An den Air Berlin Fl\u00fcgen gab es nichts auszusetzen. Alle Unterk\u00fcnfte haben wir im Vorfeld festgemacht und waren zum Gro\u00dfteil sehr zufrieden. Ansonsten bleibt noch zu sagen, dass man in den Gro\u00dfst\u00e4dten niemals die Parkgeb\u00fchren vernachl\u00e4ssigen sollte. Beim Mietwagen waren wir uns anfangs sicher, dass wir den Dodge am n\u00e4chsten gro\u00dfen Airport tauschen werden. Aber der Journey ist uns schnell ans Herz gewachsen und hat f\u00fcr uns beide v\u00f6llig ausgereicht. \u00a0 Zum Abschluss wie immer der Zahlensalat. Die Fl\u00fcge haben wir im September 2014 f\u00fcr 587 Euro pro Person direkt bei Air Berlin gebucht. Das Business Upgrade wurde komplett mit Topbonus Miles beglichen. Alle \u00dcbernachtungen haben wir \u00fcber die US-Portale Hotwire und Priceline gebucht. Mit erheblicher Ersparnis, aber unstornierbar. Das g\u00fcnstigste Zimmer gab es mit 55$ im Country Inn in London, Kentucky. Das Ende der Fahnenstange war das Magnolia Hotel in Saint Louis mit 118$, von denen jeder Cent berechtigt war. Die fast kostenlose \u00dcbernachtung in Louisville resultierte aus einem Hotwire Gutschein. Der durchschnittliche Zimmerpreis inklusive aller Geb\u00fchren belief sich dieses Mal auf 83$ (71\u20ac). Als Mietwagen haben wir die Kategorie Midsize SUV bei Alamo gew\u00e4hlt und 691\u20ac daf\u00fcr bezahlt. Der dunkelblaue Dodge Journey hatte die SXT Ausstattung. Mit dem 3,6 Liter V6 Motor und 283 PS waren wir komfortabel, leise und insgesamt 5043 Meilen (8115km) unterwegs. Durch die lange Cruiserei kamen wir auf den \u00fcberraschend geringen Durchschnittsverbrauch von 27mpg (8,7l\/100km). \u00a0 Wettertechnisch hatten wir traditionell ausgesprochenes Gl\u00fcck. Von wenigen Ausnahmen abgesehen, hat es kaum geregnet und war warm.\u00a0In den S\u00fcdstaaten waren Temperaturen und Luftfeuchtigkeit oftmals kaum auszuhalten und die Klimaanlage unverzichtbar. Nach 25 Tagen sind wir trotz der irre langen Tour erholt und zufrieden zur\u00fcck geflogen und m\u00f6chten die Erlebnisse und Erfahrungen nicht missen. In diesem Sinne, bis zum n\u00e4chsten Mal und macht\u2019s gut Leute! \u00a0 \u00a0 \u00a0&lt;zur\u00fcck\u00a0 \u00a0 \u00a0 \u00a0 \u00a0 \u00a0 \u00a0 \u00a0 \u00a0 \u00a0 \u00a0 \u00a0 \u00a0 \u00a0 \u00a0 \u00a0 \u00a0 \u00a0 \u00a0 \u00a0 \u00a0 \u00a0 \u00a0 \u00a0 \u00a0 \u00a0 \u00a0 \u00a0 \u00a0 \u00a0 \u00a0 \u00a0 \u00a0 \u00a0 \u00a0 \u00a0 \u00a0 \u00a0 \u00a0 \u00a0 \u00a0 \u00a0 \u00a0 \u00a0 \u00a0 \u00a0 \u00a0 \u00a0 \u00a0 \u00a0 \u00a0 \u00a0 \u00a0 \u00a0 \u00a0 \u00a0 \u00a0 \u00a0 \u00a0 \u00a0 \u00a0 \u00a0 \u00a0 \u00a0 \u00a0 \u00a0 \u00a0 \u00a0 \u00a0 \u00a0 \u00a0 \u00a0 \u00a0 \u00a0 \u00a0 \u00a0 \u00a0 \u00a0 \u00a0 \u00a0 \u00a0 \u00a0 \u00a0 \u00a0 \u00a0 \u00a0 \u00a0 \u00a0 \u00a0 \u00a0 \u00a0 \u00a0 \u00a0 \u00a0 \u00a0 \u00a0 \u00a0\u00a0Reiseberichte&gt;<\/p>\n","protected":false},"author":1,"featured_media":8383,"parent":0,"menu_order":3,"comment_status":"closed","ping_status":"closed","template":"","meta":{"footnotes":""},"class_list":["post-8386","page","type-page","status-publish","has-post-thumbnail","hentry"],"_links":{"self":[{"href":"https:\/\/welcome-ontour.de\/wordpress\/index.php\/wp-json\/wp\/v2\/pages\/8386","targetHints":{"allow":["GET"]}}],"collection":[{"href":"https:\/\/welcome-ontour.de\/wordpress\/index.php\/wp-json\/wp\/v2\/pages"}],"about":[{"href":"https:\/\/welcome-ontour.de\/wordpress\/index.php\/wp-json\/wp\/v2\/types\/page"}],"author":[{"embeddable":true,"href":"https:\/\/welcome-ontour.de\/wordpress\/index.php\/wp-json\/wp\/v2\/users\/1"}],"replies":[{"embeddable":true,"href":"https:\/\/welcome-ontour.de\/wordpress\/index.php\/wp-json\/wp\/v2\/comments?post=8386"}],"version-history":[{"count":4,"href":"https:\/\/welcome-ontour.de\/wordpress\/index.php\/wp-json\/wp\/v2\/pages\/8386\/revisions"}],"predecessor-version":[{"id":16829,"href":"https:\/\/welcome-ontour.de\/wordpress\/index.php\/wp-json\/wp\/v2\/pages\/8386\/revisions\/16829"}],"wp:featuredmedia":[{"embeddable":true,"href":"https:\/\/welcome-ontour.de\/wordpress\/index.php\/wp-json\/wp\/v2\/media\/8383"}],"wp:attachment":[{"href":"https:\/\/welcome-ontour.de\/wordpress\/index.php\/wp-json\/wp\/v2\/media?parent=8386"}],"curies":[{"name":"wp","href":"https:\/\/api.w.org\/{rel}","templated":true}]}}