{"id":8382,"date":"2015-12-22T07:12:55","date_gmt":"2015-12-22T07:12:55","guid":{"rendered":"https:\/\/welcome-ontour.de\/wordpress\/index.php\/2015-09-21\/"},"modified":"2022-06-30T23:06:18","modified_gmt":"2022-06-30T23:06:18","slug":"2015-09-21","status":"publish","type":"page","link":"https:\/\/welcome-ontour.de\/wordpress\/index.php\/2015-09-21\/","title":{"rendered":"2015 09 21"},"content":{"rendered":"<p style=\"text-align: center;\"><span style=\"font-family: arial, helvetica, sans-serif; font-size: x-small;\"><a href=\"http:\/\/www.welcome-ontour.de\/index.php\/reiseberichte\/102-2015-08-chicago\/512-2015-08-27-prolog\">prolog<\/a>\u00a0\u00a0 \u00a0<a href=\"http:\/\/www.welcome-ontour.de\/index.php\/reiseberichte\/102-2015-08-chicago\/513-2015-08-28\">hinflug<\/a>\u00a0\u00a0 \u00a0<a href=\"http:\/\/www.welcome-ontour.de\/index.php\/reiseberichte\/102-2015-08-chicago\/514-2015-08-29\">st.louis<\/a>\u00a0\u00a0 \u00a0<a href=\"http:\/\/www.welcome-ontour.de\/index.php\/reiseberichte\/102-2015-08-chicago\/516-2015-08-31\">memphis<\/a>\u00a0\u00a0 \u00a0<a href=\"http:\/\/www.welcome-ontour.de\/index.php\/reiseberichte\/102-2015-08-chicago\/518-2015-09-02\">mississippi<\/a>\u00a0\u00a0 \u00a0<a href=\"http:\/\/www.welcome-ontour.de\/index.php\/reiseberichte\/102-2015-08-chicago\/519-2015-09-03\">new orleans<\/a>\u00a0\u00a0 \u00a0<a href=\"http:\/\/www.welcome-ontour.de\/index.php\/reiseberichte\/102-2015-08-chicago\/521-2015-09-05\">pensacola<\/a>\u00a0\u00a0 \u00a0<a href=\"http:\/\/www.welcome-ontour.de\/index.php\/reiseberichte\/102-2015-08-chicago\/523-2015-09-07\">tallahassee<\/a>\u00a0\u00a0 \u00a0<a href=\"http:\/\/www.welcome-ontour.de\/index.php\/reiseberichte\/102-2015-08-chicago\/524-2015-09-08\">macon<\/a>\u00a0\u00a0 \u00a0<a href=\"http:\/\/www.welcome-ontour.de\/index.php\/reiseberichte\/102-2015-08-chicago\/525-2015-09-09\">asheville<\/a>\u00a0\u00a0 \u00a0<a href=\"http:\/\/www.welcome-ontour.de\/index.php\/reiseberichte\/102-2015-08-chicago\/527-2015-09-11\">chattanooga<\/a>\u00a0\u00a0 \u00a0<a href=\"http:\/\/www.welcome-ontour.de\/index.php\/reiseberichte\/102-2015-08-chicago\/529-2015-09-13\">nashville<\/a>\u00a0\u00a0 \u00a0<a href=\"http:\/\/www.welcome-ontour.de\/index.php\/reiseberichte\/102-2015-08-chicago\/531-2015-09-15\">kentucky<\/a>\u00a0\u00a0 \u00a0<a href=\"http:\/\/www.welcome-ontour.de\/index.php\/reiseberichte\/102-2015-08-chicago\/533-2015-09-17\">indianapolis<\/a>\u00a0\u00a0 \u00a0<a href=\"http:\/\/www.welcome-ontour.de\/index.php\/reiseberichte\/102-2015-08-chicago\/534-2015-09-18\">chicago<\/a>\u00a0\u00a0 \u00a0<a href=\"http:\/\/www.welcome-ontour.de\/index.php\/reiseberichte\/102-2015-08-chicago\/536-2015-09-20\">r\u00fcckflug<\/a>\u00a0\u00a0 \u00a0<a href=\"http:\/\/www.welcome-ontour.de\/index.php\/reiseberichte\/102-2015-08-chicago\/538-2015-09-22\">fazit<\/a><\/span><\/p>\n<p style=\"text-align: center;\"><span style=\"font-family: arial, helvetica, sans-serif; font-size: small;\">\u00a0<\/span><\/p>\n<p style=\"text-align: center;\"><span style=\"font-family: arial, helvetica, sans-serif; font-size: small;\"><a href=\"http:\/\/www.welcome-ontour.de\/index.php\/reiseberichte\/102-2015-08-chicago\/536-2015-09-20\">&lt;zur\u00fcck<\/a>\u00a0\u00a0 \u00a0 \u00a0 \u00a0 \u00a0 \u00a0 \u00a0 \u00a0 \u00a0 \u00a0 \u00a0 \u00a0 \u00a0 \u00a0 \u00a0 \u00a0 \u00a0 \u00a0 \u00a0 \u00a0 \u00a0 \u00a0 \u00a0 \u00a0 \u00a0 \u00a0 \u00a0 \u00a0 \u00a0 \u00a0 \u00a0 \u00a0 \u00a0 \u00a0 \u00a0 \u00a0 \u00a0 \u00a0 \u00a0 \u00a0 \u00a0 \u00a0 \u00a0 \u00a0 \u00a0 \u00a0 \u00a0 \u00a0 \u00a0 \u00a0 \u00a0 \u00a0 \u00a0 \u00a0 \u00a0 \u00a0 \u00a0 \u00a0 \u00a0 \u00a0 \u00a0 \u00a0 \u00a0 \u00a0 \u00a0 \u00a0 \u00a0 \u00a0 \u00a0 \u00a0 \u00a0 \u00a0 \u00a0 \u00a0 \u00a0 \u00a0 \u00a0 \u00a0 \u00a0 \u00a0 \u00a0 \u00a0 \u00a0 \u00a0 \u00a0 \u00a0 \u00a0 \u00a0 \u00a0 \u00a0 \u00a0 \u00a0 \u00a0 \u00a0 \u00a0 \u00a0 \u00a0 \u00a0 \u00a0 \u00a0 \u00a0 \u00a0\u00a0<a href=\"http:\/\/www.welcome-ontour.de\/index.php\/reiseberichte\/102-2015-08-chicago\/538-2015-09-22\">weiter&gt;<\/a><\/span><\/p>\n<p style=\"text-align: center;\"><strong><span style=\"font-family: arial, helvetica, sans-serif; font-size: medium;\">Mo 21.9.2015<\/span><\/strong><\/p>\n<p style=\"text-align: center;\"><strong><span style=\"font-family: arial, helvetica, sans-serif; font-size: medium; line-height: 1.3em;\">Ankunft Berlin<\/span><\/strong><\/p>\n<p style=\"text-align: center;\"><span style=\"font-family: arial, helvetica, sans-serif; font-size: medium;\">\u00a0<\/span><\/p>\n<p style=\"text-align: center;\"><span style=\"font-family: arial, helvetica, sans-serif; font-size: medium;\">Nach den Baileys beginnt eigentlich unsere Schlafphase.<\/span><\/p>\n<p style=\"text-align: center;\"><span style=\"font-family: arial, helvetica, sans-serif; font-size: medium;\">Aus irgendeinem Grund klappt das bei mir dieses Mal nicht.<\/span><\/p>\n<p style=\"text-align: center;\"><span style=\"font-family: arial, helvetica, sans-serif; font-size: medium;\">\u00a0<\/span><\/p>\n<p style=\"text-align: center;\"><span style=\"font-family: arial, helvetica, sans-serif; font-size: medium;\"><a href=\"https:\/\/welcome-ontour.de\/wordpress\/wp-content\/uploads\/2015\/12\/phoca_thumb_l_2015-09-21-01-img_2208.jpg\" target=\"_blank\" rel=\"noopener noreferrer\"><img decoding=\"async\" class=\" size-full wp-image-8380\" title=\"Nightflight\" src=\"https:\/\/welcome-ontour.de\/wordpress\/wp-content\/uploads\/2015\/12\/phoca_thumb_l_2015-09-21-01-img_2208.jpg\" width=\"700\" height=\"360\" border=\"0\" srcset=\"https:\/\/welcome-ontour.de\/wordpress\/wp-content\/uploads\/2015\/12\/phoca_thumb_l_2015-09-21-01-img_2208.jpg 1400w, https:\/\/welcome-ontour.de\/wordpress\/wp-content\/uploads\/2015\/12\/phoca_thumb_l_2015-09-21-01-img_2208-300x154.jpg 300w, https:\/\/welcome-ontour.de\/wordpress\/wp-content\/uploads\/2015\/12\/phoca_thumb_l_2015-09-21-01-img_2208-1024x527.jpg 1024w, https:\/\/welcome-ontour.de\/wordpress\/wp-content\/uploads\/2015\/12\/phoca_thumb_l_2015-09-21-01-img_2208-768x395.jpg 768w\" sizes=\"(max-width: 700px) 100vw, 700px\" \/><\/a><\/span><\/p>\n<p style=\"text-align: center;\"><span style=\"font-family: arial, helvetica, sans-serif; font-size: medium;\">\u00a0<\/span><\/p>\n<p style=\"text-align: center;\"><span style=\"font-family: arial, helvetica, sans-serif; font-size: medium;\">Ich schau mir erst <a href=\"http:\/\/www.filmstarts.de\/kritiken\/84057-Das-Beste-kommt-zum-Schluss.html\" target=\"_blank\" rel=\"noopener noreferrer\">The Bucket List<\/a>, mit Morgan Freeman und Jack Nicholson an, <\/span><\/p>\n<p style=\"text-align: center;\"><span style=\"font-family: arial, helvetica, sans-serif; font-size: medium;\">anschlie\u00dfend den ziemlich schwachsinnigen <a href=\"http:\/\/www.moviepilot.de\/movies\/mad-max-fury-road\" target=\"_blank\" rel=\"noopener noreferrer\">Mad Max Fury<\/a> Film und z<\/span><span style=\"font-family: arial, helvetica, sans-serif; font-size: medium; line-height: 1.3em;\">um Schluss noch 2 <a href=\"http:\/\/www.moviepilot.de\/serie\/house-of-cards\" target=\"_blank\" rel=\"noopener noreferrer\">House Of Cards<\/a> Folgen.<\/span><\/p>\n<p style=\"text-align: center;\"><span style=\"font-family: arial, helvetica, sans-serif; font-size: medium;\">Nach einem AB Fr\u00fchst\u00fcck beginnt \u00fcber den d\u00e4nischen Inseln der Landeanflug auf Berlin.<\/span><\/p>\n<p style=\"text-align: center;\"><span style=\"font-family: arial, helvetica, sans-serif; font-size: medium;\">Fr\u00fchmorgens zehn vor sieben setzen wir sanft in Tegel auf.<\/span><\/p>\n<p style=\"text-align: center;\"><span style=\"font-family: arial, helvetica, sans-serif; font-size: medium;\">\u00a0<\/span><\/p>\n<p style=\"text-align: center;\"><span style=\"font-family: arial, helvetica, sans-serif; font-size: medium;\"><img decoding=\"async\" class=\" size-full wp-image-8381\" title=\"Tegel\" src=\"https:\/\/welcome-ontour.de\/wordpress\/wp-content\/uploads\/2015\/12\/phoca_thumb_l_2015-09-21-02-img_2206.jpg\" width=\"400\" height=\"302\" border=\"0\" srcset=\"https:\/\/welcome-ontour.de\/wordpress\/wp-content\/uploads\/2015\/12\/phoca_thumb_l_2015-09-21-02-img_2206.jpg 450w, https:\/\/welcome-ontour.de\/wordpress\/wp-content\/uploads\/2015\/12\/phoca_thumb_l_2015-09-21-02-img_2206-300x227.jpg 300w\" sizes=\"(max-width: 400px) 100vw, 400px\" \/><\/span><\/p>\n<p style=\"text-align: center;\"><span style=\"font-family: arial, helvetica, sans-serif; font-size: medium;\">\u00a0<\/span><\/p>\n<p style=\"text-align: center;\"><span style=\"font-family: arial, helvetica, sans-serif; font-size: medium;\">Drau\u00dfen sind 8\u00b0C und in den kurzen Shorts ist es empfindlich kalt.<\/span><\/p>\n<p style=\"text-align: center;\"><span style=\"font-family: arial, helvetica, sans-serif; font-size: medium;\">Unser privater Shuttle Service erwartet uns bereits und nach schneller Fahrt sind wir halb neun zu Hause.<\/span><\/p>\n<p style=\"text-align: center;\"><span style=\"font-family: arial, helvetica, sans-serif; font-size: medium;\">Ziemlich zerkn\u00fcllt, aber happy.<\/span><\/p>\n<p style=\"text-align: center;\"><span style=\"font-family: arial, helvetica, sans-serif; font-size: medium;\">\u00a0<\/span><\/p>\n<p style=\"text-align: center;\"><span style=\"font-family: arial, helvetica, sans-serif; font-size: small;\">\u00a0<a href=\"http:\/\/www.welcome-ontour.de\/index.php\/reiseberichte\/102-2015-08-chicago\/536-2015-09-20\">&lt;zur\u00fcck<\/a>\u00a0\u00a0 \u00a0 \u00a0 \u00a0 \u00a0 \u00a0 \u00a0 \u00a0 \u00a0 \u00a0 \u00a0 \u00a0 \u00a0 \u00a0 \u00a0 \u00a0 \u00a0 \u00a0 \u00a0 \u00a0 \u00a0 \u00a0 \u00a0 \u00a0 \u00a0 \u00a0 \u00a0 \u00a0 \u00a0 \u00a0 \u00a0 \u00a0 \u00a0 \u00a0 \u00a0 \u00a0 \u00a0 \u00a0 \u00a0 \u00a0 \u00a0 \u00a0 \u00a0 \u00a0 \u00a0 \u00a0 \u00a0 \u00a0 \u00a0 \u00a0 \u00a0 \u00a0 \u00a0 \u00a0 \u00a0 \u00a0 \u00a0 \u00a0 \u00a0 \u00a0 \u00a0 \u00a0 \u00a0 \u00a0 \u00a0 \u00a0 \u00a0 \u00a0 \u00a0 \u00a0 \u00a0 \u00a0 \u00a0 \u00a0 \u00a0 \u00a0 \u00a0 \u00a0 \u00a0 \u00a0 \u00a0 \u00a0 \u00a0 \u00a0 \u00a0 \u00a0 \u00a0 \u00a0 \u00a0 \u00a0 \u00a0 \u00a0 \u00a0 \u00a0 \u00a0 \u00a0 \u00a0 \u00a0 \u00a0 \u00a0 \u00a0 \u00a0\u00a0<a href=\"http:\/\/www.welcome-ontour.de\/index.php\/reiseberichte\/102-2015-08-chicago\/538-2015-09-22\">weiter&gt;<\/a><\/span><\/p>\n","protected":false},"excerpt":{"rendered":"<p>prolog\u00a0\u00a0 \u00a0hinflug\u00a0\u00a0 \u00a0st.louis\u00a0\u00a0 \u00a0memphis\u00a0\u00a0 \u00a0mississippi\u00a0\u00a0 \u00a0new orleans\u00a0\u00a0 \u00a0pensacola\u00a0\u00a0 \u00a0tallahassee\u00a0\u00a0 \u00a0macon\u00a0\u00a0 \u00a0asheville\u00a0\u00a0 \u00a0chattanooga\u00a0\u00a0 \u00a0nashville\u00a0\u00a0 \u00a0kentucky\u00a0\u00a0 \u00a0indianapolis\u00a0\u00a0 \u00a0chicago\u00a0\u00a0 \u00a0r\u00fcckflug\u00a0\u00a0 \u00a0fazit \u00a0 &lt;zur\u00fcck\u00a0\u00a0 \u00a0 \u00a0 \u00a0 \u00a0 \u00a0 \u00a0 \u00a0 \u00a0 \u00a0 \u00a0 \u00a0 \u00a0 \u00a0 \u00a0 \u00a0 \u00a0 \u00a0 \u00a0 \u00a0 \u00a0 \u00a0 \u00a0 \u00a0 \u00a0 \u00a0 \u00a0 \u00a0 \u00a0 \u00a0 \u00a0 \u00a0 \u00a0 \u00a0 \u00a0 \u00a0 \u00a0 \u00a0 \u00a0 \u00a0 \u00a0 \u00a0 \u00a0 \u00a0 \u00a0 \u00a0 \u00a0 \u00a0 \u00a0 \u00a0 \u00a0 \u00a0 \u00a0 \u00a0 \u00a0 \u00a0 \u00a0 \u00a0 \u00a0 \u00a0 \u00a0 \u00a0 \u00a0 \u00a0 \u00a0 \u00a0 \u00a0 \u00a0 \u00a0 \u00a0 \u00a0 \u00a0 \u00a0 \u00a0 \u00a0 \u00a0 \u00a0 \u00a0 \u00a0 \u00a0 \u00a0 \u00a0 \u00a0 \u00a0 \u00a0 \u00a0 \u00a0 \u00a0 \u00a0 \u00a0 \u00a0 \u00a0 \u00a0 \u00a0 \u00a0 \u00a0 \u00a0 \u00a0 \u00a0 \u00a0 \u00a0 \u00a0\u00a0weiter&gt; Mo 21.9.2015 Ankunft Berlin \u00a0 Nach den Baileys beginnt eigentlich unsere Schlafphase. Aus irgendeinem Grund klappt das bei mir dieses Mal nicht. \u00a0 \u00a0 Ich schau mir erst The Bucket List, mit Morgan Freeman und Jack Nicholson an, anschlie\u00dfend den ziemlich schwachsinnigen Mad Max Fury Film und zum Schluss noch 2 House Of Cards Folgen. Nach einem AB Fr\u00fchst\u00fcck beginnt \u00fcber den d\u00e4nischen Inseln der Landeanflug auf Berlin. Fr\u00fchmorgens zehn vor sieben setzen wir sanft in Tegel auf. \u00a0 \u00a0 Drau\u00dfen sind 8\u00b0C und in den kurzen Shorts ist es empfindlich kalt. Unser privater Shuttle Service erwartet uns bereits und nach schneller Fahrt sind wir halb neun zu Hause. Ziemlich zerkn\u00fcllt, aber happy. \u00a0 \u00a0&lt;zur\u00fcck\u00a0\u00a0 \u00a0 \u00a0 \u00a0 \u00a0 \u00a0 \u00a0 \u00a0 \u00a0 \u00a0 \u00a0 \u00a0 \u00a0 \u00a0 \u00a0 \u00a0 \u00a0 \u00a0 \u00a0 \u00a0 \u00a0 \u00a0 \u00a0 \u00a0 \u00a0 \u00a0 \u00a0 \u00a0 \u00a0 \u00a0 \u00a0 \u00a0 \u00a0 \u00a0 \u00a0 \u00a0 \u00a0 \u00a0 \u00a0 \u00a0 \u00a0 \u00a0 \u00a0 \u00a0 \u00a0 \u00a0 \u00a0 \u00a0 \u00a0 \u00a0 \u00a0 \u00a0 \u00a0 \u00a0 \u00a0 \u00a0 \u00a0 \u00a0 \u00a0 \u00a0 \u00a0 \u00a0 \u00a0 \u00a0 \u00a0 \u00a0 \u00a0 \u00a0 \u00a0 \u00a0 \u00a0 \u00a0 \u00a0 \u00a0 \u00a0 \u00a0 \u00a0 \u00a0 \u00a0 \u00a0 \u00a0 \u00a0 \u00a0 \u00a0 \u00a0 \u00a0 \u00a0 \u00a0 \u00a0 \u00a0 \u00a0 \u00a0 \u00a0 \u00a0 \u00a0 \u00a0 \u00a0 \u00a0 \u00a0 \u00a0 \u00a0 \u00a0\u00a0weiter&gt;<\/p>\n","protected":false},"author":1,"featured_media":8380,"parent":0,"menu_order":4,"comment_status":"closed","ping_status":"closed","template":"","meta":{"footnotes":""},"class_list":["post-8382","page","type-page","status-publish","has-post-thumbnail","hentry"],"_links":{"self":[{"href":"https:\/\/welcome-ontour.de\/wordpress\/index.php\/wp-json\/wp\/v2\/pages\/8382","targetHints":{"allow":["GET"]}}],"collection":[{"href":"https:\/\/welcome-ontour.de\/wordpress\/index.php\/wp-json\/wp\/v2\/pages"}],"about":[{"href":"https:\/\/welcome-ontour.de\/wordpress\/index.php\/wp-json\/wp\/v2\/types\/page"}],"author":[{"embeddable":true,"href":"https:\/\/welcome-ontour.de\/wordpress\/index.php\/wp-json\/wp\/v2\/users\/1"}],"replies":[{"embeddable":true,"href":"https:\/\/welcome-ontour.de\/wordpress\/index.php\/wp-json\/wp\/v2\/comments?post=8382"}],"version-history":[{"count":1,"href":"https:\/\/welcome-ontour.de\/wordpress\/index.php\/wp-json\/wp\/v2\/pages\/8382\/revisions"}],"predecessor-version":[{"id":15268,"href":"https:\/\/welcome-ontour.de\/wordpress\/index.php\/wp-json\/wp\/v2\/pages\/8382\/revisions\/15268"}],"wp:featuredmedia":[{"embeddable":true,"href":"https:\/\/welcome-ontour.de\/wordpress\/index.php\/wp-json\/wp\/v2\/media\/8380"}],"wp:attachment":[{"href":"https:\/\/welcome-ontour.de\/wordpress\/index.php\/wp-json\/wp\/v2\/media?parent=8382"}],"curies":[{"name":"wp","href":"https:\/\/api.w.org\/{rel}","templated":true}]}}