{"id":7648,"date":"2015-12-22T07:06:15","date_gmt":"2015-12-22T07:06:15","guid":{"rendered":"https:\/\/welcome-ontour.de\/wordpress\/index.php\/2015-08-27-prolog\/"},"modified":"2022-06-30T23:07:31","modified_gmt":"2022-06-30T23:07:31","slug":"2015-08-27-prolog","status":"publish","type":"page","link":"https:\/\/welcome-ontour.de\/wordpress\/index.php\/2015-08-27-prolog\/","title":{"rendered":"2015 08 27 prolog"},"content":{"rendered":"<p style=\"text-align: center;\"><span style=\"font-size: x-small;\"><span style=\"font-family: arial, helvetica, sans-serif;\"><a href=\"https:\/\/welcome-ontour.de\/wordpress\/index.php\/2015-08-27-prolog\/\">prolog<\/a> \u00a0 \u00a0<a href=\"https:\/\/welcome-ontour.de\/wordpress\/index.php\/2015-08-28\/\">hinflug<\/a> \u00a0 \u00a0<a href=\"https:\/\/welcome-ontour.de\/wordpress\/index.php\/2015-08-29\/\">st.louis<\/a> \u00a0 \u00a0<a href=\"https:\/\/welcome-ontour.de\/wordpress\/index.php\/2015-08-31\/\">memphis<\/a> \u00a0 \u00a0<a href=\"https:\/\/welcome-ontour.de\/wordpress\/index.php\/2015-09-02\/\">mississippi<\/a> \u00a0 \u00a0<a href=\"https:\/\/welcome-ontour.de\/wordpress\/index.php\/2015-09-03\/\">new orleans<\/a> \u00a0 \u00a0<a href=\"https:\/\/welcome-ontour.de\/wordpress\/index.php\/2015-09-05\/\">pensacola<\/a> \u00a0 \u00a0<a href=\"https:\/\/welcome-ontour.de\/wordpress\/index.php\/2015-09-07\/\">tallahassee<\/a> \u00a0 \u00a0<a href=\"https:\/\/welcome-ontour.de\/wordpress\/index.php\/2015-09-08\/\">macon<\/a> \u00a0 \u00a0<a href=\"https:\/\/welcome-ontour.de\/wordpress\/index.php\/2015-09-09\/\">asheville<\/a> \u00a0 \u00a0<a href=\"https:\/\/welcome-ontour.de\/wordpress\/index.php\/2015-09-11\/\">chattanooga<\/a> \u00a0 \u00a0<a href=\"https:\/\/welcome-ontour.de\/wordpress\/index.php\/2015-09-13\/\">nashville<\/a> \u00a0 \u00a0<a href=\"https:\/\/welcome-ontour.de\/wordpress\/index.php\/2015-09-15\/\">kentucky<\/a> \u00a0 \u00a0<a href=\"https:\/\/welcome-ontour.de\/wordpress\/index.php\/2015-09-17\/\">indianapolis<\/a> \u00a0 \u00a0<a href=\"https:\/\/welcome-ontour.de\/wordpress\/index.php\/2015-09-18\/\">chicago<\/a> \u00a0 \u00a0<a href=\"https:\/\/welcome-ontour.de\/wordpress\/index.php\/2015-09-20\/\">r\u00fcckflug<\/a> \u00a0 \u00a0<a href=\"https:\/\/welcome-ontour.de\/wordpress\/index.php\/2015-09-22-fazit\/\">fazit<\/a><\/span><\/span><\/p>\n<p style=\"text-align: center;\"><span style=\"font-size: small;\"><span style=\"font-family: arial, helvetica, sans-serif;\">\u00a0<\/span><\/span><\/p>\n<p style=\"text-align: center;\"><span style=\"font-size: small;\"><span style=\"font-family: arial, helvetica, sans-serif;\"><a href=\"https:\/\/welcome-ontour.de\/wordpress\/index.php\/reiseberichte\/\">&lt;Reiseberichte<\/a>\u00a0 \u00a0 \u00a0 \u00a0 \u00a0 \u00a0 \u00a0 \u00a0 \u00a0 \u00a0 \u00a0 \u00a0 \u00a0 \u00a0 \u00a0 \u00a0 \u00a0 \u00a0 \u00a0 \u00a0 \u00a0 \u00a0 \u00a0 \u00a0 \u00a0 \u00a0 \u00a0 \u00a0 \u00a0 \u00a0 \u00a0 \u00a0 \u00a0 \u00a0 \u00a0 \u00a0 \u00a0 \u00a0 \u00a0 \u00a0 \u00a0 \u00a0 \u00a0 \u00a0 \u00a0 \u00a0 \u00a0 \u00a0 \u00a0 \u00a0 \u00a0 \u00a0 \u00a0 \u00a0 \u00a0 \u00a0 \u00a0 \u00a0 \u00a0 \u00a0 \u00a0 \u00a0 \u00a0 \u00a0 \u00a0 \u00a0 \u00a0 \u00a0 \u00a0 \u00a0 \u00a0 \u00a0 \u00a0 \u00a0 \u00a0 \u00a0 \u00a0 \u00a0 \u00a0 \u00a0 \u00a0 \u00a0 \u00a0 \u00a0 \u00a0 \u00a0 \u00a0 \u00a0 \u00a0 \u00a0 \u00a0 \u00a0 \u00a0 \u00a0 \u00a0 \u00a0 \u00a0\u00a0<\/span><span style=\"font-family: arial, helvetica, sans-serif; line-height: 1.3em;\">\u00a0<a href=\"https:\/\/welcome-ontour.de\/wordpress\/index.php\/2015-08-28\/\">weiter&gt;<\/a><\/span><\/span><\/p>\n<p style=\"text-align: center;\"><span style=\"font-size: small;\"><span style=\"font-family: arial, helvetica, sans-serif; line-height: 1.3em;\">\u00a0<\/span><\/span><\/p>\n<p style=\"text-align: center;\"><strong><span style=\"font-family: arial, helvetica, sans-serif; font-size: x-large;\">Highway Star \u2013 USA 2015<\/span><\/strong><\/p>\n<p style=\"text-align: center;\">\u00a0<\/p>\n<p style=\"text-align: center;\"><span style=\"font-family: arial, helvetica, sans-serif; font-size: medium;\"><a href=\"https:\/\/welcome-ontour.de\/wordpress\/wp-content\/uploads\/2012\/11\/phoca_thumb_l_2015-08-27-prolog-01-filmstreifen.jpg\" target=\"_blank\" rel=\"noopener noreferrer\"><img decoding=\"async\" class=\" size-full wp-image-1602\" title=\"Highway Star\" src=\"https:\/\/welcome-ontour.de\/wordpress\/wp-content\/uploads\/2012\/11\/phoca_thumb_l_2015-08-27-prolog-01-filmstreifen.jpg\" width=\"800\" height=\"76\" border=\"0\" srcset=\"https:\/\/welcome-ontour.de\/wordpress\/wp-content\/uploads\/2012\/11\/phoca_thumb_l_2015-08-27-prolog-01-filmstreifen.jpg 1796w, https:\/\/welcome-ontour.de\/wordpress\/wp-content\/uploads\/2012\/11\/phoca_thumb_l_2015-08-27-prolog-01-filmstreifen-300x29.jpg 300w, https:\/\/welcome-ontour.de\/wordpress\/wp-content\/uploads\/2012\/11\/phoca_thumb_l_2015-08-27-prolog-01-filmstreifen-1024x97.jpg 1024w, https:\/\/welcome-ontour.de\/wordpress\/wp-content\/uploads\/2012\/11\/phoca_thumb_l_2015-08-27-prolog-01-filmstreifen-768x73.jpg 768w, https:\/\/welcome-ontour.de\/wordpress\/wp-content\/uploads\/2012\/11\/phoca_thumb_l_2015-08-27-prolog-01-filmstreifen-1536x146.jpg 1536w, https:\/\/welcome-ontour.de\/wordpress\/wp-content\/uploads\/2012\/11\/phoca_thumb_l_2015-08-27-prolog-01-filmstreifen-1568x149.jpg 1568w\" sizes=\"(max-width: 800px) 100vw, 800px\" \/><\/a><\/span><\/p>\n<p style=\"text-align: center;\"><span style=\"font-family: arial, helvetica, sans-serif; font-size: medium;\">\u00a0<\/span><\/p>\n<p style=\"text-align: center;\"><strong><span style=\"font-family: arial, helvetica, sans-serif; font-size: medium;\">Prolog<\/span><\/strong><\/p>\n<p style=\"text-align: center;\"><span style=\"font-family: arial, helvetica, sans-serif; font-size: medium;\">\u00a0<\/span><\/p>\n<p style=\"text-align: center;\"><span style=\"font-family: arial, helvetica, sans-serif; font-size: medium;\">Die Reise beginnt eigentlich bereits im September 2014.<\/span><\/p>\n<p style=\"text-align: center;\"><span style=\"font-family: arial, helvetica, sans-serif; font-size: medium;\">Da ist klar, dass unsere gesammelten Topbonus Meilen f\u00fcr Business Upgrades reichen.<\/span><\/p>\n<p style=\"text-align: center;\"><span style=\"font-family: arial, helvetica, sans-serif; font-size: medium;\">Eines der wenigen US-Ziele, die Air Berlin von uns aus direkt anfliegt ist Chicago.<\/span><\/p>\n<p style=\"text-align: center;\"><span style=\"font-family: arial, helvetica, sans-serif; font-size: medium;\">Die Metropole am Michigan Lake hat uns schon eine ganze Weile gereizt <\/span><\/p>\n<p style=\"text-align: center;\"><span style=\"font-family: arial, helvetica, sans-serif; font-size: medium;\">und eine Tour von dort zu planen sollte kein Problem sein.<\/span><\/p>\n<p style=\"text-align: center;\"><span style=\"font-family: arial, helvetica, sans-serif; font-size: medium;\">Am 15.9.2014 hat AB die Fl\u00fcge zu unseren Wunschterminen im September 2015 freigeschaltet.<\/span><\/p>\n<p style=\"text-align: center;\"><span style=\"font-family: arial, helvetica, sans-serif; font-size: medium;\">Also sitze ich morgens vor der AB Eingabemaske mit der Topbonus-Hotline am Telefon.<\/span><\/p>\n<p style=\"text-align: center;\"><span style=\"font-family: arial, helvetica, sans-serif; font-size: medium;\">Bevor ich den finalen Buchungs-Klick setze, best\u00e4tigt mir die Hotleinerin, dass Upgrades verf\u00fcgbar sind.<\/span><\/p>\n<p style=\"text-align: center;\"><span style=\"font-family: arial, helvetica, sans-serif; font-size: medium;\">Nach der Buchung 5 lange Sekunden auf die Best\u00e4tigungsnummer warten, <\/span><\/p>\n<p style=\"text-align: center;\"><span style=\"font-family: arial, helvetica, sans-serif; font-size: medium;\">diese telefonisch durchgeben, Fl\u00fcge upgraden, Sitzpl\u00e4tze aussuchen, fertig.<\/span><\/p>\n<p style=\"text-align: center;\"><span style=\"font-family: arial, helvetica, sans-serif; font-size: medium;\">Hurra, wir fliegen Business!<\/span><\/p>\n<p style=\"text-align: center;\"><span style=\"font-family: arial, helvetica, sans-serif; font-size: medium;\">Etwa ein Jahr sp\u00e4ter ist es dann soweit.<\/span><\/p>\n<p style=\"text-align: center;\"><span style=\"font-family: arial, helvetica, sans-serif; font-size: medium;\">Genug Zeit, sich um Mietwagen und Unterk\u00fcnfte zu k\u00fcmmern.<\/span><\/p>\n<p style=\"text-align: center;\"><span style=\"font-family: arial, helvetica, sans-serif; font-size: medium;\">Aus dem urspr\u00fcnglichen Plan ist eine unserer l\u00e4ngsten Touren geworden.<\/span><\/p>\n<p style=\"text-align: center;\"><span style=\"font-family: arial, helvetica, sans-serif; font-size: medium;\">Wir werden Chicago schnell verlassen und entlang des Mississippi bis nach New Orleans reisen.<\/span><\/p>\n<p style=\"text-align: center;\"><span style=\"font-family: arial, helvetica, sans-serif; font-size: medium;\">Dann an der Golfk\u00fcste bis ins n\u00f6rdliche Florida.<\/span><\/p>\n<p style=\"text-align: center;\"><span style=\"font-family: arial, helvetica, sans-serif; font-size: medium;\">Der weitere Weg wird uns durch Georgia bis in die s\u00fcdlichen Appalachen f\u00fchren.<\/span><\/p>\n<p style=\"text-align: center;\"><span style=\"font-family: arial, helvetica, sans-serif; font-size: medium;\">Von dort aus werden wir einige Tage in Tennessee verbringen.<\/span><\/p>\n<p style=\"text-align: center;\"><span style=\"font-family: arial, helvetica, sans-serif; font-size: medium;\">Um schlie\u00dflich via Kentucky und Indiana wieder an den Ursprung unserer Tour zur\u00fcckzukehren.<\/span><\/p>\n<p style=\"text-align: center;\">\u00a0<\/p>\n<p style=\"text-align: center;\"><span style=\"font-family: arial, helvetica, sans-serif; font-size: medium;\"><a href=\"https:\/\/welcome-ontour.de\/wordpress\/wp-content\/uploads\/2015\/12\/phoca_thumb_l_2015-08-27-prolog-02-map.jpg\" target=\"_blank\" rel=\"noopener noreferrer\"><img decoding=\"async\" class=\" size-full wp-image-7647\" style=\"border: 3px solid black;\" title=\"Route\" src=\"https:\/\/welcome-ontour.de\/wordpress\/wp-content\/uploads\/2015\/12\/phoca_thumb_l_2015-08-27-prolog-02-map.jpg\" width=\"500\" height=\"425\" border=\"0\" srcset=\"https:\/\/welcome-ontour.de\/wordpress\/wp-content\/uploads\/2015\/12\/phoca_thumb_l_2015-08-27-prolog-02-map.jpg 802w, https:\/\/welcome-ontour.de\/wordpress\/wp-content\/uploads\/2015\/12\/phoca_thumb_l_2015-08-27-prolog-02-map-300x255.jpg 300w, https:\/\/welcome-ontour.de\/wordpress\/wp-content\/uploads\/2015\/12\/phoca_thumb_l_2015-08-27-prolog-02-map-768x653.jpg 768w\" sizes=\"(max-width: 500px) 100vw, 500px\" \/><\/a><\/span><\/p>\n<p style=\"text-align: center;\">\u00a0<span style=\"font-size: x-small;\">Karte erstellt mit <a href=\"http:\/\/www.primap.com\/wsde\/index.html\" target=\"_blank\" rel=\"noopener noreferrer\">mapcreator<\/a><\/span><\/p>\n<p style=\"text-align: center;\"><span style=\"font-size: x-small;\">\u00a0<\/span><\/p>\n<p style=\"text-align: center;\"><span style=\"font-family: arial, helvetica, sans-serif; font-size: medium;\">An den meisten Orten bleiben wir mehrere N\u00e4chte und zum Abschluss <\/span><\/p>\n<p style=\"text-align: center;\"><span style=\"font-family: arial, helvetica, sans-serif; font-size: medium;\">haben wir uns noch ein paar\u00a0 der insgesamt 25 Tage f\u00fcr Chicago aufgehoben.<\/span><\/p>\n<p style=\"text-align: center;\"><span style=\"font-family: arial, helvetica, sans-serif; font-size: medium;\">Wettertechnisch erwarten wir gr\u00f6\u00dftenteils schw\u00fcle Sommerhitze.<\/span><\/p>\n<p style=\"text-align: center;\"><span style=\"font-family: arial, helvetica, sans-serif; font-size: medium;\">Alle Quartiere sind fest und ohne Stornom\u00f6glichkeit gebucht.<\/span><\/p>\n<p style=\"text-align: center;\"><span style=\"font-family: arial, helvetica, sans-serif; font-size: medium;\">Als Mietwagen haben wir uns f\u00fcr einen Midsize SUV entschieden.<\/span><\/p>\n<p style=\"text-align: center;\"><span style=\"font-family: arial, helvetica, sans-serif; font-size: medium;\">\u00a0<\/span><\/p>\n<p style=\"text-align: center;\"><span style=\"font-family: arial, helvetica, sans-serif; font-size: medium;\">Einen Tag vor Abreise bin ich dienstlich noch im tiefsten Sachsen, fernab der Heimat.<\/span><\/p>\n<p style=\"text-align: center;\"><span style=\"font-family: arial, helvetica, sans-serif; font-size: medium;\">Kann aber 24h vor Abflug den Web Check In erledigen und die Bordkarten ausdrucken.<\/span><\/p>\n<p style=\"text-align: center;\"><span style=\"font-family: arial, helvetica, sans-serif; font-size: medium;\">Was man hat, das hat man!<\/span><\/p>\n<p style=\"text-align: center;\"><span style=\"font-family: arial, helvetica, sans-serif; font-size: medium;\">Nach drei schnellen Autobahnstunden bin ich abends um sieben zu Hause.<\/span><\/p>\n<p style=\"text-align: center;\"><span style=\"font-family: arial, helvetica, sans-serif; font-size: medium;\">Klamotten und Papiere zusammengepackt, ne M\u00fctze Schlaf und ab zum Airport nach Tegel.<\/span><\/p>\n<p style=\"text-align: center;\"><span style=\"font-family: arial, helvetica, sans-serif; font-size: medium;\">\u00a0<\/span><\/p>\n<p style=\"text-align: center;\"><span style=\"font-family: arial, helvetica, sans-serif; font-size: small;\"><a href=\"https:\/\/welcome-ontour.de\/wordpress\/index.php\/reiseberichte\/\">&lt;Reiseberichte<\/a>\u00a0 \u00a0 \u00a0 \u00a0 \u00a0 \u00a0 \u00a0 \u00a0 \u00a0 \u00a0 \u00a0 \u00a0 \u00a0 \u00a0 \u00a0 \u00a0 \u00a0 \u00a0 \u00a0 \u00a0 \u00a0 \u00a0 \u00a0 \u00a0 \u00a0 \u00a0 \u00a0 \u00a0 \u00a0 \u00a0 \u00a0 \u00a0 \u00a0 \u00a0 \u00a0 \u00a0 \u00a0 \u00a0 \u00a0 \u00a0 \u00a0 \u00a0 \u00a0 \u00a0 \u00a0 \u00a0 \u00a0 \u00a0 \u00a0 \u00a0 \u00a0 \u00a0 \u00a0 \u00a0 \u00a0 \u00a0 \u00a0 \u00a0 \u00a0 \u00a0 \u00a0 \u00a0 \u00a0 \u00a0 \u00a0 \u00a0 \u00a0 \u00a0 \u00a0 \u00a0 \u00a0 \u00a0 \u00a0 \u00a0 \u00a0 \u00a0 \u00a0 \u00a0 \u00a0 \u00a0 \u00a0 \u00a0 \u00a0 \u00a0 \u00a0 \u00a0 \u00a0 \u00a0 \u00a0 \u00a0 \u00a0 \u00a0 \u00a0 \u00a0 \u00a0 \u00a0 \u00a0\u00a0\u00a0<a href=\"https:\/\/welcome-ontour.de\/wordpress\/index.php\/2015-08-28\/\">weiter&gt;<\/a><\/span><\/p>\n","protected":false},"excerpt":{"rendered":"<p>prolog \u00a0 \u00a0hinflug \u00a0 \u00a0st.louis \u00a0 \u00a0memphis \u00a0 \u00a0mississippi \u00a0 \u00a0new orleans \u00a0 \u00a0pensacola \u00a0 \u00a0tallahassee \u00a0 \u00a0macon \u00a0 \u00a0asheville \u00a0 \u00a0chattanooga \u00a0 \u00a0nashville \u00a0 \u00a0kentucky \u00a0 \u00a0indianapolis \u00a0 \u00a0chicago \u00a0 \u00a0r\u00fcckflug \u00a0 \u00a0fazit \u00a0 &lt;Reiseberichte\u00a0 \u00a0 \u00a0 \u00a0 \u00a0 \u00a0 \u00a0 \u00a0 \u00a0 \u00a0 \u00a0 \u00a0 \u00a0 \u00a0 \u00a0 \u00a0 \u00a0 \u00a0 \u00a0 \u00a0 \u00a0 \u00a0 \u00a0 \u00a0 \u00a0 \u00a0 \u00a0 \u00a0 \u00a0 \u00a0 \u00a0 \u00a0 \u00a0 \u00a0 \u00a0 \u00a0 \u00a0 \u00a0 \u00a0 \u00a0 \u00a0 \u00a0 \u00a0 \u00a0 \u00a0 \u00a0 \u00a0 \u00a0 \u00a0 \u00a0 \u00a0 \u00a0 \u00a0 \u00a0 \u00a0 \u00a0 \u00a0 \u00a0 \u00a0 \u00a0 \u00a0 \u00a0 \u00a0 \u00a0 \u00a0 \u00a0 \u00a0 \u00a0 \u00a0 \u00a0 \u00a0 \u00a0 \u00a0 \u00a0 \u00a0 \u00a0 \u00a0 \u00a0 \u00a0 \u00a0 \u00a0 \u00a0 \u00a0 \u00a0 \u00a0 \u00a0 \u00a0 \u00a0 \u00a0 \u00a0 \u00a0 \u00a0 \u00a0 \u00a0 \u00a0 \u00a0 \u00a0\u00a0\u00a0weiter&gt; \u00a0 Highway Star \u2013 USA 2015 \u00a0 \u00a0 Prolog \u00a0 Die Reise beginnt eigentlich bereits im September 2014. Da ist klar, dass unsere gesammelten Topbonus Meilen f\u00fcr Business Upgrades reichen. Eines der wenigen US-Ziele, die Air Berlin von uns aus direkt anfliegt ist Chicago. Die Metropole am Michigan Lake hat uns schon eine ganze Weile gereizt und eine Tour von dort zu planen sollte kein Problem sein. Am 15.9.2014 hat AB die Fl\u00fcge zu unseren Wunschterminen im September 2015 freigeschaltet. Also sitze ich morgens vor der AB Eingabemaske mit der Topbonus-Hotline am Telefon. Bevor ich den finalen Buchungs-Klick setze, best\u00e4tigt mir die Hotleinerin, dass Upgrades verf\u00fcgbar sind. Nach der Buchung 5 lange Sekunden auf die Best\u00e4tigungsnummer warten, diese telefonisch durchgeben, Fl\u00fcge upgraden, Sitzpl\u00e4tze aussuchen, fertig. Hurra, wir fliegen Business! Etwa ein Jahr sp\u00e4ter ist es dann soweit. Genug Zeit, sich um Mietwagen und Unterk\u00fcnfte zu k\u00fcmmern. Aus dem urspr\u00fcnglichen Plan ist eine unserer l\u00e4ngsten Touren geworden. Wir werden Chicago schnell verlassen und entlang des Mississippi bis nach New Orleans reisen. Dann an der Golfk\u00fcste bis ins n\u00f6rdliche Florida. Der weitere Weg wird uns durch Georgia bis in die s\u00fcdlichen Appalachen f\u00fchren. Von dort aus werden wir einige Tage in Tennessee verbringen. Um schlie\u00dflich via Kentucky und Indiana wieder an den Ursprung unserer Tour zur\u00fcckzukehren. \u00a0 \u00a0Karte erstellt mit mapcreator \u00a0 An den meisten Orten bleiben wir mehrere N\u00e4chte und zum Abschluss haben wir uns noch ein paar\u00a0 der insgesamt 25 Tage f\u00fcr Chicago aufgehoben. Wettertechnisch erwarten wir gr\u00f6\u00dftenteils schw\u00fcle Sommerhitze. Alle Quartiere sind fest und ohne Stornom\u00f6glichkeit gebucht. Als Mietwagen haben wir uns f\u00fcr einen Midsize SUV entschieden. \u00a0 Einen Tag vor Abreise bin ich dienstlich noch im tiefsten Sachsen, fernab der Heimat. Kann aber 24h vor Abflug den Web Check In erledigen und die Bordkarten ausdrucken. Was man hat, das hat man! Nach drei schnellen Autobahnstunden bin ich abends um sieben zu Hause. Klamotten und Papiere zusammengepackt, ne M\u00fctze Schlaf und ab zum Airport nach Tegel. \u00a0 &lt;Reiseberichte\u00a0 \u00a0 \u00a0 \u00a0 \u00a0 \u00a0 \u00a0 \u00a0 \u00a0 \u00a0 \u00a0 \u00a0 \u00a0 \u00a0 \u00a0 \u00a0 \u00a0 \u00a0 \u00a0 \u00a0 \u00a0 \u00a0 \u00a0 \u00a0 \u00a0 \u00a0 \u00a0 \u00a0 \u00a0 \u00a0 \u00a0 \u00a0 \u00a0 \u00a0 \u00a0 \u00a0 \u00a0 \u00a0 \u00a0 \u00a0 \u00a0 \u00a0 \u00a0 \u00a0 \u00a0 \u00a0 \u00a0 \u00a0 \u00a0 \u00a0 \u00a0 \u00a0 \u00a0 \u00a0 \u00a0 \u00a0 \u00a0 \u00a0 \u00a0 \u00a0 \u00a0 \u00a0 \u00a0 \u00a0 \u00a0 \u00a0 \u00a0 \u00a0 \u00a0 \u00a0 \u00a0 \u00a0 \u00a0 \u00a0 \u00a0 \u00a0 \u00a0 \u00a0 \u00a0 \u00a0 \u00a0 \u00a0 \u00a0 \u00a0 \u00a0 \u00a0 \u00a0 \u00a0 \u00a0 \u00a0 \u00a0 \u00a0 \u00a0 \u00a0 \u00a0 \u00a0 \u00a0\u00a0\u00a0weiter&gt;<\/p>\n","protected":false},"author":1,"featured_media":1602,"parent":0,"menu_order":32,"comment_status":"closed","ping_status":"closed","template":"","meta":{"footnotes":""},"class_list":["post-7648","page","type-page","status-publish","has-post-thumbnail","hentry"],"_links":{"self":[{"href":"https:\/\/welcome-ontour.de\/wordpress\/index.php\/wp-json\/wp\/v2\/pages\/7648","targetHints":{"allow":["GET"]}}],"collection":[{"href":"https:\/\/welcome-ontour.de\/wordpress\/index.php\/wp-json\/wp\/v2\/pages"}],"about":[{"href":"https:\/\/welcome-ontour.de\/wordpress\/index.php\/wp-json\/wp\/v2\/types\/page"}],"author":[{"embeddable":true,"href":"https:\/\/welcome-ontour.de\/wordpress\/index.php\/wp-json\/wp\/v2\/users\/1"}],"replies":[{"embeddable":true,"href":"https:\/\/welcome-ontour.de\/wordpress\/index.php\/wp-json\/wp\/v2\/comments?post=7648"}],"version-history":[{"count":1,"href":"https:\/\/welcome-ontour.de\/wordpress\/index.php\/wp-json\/wp\/v2\/pages\/7648\/revisions"}],"predecessor-version":[{"id":14913,"href":"https:\/\/welcome-ontour.de\/wordpress\/index.php\/wp-json\/wp\/v2\/pages\/7648\/revisions\/14913"}],"wp:featuredmedia":[{"embeddable":true,"href":"https:\/\/welcome-ontour.de\/wordpress\/index.php\/wp-json\/wp\/v2\/media\/1602"}],"wp:attachment":[{"href":"https:\/\/welcome-ontour.de\/wordpress\/index.php\/wp-json\/wp\/v2\/media?parent=7648"}],"curies":[{"name":"wp","href":"https:\/\/api.w.org\/{rel}","templated":true}]}}