{"id":7617,"date":"2015-02-17T12:22:53","date_gmt":"2015-02-17T12:22:53","guid":{"rendered":"https:\/\/welcome-ontour.de\/wordpress\/index.php\/2015-02-05\/"},"modified":"2022-06-30T23:06:18","modified_gmt":"2022-06-30T23:06:18","slug":"2015-02-05","status":"publish","type":"page","link":"https:\/\/welcome-ontour.de\/wordpress\/index.php\/2015-02-05\/","title":{"rendered":"2015 02 05"},"content":{"rendered":"<p style=\"text-align: center;\"><span style=\"font-family: arial, helvetica, sans-serif; font-size: 8pt;\"><a href=\"https:\/\/welcome-ontour.de\/wordpress\/index.php\/2015-01-17-prolog\/\">Prolog<\/a>\u00a0 \u00a0 \u00a0 \u00a0 <a href=\"https:\/\/welcome-ontour.de\/wordpress\/index.php\/2015-01-18\/\">Hinflug<\/a> \u00a0 \u00a0 \u00a0 \u00a0<a href=\"https:\/\/welcome-ontour.de\/wordpress\/index.php\/2015-01-19\/\">Keys<\/a> \u00a0 \u00a0 \u00a0 \u00a0<a href=\"https:\/\/welcome-ontour.de\/wordpress\/index.php\/2015-01-20\/\">Miami<\/a> \u00a0 \u00a0 \u00a0 \u00a0<a href=\"https:\/\/welcome-ontour.de\/wordpress\/index.php\/2015-01-22\/\">70.000(1)<\/a> \u00a0 \u00a0 \u00a0 \u00a0<a href=\"https:\/\/welcome-ontour.de\/wordpress\/index.php\/2015-01-24\/\">Jamaica<\/a> \u00a0 \u00a0 \u00a0 \u00a0<a href=\"https:\/\/welcome-ontour.de\/wordpress\/index.php\/2015-01-25\/\">70.000(2)<\/a> \u00a0 \u00a0 \u00a0 \u00a0<a href=\"https:\/\/welcome-ontour.de\/wordpress\/index.php\/2015-01-26\/\">Puerto Rico<\/a> \u00a0 \u00a0 \u00a0 \u00a0<a href=\"https:\/\/welcome-ontour.de\/wordpress\/index.php\/2015-02-06\/\">R\u00fcckflug<\/a> \u00a0 \u00a0 \u00a0 \u00a0<a href=\"https:\/\/welcome-ontour.de\/wordpress\/index.php\/2015-02-08-fazit\/\">Fazit<\/a><\/span><span style=\"font-family: arial, helvetica, sans-serif; font-size: x-small;\">\u00a0<\/span><\/p>\n<p style=\"text-align: center;\"><span style=\"font-size: 10pt;\"><span style=\"font-family: arial, helvetica, sans-serif;\"><a href=\"https:\/\/welcome-ontour.de\/wordpress\/index.php\/2015-02-04\">&lt;&lt; Zur\u00fcck<\/a>\u00a0 \u00a0 \u00a0 \u00a0 \u00a0 \u00a0 \u00a0 \u00a0 \u00a0 \u00a0 \u00a0 \u00a0 \u00a0 \u00a0 \u00a0 \u00a0 \u00a0 \u00a0 \u00a0 \u00a0 \u00a0 \u00a0 \u00a0 \u00a0 \u00a0 \u00a0 \u00a0 \u00a0 \u00a0 \u00a0 \u00a0 \u00a0 \u00a0 \u00a0 \u00a0 \u00a0 \u00a0 \u00a0 \u00a0 \u00a0 \u00a0 \u00a0 \u00a0 \u00a0 \u00a0 \u00a0 \u00a0 \u00a0 \u00a0 \u00a0 \u00a0 \u00a0 \u00a0 \u00a0 \u00a0 \u00a0 \u00a0 \u00a0 \u00a0 \u00a0 \u00a0 \u00a0 \u00a0 \u00a0 \u00a0 \u00a0 \u00a0 \u00a0 \u00a0 \u00a0 \u00a0 \u00a0 \u00a0 \u00a0 \u00a0 \u00a0 \u00a0 \u00a0 \u00a0 \u00a0 \u00a0 \u00a0 \u00a0 \u00a0 \u00a0 \u00a0 \u00a0 \u00a0 \u00a0 \u00a0 \u00a0 \u00a0 \u00a0 \u00a0 \u00a0 \u00a0 \u00a0<\/span><a href=\"https:\/\/welcome-ontour.de\/wordpress\/index.php\/2015-02-06\"><span style=\"font-family: arial, helvetica, sans-serif; line-height: 1.3em;\">Weiter &gt;&gt;<\/span><\/a><\/span><\/p>\n<p style=\"text-align: center;\"><strong><span style=\"font-family: arial, helvetica, sans-serif; font-size: medium;\">\u00a0<\/span><\/strong><\/p>\n<p style=\"text-align: center;\"><strong><span style=\"font-family: arial, helvetica, sans-serif; font-size: medium;\">Do 5.2.<\/span><\/strong><\/p>\n<p style=\"text-align: center;\"><strong><span style=\"font-family: arial, helvetica, sans-serif; font-size: medium;\">\u00a0<\/span><\/strong><\/p>\n<p style=\"text-align: center;\"><strong><span style=\"font-family: arial, helvetica, sans-serif; font-size: medium;\">Isla Verde<\/span><\/strong><\/p>\n<p style=\"text-align: center;\"><span style=\"font-family: arial, helvetica, sans-serif; font-size: medium;\">\u00a0<\/span><\/p>\n<p style=\"text-align: center;\"><span style=\"font-family: arial, helvetica, sans-serif; font-size: medium;\">In den komfortablen Betten schlafen wir wunderbar und lange.<\/span><\/p>\n<p style=\"text-align: center;\"><span style=\"font-family: arial, helvetica, sans-serif; font-size: medium;\">Es ist zwar etwas Flugl\u00e4rm vom naheliegenden Airport zu h\u00f6ren, aber besonders gest\u00f6rt f\u00fchlen wir uns nicht.<\/span><\/p>\n<p style=\"text-align: center;\"><span style=\"font-family: arial, helvetica, sans-serif; font-size: medium;\">Fr\u00fchst\u00fcck gibt\u2019s gegen\u00fcber im Marketplace Restaurant.<\/span><\/p>\n<p style=\"text-align: center;\"><span style=\"font-family: arial, helvetica, sans-serif; font-size: medium;\">F\u00fcr 20$ Sunny Side Ups mit Bacon, Potatoes, Toast, scharfer Salsa und starkem Kaffee.<\/span><\/p>\n<p style=\"text-align: center;\"><span style=\"font-family: arial, helvetica, sans-serif; font-size: medium;\">Fr\u00fch um neun sind es schon wieder 30\u00b0C.<\/span><\/p>\n<p style=\"text-align: center;\"><span style=\"font-family: arial, helvetica, sans-serif; font-size: medium;\">\u00a0<\/span><\/p>\n<p style=\"text-align: center;\"><span style=\"font-family: arial, helvetica, sans-serif; font-size: medium;\"><a style=\"font-size: 12.1599998474121px; line-height: 1.3em;\" href=\"https:\/\/welcome-ontour.de\/wordpress\/wp-content\/uploads\/2015\/02\/phoca_thumb_l_2015-02-05-01-img_2779.jpg\" target=\"_blank\" rel=\"noopener noreferrer\"><img decoding=\"async\" class=\" size-full wp-image-7600\" title=\"Hotel\" src=\"https:\/\/welcome-ontour.de\/wordpress\/wp-content\/uploads\/2015\/02\/phoca_thumb_l_2015-02-05-01-img_2779.jpg\" width=\"400\" height=\"301\" border=\"0\" srcset=\"https:\/\/welcome-ontour.de\/wordpress\/wp-content\/uploads\/2015\/02\/phoca_thumb_l_2015-02-05-01-img_2779.jpg 600w, https:\/\/welcome-ontour.de\/wordpress\/wp-content\/uploads\/2015\/02\/phoca_thumb_l_2015-02-05-01-img_2779-300x226.jpg 300w\" sizes=\"(max-width: 400px) 100vw, 400px\" \/><\/a><span style=\"line-height: 1.3em;\">\u00a0 <\/span><a style=\"font-size: 12.1599998474121px; line-height: 1.3em;\" href=\"https:\/\/welcome-ontour.de\/wordpress\/wp-content\/uploads\/2015\/02\/phoca_thumb_l_2015-02-05-02-img_2780.jpg\" target=\"_blank\" rel=\"noopener noreferrer\"><img decoding=\"async\" class=\" size-full wp-image-7601\" title=\"Hotel\" src=\"https:\/\/welcome-ontour.de\/wordpress\/wp-content\/uploads\/2015\/02\/phoca_thumb_l_2015-02-05-02-img_2780.jpg\" width=\"400\" height=\"301\" border=\"0\" srcset=\"https:\/\/welcome-ontour.de\/wordpress\/wp-content\/uploads\/2015\/02\/phoca_thumb_l_2015-02-05-02-img_2780.jpg 600w, https:\/\/welcome-ontour.de\/wordpress\/wp-content\/uploads\/2015\/02\/phoca_thumb_l_2015-02-05-02-img_2780-300x226.jpg 300w\" sizes=\"(max-width: 400px) 100vw, 400px\" \/><\/a><\/span><\/p>\n<p style=\"text-align: center;\"><span style=\"font-family: arial, helvetica, sans-serif; font-size: medium;\">\u00a0<\/span><\/p>\n<p style=\"text-align: center;\"><span style=\"font-family: arial, helvetica, sans-serif; font-size: medium;\">Da zieht es uns magnetisch an den Strand <\/span><\/p>\n<p style=\"text-align: center;\"><span style=\"font-family: arial, helvetica, sans-serif; font-size: medium;\">und der l\u00e4sst uns an unserem letzten richtigen Puerto Rico Tag auch nicht mehr los.<\/span><\/p>\n<p style=\"text-align: center;\"><span style=\"font-family: arial, helvetica, sans-serif; font-size: medium;\">\u00a0<\/span><\/p>\n<p style=\"text-align: center;\"><span style=\"font-family: arial, helvetica, sans-serif; font-size: medium;\"><a href=\"https:\/\/welcome-ontour.de\/wordpress\/wp-content\/uploads\/2015\/02\/phoca_thumb_l_2015-02-05-03-img_2789.jpg\" target=\"_blank\" rel=\"noopener noreferrer\"><img decoding=\"async\" class=\" size-full wp-image-7602\" title=\"Beach\" src=\"https:\/\/welcome-ontour.de\/wordpress\/wp-content\/uploads\/2015\/02\/phoca_thumb_l_2015-02-05-03-img_2789.jpg\" width=\"400\" height=\"301\" border=\"0\" srcset=\"https:\/\/welcome-ontour.de\/wordpress\/wp-content\/uploads\/2015\/02\/phoca_thumb_l_2015-02-05-03-img_2789.jpg 600w, https:\/\/welcome-ontour.de\/wordpress\/wp-content\/uploads\/2015\/02\/phoca_thumb_l_2015-02-05-03-img_2789-300x226.jpg 300w\" sizes=\"(max-width: 400px) 100vw, 400px\" \/><\/a>\u00a0 <a href=\"https:\/\/welcome-ontour.de\/wordpress\/wp-content\/uploads\/2015\/02\/phoca_thumb_l_2015-02-05-04-img_2790.jpg\" target=\"_blank\" rel=\"noopener noreferrer\"><img decoding=\"async\" class=\" size-full wp-image-7603\" title=\"Beach\" src=\"https:\/\/welcome-ontour.de\/wordpress\/wp-content\/uploads\/2015\/02\/phoca_thumb_l_2015-02-05-04-img_2790.jpg\" width=\"400\" height=\"301\" border=\"0\" srcset=\"https:\/\/welcome-ontour.de\/wordpress\/wp-content\/uploads\/2015\/02\/phoca_thumb_l_2015-02-05-04-img_2790.jpg 600w, https:\/\/welcome-ontour.de\/wordpress\/wp-content\/uploads\/2015\/02\/phoca_thumb_l_2015-02-05-04-img_2790-300x226.jpg 300w\" sizes=\"(max-width: 400px) 100vw, 400px\" \/><\/a><\/span><\/p>\n<p style=\"text-align: center;\"><span style=\"font-family: arial, helvetica, sans-serif; font-size: medium;\"><img decoding=\"async\" class=\" size-full wp-image-7604\" title=\"Beach\" src=\"https:\/\/welcome-ontour.de\/wordpress\/wp-content\/uploads\/2015\/02\/phoca_thumb_l_2015-02-05-05-img_2806.jpg\" width=\"400\" height=\"301\" border=\"0\" \/>\u00a0 <img decoding=\"async\" class=\" size-full wp-image-7605\" title=\"Beach\" src=\"https:\/\/welcome-ontour.de\/wordpress\/wp-content\/uploads\/2015\/02\/phoca_thumb_l_2015-02-05-06-img_2797.jpg\" width=\"400\" height=\"301\" border=\"0\" \/><\/span><\/p>\n<p style=\"text-align: center;\"><span style=\"font-family: arial, helvetica, sans-serif; font-size: medium;\"><a href=\"https:\/\/welcome-ontour.de\/wordpress\/wp-content\/uploads\/2015\/02\/phoca_thumb_l_2015-02-05-07-img_2837.jpg\" target=\"_blank\" rel=\"noopener noreferrer\"><img decoding=\"async\" class=\" size-full wp-image-7606\" title=\"Beach\" src=\"https:\/\/welcome-ontour.de\/wordpress\/wp-content\/uploads\/2015\/02\/phoca_thumb_l_2015-02-05-07-img_2837.jpg\" width=\"400\" height=\"301\" border=\"0\" \/><\/a>\u00a0 <img decoding=\"async\" class=\" size-full wp-image-7607\" title=\"Happy Together!\" src=\"https:\/\/welcome-ontour.de\/wordpress\/wp-content\/uploads\/2015\/02\/phoca_thumb_l_2015-02-05-08-img_2834.jpg\" width=\"400\" height=\"301\" border=\"0\" srcset=\"https:\/\/welcome-ontour.de\/wordpress\/wp-content\/uploads\/2015\/02\/phoca_thumb_l_2015-02-05-08-img_2834.jpg 1331w, https:\/\/welcome-ontour.de\/wordpress\/wp-content\/uploads\/2015\/02\/phoca_thumb_l_2015-02-05-08-img_2834-300x225.jpg 300w, https:\/\/welcome-ontour.de\/wordpress\/wp-content\/uploads\/2015\/02\/phoca_thumb_l_2015-02-05-08-img_2834-1024x769.jpg 1024w, https:\/\/welcome-ontour.de\/wordpress\/wp-content\/uploads\/2015\/02\/phoca_thumb_l_2015-02-05-08-img_2834-768x577.jpg 768w\" sizes=\"(max-width: 400px) 100vw, 400px\" \/><\/span><\/p>\n<p style=\"text-align: center;\"><span style=\"font-family: arial, helvetica, sans-serif; font-size: medium;\">\u00a0<\/span><\/p>\n<p style=\"text-align: center;\"><span style=\"font-family: arial, helvetica, sans-serif; font-size: medium;\"><a href=\"https:\/\/welcome-ontour.de\/wordpress\/wp-content\/uploads\/2015\/02\/phoca_thumb_l_2015-02-05-09-img_2841.jpg\" target=\"_blank\" rel=\"noopener noreferrer\"><img decoding=\"async\" class=\" size-full wp-image-7608\" title=\"Sunset\" src=\"https:\/\/welcome-ontour.de\/wordpress\/wp-content\/uploads\/2015\/02\/phoca_thumb_l_2015-02-05-09-img_2841.jpg\" width=\"810\" height=\"609\" border=\"0\" srcset=\"https:\/\/welcome-ontour.de\/wordpress\/wp-content\/uploads\/2015\/02\/phoca_thumb_l_2015-02-05-09-img_2841.jpg 1331w, https:\/\/welcome-ontour.de\/wordpress\/wp-content\/uploads\/2015\/02\/phoca_thumb_l_2015-02-05-09-img_2841-300x225.jpg 300w, https:\/\/welcome-ontour.de\/wordpress\/wp-content\/uploads\/2015\/02\/phoca_thumb_l_2015-02-05-09-img_2841-1024x769.jpg 1024w, https:\/\/welcome-ontour.de\/wordpress\/wp-content\/uploads\/2015\/02\/phoca_thumb_l_2015-02-05-09-img_2841-768x577.jpg 768w\" sizes=\"(max-width: 810px) 100vw, 810px\" \/><\/a><\/span><\/p>\n<p style=\"text-align: center;\"><span style=\"font-family: arial, helvetica, sans-serif; font-size: medium;\">\u00a0<\/span><\/p>\n<p style=\"text-align: center;\"><span style=\"font-family: arial, helvetica, sans-serif; font-size: medium;\">Zum Abend gehen wir ins <a href=\"http:\/\/metropolrestaurant.com\/\" target=\"_blank\" rel=\"noopener noreferrer\">Metropol Restaurant<\/a> gleich neben der Hahnenkampfarena.<\/span><\/p>\n<p style=\"text-align: center;\"><span style=\"font-family: arial, helvetica, sans-serif; font-size: medium;\">Das kubanische Essen schmeckt hervorragend.<\/span><\/p>\n<p style=\"text-align: center;\"><span style=\"font-family: arial, helvetica, sans-serif; font-size: medium;\">\u00a0<\/span><\/p>\n<p style=\"text-align: center;\"><span style=\"font-family: arial, helvetica, sans-serif; font-size: medium;\"><img decoding=\"async\" class=\" size-full wp-image-7609\" title=\"Metropol Rest.\" src=\"https:\/\/welcome-ontour.de\/wordpress\/wp-content\/uploads\/2015\/02\/phoca_thumb_l_2015-02-05-10-img_2847.jpg\" width=\"400\" height=\"301\" border=\"0\" srcset=\"https:\/\/welcome-ontour.de\/wordpress\/wp-content\/uploads\/2015\/02\/phoca_thumb_l_2015-02-05-10-img_2847.jpg 600w, https:\/\/welcome-ontour.de\/wordpress\/wp-content\/uploads\/2015\/02\/phoca_thumb_l_2015-02-05-10-img_2847-300x226.jpg 300w\" sizes=\"(max-width: 400px) 100vw, 400px\" \/> \u00a0<img decoding=\"async\" class=\" size-full wp-image-7610\" title=\"Metropol Rest.\" src=\"https:\/\/welcome-ontour.de\/wordpress\/wp-content\/uploads\/2015\/02\/phoca_thumb_l_2015-02-05-11-img_2846.jpg\" width=\"400\" height=\"301\" border=\"0\" srcset=\"https:\/\/welcome-ontour.de\/wordpress\/wp-content\/uploads\/2015\/02\/phoca_thumb_l_2015-02-05-11-img_2846.jpg 600w, https:\/\/welcome-ontour.de\/wordpress\/wp-content\/uploads\/2015\/02\/phoca_thumb_l_2015-02-05-11-img_2846-300x226.jpg 300w\" sizes=\"(max-width: 400px) 100vw, 400px\" \/><\/span><\/p>\n<p style=\"text-align: center;\"><span style=\"font-family: arial, helvetica, sans-serif; font-size: medium;\"><a href=\"https:\/\/welcome-ontour.de\/wordpress\/wp-content\/uploads\/2015\/02\/phoca_thumb_l_2015-02-05-12-img_2850.jpg\" target=\"_blank\" rel=\"noopener noreferrer\"><img decoding=\"async\" class=\" size-full wp-image-7611\" title=\"Cuban Cuisin\" src=\"https:\/\/welcome-ontour.de\/wordpress\/wp-content\/uploads\/2015\/02\/phoca_thumb_l_2015-02-05-12-img_2850.jpg\" width=\"308\" height=\"232\" border=\"0\" srcset=\"https:\/\/welcome-ontour.de\/wordpress\/wp-content\/uploads\/2015\/02\/phoca_thumb_l_2015-02-05-12-img_2850.jpg 600w, https:\/\/welcome-ontour.de\/wordpress\/wp-content\/uploads\/2015\/02\/phoca_thumb_l_2015-02-05-12-img_2850-300x226.jpg 300w\" sizes=\"(max-width: 308px) 100vw, 308px\" \/><\/a>\u00a0 <a href=\"https:\/\/welcome-ontour.de\/wordpress\/wp-content\/uploads\/2015\/02\/phoca_thumb_l_2015-02-05-13-img_2849.jpg\" target=\"_blank\" rel=\"noopener noreferrer\"><img decoding=\"async\" class=\" size-full wp-image-7612\" title=\"Cuban Cuisin\" src=\"https:\/\/welcome-ontour.de\/wordpress\/wp-content\/uploads\/2015\/02\/phoca_thumb_l_2015-02-05-13-img_2849.jpg\" width=\"175\" height=\"232\" border=\"0\" srcset=\"https:\/\/welcome-ontour.de\/wordpress\/wp-content\/uploads\/2015\/02\/phoca_thumb_l_2015-02-05-13-img_2849.jpg 452w, https:\/\/welcome-ontour.de\/wordpress\/wp-content\/uploads\/2015\/02\/phoca_thumb_l_2015-02-05-13-img_2849-226x300.jpg 226w\" sizes=\"(max-width: 175px) 100vw, 175px\" \/><\/a>\u00a0 <a href=\"https:\/\/welcome-ontour.de\/wordpress\/wp-content\/uploads\/2015\/02\/phoca_thumb_l_2015-02-05-14-img_2854.jpg\" target=\"_blank\" rel=\"noopener noreferrer\"><img decoding=\"async\" class=\" size-full wp-image-7613\" title=\"Metropol Restaurant\" src=\"https:\/\/welcome-ontour.de\/wordpress\/wp-content\/uploads\/2015\/02\/phoca_thumb_l_2015-02-05-14-img_2854.jpg\" width=\"308\" height=\"232\" border=\"0\" srcset=\"https:\/\/welcome-ontour.de\/wordpress\/wp-content\/uploads\/2015\/02\/phoca_thumb_l_2015-02-05-14-img_2854.jpg 600w, https:\/\/welcome-ontour.de\/wordpress\/wp-content\/uploads\/2015\/02\/phoca_thumb_l_2015-02-05-14-img_2854-300x226.jpg 300w\" sizes=\"(max-width: 308px) 100vw, 308px\" \/><\/a><\/span><\/p>\n<p style=\"text-align: center;\"><span style=\"font-family: arial, helvetica, sans-serif; font-size: medium;\">\u00a0<\/span><\/p>\n<p style=\"text-align: center;\"><span style=\"font-family: arial, helvetica, sans-serif; font-size: medium;\">Dazu gibt es Happy Hour gesponsorte Cuba Libre und Mojito, danach kr\u00e4ftige Espresso.<\/span><\/p>\n<p style=\"text-align: center;\"><span style=\"font-family: arial, helvetica, sans-serif; font-size: medium;\">Im dritten Obergescho\u00df des Interconti nutzen wir das gro\u00dfe Business-Center <\/span><\/p>\n<p style=\"text-align: center;\"><span style=\"font-family: arial, helvetica, sans-serif; font-size: medium;\">und checken f\u00fcr die morgigen R\u00fcckfl\u00fcge ein.<\/span><\/p>\n<p style=\"text-align: center;\"><span style=\"font-family: arial, helvetica, sans-serif; font-size: medium;\">Die Bordkarten von American Airlines und Air Berlin k\u00f6nnen wir auch gleich ausdrucken.<\/span><\/p>\n<p style=\"text-align: center;\"><span style=\"font-family: arial, helvetica, sans-serif; font-size: medium;\">\u00a0<\/span><\/p>\n<p style=\"text-align: center;\"><span style=\"font-family: arial, helvetica, sans-serif; font-size: medium;\"><a href=\"https:\/\/welcome-ontour.de\/wordpress\/wp-content\/uploads\/2015\/02\/phoca_thumb_l_2015-02-05-15-img_2822.jpg\" target=\"_blank\" rel=\"noopener noreferrer\"><img decoding=\"async\" class=\" size-full wp-image-7614\" title=\"Puerto Rico - United States\" src=\"https:\/\/welcome-ontour.de\/wordpress\/wp-content\/uploads\/2015\/02\/phoca_thumb_l_2015-02-05-15-img_2822.jpg\" width=\"600\" height=\"451\" border=\"0\" srcset=\"https:\/\/welcome-ontour.de\/wordpress\/wp-content\/uploads\/2015\/02\/phoca_thumb_l_2015-02-05-15-img_2822.jpg 1331w, https:\/\/welcome-ontour.de\/wordpress\/wp-content\/uploads\/2015\/02\/phoca_thumb_l_2015-02-05-15-img_2822-300x225.jpg 300w, https:\/\/welcome-ontour.de\/wordpress\/wp-content\/uploads\/2015\/02\/phoca_thumb_l_2015-02-05-15-img_2822-1024x769.jpg 1024w, https:\/\/welcome-ontour.de\/wordpress\/wp-content\/uploads\/2015\/02\/phoca_thumb_l_2015-02-05-15-img_2822-768x577.jpg 768w\" sizes=\"(max-width: 600px) 100vw, 600px\" \/><\/a><\/span><\/p>\n<p style=\"text-align: center;\"><span style=\"font-family: arial, helvetica, sans-serif; font-size: medium;\">\u00a0<\/span><\/p>\n<p style=\"text-align: center;\"><span style=\"font-family: arial, helvetica, sans-serif; font-size: medium;\">Gegen neun sind wir wieder im Zimmer, packen unsere Siebensachen f\u00fcr Morgen, <\/span><\/p>\n<p style=\"text-align: center;\"><span style=\"font-family: arial, helvetica, sans-serif; font-size: medium;\">trinken den kleinen Rest Rum,\u00a0<\/span><span style=\"font-family: arial, helvetica, sans-serif; font-size: medium; line-height: 1.3em;\">bestellen einen Wake Up Call und sind um zehn in den Betten.<\/span><\/p>\n<p style=\"text-align: center;\"><span style=\"font-family: arial, helvetica, sans-serif; font-size: medium;\">\u00a0<\/span><\/p>\n<p style=\"text-align: center;\"><span style=\"font-family: arial, helvetica, sans-serif; font-size: medium;\"><img decoding=\"async\" class=\" size-full wp-image-7615\" title=\"Isla Verde\" src=\"https:\/\/welcome-ontour.de\/wordpress\/wp-content\/uploads\/2015\/02\/phoca_thumb_l_2015-02-05-16-11-450.jpg\" width=\"400\" height=\"239\" border=\"0\" srcset=\"https:\/\/welcome-ontour.de\/wordpress\/wp-content\/uploads\/2015\/02\/phoca_thumb_l_2015-02-05-16-11-450.jpg 1366w, https:\/\/welcome-ontour.de\/wordpress\/wp-content\/uploads\/2015\/02\/phoca_thumb_l_2015-02-05-16-11-450-300x179.jpg 300w, https:\/\/welcome-ontour.de\/wordpress\/wp-content\/uploads\/2015\/02\/phoca_thumb_l_2015-02-05-16-11-450-1024x612.jpg 1024w, https:\/\/welcome-ontour.de\/wordpress\/wp-content\/uploads\/2015\/02\/phoca_thumb_l_2015-02-05-16-11-450-768x459.jpg 768w\" sizes=\"(max-width: 400px) 100vw, 400px\" \/>\u00a0 <img decoding=\"async\" class=\" size-full wp-image-7616\" title=\"Isla Verde\" src=\"https:\/\/welcome-ontour.de\/wordpress\/wp-content\/uploads\/2015\/02\/phoca_thumb_l_2015-02-05-17-10-450.jpg\" width=\"300\" height=\"222\" border=\"0\" srcset=\"https:\/\/welcome-ontour.de\/wordpress\/wp-content\/uploads\/2015\/02\/phoca_thumb_l_2015-02-05-17-10-450.jpg 1158w, https:\/\/welcome-ontour.de\/wordpress\/wp-content\/uploads\/2015\/02\/phoca_thumb_l_2015-02-05-17-10-450-300x222.jpg 300w, https:\/\/welcome-ontour.de\/wordpress\/wp-content\/uploads\/2015\/02\/phoca_thumb_l_2015-02-05-17-10-450-1024x758.jpg 1024w, https:\/\/welcome-ontour.de\/wordpress\/wp-content\/uploads\/2015\/02\/phoca_thumb_l_2015-02-05-17-10-450-768x568.jpg 768w\" sizes=\"(max-width: 300px) 100vw, 300px\" \/><\/span><\/p>\n<p style=\"text-align: center;\"><span style=\"font-family: arial, helvetica, sans-serif; font-size: medium;\">\u00a0<\/span><\/p>\n<p style=\"text-align: center;\"><span style=\"font-family: arial, helvetica, sans-serif; font-size: medium;\">\u00a0<\/span><\/p>\n<p style=\"text-align: center;\"><span style=\"font-family: arial, helvetica, sans-serif; font-size: medium;\">\u00dcbernachtung: <a href=\"http:\/\/www.icsanjuanresort.com\/\" target=\"_blank\" rel=\"noopener noreferrer\">Intercontinental San Juan<\/a>, Isla Verde, Puerto Rico, $143 *****<\/span><\/p>\n<p style=\"text-align: center;\"><span style=\"font-family: arial, helvetica, sans-serif; font-size: medium;\">\u00a0<\/span><\/p>\n<p style=\"text-align: center;\"><span style=\"font-family: arial, helvetica, sans-serif; font-size: medium;\"> <span style=\"font-size: 10pt;\"><span style=\"font-family: arial, helvetica, sans-serif;\"><a href=\"https:\/\/welcome-ontour.de\/wordpress\/index.php\/2015-02-04\">&lt;&lt; Zur\u00fcck<\/a>\u00a0 \u00a0 \u00a0 \u00a0 \u00a0 \u00a0 \u00a0 \u00a0 \u00a0 \u00a0 \u00a0 \u00a0 \u00a0 \u00a0 \u00a0 \u00a0 \u00a0 \u00a0 \u00a0 \u00a0 \u00a0 \u00a0 \u00a0 \u00a0 \u00a0 \u00a0 \u00a0 \u00a0 \u00a0 \u00a0 \u00a0 \u00a0 \u00a0 \u00a0 \u00a0 \u00a0 \u00a0 \u00a0 \u00a0 \u00a0 \u00a0 \u00a0 \u00a0 \u00a0 \u00a0 \u00a0 \u00a0 \u00a0 \u00a0 \u00a0 \u00a0 \u00a0 \u00a0 \u00a0 \u00a0 \u00a0 \u00a0 \u00a0 \u00a0 \u00a0 \u00a0 \u00a0 \u00a0 \u00a0 \u00a0 \u00a0 \u00a0 \u00a0 \u00a0 \u00a0 \u00a0 \u00a0 \u00a0 \u00a0 \u00a0 \u00a0 \u00a0 \u00a0 \u00a0 \u00a0 \u00a0 \u00a0 \u00a0 \u00a0 \u00a0 \u00a0 \u00a0 \u00a0 \u00a0 \u00a0 \u00a0 \u00a0 \u00a0 \u00a0 \u00a0 \u00a0 \u00a0<\/span><a href=\"https:\/\/welcome-ontour.de\/wordpress\/index.php\/2015-02-06\"><span style=\"font-family: arial, helvetica, sans-serif; line-height: 1.3em;\">Weiter &gt;&gt;<\/span><\/a><\/span><\/span><\/p>\n","protected":false},"excerpt":{"rendered":"<p>Prolog\u00a0 \u00a0 \u00a0 \u00a0 Hinflug \u00a0 \u00a0 \u00a0 \u00a0Keys \u00a0 \u00a0 \u00a0 \u00a0Miami \u00a0 \u00a0 \u00a0 \u00a070.000(1) \u00a0 \u00a0 \u00a0 \u00a0Jamaica \u00a0 \u00a0 \u00a0 \u00a070.000(2) \u00a0 \u00a0 \u00a0 \u00a0Puerto Rico \u00a0 \u00a0 \u00a0 \u00a0R\u00fcckflug \u00a0 \u00a0 \u00a0 \u00a0Fazit\u00a0 &lt;&lt; Zur\u00fcck\u00a0 \u00a0 \u00a0 \u00a0 \u00a0 \u00a0 \u00a0 \u00a0 \u00a0 \u00a0 \u00a0 \u00a0 \u00a0 \u00a0 \u00a0 \u00a0 \u00a0 \u00a0 \u00a0 \u00a0 \u00a0 \u00a0 \u00a0 \u00a0 \u00a0 \u00a0 \u00a0 \u00a0 \u00a0 \u00a0 \u00a0 \u00a0 \u00a0 \u00a0 \u00a0 \u00a0 \u00a0 \u00a0 \u00a0 \u00a0 \u00a0 \u00a0 \u00a0 \u00a0 \u00a0 \u00a0 \u00a0 \u00a0 \u00a0 \u00a0 \u00a0 \u00a0 \u00a0 \u00a0 \u00a0 \u00a0 \u00a0 \u00a0 \u00a0 \u00a0 \u00a0 \u00a0 \u00a0 \u00a0 \u00a0 \u00a0 \u00a0 \u00a0 \u00a0 \u00a0 \u00a0 \u00a0 \u00a0 \u00a0 \u00a0 \u00a0 \u00a0 \u00a0 \u00a0 \u00a0 \u00a0 \u00a0 \u00a0 \u00a0 \u00a0 \u00a0 \u00a0 \u00a0 \u00a0 \u00a0 \u00a0 \u00a0 \u00a0 \u00a0 \u00a0 \u00a0 \u00a0Weiter &gt;&gt; \u00a0 Do 5.2. \u00a0 Isla Verde \u00a0 In den komfortablen Betten schlafen wir wunderbar und lange. Es ist zwar etwas Flugl\u00e4rm vom naheliegenden Airport zu h\u00f6ren, aber besonders gest\u00f6rt f\u00fchlen wir uns nicht. Fr\u00fchst\u00fcck gibt\u2019s gegen\u00fcber im Marketplace Restaurant. F\u00fcr 20$ Sunny Side Ups mit Bacon, Potatoes, Toast, scharfer Salsa und starkem Kaffee. Fr\u00fch um neun sind es schon wieder 30\u00b0C. \u00a0 \u00a0 \u00a0 Da zieht es uns magnetisch an den Strand und der l\u00e4sst uns an unserem letzten richtigen Puerto Rico Tag auch nicht mehr los. \u00a0 \u00a0 \u00a0 \u00a0 \u00a0 \u00a0 Zum Abend gehen wir ins Metropol Restaurant gleich neben der Hahnenkampfarena. Das kubanische Essen schmeckt hervorragend. \u00a0 \u00a0 \u00a0 \u00a0 \u00a0 Dazu gibt es Happy Hour gesponsorte Cuba Libre und Mojito, danach kr\u00e4ftige Espresso. Im dritten Obergescho\u00df des Interconti nutzen wir das gro\u00dfe Business-Center und checken f\u00fcr die morgigen R\u00fcckfl\u00fcge ein. Die Bordkarten von American Airlines und Air Berlin k\u00f6nnen wir auch gleich ausdrucken. \u00a0 \u00a0 Gegen neun sind wir wieder im Zimmer, packen unsere Siebensachen f\u00fcr Morgen, trinken den kleinen Rest Rum,\u00a0bestellen einen Wake Up Call und sind um zehn in den Betten. \u00a0 \u00a0 \u00a0 \u00a0 \u00dcbernachtung: Intercontinental San Juan, Isla Verde, Puerto Rico, $143 ***** \u00a0 &lt;&lt; Zur\u00fcck\u00a0 \u00a0 \u00a0 \u00a0 \u00a0 \u00a0 \u00a0 \u00a0 \u00a0 \u00a0 \u00a0 \u00a0 \u00a0 \u00a0 \u00a0 \u00a0 \u00a0 \u00a0 \u00a0 \u00a0 \u00a0 \u00a0 \u00a0 \u00a0 \u00a0 \u00a0 \u00a0 \u00a0 \u00a0 \u00a0 \u00a0 \u00a0 \u00a0 \u00a0 \u00a0 \u00a0 \u00a0 \u00a0 \u00a0 \u00a0 \u00a0 \u00a0 \u00a0 \u00a0 \u00a0 \u00a0 \u00a0 \u00a0 \u00a0 \u00a0 \u00a0 \u00a0 \u00a0 \u00a0 \u00a0 \u00a0 \u00a0 \u00a0 \u00a0 \u00a0 \u00a0 \u00a0 \u00a0 \u00a0 \u00a0 \u00a0 \u00a0 \u00a0 \u00a0 \u00a0 \u00a0 \u00a0 \u00a0 \u00a0 \u00a0 \u00a0 \u00a0 \u00a0 \u00a0 \u00a0 \u00a0 \u00a0 \u00a0 \u00a0 \u00a0 \u00a0 \u00a0 \u00a0 \u00a0 \u00a0 \u00a0 \u00a0 \u00a0 \u00a0 \u00a0 \u00a0 \u00a0Weiter &gt;&gt;<\/p>\n","protected":false},"author":1,"featured_media":7600,"parent":0,"menu_order":3,"comment_status":"closed","ping_status":"closed","template":"","meta":{"footnotes":""},"class_list":["post-7617","page","type-page","status-publish","has-post-thumbnail","hentry"],"_links":{"self":[{"href":"https:\/\/welcome-ontour.de\/wordpress\/index.php\/wp-json\/wp\/v2\/pages\/7617","targetHints":{"allow":["GET"]}}],"collection":[{"href":"https:\/\/welcome-ontour.de\/wordpress\/index.php\/wp-json\/wp\/v2\/pages"}],"about":[{"href":"https:\/\/welcome-ontour.de\/wordpress\/index.php\/wp-json\/wp\/v2\/types\/page"}],"author":[{"embeddable":true,"href":"https:\/\/welcome-ontour.de\/wordpress\/index.php\/wp-json\/wp\/v2\/users\/1"}],"replies":[{"embeddable":true,"href":"https:\/\/welcome-ontour.de\/wordpress\/index.php\/wp-json\/wp\/v2\/comments?post=7617"}],"version-history":[{"count":2,"href":"https:\/\/welcome-ontour.de\/wordpress\/index.php\/wp-json\/wp\/v2\/pages\/7617\/revisions"}],"predecessor-version":[{"id":17245,"href":"https:\/\/welcome-ontour.de\/wordpress\/index.php\/wp-json\/wp\/v2\/pages\/7617\/revisions\/17245"}],"wp:featuredmedia":[{"embeddable":true,"href":"https:\/\/welcome-ontour.de\/wordpress\/index.php\/wp-json\/wp\/v2\/media\/7600"}],"wp:attachment":[{"href":"https:\/\/welcome-ontour.de\/wordpress\/index.php\/wp-json\/wp\/v2\/media?parent=7617"}],"curies":[{"name":"wp","href":"https:\/\/api.w.org\/{rel}","templated":true}]}}