{"id":7484,"date":"2015-02-17T12:21:41","date_gmt":"2015-02-17T12:21:41","guid":{"rendered":"https:\/\/welcome-ontour.de\/wordpress\/index.php\/2015-01-31\/"},"modified":"2022-06-30T23:06:39","modified_gmt":"2022-06-30T23:06:39","slug":"2015-01-31","status":"publish","type":"page","link":"https:\/\/welcome-ontour.de\/wordpress\/index.php\/2015-01-31\/","title":{"rendered":"2015 01 31"},"content":{"rendered":"<p style=\"text-align: center;\"><span style=\"font-family: arial, helvetica, sans-serif; font-size: 8pt;\"><a href=\"https:\/\/welcome-ontour.de\/wordpress\/index.php\/2015-01-17-prolog\/\">Prolog<\/a>\u00a0 \u00a0 \u00a0 \u00a0 <a href=\"https:\/\/welcome-ontour.de\/wordpress\/index.php\/2015-01-18\/\">Hinflug<\/a> \u00a0 \u00a0 \u00a0 \u00a0<a href=\"https:\/\/welcome-ontour.de\/wordpress\/index.php\/2015-01-19\/\">Keys<\/a> \u00a0 \u00a0 \u00a0 \u00a0<a href=\"https:\/\/welcome-ontour.de\/wordpress\/index.php\/2015-01-20\/\">Miami<\/a> \u00a0 \u00a0 \u00a0 \u00a0<a href=\"https:\/\/welcome-ontour.de\/wordpress\/index.php\/2015-01-22\/\">70.000(1)<\/a> \u00a0 \u00a0 \u00a0 \u00a0<a href=\"https:\/\/welcome-ontour.de\/wordpress\/index.php\/2015-01-24\/\">Jamaica<\/a> \u00a0 \u00a0 \u00a0 \u00a0<a href=\"https:\/\/welcome-ontour.de\/wordpress\/index.php\/2015-01-25\/\">70.000(2)<\/a> \u00a0 \u00a0 \u00a0 \u00a0<a href=\"https:\/\/welcome-ontour.de\/wordpress\/index.php\/2015-01-26\/\">Puerto Rico<\/a> \u00a0 \u00a0 \u00a0 \u00a0<a href=\"https:\/\/welcome-ontour.de\/wordpress\/index.php\/2015-02-06\/\">R\u00fcckflug<\/a> \u00a0 \u00a0 \u00a0 \u00a0<a href=\"https:\/\/welcome-ontour.de\/wordpress\/index.php\/2015-02-08-fazit\/\">Fazit<\/a><\/span><span style=\"font-family: arial, helvetica, sans-serif; font-size: x-small;\">\u00a0<\/span><\/p>\n<p style=\"text-align: center;\"><span style=\"font-size: 10pt;\"><span style=\"font-family: arial, helvetica, sans-serif;\"><a href=\"https:\/\/welcome-ontour.de\/wordpress\/index.php\/2015-01-30\">&lt;&lt; Zur\u00fcck<\/a>\u00a0 \u00a0 \u00a0 \u00a0 \u00a0 \u00a0 \u00a0 \u00a0 \u00a0 \u00a0 \u00a0 \u00a0 \u00a0 \u00a0 \u00a0 \u00a0 \u00a0 \u00a0 \u00a0 \u00a0 \u00a0 \u00a0 \u00a0 \u00a0 \u00a0 \u00a0 \u00a0 \u00a0 \u00a0 \u00a0 \u00a0 \u00a0 \u00a0 \u00a0 \u00a0 \u00a0 \u00a0 \u00a0 \u00a0 \u00a0 \u00a0 \u00a0 \u00a0 \u00a0 \u00a0 \u00a0 \u00a0 \u00a0 \u00a0 \u00a0 \u00a0 \u00a0 \u00a0 \u00a0 \u00a0 \u00a0 \u00a0 \u00a0 \u00a0 \u00a0 \u00a0 \u00a0 \u00a0 \u00a0 \u00a0 \u00a0 \u00a0 \u00a0 \u00a0 \u00a0 \u00a0 \u00a0 \u00a0 \u00a0 \u00a0 \u00a0 \u00a0 \u00a0 \u00a0 \u00a0 \u00a0 \u00a0 \u00a0 \u00a0 \u00a0 \u00a0 \u00a0 \u00a0 \u00a0 \u00a0 \u00a0 \u00a0 \u00a0 \u00a0 \u00a0 \u00a0 \u00a0<\/span><a href=\"https:\/\/welcome-ontour.de\/wordpress\/index.php\/2015-02-01\"><span style=\"font-family: arial, helvetica, sans-serif; line-height: 1.3em;\">Weiter &gt;&gt;<\/span><\/a><\/span><\/p>\n<p style=\"text-align: center;\"><strong><span style=\"font-family: arial, helvetica, sans-serif; font-size: medium;\">Sa 31.1.<\/span><\/strong><\/p>\n<p style=\"text-align: center;\"><strong><span style=\"font-family: arial, helvetica, sans-serif; font-size: medium;\">\u00a0<\/span><\/strong><\/p>\n<p style=\"text-align: center;\"><strong><span style=\"font-family: arial, helvetica, sans-serif; font-size: medium;\">Ponce<\/span><\/strong><\/p>\n<p style=\"text-align: center;\"><span style=\"font-family: arial, helvetica, sans-serif; font-size: medium;\">\u00a0<\/span><\/p>\n<p style=\"text-align: center;\"><span style=\"font-family: arial, helvetica, sans-serif; font-size: medium;\">Wieder erwartet uns ein hei\u00dfer Tag.<\/span><\/p>\n<p style=\"text-align: center;\"><span style=\"font-family: arial, helvetica, sans-serif; font-size: medium;\">Bereits beim Balkonfr\u00fchst\u00fcck scheint die Sonne unerbittlich und es sind halb neun schon 28\u00b0.<\/span><\/p>\n<p style=\"text-align: center;\"><span style=\"font-family: arial, helvetica, sans-serif; font-size: medium;\">\u00a0<\/span><\/p>\n<p style=\"text-align: center;\"><span style=\"font-family: arial, helvetica, sans-serif; font-size: medium;\"><img decoding=\"async\" class=\" size-full wp-image-7472\" title=\"Balkonfr\u00fchst\u00fcck\" src=\"https:\/\/welcome-ontour.de\/wordpress\/wp-content\/uploads\/2015\/02\/phoca_thumb_l_2015-01-31-01-img_2093.jpg\" width=\"264\" height=\"199\" border=\"0\" srcset=\"https:\/\/welcome-ontour.de\/wordpress\/wp-content\/uploads\/2015\/02\/phoca_thumb_l_2015-01-31-01-img_2093.jpg 600w, https:\/\/welcome-ontour.de\/wordpress\/wp-content\/uploads\/2015\/02\/phoca_thumb_l_2015-01-31-01-img_2093-300x226.jpg 300w\" sizes=\"(max-width: 264px) 100vw, 264px\" \/>\u00a0 <a href=\"https:\/\/welcome-ontour.de\/wordpress\/wp-content\/uploads\/2015\/02\/phoca_thumb_l_2015-01-31-02-img_2096.jpg\" target=\"_blank\" rel=\"noopener noreferrer\"><img decoding=\"async\" class=\" size-full wp-image-7473\" title=\"Ab an den Pool!\" src=\"https:\/\/welcome-ontour.de\/wordpress\/wp-content\/uploads\/2015\/02\/phoca_thumb_l_2015-01-31-02-img_2096.jpg\" width=\"264\" height=\"199\" border=\"0\" srcset=\"https:\/\/welcome-ontour.de\/wordpress\/wp-content\/uploads\/2015\/02\/phoca_thumb_l_2015-01-31-02-img_2096.jpg 600w, https:\/\/welcome-ontour.de\/wordpress\/wp-content\/uploads\/2015\/02\/phoca_thumb_l_2015-01-31-02-img_2096-300x226.jpg 300w\" sizes=\"(max-width: 264px) 100vw, 264px\" \/><\/a>\u00a0 <a href=\"https:\/\/welcome-ontour.de\/wordpress\/wp-content\/uploads\/2015\/02\/phoca_thumb_l_2015-01-31-03-img_2101.jpg\" target=\"_blank\" rel=\"noopener noreferrer\"><img decoding=\"async\" class=\" size-full wp-image-7474\" title=\"Pool Cabanas\" src=\"https:\/\/welcome-ontour.de\/wordpress\/wp-content\/uploads\/2015\/02\/phoca_thumb_l_2015-01-31-03-img_2101.jpg\" width=\"264\" height=\"199\" border=\"0\" srcset=\"https:\/\/welcome-ontour.de\/wordpress\/wp-content\/uploads\/2015\/02\/phoca_thumb_l_2015-01-31-03-img_2101.jpg 600w, https:\/\/welcome-ontour.de\/wordpress\/wp-content\/uploads\/2015\/02\/phoca_thumb_l_2015-01-31-03-img_2101-300x226.jpg 300w\" sizes=\"(max-width: 264px) 100vw, 264px\" \/><\/a><\/span><\/p>\n<p style=\"text-align: center;\"><span style=\"font-family: arial, helvetica, sans-serif; font-size: medium;\">\u00a0<\/span><\/p>\n<p style=\"text-align: center;\"><span style=\"font-family: arial, helvetica, sans-serif; font-size: medium;\">Unseren letzten Tag im Hilton-Resort wollen wir in der wunderbaren Poollandschaft verbringen.<\/span><\/p>\n<p style=\"text-align: center;\"><span style=\"font-family: arial, helvetica, sans-serif; font-size: medium;\">\u00a0<\/span><\/p>\n<p style=\"text-align: center;\"><span style=\"font-family: arial, helvetica, sans-serif; font-size: medium;\"><a href=\"https:\/\/welcome-ontour.de\/wordpress\/wp-content\/uploads\/2015\/02\/phoca_thumb_l_2015-01-31-04-img_2099_stitch.jpg\" target=\"_blank\" rel=\"noopener noreferrer\"><img decoding=\"async\" class=\" size-full wp-image-7475\" title=\"Hilton Ponce\" src=\"https:\/\/welcome-ontour.de\/wordpress\/wp-content\/uploads\/2015\/02\/phoca_thumb_l_2015-01-31-04-img_2099_stitch.jpg\" width=\"810\" height=\"369\" border=\"0\" srcset=\"https:\/\/welcome-ontour.de\/wordpress\/wp-content\/uploads\/2015\/02\/phoca_thumb_l_2015-01-31-04-img_2099_stitch.jpg 2000w, https:\/\/welcome-ontour.de\/wordpress\/wp-content\/uploads\/2015\/02\/phoca_thumb_l_2015-01-31-04-img_2099_stitch-300x137.jpg 300w, https:\/\/welcome-ontour.de\/wordpress\/wp-content\/uploads\/2015\/02\/phoca_thumb_l_2015-01-31-04-img_2099_stitch-1024x466.jpg 1024w, https:\/\/welcome-ontour.de\/wordpress\/wp-content\/uploads\/2015\/02\/phoca_thumb_l_2015-01-31-04-img_2099_stitch-768x350.jpg 768w, https:\/\/welcome-ontour.de\/wordpress\/wp-content\/uploads\/2015\/02\/phoca_thumb_l_2015-01-31-04-img_2099_stitch-1536x700.jpg 1536w, https:\/\/welcome-ontour.de\/wordpress\/wp-content\/uploads\/2015\/02\/phoca_thumb_l_2015-01-31-04-img_2099_stitch-1568x714.jpg 1568w\" sizes=\"(max-width: 810px) 100vw, 810px\" \/><\/a><\/span><\/p>\n<p style=\"text-align: center;\"><span style=\"font-family: arial, helvetica, sans-serif; font-size: medium;\">\u00a0<\/span><\/p>\n<p style=\"text-align: center;\"><span style=\"font-family: arial, helvetica, sans-serif; font-size: medium;\">Urlaub im Urlaub sozusagen.<\/span><\/p>\n<p style=\"text-align: center;\"><span style=\"font-family: arial, helvetica, sans-serif; font-size: medium;\">St\u00e4ndig wechselnd zwischen Pool, Hot Tube, Cabanas und Sonnenliegen <\/span><\/p>\n<p style=\"text-align: center;\"><span style=\"font-family: arial, helvetica, sans-serif; font-size: medium;\">garnieren wir den Aufenthalt mit laufenden Cafe Con Leche und verschiedenen Cocktails.<\/span><\/p>\n<p style=\"text-align: center;\"><span style=\"font-family: arial, helvetica, sans-serif; font-size: medium;\">\u00a0<\/span><\/p>\n<p style=\"text-align: center;\"><span style=\"font-family: arial, helvetica, sans-serif; font-size: medium;\"><a href=\"https:\/\/welcome-ontour.de\/wordpress\/wp-content\/uploads\/2015\/02\/phoca_thumb_l_2015-01-31-05-img_4573.jpg\" target=\"_blank\" rel=\"noopener noreferrer\"><img decoding=\"async\" class=\" size-full wp-image-7476\" title=\"Pool\" src=\"https:\/\/welcome-ontour.de\/wordpress\/wp-content\/uploads\/2015\/02\/phoca_thumb_l_2015-01-31-05-img_4573.jpg\" width=\"400\" height=\"301\" border=\"0\" \/><\/a>\u00a0 <a href=\"https:\/\/welcome-ontour.de\/wordpress\/wp-content\/uploads\/2015\/02\/phoca_thumb_l_2015-01-31-06-img_2127.jpg\" target=\"_blank\" rel=\"noopener noreferrer\"><img decoding=\"async\" class=\" size-full wp-image-7477\" title=\"Winterstimmung\" src=\"https:\/\/welcome-ontour.de\/wordpress\/wp-content\/uploads\/2015\/02\/phoca_thumb_l_2015-01-31-06-img_2127.jpg\" width=\"400\" height=\"301\" border=\"0\" srcset=\"https:\/\/welcome-ontour.de\/wordpress\/wp-content\/uploads\/2015\/02\/phoca_thumb_l_2015-01-31-06-img_2127.jpg 1331w, https:\/\/welcome-ontour.de\/wordpress\/wp-content\/uploads\/2015\/02\/phoca_thumb_l_2015-01-31-06-img_2127-300x225.jpg 300w, https:\/\/welcome-ontour.de\/wordpress\/wp-content\/uploads\/2015\/02\/phoca_thumb_l_2015-01-31-06-img_2127-1024x769.jpg 1024w, https:\/\/welcome-ontour.de\/wordpress\/wp-content\/uploads\/2015\/02\/phoca_thumb_l_2015-01-31-06-img_2127-768x577.jpg 768w\" sizes=\"(max-width: 400px) 100vw, 400px\" \/><\/a><\/span><\/p>\n<p style=\"text-align: center;\"><span style=\"font-family: arial, helvetica, sans-serif; font-size: medium;\"><a href=\"https:\/\/welcome-ontour.de\/wordpress\/wp-content\/uploads\/2015\/02\/phoca_thumb_l_2015-01-31-07-img_4558.jpg\" target=\"_blank\" rel=\"noopener noreferrer\"><img decoding=\"async\" class=\" size-full wp-image-7478\" title=\"Frischer Kaffee\" src=\"https:\/\/welcome-ontour.de\/wordpress\/wp-content\/uploads\/2015\/02\/phoca_thumb_l_2015-01-31-07-img_4558.jpg\" width=\"400\" height=\"301\" border=\"0\" srcset=\"https:\/\/welcome-ontour.de\/wordpress\/wp-content\/uploads\/2015\/02\/phoca_thumb_l_2015-01-31-07-img_4558.jpg 600w, https:\/\/welcome-ontour.de\/wordpress\/wp-content\/uploads\/2015\/02\/phoca_thumb_l_2015-01-31-07-img_4558-300x226.jpg 300w\" sizes=\"(max-width: 400px) 100vw, 400px\" \/><\/a>\u00a0 <a href=\"https:\/\/welcome-ontour.de\/wordpress\/wp-content\/uploads\/2015\/02\/phoca_thumb_l_2015-01-31-08-img_2112.jpg\" target=\"_blank\" rel=\"noopener noreferrer\"><img decoding=\"async\" class=\" size-full wp-image-7479\" title=\"Pool\" src=\"https:\/\/welcome-ontour.de\/wordpress\/wp-content\/uploads\/2015\/02\/phoca_thumb_l_2015-01-31-08-img_2112.jpg\" width=\"400\" height=\"301\" border=\"0\" srcset=\"https:\/\/welcome-ontour.de\/wordpress\/wp-content\/uploads\/2015\/02\/phoca_thumb_l_2015-01-31-08-img_2112.jpg 600w, https:\/\/welcome-ontour.de\/wordpress\/wp-content\/uploads\/2015\/02\/phoca_thumb_l_2015-01-31-08-img_2112-300x226.jpg 300w\" sizes=\"(max-width: 400px) 100vw, 400px\" \/><\/a><\/span><\/p>\n<p style=\"text-align: center;\"><span style=\"font-family: arial, helvetica, sans-serif; font-size: medium;\"><img decoding=\"async\" class=\" size-full wp-image-7480\" title=\"Palmen\" src=\"https:\/\/welcome-ontour.de\/wordpress\/wp-content\/uploads\/2015\/02\/phoca_thumb_l_2015-01-31-09-img_2145.jpg\" width=\"400\" height=\"301\" border=\"0\" srcset=\"https:\/\/welcome-ontour.de\/wordpress\/wp-content\/uploads\/2015\/02\/phoca_thumb_l_2015-01-31-09-img_2145.jpg 600w, https:\/\/welcome-ontour.de\/wordpress\/wp-content\/uploads\/2015\/02\/phoca_thumb_l_2015-01-31-09-img_2145-300x226.jpg 300w\" sizes=\"(max-width: 400px) 100vw, 400px\" \/>\u00a0 <a href=\"https:\/\/welcome-ontour.de\/wordpress\/wp-content\/uploads\/2015\/02\/phoca_thumb_l_2015-01-31-10-img_4586.jpg\" target=\"_blank\" rel=\"noopener noreferrer\"><img decoding=\"async\" class=\" size-full wp-image-7481\" title=\"Pool\" src=\"https:\/\/welcome-ontour.de\/wordpress\/wp-content\/uploads\/2015\/02\/phoca_thumb_l_2015-01-31-10-img_4586.jpg\" width=\"400\" height=\"301\" border=\"0\" srcset=\"https:\/\/welcome-ontour.de\/wordpress\/wp-content\/uploads\/2015\/02\/phoca_thumb_l_2015-01-31-10-img_4586.jpg 600w, https:\/\/welcome-ontour.de\/wordpress\/wp-content\/uploads\/2015\/02\/phoca_thumb_l_2015-01-31-10-img_4586-300x226.jpg 300w\" sizes=\"(max-width: 400px) 100vw, 400px\" \/><\/a><\/span><\/p>\n<p style=\"text-align: center;\"><span style=\"font-family: arial, helvetica, sans-serif; font-size: medium;\">\u00a0<\/span><\/p>\n<p style=\"text-align: center;\"><span style=\"font-family: arial, helvetica, sans-serif; font-size: medium;\">Die meisten G\u00e4ste kommen vom US-Festland und machen hier so etwas \u00c4hnliches wie Pauschalurlaub.<\/span><\/p>\n<p style=\"text-align: center;\"><span style=\"font-family: arial, helvetica, sans-serif; font-size: medium;\">Der Tag pl\u00e4tschert dahin und es tut uns ausgesprochen gut, einfach mal nichts zu tun.<\/span><\/p>\n<p style=\"text-align: center;\"><span style=\"font-family: arial, helvetica, sans-serif; font-size: medium;\">Etwa um vier beenden wir den herrlich erholsamen Poolday.<\/span><\/p>\n<p style=\"text-align: center;\"><span style=\"font-family: arial, helvetica, sans-serif; font-size: medium;\">Am anderen Ende von Ponce frischen wir im <a href=\"http:\/\/www.supermaxpr.com\/\" target=\"_blank\" rel=\"noopener noreferrer\">Supermax-Mercado<\/a> unsere Vorr\u00e4te auf <\/span><\/p>\n<p style=\"text-align: center;\"><span style=\"font-family: arial, helvetica, sans-serif; font-size: medium;\">und finden im New York B\u00fcfett ein geeignetes Gegenmittel zum Hunger.<\/span><\/p>\n<p style=\"text-align: center;\"><span style=\"font-family: arial, helvetica, sans-serif; font-size: medium;\">Das B\u00fcfett ist nicht unbedingt superg\u00fcnstig, <\/span><\/p>\n<p style=\"text-align: center;\"><span style=\"font-family: arial, helvetica, sans-serif; font-size: medium;\">aber vor allem das frische und umfangreiche Fisch- und Sushi-Angebot ist Klasse.<\/span><\/p>\n<p style=\"text-align: center;\"><span style=\"font-family: arial, helvetica, sans-serif; font-size: medium;\">Retour zum Hotel findet Ute bei <a href=\"http:\/\/www.lids.com\/\" target=\"_blank\" rel=\"noopener noreferrer\">Lids<\/a> den passenden Hut zur Tour.<\/span><\/p>\n<p style=\"text-align: center;\"><span style=\"font-family: arial, helvetica, sans-serif; font-size: medium;\">\u00a0<\/span><\/p>\n<p style=\"text-align: center;\"><span style=\"font-family: arial, helvetica, sans-serif; font-size: medium;\"><img decoding=\"async\" class=\" size-full wp-image-7482\" title=\"Lids\" src=\"https:\/\/welcome-ontour.de\/wordpress\/wp-content\/uploads\/2015\/02\/phoca_thumb_l_2015-01-31-11-img_2189.jpg\" width=\"400\" height=\"301\" border=\"0\" srcset=\"https:\/\/welcome-ontour.de\/wordpress\/wp-content\/uploads\/2015\/02\/phoca_thumb_l_2015-01-31-11-img_2189.jpg 1331w, https:\/\/welcome-ontour.de\/wordpress\/wp-content\/uploads\/2015\/02\/phoca_thumb_l_2015-01-31-11-img_2189-300x225.jpg 300w, https:\/\/welcome-ontour.de\/wordpress\/wp-content\/uploads\/2015\/02\/phoca_thumb_l_2015-01-31-11-img_2189-1024x769.jpg 1024w, https:\/\/welcome-ontour.de\/wordpress\/wp-content\/uploads\/2015\/02\/phoca_thumb_l_2015-01-31-11-img_2189-768x577.jpg 768w\" sizes=\"(max-width: 400px) 100vw, 400px\" \/><\/span><\/p>\n<p style=\"text-align: center;\"><span style=\"font-family: arial, helvetica, sans-serif; font-size: medium;\">\u00a0<\/span><\/p>\n<p style=\"text-align: center;\"><span style=\"font-family: arial, helvetica, sans-serif; font-size: medium;\">Erst am Strand, sp\u00e4ter auf dem Balkon genie\u00dfen wir zum Wellenrauschen die abendlichen Barrilitos.<\/span><\/p>\n<p style=\"text-align: center;\"><span style=\"font-family: arial, helvetica, sans-serif; font-size: medium;\">\u00a0<\/span><\/p>\n<p style=\"text-align: center;\"><span style=\"font-family: arial, helvetica, sans-serif; font-size: medium;\"><a href=\"https:\/\/welcome-ontour.de\/wordpress\/wp-content\/uploads\/2015\/02\/phoca_thumb_l_2015-01-31-12-img_2090.jpg\" target=\"_blank\" rel=\"noopener noreferrer\"><img decoding=\"async\" class=\" size-full wp-image-7483\" title=\"Sunset\" src=\"https:\/\/welcome-ontour.de\/wordpress\/wp-content\/uploads\/2015\/02\/phoca_thumb_l_2015-01-31-12-img_2090.jpg\" width=\"810\" height=\"609\" border=\"0\" srcset=\"https:\/\/welcome-ontour.de\/wordpress\/wp-content\/uploads\/2015\/02\/phoca_thumb_l_2015-01-31-12-img_2090.jpg 1331w, https:\/\/welcome-ontour.de\/wordpress\/wp-content\/uploads\/2015\/02\/phoca_thumb_l_2015-01-31-12-img_2090-300x225.jpg 300w, https:\/\/welcome-ontour.de\/wordpress\/wp-content\/uploads\/2015\/02\/phoca_thumb_l_2015-01-31-12-img_2090-1024x769.jpg 1024w, https:\/\/welcome-ontour.de\/wordpress\/wp-content\/uploads\/2015\/02\/phoca_thumb_l_2015-01-31-12-img_2090-768x577.jpg 768w\" sizes=\"(max-width: 810px) 100vw, 810px\" \/><\/a><\/span><\/p>\n<p style=\"text-align: center;\"><span style=\"font-family: arial, helvetica, sans-serif; font-size: medium;\">\u00a0<\/span><\/p>\n<p style=\"text-align: center;\"><span style=\"font-family: arial, helvetica, sans-serif; font-size: medium;\">Das Hotel hat uns wieder prima gefallen.<\/span><\/p>\n<p style=\"text-align: center;\"><span style=\"font-family: arial, helvetica, sans-serif; font-size: medium;\">\u00a0<\/span><\/p>\n<p style=\"text-align: center;\"><span style=\"font-family: arial, helvetica, sans-serif; font-size: medium;\">Gefahrene Meilen \/ Kilometer:\u00a0 9 \/ 15<\/span><\/p>\n<p style=\"text-align: center;\"><span style=\"font-family: arial, helvetica, sans-serif; font-size: medium;\">\u00a0<\/span><\/p>\n<p style=\"text-align: center;\"><span style=\"font-family: arial, helvetica, sans-serif; font-size: medium;\">\u00dcbernachtung: <a href=\"http:\/\/www.hiltonponceresort.com\/\" target=\"_blank\" rel=\"noopener noreferrer\">Caribe Hilton Resort<\/a>, Ponce, Puerto Rico, $113 *****<\/span><\/p>\n<p style=\"text-align: center;\"><span style=\"font-family: arial, helvetica, sans-serif; font-size: medium;\">\u00a0<\/span><\/p>\n<p style=\"text-align: center;\"><span style=\"font-size: 10pt;\"><span style=\"font-family: arial, helvetica, sans-serif;\"><a href=\"https:\/\/welcome-ontour.de\/wordpress\/index.php\/2015-01-30\">&lt;&lt; Zur\u00fcck<\/a>\u00a0 \u00a0 \u00a0 \u00a0 \u00a0 \u00a0 \u00a0 \u00a0 \u00a0 \u00a0 \u00a0 \u00a0 \u00a0 \u00a0 \u00a0 \u00a0 \u00a0 \u00a0 \u00a0 \u00a0 \u00a0 \u00a0 \u00a0 \u00a0 \u00a0 \u00a0 \u00a0 \u00a0 \u00a0 \u00a0 \u00a0 \u00a0 \u00a0 \u00a0 \u00a0 \u00a0 \u00a0 \u00a0 \u00a0 \u00a0 \u00a0 \u00a0 \u00a0 \u00a0 \u00a0 \u00a0 \u00a0 \u00a0 \u00a0 \u00a0 \u00a0 \u00a0 \u00a0 \u00a0 \u00a0 \u00a0 \u00a0 \u00a0 \u00a0 \u00a0 \u00a0 \u00a0 \u00a0 \u00a0 \u00a0 \u00a0 \u00a0 \u00a0 \u00a0 \u00a0 \u00a0 \u00a0 \u00a0 \u00a0 \u00a0 \u00a0 \u00a0 \u00a0 \u00a0 \u00a0 \u00a0 \u00a0 \u00a0 \u00a0 \u00a0 \u00a0 \u00a0 \u00a0 \u00a0 \u00a0 \u00a0 \u00a0 \u00a0 \u00a0 \u00a0 \u00a0 \u00a0<\/span><a href=\"https:\/\/welcome-ontour.de\/wordpress\/index.php\/2015-02-01\"><span style=\"font-family: arial, helvetica, sans-serif; line-height: 1.3em;\">Weiter &gt;&gt;<\/span><\/a><\/span><\/p>\n","protected":false},"excerpt":{"rendered":"<p>Prolog\u00a0 \u00a0 \u00a0 \u00a0 Hinflug \u00a0 \u00a0 \u00a0 \u00a0Keys \u00a0 \u00a0 \u00a0 \u00a0Miami \u00a0 \u00a0 \u00a0 \u00a070.000(1) \u00a0 \u00a0 \u00a0 \u00a0Jamaica \u00a0 \u00a0 \u00a0 \u00a070.000(2) \u00a0 \u00a0 \u00a0 \u00a0Puerto Rico \u00a0 \u00a0 \u00a0 \u00a0R\u00fcckflug \u00a0 \u00a0 \u00a0 \u00a0Fazit\u00a0 &lt;&lt; Zur\u00fcck\u00a0 \u00a0 \u00a0 \u00a0 \u00a0 \u00a0 \u00a0 \u00a0 \u00a0 \u00a0 \u00a0 \u00a0 \u00a0 \u00a0 \u00a0 \u00a0 \u00a0 \u00a0 \u00a0 \u00a0 \u00a0 \u00a0 \u00a0 \u00a0 \u00a0 \u00a0 \u00a0 \u00a0 \u00a0 \u00a0 \u00a0 \u00a0 \u00a0 \u00a0 \u00a0 \u00a0 \u00a0 \u00a0 \u00a0 \u00a0 \u00a0 \u00a0 \u00a0 \u00a0 \u00a0 \u00a0 \u00a0 \u00a0 \u00a0 \u00a0 \u00a0 \u00a0 \u00a0 \u00a0 \u00a0 \u00a0 \u00a0 \u00a0 \u00a0 \u00a0 \u00a0 \u00a0 \u00a0 \u00a0 \u00a0 \u00a0 \u00a0 \u00a0 \u00a0 \u00a0 \u00a0 \u00a0 \u00a0 \u00a0 \u00a0 \u00a0 \u00a0 \u00a0 \u00a0 \u00a0 \u00a0 \u00a0 \u00a0 \u00a0 \u00a0 \u00a0 \u00a0 \u00a0 \u00a0 \u00a0 \u00a0 \u00a0 \u00a0 \u00a0 \u00a0 \u00a0 \u00a0Weiter &gt;&gt; Sa 31.1. \u00a0 Ponce \u00a0 Wieder erwartet uns ein hei\u00dfer Tag. Bereits beim Balkonfr\u00fchst\u00fcck scheint die Sonne unerbittlich und es sind halb neun schon 28\u00b0. \u00a0 \u00a0 \u00a0 \u00a0 Unseren letzten Tag im Hilton-Resort wollen wir in der wunderbaren Poollandschaft verbringen. \u00a0 \u00a0 Urlaub im Urlaub sozusagen. St\u00e4ndig wechselnd zwischen Pool, Hot Tube, Cabanas und Sonnenliegen garnieren wir den Aufenthalt mit laufenden Cafe Con Leche und verschiedenen Cocktails. \u00a0 \u00a0 \u00a0 \u00a0 \u00a0 Die meisten G\u00e4ste kommen vom US-Festland und machen hier so etwas \u00c4hnliches wie Pauschalurlaub. Der Tag pl\u00e4tschert dahin und es tut uns ausgesprochen gut, einfach mal nichts zu tun. Etwa um vier beenden wir den herrlich erholsamen Poolday. Am anderen Ende von Ponce frischen wir im Supermax-Mercado unsere Vorr\u00e4te auf und finden im New York B\u00fcfett ein geeignetes Gegenmittel zum Hunger. Das B\u00fcfett ist nicht unbedingt superg\u00fcnstig, aber vor allem das frische und umfangreiche Fisch- und Sushi-Angebot ist Klasse. Retour zum Hotel findet Ute bei Lids den passenden Hut zur Tour. \u00a0 \u00a0 Erst am Strand, sp\u00e4ter auf dem Balkon genie\u00dfen wir zum Wellenrauschen die abendlichen Barrilitos. \u00a0 \u00a0 Das Hotel hat uns wieder prima gefallen. \u00a0 Gefahrene Meilen \/ Kilometer:\u00a0 9 \/ 15 \u00a0 \u00dcbernachtung: Caribe Hilton Resort, Ponce, Puerto Rico, $113 ***** \u00a0 &lt;&lt; Zur\u00fcck\u00a0 \u00a0 \u00a0 \u00a0 \u00a0 \u00a0 \u00a0 \u00a0 \u00a0 \u00a0 \u00a0 \u00a0 \u00a0 \u00a0 \u00a0 \u00a0 \u00a0 \u00a0 \u00a0 \u00a0 \u00a0 \u00a0 \u00a0 \u00a0 \u00a0 \u00a0 \u00a0 \u00a0 \u00a0 \u00a0 \u00a0 \u00a0 \u00a0 \u00a0 \u00a0 \u00a0 \u00a0 \u00a0 \u00a0 \u00a0 \u00a0 \u00a0 \u00a0 \u00a0 \u00a0 \u00a0 \u00a0 \u00a0 \u00a0 \u00a0 \u00a0 \u00a0 \u00a0 \u00a0 \u00a0 \u00a0 \u00a0 \u00a0 \u00a0 \u00a0 \u00a0 \u00a0 \u00a0 \u00a0 \u00a0 \u00a0 \u00a0 \u00a0 \u00a0 \u00a0 \u00a0 \u00a0 \u00a0 \u00a0 \u00a0 \u00a0 \u00a0 \u00a0 \u00a0 \u00a0 \u00a0 \u00a0 \u00a0 \u00a0 \u00a0 \u00a0 \u00a0 \u00a0 \u00a0 \u00a0 \u00a0 \u00a0 \u00a0 \u00a0 \u00a0 \u00a0 \u00a0Weiter &gt;&gt;<\/p>\n","protected":false},"author":1,"featured_media":7472,"parent":0,"menu_order":8,"comment_status":"closed","ping_status":"closed","template":"","meta":{"footnotes":""},"class_list":["post-7484","page","type-page","status-publish","has-post-thumbnail","hentry"],"_links":{"self":[{"href":"https:\/\/welcome-ontour.de\/wordpress\/index.php\/wp-json\/wp\/v2\/pages\/7484","targetHints":{"allow":["GET"]}}],"collection":[{"href":"https:\/\/welcome-ontour.de\/wordpress\/index.php\/wp-json\/wp\/v2\/pages"}],"about":[{"href":"https:\/\/welcome-ontour.de\/wordpress\/index.php\/wp-json\/wp\/v2\/types\/page"}],"author":[{"embeddable":true,"href":"https:\/\/welcome-ontour.de\/wordpress\/index.php\/wp-json\/wp\/v2\/users\/1"}],"replies":[{"embeddable":true,"href":"https:\/\/welcome-ontour.de\/wordpress\/index.php\/wp-json\/wp\/v2\/comments?post=7484"}],"version-history":[{"count":3,"href":"https:\/\/welcome-ontour.de\/wordpress\/index.php\/wp-json\/wp\/v2\/pages\/7484\/revisions"}],"predecessor-version":[{"id":17240,"href":"https:\/\/welcome-ontour.de\/wordpress\/index.php\/wp-json\/wp\/v2\/pages\/7484\/revisions\/17240"}],"wp:featuredmedia":[{"embeddable":true,"href":"https:\/\/welcome-ontour.de\/wordpress\/index.php\/wp-json\/wp\/v2\/media\/7472"}],"wp:attachment":[{"href":"https:\/\/welcome-ontour.de\/wordpress\/index.php\/wp-json\/wp\/v2\/media?parent=7484"}],"curies":[{"name":"wp","href":"https:\/\/api.w.org\/{rel}","templated":true}]}}