{"id":7100,"date":"2014-10-13T09:05:42","date_gmt":"2014-10-13T09:05:42","guid":{"rendered":"https:\/\/welcome-ontour.de\/wordpress\/index.php\/2014-11-25-fazit\/"},"modified":"2022-06-30T23:06:16","modified_gmt":"2022-06-30T23:06:16","slug":"2014-11-25-fazit","status":"publish","type":"page","link":"https:\/\/welcome-ontour.de\/wordpress\/index.php\/2014-11-25-fazit\/","title":{"rendered":"2014 11 25 fazit"},"content":{"rendered":"<p style=\"text-align: center;\"><span style=\"font-size: x-small;\"><span style=\"font-family: arial, helvetica, sans-serif;\"><a href=\"https:\/\/welcome-ontour.de\/wordpress\/index.php\/2014-11-16\/\">Prolog<\/a> \u00a0 \u00a0 <a href=\"https:\/\/welcome-ontour.de\/wordpress\/index.php\/2014-11-17\/\">Anreise<\/a> \u00a0 \u00a0<a href=\"https:\/\/welcome-ontour.de\/wordpress\/index.php\/2014-11-18\/\">Teide<\/a> \u00a0 \u00a0<a href=\"https:\/\/welcome-ontour.de\/wordpress\/index.php\/2014-11-19\/\">El Drago<\/a> \u00a0 \u00a0<a href=\"https:\/\/welcome-ontour.de\/wordpress\/index.php\/2014-11-20\/\">Playas<\/a> \u00a0 \u00a0<a href=\"https:\/\/welcome-ontour.de\/wordpress\/index.php\/2014-11-22\/\">San Juan<\/a> \u00a0 \u00a0<a href=\"https:\/\/welcome-ontour.de\/wordpress\/index.php\/2014-11-23\/\">Playa<\/a> \u00a0 \u00a0<a href=\"https:\/\/welcome-ontour.de\/wordpress\/index.php\/2014-11-24\/\">Abreise<\/a> \u00a0 \u00a0<a href=\"https:\/\/welcome-ontour.de\/wordpress\/index.php\/2014-11-25-fazit\/\">Fazit<\/a><\/span><\/span><\/p>\n<p style=\"text-align: center;\"><span style=\"font-size: small;\"><span style=\"font-family: arial, helvetica, sans-serif;\"><a href=\"https:\/\/welcome-ontour.de\/wordpress\/index.php\/2014-11-24\">&lt;&lt; zur\u00fcck<\/a>\u00a0 \u00a0 \u00a0 \u00a0 \u00a0 \u00a0 \u00a0 \u00a0 \u00a0 \u00a0 \u00a0 \u00a0 \u00a0 \u00a0 \u00a0 \u00a0 \u00a0 \u00a0 \u00a0 \u00a0 \u00a0 \u00a0 \u00a0 \u00a0 \u00a0 \u00a0 \u00a0 \u00a0 \u00a0 \u00a0 \u00a0 \u00a0 \u00a0 \u00a0 \u00a0 \u00a0 \u00a0 \u00a0 \u00a0 \u00a0 \u00a0 \u00a0 \u00a0 \u00a0 \u00a0 \u00a0 \u00a0 \u00a0 \u00a0 \u00a0 \u00a0 \u00a0 \u00a0 \u00a0 \u00a0 \u00a0 \u00a0 \u00a0 \u00a0 \u00a0 \u00a0 \u00a0 \u00a0 \u00a0 \u00a0 \u00a0 \u00a0 \u00a0 \u00a0 \u00a0 \u00a0 \u00a0 \u00a0 \u00a0 \u00a0 \u00a0 \u00a0 \u00a0 \u00a0 \u00a0 \u00a0 \u00a0 \u00a0 \u00a0 \u00a0 \u00a0 \u00a0 \u00a0 \u00a0 \u00a0 \u00a0 \u00a0 \u00a0 \u00a0 \u00a0 \u00a0<a href=\"https:\/\/welcome-ontour.de\/wordpress\/index.php\/reiseberichte\/\">Reiseberichte &gt;&gt;<\/a><\/span><\/span><\/p>\n<p style=\"text-align: center;\"><span style=\"font-family: arial, helvetica, sans-serif; font-size: medium;\">\u00a0<\/span><\/p>\n<p style=\"text-align: center;\"><strong><span style=\"font-family: arial, helvetica, sans-serif; font-size: medium;\">Fazit<\/span><\/strong><\/p>\n<p style=\"text-align: center;\"><span style=\"font-family: arial, helvetica, sans-serif; font-size: medium;\"><img decoding=\"async\" class=\" size-full wp-image-7095\" title=\"Teneriffa Flagge\" src=\"https:\/\/welcome-ontour.de\/wordpress\/wp-content\/uploads\/2014\/10\/phoca_thumb_l_2014-11-25-00-teneriffa-flag.jpg\" width=\"200\" height=\"133\" border=\"0\" srcset=\"https:\/\/welcome-ontour.de\/wordpress\/wp-content\/uploads\/2014\/10\/phoca_thumb_l_2014-11-25-00-teneriffa-flag.jpg 750w, https:\/\/welcome-ontour.de\/wordpress\/wp-content\/uploads\/2014\/10\/phoca_thumb_l_2014-11-25-00-teneriffa-flag-300x200.jpg 300w\" sizes=\"(max-width: 200px) 100vw, 200px\" \/><\/span><\/p>\n<p style=\"text-align: center;\"><span style=\"font-family: arial, helvetica, sans-serif; font-size: medium;\">\u00a0<\/span><\/p>\n<p style=\"text-align: center;\"><span style=\"font-family: arial, helvetica, sans-serif; font-size: medium;\">Kurz und knapp: Eine Woche Teneriffa geht immer!<\/span><\/p>\n<p style=\"text-align: center;\"><span style=\"font-family: arial, helvetica, sans-serif; font-size: medium;\">Die Idee, an das Metalfestival-Wochenende eine Woche Teneriffa-Relaxing anzuh\u00e4ngen <\/span><\/p>\n<p style=\"text-align: center;\"><span style=\"font-family: arial, helvetica, sans-serif; font-size: medium;\">fand schnell zwei begeisterte Anh\u00e4nger.<\/span><\/p>\n<p style=\"text-align: center;\"><span style=\"font-family: arial, helvetica, sans-serif; font-size: medium;\">Im November nochmal ein paar Sonnentage zu genie\u00dfen, war ganz nach unserem Geschmack.<\/span><\/p>\n<p style=\"text-align: center;\"><span style=\"font-family: arial, helvetica, sans-serif; font-size: medium;\">Die Wanderschuhe hatten wir mal wieder umsonst dabei.<\/span><\/p>\n<p style=\"text-align: center;\"><span style=\"font-family: arial, helvetica, sans-serif; font-size: medium;\">Der Verzicht auf die Kletterei ist uns aber nicht schwer gefallen.<\/span><\/p>\n<p style=\"text-align: center;\"><span style=\"font-family: arial, helvetica, sans-serif; font-size: medium;\">Die Insel ist \u00e4u\u00dferst abwechslungsreich.<\/span><\/p>\n<p style=\"text-align: center;\"><span style=\"font-family: arial, helvetica, sans-serif; font-size: medium;\">F\u00fcr fast jeden Urlaubswunsch findet sich hier eine M\u00f6glichkeit.<\/span><\/p>\n<p style=\"text-align: center;\"><span style=\"font-family: arial, helvetica, sans-serif; font-size: medium;\">Aufgrund des Wetters haben wir notgedrungen Strandtage einlegen m\u00fcssen.<\/span><\/p>\n<p style=\"text-align: center;\"><span style=\"font-family: arial, helvetica, sans-serif; font-size: medium;\">Hat uns beiden gut getan.<\/span><\/p>\n<p style=\"text-align: center;\"><span style=\"font-family: arial, helvetica, sans-serif; font-size: medium;\">Wir waren bereits beim Hinflug leicht erk\u00e4ltet und sind diesen hartn\u00e4ckigen Begleiter <\/span><\/p>\n<p style=\"text-align: center;\"><span style=\"font-family: arial, helvetica, sans-serif; font-size: medium;\">w\u00e4hrend des gesamten Urlaubs nicht losgeworden.<\/span><\/p>\n<p style=\"text-align: center;\"><span style=\"font-family: arial, helvetica, sans-serif; font-size: medium;\">Besonders bei den Fahrten im Gebirge hat sich der nicht machbare Druckausgleich unangenehm ausgewirkt.<\/span><\/p>\n<p style=\"text-align: center;\"><span style=\"font-family: arial, helvetica, sans-serif; font-size: medium;\">Wir haben uns des \u00d6fteren mal l\u00e4ngere Zeit nicht verstanden \ud83d\ude09<\/span><\/p>\n<p style=\"text-align: center;\"><span style=\"font-family: arial, helvetica, sans-serif; font-size: medium;\">Von dieser kleinen Beeintr\u00e4chtigung abgesehen, war es eine wunderbare Erholungswoche.<\/span><\/p>\n<p style=\"text-align: center;\"><span style=\"font-family: arial, helvetica, sans-serif; font-size: medium;\">Viel dazu beigetragen hat der Luxus des <a href=\"http:\/\/www.marylanza.com\/hotel\" target=\"_blank\" rel=\"noopener noreferrer\">Marylanza Golf and Spa Resorts<\/a>.<\/span><\/p>\n<p style=\"text-align: center;\"><span style=\"font-family: arial, helvetica, sans-serif; font-size: medium;\">Eine Vier Sterne Anlage, die uns voll und ganz mit hohem Standard \u00fcberzeugt hat.<\/span><\/p>\n<p style=\"text-align: center;\"><span style=\"font-family: arial, helvetica, sans-serif; font-size: medium;\">Die Freundlichkeit des Personals, der Komfort der ganzen Anlage <\/span><\/p>\n<p style=\"text-align: center;\"><span style=\"font-family: arial, helvetica, sans-serif; font-size: medium;\">und vor allem Qualit\u00e4t und Vielfalt des Restaurants waren auf jeden Fall auf 4*-Niveau.<\/span><\/p>\n<p style=\"text-align: center;\"><span style=\"font-family: arial, helvetica, sans-serif; font-size: medium;\">Viel l\u00e4nger h\u00e4tten wir hier nicht bleiben d\u00fcrfen, sonst h\u00e4tten die Hosen nicht mehr gepasst.<\/span><\/p>\n<p style=\"text-align: center;\"><span style=\"font-family: arial, helvetica, sans-serif; font-size: medium;\">Es war jedes Mal ein angenehmer Moment, das Foyer zu betreten und auf gut gelaunte Mitarbeiter zu treffen.<\/span><\/p>\n<p style=\"text-align: center;\"><span style=\"font-family: arial, helvetica, sans-serif; font-size: medium;\">\u00a0<\/span><\/p>\n<p style=\"text-align: center;\"><span style=\"font-family: arial, helvetica, sans-serif; font-size: medium;\"><img decoding=\"async\" class=\" size-full wp-image-7096\" title=\"Ute\" src=\"https:\/\/welcome-ontour.de\/wordpress\/wp-content\/uploads\/2014\/10\/phoca_thumb_l_2014-11-25-01-img_0635.jpg\" width=\"250\" height=\"188\" border=\"0\" srcset=\"https:\/\/welcome-ontour.de\/wordpress\/wp-content\/uploads\/2014\/10\/phoca_thumb_l_2014-11-25-01-img_0635.jpg 800w, https:\/\/welcome-ontour.de\/wordpress\/wp-content\/uploads\/2014\/10\/phoca_thumb_l_2014-11-25-01-img_0635-300x226.jpg 300w, https:\/\/welcome-ontour.de\/wordpress\/wp-content\/uploads\/2014\/10\/phoca_thumb_l_2014-11-25-01-img_0635-768x578.jpg 768w\" sizes=\"(max-width: 250px) 100vw, 250px\" \/>\u00a0 <img decoding=\"async\" class=\" size-full wp-image-7097\" title=\"Andie\" src=\"https:\/\/welcome-ontour.de\/wordpress\/wp-content\/uploads\/2014\/10\/phoca_thumb_l_2014-11-25-02-img_1650.jpg\" width=\"250\" height=\"188\" border=\"0\" srcset=\"https:\/\/welcome-ontour.de\/wordpress\/wp-content\/uploads\/2014\/10\/phoca_thumb_l_2014-11-25-02-img_1650.jpg 800w, https:\/\/welcome-ontour.de\/wordpress\/wp-content\/uploads\/2014\/10\/phoca_thumb_l_2014-11-25-02-img_1650-300x226.jpg 300w, https:\/\/welcome-ontour.de\/wordpress\/wp-content\/uploads\/2014\/10\/phoca_thumb_l_2014-11-25-02-img_1650-768x578.jpg 768w\" sizes=\"(max-width: 250px) 100vw, 250px\" \/><\/span><\/p>\n<p style=\"text-align: center;\"><span style=\"font-family: arial, helvetica, sans-serif; font-size: medium;\">\u00a0<\/span><\/p>\n<p style=\"text-align: center;\"><span style=\"font-family: arial, helvetica, sans-serif; font-size: medium;\">Was uns unangenehm aufgefallen ist, war die \u00fcbliche Klauerei.<\/span><\/p>\n<p style=\"text-align: center;\"><span style=\"font-family: arial, helvetica, sans-serif; font-size: medium;\">\u00dcberall wird gewarnt, nichts im Auto zu lassen und am Strand seine Sachen im Auge zu behalten.<\/span><\/p>\n<p style=\"text-align: center;\"><span style=\"font-family: arial, helvetica, sans-serif; font-size: medium;\">Uns ist zwar dieses Mal diesbez\u00fcglich kein Missgeschick widerfahren, aber die Angst war st\u00e4ndig anwesend.<\/span><\/p>\n<p style=\"text-align: center;\"><span style=\"font-family: arial, helvetica, sans-serif; font-size: medium;\">\u00a0<\/span><\/p>\n<p style=\"text-align: center;\"><span style=\"font-family: arial, helvetica, sans-serif; font-size: medium;\">Beim Mietfahrzeug hatten wir uns f\u00fcr Kleinwagen entschieden.<\/span><\/p>\n<p style=\"text-align: center;\"><span style=\"font-family: arial, helvetica, sans-serif; font-size: medium;\">Der Polo hat uns \u00fcberall zuverl\u00e4ssig hingebracht, wenngleich man keine Wunderdinge erwarten kann.<\/span><\/p>\n<p style=\"text-align: center;\"><span style=\"font-family: arial, helvetica, sans-serif; font-size: medium;\">\u00a0<\/span><\/p>\n<p style=\"text-align: center;\"><span style=\"font-family: arial, helvetica, sans-serif; font-size: medium;\">Die Fl\u00fcge mit Air Berlin waren unspektakul\u00e4r, p\u00fcnktlich und zuverl\u00e4ssig.<\/span><\/p>\n<p style=\"text-align: center;\"><span style=\"font-family: arial, helvetica, sans-serif; font-size: medium;\">Mit unseren Gangpl\u00e4tzen konnten wir gut leben und auch der Fu\u00dfraum war f\u00fcr die F\u00fcnf-Stunden-Fl\u00fcge ausreichend.<\/span><\/p>\n<p style=\"text-align: center;\"><span style=\"font-family: arial, helvetica, sans-serif; font-size: medium;\">Der Service war gewohnt freundlich, au\u00dferdem ist es die einzige Nonstopverbindung von Berlin Tegel.<\/span><\/p>\n<p style=\"text-align: center;\"><span style=\"font-family: arial, helvetica, sans-serif; font-size: medium;\">\u00a0<\/span><\/p>\n<p style=\"text-align: center;\"><span style=\"font-family: arial, helvetica, sans-serif; font-size: medium;\"><img decoding=\"async\" class=\" size-full wp-image-7098\" title=\"Teneriffa\" src=\"https:\/\/welcome-ontour.de\/wordpress\/wp-content\/uploads\/2014\/10\/phoca_thumb_l_2014-11-logo.jpg\" width=\"830\" height=\"129\" border=\"0\" srcset=\"https:\/\/welcome-ontour.de\/wordpress\/wp-content\/uploads\/2014\/10\/phoca_thumb_l_2014-11-logo.jpg 1085w, https:\/\/welcome-ontour.de\/wordpress\/wp-content\/uploads\/2014\/10\/phoca_thumb_l_2014-11-logo-300x46.jpg 300w, https:\/\/welcome-ontour.de\/wordpress\/wp-content\/uploads\/2014\/10\/phoca_thumb_l_2014-11-logo-1024x159.jpg 1024w, https:\/\/welcome-ontour.de\/wordpress\/wp-content\/uploads\/2014\/10\/phoca_thumb_l_2014-11-logo-768x119.jpg 768w\" sizes=\"(max-width: 830px) 100vw, 830px\" \/><\/span><\/p>\n<p style=\"text-align: center;\"><span style=\"font-family: arial, helvetica, sans-serif; font-size: medium;\">\u00a0<\/span><\/p>\n<p style=\"text-align: center;\"><span style=\"font-family: arial, helvetica, sans-serif; font-size: medium;\">Zum Abschluss wie immer bei uns die Zahlen.<\/span><\/p>\n<p style=\"text-align: center;\"><span style=\"font-family: arial, helvetica, sans-serif; font-size: medium;\">Irgendwo in den Weiten des Internets habe ich eine Woche im Marylanza mit Halbpension und eigener Anreise <\/span><\/p>\n<p style=\"text-align: center;\"><span style=\"font-family: arial, helvetica, sans-serif; font-size: medium;\">zu bestimmten Terminen f\u00fcr 379 Euro pro Person gefunden.<\/span><\/p>\n<p style=\"text-align: center;\"><span style=\"font-family: arial, helvetica, sans-serif; font-size: medium;\">Die passenden Direktfl\u00fcge gab es bei Air Berlin f\u00fcr 312 Euro pro Person.<\/span><\/p>\n<p style=\"text-align: center;\"><span style=\"font-family: arial, helvetica, sans-serif; font-size: medium;\">Mit diesen Zahlen bin ich ins Reiseb\u00fcro und habe um eine Pauschalreise zu diesen Preisen gebeten.<\/span><\/p>\n<p style=\"text-align: center;\"><span style=\"font-family: arial, helvetica, sans-serif; font-size: medium;\">Bei deren etwa 200 Euro teureren Angebot war dann immerhin der Transfer vom Flughafen zum Hotel inklusive.<\/span><\/p>\n<p style=\"text-align: center;\"><span style=\"font-family: arial, helvetica, sans-serif; font-size: medium;\">Also haben wir im Fr\u00fchsommer 2014 Fl\u00fcge und Hotel individuell selbst gebucht.<\/span><\/p>\n<p style=\"text-align: center;\"><span style=\"font-family: arial, helvetica, sans-serif; font-size: medium;\">Den Mietwagen f\u00fcr die gesamte Reisezeit haben wir bei Sunnycars gefunden.<\/span><\/p>\n<p style=\"text-align: center;\"><span style=\"font-family: arial, helvetica, sans-serif; font-size: medium;\">Abz\u00fcglich 10% Gutschein waren f\u00fcr die zweitkleinste Klasse 114 Euro f\u00e4llig.<\/span><\/p>\n<p style=\"text-align: center;\"><span style=\"font-family: arial, helvetica, sans-serif; font-size: medium;\">Der Polo war eine rollende Spardose.<\/span><\/p>\n<p style=\"text-align: center;\"><span style=\"font-family: arial, helvetica, sans-serif; font-size: medium;\">So klein wie er war, so wenig hat er auch verbraucht.<\/span><\/p>\n<p style=\"text-align: center;\"><span style=\"font-family: arial, helvetica, sans-serif; font-size: medium;\">Trotz der reichlichen Drehzahlorgien in den Bergen sind wir mit 5,5 L\/100km hingekommen.<\/span><\/p>\n<p style=\"text-align: center;\"><span style=\"font-family: arial, helvetica, sans-serif; font-size: medium;\">\u00a0<\/span><\/p>\n<p style=\"text-align: center;\"><span style=\"font-family: arial, helvetica, sans-serif; font-size: medium;\">Wie schon im Bericht erw\u00e4hnt, hat uns Teneriffa in einigen Momenten an Hawaii erinnert.<\/span><\/p>\n<p style=\"text-align: center;\"><span style=\"font-family: arial, helvetica, sans-serif; font-size: medium;\">Schon allein daf\u00fcr hat sich der Weg gelohnt.<\/span><\/p>\n<p style=\"text-align: center;\"><span style=\"font-family: arial, helvetica, sans-serif; font-size: medium;\">Wer in der kalten deutschen Jahreszeit dem Winter ein Schn\u00e4ppchen schlagen m\u00f6chte, <\/span><\/p>\n<p style=\"text-align: center;\"><span style=\"font-family: arial, helvetica, sans-serif; font-size: medium;\">dem k\u00f6nnen wir diese Insel w\u00e4rmstens empfehlen.<\/span><\/p>\n<p style=\"text-align: center;\"><span style=\"font-family: arial, helvetica, sans-serif; font-size: medium;\">Egal ob zum Wandern, zum Sightseeing oder einfach nur zum Sonnen\/Baden, Teneriffa bietet f\u00fcr jeden etwas.<\/span><\/p>\n<p style=\"text-align: center;\"><span style=\"font-family: arial, helvetica, sans-serif; font-size: medium;\">Wir werden demn\u00e4chst nicht wieder hier herkommen, ganz ausschlie\u00dfen m\u00f6chten wir es aber auch nicht.<\/span><\/p>\n<p style=\"text-align: center;\"><span style=\"font-family: arial, helvetica, sans-serif; font-size: medium;\">In diesem Sinne bis zum n\u00e4chsten Mal und<\/span><\/p>\n<p style=\"text-align: center;\"><span style=\"font-family: arial, helvetica, sans-serif; font-size: medium;\">\u00a0<\/span><\/p>\n<p style=\"text-align: center;\"><span style=\"font-family: arial, helvetica, sans-serif; font-size: medium;\">Macht\u2019s gut Leute<\/span><\/p>\n<p style=\"text-align: center;\"><span style=\"font-family: arial, helvetica, sans-serif; font-size: medium;\">\u00a0<\/span><\/p>\n<p><span style=\"font-family: arial, helvetica, sans-serif; font-size: medium;\"><a href=\"https:\/\/welcome-ontour.de\/wordpress\/wp-content\/uploads\/2014\/10\/phoca_thumb_l_2014-11-25-03-img_0901.jpg\" target=\"_blank\" rel=\"noopener noreferrer\"><img decoding=\"async\" class=\" size-full wp-image-7099\" style=\"display: block; margin-left: auto; margin-right: auto;\" title=\"Macht's gut Leute\" src=\"https:\/\/welcome-ontour.de\/wordpress\/wp-content\/uploads\/2014\/10\/phoca_thumb_l_2014-11-25-03-img_0901.jpg\" width=\"810\" height=\"609\" border=\"0\" srcset=\"https:\/\/welcome-ontour.de\/wordpress\/wp-content\/uploads\/2014\/10\/phoca_thumb_l_2014-11-25-03-img_0901.jpg 1331w, https:\/\/welcome-ontour.de\/wordpress\/wp-content\/uploads\/2014\/10\/phoca_thumb_l_2014-11-25-03-img_0901-300x225.jpg 300w, https:\/\/welcome-ontour.de\/wordpress\/wp-content\/uploads\/2014\/10\/phoca_thumb_l_2014-11-25-03-img_0901-1024x769.jpg 1024w, https:\/\/welcome-ontour.de\/wordpress\/wp-content\/uploads\/2014\/10\/phoca_thumb_l_2014-11-25-03-img_0901-768x577.jpg 768w\" sizes=\"(max-width: 810px) 100vw, 810px\" \/><\/a><\/span><\/p>\n<p><span style=\"font-family: arial, helvetica, sans-serif; font-size: medium;\">\u00a0<\/span><\/p>\n<p><span style=\"font-family: arial, helvetica, sans-serif; font-size: medium;\">\u00a0<\/span><\/p>\n<p style=\"text-align: center;\"><span style=\"font-size: small;\"><span style=\"font-family: arial, helvetica, sans-serif;\"><a href=\"https:\/\/welcome-ontour.de\/wordpress\/index.php\/2014-11-24\">&lt;&lt; zur\u00fcck<\/a>\u00a0 \u00a0 \u00a0 \u00a0 \u00a0 \u00a0 \u00a0 \u00a0 \u00a0 \u00a0 \u00a0 \u00a0 \u00a0 \u00a0 \u00a0 \u00a0 \u00a0 \u00a0 \u00a0 \u00a0 \u00a0 \u00a0 \u00a0 \u00a0 \u00a0 \u00a0 \u00a0 \u00a0 \u00a0 \u00a0 \u00a0 \u00a0 \u00a0 \u00a0 \u00a0 \u00a0 \u00a0 \u00a0 \u00a0 \u00a0 \u00a0 \u00a0 \u00a0 \u00a0 \u00a0 \u00a0 \u00a0 \u00a0 \u00a0 \u00a0 \u00a0 \u00a0 \u00a0 \u00a0 \u00a0 \u00a0 \u00a0 \u00a0 \u00a0 \u00a0 \u00a0 \u00a0 \u00a0 \u00a0 \u00a0 \u00a0 \u00a0 \u00a0 \u00a0 \u00a0 \u00a0 \u00a0 \u00a0 \u00a0 \u00a0 \u00a0 \u00a0 \u00a0 \u00a0 \u00a0 \u00a0 \u00a0 \u00a0 \u00a0 \u00a0 \u00a0 \u00a0 \u00a0 \u00a0 \u00a0 \u00a0 \u00a0 \u00a0 \u00a0 \u00a0 \u00a0<a href=\"https:\/\/welcome-ontour.de\/wordpress\/index.php\/reiseberichte\/\">Reiseberichte &gt;&gt;<\/a><\/span><\/span><\/p>\n","protected":false},"excerpt":{"rendered":"<p>Prolog \u00a0 \u00a0 Anreise \u00a0 \u00a0Teide \u00a0 \u00a0El Drago \u00a0 \u00a0Playas \u00a0 \u00a0San Juan \u00a0 \u00a0Playa \u00a0 \u00a0Abreise \u00a0 \u00a0Fazit &lt;&lt; zur\u00fcck\u00a0 \u00a0 \u00a0 \u00a0 \u00a0 \u00a0 \u00a0 \u00a0 \u00a0 \u00a0 \u00a0 \u00a0 \u00a0 \u00a0 \u00a0 \u00a0 \u00a0 \u00a0 \u00a0 \u00a0 \u00a0 \u00a0 \u00a0 \u00a0 \u00a0 \u00a0 \u00a0 \u00a0 \u00a0 \u00a0 \u00a0 \u00a0 \u00a0 \u00a0 \u00a0 \u00a0 \u00a0 \u00a0 \u00a0 \u00a0 \u00a0 \u00a0 \u00a0 \u00a0 \u00a0 \u00a0 \u00a0 \u00a0 \u00a0 \u00a0 \u00a0 \u00a0 \u00a0 \u00a0 \u00a0 \u00a0 \u00a0 \u00a0 \u00a0 \u00a0 \u00a0 \u00a0 \u00a0 \u00a0 \u00a0 \u00a0 \u00a0 \u00a0 \u00a0 \u00a0 \u00a0 \u00a0 \u00a0 \u00a0 \u00a0 \u00a0 \u00a0 \u00a0 \u00a0 \u00a0 \u00a0 \u00a0 \u00a0 \u00a0 \u00a0 \u00a0 \u00a0 \u00a0 \u00a0 \u00a0 \u00a0 \u00a0 \u00a0 \u00a0 \u00a0 \u00a0Reiseberichte &gt;&gt; \u00a0 Fazit \u00a0 Kurz und knapp: Eine Woche Teneriffa geht immer! Die Idee, an das Metalfestival-Wochenende eine Woche Teneriffa-Relaxing anzuh\u00e4ngen fand schnell zwei begeisterte Anh\u00e4nger. Im November nochmal ein paar Sonnentage zu genie\u00dfen, war ganz nach unserem Geschmack. Die Wanderschuhe hatten wir mal wieder umsonst dabei. Der Verzicht auf die Kletterei ist uns aber nicht schwer gefallen. Die Insel ist \u00e4u\u00dferst abwechslungsreich. F\u00fcr fast jeden Urlaubswunsch findet sich hier eine M\u00f6glichkeit. Aufgrund des Wetters haben wir notgedrungen Strandtage einlegen m\u00fcssen. Hat uns beiden gut getan. Wir waren bereits beim Hinflug leicht erk\u00e4ltet und sind diesen hartn\u00e4ckigen Begleiter w\u00e4hrend des gesamten Urlaubs nicht losgeworden. Besonders bei den Fahrten im Gebirge hat sich der nicht machbare Druckausgleich unangenehm ausgewirkt. Wir haben uns des \u00d6fteren mal l\u00e4ngere Zeit nicht verstanden \ud83d\ude09 Von dieser kleinen Beeintr\u00e4chtigung abgesehen, war es eine wunderbare Erholungswoche. Viel dazu beigetragen hat der Luxus des Marylanza Golf and Spa Resorts. Eine Vier Sterne Anlage, die uns voll und ganz mit hohem Standard \u00fcberzeugt hat. Die Freundlichkeit des Personals, der Komfort der ganzen Anlage und vor allem Qualit\u00e4t und Vielfalt des Restaurants waren auf jeden Fall auf 4*-Niveau. Viel l\u00e4nger h\u00e4tten wir hier nicht bleiben d\u00fcrfen, sonst h\u00e4tten die Hosen nicht mehr gepasst. Es war jedes Mal ein angenehmer Moment, das Foyer zu betreten und auf gut gelaunte Mitarbeiter zu treffen. \u00a0 \u00a0 \u00a0 Was uns unangenehm aufgefallen ist, war die \u00fcbliche Klauerei. \u00dcberall wird gewarnt, nichts im Auto zu lassen und am Strand seine Sachen im Auge zu behalten. Uns ist zwar dieses Mal diesbez\u00fcglich kein Missgeschick widerfahren, aber die Angst war st\u00e4ndig anwesend. \u00a0 Beim Mietfahrzeug hatten wir uns f\u00fcr Kleinwagen entschieden. Der Polo hat uns \u00fcberall zuverl\u00e4ssig hingebracht, wenngleich man keine Wunderdinge erwarten kann. \u00a0 Die Fl\u00fcge mit Air Berlin waren unspektakul\u00e4r, p\u00fcnktlich und zuverl\u00e4ssig. Mit unseren Gangpl\u00e4tzen konnten wir gut leben und auch der Fu\u00dfraum war f\u00fcr die F\u00fcnf-Stunden-Fl\u00fcge ausreichend. Der Service war gewohnt freundlich, au\u00dferdem ist es die einzige Nonstopverbindung von Berlin Tegel. \u00a0 \u00a0 Zum Abschluss wie immer bei uns die Zahlen. Irgendwo in den Weiten des Internets habe ich eine Woche im Marylanza mit Halbpension und eigener Anreise zu bestimmten Terminen f\u00fcr 379 Euro pro Person gefunden. Die passenden Direktfl\u00fcge gab es bei Air Berlin f\u00fcr 312 Euro pro Person. Mit diesen Zahlen bin ich ins Reiseb\u00fcro und habe um eine Pauschalreise zu diesen Preisen gebeten. Bei deren etwa 200 Euro teureren Angebot war dann immerhin der Transfer vom Flughafen zum Hotel inklusive. Also haben wir im Fr\u00fchsommer 2014 Fl\u00fcge und Hotel individuell selbst gebucht. Den Mietwagen f\u00fcr die gesamte Reisezeit haben wir bei Sunnycars gefunden. Abz\u00fcglich 10% Gutschein waren f\u00fcr die zweitkleinste Klasse 114 Euro f\u00e4llig. Der Polo war eine rollende Spardose. So klein wie er war, so wenig hat er auch verbraucht. Trotz der reichlichen Drehzahlorgien in den Bergen sind wir mit 5,5 L\/100km hingekommen. \u00a0 Wie schon im Bericht erw\u00e4hnt, hat uns Teneriffa in einigen Momenten an Hawaii erinnert. Schon allein daf\u00fcr hat sich der Weg gelohnt. Wer in der kalten deutschen Jahreszeit dem Winter ein Schn\u00e4ppchen schlagen m\u00f6chte, dem k\u00f6nnen wir diese Insel w\u00e4rmstens empfehlen. Egal ob zum Wandern, zum Sightseeing oder einfach nur zum Sonnen\/Baden, Teneriffa bietet f\u00fcr jeden etwas. Wir werden demn\u00e4chst nicht wieder hier herkommen, ganz ausschlie\u00dfen m\u00f6chten wir es aber auch nicht. In diesem Sinne bis zum n\u00e4chsten Mal und \u00a0 Macht\u2019s gut Leute \u00a0 \u00a0 \u00a0 &lt;&lt; zur\u00fcck\u00a0 \u00a0 \u00a0 \u00a0 \u00a0 \u00a0 \u00a0 \u00a0 \u00a0 \u00a0 \u00a0 \u00a0 \u00a0 \u00a0 \u00a0 \u00a0 \u00a0 \u00a0 \u00a0 \u00a0 \u00a0 \u00a0 \u00a0 \u00a0 \u00a0 \u00a0 \u00a0 \u00a0 \u00a0 \u00a0 \u00a0 \u00a0 \u00a0 \u00a0 \u00a0 \u00a0 \u00a0 \u00a0 \u00a0 \u00a0 \u00a0 \u00a0 \u00a0 \u00a0 \u00a0 \u00a0 \u00a0 \u00a0 \u00a0 \u00a0 \u00a0 \u00a0 \u00a0 \u00a0 \u00a0 \u00a0 \u00a0 \u00a0 \u00a0 \u00a0 \u00a0 \u00a0 \u00a0 \u00a0 \u00a0 \u00a0 \u00a0 \u00a0 \u00a0 \u00a0 \u00a0 \u00a0 \u00a0 \u00a0 \u00a0 \u00a0 \u00a0 \u00a0 \u00a0 \u00a0 \u00a0 \u00a0 \u00a0 \u00a0 \u00a0 \u00a0 \u00a0 \u00a0 \u00a0 \u00a0 \u00a0 \u00a0 \u00a0 \u00a0 \u00a0 \u00a0Reiseberichte &gt;&gt;<\/p>\n","protected":false},"author":1,"featured_media":7095,"parent":0,"menu_order":0,"comment_status":"closed","ping_status":"closed","template":"","meta":{"footnotes":""},"class_list":["post-7100","page","type-page","status-publish","has-post-thumbnail","hentry"],"_links":{"self":[{"href":"https:\/\/welcome-ontour.de\/wordpress\/index.php\/wp-json\/wp\/v2\/pages\/7100","targetHints":{"allow":["GET"]}}],"collection":[{"href":"https:\/\/welcome-ontour.de\/wordpress\/index.php\/wp-json\/wp\/v2\/pages"}],"about":[{"href":"https:\/\/welcome-ontour.de\/wordpress\/index.php\/wp-json\/wp\/v2\/types\/page"}],"author":[{"embeddable":true,"href":"https:\/\/welcome-ontour.de\/wordpress\/index.php\/wp-json\/wp\/v2\/users\/1"}],"replies":[{"embeddable":true,"href":"https:\/\/welcome-ontour.de\/wordpress\/index.php\/wp-json\/wp\/v2\/comments?post=7100"}],"version-history":[{"count":3,"href":"https:\/\/welcome-ontour.de\/wordpress\/index.php\/wp-json\/wp\/v2\/pages\/7100\/revisions"}],"predecessor-version":[{"id":17166,"href":"https:\/\/welcome-ontour.de\/wordpress\/index.php\/wp-json\/wp\/v2\/pages\/7100\/revisions\/17166"}],"wp:featuredmedia":[{"embeddable":true,"href":"https:\/\/welcome-ontour.de\/wordpress\/index.php\/wp-json\/wp\/v2\/media\/7095"}],"wp:attachment":[{"href":"https:\/\/welcome-ontour.de\/wordpress\/index.php\/wp-json\/wp\/v2\/media?parent=7100"}],"curies":[{"name":"wp","href":"https:\/\/api.w.org\/{rel}","templated":true}]}}