{"id":6869,"date":"2014-09-16T06:39:23","date_gmt":"2014-09-16T06:39:23","guid":{"rendered":"https:\/\/welcome-ontour.de\/wordpress\/index.php\/2014-09-08\/"},"modified":"2022-06-30T23:06:16","modified_gmt":"2022-06-30T23:06:16","slug":"2014-09-08","status":"publish","type":"page","link":"https:\/\/welcome-ontour.de\/wordpress\/index.php\/2014-09-08\/","title":{"rendered":"2014 09 08"},"content":{"rendered":"<p style=\"text-align: center;\"><span style=\"font-family: arial, helvetica, sans-serif; font-size: 8pt;\"><a href=\"https:\/\/welcome-ontour.de\/wordpress\/index.php\/2014-08-27-prolog\/\">Prolog<\/a>\u00a0 \u00a0<a href=\"https:\/\/welcome-ontour.de\/wordpress\/index.php\/2014-08-28\/\">Hinflug<\/a>\u00a0 \u00a0<a href=\"https:\/\/welcome-ontour.de\/wordpress\/index.php\/2014-08-29\/\">Vadella\/Carbo<\/a>\u00a0 \u00a0<a href=\"https:\/\/welcome-ontour.de\/wordpress\/index.php\/2014-08-30\/\">Mastella\/Figueral<\/a>\u00a0 \u00a0<a href=\"https:\/\/welcome-ontour.de\/wordpress\/index.php\/2014-08-31\/\">Portinax\/Agnes<\/a>\u00a0 \u00a0<a href=\"https:\/\/welcome-ontour.de\/wordpress\/index.php\/2014-09-01\/\">Formentera<\/a>\u00a0 \u00a0<a href=\"https:\/\/welcome-ontour.de\/wordpress\/index.php\/2014-09-02\/\">Salines\/Caleta<\/a>\u00a0 \u00a0<a href=\"https:\/\/welcome-ontour.de\/wordpress\/index.php\/2014-09-03\/\">Comte\/Codolar<\/a>\u00a0 \u00a0<a href=\"https:\/\/welcome-ontour.de\/wordpress\/index.php\/2014-09-04\/\">Salada<\/a>\u00a0 \u00a0<a href=\"https:\/\/welcome-ontour.de\/wordpress\/index.php\/2014-09-05\/\">Hort\/Carbo<\/a>\u00a0 \u00a0<a href=\"https:\/\/welcome-ontour.de\/wordpress\/index.php\/2014-09-06\/\">Gertrudis\/Vicente<\/a>\u00a0 \u00a0<a href=\"https:\/\/welcome-ontour.de\/wordpress\/index.php\/2014-09-07\/\">Comte\/Carbo<\/a>\u00a0 \u00a0<a href=\"https:\/\/welcome-ontour.de\/wordpress\/index.php\/2014-09-08\/\">R\u00fcckflug<\/a>\u00a0 \u00a0<a href=\"https:\/\/welcome-ontour.de\/wordpress\/index.php\/2014-09-09-fazit\/\">Fazit<\/a><span style=\"line-height: 1.3em;\">\u00a0<\/span><\/span><\/p>\n<p style=\"text-align: center;\"><span style=\"font-family: arial, helvetica, sans-serif; font-size: medium; line-height: 1.3em;\">\u00a0<\/span><\/p>\n<p style=\"text-align: center;\"><span style=\"font-size: 10pt;\"><a style=\"font-family: arial, helvetica, sans-serif; line-height: 1.3em;\" href=\"https:\/\/welcome-ontour.de\/wordpress\/index.php\/2014-09-07\">&lt;&lt; Zur\u00fcck<\/a><span style=\"font-family: arial, helvetica, sans-serif; line-height: 1.3em;\">\u00a0 \u00a0 \u00a0 \u00a0 \u00a0 \u00a0 \u00a0 \u00a0 \u00a0 \u00a0 \u00a0 \u00a0 \u00a0 \u00a0 \u00a0 \u00a0 \u00a0 \u00a0 \u00a0 \u00a0 \u00a0 \u00a0 \u00a0 \u00a0 \u00a0 \u00a0 \u00a0 \u00a0 \u00a0 \u00a0 \u00a0 \u00a0 \u00a0 \u00a0 \u00a0 \u00a0 \u00a0 \u00a0 \u00a0 \u00a0 \u00a0 \u00a0 \u00a0 \u00a0 \u00a0 \u00a0 \u00a0 \u00a0 \u00a0 \u00a0 \u00a0 \u00a0 \u00a0 \u00a0 \u00a0 \u00a0 \u00a0 \u00a0 \u00a0 \u00a0 \u00a0 \u00a0 \u00a0 \u00a0 \u00a0 \u00a0 \u00a0 \u00a0 \u00a0 \u00a0 \u00a0 \u00a0 \u00a0 \u00a0 \u00a0 \u00a0 \u00a0 \u00a0 \u00a0 \u00a0 \u00a0 \u00a0 \u00a0 \u00a0 \u00a0 \u00a0 \u00a0 \u00a0 \u00a0 \u00a0 \u00a0 \u00a0 \u00a0 \u00a0 \u00a0<\/span><a style=\"font-family: arial, helvetica, sans-serif; line-height: 1.3em;\" href=\"https:\/\/welcome-ontour.de\/wordpress\/index.php\/2014-09-09\">Weiter &gt;&gt;<\/a><\/span><\/p>\n<p style=\"text-align: center;\"><strong><span style=\"font-family: arial, helvetica, sans-serif; font-size: medium;\">\u00a0<\/span><\/strong><\/p>\n<p style=\"text-align: center;\"><strong><span style=\"font-family: arial, helvetica, sans-serif; font-size: medium;\">Mo 8.9.2014<\/span><\/strong><\/p>\n<p style=\"text-align: center;\"><strong><span style=\"font-family: arial, helvetica, sans-serif; font-size: medium;\">Abreise<\/span><\/strong><\/p>\n<p style=\"text-align: center;\"><span style=\"font-family: arial, helvetica, sans-serif; font-size: medium;\">\u00a0<\/span><\/p>\n<p style=\"text-align: center;\"><span style=\"font-family: arial, helvetica, sans-serif; font-size: medium;\">Um f\u00fcnf wecken, halb sechs Fr\u00fchst\u00fcck, um sechs Abfahrt.<\/span><\/p>\n<p style=\"text-align: center;\"><span style=\"font-family: arial, helvetica, sans-serif; font-size: medium;\">20 min sp\u00e4ter stellen wir den Peugeot im Parkhaus ab, werfen die Schl\u00fcssel in die Key-Box <\/span><\/p>\n<p style=\"text-align: center;\"><span style=\"font-family: arial, helvetica, sans-serif; font-size: medium;\">und begeben uns ins gegen\u00fcberliegende Abflugterminal des kleinen Ibiza Airports.<\/span><\/p>\n<p style=\"text-align: center;\"><span style=\"font-family: arial, helvetica, sans-serif; font-size: medium;\">Die Warteschlange am Air Berlin Check In ist ziemlich lang.<\/span><\/p>\n<p style=\"text-align: center;\"><span style=\"font-family: arial, helvetica, sans-serif; font-size: medium;\">Wir d\u00fcrfen dran vorbei und werden am Priority Check In unser Gep\u00e4ck los.<\/span><\/p>\n<p style=\"text-align: center;\"><span style=\"font-family: arial, helvetica, sans-serif; font-size: medium;\">Nach den Sicherheitskontrollen bummeln wir durch die Souvenirstores und senden letzte Online Gr\u00fc\u00dfe aus Ibiza.<\/span><\/p>\n<p style=\"text-align: center;\"><span style=\"font-family: arial, helvetica, sans-serif; font-size: medium;\">\u00a0<\/span><\/p>\n<p style=\"text-align: center;\"><span style=\"font-family: arial, helvetica, sans-serif; font-size: medium;\"><a href=\"https:\/\/welcome-ontour.de\/wordpress\/wp-content\/uploads\/2014\/09\/phoca_thumb_l_2014-09-08-01-img_1050.jpg\" target=\"_blank\" rel=\"noopener noreferrer\"><img decoding=\"async\" class=\" size-full wp-image-6859\" title=\"IBZ Airport\" src=\"https:\/\/welcome-ontour.de\/wordpress\/wp-content\/uploads\/2014\/09\/phoca_thumb_l_2014-09-08-01-img_1050.jpg\" width=\"264\" height=\"199\" border=\"0\" srcset=\"https:\/\/welcome-ontour.de\/wordpress\/wp-content\/uploads\/2014\/09\/phoca_thumb_l_2014-09-08-01-img_1050.jpg 800w, https:\/\/welcome-ontour.de\/wordpress\/wp-content\/uploads\/2014\/09\/phoca_thumb_l_2014-09-08-01-img_1050-300x226.jpg 300w, https:\/\/welcome-ontour.de\/wordpress\/wp-content\/uploads\/2014\/09\/phoca_thumb_l_2014-09-08-01-img_1050-768x578.jpg 768w\" sizes=\"(max-width: 264px) 100vw, 264px\" \/><\/a>\u00a0 <a href=\"https:\/\/welcome-ontour.de\/wordpress\/wp-content\/uploads\/2014\/09\/phoca_thumb_l_2014-09-08-02-img_1051.jpg\" target=\"_blank\" rel=\"noopener noreferrer\"><img decoding=\"async\" class=\" size-full wp-image-6860\" title=\"Sex, Fun &amp; Love\" src=\"https:\/\/welcome-ontour.de\/wordpress\/wp-content\/uploads\/2014\/09\/phoca_thumb_l_2014-09-08-02-img_1051.jpg\" width=\"264\" height=\"199\" border=\"0\" srcset=\"https:\/\/welcome-ontour.de\/wordpress\/wp-content\/uploads\/2014\/09\/phoca_thumb_l_2014-09-08-02-img_1051.jpg 800w, https:\/\/welcome-ontour.de\/wordpress\/wp-content\/uploads\/2014\/09\/phoca_thumb_l_2014-09-08-02-img_1051-300x226.jpg 300w, https:\/\/welcome-ontour.de\/wordpress\/wp-content\/uploads\/2014\/09\/phoca_thumb_l_2014-09-08-02-img_1051-768x578.jpg 768w\" sizes=\"(max-width: 264px) 100vw, 264px\" \/><\/a>\u00a0 <a href=\"https:\/\/welcome-ontour.de\/wordpress\/wp-content\/uploads\/2014\/09\/phoca_thumb_l_2014-09-08-03-img_1053.jpg\" target=\"_blank\" rel=\"noopener noreferrer\"><img decoding=\"async\" class=\" size-full wp-image-6861\" title=\"Ab in die Boeing ...\" src=\"https:\/\/welcome-ontour.de\/wordpress\/wp-content\/uploads\/2014\/09\/phoca_thumb_l_2014-09-08-03-img_1053.jpg\" width=\"264\" height=\"199\" border=\"0\" srcset=\"https:\/\/welcome-ontour.de\/wordpress\/wp-content\/uploads\/2014\/09\/phoca_thumb_l_2014-09-08-03-img_1053.jpg 800w, https:\/\/welcome-ontour.de\/wordpress\/wp-content\/uploads\/2014\/09\/phoca_thumb_l_2014-09-08-03-img_1053-300x226.jpg 300w, https:\/\/welcome-ontour.de\/wordpress\/wp-content\/uploads\/2014\/09\/phoca_thumb_l_2014-09-08-03-img_1053-768x578.jpg 768w\" sizes=\"(max-width: 264px) 100vw, 264px\" \/><\/a><\/span><\/p>\n<p style=\"text-align: center;\"><span style=\"font-family: arial, helvetica, sans-serif; font-size: medium;\">\u00a0<\/span><\/p>\n<p style=\"text-align: center;\"><span style=\"font-family: arial, helvetica, sans-serif; font-size: medium;\">Halb acht gehen wir in die Boeing 737-800.<\/span><\/p>\n<p style=\"text-align: center;\"><span style=\"font-family: arial, helvetica, sans-serif; font-size: medium;\">Unsere Pl\u00e4tze 5D und F sind die gleichen wie beim Hinflug.<\/span><\/p>\n<p style=\"text-align: center;\"><span style=\"font-family: arial, helvetica, sans-serif; font-size: medium;\">Wie erhofft, bleibt 5E wieder frei.<\/span><\/p>\n<p style=\"text-align: center;\"><span style=\"font-family: arial, helvetica, sans-serif; font-size: medium;\">P\u00fcnktlich 7:55 hebt AB3441 ab, berechnete Flugzeit sollen 2,5 Stunden sein.<\/span><\/p>\n<p style=\"text-align: center;\"><span style=\"font-family: arial, helvetica, sans-serif; font-size: medium;\">Es gibt noch letzte Blicke auf Es Vedra und Formenteras La Mola Plateau.<\/span><\/p>\n<p style=\"text-align: center;\"><span style=\"font-family: arial, helvetica, sans-serif; font-size: medium;\">\u00a0<\/span><\/p>\n<p style=\"text-align: center;\"><span style=\"font-family: arial, helvetica, sans-serif; font-size: medium;\"><a href=\"https:\/\/welcome-ontour.de\/wordpress\/wp-content\/uploads\/2014\/09\/phoca_thumb_l_2014-09-08-04-img_1064.jpg\" target=\"_blank\" rel=\"noopener noreferrer\"><img decoding=\"async\" class=\" size-full wp-image-6862\" title=\"Ein letzter Vedras Blick\" src=\"https:\/\/welcome-ontour.de\/wordpress\/wp-content\/uploads\/2014\/09\/phoca_thumb_l_2014-09-08-04-img_1064.jpg\" width=\"400\" height=\"301\" border=\"0\" srcset=\"https:\/\/welcome-ontour.de\/wordpress\/wp-content\/uploads\/2014\/09\/phoca_thumb_l_2014-09-08-04-img_1064.jpg 800w, https:\/\/welcome-ontour.de\/wordpress\/wp-content\/uploads\/2014\/09\/phoca_thumb_l_2014-09-08-04-img_1064-300x226.jpg 300w, https:\/\/welcome-ontour.de\/wordpress\/wp-content\/uploads\/2014\/09\/phoca_thumb_l_2014-09-08-04-img_1064-768x578.jpg 768w\" sizes=\"(max-width: 400px) 100vw, 400px\" \/><\/a>\u00a0 <a href=\"https:\/\/welcome-ontour.de\/wordpress\/wp-content\/uploads\/2014\/09\/phoca_thumb_l_2014-09-08-05-img_1071.jpg\" target=\"_blank\" rel=\"noopener noreferrer\"><img decoding=\"async\" class=\" size-full wp-image-6863\" title=\"Formentera\" src=\"https:\/\/welcome-ontour.de\/wordpress\/wp-content\/uploads\/2014\/09\/phoca_thumb_l_2014-09-08-05-img_1071.jpg\" width=\"400\" height=\"301\" border=\"0\" srcset=\"https:\/\/welcome-ontour.de\/wordpress\/wp-content\/uploads\/2014\/09\/phoca_thumb_l_2014-09-08-05-img_1071.jpg 800w, https:\/\/welcome-ontour.de\/wordpress\/wp-content\/uploads\/2014\/09\/phoca_thumb_l_2014-09-08-05-img_1071-300x226.jpg 300w, https:\/\/welcome-ontour.de\/wordpress\/wp-content\/uploads\/2014\/09\/phoca_thumb_l_2014-09-08-05-img_1071-768x578.jpg 768w\" sizes=\"(max-width: 400px) 100vw, 400px\" \/><\/a><\/span><\/p>\n<p style=\"text-align: center;\"><span style=\"font-family: arial, helvetica, sans-serif; font-size: medium;\">\u00a0<\/span><\/p>\n<p style=\"text-align: center;\"><span style=\"font-family: arial, helvetica, sans-serif; font-size: medium;\">Danach sehen wir nur noch eine dichte Wolkendecke, die nur \u00fcber den Alpen kurzzeitig aufrei\u00dft.<\/span><\/p>\n<p style=\"text-align: center;\"><span style=\"font-family: arial, helvetica, sans-serif; font-size: medium;\">\u00a0<\/span><\/p>\n<p style=\"text-align: center;\"><span style=\"font-family: arial, helvetica, sans-serif; font-size: medium;\"><a href=\"https:\/\/welcome-ontour.de\/wordpress\/wp-content\/uploads\/2014\/09\/phoca_thumb_l_2014-09-08-06-img_1079.jpg\" target=\"_blank\" rel=\"noopener noreferrer\"><img decoding=\"async\" class=\" size-full wp-image-6864\" title=\"\u00dcber den Wolken\" src=\"https:\/\/welcome-ontour.de\/wordpress\/wp-content\/uploads\/2014\/09\/phoca_thumb_l_2014-09-08-06-img_1079.jpg\" width=\"308\" height=\"232\" border=\"0\" srcset=\"https:\/\/welcome-ontour.de\/wordpress\/wp-content\/uploads\/2014\/09\/phoca_thumb_l_2014-09-08-06-img_1079.jpg 800w, https:\/\/welcome-ontour.de\/wordpress\/wp-content\/uploads\/2014\/09\/phoca_thumb_l_2014-09-08-06-img_1079-300x226.jpg 300w, https:\/\/welcome-ontour.de\/wordpress\/wp-content\/uploads\/2014\/09\/phoca_thumb_l_2014-09-08-06-img_1079-768x578.jpg 768w\" sizes=\"(max-width: 308px) 100vw, 308px\" \/><\/a>\u00a0 <a href=\"https:\/\/welcome-ontour.de\/wordpress\/wp-content\/uploads\/2014\/09\/phoca_thumb_l_2014-09-08-07-img_1078.jpg\" target=\"_blank\" rel=\"noopener noreferrer\"><img decoding=\"async\" class=\" size-full wp-image-6865\" title=\"Alpen\" src=\"https:\/\/welcome-ontour.de\/wordpress\/wp-content\/uploads\/2014\/09\/phoca_thumb_l_2014-09-08-07-img_1078.jpg\" width=\"175\" height=\"232\" border=\"0\" srcset=\"https:\/\/welcome-ontour.de\/wordpress\/wp-content\/uploads\/2014\/09\/phoca_thumb_l_2014-09-08-07-img_1078.jpg 602w, https:\/\/welcome-ontour.de\/wordpress\/wp-content\/uploads\/2014\/09\/phoca_thumb_l_2014-09-08-07-img_1078-226x300.jpg 226w\" sizes=\"(max-width: 175px) 100vw, 175px\" \/><\/a>\u00a0 <a href=\"https:\/\/welcome-ontour.de\/wordpress\/wp-content\/uploads\/2014\/09\/phoca_thumb_l_2014-09-08-08-img_1077.jpg\" target=\"_blank\" rel=\"noopener noreferrer\"><img decoding=\"async\" class=\" size-full wp-image-6866\" title=\"Alpen\" src=\"https:\/\/welcome-ontour.de\/wordpress\/wp-content\/uploads\/2014\/09\/phoca_thumb_l_2014-09-08-08-img_1077.jpg\" width=\"308\" height=\"232\" border=\"0\" srcset=\"https:\/\/welcome-ontour.de\/wordpress\/wp-content\/uploads\/2014\/09\/phoca_thumb_l_2014-09-08-08-img_1077.jpg 800w, https:\/\/welcome-ontour.de\/wordpress\/wp-content\/uploads\/2014\/09\/phoca_thumb_l_2014-09-08-08-img_1077-300x226.jpg 300w, https:\/\/welcome-ontour.de\/wordpress\/wp-content\/uploads\/2014\/09\/phoca_thumb_l_2014-09-08-08-img_1077-768x578.jpg 768w\" sizes=\"(max-width: 308px) 100vw, 308px\" \/><\/a><\/span><\/p>\n<p style=\"text-align: center;\"><span style=\"font-family: arial, helvetica, sans-serif; font-size: medium;\">\u00a0<\/span><\/p>\n<p style=\"text-align: center;\"><span style=\"font-family: arial, helvetica, sans-serif; font-size: medium;\">Der AB-Service besteht aus schnell servierten Sandwiches und Getr\u00e4nken.<\/span><\/p>\n<p style=\"text-align: center;\"><span style=\"font-family: arial, helvetica, sans-serif; font-size: medium;\">Via Genf und Stuttgart landen wir 10:20 in Berlin-Tegel.<\/span><\/p>\n<p style=\"text-align: center;\"><span style=\"font-family: arial, helvetica, sans-serif; font-size: medium;\">\u00a0<\/span><\/p>\n<p style=\"text-align: center;\"><span style=\"font-family: arial, helvetica, sans-serif; font-size: medium;\"><img decoding=\"async\" class=\" size-full wp-image-6867\" title=\"Tegel\" src=\"https:\/\/welcome-ontour.de\/wordpress\/wp-content\/uploads\/2014\/09\/phoca_thumb_l_2014-09-08-09-img_1087.jpg\" width=\"510\" height=\"384\" border=\"0\" srcset=\"https:\/\/welcome-ontour.de\/wordpress\/wp-content\/uploads\/2014\/09\/phoca_thumb_l_2014-09-08-09-img_1087.jpg 800w, https:\/\/welcome-ontour.de\/wordpress\/wp-content\/uploads\/2014\/09\/phoca_thumb_l_2014-09-08-09-img_1087-300x226.jpg 300w, https:\/\/welcome-ontour.de\/wordpress\/wp-content\/uploads\/2014\/09\/phoca_thumb_l_2014-09-08-09-img_1087-768x578.jpg 768w\" sizes=\"(max-width: 510px) 100vw, 510px\" \/> \u00a0<a href=\"https:\/\/welcome-ontour.de\/wordpress\/wp-content\/uploads\/2014\/09\/phoca_thumb_l_2014-09-08-10-img_1089.jpg\" target=\"_blank\" rel=\"noopener noreferrer\"><img decoding=\"async\" class=\" size-full wp-image-6868\" title=\"Braun gebrannt und gut erholt.\" src=\"https:\/\/welcome-ontour.de\/wordpress\/wp-content\/uploads\/2014\/09\/phoca_thumb_l_2014-09-08-10-img_1089.jpg\" width=\"289\" height=\"384\" border=\"0\" srcset=\"https:\/\/welcome-ontour.de\/wordpress\/wp-content\/uploads\/2014\/09\/phoca_thumb_l_2014-09-08-10-img_1089.jpg 602w, https:\/\/welcome-ontour.de\/wordpress\/wp-content\/uploads\/2014\/09\/phoca_thumb_l_2014-09-08-10-img_1089-226x300.jpg 226w\" sizes=\"(max-width: 289px) 100vw, 289px\" \/><\/a><\/span><\/p>\n<p style=\"text-align: center;\"><span style=\"font-family: arial, helvetica, sans-serif; font-size: medium;\">\u00a0<\/span><\/p>\n<p style=\"text-align: center;\"><span style=\"font-family: arial, helvetica, sans-serif; font-size: medium;\">Nach dem Warten auf das Gep\u00e4ck bringt uns ein wieder gut gelaunter Shuttlefahrer zu Mc Parking.<\/span><\/p>\n<p style=\"text-align: center;\"><span style=\"font-family: arial, helvetica, sans-serif; font-size: medium;\">Eine schnelle halbe Stunde sp\u00e4ter sind wir noch vormittags zu Hause.<\/span><\/p>\n<p style=\"text-align: center;\"><span style=\"font-family: arial, helvetica, sans-serif; font-size: medium;\">Braun gebrannt und gut erholt!<\/span><\/p>\n<p style=\"text-align: center;\"><span style=\"font-family: arial, helvetica, sans-serif; font-size: medium;\">\u00a0<\/span><\/p>\n<p style=\"text-align: center;\"><span style=\"font-family: arial, helvetica, sans-serif; font-size: medium;\">Gefahrene Kilometer: 21<\/span><\/p>\n<p style=\"text-align: center;\"><span style=\"font-family: arial, helvetica, sans-serif; font-size: medium;\">\u00a0<\/span><\/p>\n<p style=\"text-align: center;\"><span style=\"font-family: arial, helvetica, sans-serif; font-size: medium;\"> <span style=\"font-size: 10pt;\"><a style=\"font-family: arial, helvetica, sans-serif; line-height: 1.3em;\" href=\"https:\/\/welcome-ontour.de\/wordpress\/index.php\/2014-09-07\">&lt;&lt; Zur\u00fcck<\/a><span style=\"font-family: arial, helvetica, sans-serif; line-height: 1.3em;\">\u00a0 \u00a0 \u00a0 \u00a0 \u00a0 \u00a0 \u00a0 \u00a0 \u00a0 \u00a0 \u00a0 \u00a0 \u00a0 \u00a0 \u00a0 \u00a0 \u00a0 \u00a0 \u00a0 \u00a0 \u00a0 \u00a0 \u00a0 \u00a0 \u00a0 \u00a0 \u00a0 \u00a0 \u00a0 \u00a0 \u00a0 \u00a0 \u00a0 \u00a0 \u00a0 \u00a0 \u00a0 \u00a0 \u00a0 \u00a0 \u00a0 \u00a0 \u00a0 \u00a0 \u00a0 \u00a0 \u00a0 \u00a0 \u00a0 \u00a0 \u00a0 \u00a0 \u00a0 \u00a0 \u00a0 \u00a0 \u00a0 \u00a0 \u00a0 \u00a0 \u00a0 \u00a0 \u00a0 \u00a0 \u00a0 \u00a0 \u00a0 \u00a0 \u00a0 \u00a0 \u00a0 \u00a0 \u00a0 \u00a0 \u00a0 \u00a0 \u00a0 \u00a0 \u00a0 \u00a0 \u00a0 \u00a0 \u00a0 \u00a0 \u00a0 \u00a0 \u00a0 \u00a0 \u00a0 \u00a0 \u00a0 \u00a0 \u00a0 \u00a0 \u00a0<\/span><a style=\"font-family: arial, helvetica, sans-serif; line-height: 1.3em;\" href=\"https:\/\/welcome-ontour.de\/wordpress\/index.php\/2014-09-09\">Weiter &gt;&gt;<\/a><\/span><\/span><\/p>\n","protected":false},"excerpt":{"rendered":"<p>Prolog\u00a0 \u00a0Hinflug\u00a0 \u00a0Vadella\/Carbo\u00a0 \u00a0Mastella\/Figueral\u00a0 \u00a0Portinax\/Agnes\u00a0 \u00a0Formentera\u00a0 \u00a0Salines\/Caleta\u00a0 \u00a0Comte\/Codolar\u00a0 \u00a0Salada\u00a0 \u00a0Hort\/Carbo\u00a0 \u00a0Gertrudis\/Vicente\u00a0 \u00a0Comte\/Carbo\u00a0 \u00a0R\u00fcckflug\u00a0 \u00a0Fazit\u00a0 \u00a0 &lt;&lt; Zur\u00fcck\u00a0 \u00a0 \u00a0 \u00a0 \u00a0 \u00a0 \u00a0 \u00a0 \u00a0 \u00a0 \u00a0 \u00a0 \u00a0 \u00a0 \u00a0 \u00a0 \u00a0 \u00a0 \u00a0 \u00a0 \u00a0 \u00a0 \u00a0 \u00a0 \u00a0 \u00a0 \u00a0 \u00a0 \u00a0 \u00a0 \u00a0 \u00a0 \u00a0 \u00a0 \u00a0 \u00a0 \u00a0 \u00a0 \u00a0 \u00a0 \u00a0 \u00a0 \u00a0 \u00a0 \u00a0 \u00a0 \u00a0 \u00a0 \u00a0 \u00a0 \u00a0 \u00a0 \u00a0 \u00a0 \u00a0 \u00a0 \u00a0 \u00a0 \u00a0 \u00a0 \u00a0 \u00a0 \u00a0 \u00a0 \u00a0 \u00a0 \u00a0 \u00a0 \u00a0 \u00a0 \u00a0 \u00a0 \u00a0 \u00a0 \u00a0 \u00a0 \u00a0 \u00a0 \u00a0 \u00a0 \u00a0 \u00a0 \u00a0 \u00a0 \u00a0 \u00a0 \u00a0 \u00a0 \u00a0 \u00a0 \u00a0 \u00a0 \u00a0 \u00a0 \u00a0Weiter &gt;&gt; \u00a0 Mo 8.9.2014 Abreise \u00a0 Um f\u00fcnf wecken, halb sechs Fr\u00fchst\u00fcck, um sechs Abfahrt. 20 min sp\u00e4ter stellen wir den Peugeot im Parkhaus ab, werfen die Schl\u00fcssel in die Key-Box und begeben uns ins gegen\u00fcberliegende Abflugterminal des kleinen Ibiza Airports. Die Warteschlange am Air Berlin Check In ist ziemlich lang. Wir d\u00fcrfen dran vorbei und werden am Priority Check In unser Gep\u00e4ck los. Nach den Sicherheitskontrollen bummeln wir durch die Souvenirstores und senden letzte Online Gr\u00fc\u00dfe aus Ibiza. \u00a0 \u00a0 \u00a0 \u00a0 Halb acht gehen wir in die Boeing 737-800. Unsere Pl\u00e4tze 5D und F sind die gleichen wie beim Hinflug. Wie erhofft, bleibt 5E wieder frei. P\u00fcnktlich 7:55 hebt AB3441 ab, berechnete Flugzeit sollen 2,5 Stunden sein. Es gibt noch letzte Blicke auf Es Vedra und Formenteras La Mola Plateau. \u00a0 \u00a0 \u00a0 Danach sehen wir nur noch eine dichte Wolkendecke, die nur \u00fcber den Alpen kurzzeitig aufrei\u00dft. \u00a0 \u00a0 \u00a0 \u00a0 Der AB-Service besteht aus schnell servierten Sandwiches und Getr\u00e4nken. Via Genf und Stuttgart landen wir 10:20 in Berlin-Tegel. \u00a0 \u00a0 \u00a0 Nach dem Warten auf das Gep\u00e4ck bringt uns ein wieder gut gelaunter Shuttlefahrer zu Mc Parking. Eine schnelle halbe Stunde sp\u00e4ter sind wir noch vormittags zu Hause. Braun gebrannt und gut erholt! \u00a0 Gefahrene Kilometer: 21 \u00a0 &lt;&lt; Zur\u00fcck\u00a0 \u00a0 \u00a0 \u00a0 \u00a0 \u00a0 \u00a0 \u00a0 \u00a0 \u00a0 \u00a0 \u00a0 \u00a0 \u00a0 \u00a0 \u00a0 \u00a0 \u00a0 \u00a0 \u00a0 \u00a0 \u00a0 \u00a0 \u00a0 \u00a0 \u00a0 \u00a0 \u00a0 \u00a0 \u00a0 \u00a0 \u00a0 \u00a0 \u00a0 \u00a0 \u00a0 \u00a0 \u00a0 \u00a0 \u00a0 \u00a0 \u00a0 \u00a0 \u00a0 \u00a0 \u00a0 \u00a0 \u00a0 \u00a0 \u00a0 \u00a0 \u00a0 \u00a0 \u00a0 \u00a0 \u00a0 \u00a0 \u00a0 \u00a0 \u00a0 \u00a0 \u00a0 \u00a0 \u00a0 \u00a0 \u00a0 \u00a0 \u00a0 \u00a0 \u00a0 \u00a0 \u00a0 \u00a0 \u00a0 \u00a0 \u00a0 \u00a0 \u00a0 \u00a0 \u00a0 \u00a0 \u00a0 \u00a0 \u00a0 \u00a0 \u00a0 \u00a0 \u00a0 \u00a0 \u00a0 \u00a0 \u00a0 \u00a0 \u00a0 \u00a0Weiter &gt;&gt;<\/p>\n","protected":false},"author":1,"featured_media":6859,"parent":0,"menu_order":1,"comment_status":"closed","ping_status":"closed","template":"","meta":{"footnotes":""},"class_list":["post-6869","page","type-page","status-publish","has-post-thumbnail","hentry"],"_links":{"self":[{"href":"https:\/\/welcome-ontour.de\/wordpress\/index.php\/wp-json\/wp\/v2\/pages\/6869","targetHints":{"allow":["GET"]}}],"collection":[{"href":"https:\/\/welcome-ontour.de\/wordpress\/index.php\/wp-json\/wp\/v2\/pages"}],"about":[{"href":"https:\/\/welcome-ontour.de\/wordpress\/index.php\/wp-json\/wp\/v2\/types\/page"}],"author":[{"embeddable":true,"href":"https:\/\/welcome-ontour.de\/wordpress\/index.php\/wp-json\/wp\/v2\/users\/1"}],"replies":[{"embeddable":true,"href":"https:\/\/welcome-ontour.de\/wordpress\/index.php\/wp-json\/wp\/v2\/comments?post=6869"}],"version-history":[{"count":3,"href":"https:\/\/welcome-ontour.de\/wordpress\/index.php\/wp-json\/wp\/v2\/pages\/6869\/revisions"}],"predecessor-version":[{"id":17187,"href":"https:\/\/welcome-ontour.de\/wordpress\/index.php\/wp-json\/wp\/v2\/pages\/6869\/revisions\/17187"}],"wp:featuredmedia":[{"embeddable":true,"href":"https:\/\/welcome-ontour.de\/wordpress\/index.php\/wp-json\/wp\/v2\/media\/6859"}],"wp:attachment":[{"href":"https:\/\/welcome-ontour.de\/wordpress\/index.php\/wp-json\/wp\/v2\/media?parent=6869"}],"curies":[{"name":"wp","href":"https:\/\/api.w.org\/{rel}","templated":true}]}}