{"id":6694,"date":"2014-09-16T06:37:19","date_gmt":"2014-09-16T06:37:19","guid":{"rendered":"https:\/\/welcome-ontour.de\/wordpress\/index.php\/2014-08-31\/"},"modified":"2022-06-30T23:06:40","modified_gmt":"2022-06-30T23:06:40","slug":"2014-08-31","status":"publish","type":"page","link":"https:\/\/welcome-ontour.de\/wordpress\/index.php\/2014-08-31\/","title":{"rendered":"2014 08 31"},"content":{"rendered":"<p style=\"text-align: center;\"><span style=\"font-family: arial, helvetica, sans-serif; font-size: 8pt;\"><a href=\"https:\/\/welcome-ontour.de\/wordpress\/index.php\/2014-08-27-prolog\/\">Prolog<\/a>\u00a0 \u00a0<a href=\"https:\/\/welcome-ontour.de\/wordpress\/index.php\/2014-08-28\/\">Hinflug<\/a>\u00a0 \u00a0<a href=\"https:\/\/welcome-ontour.de\/wordpress\/index.php\/2014-08-29\/\">Vadella\/Carbo<\/a>\u00a0 \u00a0<a href=\"https:\/\/welcome-ontour.de\/wordpress\/index.php\/2014-08-30\/\">Mastella\/Figueral<\/a>\u00a0 \u00a0<a href=\"https:\/\/welcome-ontour.de\/wordpress\/index.php\/2014-08-31\/\">Portinax\/Agnes<\/a>\u00a0 \u00a0<a href=\"https:\/\/welcome-ontour.de\/wordpress\/index.php\/2014-09-01\/\">Formentera<\/a>\u00a0 \u00a0<a href=\"https:\/\/welcome-ontour.de\/wordpress\/index.php\/2014-09-02\/\">Salines\/Caleta<\/a>\u00a0 \u00a0<a href=\"https:\/\/welcome-ontour.de\/wordpress\/index.php\/2014-09-03\/\">Comte\/Codolar<\/a>\u00a0 \u00a0<a href=\"https:\/\/welcome-ontour.de\/wordpress\/index.php\/2014-09-04\/\">Salada<\/a>\u00a0 \u00a0<a href=\"https:\/\/welcome-ontour.de\/wordpress\/index.php\/2014-09-05\/\">Hort\/Carbo<\/a>\u00a0 \u00a0<a href=\"https:\/\/welcome-ontour.de\/wordpress\/index.php\/2014-09-06\/\">Gertrudis\/Vicente<\/a>\u00a0 \u00a0<a href=\"https:\/\/welcome-ontour.de\/wordpress\/index.php\/2014-09-07\/\">Comte\/Carbo<\/a>\u00a0 \u00a0<a href=\"https:\/\/welcome-ontour.de\/wordpress\/index.php\/2014-09-08\/\">R\u00fcckflug<\/a>\u00a0 \u00a0<a href=\"https:\/\/welcome-ontour.de\/wordpress\/index.php\/2014-09-09-fazit\/\">Fazit<\/a><span style=\"line-height: 1.3em;\">\u00a0<\/span><\/span><\/p>\n<p style=\"text-align: center;\"><span style=\"font-family: arial, helvetica, sans-serif; font-size: medium; line-height: 1.3em;\">\u00a0<\/span><\/p>\n<p style=\"text-align: center;\"><span style=\"font-size: 10pt;\"><a style=\"font-family: arial, helvetica, sans-serif; line-height: 1.3em;\" href=\"https:\/\/welcome-ontour.de\/wordpress\/index.php\/2014-08-30\">&lt;&lt; Zur\u00fcck<\/a><span style=\"font-family: arial, helvetica, sans-serif; line-height: 1.3em;\">\u00a0 \u00a0 \u00a0 \u00a0 \u00a0 \u00a0 \u00a0 \u00a0 \u00a0 \u00a0 \u00a0 \u00a0 \u00a0 \u00a0 \u00a0 \u00a0 \u00a0 \u00a0 \u00a0 \u00a0 \u00a0 \u00a0 \u00a0 \u00a0 \u00a0 \u00a0 \u00a0 \u00a0 \u00a0 \u00a0 \u00a0 \u00a0 \u00a0 \u00a0 \u00a0 \u00a0 \u00a0 \u00a0 \u00a0 \u00a0 \u00a0 \u00a0 \u00a0 \u00a0 \u00a0 \u00a0 \u00a0 \u00a0 \u00a0 \u00a0 \u00a0 \u00a0 \u00a0 \u00a0 \u00a0 \u00a0 \u00a0 \u00a0 \u00a0 \u00a0 \u00a0 \u00a0 \u00a0 \u00a0 \u00a0 \u00a0 \u00a0 \u00a0 \u00a0 \u00a0 \u00a0 \u00a0 \u00a0 \u00a0 \u00a0 \u00a0 \u00a0 \u00a0 \u00a0 \u00a0 \u00a0 \u00a0 \u00a0 \u00a0 \u00a0 \u00a0 \u00a0 \u00a0 \u00a0 \u00a0 \u00a0 \u00a0 \u00a0 \u00a0 \u00a0<\/span><a style=\"font-family: arial, helvetica, sans-serif; line-height: 1.3em;\" href=\"https:\/\/welcome-ontour.de\/wordpress\/index.php\/2014-09-01\">Weiter &gt;&gt;<\/a><\/span><\/p>\n<p style=\"text-align: center;\"><strong><span style=\"font-family: arial, helvetica, sans-serif; font-size: medium;\">\u00a0<\/span><\/strong><\/p>\n<p style=\"text-align: center;\"><strong style=\"line-height: 1.3em;\"><span style=\"font-family: arial, helvetica, sans-serif; font-size: medium;\">So 31.8.2014<\/span><\/strong><\/p>\n<p style=\"text-align: center;\"><strong style=\"line-height: 1.3em;\"><span style=\"font-family: arial, helvetica, sans-serif; font-size: medium;\">Portinax \/ Santa Agnes<\/span><\/strong><\/p>\n<p style=\"text-align: center;\"><span style=\"font-family: arial, helvetica, sans-serif; font-size: medium;\">\u00a0<\/span><\/p>\n<p style=\"text-align: center;\"><span style=\"font-family: arial, helvetica, sans-serif; font-size: medium;\">Wir k\u00f6nnten erheblich l\u00e4nger schlafen, sch\u00e4len uns aber vor acht aus den Betten.<\/span><\/p>\n<p style=\"text-align: center;\"><span style=\"font-family: arial, helvetica, sans-serif; font-size: medium;\">Nach einem wiederum Klasse Breakfast sind wir bereits um neun unterwegs zur felsigen Nordk\u00fcste.<\/span><\/p>\n<p style=\"text-align: center;\"><span style=\"font-family: arial, helvetica, sans-serif; font-size: medium;\">Sind kurz nach halb zehn in Portinax und fahren gleich durch an die verwunschene Bucht der Cala den Serra.<\/span><\/p>\n<p style=\"text-align: center;\"><span style=\"font-family: arial, helvetica, sans-serif; font-size: medium;\">\u00a0<\/span><\/p>\n<p style=\"text-align: center;\"><span style=\"font-family: arial, helvetica, sans-serif; font-size: medium;\"><img decoding=\"async\" class=\" size-full wp-image-6687\" title=\"Cala Serra\" src=\"https:\/\/welcome-ontour.de\/wordpress\/wp-content\/uploads\/2014\/09\/phoca_thumb_l_2014-08-31-01-cala-serra-1.jpg\" width=\"400\" height=\"302\" border=\"0\" srcset=\"https:\/\/welcome-ontour.de\/wordpress\/wp-content\/uploads\/2014\/09\/phoca_thumb_l_2014-08-31-01-cala-serra-1.jpg 450w, https:\/\/welcome-ontour.de\/wordpress\/wp-content\/uploads\/2014\/09\/phoca_thumb_l_2014-08-31-01-cala-serra-1-300x227.jpg 300w\" sizes=\"(max-width: 400px) 100vw, 400px\" \/>\u00a0 <img decoding=\"async\" class=\" size-full wp-image-6688\" title=\"Cala Serra\" src=\"https:\/\/welcome-ontour.de\/wordpress\/wp-content\/uploads\/2014\/09\/phoca_thumb_l_2014-08-31-02-cala-serra-2.jpg\" width=\"400\" height=\"302\" border=\"0\" srcset=\"https:\/\/welcome-ontour.de\/wordpress\/wp-content\/uploads\/2014\/09\/phoca_thumb_l_2014-08-31-02-cala-serra-2.jpg 450w, https:\/\/welcome-ontour.de\/wordpress\/wp-content\/uploads\/2014\/09\/phoca_thumb_l_2014-08-31-02-cala-serra-2-300x226.jpg 300w\" sizes=\"(max-width: 400px) 100vw, 400px\" \/><\/span><\/p>\n<p style=\"text-align: center;\"><span style=\"font-family: arial, helvetica, sans-serif; font-size: medium;\">\u00a0<\/span><\/p>\n<p style=\"text-align: center;\"><span style=\"font-family: arial, helvetica, sans-serif; font-size: medium;\">Zu erreichen nur \u00fcber einen steil abfallenden Ger\u00f6llweg, den der Corsa bergab problemlos meistert.<\/span><\/p>\n<p style=\"text-align: center;\"><span style=\"font-family: arial, helvetica, sans-serif; font-size: medium;\">Die Bucht ist noch fast leer, hat einen kleinen grobsteinigen Strand und l\u00e4dt zum Schwimmen ein.<\/span><\/p>\n<p style=\"text-align: center;\"><span style=\"font-family: arial, helvetica, sans-serif; font-size: medium;\">\u00a0<\/span><\/p>\n<p style=\"text-align: center;\"><span style=\"font-family: arial, helvetica, sans-serif; font-size: medium;\"><a href=\"https:\/\/welcome-ontour.de\/wordpress\/wp-content\/uploads\/2014\/09\/phoca_thumb_l_2014-08-31-03-dsc06092_stitch.jpg\" target=\"_blank\" rel=\"noopener noreferrer\"><img decoding=\"async\" class=\" size-full wp-image-6689\" title=\"Cala Serra\" src=\"https:\/\/welcome-ontour.de\/wordpress\/wp-content\/uploads\/2014\/09\/phoca_thumb_l_2014-08-31-03-dsc06092_stitch.jpg\" width=\"810\" height=\"394\" border=\"0\" srcset=\"https:\/\/welcome-ontour.de\/wordpress\/wp-content\/uploads\/2014\/09\/phoca_thumb_l_2014-08-31-03-dsc06092_stitch.jpg 1800w, https:\/\/welcome-ontour.de\/wordpress\/wp-content\/uploads\/2014\/09\/phoca_thumb_l_2014-08-31-03-dsc06092_stitch-300x146.jpg 300w, https:\/\/welcome-ontour.de\/wordpress\/wp-content\/uploads\/2014\/09\/phoca_thumb_l_2014-08-31-03-dsc06092_stitch-1024x498.jpg 1024w, https:\/\/welcome-ontour.de\/wordpress\/wp-content\/uploads\/2014\/09\/phoca_thumb_l_2014-08-31-03-dsc06092_stitch-768x373.jpg 768w, https:\/\/welcome-ontour.de\/wordpress\/wp-content\/uploads\/2014\/09\/phoca_thumb_l_2014-08-31-03-dsc06092_stitch-1536x747.jpg 1536w, https:\/\/welcome-ontour.de\/wordpress\/wp-content\/uploads\/2014\/09\/phoca_thumb_l_2014-08-31-03-dsc06092_stitch-1568x762.jpg 1568w\" sizes=\"(max-width: 810px) 100vw, 810px\" \/><\/a><\/span><\/p>\n<p style=\"text-align: center;\"><span style=\"font-family: arial, helvetica, sans-serif; font-size: medium;\">\u00a0<\/span><\/p>\n<p style=\"text-align: center;\"><span style=\"font-family: arial, helvetica, sans-serif; font-size: medium;\">Bis zum fr\u00fchen Nachmittag bleiben wir hier, genie\u00dfen das hochsommerliche Wetter und das glasklare Meerwasser.<\/span><\/p>\n<p style=\"text-align: center;\"><span style=\"font-family: arial, helvetica, sans-serif; font-size: medium;\">\u00a0<\/span><\/p>\n<p style=\"text-align: center;\"><span style=\"font-family: arial, helvetica, sans-serif; font-size: medium;\"><a href=\"https:\/\/welcome-ontour.de\/wordpress\/wp-content\/uploads\/2014\/09\/phoca_thumb_l_2014-08-31-04-dsc06103_stitch.jpg\" target=\"_blank\" rel=\"noopener noreferrer\"><img decoding=\"async\" class=\" size-full wp-image-6690\" title=\"Cala Serra\" src=\"https:\/\/welcome-ontour.de\/wordpress\/wp-content\/uploads\/2014\/09\/phoca_thumb_l_2014-08-31-04-dsc06103_stitch.jpg\" width=\"810\" height=\"334\" border=\"0\" srcset=\"https:\/\/welcome-ontour.de\/wordpress\/wp-content\/uploads\/2014\/09\/phoca_thumb_l_2014-08-31-04-dsc06103_stitch.jpg 1800w, https:\/\/welcome-ontour.de\/wordpress\/wp-content\/uploads\/2014\/09\/phoca_thumb_l_2014-08-31-04-dsc06103_stitch-300x124.jpg 300w, https:\/\/welcome-ontour.de\/wordpress\/wp-content\/uploads\/2014\/09\/phoca_thumb_l_2014-08-31-04-dsc06103_stitch-1024x423.jpg 1024w, https:\/\/welcome-ontour.de\/wordpress\/wp-content\/uploads\/2014\/09\/phoca_thumb_l_2014-08-31-04-dsc06103_stitch-768x317.jpg 768w, https:\/\/welcome-ontour.de\/wordpress\/wp-content\/uploads\/2014\/09\/phoca_thumb_l_2014-08-31-04-dsc06103_stitch-1536x634.jpg 1536w, https:\/\/welcome-ontour.de\/wordpress\/wp-content\/uploads\/2014\/09\/phoca_thumb_l_2014-08-31-04-dsc06103_stitch-1568x647.jpg 1568w\" sizes=\"(max-width: 810px) 100vw, 810px\" \/><\/a><\/span><\/p>\n<p style=\"text-align: center;\"><span style=\"font-family: arial, helvetica, sans-serif; font-size: medium;\">\u00a0<\/span><\/p>\n<p style=\"text-align: center;\"><span style=\"font-family: arial, helvetica, sans-serif; font-size: medium;\">Halb vier bringt uns der Corsa ohne Schwierigkeiten wieder den Berg hinauf.\u00a0<\/span><span style=\"font-family: arial, helvetica, sans-serif; font-size: medium; line-height: 1.3em;\">Wir fahren auf Nebenstra\u00dfen <\/span><\/p>\n<p style=\"text-align: center;\"><span style=\"font-family: arial, helvetica, sans-serif; font-size: medium; line-height: 1.3em;\">durch Orangenfelder, Olivenhaine und Feigenw\u00e4lder via San Miguel und San Mateo nach Santa Agnes.<\/span><\/p>\n<p style=\"text-align: center;\"><span style=\"font-family: arial, helvetica, sans-serif; font-size: medium;\">\u00a0<\/span><\/p>\n<p style=\"text-align: center;\"><span style=\"font-family: arial, helvetica, sans-serif; font-size: medium;\"><img decoding=\"async\" class=\" size-full wp-image-6691\" title=\"St. Agnes\" src=\"https:\/\/welcome-ontour.de\/wordpress\/wp-content\/uploads\/2014\/09\/phoca_thumb_l_2014-08-31-05-agnes1.jpg\" width=\"400\" height=\"268\" border=\"0\" srcset=\"https:\/\/welcome-ontour.de\/wordpress\/wp-content\/uploads\/2014\/09\/phoca_thumb_l_2014-08-31-05-agnes1.jpg 450w, https:\/\/welcome-ontour.de\/wordpress\/wp-content\/uploads\/2014\/09\/phoca_thumb_l_2014-08-31-05-agnes1-300x201.jpg 300w\" sizes=\"(max-width: 400px) 100vw, 400px\" \/>\u00a0 <img decoding=\"async\" class=\" size-full wp-image-6692\" title=\"Bar Can Cosmi\" src=\"https:\/\/welcome-ontour.de\/wordpress\/wp-content\/uploads\/2014\/09\/phoca_thumb_l_2014-08-31-06-agnes2.jpg\" width=\"400\" height=\"268\" border=\"0\" srcset=\"https:\/\/welcome-ontour.de\/wordpress\/wp-content\/uploads\/2014\/09\/phoca_thumb_l_2014-08-31-06-agnes2.jpg 450w, https:\/\/welcome-ontour.de\/wordpress\/wp-content\/uploads\/2014\/09\/phoca_thumb_l_2014-08-31-06-agnes2-300x201.jpg 300w\" sizes=\"(max-width: 400px) 100vw, 400px\" \/><\/span><\/p>\n<p style=\"text-align: center;\"><span style=\"font-family: arial, helvetica, sans-serif; font-size: medium;\">\u00a0<\/span><\/p>\n<p style=\"text-align: center;\"><span style=\"font-family: arial, helvetica, sans-serif; font-size: medium;\">Der Kaffee in der Cafeteria Can Cosmi schmeckt noch genau so gut wie vor 15 Jahren.<\/span><\/p>\n<p style=\"text-align: center;\"><span style=\"font-family: arial, helvetica, sans-serif; font-size: medium;\">Im gegen\u00fcber liegenden Restaurant bekommt Ute ihren gegrillten Tintenfisch <\/span><\/p>\n<p style=\"text-align: center;\"><span style=\"font-family: arial, helvetica, sans-serif; font-size: medium;\">und f\u00fcr mich springt eine perfekt bereitete Tonpfanne mit Gambas al Ajillo raus.<\/span><\/p>\n<p style=\"text-align: center;\"><span style=\"font-family: arial, helvetica, sans-serif; font-size: medium;\">Den R\u00fcckweg fahren wir in der flachen Sp\u00e4tnachmittagssonne \u00fcber die Bergstra\u00dfen der Nordwestk\u00fcste.<\/span><\/p>\n<p style=\"text-align: center;\"><span style=\"font-family: arial, helvetica, sans-serif; font-size: medium;\">Irgendwann ist St. Antonio in Sicht und halb sieben rollen wir in die zweitgr\u00f6\u00dfte Stadt der Insel ein.<\/span><\/p>\n<p style=\"text-align: center;\"><span style=\"font-family: arial, helvetica, sans-serif; font-size: medium;\">Halb acht sitzen wir wie frisch aus dem Ei gepellt beim Abendessen.<\/span><\/p>\n<p style=\"text-align: center;\"><span style=\"font-family: arial, helvetica, sans-serif; font-size: medium;\">Irgendwie hat auch dieser Sonnentag geschlaucht.<\/span><\/p>\n<p style=\"text-align: center;\"><span style=\"font-family: arial, helvetica, sans-serif; font-size: medium;\">Nach Chicken, Paella und zu viel regionalen Nachspeisen <\/span><\/p>\n<p style=\"text-align: center;\"><span style=\"font-family: arial, helvetica, sans-serif; font-size: medium;\">holen wir uns an der Rezeption Tickets f\u00fcr die morgige F\u00e4hre nach Formentera.<\/span><\/p>\n<p style=\"text-align: center;\"><span style=\"font-family: arial, helvetica, sans-serif; font-size: medium;\">Die Abfahrt aus dem Hafen von St. Antonio ist morgens um zehn, zur\u00fcck ab Formentera abends 18:00.<\/span><\/p>\n<p style=\"text-align: center;\"><span style=\"font-family: arial, helvetica, sans-serif; font-size: medium;\">Die \u00dcberfahrt f\u00fchrt entlang der zauberhaften S\u00fcdwestk\u00fcste Ibizas, dauert 90 &#8211; 120 min und kostet 29 Euro pro Person.<\/span><\/p>\n<p style=\"text-align: center;\"><span style=\"font-family: arial, helvetica, sans-serif; font-size: medium;\">Nach den Balkon-Absackern sind wir um zehn reif f\u00fcr die jeden Tag frisch bezogenen Betten.<\/span><\/p>\n<p style=\"text-align: center;\"><span style=\"font-family: arial, helvetica, sans-serif; font-size: medium;\">V\u00f6llig erschossen, nur durch Sonne und Wasser.<\/span><\/p>\n<p style=\"text-align: center;\"><span style=\"font-family: arial, helvetica, sans-serif; font-size: medium;\">\u00a0<\/span><\/p>\n<p style=\"text-align: center;\"><span style=\"font-family: arial, helvetica, sans-serif; font-size: medium;\"><a href=\"https:\/\/welcome-ontour.de\/wordpress\/wp-content\/uploads\/2014\/09\/phoca_thumb_l_2014-08-31-07-dsc06979.jpg\" target=\"_blank\" rel=\"noopener noreferrer\"><img decoding=\"async\" class=\" size-full wp-image-6693\" title=\"Sunset\" src=\"https:\/\/welcome-ontour.de\/wordpress\/wp-content\/uploads\/2014\/09\/phoca_thumb_l_2014-08-31-07-dsc06979.jpg\" width=\"810\" height=\"543\" border=\"0\" srcset=\"https:\/\/welcome-ontour.de\/wordpress\/wp-content\/uploads\/2014\/09\/phoca_thumb_l_2014-08-31-07-dsc06979.jpg 1491w, https:\/\/welcome-ontour.de\/wordpress\/wp-content\/uploads\/2014\/09\/phoca_thumb_l_2014-08-31-07-dsc06979-300x201.jpg 300w, https:\/\/welcome-ontour.de\/wordpress\/wp-content\/uploads\/2014\/09\/phoca_thumb_l_2014-08-31-07-dsc06979-1024x687.jpg 1024w, https:\/\/welcome-ontour.de\/wordpress\/wp-content\/uploads\/2014\/09\/phoca_thumb_l_2014-08-31-07-dsc06979-768x515.jpg 768w\" sizes=\"(max-width: 810px) 100vw, 810px\" \/><\/a><\/span><\/p>\n<p style=\"text-align: center;\"><span style=\"font-family: arial, helvetica, sans-serif; font-size: medium;\">\u00a0<\/span><\/p>\n<p style=\"text-align: center;\"><span style=\"font-family: arial, helvetica, sans-serif; font-size: medium;\">\u00a0<\/span><\/p>\n<p style=\"text-align: center;\"><span style=\"font-family: arial, helvetica, sans-serif; font-size: medium;\">Gefahrene Kilometer: 85<\/span><\/p>\n<p style=\"text-align: center;\"><span style=\"font-family: arial, helvetica, sans-serif; font-size: medium;\">\u00a0<\/span><\/p>\n<p style=\"text-align: center;\"><span style=\"font-family: arial, helvetica, sans-serif; font-size: medium;\">\u00dcbernachtung: <a href=\"http:\/\/www.hotelosiris.com\/index_ger.html\" target=\"_blank\" rel=\"noopener noreferrer\">Hotel Osiris<\/a>, St. Antonio, Ibiza<\/span><\/p>\n<p style=\"text-align: center;\"><span style=\"font-family: arial, helvetica, sans-serif; font-size: medium;\">\u00a0<\/span><\/p>\n<p style=\"text-align: center;\"><span style=\"font-family: arial, helvetica, sans-serif; font-size: medium;\"> <span style=\"font-size: 10pt;\"><a style=\"font-family: arial, helvetica, sans-serif; line-height: 1.3em;\" href=\"https:\/\/welcome-ontour.de\/wordpress\/index.php\/2014-08-30\">&lt;&lt; Zur\u00fcck<\/a><span style=\"font-family: arial, helvetica, sans-serif; line-height: 1.3em;\">\u00a0 \u00a0 \u00a0 \u00a0 \u00a0 \u00a0 \u00a0 \u00a0 \u00a0 \u00a0 \u00a0 \u00a0 \u00a0 \u00a0 \u00a0 \u00a0 \u00a0 \u00a0 \u00a0 \u00a0 \u00a0 \u00a0 \u00a0 \u00a0 \u00a0 \u00a0 \u00a0 \u00a0 \u00a0 \u00a0 \u00a0 \u00a0 \u00a0 \u00a0 \u00a0 \u00a0 \u00a0 \u00a0 \u00a0 \u00a0 \u00a0 \u00a0 \u00a0 \u00a0 \u00a0 \u00a0 \u00a0 \u00a0 \u00a0 \u00a0 \u00a0 \u00a0 \u00a0 \u00a0 \u00a0 \u00a0 \u00a0 \u00a0 \u00a0 \u00a0 \u00a0 \u00a0 \u00a0 \u00a0 \u00a0 \u00a0 \u00a0 \u00a0 \u00a0 \u00a0 \u00a0 \u00a0 \u00a0 \u00a0 \u00a0 \u00a0 \u00a0 \u00a0 \u00a0 \u00a0 \u00a0 \u00a0 \u00a0 \u00a0 \u00a0 \u00a0 \u00a0 \u00a0 \u00a0 \u00a0 \u00a0 \u00a0 \u00a0 \u00a0 \u00a0<\/span><a style=\"font-family: arial, helvetica, sans-serif; line-height: 1.3em;\" href=\"https:\/\/welcome-ontour.de\/wordpress\/index.php\/2014-09-01\">Weiter &gt;&gt;<\/a><\/span><\/span><\/p>\n","protected":false},"excerpt":{"rendered":"<p>Prolog\u00a0 \u00a0Hinflug\u00a0 \u00a0Vadella\/Carbo\u00a0 \u00a0Mastella\/Figueral\u00a0 \u00a0Portinax\/Agnes\u00a0 \u00a0Formentera\u00a0 \u00a0Salines\/Caleta\u00a0 \u00a0Comte\/Codolar\u00a0 \u00a0Salada\u00a0 \u00a0Hort\/Carbo\u00a0 \u00a0Gertrudis\/Vicente\u00a0 \u00a0Comte\/Carbo\u00a0 \u00a0R\u00fcckflug\u00a0 \u00a0Fazit\u00a0 \u00a0 &lt;&lt; Zur\u00fcck\u00a0 \u00a0 \u00a0 \u00a0 \u00a0 \u00a0 \u00a0 \u00a0 \u00a0 \u00a0 \u00a0 \u00a0 \u00a0 \u00a0 \u00a0 \u00a0 \u00a0 \u00a0 \u00a0 \u00a0 \u00a0 \u00a0 \u00a0 \u00a0 \u00a0 \u00a0 \u00a0 \u00a0 \u00a0 \u00a0 \u00a0 \u00a0 \u00a0 \u00a0 \u00a0 \u00a0 \u00a0 \u00a0 \u00a0 \u00a0 \u00a0 \u00a0 \u00a0 \u00a0 \u00a0 \u00a0 \u00a0 \u00a0 \u00a0 \u00a0 \u00a0 \u00a0 \u00a0 \u00a0 \u00a0 \u00a0 \u00a0 \u00a0 \u00a0 \u00a0 \u00a0 \u00a0 \u00a0 \u00a0 \u00a0 \u00a0 \u00a0 \u00a0 \u00a0 \u00a0 \u00a0 \u00a0 \u00a0 \u00a0 \u00a0 \u00a0 \u00a0 \u00a0 \u00a0 \u00a0 \u00a0 \u00a0 \u00a0 \u00a0 \u00a0 \u00a0 \u00a0 \u00a0 \u00a0 \u00a0 \u00a0 \u00a0 \u00a0 \u00a0 \u00a0Weiter &gt;&gt; \u00a0 So 31.8.2014 Portinax \/ Santa Agnes \u00a0 Wir k\u00f6nnten erheblich l\u00e4nger schlafen, sch\u00e4len uns aber vor acht aus den Betten. Nach einem wiederum Klasse Breakfast sind wir bereits um neun unterwegs zur felsigen Nordk\u00fcste. Sind kurz nach halb zehn in Portinax und fahren gleich durch an die verwunschene Bucht der Cala den Serra. \u00a0 \u00a0 \u00a0 Zu erreichen nur \u00fcber einen steil abfallenden Ger\u00f6llweg, den der Corsa bergab problemlos meistert. Die Bucht ist noch fast leer, hat einen kleinen grobsteinigen Strand und l\u00e4dt zum Schwimmen ein. \u00a0 \u00a0 Bis zum fr\u00fchen Nachmittag bleiben wir hier, genie\u00dfen das hochsommerliche Wetter und das glasklare Meerwasser. \u00a0 \u00a0 Halb vier bringt uns der Corsa ohne Schwierigkeiten wieder den Berg hinauf.\u00a0Wir fahren auf Nebenstra\u00dfen durch Orangenfelder, Olivenhaine und Feigenw\u00e4lder via San Miguel und San Mateo nach Santa Agnes. \u00a0 \u00a0 \u00a0 Der Kaffee in der Cafeteria Can Cosmi schmeckt noch genau so gut wie vor 15 Jahren. Im gegen\u00fcber liegenden Restaurant bekommt Ute ihren gegrillten Tintenfisch und f\u00fcr mich springt eine perfekt bereitete Tonpfanne mit Gambas al Ajillo raus. Den R\u00fcckweg fahren wir in der flachen Sp\u00e4tnachmittagssonne \u00fcber die Bergstra\u00dfen der Nordwestk\u00fcste. Irgendwann ist St. Antonio in Sicht und halb sieben rollen wir in die zweitgr\u00f6\u00dfte Stadt der Insel ein. Halb acht sitzen wir wie frisch aus dem Ei gepellt beim Abendessen. Irgendwie hat auch dieser Sonnentag geschlaucht. Nach Chicken, Paella und zu viel regionalen Nachspeisen holen wir uns an der Rezeption Tickets f\u00fcr die morgige F\u00e4hre nach Formentera. Die Abfahrt aus dem Hafen von St. Antonio ist morgens um zehn, zur\u00fcck ab Formentera abends 18:00. Die \u00dcberfahrt f\u00fchrt entlang der zauberhaften S\u00fcdwestk\u00fcste Ibizas, dauert 90 &#8211; 120 min und kostet 29 Euro pro Person. Nach den Balkon-Absackern sind wir um zehn reif f\u00fcr die jeden Tag frisch bezogenen Betten. V\u00f6llig erschossen, nur durch Sonne und Wasser. \u00a0 \u00a0 \u00a0 Gefahrene Kilometer: 85 \u00a0 \u00dcbernachtung: Hotel Osiris, St. Antonio, Ibiza \u00a0 &lt;&lt; Zur\u00fcck\u00a0 \u00a0 \u00a0 \u00a0 \u00a0 \u00a0 \u00a0 \u00a0 \u00a0 \u00a0 \u00a0 \u00a0 \u00a0 \u00a0 \u00a0 \u00a0 \u00a0 \u00a0 \u00a0 \u00a0 \u00a0 \u00a0 \u00a0 \u00a0 \u00a0 \u00a0 \u00a0 \u00a0 \u00a0 \u00a0 \u00a0 \u00a0 \u00a0 \u00a0 \u00a0 \u00a0 \u00a0 \u00a0 \u00a0 \u00a0 \u00a0 \u00a0 \u00a0 \u00a0 \u00a0 \u00a0 \u00a0 \u00a0 \u00a0 \u00a0 \u00a0 \u00a0 \u00a0 \u00a0 \u00a0 \u00a0 \u00a0 \u00a0 \u00a0 \u00a0 \u00a0 \u00a0 \u00a0 \u00a0 \u00a0 \u00a0 \u00a0 \u00a0 \u00a0 \u00a0 \u00a0 \u00a0 \u00a0 \u00a0 \u00a0 \u00a0 \u00a0 \u00a0 \u00a0 \u00a0 \u00a0 \u00a0 \u00a0 \u00a0 \u00a0 \u00a0 \u00a0 \u00a0 \u00a0 \u00a0 \u00a0 \u00a0 \u00a0 \u00a0 \u00a0Weiter &gt;&gt;<\/p>\n","protected":false},"author":1,"featured_media":6687,"parent":0,"menu_order":9,"comment_status":"closed","ping_status":"closed","template":"","meta":{"footnotes":""},"class_list":["post-6694","page","type-page","status-publish","has-post-thumbnail","hentry"],"_links":{"self":[{"href":"https:\/\/welcome-ontour.de\/wordpress\/index.php\/wp-json\/wp\/v2\/pages\/6694","targetHints":{"allow":["GET"]}}],"collection":[{"href":"https:\/\/welcome-ontour.de\/wordpress\/index.php\/wp-json\/wp\/v2\/pages"}],"about":[{"href":"https:\/\/welcome-ontour.de\/wordpress\/index.php\/wp-json\/wp\/v2\/types\/page"}],"author":[{"embeddable":true,"href":"https:\/\/welcome-ontour.de\/wordpress\/index.php\/wp-json\/wp\/v2\/users\/1"}],"replies":[{"embeddable":true,"href":"https:\/\/welcome-ontour.de\/wordpress\/index.php\/wp-json\/wp\/v2\/comments?post=6694"}],"version-history":[{"count":3,"href":"https:\/\/welcome-ontour.de\/wordpress\/index.php\/wp-json\/wp\/v2\/pages\/6694\/revisions"}],"predecessor-version":[{"id":17176,"href":"https:\/\/welcome-ontour.de\/wordpress\/index.php\/wp-json\/wp\/v2\/pages\/6694\/revisions\/17176"}],"wp:featuredmedia":[{"embeddable":true,"href":"https:\/\/welcome-ontour.de\/wordpress\/index.php\/wp-json\/wp\/v2\/media\/6687"}],"wp:attachment":[{"href":"https:\/\/welcome-ontour.de\/wordpress\/index.php\/wp-json\/wp\/v2\/media?parent=6694"}],"curies":[{"name":"wp","href":"https:\/\/api.w.org\/{rel}","templated":true}]}}