{"id":6686,"date":"2014-09-16T06:35:47","date_gmt":"2014-09-16T06:35:47","guid":{"rendered":"https:\/\/welcome-ontour.de\/wordpress\/index.php\/2014-08-30\/"},"modified":"2022-06-30T23:06:16","modified_gmt":"2022-06-30T23:06:16","slug":"2014-08-30","status":"publish","type":"page","link":"https:\/\/welcome-ontour.de\/wordpress\/index.php\/2014-08-30\/","title":{"rendered":"2014 08 30"},"content":{"rendered":"<p style=\"text-align: center;\"><span style=\"font-family: arial, helvetica, sans-serif; font-size: 8pt;\"><a href=\"https:\/\/welcome-ontour.de\/wordpress\/index.php\/2014-08-27-prolog\/\">Prolog<\/a>\u00a0 \u00a0<a href=\"https:\/\/welcome-ontour.de\/wordpress\/index.php\/2014-08-28\/\">Hinflug<\/a>\u00a0 \u00a0<a href=\"https:\/\/welcome-ontour.de\/wordpress\/index.php\/2014-08-29\/\">Vadella\/Carbo<\/a>\u00a0 \u00a0<a href=\"https:\/\/welcome-ontour.de\/wordpress\/index.php\/2014-08-30\/\">Mastella\/Figueral<\/a>\u00a0 \u00a0<a href=\"https:\/\/welcome-ontour.de\/wordpress\/index.php\/2014-08-31\/\">Portinax\/Agnes<\/a>\u00a0 \u00a0<a href=\"https:\/\/welcome-ontour.de\/wordpress\/index.php\/2014-09-01\/\">Formentera<\/a>\u00a0 \u00a0<a href=\"https:\/\/welcome-ontour.de\/wordpress\/index.php\/2014-09-02\/\">Salines\/Caleta<\/a>\u00a0 \u00a0<a href=\"https:\/\/welcome-ontour.de\/wordpress\/index.php\/2014-09-03\/\">Comte\/Codolar<\/a>\u00a0 \u00a0<a href=\"https:\/\/welcome-ontour.de\/wordpress\/index.php\/2014-09-04\/\">Salada<\/a>\u00a0 \u00a0<a href=\"https:\/\/welcome-ontour.de\/wordpress\/index.php\/2014-09-05\/\">Hort\/Carbo<\/a>\u00a0 \u00a0<a href=\"https:\/\/welcome-ontour.de\/wordpress\/index.php\/2014-09-06\/\">Gertrudis\/Vicente<\/a>\u00a0 \u00a0<a href=\"https:\/\/welcome-ontour.de\/wordpress\/index.php\/2014-09-07\/\">Comte\/Carbo<\/a>\u00a0 \u00a0<a href=\"https:\/\/welcome-ontour.de\/wordpress\/index.php\/2014-09-08\/\">R\u00fcckflug<\/a>\u00a0 \u00a0<a href=\"https:\/\/welcome-ontour.de\/wordpress\/index.php\/2014-09-09-fazit\/\">Fazit<\/a><span style=\"line-height: 1.3em;\">\u00a0<\/span><\/span><\/p>\n<p style=\"text-align: center;\"><span style=\"font-family: arial, helvetica, sans-serif; font-size: medium; line-height: 1.3em;\">\u00a0<\/span><\/p>\n<p style=\"text-align: center;\"><span style=\"font-size: 10pt;\"><a style=\"font-family: arial, helvetica, sans-serif; line-height: 1.3em;\" href=\"https:\/\/welcome-ontour.de\/wordpress\/index.php\/2014-08-29\">&lt;&lt; Zur\u00fcck<\/a><span style=\"font-family: arial, helvetica, sans-serif; line-height: 1.3em;\">\u00a0 \u00a0 \u00a0 \u00a0 \u00a0 \u00a0 \u00a0 \u00a0 \u00a0 \u00a0 \u00a0 \u00a0 \u00a0 \u00a0 \u00a0 \u00a0 \u00a0 \u00a0 \u00a0 \u00a0 \u00a0 \u00a0 \u00a0 \u00a0 \u00a0 \u00a0 \u00a0 \u00a0 \u00a0 \u00a0 \u00a0 \u00a0 \u00a0 \u00a0 \u00a0 \u00a0 \u00a0 \u00a0 \u00a0 \u00a0 \u00a0 \u00a0 \u00a0 \u00a0 \u00a0 \u00a0 \u00a0 \u00a0 \u00a0 \u00a0 \u00a0 \u00a0 \u00a0 \u00a0 \u00a0 \u00a0 \u00a0 \u00a0 \u00a0 \u00a0 \u00a0 \u00a0 \u00a0 \u00a0 \u00a0 \u00a0 \u00a0 \u00a0 \u00a0 \u00a0 \u00a0 \u00a0 \u00a0 \u00a0 \u00a0 \u00a0 \u00a0 \u00a0 \u00a0 \u00a0 \u00a0 \u00a0 \u00a0 \u00a0 \u00a0 \u00a0 \u00a0 \u00a0 \u00a0 \u00a0 \u00a0 \u00a0 \u00a0 \u00a0 \u00a0<\/span><a style=\"font-family: arial, helvetica, sans-serif; line-height: 1.3em;\" href=\"https:\/\/welcome-ontour.de\/wordpress\/index.php\/2014-08-31\">Weiter &gt;&gt;<\/a><\/span><\/p>\n<p style=\"text-align: center;\"><strong style=\"line-height: 1.3em;\"><span style=\"font-family: arial, helvetica, sans-serif; font-size: medium;\">\u00a0<\/span><\/strong><\/p>\n<p style=\"text-align: center;\"><strong style=\"line-height: 1.3em;\"><span style=\"font-family: arial, helvetica, sans-serif; font-size: medium;\">Sa 30.8.2014<\/span><\/strong><\/p>\n<p style=\"text-align: center;\"><strong style=\"line-height: 1.3em;\"><span style=\"font-family: arial, helvetica, sans-serif; font-size: medium;\">Cala Mastella \/ Playa Es Figueral<\/span><\/strong><\/p>\n<p style=\"text-align: center;\"><span style=\"font-family: arial, helvetica, sans-serif; font-size: medium;\">\u00a0<\/span><\/p>\n<p style=\"text-align: center;\"><span style=\"font-family: arial, helvetica, sans-serif; font-size: medium;\">Wir schlafen ohne Ende und sind erst nach neun wach.<\/span><\/p>\n<p style=\"text-align: center;\"><span style=\"font-family: arial, helvetica, sans-serif; font-size: medium;\">Drau\u00dfen lacht die Sonne, als Indianer w\u00e4ren wir nicht \u00fcberlebensf\u00e4hig.<\/span><\/p>\n<p style=\"text-align: center;\"><span style=\"font-family: arial, helvetica, sans-serif; font-size: medium;\">Nach einem langen \u00fcppigen Fr\u00fchst\u00fcck sitzen wir am Pool des Hotel.<\/span><\/p>\n<p style=\"text-align: center;\"><span style=\"font-family: arial, helvetica, sans-serif; font-size: medium;\">Mit frischgemahlenem Cafe Con Leche, Sonne im R\u00fccken und Lounge Musik in den Ohren <\/span><\/p>\n<p style=\"text-align: center;\"><span style=\"font-family: arial, helvetica, sans-serif; font-size: medium;\">besprechen wir den heutigen Tag.<\/span><\/p>\n<p style=\"text-align: center;\"><span style=\"font-family: arial, helvetica, sans-serif; font-size: medium;\">Wir wollen zur Cala Mastella, n\u00f6rdlich von Es Canar an der anderen Seite der Insel.\u00a0<\/span><span style=\"font-family: arial, helvetica, sans-serif; font-size: medium; line-height: 1.3em;\">\u00dcber die Schnellstra\u00dfe <\/span><\/p>\n<p style=\"text-align: center;\"><span style=\"font-family: arial, helvetica, sans-serif; font-size: medium; line-height: 1.3em;\">sind wir im Nu in St. Rafel und von dort nach Santa Eularia ist es auch nur ein Katzensprung.<\/span><\/p>\n<p style=\"text-align: center;\"><span style=\"font-family: arial, helvetica, sans-serif; font-size: medium;\">In St. Carles ist samstags Hippiemarkt und der Stau reicht kilometerweit.<\/span><\/p>\n<p style=\"text-align: center;\"><span style=\"font-family: arial, helvetica, sans-serif; font-size: medium;\">Also mal kucken, ob es die Schleichwege via Es Canar und Cala Llenya noch gibt.<\/span><\/p>\n<p style=\"text-align: center;\"><span style=\"font-family: arial, helvetica, sans-serif; font-size: medium;\">Es gibt sie noch und so sind wir schnell und staufrei an den kleinen steinigen Strand.<\/span><\/p>\n<p style=\"text-align: center;\"><span style=\"font-family: arial, helvetica, sans-serif; font-size: medium;\">\u00a0<\/span><\/p>\n<p style=\"text-align: center;\"><span style=\"font-family: arial, helvetica, sans-serif; font-size: medium;\"><a href=\"https:\/\/welcome-ontour.de\/wordpress\/wp-content\/uploads\/2014\/09\/phoca_thumb_l_2014-08-30-01-dsc06072_stitch.jpg\" target=\"_blank\" rel=\"noopener noreferrer\"><img decoding=\"async\" class=\" size-full wp-image-6681\" title=\"Cala Mastella\" src=\"https:\/\/welcome-ontour.de\/wordpress\/wp-content\/uploads\/2014\/09\/phoca_thumb_l_2014-08-30-01-dsc06072_stitch.jpg\" width=\"810\" height=\"353\" border=\"0\" srcset=\"https:\/\/welcome-ontour.de\/wordpress\/wp-content\/uploads\/2014\/09\/phoca_thumb_l_2014-08-30-01-dsc06072_stitch.jpg 1800w, https:\/\/welcome-ontour.de\/wordpress\/wp-content\/uploads\/2014\/09\/phoca_thumb_l_2014-08-30-01-dsc06072_stitch-300x131.jpg 300w, https:\/\/welcome-ontour.de\/wordpress\/wp-content\/uploads\/2014\/09\/phoca_thumb_l_2014-08-30-01-dsc06072_stitch-1024x447.jpg 1024w, https:\/\/welcome-ontour.de\/wordpress\/wp-content\/uploads\/2014\/09\/phoca_thumb_l_2014-08-30-01-dsc06072_stitch-768x335.jpg 768w, https:\/\/welcome-ontour.de\/wordpress\/wp-content\/uploads\/2014\/09\/phoca_thumb_l_2014-08-30-01-dsc06072_stitch-1536x670.jpg 1536w, https:\/\/welcome-ontour.de\/wordpress\/wp-content\/uploads\/2014\/09\/phoca_thumb_l_2014-08-30-01-dsc06072_stitch-1568x684.jpg 1568w\" sizes=\"(max-width: 810px) 100vw, 810px\" \/><\/a><\/span><\/p>\n<p style=\"text-align: center;\"><span style=\"font-family: arial, helvetica, sans-serif; font-size: medium;\">\u00a0<\/span><\/p>\n<p style=\"text-align: center;\"><span style=\"font-family: arial, helvetica, sans-serif; font-size: medium;\">Merkw\u00fcrdigerweise sind hier kaum G\u00e4ste, uns soll es recht sein.\u00a0<\/span><span style=\"font-family: arial, helvetica, sans-serif; font-size: medium; line-height: 1.3em;\">Die Sonne meint es gut <\/span><\/p>\n<p style=\"text-align: center;\"><span style=\"font-family: arial, helvetica, sans-serif; font-size: medium; line-height: 1.3em;\">und so verbringen wir die n\u00e4chsten Stunden sonnen- und schwimmenderweise an der traumhaften Bucht.<\/span><\/p>\n<p style=\"text-align: center;\"><span style=\"font-family: arial, helvetica, sans-serif; font-size: medium;\">\u00a0<\/span><\/p>\n<p style=\"text-align: center;\"><span style=\"font-family: arial, helvetica, sans-serif; font-size: medium;\"><a href=\"https:\/\/welcome-ontour.de\/wordpress\/wp-content\/uploads\/2014\/09\/phoca_thumb_l_2014-08-30-02-dsc06077_stitch.jpg\" target=\"_blank\" rel=\"noopener noreferrer\"><img decoding=\"async\" class=\" size-full wp-image-6682\" title=\"Cala Mastella\" src=\"https:\/\/welcome-ontour.de\/wordpress\/wp-content\/uploads\/2014\/09\/phoca_thumb_l_2014-08-30-02-dsc06077_stitch.jpg\" width=\"810\" height=\"337\" border=\"0\" srcset=\"https:\/\/welcome-ontour.de\/wordpress\/wp-content\/uploads\/2014\/09\/phoca_thumb_l_2014-08-30-02-dsc06077_stitch.jpg 1800w, https:\/\/welcome-ontour.de\/wordpress\/wp-content\/uploads\/2014\/09\/phoca_thumb_l_2014-08-30-02-dsc06077_stitch-300x125.jpg 300w, https:\/\/welcome-ontour.de\/wordpress\/wp-content\/uploads\/2014\/09\/phoca_thumb_l_2014-08-30-02-dsc06077_stitch-1024x426.jpg 1024w, https:\/\/welcome-ontour.de\/wordpress\/wp-content\/uploads\/2014\/09\/phoca_thumb_l_2014-08-30-02-dsc06077_stitch-768x320.jpg 768w, https:\/\/welcome-ontour.de\/wordpress\/wp-content\/uploads\/2014\/09\/phoca_thumb_l_2014-08-30-02-dsc06077_stitch-1536x639.jpg 1536w, https:\/\/welcome-ontour.de\/wordpress\/wp-content\/uploads\/2014\/09\/phoca_thumb_l_2014-08-30-02-dsc06077_stitch-1568x652.jpg 1568w\" sizes=\"(max-width: 810px) 100vw, 810px\" \/><\/a><\/span><\/p>\n<p style=\"text-align: center;\"><span style=\"font-family: arial, helvetica, sans-serif; font-size: medium;\">\u00a0<\/span><\/p>\n<p style=\"text-align: center;\"><span style=\"font-family: arial, helvetica, sans-serif; font-size: medium;\">Danach wollen wir die ber\u00fchmte Fischsuppe bei El Bigote essen.<\/span><\/p>\n<p style=\"text-align: center;\"><span style=\"font-family: arial, helvetica, sans-serif; font-size: medium;\">Das Restaurant ist zu Fu\u00df \u00fcber die Klippe zu erreichen und eine Institution.<\/span><\/p>\n<p style=\"text-align: center;\"><span style=\"font-family: arial, helvetica, sans-serif; font-size: medium;\">Leider sind alle Pl\u00e4tze reserviert, h\u00e4tten wir uns auch denken k\u00f6nnen.<\/span><\/p>\n<p style=\"text-align: center;\"><span style=\"font-family: arial, helvetica, sans-serif; font-size: medium;\">Einmal in Essenslaune fahren wir zur Playa des Figueral.<\/span><\/p>\n<p style=\"text-align: center;\"><span style=\"font-family: arial, helvetica, sans-serif; font-size: medium;\">\u00a0<\/span><\/p>\n<p style=\"text-align: center;\"><span style=\"font-family: arial, helvetica, sans-serif; font-size: medium;\"><a href=\"https:\/\/welcome-ontour.de\/wordpress\/wp-content\/uploads\/2014\/09\/phoca_thumb_l_2014-08-30-03-figueral1.jpg\" target=\"_blank\" rel=\"noopener noreferrer\"><img decoding=\"async\" class=\" size-full wp-image-6683\" title=\"Figueral\" src=\"https:\/\/welcome-ontour.de\/wordpress\/wp-content\/uploads\/2014\/09\/phoca_thumb_l_2014-08-30-03-figueral1.jpg\" width=\"400\" height=\"268\" border=\"0\" srcset=\"https:\/\/welcome-ontour.de\/wordpress\/wp-content\/uploads\/2014\/09\/phoca_thumb_l_2014-08-30-03-figueral1.jpg 800w, https:\/\/welcome-ontour.de\/wordpress\/wp-content\/uploads\/2014\/09\/phoca_thumb_l_2014-08-30-03-figueral1-300x201.jpg 300w, https:\/\/welcome-ontour.de\/wordpress\/wp-content\/uploads\/2014\/09\/phoca_thumb_l_2014-08-30-03-figueral1-768x514.jpg 768w\" sizes=\"(max-width: 400px) 100vw, 400px\" \/><\/a>\u00a0 <a href=\"https:\/\/welcome-ontour.de\/wordpress\/wp-content\/uploads\/2014\/09\/phoca_thumb_l_2014-08-30-04-figueral2.jpg\" target=\"_blank\" rel=\"noopener noreferrer\"><img decoding=\"async\" class=\" size-full wp-image-6684\" title=\"Figueral\" src=\"https:\/\/welcome-ontour.de\/wordpress\/wp-content\/uploads\/2014\/09\/phoca_thumb_l_2014-08-30-04-figueral2.jpg\" width=\"400\" height=\"268\" border=\"0\" srcset=\"https:\/\/welcome-ontour.de\/wordpress\/wp-content\/uploads\/2014\/09\/phoca_thumb_l_2014-08-30-04-figueral2.jpg 800w, https:\/\/welcome-ontour.de\/wordpress\/wp-content\/uploads\/2014\/09\/phoca_thumb_l_2014-08-30-04-figueral2-300x201.jpg 300w, https:\/\/welcome-ontour.de\/wordpress\/wp-content\/uploads\/2014\/09\/phoca_thumb_l_2014-08-30-04-figueral2-768x514.jpg 768w\" sizes=\"(max-width: 400px) 100vw, 400px\" \/><\/a><\/span><\/p>\n<p style=\"text-align: center;\"><span style=\"font-family: arial, helvetica, sans-serif; font-size: medium;\">\u00a0<\/span><\/p>\n<p style=\"text-align: center;\"><span style=\"font-family: arial, helvetica, sans-serif; font-size: medium;\">Hier finden wir im Es Alocs eine geeignete Lokalit\u00e4t.\u00a0<\/span><span style=\"font-family: arial, helvetica, sans-serif; font-size: medium; line-height: 1.3em;\">Direkt am Strand unter den alten knorrigen B\u00e4umen <\/span><\/p>\n<p style=\"text-align: center;\"><span style=\"font-family: arial, helvetica, sans-serif; font-size: medium; line-height: 1.3em;\">genehmigen wir uns Oliven mit Aliolli, Gazpacho und gegrillte Pollos.<\/span><\/p>\n<p style=\"text-align: center;\"><span style=\"font-family: arial, helvetica, sans-serif; font-size: medium;\">Nach kurzem Souvenirstore-Besuch machen wir uns auf den Heimweg.<\/span><\/p>\n<p style=\"text-align: center;\"><span style=\"font-family: arial, helvetica, sans-serif; font-size: medium;\">In St. Carles ist noch immer der Hippiemarkt in Gange und ganze Reisebusladungen werden angekarrt.<\/span><\/p>\n<p style=\"text-align: center;\"><span style=\"font-family: arial, helvetica, sans-serif; font-size: medium;\">Die Entfernungen sind \u00fcberschaubar und so sind wir nach einer gem\u00fctlichen Fahrstunde halb sieben in St. Antonio.<\/span><\/p>\n<p style=\"text-align: center;\"><span style=\"font-family: arial, helvetica, sans-serif; font-size: medium;\">Nach dem Abendessen noch ein Spaziergang entlang der Partymeile.<\/span><\/p>\n<p style=\"text-align: center;\"><span style=\"font-family: arial, helvetica, sans-serif; font-size: medium;\">Die st\u00e4ndig anwesende Loungemusik m\u00f6gen wir, mit dem Rest haben wir nix am Hut.<\/span><\/p>\n<p style=\"text-align: center;\"><span style=\"font-family: arial, helvetica, sans-serif; font-size: medium;\">Der Sonnenuntergang ist wieder verl\u00e4\u00dflich sch\u00f6n.<\/span><\/p>\n<p style=\"text-align: center;\"><span style=\"font-family: arial, helvetica, sans-serif; font-size: medium;\">\u00a0<\/span><\/p>\n<p style=\"text-align: center;\"><span style=\"font-family: arial, helvetica, sans-serif; font-size: medium;\"><a href=\"https:\/\/welcome-ontour.de\/wordpress\/wp-content\/uploads\/2014\/09\/phoca_thumb_l_2014-08-30-05-dsc06990.jpg\" target=\"_blank\" rel=\"noopener noreferrer\"><img decoding=\"async\" class=\" size-full wp-image-6685\" title=\"Sunset\" src=\"https:\/\/welcome-ontour.de\/wordpress\/wp-content\/uploads\/2014\/09\/phoca_thumb_l_2014-08-30-05-dsc06990.jpg\" width=\"810\" height=\"543\" border=\"0\" srcset=\"https:\/\/welcome-ontour.de\/wordpress\/wp-content\/uploads\/2014\/09\/phoca_thumb_l_2014-08-30-05-dsc06990.jpg 1491w, https:\/\/welcome-ontour.de\/wordpress\/wp-content\/uploads\/2014\/09\/phoca_thumb_l_2014-08-30-05-dsc06990-300x201.jpg 300w, https:\/\/welcome-ontour.de\/wordpress\/wp-content\/uploads\/2014\/09\/phoca_thumb_l_2014-08-30-05-dsc06990-1024x687.jpg 1024w, https:\/\/welcome-ontour.de\/wordpress\/wp-content\/uploads\/2014\/09\/phoca_thumb_l_2014-08-30-05-dsc06990-768x515.jpg 768w\" sizes=\"(max-width: 810px) 100vw, 810px\" \/><\/a><\/span><\/p>\n<p style=\"text-align: center;\"><span style=\"font-family: arial, helvetica, sans-serif; font-size: medium;\">\u00a0<\/span><\/p>\n<p style=\"text-align: center;\"><span style=\"font-family: arial, helvetica, sans-serif; font-size: medium;\">Um zehn gibt\u2019s die Balkon Absacker.<\/span><\/p>\n<p style=\"text-align: center;\"><span style=\"font-family: arial, helvetica, sans-serif; font-size: medium;\">Good Night!<\/span><\/p>\n<p style=\"text-align: center;\"><span style=\"font-family: arial, helvetica, sans-serif; font-size: medium;\">\u00a0<\/span><\/p>\n<p style=\"text-align: center;\"><span style=\"font-family: arial, helvetica, sans-serif; font-size: medium;\">Gefahrene Kilometer: 82<\/span><\/p>\n<p style=\"text-align: center;\"><span style=\"font-family: arial, helvetica, sans-serif; font-size: medium;\">\u00a0<\/span><\/p>\n<p style=\"text-align: center;\"><span style=\"font-family: arial, helvetica, sans-serif; font-size: medium;\">Unterkunft: <a href=\"http:\/\/www.hotelosiris.com\/index_ger.html\" target=\"_blank\" rel=\"noopener noreferrer\">Hotel Osiris<\/a>, St. Antonio, Ibiza<\/span><\/p>\n<p style=\"text-align: center;\"><span style=\"font-family: arial, helvetica, sans-serif; font-size: medium;\">\u00a0<\/span><\/p>\n<p style=\"text-align: center;\"><span style=\"font-size: 10pt;\"><a style=\"font-family: arial, helvetica, sans-serif; line-height: 1.3em;\" href=\"https:\/\/welcome-ontour.de\/wordpress\/index.php\/2014-08-29\">&lt;&lt; Zur\u00fcck<\/a><span style=\"font-family: arial, helvetica, sans-serif; line-height: 1.3em;\">\u00a0 \u00a0 \u00a0 \u00a0 \u00a0 \u00a0 \u00a0 \u00a0 \u00a0 \u00a0 \u00a0 \u00a0 \u00a0 \u00a0 \u00a0 \u00a0 \u00a0 \u00a0 \u00a0 \u00a0 \u00a0 \u00a0 \u00a0 \u00a0 \u00a0 \u00a0 \u00a0 \u00a0 \u00a0 \u00a0 \u00a0 \u00a0 \u00a0 \u00a0 \u00a0 \u00a0 \u00a0 \u00a0 \u00a0 \u00a0 \u00a0 \u00a0 \u00a0 \u00a0 \u00a0 \u00a0 \u00a0 \u00a0 \u00a0 \u00a0 \u00a0 \u00a0 \u00a0 \u00a0 \u00a0 \u00a0 \u00a0 \u00a0 \u00a0 \u00a0 \u00a0 \u00a0 \u00a0 \u00a0 \u00a0 \u00a0 \u00a0 \u00a0 \u00a0 \u00a0 \u00a0 \u00a0 \u00a0 \u00a0 \u00a0 \u00a0 \u00a0 \u00a0 \u00a0 \u00a0 \u00a0 \u00a0 \u00a0 \u00a0 \u00a0 \u00a0 \u00a0 \u00a0 \u00a0 \u00a0 \u00a0 \u00a0 \u00a0 \u00a0 \u00a0<\/span><a style=\"font-family: arial, helvetica, sans-serif; line-height: 1.3em;\" href=\"https:\/\/welcome-ontour.de\/wordpress\/index.php\/2014-08-31\">Weiter &gt;&gt;<\/a><\/span><\/p>\n","protected":false},"excerpt":{"rendered":"<p>Prolog\u00a0 \u00a0Hinflug\u00a0 \u00a0Vadella\/Carbo\u00a0 \u00a0Mastella\/Figueral\u00a0 \u00a0Portinax\/Agnes\u00a0 \u00a0Formentera\u00a0 \u00a0Salines\/Caleta\u00a0 \u00a0Comte\/Codolar\u00a0 \u00a0Salada\u00a0 \u00a0Hort\/Carbo\u00a0 \u00a0Gertrudis\/Vicente\u00a0 \u00a0Comte\/Carbo\u00a0 \u00a0R\u00fcckflug\u00a0 \u00a0Fazit\u00a0 \u00a0 &lt;&lt; Zur\u00fcck\u00a0 \u00a0 \u00a0 \u00a0 \u00a0 \u00a0 \u00a0 \u00a0 \u00a0 \u00a0 \u00a0 \u00a0 \u00a0 \u00a0 \u00a0 \u00a0 \u00a0 \u00a0 \u00a0 \u00a0 \u00a0 \u00a0 \u00a0 \u00a0 \u00a0 \u00a0 \u00a0 \u00a0 \u00a0 \u00a0 \u00a0 \u00a0 \u00a0 \u00a0 \u00a0 \u00a0 \u00a0 \u00a0 \u00a0 \u00a0 \u00a0 \u00a0 \u00a0 \u00a0 \u00a0 \u00a0 \u00a0 \u00a0 \u00a0 \u00a0 \u00a0 \u00a0 \u00a0 \u00a0 \u00a0 \u00a0 \u00a0 \u00a0 \u00a0 \u00a0 \u00a0 \u00a0 \u00a0 \u00a0 \u00a0 \u00a0 \u00a0 \u00a0 \u00a0 \u00a0 \u00a0 \u00a0 \u00a0 \u00a0 \u00a0 \u00a0 \u00a0 \u00a0 \u00a0 \u00a0 \u00a0 \u00a0 \u00a0 \u00a0 \u00a0 \u00a0 \u00a0 \u00a0 \u00a0 \u00a0 \u00a0 \u00a0 \u00a0 \u00a0 \u00a0Weiter &gt;&gt; \u00a0 Sa 30.8.2014 Cala Mastella \/ Playa Es Figueral \u00a0 Wir schlafen ohne Ende und sind erst nach neun wach. Drau\u00dfen lacht die Sonne, als Indianer w\u00e4ren wir nicht \u00fcberlebensf\u00e4hig. Nach einem langen \u00fcppigen Fr\u00fchst\u00fcck sitzen wir am Pool des Hotel. Mit frischgemahlenem Cafe Con Leche, Sonne im R\u00fccken und Lounge Musik in den Ohren besprechen wir den heutigen Tag. Wir wollen zur Cala Mastella, n\u00f6rdlich von Es Canar an der anderen Seite der Insel.\u00a0\u00dcber die Schnellstra\u00dfe sind wir im Nu in St. Rafel und von dort nach Santa Eularia ist es auch nur ein Katzensprung. In St. Carles ist samstags Hippiemarkt und der Stau reicht kilometerweit. Also mal kucken, ob es die Schleichwege via Es Canar und Cala Llenya noch gibt. Es gibt sie noch und so sind wir schnell und staufrei an den kleinen steinigen Strand. \u00a0 \u00a0 Merkw\u00fcrdigerweise sind hier kaum G\u00e4ste, uns soll es recht sein.\u00a0Die Sonne meint es gut und so verbringen wir die n\u00e4chsten Stunden sonnen- und schwimmenderweise an der traumhaften Bucht. \u00a0 \u00a0 Danach wollen wir die ber\u00fchmte Fischsuppe bei El Bigote essen. Das Restaurant ist zu Fu\u00df \u00fcber die Klippe zu erreichen und eine Institution. Leider sind alle Pl\u00e4tze reserviert, h\u00e4tten wir uns auch denken k\u00f6nnen. Einmal in Essenslaune fahren wir zur Playa des Figueral. \u00a0 \u00a0 \u00a0 Hier finden wir im Es Alocs eine geeignete Lokalit\u00e4t.\u00a0Direkt am Strand unter den alten knorrigen B\u00e4umen genehmigen wir uns Oliven mit Aliolli, Gazpacho und gegrillte Pollos. Nach kurzem Souvenirstore-Besuch machen wir uns auf den Heimweg. In St. Carles ist noch immer der Hippiemarkt in Gange und ganze Reisebusladungen werden angekarrt. Die Entfernungen sind \u00fcberschaubar und so sind wir nach einer gem\u00fctlichen Fahrstunde halb sieben in St. Antonio. Nach dem Abendessen noch ein Spaziergang entlang der Partymeile. Die st\u00e4ndig anwesende Loungemusik m\u00f6gen wir, mit dem Rest haben wir nix am Hut. Der Sonnenuntergang ist wieder verl\u00e4\u00dflich sch\u00f6n. \u00a0 \u00a0 Um zehn gibt\u2019s die Balkon Absacker. Good Night! \u00a0 Gefahrene Kilometer: 82 \u00a0 Unterkunft: Hotel Osiris, St. Antonio, Ibiza \u00a0 &lt;&lt; Zur\u00fcck\u00a0 \u00a0 \u00a0 \u00a0 \u00a0 \u00a0 \u00a0 \u00a0 \u00a0 \u00a0 \u00a0 \u00a0 \u00a0 \u00a0 \u00a0 \u00a0 \u00a0 \u00a0 \u00a0 \u00a0 \u00a0 \u00a0 \u00a0 \u00a0 \u00a0 \u00a0 \u00a0 \u00a0 \u00a0 \u00a0 \u00a0 \u00a0 \u00a0 \u00a0 \u00a0 \u00a0 \u00a0 \u00a0 \u00a0 \u00a0 \u00a0 \u00a0 \u00a0 \u00a0 \u00a0 \u00a0 \u00a0 \u00a0 \u00a0 \u00a0 \u00a0 \u00a0 \u00a0 \u00a0 \u00a0 \u00a0 \u00a0 \u00a0 \u00a0 \u00a0 \u00a0 \u00a0 \u00a0 \u00a0 \u00a0 \u00a0 \u00a0 \u00a0 \u00a0 \u00a0 \u00a0 \u00a0 \u00a0 \u00a0 \u00a0 \u00a0 \u00a0 \u00a0 \u00a0 \u00a0 \u00a0 \u00a0 \u00a0 \u00a0 \u00a0 \u00a0 \u00a0 \u00a0 \u00a0 \u00a0 \u00a0 \u00a0 \u00a0 \u00a0 \u00a0Weiter &gt;&gt;<\/p>\n","protected":false},"author":1,"featured_media":6681,"parent":0,"menu_order":0,"comment_status":"closed","ping_status":"closed","template":"","meta":{"footnotes":""},"class_list":["post-6686","page","type-page","status-publish","has-post-thumbnail","hentry"],"_links":{"self":[{"href":"https:\/\/welcome-ontour.de\/wordpress\/index.php\/wp-json\/wp\/v2\/pages\/6686","targetHints":{"allow":["GET"]}}],"collection":[{"href":"https:\/\/welcome-ontour.de\/wordpress\/index.php\/wp-json\/wp\/v2\/pages"}],"about":[{"href":"https:\/\/welcome-ontour.de\/wordpress\/index.php\/wp-json\/wp\/v2\/types\/page"}],"author":[{"embeddable":true,"href":"https:\/\/welcome-ontour.de\/wordpress\/index.php\/wp-json\/wp\/v2\/users\/1"}],"replies":[{"embeddable":true,"href":"https:\/\/welcome-ontour.de\/wordpress\/index.php\/wp-json\/wp\/v2\/comments?post=6686"}],"version-history":[{"count":2,"href":"https:\/\/welcome-ontour.de\/wordpress\/index.php\/wp-json\/wp\/v2\/pages\/6686\/revisions"}],"predecessor-version":[{"id":17174,"href":"https:\/\/welcome-ontour.de\/wordpress\/index.php\/wp-json\/wp\/v2\/pages\/6686\/revisions\/17174"}],"wp:featuredmedia":[{"embeddable":true,"href":"https:\/\/welcome-ontour.de\/wordpress\/index.php\/wp-json\/wp\/v2\/media\/6681"}],"wp:attachment":[{"href":"https:\/\/welcome-ontour.de\/wordpress\/index.php\/wp-json\/wp\/v2\/media?parent=6686"}],"curies":[{"name":"wp","href":"https:\/\/api.w.org\/{rel}","templated":true}]}}