{"id":629,"date":"2012-09-08T14:02:31","date_gmt":"2012-09-08T14:02:31","guid":{"rendered":"https:\/\/welcome-ontour.de\/wordpress\/index.php\/2011-05-10-prolog\/"},"modified":"2022-06-30T23:06:16","modified_gmt":"2022-06-30T23:06:16","slug":"2011-05-10-prolog","status":"publish","type":"page","link":"https:\/\/welcome-ontour.de\/wordpress\/index.php\/2011-05-10-prolog\/","title":{"rendered":"2011 05 10 prolog"},"content":{"rendered":"<p style=\"text-align: center;\"><span style=\"font-size: x-small; font-family: arial, helvetica, sans-serif;\"><a href=\"https:\/\/welcome-ontour.de\/wordpress\/index.php\/2011-05-10-prolog\/\">prolog<\/a>\u00a0&#8211;\u00a0<a href=\"https:\/\/welcome-ontour.de\/wordpress\/index.php\/2011-05-11\/\">hinflug<\/a>\u00a0&#8211;\u00a0<a href=\"https:\/\/welcome-ontour.de\/wordpress\/index.php\/2011-05-12\/\">las vegas 1<\/a>\u00a0&#8211;\u00a0<a href=\"https:\/\/welcome-ontour.de\/wordpress\/index.php\/2011-05-13\/\">oahu<\/a>\u00a0&#8211;\u00a0<a href=\"https:\/\/welcome-ontour.de\/wordpress\/index.php\/2011-05-14\/\">kauai<\/a>\u00a0&#8211;\u00a0<a href=\"https:\/\/welcome-ontour.de\/wordpress\/index.php\/2011-05-18\/\">big island<\/a>\u00a0&#8211;\u00a0<a href=\"https:\/\/welcome-ontour.de\/wordpress\/index.php\/2011-05-26\/\">maui<\/a>\u00a0&#8211;\u00a0<a href=\"https:\/\/welcome-ontour.de\/wordpress\/index.php\/2011-05-30\/\">las vegas 2<\/a>\u00a0&#8211;\u00a0<a href=\"https:\/\/welcome-ontour.de\/wordpress\/index.php\/2011-06-01\/\">zion<\/a>\u00a0&#8211;\u00a0<a href=\"https:\/\/welcome-ontour.de\/wordpress\/index.php\/2011-06-03\/\">page<\/a>\u00a0&#8211;\u00a0<a href=\"https:\/\/welcome-ontour.de\/wordpress\/index.php\/2011-06-05\/\">st.george<\/a>\u00a0&#8211;\u00a0<a href=\"https:\/\/welcome-ontour.de\/wordpress\/index.php\/2011-06-07\/\">r\u00fcckflug<\/a>\u00a0&#8211;\u00a0<a href=\"https:\/\/welcome-ontour.de\/wordpress\/index.php\/2011-06-09-fazit\/\">fazit<\/a><\/span><\/p>\n<p style=\"text-align: center;\"><span style=\"font-family: arial, helvetica, sans-serif; font-size: small;\"><a href=\"https:\/\/welcome-ontour.de\/wordpress\/index.php\/reiseberichte\/\">&lt; Reiseberichte<\/a> \u00a0 \u00a0 \u00a0 \u00a0 \u00a0 \u00a0 \u00a0 \u00a0 \u00a0 \u00a0 \u00a0 \u00a0 \u00a0 \u00a0 \u00a0 \u00a0 \u00a0 \u00a0 \u00a0 \u00a0 \u00a0 \u00a0 \u00a0 \u00a0 \u00a0 \u00a0 \u00a0 \u00a0 \u00a0 \u00a0 \u00a0 \u00a0 \u00a0 \u00a0 \u00a0 \u00a0 \u00a0 \u00a0 \u00a0 \u00a0 \u00a0 \u00a0 \u00a0 \u00a0 \u00a0 \u00a0 \u00a0 \u00a0 \u00a0 \u00a0 \u00a0 \u00a0 \u00a0 \u00a0 \u00a0 \u00a0 \u00a0 \u00a0 \u00a0 \u00a0 \u00a0 \u00a0 \u00a0 \u00a0 \u00a0 \u00a0 \u00a0 \u00a0 \u00a0 \u00a0 \u00a0 \u00a0 \u00a0 \u00a0 \u00a0 \u00a0 \u00a0 \u00a0 \u00a0 \u00a0 \u00a0 \u00a0 \u00a0 \u00a0 \u00a0 \u00a0 \u00a0 \u00a0 \u00a0 \u00a0 \u00a0 \u00a0 \u00a0 \u00a0 \u00a0 \u00a0 \u00a0 \u00a0 \u00a0<a href=\"https:\/\/welcome-ontour.de\/wordpress\/index.php\/2011-05-11\/\">Weiter &gt;<\/a><\/span><\/p>\n<p style=\"text-align: center;\"><span style=\"font-family: arial, helvetica, sans-serif; font-size: medium;\">\u00a0<\/span><\/p>\n<p style=\"text-align: center;\"><span style=\"font-size: xx-large;\"><strong><span style=\"font-family: arial, helvetica, sans-serif;\">Over The Hills And Far Away<\/span><\/strong><\/span><\/p>\n<p style=\"text-align: center;\"><strong><span style=\"font-family: arial, helvetica, sans-serif; font-size: medium;\">\u00a0<\/span><\/strong><\/p>\n<p style=\"text-align: center;\"><span style=\"font-size: x-large;\"><strong><span style=\"font-family: arial, helvetica, sans-serif;\">Hawaii 2011<\/span><\/strong><\/span><\/p>\n<p style=\"text-align: center;\"><span style=\"font-family: arial, helvetica, sans-serif; font-size: medium;\">\u00a0<\/span><\/p>\n<p style=\"text-align: center;\"><span style=\"font-family: arial, helvetica, sans-serif; font-size: medium;\">\u00a0<\/span><a style=\"font-family: arial, helvetica, sans-serif; font-size: medium;\" href=\"http:\/\/foto.arcor-online.net\/palb\/alben\/50\/6473450\/3531396465386636.jpg\" target=\"_blank\" rel=\"noopener noreferrer\"><img decoding=\"async\" class=\" size-full wp-image-625\" title=\"Over The Hills ...\" src=\"https:\/\/welcome-ontour.de\/wordpress\/wp-content\/uploads\/2012\/09\/phoca_thumb_l_2011-05-banner.jpg\" width=\"850\" height=\"120\" border=\"0\" srcset=\"https:\/\/welcome-ontour.de\/wordpress\/wp-content\/uploads\/2012\/09\/phoca_thumb_l_2011-05-banner.jpg 850w, https:\/\/welcome-ontour.de\/wordpress\/wp-content\/uploads\/2012\/09\/phoca_thumb_l_2011-05-banner-300x42.jpg 300w, https:\/\/welcome-ontour.de\/wordpress\/wp-content\/uploads\/2012\/09\/phoca_thumb_l_2011-05-banner-768x108.jpg 768w\" sizes=\"(max-width: 850px) 100vw, 850px\" \/><\/a><\/p>\n<p style=\"text-align: center;\"><span style=\"font-family: arial, helvetica, sans-serif; font-size: medium;\">\u00a0<\/span><\/p>\n<p style=\"text-align: center;\"><span style=\"font-family: arial, helvetica, sans-serif; font-size: medium;\">Die Inseln mitten im Pazifik hatten wir schon eine ganze Weile im Visier.<\/span><\/p>\n<p style=\"text-align: center;\"><span style=\"font-family: arial, helvetica, sans-serif; font-size: medium;\">Irgendetwas kam bisher immer dazwischen, nun ist es endlich so weit.<\/span><\/p>\n<p style=\"text-align: center;\"><span style=\"font-family: arial, helvetica, sans-serif; font-size: medium;\">Etwa ein halbes Jahr Vorbereitungszeit haben ausgereicht, sich um Fl\u00fcge, Unterk\u00fcnfte und Mietwagen zu k\u00fcmmern.<\/span><\/p>\n<p style=\"text-align: center;\"><span style=\"font-family: arial, helvetica, sans-serif; font-size: medium;\">Unsere Arbeitgeber waren so nett, uns dieses Mal \u00fcber vier Wochen Urlaub zu genehmigen.<\/span><\/p>\n<p style=\"text-align: center;\"><span style=\"font-family: arial, helvetica, sans-serif; font-size: medium;\">Wir fliegen via London nach Las Vegas.<\/span><\/p>\n<p style=\"text-align: center;\"><span style=\"font-family: arial, helvetica, sans-serif; font-size: medium;\">Nach einem kleinen zweit\u00e4gigen Zwischenstopp geht es nach Honolulu.<\/span><\/p>\n<p style=\"text-align: center;\"><span style=\"font-family: arial, helvetica, sans-serif; font-size: medium;\">Es folgen ein Tag Oahu, vier Tage Kauai, acht Tage Big Island und vier Tage Maui.<\/span><\/p>\n<p style=\"text-align: center;\"><span style=\"font-family: arial, helvetica, sans-serif; font-size: medium;\">Von Kahului fliegen wir nonstop zur\u00fcck nach Nevada.<\/span><\/p>\n<p style=\"text-align: center;\"><span style=\"font-family: arial, helvetica, sans-serif; font-size: medium;\">Anschlie\u00dfend machen wir eine kleine Tour durch das s\u00fcdliche Utah und n\u00f6rdliche Arizona mit Start und Ziel in Las Vegas.<\/span><\/p>\n<p style=\"text-align: center;\"><span style=\"font-family: arial, helvetica, sans-serif; font-size: medium;\">Transatlantisch wird uns <a href=\"http:\/\/www.britishairways.com\/travel\/home\/public\/en_gb\" target=\"_blank\" rel=\"noopener noreferrer\">British Airways<\/a>\u00a0\u00fcber den Teich und zur\u00fcck bringen.<\/span><\/p>\n<p style=\"text-align: center;\"><span style=\"font-family: arial, helvetica, sans-serif; font-size: medium;\">Bei allen anderen Fl\u00fcgen haben wir uns f\u00fcr <a href=\"http:\/\/www.hawaiianair.com\/\" target=\"_blank\" rel=\"noopener noreferrer\">Hawaiian Airlines<\/a>\u00a0entschieden.<\/span><\/p>\n<p style=\"text-align: center;\"><span style=\"font-family: arial, helvetica, sans-serif; font-size: medium;\">Alle Mietwagen und \u00dcbernachtungen haben wir im Vorfeld festgemacht.<\/span><\/p>\n<p style=\"text-align: center;\"><span style=\"font-family: arial, helvetica, sans-serif; font-size: medium;\">\u00a0<\/span><\/p>\n<p style=\"text-align: center;\"><span style=\"font-family: arial, helvetica, sans-serif; font-size: medium;\"><img decoding=\"async\" class=\" size-full wp-image-626\" title=\"Kalihiwai Beach\" src=\"https:\/\/welcome-ontour.de\/wordpress\/wp-content\/uploads\/2012\/09\/phoca_thumb_l_2011-05-11-06-a-secret-beach.jpg\" width=\"338\" height=\"190\" border=\"0\" srcset=\"https:\/\/welcome-ontour.de\/wordpress\/wp-content\/uploads\/2012\/09\/phoca_thumb_l_2011-05-11-06-a-secret-beach.jpg 356w, https:\/\/welcome-ontour.de\/wordpress\/wp-content\/uploads\/2012\/09\/phoca_thumb_l_2011-05-11-06-a-secret-beach-300x169.jpg 300w\" sizes=\"(max-width: 338px) 100vw, 338px\" \/>\u00a0\u00a0<img decoding=\"async\" class=\" size-full wp-image-627\" title=\"Ahalanui Coast\" src=\"https:\/\/welcome-ontour.de\/wordpress\/wp-content\/uploads\/2012\/09\/phoca_thumb_l_2011-05-11-07-b-poipu.jpg\" width=\"242\" height=\"190\" border=\"0\" \/>\u00a0\u00a0<img decoding=\"async\" class=\" size-full wp-image-628\" title=\"Volcanic Nationalpark\" src=\"https:\/\/welcome-ontour.de\/wordpress\/wp-content\/uploads\/2012\/09\/phoca_thumb_l_2011-05-11-08-c-hapuna.jpg\" width=\"323\" height=\"190\" border=\"0\" srcset=\"https:\/\/welcome-ontour.de\/wordpress\/wp-content\/uploads\/2012\/09\/phoca_thumb_l_2011-05-11-08-c-hapuna.jpg 340w, https:\/\/welcome-ontour.de\/wordpress\/wp-content\/uploads\/2012\/09\/phoca_thumb_l_2011-05-11-08-c-hapuna-300x176.jpg 300w\" sizes=\"(max-width: 323px) 100vw, 323px\" \/><\/span><\/p>\n<p style=\"text-align: center;\"><span style=\"font-family: arial, helvetica, sans-serif; font-size: medium;\">\u00a0<\/span><\/p>\n<p style=\"text-align: center;\"><span style=\"font-family: arial, helvetica, sans-serif; font-size: medium;\">\u00a0<\/span><strong><span style=\"font-family: arial, helvetica, sans-serif; font-size: medium;\">Di 10.05.2011<\/span><\/strong><\/p>\n<p style=\"text-align: center;\"><span style=\"font-family: arial, helvetica, sans-serif; font-size: medium;\">\u00a0<\/span><\/p>\n<p style=\"text-align: center;\"><span style=\"font-family: arial, helvetica, sans-serif; font-size: medium;\">Wie immer gibt es bei British Airways 24 Stunden vor Start des Zubringerfluges den Online Check In.<\/span><\/p>\n<p style=\"text-align: center;\"><span style=\"font-family: arial, helvetica, sans-serif; font-size: medium;\">Wir bekommen unsere Wunschpl\u00e4tze 16 J und 16 K f\u00fcr den langen Interkontinentalflug.<\/span><\/p>\n<p style=\"text-align: center;\"><span style=\"font-family: arial, helvetica, sans-serif; font-size: medium;\">Der Urlaub f\u00e4ngt schon mal super an.<\/span><\/p>\n<p style=\"text-align: center;\"><span style=\"font-family: arial, helvetica, sans-serif; font-size: medium;\">Nach der Arbeit Kofferpacken, Bordkarten ausdrucken und die Unmengen Reiseunterlagen verstauen.<\/span><\/p>\n<p style=\"text-align: center;\"><span style=\"font-family: arial, helvetica, sans-serif; font-size: medium;\">Dieses Mal ist es etwas mehr Papierkram; 10 Fl\u00fcge, 6 Autoanmietungen usw.<\/span><\/p>\n<p style=\"text-align: center;\"><span style=\"font-family: arial, helvetica, sans-serif; font-size: medium;\">\u00a0<\/span><\/p>\n<p style=\"text-align: center;\"><span style=\"font-family: arial, helvetica, sans-serif; font-size: medium;\"><span style=\"font-size: small;\"><a href=\"https:\/\/welcome-ontour.de\/wordpress\/index.php\/reiseberichte\/\">&lt; Reiseberichte<\/a>\u00a0\u00a0 \u00a0 \u00a0 \u00a0 \u00a0 \u00a0 \u00a0 \u00a0 \u00a0 \u00a0 \u00a0 \u00a0 \u00a0 \u00a0 \u00a0 \u00a0 \u00a0 \u00a0 \u00a0 \u00a0 \u00a0 \u00a0 \u00a0 \u00a0 \u00a0 \u00a0 \u00a0 \u00a0 \u00a0 \u00a0 \u00a0 \u00a0 \u00a0 \u00a0 \u00a0 \u00a0 \u00a0 \u00a0 \u00a0 \u00a0 \u00a0 \u00a0 \u00a0 \u00a0 \u00a0 \u00a0 \u00a0 \u00a0 \u00a0 \u00a0 \u00a0 \u00a0 \u00a0 \u00a0 \u00a0 \u00a0 \u00a0 \u00a0 \u00a0 \u00a0 \u00a0 \u00a0 \u00a0 \u00a0 \u00a0 \u00a0 \u00a0 \u00a0 \u00a0 \u00a0 \u00a0 \u00a0 \u00a0 \u00a0 \u00a0 \u00a0 \u00a0 \u00a0 \u00a0 \u00a0 \u00a0 \u00a0 \u00a0 \u00a0 \u00a0 \u00a0 \u00a0 \u00a0 \u00a0 \u00a0 \u00a0 \u00a0 \u00a0 \u00a0 \u00a0 \u00a0 \u00a0 \u00a0 \u00a0<a href=\"https:\/\/welcome-ontour.de\/wordpress\/index.php\/2011-05-11\/\">Weiter &gt;<\/a><\/span>\u00a0<\/span><\/p>\n","protected":false},"excerpt":{"rendered":"<p>prolog\u00a0&#8211;\u00a0hinflug\u00a0&#8211;\u00a0las vegas 1\u00a0&#8211;\u00a0oahu\u00a0&#8211;\u00a0kauai\u00a0&#8211;\u00a0big island\u00a0&#8211;\u00a0maui\u00a0&#8211;\u00a0las vegas 2\u00a0&#8211;\u00a0zion\u00a0&#8211;\u00a0page\u00a0&#8211;\u00a0st.george\u00a0&#8211;\u00a0r\u00fcckflug\u00a0&#8211;\u00a0fazit &lt; Reiseberichte \u00a0 \u00a0 \u00a0 \u00a0 \u00a0 \u00a0 \u00a0 \u00a0 \u00a0 \u00a0 \u00a0 \u00a0 \u00a0 \u00a0 \u00a0 \u00a0 \u00a0 \u00a0 \u00a0 \u00a0 \u00a0 \u00a0 \u00a0 \u00a0 \u00a0 \u00a0 \u00a0 \u00a0 \u00a0 \u00a0 \u00a0 \u00a0 \u00a0 \u00a0 \u00a0 \u00a0 \u00a0 \u00a0 \u00a0 \u00a0 \u00a0 \u00a0 \u00a0 \u00a0 \u00a0 \u00a0 \u00a0 \u00a0 \u00a0 \u00a0 \u00a0 \u00a0 \u00a0 \u00a0 \u00a0 \u00a0 \u00a0 \u00a0 \u00a0 \u00a0 \u00a0 \u00a0 \u00a0 \u00a0 \u00a0 \u00a0 \u00a0 \u00a0 \u00a0 \u00a0 \u00a0 \u00a0 \u00a0 \u00a0 \u00a0 \u00a0 \u00a0 \u00a0 \u00a0 \u00a0 \u00a0 \u00a0 \u00a0 \u00a0 \u00a0 \u00a0 \u00a0 \u00a0 \u00a0 \u00a0 \u00a0 \u00a0 \u00a0 \u00a0 \u00a0 \u00a0 \u00a0 \u00a0 \u00a0Weiter &gt; \u00a0 Over The Hills And Far Away \u00a0 Hawaii 2011 \u00a0 \u00a0 \u00a0 Die Inseln mitten im Pazifik hatten wir schon eine ganze Weile im Visier. Irgendetwas kam bisher immer dazwischen, nun ist es endlich so weit. Etwa ein halbes Jahr Vorbereitungszeit haben ausgereicht, sich um Fl\u00fcge, Unterk\u00fcnfte und Mietwagen zu k\u00fcmmern. Unsere Arbeitgeber waren so nett, uns dieses Mal \u00fcber vier Wochen Urlaub zu genehmigen. Wir fliegen via London nach Las Vegas. Nach einem kleinen zweit\u00e4gigen Zwischenstopp geht es nach Honolulu. Es folgen ein Tag Oahu, vier Tage Kauai, acht Tage Big Island und vier Tage Maui. Von Kahului fliegen wir nonstop zur\u00fcck nach Nevada. Anschlie\u00dfend machen wir eine kleine Tour durch das s\u00fcdliche Utah und n\u00f6rdliche Arizona mit Start und Ziel in Las Vegas. Transatlantisch wird uns British Airways\u00a0\u00fcber den Teich und zur\u00fcck bringen. Bei allen anderen Fl\u00fcgen haben wir uns f\u00fcr Hawaiian Airlines\u00a0entschieden. Alle Mietwagen und \u00dcbernachtungen haben wir im Vorfeld festgemacht. \u00a0 \u00a0\u00a0\u00a0\u00a0 \u00a0 \u00a0Di 10.05.2011 \u00a0 Wie immer gibt es bei British Airways 24 Stunden vor Start des Zubringerfluges den Online Check In. Wir bekommen unsere Wunschpl\u00e4tze 16 J und 16 K f\u00fcr den langen Interkontinentalflug. Der Urlaub f\u00e4ngt schon mal super an. Nach der Arbeit Kofferpacken, Bordkarten ausdrucken und die Unmengen Reiseunterlagen verstauen. Dieses Mal ist es etwas mehr Papierkram; 10 Fl\u00fcge, 6 Autoanmietungen usw. \u00a0 &lt; Reiseberichte\u00a0\u00a0 \u00a0 \u00a0 \u00a0 \u00a0 \u00a0 \u00a0 \u00a0 \u00a0 \u00a0 \u00a0 \u00a0 \u00a0 \u00a0 \u00a0 \u00a0 \u00a0 \u00a0 \u00a0 \u00a0 \u00a0 \u00a0 \u00a0 \u00a0 \u00a0 \u00a0 \u00a0 \u00a0 \u00a0 \u00a0 \u00a0 \u00a0 \u00a0 \u00a0 \u00a0 \u00a0 \u00a0 \u00a0 \u00a0 \u00a0 \u00a0 \u00a0 \u00a0 \u00a0 \u00a0 \u00a0 \u00a0 \u00a0 \u00a0 \u00a0 \u00a0 \u00a0 \u00a0 \u00a0 \u00a0 \u00a0 \u00a0 \u00a0 \u00a0 \u00a0 \u00a0 \u00a0 \u00a0 \u00a0 \u00a0 \u00a0 \u00a0 \u00a0 \u00a0 \u00a0 \u00a0 \u00a0 \u00a0 \u00a0 \u00a0 \u00a0 \u00a0 \u00a0 \u00a0 \u00a0 \u00a0 \u00a0 \u00a0 \u00a0 \u00a0 \u00a0 \u00a0 \u00a0 \u00a0 \u00a0 \u00a0 \u00a0 \u00a0 \u00a0 \u00a0 \u00a0 \u00a0 \u00a0 \u00a0Weiter &gt;\u00a0<\/p>\n","protected":false},"author":1,"featured_media":625,"parent":0,"menu_order":1,"comment_status":"closed","ping_status":"closed","template":"","meta":{"footnotes":""},"class_list":["post-629","page","type-page","status-publish","has-post-thumbnail","hentry"],"_links":{"self":[{"href":"https:\/\/welcome-ontour.de\/wordpress\/index.php\/wp-json\/wp\/v2\/pages\/629","targetHints":{"allow":["GET"]}}],"collection":[{"href":"https:\/\/welcome-ontour.de\/wordpress\/index.php\/wp-json\/wp\/v2\/pages"}],"about":[{"href":"https:\/\/welcome-ontour.de\/wordpress\/index.php\/wp-json\/wp\/v2\/types\/page"}],"author":[{"embeddable":true,"href":"https:\/\/welcome-ontour.de\/wordpress\/index.php\/wp-json\/wp\/v2\/users\/1"}],"replies":[{"embeddable":true,"href":"https:\/\/welcome-ontour.de\/wordpress\/index.php\/wp-json\/wp\/v2\/comments?post=629"}],"version-history":[{"count":1,"href":"https:\/\/welcome-ontour.de\/wordpress\/index.php\/wp-json\/wp\/v2\/pages\/629\/revisions"}],"predecessor-version":[{"id":2945,"href":"https:\/\/welcome-ontour.de\/wordpress\/index.php\/wp-json\/wp\/v2\/pages\/629\/revisions\/2945"}],"wp:featuredmedia":[{"embeddable":true,"href":"https:\/\/welcome-ontour.de\/wordpress\/index.php\/wp-json\/wp\/v2\/media\/625"}],"wp:attachment":[{"href":"https:\/\/welcome-ontour.de\/wordpress\/index.php\/wp-json\/wp\/v2\/media?parent=629"}],"curies":[{"name":"wp","href":"https:\/\/api.w.org\/{rel}","templated":true}]}}