{"id":624,"date":"2012-08-29T14:03:27","date_gmt":"2012-08-29T14:03:27","guid":{"rendered":"https:\/\/welcome-ontour.de\/wordpress\/index.php\/2011-10-19\/"},"modified":"2022-06-30T23:07:29","modified_gmt":"2022-06-30T23:07:29","slug":"2011-10-19","status":"publish","type":"page","link":"https:\/\/welcome-ontour.de\/wordpress\/index.php\/2011-10-19\/","title":{"rendered":"2011 10 19 fazit"},"content":{"rendered":"<p style=\"text-align: center;\">\u00a0<a style=\"font-family: arial, helvetica, sans-serif; font-size: x-small;\" href=\"https:\/\/welcome-ontour.de\/wordpress\/index.php\/2011-10-03-prolog\/\">prolog<\/a><span style=\"font-family: arial, helvetica, sans-serif; font-size: x-small;\">\u00a0&#8211;\u00a0<\/span><a style=\"font-family: arial, helvetica, sans-serif; font-size: x-small;\" href=\"https:\/\/welcome-ontour.de\/wordpress\/index.php\/2011-10-04\/\">hinflug<\/a><span style=\"font-family: arial, helvetica, sans-serif; font-size: x-small;\">\u00a0&#8211;\u00a0<\/span><a style=\"font-family: arial, helvetica, sans-serif; font-size: x-small;\" href=\"https:\/\/welcome-ontour.de\/wordpress\/index.php\/2011-10-05\/\">laughlin<\/a><span style=\"font-family: arial, helvetica, sans-serif; font-size: x-small;\">\u00a0&#8211;\u00a0<\/span><a style=\"font-family: arial, helvetica, sans-serif; font-size: x-small;\" href=\"https:\/\/welcome-ontour.de\/wordpress\/index.php\/2011-10-06\/\">las vegas<\/a><span style=\"font-family: arial, helvetica, sans-serif; font-size: x-small;\">\u00a0&#8211;\u00a0<\/span><a style=\"font-family: arial, helvetica, sans-serif; font-size: x-small;\" href=\"https:\/\/welcome-ontour.de\/wordpress\/index.php\/2011-10-07\/\">phoenix<\/a><span style=\"font-family: arial, helvetica, sans-serif; font-size: x-small;\">\u00a0&#8211;\u00a0<\/span><a style=\"font-family: arial, helvetica, sans-serif; font-size: x-small;\" href=\"https:\/\/welcome-ontour.de\/wordpress\/index.php\/2011-10-09\/\">tucson<\/a><span style=\"font-family: arial, helvetica, sans-serif; font-size: x-small;\">\u00a0&#8211;\u00a0<\/span><a style=\"font-family: arial, helvetica, sans-serif; font-size: x-small;\" href=\"https:\/\/welcome-ontour.de\/wordpress\/index.php\/2011-10-12\/\">watson lake<\/a><span style=\"font-family: arial, helvetica, sans-serif; font-size: x-small;\">\u00a0&#8211;\u00a0<\/span><a style=\"font-family: arial, helvetica, sans-serif; font-size: x-small;\" href=\"https:\/\/welcome-ontour.de\/wordpress\/index.php\/2011-10-13\/\">29 palms<\/a><span style=\"font-family: arial, helvetica, sans-serif; font-size: x-small;\">\u00a0&#8211;\u00a0<\/span><a style=\"font-family: arial, helvetica, sans-serif; font-size: x-small;\" href=\"https:\/\/welcome-ontour.de\/wordpress\/index.php\/2011-10-14\/\">joshua tree<\/a><span style=\"font-family: arial, helvetica, sans-serif; font-size: x-small;\">\u00a0&#8211;\u00a0<\/span><a style=\"font-family: arial, helvetica, sans-serif; font-size: x-small;\" href=\"https:\/\/welcome-ontour.de\/wordpress\/index.php\/2011-10-15\/\">san diego<\/a><span style=\"font-family: arial, helvetica, sans-serif; font-size: x-small;\">\u00a0&#8211;\u00a0<\/span><a style=\"font-family: arial, helvetica, sans-serif; font-size: x-small;\" href=\"https:\/\/welcome-ontour.de\/wordpress\/index.php\/2011-10-17\/\">r\u00fcckflug<\/a><span style=\"font-family: arial, helvetica, sans-serif; font-size: x-small;\">\u00a0&#8211;\u00a0<\/span><a style=\"font-family: arial, helvetica, sans-serif; font-size: x-small;\" href=\"https:\/\/welcome-ontour.de\/wordpress\/index.php\/2011-10-19\/\">fazit<\/a><span style=\"font-family: arial, helvetica, sans-serif; font-size: x-small;\">\u00a0\u00a0<\/span><\/p>\n<p style=\"text-align: center;\"><span style=\"font-family: arial, helvetica, sans-serif; font-size: small;\"><a href=\"https:\/\/welcome-ontour.de\/wordpress\/index.php\/2011-10-18\/\">&lt; Zur\u00fcck<\/a>\u00a0 \u00a0 \u00a0 \u00a0 \u00a0 \u00a0 \u00a0 \u00a0 \u00a0 \u00a0 \u00a0 \u00a0 \u00a0 \u00a0 \u00a0 \u00a0 \u00a0 \u00a0 \u00a0 \u00a0 \u00a0 \u00a0 \u00a0 \u00a0 \u00a0 \u00a0 \u00a0 \u00a0 \u00a0 \u00a0 \u00a0 \u00a0 \u00a0 \u00a0 \u00a0 \u00a0 \u00a0 \u00a0 \u00a0 \u00a0 \u00a0 \u00a0 \u00a0 \u00a0 \u00a0 \u00a0 \u00a0 \u00a0 \u00a0 \u00a0 \u00a0 \u00a0 \u00a0 \u00a0 \u00a0 \u00a0 \u00a0 \u00a0 \u00a0 \u00a0 \u00a0 \u00a0 \u00a0 \u00a0 \u00a0 \u00a0 \u00a0 \u00a0 \u00a0 \u00a0 \u00a0 \u00a0 \u00a0 \u00a0 \u00a0 \u00a0 \u00a0 \u00a0 \u00a0 \u00a0 \u00a0 \u00a0 \u00a0 \u00a0 \u00a0 \u00a0 \u00a0 \u00a0 \u00a0 \u00a0 \u00a0 \u00a0 \u00a0 \u00a0 \u00a0 \u00a0 \u00a0 \u00a0\u00a0<a href=\"https:\/\/welcome-ontour.de\/wordpress\/index.php\/reiseberichte\/\">Reiseberichte\u00a0&gt;<\/a><\/span><\/p>\n<p style=\"text-align: center;\"><span style=\"font-family: arial, helvetica, sans-serif; font-size: medium;\">\u00a0<\/span><\/p>\n<p style=\"text-align: center;\"><strong><span style=\"font-family: arial, helvetica, sans-serif; font-size: medium;\">Fazit<\/span><\/strong><\/p>\n<p style=\"text-align: center;\"><span style=\"font-family: arial, helvetica, sans-serif; font-size: medium;\">\u00a0<\/span><\/p>\n<p style=\"text-align: center;\"><span style=\"font-family: arial, helvetica, sans-serif; font-size: medium;\">Wie anfangs angedeutet, hatten wir eigentlich vor, im Herbst 2011 zwei Wochen pauschal auf die Kanaren zu fliegen.<\/span><\/p>\n<p style=\"text-align: center;\"><span style=\"font-family: arial, helvetica, sans-serif; font-size: medium;\">&#8222;Leider&#8220; schickte uns British Airways im Sommer die Nachricht, dass unsere BA-Miles<\/span><\/p>\n<p style=\"text-align: center;\"><span style=\"font-family: arial, helvetica, sans-serif; font-size: medium;\">zu bestimmten Terminen au\u00dferhalb der Saison f\u00fcr Freifl\u00fcge nach Nordamerika ausreichen.<\/span><\/p>\n<p style=\"text-align: center;\"><span style=\"font-family: arial, helvetica, sans-serif; font-size: medium;\">Also galt es, die Alternativen gegeneinander zu rechnen.<\/span><\/p>\n<p style=\"text-align: center;\"><span style=\"font-family: arial, helvetica, sans-serif; font-size: medium;\">Wir haben uns f\u00fcr&#8217;s sparen entschieden!<\/span><\/p>\n<p style=\"text-align: center;\"><span style=\"font-family: arial, helvetica, sans-serif; font-size: medium;\">\u00a0<\/span><\/p>\n<p style=\"text-align: center;\"><span style=\"font-family: arial, helvetica, sans-serif; font-size: medium;\">Von den in Frage kommenden Flugh\u00e4fen bot San Diego die besten Termine.<\/span><\/p>\n<p style=\"text-align: center;\"><span style=\"font-family: arial, helvetica, sans-serif; font-size: medium;\">Den Begriff Freifl\u00fcge definierte BA leider nicht ganz in unserem Sinn.<\/span><\/p>\n<p style=\"text-align: center;\"><span style=\"font-family: arial, helvetica, sans-serif; font-size: medium;\">320 Euro pro Person waren f\u00fcr Geb\u00fchren f\u00e4llig.<\/span><\/p>\n<p style=\"text-align: center;\"><span style=\"font-family: arial, helvetica, sans-serif; font-size: medium;\">Der Nonstop Flight London &#8211; San Diego ist nat\u00fcrlich ellenlang.<\/span><\/p>\n<p style=\"text-align: center;\"><span style=\"font-family: arial, helvetica, sans-serif; font-size: medium;\">Auf unseren Stammpl\u00e4tzen an der Babyklappe in der Boeing 777 ist die Zeit wie im Schlaf vergangen.<\/span><\/p>\n<p style=\"text-align: center;\"><span style=\"font-family: arial, helvetica, sans-serif; font-size: medium;\">Service und Freundlichkeit bei British Airways waren dieses Mal wieder einwandfrei.<\/span><\/p>\n<p style=\"text-align: center;\"><span style=\"font-family: arial, helvetica, sans-serif; font-size: medium;\">\u00a0<\/span><\/p>\n<p style=\"text-align: center;\"><span style=\"font-family: arial, helvetica, sans-serif; font-size: medium;\">Bis auf eine haben wir alle \u00dcbernachtungen im Vorfeld fest gemacht<\/span><\/p>\n<p style=\"text-align: center;\"><span style=\"font-family: arial, helvetica, sans-serif; font-size: medium;\">und dabei versucht, die Zimmerpreise trotz hohem Komfort so gering wie m\u00f6glich zu halten.<\/span><\/p>\n<p style=\"text-align: center;\"><span style=\"font-family: arial, helvetica, sans-serif; font-size: medium;\">Ein Unterfangen, welches ohne unsere Hotel-Buchungs-Hilfe Nummer 1, Priceline, nicht m\u00f6glich gewesen w\u00e4re.<\/span><\/p>\n<p style=\"text-align: center;\"><span style=\"font-family: arial, helvetica, sans-serif; font-size: medium;\">Gerade in Phoenix, Tucson, Palm Springs und San Diego hatten wir richtiges Gl\u00fcck mit unseren Unterk\u00fcnften.<\/span><\/p>\n<p style=\"text-align: center;\"><span style=\"font-family: arial, helvetica, sans-serif; font-size: medium;\">Im Durchschnitt kamen wir auf eine Roomrate von ca. 57 Dollar,<\/span><\/p>\n<p style=\"text-align: center;\"><span style=\"font-family: arial, helvetica, sans-serif; font-size: medium;\">was zum Zeitpunkt der Buchung etwa 39 Euro waren.<\/span><\/p>\n<p style=\"text-align: center;\"><span style=\"font-family: arial, helvetica, sans-serif; font-size: medium;\">F\u00fcr Sheraton, Renaissance und Hilton!<\/span><\/p>\n<p style=\"text-align: center;\"><span style=\"font-family: arial, helvetica, sans-serif; font-size: medium;\">\u00a0<\/span><\/p>\n<p style=\"text-align: center;\"><span style=\"font-family: arial, helvetica, sans-serif; font-size: medium;\">Den Mietwagen gab es als Angebot bei Holiday Autos.<\/span><\/p>\n<p style=\"text-align: center;\"><span style=\"font-family: arial, helvetica, sans-serif; font-size: medium;\">H\u00e4tten die US-Girls bei der Fussball WM den Titel geholt, w\u00e4ren uns 20% vom Mietpreis abgezogen worden.<\/span><\/p>\n<p style=\"text-align: center;\"><span style=\"font-family: arial, helvetica, sans-serif; font-size: medium;\">So sind es f\u00fcr den 2.Platz immerhin noch 10% geworden.<\/span><\/p>\n<p style=\"text-align: center;\"><span style=\"font-family: arial, helvetica, sans-serif; font-size: medium;\">F\u00fcr 2 Wochen Midsize SUV haben wir 350 Euro bezahlt.<\/span><\/p>\n<p style=\"text-align: center;\"><span style=\"font-family: arial, helvetica, sans-serif; font-size: medium;\">Die Mehrkosten von knapp 100 \u20ac f\u00fcr den gro\u00dfen Jeep kommen noch dazu und waren uns den Spa\u00df auf jeden Fall wert.<\/span><\/p>\n<p style=\"text-align: center;\"><span style=\"font-family: arial, helvetica, sans-serif; font-size: medium;\">Der neue Grand Cherokee war bequem, ger\u00e4umig, zuverl\u00e4ssig, kr\u00e4ftig und erstaunlich sparsam.<\/span><\/p>\n<p style=\"text-align: center;\"><span style=\"font-family: arial, helvetica, sans-serif; font-size: medium;\">Er hat uns komfortabel knapp 2000 Meilen durch den S\u00fcdwesten kutschiert<\/span><\/p>\n<p style=\"text-align: center;\"><span style=\"font-family: arial, helvetica, sans-serif; font-size: medium;\">Aufgrund der vielen Fahrten mit Tempomat kamen wir auf einen durchschnittlichen Verbrauch von 9,3 Litern auf 100 km.<\/span><\/p>\n<p style=\"text-align: center;\"><span style=\"font-family: arial, helvetica, sans-serif; font-size: medium;\">\u00a0<\/span><\/p>\n<p style=\"text-align: center;\"><span style=\"font-family: arial, helvetica, sans-serif; font-size: medium;\">S\u00fcdwesten im Oktober? Jederzeit wieder!<\/span><\/p>\n<p style=\"text-align: center;\"><span style=\"font-family: arial, helvetica, sans-serif; font-size: medium;\">Die im Sommer hei\u00dfen W\u00fcstengebiete sind um diese Zeit viel ertr\u00e4glicher.<\/span><\/p>\n<p style=\"text-align: center;\"><span style=\"font-family: arial, helvetica, sans-serif; font-size: medium;\">Besonders gefallen haben uns die Joshuas im gleichnamigen Nationalpark,<\/span><\/p>\n<p style=\"text-align: center;\"><span style=\"font-family: arial, helvetica, sans-serif; font-size: medium;\">das gepflegte Palm Springs sowie das tolle Easy Feeling mit mexikanischem Akzent in San Diego.<\/span><\/p>\n<p style=\"text-align: center;\"><span style=\"font-family: arial, helvetica, sans-serif; font-size: medium;\">Und nat\u00fcrlich die f\u00fcnf tollen Tage in Phoenix und Tucson.<\/span><\/p>\n<p style=\"text-align: center;\"><span style=\"font-family: arial, helvetica, sans-serif; font-size: medium;\">Endlich hatten wir hier mal etwas mehr Zeit.<\/span><\/p>\n<p style=\"text-align: center;\"><span style=\"font-family: arial, helvetica, sans-serif; font-size: medium;\">Uli und Volkers Anwesenheit zur selben Zeit am selben Ort hat nicht unerheblich zur guten Laune beigetragen<\/span><\/p>\n<p style=\"text-align: center;\"><span style=\"font-family: arial, helvetica, sans-serif; font-size: medium;\">Die gesamte Tour verlief sehr relaxt.<\/span><\/p>\n<p style=\"text-align: center;\"><span style=\"font-family: arial, helvetica, sans-serif; font-size: medium;\">Selbst l\u00e4ngere Fahretappen haben wir entspannt bew\u00e4ltigt.<\/span><\/p>\n<p style=\"text-align: center;\"><span style=\"font-family: arial, helvetica, sans-serif; font-size: medium;\">Erholt haben wir die R\u00fcckfl\u00fcge angetreten.<\/span><\/p>\n<p style=\"text-align: center;\"><span style=\"font-family: arial, helvetica, sans-serif; font-size: medium;\">In Vorfreude auf die n\u00e4chste US-Visite haben wir am Schlu\u00dftag in San Diego<\/span><\/p>\n<p style=\"text-align: center;\"><span style=\"font-family: arial, helvetica, sans-serif; font-size: medium;\">ein kleines Papierschiff zu Wasser gelassen.<\/span><\/p>\n<p style=\"text-align: center;\"><span style=\"font-family: arial, helvetica, sans-serif; font-size: medium;\">Wenn es von hier aus lange genug gerade aus segelt,<\/span><\/p>\n<p style=\"text-align: center;\"><span style=\"font-family: arial, helvetica, sans-serif; font-size: medium;\">k\u00f6nnte auch eine weitere Reise angedeutet sein &#8230;<\/span><\/p>\n<p style=\"text-align: center;\"><span style=\"font-family: arial, helvetica, sans-serif; font-size: medium;\">\u00a0<\/span><\/p>\n<p style=\"text-align: center;\"><span style=\"font-family: arial, helvetica, sans-serif; font-size: medium;\">In diesem Sinne bis zum n\u00e4chsten Mal!<\/span><\/p>\n<p style=\"text-align: center;\"><span style=\"font-family: arial, helvetica, sans-serif; font-size: medium;\">\u00a0<\/span><\/p>\n<p style=\"text-align: center;\"><a href=\"https:\/\/welcome-ontour.de\/wordpress\/wp-content\/uploads\/2012\/08\/phoca_thumb_l_2011-10-19-01-dsc03026-kopie.jpg\" target=\"_blank\" rel=\"noopener noreferrer\"><span style=\"font-family: arial, helvetica, sans-serif; font-size: medium;\"><img decoding=\"async\" class=\" size-full wp-image-619\" title=\"Bis zum N\u00e4chsten Mal - Klick\" src=\"https:\/\/welcome-ontour.de\/wordpress\/wp-content\/uploads\/2012\/08\/phoca_thumb_l_2011-10-19-01-dsc03026-kopie.jpg\" width=\"600\" height=\"400\" border=\"0\" srcset=\"https:\/\/welcome-ontour.de\/wordpress\/wp-content\/uploads\/2012\/08\/phoca_thumb_l_2011-10-19-01-dsc03026-kopie.jpg 1400w, https:\/\/welcome-ontour.de\/wordpress\/wp-content\/uploads\/2012\/08\/phoca_thumb_l_2011-10-19-01-dsc03026-kopie-300x200.jpg 300w, https:\/\/welcome-ontour.de\/wordpress\/wp-content\/uploads\/2012\/08\/phoca_thumb_l_2011-10-19-01-dsc03026-kopie-1024x683.jpg 1024w, https:\/\/welcome-ontour.de\/wordpress\/wp-content\/uploads\/2012\/08\/phoca_thumb_l_2011-10-19-01-dsc03026-kopie-768x512.jpg 768w\" sizes=\"(max-width: 600px) 100vw, 600px\" \/><\/span><\/a><\/p>\n<p style=\"text-align: center;\"><span style=\"font-family: arial, helvetica, sans-serif; font-size: medium;\">\u00a0<\/span><\/p>\n<p style=\"text-align: center;\"><span style=\"font-family: arial, helvetica, sans-serif; font-size: medium;\"><img decoding=\"async\" class=\" size-full wp-image-620\" title=\"Hasta Luego\" src=\"https:\/\/welcome-ontour.de\/wordpress\/wp-content\/uploads\/2012\/08\/phoca_thumb_l_2011-10-19-02-img_6730.jpg\" width=\"600\" height=\"401\" border=\"0\" srcset=\"https:\/\/welcome-ontour.de\/wordpress\/wp-content\/uploads\/2012\/08\/phoca_thumb_l_2011-10-19-02-img_6730.jpg 600w, https:\/\/welcome-ontour.de\/wordpress\/wp-content\/uploads\/2012\/08\/phoca_thumb_l_2011-10-19-02-img_6730-300x201.jpg 300w\" sizes=\"(max-width: 600px) 100vw, 600px\" \/><\/span><\/p>\n<p style=\"text-align: center;\"><span style=\"font-family: arial, helvetica, sans-serif; font-size: medium;\">\u00a0<\/span><\/p>\n<p style=\"text-align: center;\"><strong><span style=\"font-family: arial, helvetica, sans-serif; font-size: medium;\">Macht&#8217;s gut Leute<\/span><\/strong><\/p>\n<p style=\"text-align: center;\"><strong><span style=\"font-family: arial, helvetica, sans-serif; font-size: medium;\">\u00a0<\/span><\/strong><\/p>\n<p style=\"text-align: center;\"><strong><span style=\"font-family: arial, helvetica, sans-serif; font-size: medium;\">\u00a0ute &amp; andie<\/span><\/strong><\/p>\n<p style=\"text-align: center;\"><span style=\"font-family: arial, helvetica, sans-serif; font-size: medium;\"><img decoding=\"async\" class=\" size-full wp-image-621\" title=\"Saguaro Cactus\" src=\"https:\/\/welcome-ontour.de\/wordpress\/wp-content\/uploads\/2012\/08\/phoca_thumb_l_2011-10-19-03-aqua-04.jpg\" width=\"270\" height=\"320\" border=\"0\" srcset=\"https:\/\/welcome-ontour.de\/wordpress\/wp-content\/uploads\/2012\/08\/phoca_thumb_l_2011-10-19-03-aqua-04.jpg 270w, https:\/\/welcome-ontour.de\/wordpress\/wp-content\/uploads\/2012\/08\/phoca_thumb_l_2011-10-19-03-aqua-04-253x300.jpg 253w\" sizes=\"(max-width: 270px) 100vw, 270px\" \/>\u00a0<img decoding=\"async\" class=\" size-full wp-image-622\" title=\"La Jolla\" src=\"https:\/\/welcome-ontour.de\/wordpress\/wp-content\/uploads\/2012\/08\/phoca_thumb_l_2011-10-19-04-aqua-05.jpg\" width=\"280\" height=\"189\" border=\"0\" \/>\u00a0<img decoding=\"async\" class=\" size-full wp-image-623\" title=\"Sonora Desert Museum\" src=\"https:\/\/welcome-ontour.de\/wordpress\/wp-content\/uploads\/2012\/08\/phoca_thumb_l_2011-10-19-05-aqua-06.jpg\" width=\"270\" height=\"320\" border=\"0\" srcset=\"https:\/\/welcome-ontour.de\/wordpress\/wp-content\/uploads\/2012\/08\/phoca_thumb_l_2011-10-19-05-aqua-06.jpg 270w, https:\/\/welcome-ontour.de\/wordpress\/wp-content\/uploads\/2012\/08\/phoca_thumb_l_2011-10-19-05-aqua-06-253x300.jpg 253w\" sizes=\"(max-width: 270px) 100vw, 270px\" \/><\/span><\/p>\n<p style=\"text-align: center;\"><span style=\"font-family: arial, helvetica, sans-serif; font-size: medium;\">\u00a0<\/span><\/p>\n<p style=\"text-align: center;\"><span style=\"font-family: arial, helvetica, sans-serif; font-size: small;\"><a href=\"https:\/\/welcome-ontour.de\/wordpress\/index.php\/2011-10-18\/\">&lt; Zur\u00fcck<\/a>\u00a0 \u00a0 \u00a0 \u00a0 \u00a0 \u00a0 \u00a0 \u00a0 \u00a0 \u00a0 \u00a0 \u00a0 \u00a0 \u00a0 \u00a0 \u00a0 \u00a0 \u00a0 \u00a0 \u00a0 \u00a0 \u00a0 \u00a0 \u00a0 \u00a0 \u00a0 \u00a0 \u00a0 \u00a0 \u00a0 \u00a0 \u00a0 \u00a0 \u00a0 \u00a0 \u00a0 \u00a0 \u00a0 \u00a0 \u00a0 \u00a0 \u00a0 \u00a0 \u00a0 \u00a0 \u00a0 \u00a0 \u00a0 \u00a0 \u00a0 \u00a0 \u00a0 \u00a0 \u00a0 \u00a0 \u00a0 \u00a0 \u00a0 \u00a0 \u00a0 \u00a0 \u00a0 \u00a0 \u00a0 \u00a0 \u00a0 \u00a0 \u00a0 \u00a0 \u00a0 \u00a0 \u00a0 \u00a0 \u00a0 \u00a0 \u00a0 \u00a0 \u00a0 \u00a0 \u00a0 \u00a0 \u00a0 \u00a0 \u00a0 \u00a0 \u00a0 \u00a0 \u00a0 \u00a0 \u00a0 \u00a0 \u00a0 \u00a0 \u00a0 \u00a0 \u00a0 \u00a0 \u00a0\u00a0<a href=\"https:\/\/welcome-ontour.de\/wordpress\/index.php\/reiseberichte\/\">Reiseberichte\u00a0&gt;<\/a>\u00a0<\/span><\/p>\n","protected":false},"excerpt":{"rendered":"<p>\u00a0prolog\u00a0&#8211;\u00a0hinflug\u00a0&#8211;\u00a0laughlin\u00a0&#8211;\u00a0las vegas\u00a0&#8211;\u00a0phoenix\u00a0&#8211;\u00a0tucson\u00a0&#8211;\u00a0watson lake\u00a0&#8211;\u00a029 palms\u00a0&#8211;\u00a0joshua tree\u00a0&#8211;\u00a0san diego\u00a0&#8211;\u00a0r\u00fcckflug\u00a0&#8211;\u00a0fazit\u00a0\u00a0 &lt; Zur\u00fcck\u00a0 \u00a0 \u00a0 \u00a0 \u00a0 \u00a0 \u00a0 \u00a0 \u00a0 \u00a0 \u00a0 \u00a0 \u00a0 \u00a0 \u00a0 \u00a0 \u00a0 \u00a0 \u00a0 \u00a0 \u00a0 \u00a0 \u00a0 \u00a0 \u00a0 \u00a0 \u00a0 \u00a0 \u00a0 \u00a0 \u00a0 \u00a0 \u00a0 \u00a0 \u00a0 \u00a0 \u00a0 \u00a0 \u00a0 \u00a0 \u00a0 \u00a0 \u00a0 \u00a0 \u00a0 \u00a0 \u00a0 \u00a0 \u00a0 \u00a0 \u00a0 \u00a0 \u00a0 \u00a0 \u00a0 \u00a0 \u00a0 \u00a0 \u00a0 \u00a0 \u00a0 \u00a0 \u00a0 \u00a0 \u00a0 \u00a0 \u00a0 \u00a0 \u00a0 \u00a0 \u00a0 \u00a0 \u00a0 \u00a0 \u00a0 \u00a0 \u00a0 \u00a0 \u00a0 \u00a0 \u00a0 \u00a0 \u00a0 \u00a0 \u00a0 \u00a0 \u00a0 \u00a0 \u00a0 \u00a0 \u00a0 \u00a0 \u00a0 \u00a0 \u00a0 \u00a0 \u00a0 \u00a0\u00a0Reiseberichte\u00a0&gt; \u00a0 Fazit \u00a0 Wie anfangs angedeutet, hatten wir eigentlich vor, im Herbst 2011 zwei Wochen pauschal auf die Kanaren zu fliegen. &#8222;Leider&#8220; schickte uns British Airways im Sommer die Nachricht, dass unsere BA-Miles zu bestimmten Terminen au\u00dferhalb der Saison f\u00fcr Freifl\u00fcge nach Nordamerika ausreichen. Also galt es, die Alternativen gegeneinander zu rechnen. Wir haben uns f\u00fcr&#8217;s sparen entschieden! \u00a0 Von den in Frage kommenden Flugh\u00e4fen bot San Diego die besten Termine. Den Begriff Freifl\u00fcge definierte BA leider nicht ganz in unserem Sinn. 320 Euro pro Person waren f\u00fcr Geb\u00fchren f\u00e4llig. Der Nonstop Flight London &#8211; San Diego ist nat\u00fcrlich ellenlang. Auf unseren Stammpl\u00e4tzen an der Babyklappe in der Boeing 777 ist die Zeit wie im Schlaf vergangen. Service und Freundlichkeit bei British Airways waren dieses Mal wieder einwandfrei. \u00a0 Bis auf eine haben wir alle \u00dcbernachtungen im Vorfeld fest gemacht und dabei versucht, die Zimmerpreise trotz hohem Komfort so gering wie m\u00f6glich zu halten. Ein Unterfangen, welches ohne unsere Hotel-Buchungs-Hilfe Nummer 1, Priceline, nicht m\u00f6glich gewesen w\u00e4re. Gerade in Phoenix, Tucson, Palm Springs und San Diego hatten wir richtiges Gl\u00fcck mit unseren Unterk\u00fcnften. Im Durchschnitt kamen wir auf eine Roomrate von ca. 57 Dollar, was zum Zeitpunkt der Buchung etwa 39 Euro waren. F\u00fcr Sheraton, Renaissance und Hilton! \u00a0 Den Mietwagen gab es als Angebot bei Holiday Autos. H\u00e4tten die US-Girls bei der Fussball WM den Titel geholt, w\u00e4ren uns 20% vom Mietpreis abgezogen worden. So sind es f\u00fcr den 2.Platz immerhin noch 10% geworden. F\u00fcr 2 Wochen Midsize SUV haben wir 350 Euro bezahlt. Die Mehrkosten von knapp 100 \u20ac f\u00fcr den gro\u00dfen Jeep kommen noch dazu und waren uns den Spa\u00df auf jeden Fall wert. Der neue Grand Cherokee war bequem, ger\u00e4umig, zuverl\u00e4ssig, kr\u00e4ftig und erstaunlich sparsam. Er hat uns komfortabel knapp 2000 Meilen durch den S\u00fcdwesten kutschiert Aufgrund der vielen Fahrten mit Tempomat kamen wir auf einen durchschnittlichen Verbrauch von 9,3 Litern auf 100 km. \u00a0 S\u00fcdwesten im Oktober? Jederzeit wieder! Die im Sommer hei\u00dfen W\u00fcstengebiete sind um diese Zeit viel ertr\u00e4glicher. Besonders gefallen haben uns die Joshuas im gleichnamigen Nationalpark, das gepflegte Palm Springs sowie das tolle Easy Feeling mit mexikanischem Akzent in San Diego. Und nat\u00fcrlich die f\u00fcnf tollen Tage in Phoenix und Tucson. Endlich hatten wir hier mal etwas mehr Zeit. Uli und Volkers Anwesenheit zur selben Zeit am selben Ort hat nicht unerheblich zur guten Laune beigetragen Die gesamte Tour verlief sehr relaxt. Selbst l\u00e4ngere Fahretappen haben wir entspannt bew\u00e4ltigt. Erholt haben wir die R\u00fcckfl\u00fcge angetreten. In Vorfreude auf die n\u00e4chste US-Visite haben wir am Schlu\u00dftag in San Diego ein kleines Papierschiff zu Wasser gelassen. Wenn es von hier aus lange genug gerade aus segelt, k\u00f6nnte auch eine weitere Reise angedeutet sein &#8230; \u00a0 In diesem Sinne bis zum n\u00e4chsten Mal! \u00a0 \u00a0 \u00a0 Macht&#8217;s gut Leute \u00a0 \u00a0ute &amp; andie \u00a0\u00a0 \u00a0 &lt; Zur\u00fcck\u00a0 \u00a0 \u00a0 \u00a0 \u00a0 \u00a0 \u00a0 \u00a0 \u00a0 \u00a0 \u00a0 \u00a0 \u00a0 \u00a0 \u00a0 \u00a0 \u00a0 \u00a0 \u00a0 \u00a0 \u00a0 \u00a0 \u00a0 \u00a0 \u00a0 \u00a0 \u00a0 \u00a0 \u00a0 \u00a0 \u00a0 \u00a0 \u00a0 \u00a0 \u00a0 \u00a0 \u00a0 \u00a0 \u00a0 \u00a0 \u00a0 \u00a0 \u00a0 \u00a0 \u00a0 \u00a0 \u00a0 \u00a0 \u00a0 \u00a0 \u00a0 \u00a0 \u00a0 \u00a0 \u00a0 \u00a0 \u00a0 \u00a0 \u00a0 \u00a0 \u00a0 \u00a0 \u00a0 \u00a0 \u00a0 \u00a0 \u00a0 \u00a0 \u00a0 \u00a0 \u00a0 \u00a0 \u00a0 \u00a0 \u00a0 \u00a0 \u00a0 \u00a0 \u00a0 \u00a0 \u00a0 \u00a0 \u00a0 \u00a0 \u00a0 \u00a0 \u00a0 \u00a0 \u00a0 \u00a0 \u00a0 \u00a0 \u00a0 \u00a0 \u00a0 \u00a0 \u00a0 \u00a0\u00a0Reiseberichte\u00a0&gt;\u00a0<\/p>\n","protected":false},"author":1,"featured_media":619,"parent":0,"menu_order":17,"comment_status":"closed","ping_status":"closed","template":"","meta":{"footnotes":""},"class_list":["post-624","page","type-page","status-publish","has-post-thumbnail","hentry"],"_links":{"self":[{"href":"https:\/\/welcome-ontour.de\/wordpress\/index.php\/wp-json\/wp\/v2\/pages\/624","targetHints":{"allow":["GET"]}}],"collection":[{"href":"https:\/\/welcome-ontour.de\/wordpress\/index.php\/wp-json\/wp\/v2\/pages"}],"about":[{"href":"https:\/\/welcome-ontour.de\/wordpress\/index.php\/wp-json\/wp\/v2\/types\/page"}],"author":[{"embeddable":true,"href":"https:\/\/welcome-ontour.de\/wordpress\/index.php\/wp-json\/wp\/v2\/users\/1"}],"replies":[{"embeddable":true,"href":"https:\/\/welcome-ontour.de\/wordpress\/index.php\/wp-json\/wp\/v2\/comments?post=624"}],"version-history":[{"count":3,"href":"https:\/\/welcome-ontour.de\/wordpress\/index.php\/wp-json\/wp\/v2\/pages\/624\/revisions"}],"predecessor-version":[{"id":16836,"href":"https:\/\/welcome-ontour.de\/wordpress\/index.php\/wp-json\/wp\/v2\/pages\/624\/revisions\/16836"}],"wp:featuredmedia":[{"embeddable":true,"href":"https:\/\/welcome-ontour.de\/wordpress\/index.php\/wp-json\/wp\/v2\/media\/619"}],"wp:attachment":[{"href":"https:\/\/welcome-ontour.de\/wordpress\/index.php\/wp-json\/wp\/v2\/media?parent=624"}],"curies":[{"name":"wp","href":"https:\/\/api.w.org\/{rel}","templated":true}]}}