{"id":608,"date":"2012-08-29T14:02:14","date_gmt":"2012-08-29T14:02:14","guid":{"rendered":"https:\/\/welcome-ontour.de\/wordpress\/index.php\/2011-10-16\/"},"modified":"2022-06-30T23:07:06","modified_gmt":"2022-06-30T23:07:06","slug":"2011-10-16","status":"publish","type":"page","link":"https:\/\/welcome-ontour.de\/wordpress\/index.php\/2011-10-16\/","title":{"rendered":"2011 10 16"},"content":{"rendered":"<p style=\"text-align: center;\">\u00a0<span style=\"font-size: x-small;\"><a href=\"https:\/\/welcome-ontour.de\/wordpress\/index.php\/2011-10-03-prolog\/\">prolog<\/a>\u00a0&#8211;\u00a0<a href=\"https:\/\/welcome-ontour.de\/wordpress\/index.php\/2011-10-04\/\">hinflug<\/a>\u00a0&#8211;\u00a0<a href=\"https:\/\/welcome-ontour.de\/wordpress\/index.php\/2011-10-05\/\">laughlin<\/a>\u00a0&#8211;\u00a0<a href=\"https:\/\/welcome-ontour.de\/wordpress\/index.php\/2011-10-06\/\">las vegas<\/a>\u00a0&#8211;\u00a0<a href=\"https:\/\/welcome-ontour.de\/wordpress\/index.php\/2011-10-07\/\">phoenix<\/a>\u00a0&#8211;\u00a0<a href=\"https:\/\/welcome-ontour.de\/wordpress\/index.php\/2011-10-09\/\">tucson<\/a>\u00a0&#8211;\u00a0<a href=\"https:\/\/welcome-ontour.de\/wordpress\/index.php\/2011-10-12\/\">watson lake<\/a>\u00a0&#8211;\u00a0<a href=\"https:\/\/welcome-ontour.de\/wordpress\/index.php\/2011-10-13\/\">29 palms<\/a>\u00a0&#8211;\u00a0<a href=\"https:\/\/welcome-ontour.de\/wordpress\/index.php\/2011-10-14\/\">joshua tree<\/a>\u00a0&#8211;\u00a0<a href=\"https:\/\/welcome-ontour.de\/wordpress\/index.php\/2011-10-15\/\">san diego<\/a>\u00a0&#8211;\u00a0<a href=\"https:\/\/welcome-ontour.de\/wordpress\/index.php\/2011-10-17\/\">r\u00fcckflug<\/a>\u00a0&#8211;\u00a0<a href=\"https:\/\/welcome-ontour.de\/wordpress\/index.php\/2011-10-19\/\">fazit<\/a>\u00a0<\/span><span style=\"font-family: arial, helvetica, sans-serif; font-size: small;\">\u00a0<\/span><\/p>\n<p style=\"text-align: center;\">\u00a0<a style=\"font-family: arial, helvetica, sans-serif; font-size: small;\" href=\"https:\/\/welcome-ontour.de\/wordpress\/index.php\/2011-10-15\/\">&lt; Zur\u00fcck<\/a><span style=\"font-family: arial, helvetica, sans-serif; font-size: small;\">\u00a0 \u00a0 \u00a0 \u00a0 \u00a0 \u00a0 \u00a0 \u00a0 \u00a0 \u00a0 \u00a0 \u00a0 \u00a0 \u00a0 \u00a0 \u00a0 \u00a0 \u00a0 \u00a0 \u00a0 \u00a0 \u00a0 \u00a0 \u00a0 \u00a0 \u00a0 \u00a0 \u00a0 \u00a0 \u00a0 \u00a0 \u00a0 \u00a0 \u00a0 \u00a0 \u00a0 \u00a0 \u00a0 \u00a0 \u00a0 \u00a0 \u00a0 \u00a0 \u00a0 \u00a0 \u00a0 \u00a0 \u00a0 \u00a0 \u00a0 \u00a0 \u00a0 \u00a0 \u00a0 \u00a0 \u00a0 \u00a0 \u00a0 \u00a0 \u00a0 \u00a0 \u00a0 \u00a0 \u00a0 \u00a0 \u00a0 \u00a0 \u00a0 \u00a0 \u00a0 \u00a0 \u00a0 \u00a0 \u00a0 \u00a0 \u00a0 \u00a0 \u00a0 \u00a0 \u00a0 \u00a0 \u00a0 \u00a0 \u00a0 \u00a0 \u00a0 \u00a0 \u00a0 \u00a0 \u00a0 \u00a0 \u00a0 \u00a0 \u00a0 \u00a0 \u00a0 \u00a0 \u00a0 \u00a0 \u00a0 \u00a0 \u00a0 \u00a0 \u00a0\u00a0<\/span><a style=\"font-family: arial, helvetica, sans-serif; font-size: small;\" href=\"https:\/\/welcome-ontour.de\/wordpress\/index.php\/2011-10-17\/\">Weiter &gt;<\/a><\/p>\n<p style=\"text-align: center;\"><span style=\"font-family: arial, helvetica, sans-serif; font-size: medium;\">\u00a0<\/span><\/p>\n<p style=\"text-align: center;\"><strong><span style=\"font-family: arial, helvetica, sans-serif; font-size: medium;\">So 16.10.2011, 2.Woche, 13.Tag<\/span><\/strong><\/p>\n<p style=\"text-align: center;\"><strong><span style=\"font-family: arial, helvetica, sans-serif; font-size: medium;\">San Diego<\/span><\/strong><\/p>\n<p style=\"text-align: center;\"><span style=\"font-family: arial, helvetica, sans-serif; font-size: medium;\">\u00a0<\/span><\/p>\n<p style=\"text-align: center;\"><span style=\"font-family: arial, helvetica, sans-serif; font-size: medium;\">Weit ge\u00f6ffnete Balkont\u00fcr, frische Seeluft und die sonnt\u00e4gliche Morgenruhe haben uns bis halb zehn schlafen lassen.<\/span><\/p>\n<p style=\"text-align: center;\"><span style=\"font-family: arial, helvetica, sans-serif; font-size: medium;\">Ganz La Jolla ist von Pazifiknebel eingeh\u00fcllt und die Temperaturen hier direkt am Ozean sind unerwartet frisch.<\/span><\/p>\n<p style=\"text-align: center;\"><span style=\"font-family: arial, helvetica, sans-serif; font-size: medium;\">\u00a0<\/span><\/p>\n<p style=\"text-align: center;\"><span style=\"font-family: arial, helvetica, sans-serif; font-size: medium;\"><img decoding=\"async\" class=\" size-full wp-image-597\" title=\"Ocean View\" src=\"https:\/\/welcome-ontour.de\/wordpress\/wp-content\/uploads\/2012\/08\/phoca_thumb_l_2011-10-16-01-img_6857.jpg\" width=\"600\" height=\"452\" border=\"0\" srcset=\"https:\/\/welcome-ontour.de\/wordpress\/wp-content\/uploads\/2012\/08\/phoca_thumb_l_2011-10-16-01-img_6857.jpg 600w, https:\/\/welcome-ontour.de\/wordpress\/wp-content\/uploads\/2012\/08\/phoca_thumb_l_2011-10-16-01-img_6857-300x226.jpg 300w\" sizes=\"(max-width: 600px) 100vw, 600px\" \/><\/span><\/p>\n<p style=\"text-align: center;\"><span style=\"font-family: arial, helvetica, sans-serif; font-size: medium;\">\u00a0<\/span><\/p>\n<p style=\"text-align: center;\"><span style=\"font-family: arial, helvetica, sans-serif; font-size: medium;\">Heute geht\u2019s als erstes ins <a href=\"http:\/\/www.westfield.com\/utc\" target=\"_blank\" rel=\"noopener noreferrer\">Westfield University Towne Centre<\/a>.<\/span><\/p>\n<p style=\"text-align: center;\"><span style=\"font-family: arial, helvetica, sans-serif; font-size: medium;\">\u00a0<\/span><\/p>\n<p style=\"text-align: center;\"><span style=\"font-family: arial, helvetica, sans-serif; font-size: medium;\"><img decoding=\"async\" class=\" size-full wp-image-598\" title=\"WUTC\" src=\"https:\/\/welcome-ontour.de\/wordpress\/wp-content\/uploads\/2012\/08\/phoca_thumb_l_2011-10-16-02-img_6791.jpg\" width=\"600\" height=\"452\" border=\"0\" srcset=\"https:\/\/welcome-ontour.de\/wordpress\/wp-content\/uploads\/2012\/08\/phoca_thumb_l_2011-10-16-02-img_6791.jpg 600w, https:\/\/welcome-ontour.de\/wordpress\/wp-content\/uploads\/2012\/08\/phoca_thumb_l_2011-10-16-02-img_6791-300x226.jpg 300w\" sizes=\"(max-width: 600px) 100vw, 600px\" \/><\/span><\/p>\n<p style=\"text-align: center;\"><span style=\"font-family: arial, helvetica, sans-serif; font-size: medium;\">\u00a0<\/span><\/p>\n<p style=\"text-align: center;\"><span style=\"font-family: arial, helvetica, sans-serif; font-size: medium;\"><img decoding=\"async\" class=\" size-full wp-image-599\" title=\"WUTC\" src=\"https:\/\/welcome-ontour.de\/wordpress\/wp-content\/uploads\/2012\/08\/phoca_thumb_l_2011-10-16-03-img_6878.jpg\" width=\"600\" height=\"452\" border=\"0\" srcset=\"https:\/\/welcome-ontour.de\/wordpress\/wp-content\/uploads\/2012\/08\/phoca_thumb_l_2011-10-16-03-img_6878.jpg 600w, https:\/\/welcome-ontour.de\/wordpress\/wp-content\/uploads\/2012\/08\/phoca_thumb_l_2011-10-16-03-img_6878-300x226.jpg 300w\" sizes=\"(max-width: 600px) 100vw, 600px\" \/><\/span><\/p>\n<p style=\"text-align: center;\"><span style=\"font-family: arial, helvetica, sans-serif; font-size: medium;\">\u00a0<\/span><\/p>\n<p style=\"text-align: center;\"><span style=\"font-family: arial, helvetica, sans-serif; font-size: medium;\">Neben den \u00fcblichen Ersparnissen, g\u00f6nnen wir uns den Luxus von zwei neuen Koffern.<\/span><\/p>\n<p style=\"text-align: center;\"><span style=\"font-family: arial, helvetica, sans-serif; font-size: medium;\">Die alten sind zwar selbst nach 20 Jahren intensiven Gebrauch noch v\u00f6llig intakt,<\/span><\/p>\n<p style=\"text-align: center;\"><span style=\"font-family: arial, helvetica, sans-serif; font-size: medium;\">aber die Schlepperei geht uns auf den Keks.<\/span><\/p>\n<p style=\"text-align: center;\"><span style=\"font-family: arial, helvetica, sans-serif; font-size: medium;\">Heutzutage rollt man sein Gep\u00e4ck.<\/span><\/p>\n<p style=\"text-align: center;\"><span style=\"font-family: arial, helvetica, sans-serif; font-size: medium;\">\u00a0<\/span><\/p>\n<p style=\"text-align: center;\"><span style=\"font-family: arial, helvetica, sans-serif; font-size: medium;\"><img decoding=\"async\" class=\" size-full wp-image-600\" title=\"Samsonite &amp; Delilah\" src=\"https:\/\/welcome-ontour.de\/wordpress\/wp-content\/uploads\/2012\/08\/phoca_thumb_l_2011-10-16-04-img_6790.jpg\" width=\"600\" height=\"452\" border=\"0\" srcset=\"https:\/\/welcome-ontour.de\/wordpress\/wp-content\/uploads\/2012\/08\/phoca_thumb_l_2011-10-16-04-img_6790.jpg 600w, https:\/\/welcome-ontour.de\/wordpress\/wp-content\/uploads\/2012\/08\/phoca_thumb_l_2011-10-16-04-img_6790-300x226.jpg 300w\" sizes=\"(max-width: 600px) 100vw, 600px\" \/><\/span><\/p>\n<p style=\"text-align: center;\"><span style=\"font-family: arial, helvetica, sans-serif; font-size: medium;\">\u00a0<\/span><\/p>\n<p style=\"text-align: center;\"><a href=\"https:\/\/welcome-ontour.de\/wordpress\/wp-content\/uploads\/2012\/08\/phoca_thumb_l_2011-10-16-05-img_6802-kopie.jpg\" target=\"_blank\" rel=\"noopener noreferrer\"><span style=\"font-family: arial, helvetica, sans-serif; font-size: medium;\"><img decoding=\"async\" class=\" size-full wp-image-601\" title=\"Thai Curry zum Anklicken\" src=\"https:\/\/welcome-ontour.de\/wordpress\/wp-content\/uploads\/2012\/08\/phoca_thumb_l_2011-10-16-05-img_6802-kopie.jpg\" width=\"600\" height=\"451\" border=\"0\" srcset=\"https:\/\/welcome-ontour.de\/wordpress\/wp-content\/uploads\/2012\/08\/phoca_thumb_l_2011-10-16-05-img_6802-kopie.jpg 1330w, https:\/\/welcome-ontour.de\/wordpress\/wp-content\/uploads\/2012\/08\/phoca_thumb_l_2011-10-16-05-img_6802-kopie-300x226.jpg 300w, https:\/\/welcome-ontour.de\/wordpress\/wp-content\/uploads\/2012\/08\/phoca_thumb_l_2011-10-16-05-img_6802-kopie-1024x770.jpg 1024w, https:\/\/welcome-ontour.de\/wordpress\/wp-content\/uploads\/2012\/08\/phoca_thumb_l_2011-10-16-05-img_6802-kopie-768x577.jpg 768w\" sizes=\"(max-width: 600px) 100vw, 600px\" \/><\/span><\/a><\/p>\n<p style=\"text-align: center;\"><span style=\"font-family: arial, helvetica, sans-serif; font-size: medium;\">\u00a0<\/span><\/p>\n<p style=\"text-align: center;\"><span style=\"font-family: arial, helvetica, sans-serif; font-size: medium;\">Nach leckeren Thai Curry Suppen, laden wir die Beute im Hotel ab<\/span><\/p>\n<p style=\"text-align: center;\"><span style=\"font-family: arial, helvetica, sans-serif; font-size: medium;\">und verbringen die n\u00e4chsten Stunden an der Promenade von La Jolla.<\/span><\/p>\n<p style=\"text-align: center;\"><span style=\"font-family: arial, helvetica, sans-serif; font-size: medium;\">Wie so oft verziehen sich die Pazifikwolken zum Nachmittag und geben den sonnigen Blick auf den Ozean frei.<\/span><\/p>\n<p style=\"text-align: center;\"><span style=\"font-family: arial, helvetica, sans-serif; font-size: medium;\">\u00a0<\/span><\/p>\n<p style=\"text-align: center;\"><span style=\"font-family: arial, helvetica, sans-serif; font-size: medium;\"><img decoding=\"async\" class=\" size-full wp-image-602\" title=\"La Jolla\" src=\"https:\/\/welcome-ontour.de\/wordpress\/wp-content\/uploads\/2012\/08\/phoca_thumb_l_2011-10-16-06-dsc03044.jpg\" width=\"600\" height=\"404\" border=\"0\" srcset=\"https:\/\/welcome-ontour.de\/wordpress\/wp-content\/uploads\/2012\/08\/phoca_thumb_l_2011-10-16-06-dsc03044.jpg 600w, https:\/\/welcome-ontour.de\/wordpress\/wp-content\/uploads\/2012\/08\/phoca_thumb_l_2011-10-16-06-dsc03044-300x202.jpg 300w\" sizes=\"(max-width: 600px) 100vw, 600px\" \/><\/span><\/p>\n<p style=\"text-align: center;\"><span style=\"font-family: arial, helvetica, sans-serif; font-size: medium;\">\u00a0<\/span><\/p>\n<p style=\"text-align: center;\"><a href=\"https:\/\/welcome-ontour.de\/wordpress\/wp-content\/uploads\/2012\/08\/phoca_thumb_l_2011-10-16-07-img_6828-kopie.jpg\" target=\"_blank\" rel=\"noopener noreferrer\"><span style=\"font-family: arial, helvetica, sans-serif; font-size: medium;\"><img decoding=\"async\" class=\" size-full wp-image-603\" title=\"Klick\" src=\"https:\/\/welcome-ontour.de\/wordpress\/wp-content\/uploads\/2012\/08\/phoca_thumb_l_2011-10-16-07-img_6828-kopie.jpg\" width=\"600\" height=\"434\" border=\"0\" srcset=\"https:\/\/welcome-ontour.de\/wordpress\/wp-content\/uploads\/2012\/08\/phoca_thumb_l_2011-10-16-07-img_6828-kopie.jpg 1382w, https:\/\/welcome-ontour.de\/wordpress\/wp-content\/uploads\/2012\/08\/phoca_thumb_l_2011-10-16-07-img_6828-kopie-300x217.jpg 300w, https:\/\/welcome-ontour.de\/wordpress\/wp-content\/uploads\/2012\/08\/phoca_thumb_l_2011-10-16-07-img_6828-kopie-1024x741.jpg 1024w, https:\/\/welcome-ontour.de\/wordpress\/wp-content\/uploads\/2012\/08\/phoca_thumb_l_2011-10-16-07-img_6828-kopie-768x556.jpg 768w\" sizes=\"(max-width: 600px) 100vw, 600px\" \/><\/span><\/a><\/p>\n<p style=\"text-align: center;\"><span style=\"font-family: arial, helvetica, sans-serif; font-size: medium;\">\u00a0<\/span><\/p>\n<p style=\"text-align: center;\"><span style=\"font-family: arial, helvetica, sans-serif; font-size: medium;\">Pelikane und Seel\u00f6wen starten ihre Sonntags-Shows.<\/span><\/p>\n<p style=\"text-align: center;\"><span style=\"font-family: arial, helvetica, sans-serif; font-size: medium;\">\u00a0<\/span><\/p>\n<p style=\"text-align: center;\"><a href=\"https:\/\/welcome-ontour.de\/wordpress\/wp-content\/uploads\/2012\/08\/phoca_thumb_l_2011-10-16-08-dsc03051-kopie.jpg\" target=\"_blank\" rel=\"noopener noreferrer\"><span style=\"font-family: arial, helvetica, sans-serif; font-size: medium;\"><img decoding=\"async\" class=\" size-full wp-image-604\" title=\"Seel\u00f6we - Klick\" src=\"https:\/\/welcome-ontour.de\/wordpress\/wp-content\/uploads\/2012\/08\/phoca_thumb_l_2011-10-16-08-dsc03051-kopie.jpg\" width=\"600\" height=\"451\" border=\"0\" srcset=\"https:\/\/welcome-ontour.de\/wordpress\/wp-content\/uploads\/2012\/08\/phoca_thumb_l_2011-10-16-08-dsc03051-kopie.jpg 1330w, https:\/\/welcome-ontour.de\/wordpress\/wp-content\/uploads\/2012\/08\/phoca_thumb_l_2011-10-16-08-dsc03051-kopie-300x226.jpg 300w, https:\/\/welcome-ontour.de\/wordpress\/wp-content\/uploads\/2012\/08\/phoca_thumb_l_2011-10-16-08-dsc03051-kopie-1024x770.jpg 1024w, https:\/\/welcome-ontour.de\/wordpress\/wp-content\/uploads\/2012\/08\/phoca_thumb_l_2011-10-16-08-dsc03051-kopie-768x577.jpg 768w\" sizes=\"(max-width: 600px) 100vw, 600px\" \/><\/span><\/a><\/p>\n<p style=\"text-align: center;\"><span style=\"font-family: arial, helvetica, sans-serif; font-size: medium;\">\u00a0<\/span><\/p>\n<p style=\"text-align: center;\"><a href=\"https:\/\/welcome-ontour.de\/wordpress\/wp-content\/uploads\/2012\/08\/phoca_thumb_l_2011-10-16-09-dsc03053-kopie.jpg\" target=\"_blank\" rel=\"noopener noreferrer\"><span style=\"font-family: arial, helvetica, sans-serif; font-size: medium;\"><img decoding=\"async\" class=\" size-full wp-image-605\" title=\"Pelikan - Klick\" src=\"https:\/\/welcome-ontour.de\/wordpress\/wp-content\/uploads\/2012\/08\/phoca_thumb_l_2011-10-16-09-dsc03053-kopie.jpg\" width=\"600\" height=\"451\" border=\"0\" srcset=\"https:\/\/welcome-ontour.de\/wordpress\/wp-content\/uploads\/2012\/08\/phoca_thumb_l_2011-10-16-09-dsc03053-kopie.jpg 1330w, https:\/\/welcome-ontour.de\/wordpress\/wp-content\/uploads\/2012\/08\/phoca_thumb_l_2011-10-16-09-dsc03053-kopie-300x226.jpg 300w, https:\/\/welcome-ontour.de\/wordpress\/wp-content\/uploads\/2012\/08\/phoca_thumb_l_2011-10-16-09-dsc03053-kopie-1024x770.jpg 1024w, https:\/\/welcome-ontour.de\/wordpress\/wp-content\/uploads\/2012\/08\/phoca_thumb_l_2011-10-16-09-dsc03053-kopie-768x577.jpg 768w\" sizes=\"(max-width: 600px) 100vw, 600px\" \/><\/span><\/a><\/p>\n<p style=\"text-align: center;\">\u00a0<\/p>\n<p style=\"text-align: center;\"><span style=\"font-family: arial, helvetica, sans-serif; font-size: medium;\">\u00a0<\/span><\/p>\n<p style=\"text-align: center;\"><span style=\"font-family: arial, helvetica, sans-serif; font-size: medium;\">Wir genie\u00dfen einfach nur die maritime Atmosph\u00e4re in der w\u00e4rmenden s\u00fcdkalifornischen Sonne.<\/span><\/p>\n<p style=\"text-align: center;\"><span style=\"font-family: arial, helvetica, sans-serif; font-size: medium;\">\u00a0<\/span><\/p>\n<p style=\"text-align: center;\"><span style=\"font-family: arial, helvetica, sans-serif; font-size: medium;\"><img decoding=\"async\" class=\" size-full wp-image-606\" title=\"La Jolla\" src=\"https:\/\/welcome-ontour.de\/wordpress\/wp-content\/uploads\/2012\/08\/phoca_thumb_l_2011-10-16-10-img_6822.jpg\" width=\"452\" height=\"600\" border=\"0\" srcset=\"https:\/\/welcome-ontour.de\/wordpress\/wp-content\/uploads\/2012\/08\/phoca_thumb_l_2011-10-16-10-img_6822.jpg 452w, https:\/\/welcome-ontour.de\/wordpress\/wp-content\/uploads\/2012\/08\/phoca_thumb_l_2011-10-16-10-img_6822-226x300.jpg 226w\" sizes=\"(max-width: 452px) 100vw, 452px\" \/><br \/><\/span><\/p>\n<p style=\"text-align: center;\">\u00a0<\/p>\n<p style=\"text-align: center;\"><span style=\"font-family: arial, helvetica, sans-serif; font-size: medium;\"><img decoding=\"async\" class=\" size-full wp-image-607\" title=\"La Jolla\" src=\"https:\/\/welcome-ontour.de\/wordpress\/wp-content\/uploads\/2012\/08\/phoca_thumb_l_2011-10-16-11-dsc03060.jpg\" width=\"600\" height=\"404\" border=\"0\" srcset=\"https:\/\/welcome-ontour.de\/wordpress\/wp-content\/uploads\/2012\/08\/phoca_thumb_l_2011-10-16-11-dsc03060.jpg 600w, https:\/\/welcome-ontour.de\/wordpress\/wp-content\/uploads\/2012\/08\/phoca_thumb_l_2011-10-16-11-dsc03060-300x202.jpg 300w\" sizes=\"(max-width: 600px) 100vw, 600px\" \/><br \/><\/span><\/p>\n<p style=\"text-align: center;\"><span style=\"font-family: arial, helvetica, sans-serif; font-size: medium;\">\u00a0<\/span><\/p>\n<p style=\"text-align: center;\"><span style=\"font-family: arial, helvetica, sans-serif; font-size: medium;\">Zum Diner haben wir uns das <a href=\"http:\/\/greatplazabuffet.com\/\" target=\"_blank\" rel=\"noopener noreferrer\">Great Plaza B\u00fcffet<\/a>\u00a0in der Garnet Ave ausgesucht.<\/span><\/p>\n<p style=\"text-align: center;\"><span style=\"font-family: arial, helvetica, sans-serif; font-size: medium;\">Chinesenfutter mit reichlich und vor allem frischen Seafood.<\/span><\/p>\n<p style=\"text-align: center;\"><span style=\"font-family: arial, helvetica, sans-serif; font-size: medium;\">Danach holen wir \u2018ne Bottle Rum im \u201eLicka\u201cStore und ein paar kalte Pumpkin Wheels.<\/span><\/p>\n<p style=\"text-align: center;\"><span style=\"font-family: arial, helvetica, sans-serif; font-size: medium;\">Die Abendtemperaturen sind wieder ausgesprochen mild.<\/span><\/p>\n<p style=\"text-align: center;\"><span style=\"font-family: arial, helvetica, sans-serif; font-size: medium;\">Beim Online Check In f\u00fcr die morgigen R\u00fcckfl\u00fcge springen gute Pl\u00e4tze in der ersten Reihe der Economy raus.<\/span><\/p>\n<p style=\"text-align: center;\"><span style=\"font-family: arial, helvetica, sans-serif; font-size: medium;\">Leider nicht nebeneinander, aber vielleicht bekommen wir das morgen im Flieger noch hin.<\/span><\/p>\n<p style=\"text-align: center;\"><span style=\"font-family: arial, helvetica, sans-serif; font-size: medium;\">\u00a0<\/span><\/p>\n<p style=\"text-align: center;\"><span style=\"font-family: arial, helvetica, sans-serif; font-size: medium;\">Gefahrene Meilen \/ Kilometer: 34 \/ 55<\/span><\/p>\n<p style=\"text-align: center;\"><span style=\"font-family: arial, helvetica, sans-serif; font-size: medium;\">\u00a0<\/span><\/p>\n<p style=\"text-align: center;\"><span style=\"font-family: arial, helvetica, sans-serif; font-size: medium;\">\u00dcbernachtung: <a href=\"http:\/\/www.hotellajolla.com\/\" target=\"_blank\" rel=\"noopener noreferrer\">La Jolla Hotel at the Shores<\/a>, San Diego, California, 64$ ****<\/span><\/p>\n<p style=\"text-align: center;\"><span style=\"font-family: arial, helvetica, sans-serif; font-size: medium;\">\u00a0<\/span><\/p>\n<p style=\"text-align: center;\"><span style=\"font-family: arial, helvetica, sans-serif; font-size: small;\"><a href=\"https:\/\/welcome-ontour.de\/wordpress\/index.php\/2011-10-15\/\">&lt; Zur\u00fcck<\/a>\u00a0 \u00a0 \u00a0 \u00a0 \u00a0 \u00a0 \u00a0 \u00a0 \u00a0 \u00a0 \u00a0 \u00a0 \u00a0 \u00a0 \u00a0 \u00a0 \u00a0 \u00a0 \u00a0 \u00a0 \u00a0 \u00a0 \u00a0 \u00a0 \u00a0 \u00a0 \u00a0 \u00a0 \u00a0 \u00a0 \u00a0 \u00a0 \u00a0 \u00a0 \u00a0 \u00a0 \u00a0 \u00a0 \u00a0 \u00a0 \u00a0 \u00a0 \u00a0 \u00a0 \u00a0 \u00a0 \u00a0 \u00a0 \u00a0 \u00a0 \u00a0 \u00a0 \u00a0 \u00a0 \u00a0 \u00a0 \u00a0 \u00a0 \u00a0 \u00a0 \u00a0 \u00a0 \u00a0 \u00a0 \u00a0 \u00a0 \u00a0 \u00a0 \u00a0 \u00a0 \u00a0 \u00a0 \u00a0 \u00a0 \u00a0 \u00a0 \u00a0 \u00a0 \u00a0 \u00a0 \u00a0 \u00a0 \u00a0 \u00a0 \u00a0 \u00a0 \u00a0 \u00a0 \u00a0 \u00a0 \u00a0 \u00a0 \u00a0 \u00a0 \u00a0 \u00a0 \u00a0 \u00a0 \u00a0 \u00a0 \u00a0 \u00a0 \u00a0 \u00a0\u00a0<a href=\"https:\/\/welcome-ontour.de\/wordpress\/index.php\/2011-10-17\/\">Weiter &gt;<\/a>\u00a0<\/span><\/p>\n","protected":false},"excerpt":{"rendered":"<p>\u00a0prolog\u00a0&#8211;\u00a0hinflug\u00a0&#8211;\u00a0laughlin\u00a0&#8211;\u00a0las vegas\u00a0&#8211;\u00a0phoenix\u00a0&#8211;\u00a0tucson\u00a0&#8211;\u00a0watson lake\u00a0&#8211;\u00a029 palms\u00a0&#8211;\u00a0joshua tree\u00a0&#8211;\u00a0san diego\u00a0&#8211;\u00a0r\u00fcckflug\u00a0&#8211;\u00a0fazit\u00a0\u00a0 \u00a0&lt; Zur\u00fcck\u00a0 \u00a0 \u00a0 \u00a0 \u00a0 \u00a0 \u00a0 \u00a0 \u00a0 \u00a0 \u00a0 \u00a0 \u00a0 \u00a0 \u00a0 \u00a0 \u00a0 \u00a0 \u00a0 \u00a0 \u00a0 \u00a0 \u00a0 \u00a0 \u00a0 \u00a0 \u00a0 \u00a0 \u00a0 \u00a0 \u00a0 \u00a0 \u00a0 \u00a0 \u00a0 \u00a0 \u00a0 \u00a0 \u00a0 \u00a0 \u00a0 \u00a0 \u00a0 \u00a0 \u00a0 \u00a0 \u00a0 \u00a0 \u00a0 \u00a0 \u00a0 \u00a0 \u00a0 \u00a0 \u00a0 \u00a0 \u00a0 \u00a0 \u00a0 \u00a0 \u00a0 \u00a0 \u00a0 \u00a0 \u00a0 \u00a0 \u00a0 \u00a0 \u00a0 \u00a0 \u00a0 \u00a0 \u00a0 \u00a0 \u00a0 \u00a0 \u00a0 \u00a0 \u00a0 \u00a0 \u00a0 \u00a0 \u00a0 \u00a0 \u00a0 \u00a0 \u00a0 \u00a0 \u00a0 \u00a0 \u00a0 \u00a0 \u00a0 \u00a0 \u00a0 \u00a0 \u00a0 \u00a0 \u00a0 \u00a0 \u00a0 \u00a0 \u00a0 \u00a0\u00a0Weiter &gt; \u00a0 So 16.10.2011, 2.Woche, 13.Tag San Diego \u00a0 Weit ge\u00f6ffnete Balkont\u00fcr, frische Seeluft und die sonnt\u00e4gliche Morgenruhe haben uns bis halb zehn schlafen lassen. Ganz La Jolla ist von Pazifiknebel eingeh\u00fcllt und die Temperaturen hier direkt am Ozean sind unerwartet frisch. \u00a0 \u00a0 Heute geht\u2019s als erstes ins Westfield University Towne Centre. \u00a0 \u00a0 \u00a0 Neben den \u00fcblichen Ersparnissen, g\u00f6nnen wir uns den Luxus von zwei neuen Koffern. Die alten sind zwar selbst nach 20 Jahren intensiven Gebrauch noch v\u00f6llig intakt, aber die Schlepperei geht uns auf den Keks. Heutzutage rollt man sein Gep\u00e4ck. \u00a0 \u00a0 \u00a0 Nach leckeren Thai Curry Suppen, laden wir die Beute im Hotel ab und verbringen die n\u00e4chsten Stunden an der Promenade von La Jolla. Wie so oft verziehen sich die Pazifikwolken zum Nachmittag und geben den sonnigen Blick auf den Ozean frei. \u00a0 \u00a0 \u00a0 Pelikane und Seel\u00f6wen starten ihre Sonntags-Shows. \u00a0 \u00a0 \u00a0 \u00a0 Wir genie\u00dfen einfach nur die maritime Atmosph\u00e4re in der w\u00e4rmenden s\u00fcdkalifornischen Sonne. \u00a0 \u00a0 \u00a0 Zum Diner haben wir uns das Great Plaza B\u00fcffet\u00a0in der Garnet Ave ausgesucht. Chinesenfutter mit reichlich und vor allem frischen Seafood. Danach holen wir \u2018ne Bottle Rum im \u201eLicka\u201cStore und ein paar kalte Pumpkin Wheels. Die Abendtemperaturen sind wieder ausgesprochen mild. Beim Online Check In f\u00fcr die morgigen R\u00fcckfl\u00fcge springen gute Pl\u00e4tze in der ersten Reihe der Economy raus. Leider nicht nebeneinander, aber vielleicht bekommen wir das morgen im Flieger noch hin. \u00a0 Gefahrene Meilen \/ Kilometer: 34 \/ 55 \u00a0 \u00dcbernachtung: La Jolla Hotel at the Shores, San Diego, California, 64$ **** \u00a0 &lt; Zur\u00fcck\u00a0 \u00a0 \u00a0 \u00a0 \u00a0 \u00a0 \u00a0 \u00a0 \u00a0 \u00a0 \u00a0 \u00a0 \u00a0 \u00a0 \u00a0 \u00a0 \u00a0 \u00a0 \u00a0 \u00a0 \u00a0 \u00a0 \u00a0 \u00a0 \u00a0 \u00a0 \u00a0 \u00a0 \u00a0 \u00a0 \u00a0 \u00a0 \u00a0 \u00a0 \u00a0 \u00a0 \u00a0 \u00a0 \u00a0 \u00a0 \u00a0 \u00a0 \u00a0 \u00a0 \u00a0 \u00a0 \u00a0 \u00a0 \u00a0 \u00a0 \u00a0 \u00a0 \u00a0 \u00a0 \u00a0 \u00a0 \u00a0 \u00a0 \u00a0 \u00a0 \u00a0 \u00a0 \u00a0 \u00a0 \u00a0 \u00a0 \u00a0 \u00a0 \u00a0 \u00a0 \u00a0 \u00a0 \u00a0 \u00a0 \u00a0 \u00a0 \u00a0 \u00a0 \u00a0 \u00a0 \u00a0 \u00a0 \u00a0 \u00a0 \u00a0 \u00a0 \u00a0 \u00a0 \u00a0 \u00a0 \u00a0 \u00a0 \u00a0 \u00a0 \u00a0 \u00a0 \u00a0 \u00a0 \u00a0 \u00a0 \u00a0 \u00a0 \u00a0 \u00a0\u00a0Weiter &gt;\u00a0<\/p>\n","protected":false},"author":1,"featured_media":597,"parent":0,"menu_order":14,"comment_status":"closed","ping_status":"closed","template":"","meta":{"footnotes":""},"class_list":["post-608","page","type-page","status-publish","has-post-thumbnail","hentry"],"_links":{"self":[{"href":"https:\/\/welcome-ontour.de\/wordpress\/index.php\/wp-json\/wp\/v2\/pages\/608","targetHints":{"allow":["GET"]}}],"collection":[{"href":"https:\/\/welcome-ontour.de\/wordpress\/index.php\/wp-json\/wp\/v2\/pages"}],"about":[{"href":"https:\/\/welcome-ontour.de\/wordpress\/index.php\/wp-json\/wp\/v2\/types\/page"}],"author":[{"embeddable":true,"href":"https:\/\/welcome-ontour.de\/wordpress\/index.php\/wp-json\/wp\/v2\/users\/1"}],"replies":[{"embeddable":true,"href":"https:\/\/welcome-ontour.de\/wordpress\/index.php\/wp-json\/wp\/v2\/comments?post=608"}],"version-history":[{"count":1,"href":"https:\/\/welcome-ontour.de\/wordpress\/index.php\/wp-json\/wp\/v2\/pages\/608\/revisions"}],"predecessor-version":[{"id":2940,"href":"https:\/\/welcome-ontour.de\/wordpress\/index.php\/wp-json\/wp\/v2\/pages\/608\/revisions\/2940"}],"wp:featuredmedia":[{"embeddable":true,"href":"https:\/\/welcome-ontour.de\/wordpress\/index.php\/wp-json\/wp\/v2\/media\/597"}],"wp:attachment":[{"href":"https:\/\/welcome-ontour.de\/wordpress\/index.php\/wp-json\/wp\/v2\/media?parent=608"}],"curies":[{"name":"wp","href":"https:\/\/api.w.org\/{rel}","templated":true}]}}