{"id":5615,"date":"2014-03-14T10:11:04","date_gmt":"2014-03-14T10:11:04","guid":{"rendered":"https:\/\/welcome-ontour.de\/wordpress\/index.php\/2014-01-22-prolog\/"},"modified":"2022-06-30T23:07:31","modified_gmt":"2022-06-30T23:07:31","slug":"2014-01-22-prolog","status":"publish","type":"page","link":"https:\/\/welcome-ontour.de\/wordpress\/index.php\/2014-01-22-prolog\/","title":{"rendered":"2014 01 22 prolog"},"content":{"rendered":"<p style=\"text-align: center;\"><span style=\"font-family: arial, helvetica, sans-serif; font-size: 8pt;\"><a href=\"https:\/\/welcome-ontour.de\/wordpress\/index.php\/2014-01-22-prolog\/\">Prolog<\/a> &#8211; <a href=\"https:\/\/welcome-ontour.de\/wordpress\/index.php\/2014-01-23\/\">Hinflug<\/a> &#8211; <a href=\"https:\/\/welcome-ontour.de\/wordpress\/index.php\/2014-01-24\/\">Keys\/Miami<\/a> &#8211; <a href=\"https:\/\/welcome-ontour.de\/wordpress\/index.php\/2014-01-27-1\/\">70.000(1)<\/a> &#8211; <a href=\"https:\/\/welcome-ontour.de\/wordpress\/index.php\/2014-01-29-1\/\">Costa Maya<\/a> &#8211; <a href=\"https:\/\/welcome-ontour.de\/wordpress\/index.php\/2014-01-29-2\/\">70.000(2)<\/a> &#8211; <a href=\"https:\/\/welcome-ontour.de\/wordpress\/index.php\/2014-01-31\/\">Puerto Rico<\/a> &#8211; <a href=\"https:\/\/welcome-ontour.de\/wordpress\/index.php\/2014-02-09\/\">R\u00fcckflug<\/a> &#8211; <a href=\"https:\/\/welcome-ontour.de\/wordpress\/index.php\/2014-02-11-fazit\/\">Fazit<\/a><\/span><\/p>\n<p style=\"text-align: center;\"><span style=\"font-family: arial, helvetica, sans-serif; font-size: x-small;\">\u00a0<\/span><span style=\"font-family: arial, helvetica, sans-serif; font-size: 10pt;\"><a href=\"https:\/\/welcome-ontour.de\/wordpress\/index.php\/reiseberichte\/\">&lt; Reiseberichte<\/a> \u00a0 \u00a0 \u00a0 \u00a0 \u00a0 \u00a0 \u00a0 \u00a0 \u00a0 \u00a0 \u00a0 \u00a0 \u00a0 \u00a0 \u00a0 \u00a0 \u00a0 \u00a0 \u00a0 \u00a0 \u00a0 \u00a0 \u00a0 \u00a0 \u00a0 \u00a0 \u00a0 \u00a0 \u00a0 \u00a0 \u00a0 \u00a0 \u00a0 \u00a0 \u00a0 \u00a0 \u00a0 \u00a0 \u00a0 \u00a0 \u00a0 \u00a0 \u00a0 \u00a0 \u00a0 \u00a0 \u00a0 \u00a0 \u00a0 \u00a0 \u00a0 \u00a0 \u00a0 \u00a0 \u00a0 \u00a0 \u00a0 \u00a0 \u00a0 \u00a0 \u00a0 \u00a0 \u00a0 \u00a0 \u00a0 \u00a0 \u00a0 \u00a0 \u00a0 \u00a0 \u00a0 \u00a0 \u00a0 \u00a0 \u00a0 \u00a0 \u00a0 \u00a0 \u00a0 \u00a0 \u00a0 \u00a0 \u00a0 \u00a0 \u00a0 \u00a0 \u00a0 \u00a0 \u00a0 \u00a0 \u00a0 \u00a0 \u00a0 <a href=\"https:\/\/welcome-ontour.de\/wordpress\/index.php\/2014-01-23\/\">Weiter &gt;<\/a><\/span><\/p>\n<p style=\"text-align: center;\"><span style=\"font-family: arial, helvetica, sans-serif; font-size: x-small;\">\u00a0<\/span><\/p>\n<p style=\"text-align: center;\"><span style=\"font-family: arial, helvetica, sans-serif; font-size: medium;\">\u00a0<\/span><\/p>\n<p style=\"text-align: center;\"><img decoding=\"async\" class=\" size-full wp-image-1607\" title=\"Day &amp; Dream\" src=\"https:\/\/welcome-ontour.de\/wordpress\/wp-content\/uploads\/2012\/11\/phoca_thumb_l_1200-kopie.png\" width=\"650\" height=\"626\" border=\"0\" \/><\/p>\n<p style=\"text-align: center;\"><strong><span style=\"font-family: arial, helvetica, sans-serif; font-size: medium;\">\u00a0<\/span><\/strong><\/p>\n<p style=\"text-align: center;\"><span style=\"font-size: large;\"><strong><span style=\"font-family: arial, helvetica, sans-serif;\">Prolog<\/span><\/strong><\/span><\/p>\n<p style=\"text-align: center;\"><span style=\"font-family: arial, helvetica, sans-serif; font-size: large;\">\u00a0<\/span><\/p>\n<p style=\"text-align: center;\"><span style=\"font-family: arial, helvetica, sans-serif; font-size: medium;\">Nachdem wir zwei Mal begeistert an der <a href=\"http:\/\/70000tons.com\/\" target=\"_blank\" rel=\"noopener noreferrer\">70.000 Tons Of Metal<\/a> Kreuzfahrt teilgenommen haben, <\/span><\/p>\n<p style=\"text-align: center;\"><span style=\"font-family: arial, helvetica, sans-serif; font-size: medium;\">wollten wir auch 2014 unbedingt wieder dabei sein.<\/span><\/p>\n<p style=\"text-align: center;\"><span style=\"font-family: arial, helvetica, sans-serif; font-size: medium;\">Als die Veranstalter im April 2013 den Termin ver\u00f6ffentlichten <\/span><\/p>\n<p style=\"text-align: center;\"><span style=\"font-family: arial, helvetica, sans-serif; font-size: medium;\">haben wir damit begonnen, uns um Fl\u00fcge zu k\u00fcmmern.<\/span><\/p>\n<p style=\"text-align: center;\"><span style=\"font-family: arial, helvetica, sans-serif; font-size: medium;\">Wir fliegen mit <a href=\"http:\/\/www.airberlin.com\/de-DE\/site\/start.php\" target=\"_blank\" rel=\"noopener noreferrer\">Air Berlin<\/a> nonstop von Berlin nach Miami <\/span><\/p>\n<p style=\"text-align: center;\"><span style=\"font-family: arial, helvetica, sans-serif; font-size: medium;\">und bleiben dort vier Tage zum Akklimatisieren.<\/span><\/p>\n<p style=\"text-align: center;\"><span style=\"font-family: arial, helvetica, sans-serif; font-size: medium;\">Dann geht\u2019s auf die <a href=\"http:\/\/www.royalcaribbean.de\/schiffe\/majesty-of-the-seas.htm\" target=\"_blank\" rel=\"noopener noreferrer\">Majesty Of The Seas<\/a>, <\/span><\/p>\n<p style=\"text-align: center;\"><span style=\"font-family: arial, helvetica, sans-serif; font-size: medium;\">die uns bei dieser Reise an die S\u00fcdostk\u00fcste Mexikos und zur\u00fcck bringen wird.<\/span><\/p>\n<p style=\"text-align: center;\"><span style=\"font-family: arial, helvetica, sans-serif; font-size: medium;\">Die letzten Male haben wir im Anschluss jeweils Rundtouren im S\u00fcden Floridas angehangen.<\/span><\/p>\n<p style=\"text-align: center;\"><span style=\"font-family: arial, helvetica, sans-serif; font-size: medium;\">Nun war die Zeit reif, sich nach der Cruise zum Airport zu bewegen und eine Karibikinsel anzufliegen.<\/span><\/p>\n<p style=\"text-align: center;\"><span style=\"font-family: arial, helvetica, sans-serif; font-size: medium;\">Die Wahl fiel aus verschiedenen Gr\u00fcnden auf Puerto Rico.<\/span><\/p>\n<p style=\"text-align: center;\"><span style=\"font-family: arial, helvetica, sans-serif; font-size: medium;\">Zehn Tage sollten ausreichen, um sich ein wenig zu erholen <\/span><\/p>\n<p style=\"text-align: center;\"><span style=\"font-family: arial, helvetica, sans-serif; font-size: medium;\">und die Isla del Encanto mit einem Roundtrip zu erkunden.<\/span><\/p>\n<p style=\"text-align: center;\"><span style=\"font-family: arial, helvetica, sans-serif; font-size: medium;\">Voller Vorfreude packten wir am Vorabend der Abreise zwei kleine Kabinentrolleys.<\/span><\/p>\n<p style=\"text-align: center;\"><span style=\"font-family: arial, helvetica, sans-serif; font-size: medium;\">Wir reisen ins Warme, da brauchen wir nicht viel.<\/span><span style=\"font-family: arial, helvetica, sans-serif; font-size: medium; line-height: 1.3em;\">\u00a0<\/span><\/p>\n<p style=\"text-align: center;\"><span style=\"font-family: arial, helvetica, sans-serif; font-size: medium;\"><img decoding=\"async\" class=\" size-full wp-image-5614\" title=\"Punta Miquillo, Puerto Rico\" src=\"https:\/\/welcome-ontour.de\/wordpress\/wp-content\/uploads\/2014\/03\/phoca_thumb_l_screenshot-gran-melia.jpg\" width=\"775\" height=\"411\" border=\"0\" srcset=\"https:\/\/welcome-ontour.de\/wordpress\/wp-content\/uploads\/2014\/03\/phoca_thumb_l_screenshot-gran-melia.jpg 775w, https:\/\/welcome-ontour.de\/wordpress\/wp-content\/uploads\/2014\/03\/phoca_thumb_l_screenshot-gran-melia-300x159.jpg 300w, https:\/\/welcome-ontour.de\/wordpress\/wp-content\/uploads\/2014\/03\/phoca_thumb_l_screenshot-gran-melia-768x407.jpg 768w\" sizes=\"(max-width: 775px) 100vw, 775px\" \/><br \/>\n<\/span><\/p>\n<p style=\"text-align: center;\"><span style=\"font-size: 10pt;\"><a style=\"font-family: arial, helvetica, sans-serif; line-height: 1.3em;\" href=\"https:\/\/welcome-ontour.de\/wordpress\/index.php\/reiseberichte\/\">&lt; Reiseberichte<\/a><span style=\"font-family: arial, helvetica, sans-serif; line-height: 1.3em;\">\u00a0\u00a0 \u00a0 \u00a0 \u00a0 \u00a0 \u00a0 \u00a0 \u00a0 \u00a0 \u00a0 \u00a0 \u00a0 \u00a0 \u00a0 \u00a0 \u00a0 \u00a0 \u00a0 \u00a0 \u00a0 \u00a0 \u00a0 \u00a0 \u00a0 \u00a0 \u00a0 \u00a0 \u00a0 \u00a0 \u00a0 \u00a0 \u00a0 \u00a0 \u00a0 \u00a0 \u00a0 \u00a0 \u00a0 \u00a0 \u00a0 \u00a0 \u00a0 \u00a0 \u00a0 \u00a0 \u00a0 \u00a0 \u00a0 \u00a0 \u00a0 \u00a0 \u00a0 \u00a0 \u00a0 \u00a0 \u00a0 \u00a0 \u00a0 \u00a0 \u00a0 \u00a0 \u00a0 \u00a0 \u00a0 \u00a0 \u00a0 \u00a0 \u00a0 \u00a0 \u00a0 \u00a0 \u00a0 \u00a0 \u00a0 \u00a0 \u00a0 \u00a0 \u00a0 \u00a0 \u00a0 \u00a0 \u00a0 \u00a0 \u00a0 \u00a0 \u00a0 \u00a0 \u00a0 \u00a0 \u00a0 \u00a0 \u00a0 \u00a0\u00a0<\/span><a style=\"font-family: arial, helvetica, sans-serif; line-height: 1.3em;\" href=\"https:\/\/welcome-ontour.de\/wordpress\/index.php\/2014-01-23\/\">Weiter &gt;<\/a><\/span><\/p>\n","protected":false},"excerpt":{"rendered":"<p>Prolog &#8211; Hinflug &#8211; Keys\/Miami &#8211; 70.000(1) &#8211; Costa Maya &#8211; 70.000(2) &#8211; Puerto Rico &#8211; R\u00fcckflug &#8211; Fazit \u00a0&lt; Reiseberichte \u00a0 \u00a0 \u00a0 \u00a0 \u00a0 \u00a0 \u00a0 \u00a0 \u00a0 \u00a0 \u00a0 \u00a0 \u00a0 \u00a0 \u00a0 \u00a0 \u00a0 \u00a0 \u00a0 \u00a0 \u00a0 \u00a0 \u00a0 \u00a0 \u00a0 \u00a0 \u00a0 \u00a0 \u00a0 \u00a0 \u00a0 \u00a0 \u00a0 \u00a0 \u00a0 \u00a0 \u00a0 \u00a0 \u00a0 \u00a0 \u00a0 \u00a0 \u00a0 \u00a0 \u00a0 \u00a0 \u00a0 \u00a0 \u00a0 \u00a0 \u00a0 \u00a0 \u00a0 \u00a0 \u00a0 \u00a0 \u00a0 \u00a0 \u00a0 \u00a0 \u00a0 \u00a0 \u00a0 \u00a0 \u00a0 \u00a0 \u00a0 \u00a0 \u00a0 \u00a0 \u00a0 \u00a0 \u00a0 \u00a0 \u00a0 \u00a0 \u00a0 \u00a0 \u00a0 \u00a0 \u00a0 \u00a0 \u00a0 \u00a0 \u00a0 \u00a0 \u00a0 \u00a0 \u00a0 \u00a0 \u00a0 \u00a0 \u00a0 Weiter &gt; \u00a0 \u00a0 \u00a0 Prolog \u00a0 Nachdem wir zwei Mal begeistert an der 70.000 Tons Of Metal Kreuzfahrt teilgenommen haben, wollten wir auch 2014 unbedingt wieder dabei sein. Als die Veranstalter im April 2013 den Termin ver\u00f6ffentlichten haben wir damit begonnen, uns um Fl\u00fcge zu k\u00fcmmern. Wir fliegen mit Air Berlin nonstop von Berlin nach Miami und bleiben dort vier Tage zum Akklimatisieren. Dann geht\u2019s auf die Majesty Of The Seas, die uns bei dieser Reise an die S\u00fcdostk\u00fcste Mexikos und zur\u00fcck bringen wird. Die letzten Male haben wir im Anschluss jeweils Rundtouren im S\u00fcden Floridas angehangen. Nun war die Zeit reif, sich nach der Cruise zum Airport zu bewegen und eine Karibikinsel anzufliegen. Die Wahl fiel aus verschiedenen Gr\u00fcnden auf Puerto Rico. Zehn Tage sollten ausreichen, um sich ein wenig zu erholen und die Isla del Encanto mit einem Roundtrip zu erkunden. Voller Vorfreude packten wir am Vorabend der Abreise zwei kleine Kabinentrolleys. Wir reisen ins Warme, da brauchen wir nicht viel.\u00a0 &lt; Reiseberichte\u00a0\u00a0 \u00a0 \u00a0 \u00a0 \u00a0 \u00a0 \u00a0 \u00a0 \u00a0 \u00a0 \u00a0 \u00a0 \u00a0 \u00a0 \u00a0 \u00a0 \u00a0 \u00a0 \u00a0 \u00a0 \u00a0 \u00a0 \u00a0 \u00a0 \u00a0 \u00a0 \u00a0 \u00a0 \u00a0 \u00a0 \u00a0 \u00a0 \u00a0 \u00a0 \u00a0 \u00a0 \u00a0 \u00a0 \u00a0 \u00a0 \u00a0 \u00a0 \u00a0 \u00a0 \u00a0 \u00a0 \u00a0 \u00a0 \u00a0 \u00a0 \u00a0 \u00a0 \u00a0 \u00a0 \u00a0 \u00a0 \u00a0 \u00a0 \u00a0 \u00a0 \u00a0 \u00a0 \u00a0 \u00a0 \u00a0 \u00a0 \u00a0 \u00a0 \u00a0 \u00a0 \u00a0 \u00a0 \u00a0 \u00a0 \u00a0 \u00a0 \u00a0 \u00a0 \u00a0 \u00a0 \u00a0 \u00a0 \u00a0 \u00a0 \u00a0 \u00a0 \u00a0 \u00a0 \u00a0 \u00a0 \u00a0 \u00a0 \u00a0\u00a0Weiter &gt;<\/p>\n","protected":false},"author":1,"featured_media":1607,"parent":0,"menu_order":25,"comment_status":"closed","ping_status":"closed","template":"","meta":{"footnotes":""},"class_list":["post-5615","page","type-page","status-publish","has-post-thumbnail","hentry"],"_links":{"self":[{"href":"https:\/\/welcome-ontour.de\/wordpress\/index.php\/wp-json\/wp\/v2\/pages\/5615","targetHints":{"allow":["GET"]}}],"collection":[{"href":"https:\/\/welcome-ontour.de\/wordpress\/index.php\/wp-json\/wp\/v2\/pages"}],"about":[{"href":"https:\/\/welcome-ontour.de\/wordpress\/index.php\/wp-json\/wp\/v2\/types\/page"}],"author":[{"embeddable":true,"href":"https:\/\/welcome-ontour.de\/wordpress\/index.php\/wp-json\/wp\/v2\/users\/1"}],"replies":[{"embeddable":true,"href":"https:\/\/welcome-ontour.de\/wordpress\/index.php\/wp-json\/wp\/v2\/comments?post=5615"}],"version-history":[{"count":4,"href":"https:\/\/welcome-ontour.de\/wordpress\/index.php\/wp-json\/wp\/v2\/pages\/5615\/revisions"}],"predecessor-version":[{"id":17390,"href":"https:\/\/welcome-ontour.de\/wordpress\/index.php\/wp-json\/wp\/v2\/pages\/5615\/revisions\/17390"}],"wp:featuredmedia":[{"embeddable":true,"href":"https:\/\/welcome-ontour.de\/wordpress\/index.php\/wp-json\/wp\/v2\/media\/1607"}],"wp:attachment":[{"href":"https:\/\/welcome-ontour.de\/wordpress\/index.php\/wp-json\/wp\/v2\/media?parent=5615"}],"curies":[{"name":"wp","href":"https:\/\/api.w.org\/{rel}","templated":true}]}}