{"id":4766,"date":"2013-12-08T10:45:38","date_gmt":"2013-12-08T10:45:38","guid":{"rendered":"https:\/\/welcome-ontour.de\/wordpress\/index.php\/2013-09-03-prolog\/"},"modified":"2022-06-30T23:07:31","modified_gmt":"2022-06-30T23:07:31","slug":"2013-09-03-prolog","status":"publish","type":"page","link":"https:\/\/welcome-ontour.de\/wordpress\/index.php\/2013-09-03-prolog\/","title":{"rendered":"2013 09 03 prolog"},"content":{"rendered":"<p class=\"caption\" style=\"text-align: center;\"><span style=\"font-family: arial, helvetica, sans-serif; font-size: 8pt;\"><a href=\"https:\/\/welcome-ontour.de\/wordpress\/index.php\/2013-09-03-prolog\/\">Prolog<\/a> &#8211; <a href=\"https:\/\/welcome-ontour.de\/wordpress\/index.php\/2013-09-04\/\">Hinflug<\/a> &#8211; <a href=\"https:\/\/welcome-ontour.de\/wordpress\/index.php\/2013-09-05\/\">Valley Of Fire<\/a> &#8211; <a href=\"https:\/\/welcome-ontour.de\/wordpress\/index.php\/2013-09-06\/\">Water Canyon<\/a> &#8211; <a href=\"https:\/\/welcome-ontour.de\/wordpress\/index.php\/2013-09-07\/\">Lake Powell<\/a> &#8211; <a href=\"https:\/\/welcome-ontour.de\/wordpress\/index.php\/2013-09-12\/\">Kodachrome<\/a> &#8211; <a href=\"https:\/\/welcome-ontour.de\/wordpress\/index.php\/2013-09-13\/\">Escalante<\/a> &#8211; <a href=\"https:\/\/welcome-ontour.de\/wordpress\/index.php\/2013-09-16\/\">Moab<\/a> &#8211; <a href=\"https:\/\/welcome-ontour.de\/wordpress\/index.php\/2013-09-19\/\">Grand Junction<\/a> &#8211; <a href=\"https:\/\/welcome-ontour.de\/wordpress\/index.php\/2013-09-22\/\">Capitol Reef<\/a> &#8211; <a href=\"https:\/\/welcome-ontour.de\/wordpress\/index.php\/2013-09-24\/\">Saint George<\/a> &#8211; <a href=\"https:\/\/welcome-ontour.de\/wordpress\/index.php\/2013-09-25\/\">Las Vegas<\/a> &#8211; <a href=\"https:\/\/welcome-ontour.de\/wordpress\/index.php\/2013-09-27\/\">R\u00fcckflug<\/a> &#8211; <a href=\"https:\/\/welcome-ontour.de\/wordpress\/index.php\/2013-09-29-fazit\/\">Fazit <\/a>\u00a0<\/span><\/p>\n<p class=\"caption\" style=\"text-align: center;\"><span style=\"font-family: arial, helvetica, sans-serif; font-size: x-small;\">\u00a0<\/span><\/p>\n<p class=\"caption\" style=\"text-align: center;\"><span style=\"font-family: arial, helvetica, sans-serif; font-size: 10pt;\"><a href=\"https:\/\/welcome-ontour.de\/wordpress\/index.php\/reiseberichte\/\">&lt;&lt; Reiseberichte<\/a> \u00a0 \u00a0 \u00a0 \u00a0 \u00a0 \u00a0 \u00a0 \u00a0 \u00a0 \u00a0 \u00a0 \u00a0 \u00a0 \u00a0 \u00a0 \u00a0 \u00a0 \u00a0 \u00a0 \u00a0 \u00a0 \u00a0 \u00a0 \u00a0 \u00a0 \u00a0 \u00a0 \u00a0 \u00a0 \u00a0 \u00a0 \u00a0 \u00a0 \u00a0 \u00a0 \u00a0 \u00a0 \u00a0 \u00a0 \u00a0 \u00a0 \u00a0 \u00a0 \u00a0 \u00a0 \u00a0 \u00a0 \u00a0 \u00a0 \u00a0 \u00a0 \u00a0 \u00a0 \u00a0 \u00a0 \u00a0 \u00a0 \u00a0 \u00a0 \u00a0 \u00a0 \u00a0 \u00a0 \u00a0 \u00a0 \u00a0 \u00a0 \u00a0 \u00a0 \u00a0 \u00a0 \u00a0 \u00a0 \u00a0 \u00a0 \u00a0 \u00a0 \u00a0 \u00a0 \u00a0 \u00a0 \u00a0 \u00a0 \u00a0 \u00a0 \u00a0 \u00a0 \u00a0 \u00a0 \u00a0 \u00a0 \u00a0 \u00a0 \u00a0 \u00a0 \u00a0 \u00a0 \u00a0<a href=\"https:\/\/welcome-ontour.de\/wordpress\/index.php\/2013-09-04\/\">Weiter &gt;&gt;<\/a><\/span><\/p>\n<p class=\"caption\" style=\"text-align: center;\"><span style=\"font-size: xx-large;\"><strong><span style=\"font-family: arial, helvetica, sans-serif;\">INFINITE DREAMS<\/span><\/strong><\/span><\/p>\n<p class=\"caption\" style=\"text-align: center;\"><strong style=\"font-size: x-large; line-height: 1.3em;\"><span style=\"font-family: arial, helvetica, sans-serif;\">SOUTHWEST 2013\u00a0<\/span><\/strong><\/p>\n<p class=\"caption\" style=\"text-align: center;\"><span style=\"font-family: arial, helvetica, sans-serif; font-size: small;\">\u00a0<\/span><\/p>\n<p class=\"caption\" style=\"text-align: center;\"><span style=\"line-height: 1.3em; font-family: arial, helvetica, sans-serif; font-size: small;\"><img decoding=\"async\" class=\" size-full wp-image-4764\" title=\"Infinite Dreams\" src=\"https:\/\/welcome-ontour.de\/wordpress\/wp-content\/uploads\/2013\/12\/phoca_thumb_l_infinitedreams_800.png\" width=\"800\" height=\"275\" border=\"0\" srcset=\"https:\/\/welcome-ontour.de\/wordpress\/wp-content\/uploads\/2013\/12\/phoca_thumb_l_infinitedreams_800.png 800w, https:\/\/welcome-ontour.de\/wordpress\/wp-content\/uploads\/2013\/12\/phoca_thumb_l_infinitedreams_800-300x103.png 300w, https:\/\/welcome-ontour.de\/wordpress\/wp-content\/uploads\/2013\/12\/phoca_thumb_l_infinitedreams_800-768x264.png 768w\" sizes=\"(max-width: 800px) 100vw, 800px\" \/>\u00a0<\/span><\/p>\n<p style=\"text-align: center;\"><span style=\"font-family: arial, helvetica, sans-serif; font-size: medium; line-height: 1.3em;\">Seit mehreren Jahren hatten wir den Gedanken, mit einem Hausboot auf dem Lake Powell zu schippern.<\/span><\/p>\n<p style=\"text-align: center;\"><span style=\"font-family: arial, helvetica, sans-serif; font-size: medium;\">September 2013 war es dann endlich so weit.<\/span><\/p>\n<p style=\"text-align: center;\"><span style=\"font-family: arial, helvetica, sans-serif; font-size: medium;\">Zu viert, mit Schwester und Schwager haben wir alle Vorbereitungen getroffen.<\/span><\/p>\n<p style=\"text-align: center;\"><span style=\"font-family: arial, helvetica, sans-serif; font-size: medium;\">Eingebettet haben wir unsere Schiffsreise in eine entspannte S\u00fcdwestschleife mit kurzen Entfernungen und vielen Wanderungen.<\/span><\/p>\n<p style=\"text-align: center;\"><span style=\"font-family: arial, helvetica, sans-serif; font-size: medium;\">Als Start und Ziel der Reise haben wir uns f\u00fcr Las Vegas entschieden.<\/span><\/p>\n<p style=\"text-align: center;\"><span style=\"font-family: arial, helvetica, sans-serif; font-size: medium;\">Relativ g\u00fcnstige Flugpreise, preiswerte Unterk\u00fcnfte und eine ordentliche Auswahl bei den Mietwagen <\/span><\/p>\n<p style=\"text-align: center;\"><span style=\"font-family: arial, helvetica, sans-serif; font-size: medium;\">haben uns die Entscheidung leicht gemacht.<\/span><span style=\"font-family: arial, helvetica, sans-serif; font-size: medium;\">\u00a0<\/span><span style=\"font-family: arial, helvetica, sans-serif; font-size: medium; line-height: 1.3em;\">\u00a0<\/span><\/p>\n<p style=\"text-align: center;\"><span style=\"font-family: arial, helvetica, sans-serif; font-size: medium;\">Der lang ersehnte H\u00f6hepunkt sollten jedoch die f\u00fcnf Tage <\/span><\/p>\n<p style=\"text-align: center;\"><span style=\"font-family: arial, helvetica, sans-serif; font-size: medium;\">auf dem Wasser umgeben von steilen, rotbraun leuchtenden Canyonw\u00e4nden werden.<\/span><\/p>\n<p style=\"text-align: center;\"><span style=\"font-family: arial, helvetica, sans-serif; font-size: medium;\">Im Vorfeld haben wir uns nicht nur einmal ausgemalt, wie wir abends am Lagerfeuer sitzend den Sonnenuntergang genie\u00dfen.<\/span><\/p>\n<p style=\"text-align: center;\"><span style=\"font-family: arial, helvetica, sans-serif; font-size: medium;\">Aber erstens kommt es anders als man zweitens meistens denkt \u2026<\/span><\/p>\n<p style=\"text-align: center;\"><span style=\"font-family: arial, helvetica, sans-serif; font-size: medium;\">\u00a0<\/span><\/p>\n<p style=\"text-align: center;\"><a href=\"https:\/\/welcome-ontour.de\/wordpress\/wp-content\/uploads\/2013\/12\/phoca_thumb_l_pro2.jpg\" target=\"_blank\" rel=\"noopener noreferrer\"><span style=\"font-family: arial, helvetica, sans-serif; font-size: medium;\"><img decoding=\"async\" class=\" size-full wp-image-4765\" title=\"Erstens kommt es anders ...\" src=\"https:\/\/welcome-ontour.de\/wordpress\/wp-content\/uploads\/2013\/12\/phoca_thumb_l_pro2.jpg\" width=\"600\" height=\"451\" border=\"0\" srcset=\"https:\/\/welcome-ontour.de\/wordpress\/wp-content\/uploads\/2013\/12\/phoca_thumb_l_pro2.jpg 906w, https:\/\/welcome-ontour.de\/wordpress\/wp-content\/uploads\/2013\/12\/phoca_thumb_l_pro2-300x225.jpg 300w, https:\/\/welcome-ontour.de\/wordpress\/wp-content\/uploads\/2013\/12\/phoca_thumb_l_pro2-768x577.jpg 768w\" sizes=\"(max-width: 600px) 100vw, 600px\" \/><\/span><\/a><\/p>\n<p style=\"text-align: center;\"><span style=\"font-family: arial, helvetica, sans-serif; font-size: medium;\">\u00a0<\/span><\/p>\n<p style=\"text-align: center;\"><span style=\"font-family: arial, helvetica, sans-serif; font-size: medium;\">\u00a0<\/span><\/p>\n<p style=\"text-align: center;\"><span style=\"font-family: arial, helvetica, sans-serif; font-size: 10pt;\"><a href=\"https:\/\/welcome-ontour.de\/wordpress\/index.php\/reiseberichte\/\">&lt;&lt; Reiseberichte<\/a> \u00a0 \u00a0 \u00a0 \u00a0 \u00a0 \u00a0 \u00a0 \u00a0 \u00a0 \u00a0 \u00a0 \u00a0 \u00a0 \u00a0 \u00a0 \u00a0 \u00a0 \u00a0 \u00a0 \u00a0 \u00a0 \u00a0 \u00a0 \u00a0 \u00a0 \u00a0 \u00a0 \u00a0 \u00a0 \u00a0 \u00a0 \u00a0 \u00a0 \u00a0 \u00a0 \u00a0 \u00a0 \u00a0 \u00a0 \u00a0 \u00a0 \u00a0 \u00a0 \u00a0 \u00a0 \u00a0 \u00a0 \u00a0 \u00a0 \u00a0 \u00a0 \u00a0 \u00a0 \u00a0 \u00a0 \u00a0 \u00a0 \u00a0 \u00a0 \u00a0 \u00a0 \u00a0 \u00a0 \u00a0 \u00a0 \u00a0 \u00a0 \u00a0 \u00a0 \u00a0 \u00a0 \u00a0 \u00a0 \u00a0 \u00a0 \u00a0 \u00a0 \u00a0 \u00a0 \u00a0 \u00a0 \u00a0 \u00a0 \u00a0 \u00a0 \u00a0 \u00a0 \u00a0 \u00a0 \u00a0 \u00a0 \u00a0 \u00a0 \u00a0 \u00a0 \u00a0 \u00a0 \u00a0<a href=\"https:\/\/welcome-ontour.de\/wordpress\/index.php\/2013-09-04\/\">Weiter &gt;&gt;<\/a><\/span><\/p>\n","protected":false},"excerpt":{"rendered":"<p>Prolog &#8211; Hinflug &#8211; Valley Of Fire &#8211; Water Canyon &#8211; Lake Powell &#8211; Kodachrome &#8211; Escalante &#8211; Moab &#8211; Grand Junction &#8211; Capitol Reef &#8211; Saint George &#8211; Las Vegas &#8211; R\u00fcckflug &#8211; Fazit \u00a0 \u00a0 &lt;&lt; Reiseberichte \u00a0 \u00a0 \u00a0 \u00a0 \u00a0 \u00a0 \u00a0 \u00a0 \u00a0 \u00a0 \u00a0 \u00a0 \u00a0 \u00a0 \u00a0 \u00a0 \u00a0 \u00a0 \u00a0 \u00a0 \u00a0 \u00a0 \u00a0 \u00a0 \u00a0 \u00a0 \u00a0 \u00a0 \u00a0 \u00a0 \u00a0 \u00a0 \u00a0 \u00a0 \u00a0 \u00a0 \u00a0 \u00a0 \u00a0 \u00a0 \u00a0 \u00a0 \u00a0 \u00a0 \u00a0 \u00a0 \u00a0 \u00a0 \u00a0 \u00a0 \u00a0 \u00a0 \u00a0 \u00a0 \u00a0 \u00a0 \u00a0 \u00a0 \u00a0 \u00a0 \u00a0 \u00a0 \u00a0 \u00a0 \u00a0 \u00a0 \u00a0 \u00a0 \u00a0 \u00a0 \u00a0 \u00a0 \u00a0 \u00a0 \u00a0 \u00a0 \u00a0 \u00a0 \u00a0 \u00a0 \u00a0 \u00a0 \u00a0 \u00a0 \u00a0 \u00a0 \u00a0 \u00a0 \u00a0 \u00a0 \u00a0 \u00a0 \u00a0 \u00a0 \u00a0 \u00a0 \u00a0 \u00a0Weiter &gt;&gt; INFINITE DREAMS SOUTHWEST 2013\u00a0 \u00a0 \u00a0 Seit mehreren Jahren hatten wir den Gedanken, mit einem Hausboot auf dem Lake Powell zu schippern. September 2013 war es dann endlich so weit. Zu viert, mit Schwester und Schwager haben wir alle Vorbereitungen getroffen. Eingebettet haben wir unsere Schiffsreise in eine entspannte S\u00fcdwestschleife mit kurzen Entfernungen und vielen Wanderungen. Als Start und Ziel der Reise haben wir uns f\u00fcr Las Vegas entschieden. Relativ g\u00fcnstige Flugpreise, preiswerte Unterk\u00fcnfte und eine ordentliche Auswahl bei den Mietwagen haben uns die Entscheidung leicht gemacht.\u00a0\u00a0 Der lang ersehnte H\u00f6hepunkt sollten jedoch die f\u00fcnf Tage auf dem Wasser umgeben von steilen, rotbraun leuchtenden Canyonw\u00e4nden werden. Im Vorfeld haben wir uns nicht nur einmal ausgemalt, wie wir abends am Lagerfeuer sitzend den Sonnenuntergang genie\u00dfen. Aber erstens kommt es anders als man zweitens meistens denkt \u2026 \u00a0 \u00a0 \u00a0 &lt;&lt; Reiseberichte \u00a0 \u00a0 \u00a0 \u00a0 \u00a0 \u00a0 \u00a0 \u00a0 \u00a0 \u00a0 \u00a0 \u00a0 \u00a0 \u00a0 \u00a0 \u00a0 \u00a0 \u00a0 \u00a0 \u00a0 \u00a0 \u00a0 \u00a0 \u00a0 \u00a0 \u00a0 \u00a0 \u00a0 \u00a0 \u00a0 \u00a0 \u00a0 \u00a0 \u00a0 \u00a0 \u00a0 \u00a0 \u00a0 \u00a0 \u00a0 \u00a0 \u00a0 \u00a0 \u00a0 \u00a0 \u00a0 \u00a0 \u00a0 \u00a0 \u00a0 \u00a0 \u00a0 \u00a0 \u00a0 \u00a0 \u00a0 \u00a0 \u00a0 \u00a0 \u00a0 \u00a0 \u00a0 \u00a0 \u00a0 \u00a0 \u00a0 \u00a0 \u00a0 \u00a0 \u00a0 \u00a0 \u00a0 \u00a0 \u00a0 \u00a0 \u00a0 \u00a0 \u00a0 \u00a0 \u00a0 \u00a0 \u00a0 \u00a0 \u00a0 \u00a0 \u00a0 \u00a0 \u00a0 \u00a0 \u00a0 \u00a0 \u00a0 \u00a0 \u00a0 \u00a0 \u00a0 \u00a0 \u00a0Weiter &gt;&gt;<\/p>\n","protected":false},"author":1,"featured_media":4764,"parent":0,"menu_order":26,"comment_status":"closed","ping_status":"closed","template":"","meta":{"footnotes":""},"class_list":["post-4766","page","type-page","status-publish","has-post-thumbnail","hentry"],"_links":{"self":[{"href":"https:\/\/welcome-ontour.de\/wordpress\/index.php\/wp-json\/wp\/v2\/pages\/4766","targetHints":{"allow":["GET"]}}],"collection":[{"href":"https:\/\/welcome-ontour.de\/wordpress\/index.php\/wp-json\/wp\/v2\/pages"}],"about":[{"href":"https:\/\/welcome-ontour.de\/wordpress\/index.php\/wp-json\/wp\/v2\/types\/page"}],"author":[{"embeddable":true,"href":"https:\/\/welcome-ontour.de\/wordpress\/index.php\/wp-json\/wp\/v2\/users\/1"}],"replies":[{"embeddable":true,"href":"https:\/\/welcome-ontour.de\/wordpress\/index.php\/wp-json\/wp\/v2\/comments?post=4766"}],"version-history":[{"count":3,"href":"https:\/\/welcome-ontour.de\/wordpress\/index.php\/wp-json\/wp\/v2\/pages\/4766\/revisions"}],"predecessor-version":[{"id":17351,"href":"https:\/\/welcome-ontour.de\/wordpress\/index.php\/wp-json\/wp\/v2\/pages\/4766\/revisions\/17351"}],"wp:featuredmedia":[{"embeddable":true,"href":"https:\/\/welcome-ontour.de\/wordpress\/index.php\/wp-json\/wp\/v2\/media\/4764"}],"wp:attachment":[{"href":"https:\/\/welcome-ontour.de\/wordpress\/index.php\/wp-json\/wp\/v2\/media?parent=4766"}],"curies":[{"name":"wp","href":"https:\/\/api.w.org\/{rel}","templated":true}]}}