{"id":4763,"date":"2013-10-14T09:59:44","date_gmt":"2013-10-14T09:59:44","guid":{"rendered":"https:\/\/welcome-ontour.de\/wordpress\/index.php\/2005-08-31-fazit\/"},"modified":"2025-08-26T10:13:55","modified_gmt":"2025-08-26T10:13:55","slug":"2005-08-31-fazit","status":"publish","type":"page","link":"https:\/\/welcome-ontour.de\/wordpress\/index.php\/2005-08-31-fazit\/","title":{"rendered":"2005 08 31 fazit"},"content":{"rendered":"<p><\/p>\r\n<p class=\"has-text-align-center\" style=\"text-align: center;\"><span style=\"font-family: arial, helvetica, sans-serif; font-size: 8pt;\"><a href=\"https:\/\/welcome-ontour.de\/wordpress\/index.php\/2005-08-22-prolog\/\">Prolog<\/a><a href=\"https:\/\/welcome-ontour.de\/wordpress\/index.php\/2005-08-22-prolog\/\"> \u00a0&#8211; \u00a0<\/a><a href=\"https:\/\/welcome-ontour.de\/wordpress\/index.php\/2005-08-23\/\">Anreise<\/a><a href=\"https:\/\/welcome-ontour.de\/wordpress\/index.php\/2005-08-22-prolog\/\"> \u00a0&#8211; \u00a0<\/a><a href=\"https:\/\/welcome-ontour.de\/wordpress\/index.php\/2005-08-24\/\">Kap Formentor<\/a><a href=\"https:\/\/welcome-ontour.de\/wordpress\/index.php\/2005-08-22-prolog\/\"> \u00a0&#8211; \u00a0<\/a><a href=\"https:\/\/welcome-ontour.de\/wordpress\/index.php\/2005-08-25\/\">Lluc\/Sa Calobra<\/a><a href=\"https:\/\/welcome-ontour.de\/wordpress\/index.php\/2005-08-22-prolog\/\"> \u00a0&#8211; \u00a0<\/a><a href=\"https:\/\/welcome-ontour.de\/wordpress\/index.php\/2005-08-26\/\">Torrent de Parres<\/a><a href=\"https:\/\/welcome-ontour.de\/wordpress\/index.php\/2005-08-22-prolog\/\"> \u00a0&#8211; \u00a0<\/a><a href=\"https:\/\/welcome-ontour.de\/wordpress\/index.php\/2005-08-27\/\">Cala de Pisada<\/a><a href=\"https:\/\/welcome-ontour.de\/wordpress\/index.php\/2005-08-22-prolog\/\"> \u00a0&#8211; \u00a0<\/a><a href=\"https:\/\/welcome-ontour.de\/wordpress\/index.php\/2005-08-28\/\">Soller\/Valdemossa<\/a><a href=\"https:\/\/welcome-ontour.de\/wordpress\/index.php\/2005-08-22-prolog\/\"> \u00a0&#8211; \u00a0<\/a><a href=\"https:\/\/welcome-ontour.de\/wordpress\/index.php\/2005-08-29\/\">Cala Baix<\/a><a href=\"https:\/\/welcome-ontour.de\/wordpress\/index.php\/2005-08-22-prolog\/\"> \u00a0&#8211; \u00a0<\/a><a href=\"https:\/\/welcome-ontour.de\/wordpress\/index.php\/2005-08-30\/\">R\u00fcckreise<\/a><a href=\"https:\/\/welcome-ontour.de\/wordpress\/index.php\/2005-08-22-prolog\/\"> \u00a0&#8211; \u00a0<\/a><a href=\"https:\/\/welcome-ontour.de\/wordpress\/index.php\/2005-08-31-fazit\/\">Fazit<\/a><\/span><\/p>\r\n<p><\/p>\r\n<p><\/p>\r\n<p><\/p>\r\n<p>\n<div class=\"wp-block-columns is-layout-flex wp-container-core-columns-is-layout-28f84493 wp-block-columns-is-layout-flex\">\n<div class=\"wp-block-column is-layout-flow wp-block-column-is-layout-flow\" style=\"flex-basis:50%\">\n<p align=\"left\"><a href=\"https:\/\/welcome-ontour.de\/wordpress\/index.php\/2005-08-30\" data-type=\"URL\" data-id=\"https:\/\/welcome-ontour.de\/wordpress\/index.php\/2005-08-30\">Zur\u00fcck<\/a><\/p>\n<\/div>\n\n\n\n<div class=\"wp-block-column is-layout-flow wp-block-column-is-layout-flow\" style=\"flex-basis:50%\">\n<p align=\"right\"><a href=\"https:\/\/welcome-ontour.de\/wordpress\/index.php\/reiseberichte\" data-type=\"URL\" data-id=\"https:\/\/welcome-ontour.de\/wordpress\/index.php\/reiseberichte\">Reiseberichte<\/a><\/p>\n<\/div>\n<\/div>\n<\/p>\r\n<p><\/p>\r\n<p class=\"has-text-align-center\" style=\"text-align: center;\"><strong>\u00a0<\/strong><\/p>\r\n<p><\/p>\r\n<p><\/p>\r\n<p class=\"has-text-align-center\" style=\"text-align: center;\"><span style=\"font-family: arial, helvetica, sans-serif; font-size: 12pt;\"><strong>Fazit<\/strong><\/span><\/p>\r\n<p><\/p>\r\n<p><\/p>\r\n<p><\/p>\r\n<p><\/p>\r\n<p class=\"has-text-align-center\" style=\"text-align: center;\"><span style=\"font-family: arial, helvetica, sans-serif;\">Mit gemischten Gef\u00fchlen sind wir gestartet, als Mallorca-Fans zur\u00fcck.<\/span><\/p>\r\n<p style=\"text-align: center;\"><span style=\"font-family: arial, helvetica, sans-serif;\"><\/span><\/p>\r\n<p><\/p>\r\n<p class=\"has-text-align-center\" style=\"text-align: center;\"><span style=\"font-family: arial, helvetica, sans-serif;\">So einfach k\u00f6nnte man das Fazit betiteln.<\/span><\/p>\r\n<p style=\"text-align: center;\"><span style=\"font-family: arial, helvetica, sans-serif;\"><\/span><\/p>\r\n<p><\/p>\r\n<p class=\"has-text-align-center\" style=\"text-align: center;\"><span style=\"font-family: arial, helvetica, sans-serif;\">Beeindruckend, welche Vielfalt die Insel zu bieten hat.<\/span><\/p>\r\n<p style=\"text-align: center;\"><span style=\"font-family: arial, helvetica, sans-serif;\"><\/span><\/p>\r\n<p><\/p>\r\n<p class=\"has-text-align-center\" style=\"text-align: center;\"><span style=\"font-family: arial, helvetica, sans-serif;\">Es ist wohl m\u00f6glich, in El Arenal eine Woche (oder l\u00e4nger) durchzufeiern.<\/span><\/p>\r\n<p style=\"text-align: center;\"><span style=\"font-family: arial, helvetica, sans-serif;\"><\/span><\/p>\r\n<p><\/p>\r\n<p class=\"has-text-align-center\" style=\"text-align: center;\"><span style=\"font-family: arial, helvetica, sans-serif;\">Genau so ist es aber auch machbar v\u00f6llig einsame Wanderwege zu entdecken.<\/span><\/p>\r\n<p style=\"text-align: center;\"><span style=\"font-family: arial, helvetica, sans-serif;\"><\/span><\/p>\r\n<p><\/p>\r\n<p class=\"has-text-align-center\" style=\"text-align: center;\"><span style=\"font-family: arial, helvetica, sans-serif;\">Wir waren angetan von den malerischen Buchten, der schroffen Bergwelt<\/span><\/p>\r\n<p style=\"text-align: center;\"><span style=\"font-family: arial, helvetica, sans-serif;\"><\/span><\/p>\r\n<p><\/p>\r\n<p class=\"has-text-align-center\" style=\"text-align: center;\"><span style=\"font-family: arial, helvetica, sans-serif;\">und dem (fast schon zu hei\u00dfen) Wetter.<\/span><\/p>\r\n<p style=\"text-align: center;\"><span style=\"font-family: arial, helvetica, sans-serif;\"><\/span><\/p>\r\n<p><\/p>\r\n<p class=\"has-text-align-center\" style=\"text-align: center;\"><span style=\"font-family: arial, helvetica, sans-serif;\">Sehr gut gefallen hat uns die kleine kulinarische Exkursion in die regionale K\u00fcche.<\/span><\/p>\r\n<p style=\"text-align: center;\"><span style=\"font-family: arial, helvetica, sans-serif;\"><\/span><\/p>\r\n<p><\/p>\r\n<p class=\"has-text-align-center\" style=\"text-align: center;\"><span style=\"font-family: arial, helvetica, sans-serif;\">Zu den Fl\u00fcgen gibt es nicht viel zu sagen.<\/span><\/p>\r\n<p style=\"text-align: center;\"><span style=\"font-family: arial, helvetica, sans-serif;\"><\/span><\/p>\r\n<p><\/p>\r\n<p class=\"has-text-align-center\" style=\"text-align: center;\"><span style=\"font-family: arial, helvetica, sans-serif;\">Einsteigen, Trinken, Essen, Toilette, Aussteigen.<\/span><\/p>\r\n<p style=\"text-align: center;\"><span style=\"font-family: arial, helvetica, sans-serif;\"><\/span><\/p>\r\n<p><\/p>\r\n<p class=\"has-text-align-center\" style=\"text-align: center;\"><span style=\"font-family: arial, helvetica, sans-serif;\">Air Berlin war p\u00fcnktlich und der Service war okay.<\/span><\/p>\r\n<p style=\"text-align: center;\"><span style=\"font-family: arial, helvetica, sans-serif;\"><\/span><\/p>\r\n<p><\/p>\r\n<p class=\"has-text-align-center\" style=\"text-align: center;\"><span style=\"font-family: arial, helvetica, sans-serif;\">Unsere Unterkunft war sehr einfach und genau deswegen haben wir sie auch ausgew\u00e4hlt.<\/span><\/p>\r\n<p style=\"text-align: center;\"><span style=\"font-family: arial, helvetica, sans-serif;\"><\/span><\/p>\r\n<p><\/p>\r\n<p class=\"has-text-align-center\" style=\"text-align: center;\"><span style=\"font-family: arial, helvetica, sans-serif;\">Wir wollten dort nichts anderes als schlafen und fr\u00fchst\u00fccken und das hat prima geklappt.<\/span><\/p>\r\n<p style=\"text-align: center;\"><span style=\"font-family: arial, helvetica, sans-serif;\"><\/span><\/p>\r\n<p><\/p>\r\n<p class=\"has-text-align-center\" style=\"text-align: center;\"><span style=\"font-family: arial, helvetica, sans-serif;\">Die kleine kompakte Miet-Zitrone hat uns \u00fcberall zuverl\u00e4ssig und gek\u00fchlt hingebracht.<\/span><\/p>\r\n<p style=\"text-align: center;\"><span style=\"font-family: arial, helvetica, sans-serif;\"><\/span><\/p>\r\n<p><\/p>\r\n<p class=\"has-text-align-center\" style=\"text-align: center;\"><span style=\"font-family: arial, helvetica, sans-serif;\">Mehr Mietwagen brauchen zwei Personen auf Mallorca nicht.<\/span><\/p>\r\n<p style=\"text-align: center;\"><span style=\"font-family: arial, helvetica, sans-serif;\"><\/span><\/p>\r\n<p><\/p>\r\n<p style=\"text-align: center;\"><span style=\"font-family: arial, helvetica, sans-serif;\"><\/span><\/p>\r\n<p><\/p>\r\n<p class=\"has-text-align-center\" style=\"text-align: center;\"><span style=\"font-family: arial, helvetica, sans-serif;\">Zu den Zahlen.<\/span><\/p>\r\n<p style=\"text-align: center;\"><span style=\"font-family: arial, helvetica, sans-serif;\"><\/span><\/p>\r\n<p><\/p>\r\n<p class=\"has-text-align-center\" style=\"text-align: center;\"><span style=\"font-family: arial, helvetica, sans-serif;\">Der Mallorca-Trip war unser erster online gebuchter Urlaub.<\/span><\/p>\r\n<p style=\"text-align: center;\"><span style=\"font-family: arial, helvetica, sans-serif;\"><\/span><\/p>\r\n<p><\/p>\r\n<p class=\"has-text-align-center\" style=\"text-align: center;\"><span style=\"font-family: arial, helvetica, sans-serif;\">Wir wollten feste Flugzeiten und eine preiswerte Unterkunft nur mit Fr\u00fchst\u00fcck.<\/span><\/p>\r\n<p style=\"text-align: center;\"><span style=\"font-family: arial, helvetica, sans-serif;\"><\/span><\/p>\r\n<p><\/p>\r\n<p class=\"has-text-align-center\" style=\"text-align: center;\"><span style=\"font-family: arial, helvetica, sans-serif;\">Deswegen haben wir alle Bausteine separat gebucht.<\/span><\/p>\r\n<p style=\"text-align: center;\"><span style=\"font-family: arial, helvetica, sans-serif;\"><\/span><\/p>\r\n<p><\/p>\r\n<p class=\"has-text-align-center\" style=\"text-align: center;\"><span style=\"font-family: arial, helvetica, sans-serif;\">Die Air Berlin Fl\u00fcge haben als Sonderangebot auf der <a href=\"http:\/\/www.airberlin.com\/de-DE\/site\/start.php\" target=\"_blank\" rel=\"noopener noreferrer\">AB-Homepage<\/a> 102\u20ac pro Person gekostet.<\/span><\/p>\r\n<p style=\"text-align: center;\"><span style=\"font-family: arial, helvetica, sans-serif;\"><\/span><\/p>\r\n<p><\/p>\r\n<p class=\"has-text-align-center\" style=\"text-align: center;\"><span style=\"font-family: arial, helvetica, sans-serif;\">Der Wochenpreis f\u00fcr das Doppelzimmer im <a href=\"http:\/\/www.hostal-paris.es\/home.html\" target=\"_blank\" rel=\"noopener noreferrer\">Hostal Paris<\/a> inklusive Fr\u00fchst\u00fcck<\/span><\/p>\r\n<p style=\"text-align: center;\"><span style=\"font-family: arial, helvetica, sans-serif;\"><\/span><\/p>\r\n<p><\/p>\r\n<p class=\"has-text-align-center\" style=\"text-align: center;\"><span style=\"font-family: arial, helvetica, sans-serif;\">betrug bei <a href=\"http:\/\/www.opodo.de\/\" target=\"_blank\" rel=\"noopener noreferrer\">opodo<\/a> 182\u20ac.<\/span><\/p>\r\n<p style=\"text-align: center;\"><span style=\"font-family: arial, helvetica, sans-serif;\"><\/span><\/p>\r\n<p><\/p>\r\n<p class=\"has-text-align-center\" style=\"text-align: center;\"><span style=\"font-family: arial, helvetica, sans-serif;\">Mietwagen gab es bei <a href=\"http:\/\/www.recordrentacar.com\/\" target=\"_blank\" rel=\"noopener noreferrer\">Record-Rental-Cars<\/a>.<\/span><\/p>\r\n<p style=\"text-align: center;\"><span style=\"font-family: arial, helvetica, sans-serif;\"><\/span><\/p>\r\n<p><\/p>\r\n<p class=\"has-text-align-center\" style=\"text-align: center;\"><span style=\"font-family: arial, helvetica, sans-serif;\">F\u00fcr acht Tage Compact-Car mit Klimaanlage<\/span><\/p>\r\n<p style=\"text-align: center;\"><span style=\"font-family: arial, helvetica, sans-serif;\"><\/span><\/p>\r\n<p><\/p>\r\n<p class=\"has-text-align-center\" style=\"text-align: center;\"><span style=\"font-family: arial, helvetica, sans-serif;\">mit Abholung und Abgabe am Flughafen waren 208\u20ac f\u00e4llig.<\/span><\/p>\r\n<p style=\"text-align: center;\"><span style=\"font-family: arial, helvetica, sans-serif;\"><\/span><\/p>\r\n<p><\/p>\r\n<p class=\"has-text-align-center\" style=\"text-align: center;\"><span style=\"font-family: arial, helvetica, sans-serif;\">Macht summa summarum 594 Euro f\u00fcr zwei Personen und eine Woche Mallorca im August.<\/span><\/p>\r\n<p style=\"text-align: center;\"><span style=\"font-family: arial, helvetica, sans-serif;\"><\/span><\/p>\r\n<p><\/p>\r\n<p class=\"has-text-align-center\" style=\"text-align: center;\"><span style=\"font-family: arial, helvetica, sans-serif;\">Zuz\u00fcglich Sprit, Essen und Trinken.<\/span><\/p>\r\n<p style=\"text-align: center;\"><span style=\"font-family: arial, helvetica, sans-serif;\"><\/span><\/p>\r\n<p><\/p>\r\n<p style=\"text-align: center;\"><span style=\"font-family: arial, helvetica, sans-serif;\"><\/span><\/p>\r\n<p><\/p>\r\n<div class=\"wp-block-image\" style=\"text-align: center;\">\r\n<figure class=\"aligncenter\"><span style=\"font-family: arial, helvetica, sans-serif;\"><img decoding=\"async\" class=\"aligncenter\" title=\"Call Baix\" src=\"https:\/\/welcome-ontour.de\/wordpress\/wp-content\/uploads\/2013\/10\/phoca_thumb_l_2005-08-31-fazit.jpg\" alt=\"\" \/><\/span><\/figure>\r\n<\/div>\r\n<p style=\"text-align: center;\"><span style=\"font-family: arial, helvetica, sans-serif;\"><\/span><\/p>\r\n<p><\/p>\r\n<p style=\"text-align: center;\"><span style=\"font-family: arial, helvetica, sans-serif;\"><\/span><\/p>\r\n<p><\/p>\r\n<p style=\"text-align: center;\"><span style=\"font-family: arial, helvetica, sans-serif;\"><\/span><\/p>\r\n<p><\/p>\r\n<p class=\"has-text-align-center\" style=\"text-align: center;\"><span style=\"font-family: arial, helvetica, sans-serif;\">Wir sind uns einig, dass es nicht unser letzter Besuch auf dieser Insel war.<\/span><\/p>\r\n<p style=\"text-align: center;\"><span style=\"font-family: arial, helvetica, sans-serif;\"><\/span><\/p>\r\n<p><\/p>\r\n<p class=\"has-text-align-center\" style=\"text-align: center;\"><span style=\"font-family: arial, helvetica, sans-serif;\">Eventuell kommen wir f\u00fcr ein paar Tage in irgendeinem Fr\u00fchjahr zur Mandelbl\u00fcte<\/span><\/p>\r\n<p style=\"text-align: center;\"><span style=\"font-family: arial, helvetica, sans-serif;\"><\/span><\/p>\r\n<p><\/p>\r\n<p class=\"has-text-align-center\" style=\"text-align: center;\"><span style=\"font-family: arial, helvetica, sans-serif;\">oder im Herbst, wenn die Insel zur Ruhe kommt.<\/span><\/p>\r\n<p style=\"text-align: center;\"><span style=\"font-family: arial, helvetica, sans-serif;\"><\/span><\/p>\r\n<p><\/p>\r\n<p class=\"has-text-align-center\" style=\"text-align: center;\"><span style=\"font-family: arial, helvetica, sans-serif;\">Vielleicht auch im Sommer, dann aber nicht noch einmal ein Zimmer ohne Klimaanlage.<\/span><\/p>\r\n<p style=\"text-align: center;\"><span style=\"font-family: arial, helvetica, sans-serif;\"><\/span><\/p>\r\n<p><\/p>\r\n<p class=\"has-text-align-center\" style=\"text-align: center;\"><span style=\"font-family: arial, helvetica, sans-serif;\">Wann das der Fall sein wird?<\/span><\/p>\r\n<p style=\"text-align: center;\"><span style=\"font-family: arial, helvetica, sans-serif;\"><\/span><\/p>\r\n<p><\/p>\r\n<p class=\"has-text-align-center\" style=\"text-align: center;\"><span style=\"font-family: arial, helvetica, sans-serif;\">Wir werden sehen.<\/span><\/p>\r\n<p style=\"text-align: center;\"><span style=\"font-family: arial, helvetica, sans-serif;\"><\/span><\/p>\r\n<p><\/p>\r\n<p class=\"has-text-align-center\" style=\"text-align: center;\"><span style=\"font-family: arial, helvetica, sans-serif;\">Bis dahin<\/span><\/p>\r\n<p style=\"text-align: center;\"><span style=\"font-family: arial, helvetica, sans-serif;\"><\/span><\/p>\r\n<p><\/p>\r\n<p style=\"text-align: center;\"><span style=\"font-family: arial, helvetica, sans-serif;\"><\/span><\/p>\r\n<p><\/p>\r\n<p class=\"has-text-align-center\" style=\"text-align: center;\"><span style=\"font-family: arial, helvetica, sans-serif;\">Macht\u2019s gut Leute!<\/span><\/p>\r\n<p style=\"text-align: center;\"><span style=\"font-family: arial, helvetica, sans-serif;\"><\/span><\/p>\r\n<p><\/p>\r\n<p style=\"text-align: center;\"><span style=\"font-family: arial, helvetica, sans-serif;\"><\/span><\/p>\r\n<p><\/p>\r\n<p class=\"has-text-align-center\" style=\"text-align: center;\"><span style=\"font-family: arial, helvetica, sans-serif;\">Ute &amp; Andie<\/span><\/p>\r\n<p><\/p>\r\n<p><\/p>\r\n<div class=\"wp-block-columns is-layout-flex wp-container-core-columns-is-layout-28f84493 wp-block-columns-is-layout-flex\" style=\"text-align: center;\">\r\n<p><\/p>\r\n<div class=\"wp-block-column is-layout-flow wp-block-column-is-layout-flow\">\n<div class=\"wp-block-columns is-layout-flex wp-container-core-columns-is-layout-28f84493 wp-block-columns-is-layout-flex\">\n<div class=\"wp-block-column is-layout-flow wp-block-column-is-layout-flow\" style=\"flex-basis:50%\">\n<p align=\"left\"><a href=\"https:\/\/welcome-ontour.de\/wordpress\/index.php\/2005-08-30\" data-type=\"URL\" data-id=\"https:\/\/welcome-ontour.de\/wordpress\/index.php\/2005-08-30\">Zur\u00fcck<\/a><\/p>\n<\/div>\n\n\n\n<div class=\"wp-block-column is-layout-flow wp-block-column-is-layout-flow\" style=\"flex-basis:50%\">\n<p align=\"right\"><a href=\"https:\/\/welcome-ontour.de\/wordpress\/index.php\/reiseberichte\" data-type=\"URL\" data-id=\"https:\/\/welcome-ontour.de\/wordpress\/index.php\/reiseberichte\">Reiseberichte<\/a><\/p>\n<\/div>\n<\/div>\n<\/div>\r\n<p><\/p>\r\n<\/div>\r\n<p><\/p>\r\n<p><\/p>\r\n<p><\/p>","protected":false},"excerpt":{"rendered":"<p>Prolog \u00a0&#8211; \u00a0Anreise \u00a0&#8211; \u00a0Kap Formentor \u00a0&#8211; \u00a0Lluc\/Sa Calobra \u00a0&#8211; \u00a0Torrent de Parres \u00a0&#8211; \u00a0Cala de Pisada \u00a0&#8211; \u00a0Soller\/Valdemossa \u00a0&#8211; \u00a0Cala Baix \u00a0&#8211; \u00a0R\u00fcckreise \u00a0&#8211; \u00a0Fazit \u00a0 Fazit Mit gemischten Gef\u00fchlen sind wir gestartet, als Mallorca-Fans zur\u00fcck. So einfach k\u00f6nnte man das Fazit betiteln. Beeindruckend, welche Vielfalt die Insel zu bieten hat. Es ist wohl m\u00f6glich, in El Arenal eine Woche (oder l\u00e4nger) durchzufeiern. Genau so ist es aber auch machbar v\u00f6llig einsame Wanderwege zu entdecken. Wir waren angetan von den malerischen Buchten, der schroffen Bergwelt und dem (fast schon zu hei\u00dfen) Wetter. Sehr gut gefallen hat uns die kleine kulinarische Exkursion in die regionale K\u00fcche. Zu den Fl\u00fcgen gibt es nicht viel zu sagen. Einsteigen, Trinken, Essen, Toilette, Aussteigen. Air Berlin war p\u00fcnktlich und der Service war okay. Unsere Unterkunft war sehr einfach und genau deswegen haben wir sie auch ausgew\u00e4hlt. Wir wollten dort nichts anderes als schlafen und fr\u00fchst\u00fccken und das hat prima geklappt. Die kleine kompakte Miet-Zitrone hat uns \u00fcberall zuverl\u00e4ssig und gek\u00fchlt hingebracht. Mehr Mietwagen brauchen zwei Personen auf Mallorca nicht. Zu den Zahlen. Der Mallorca-Trip war unser erster online gebuchter Urlaub. Wir wollten feste Flugzeiten und eine preiswerte Unterkunft nur mit Fr\u00fchst\u00fcck. Deswegen haben wir alle Bausteine separat gebucht. Die Air Berlin Fl\u00fcge haben als Sonderangebot auf der AB-Homepage 102\u20ac pro Person gekostet. Der Wochenpreis f\u00fcr das Doppelzimmer im Hostal Paris inklusive Fr\u00fchst\u00fcck betrug bei opodo 182\u20ac. Mietwagen gab es bei Record-Rental-Cars. F\u00fcr acht Tage Compact-Car mit Klimaanlage mit Abholung und Abgabe am Flughafen waren 208\u20ac f\u00e4llig. Macht summa summarum 594 Euro f\u00fcr zwei Personen und eine Woche Mallorca im August. Zuz\u00fcglich Sprit, Essen und Trinken. Wir sind uns einig, dass es nicht unser letzter Besuch auf dieser Insel war. Eventuell kommen wir f\u00fcr ein paar Tage in irgendeinem Fr\u00fchjahr zur Mandelbl\u00fcte oder im Herbst, wenn die Insel zur Ruhe kommt. Vielleicht auch im Sommer, dann aber nicht noch einmal ein Zimmer ohne Klimaanlage. Wann das der Fall sein wird? Wir werden sehen. Bis dahin Macht\u2019s gut Leute! Ute &amp; Andie<\/p>\n","protected":false},"author":1,"featured_media":0,"parent":0,"menu_order":0,"comment_status":"closed","ping_status":"closed","template":"","meta":{"footnotes":""},"class_list":["post-4763","page","type-page","status-publish","hentry"],"_links":{"self":[{"href":"https:\/\/welcome-ontour.de\/wordpress\/index.php\/wp-json\/wp\/v2\/pages\/4763","targetHints":{"allow":["GET"]}}],"collection":[{"href":"https:\/\/welcome-ontour.de\/wordpress\/index.php\/wp-json\/wp\/v2\/pages"}],"about":[{"href":"https:\/\/welcome-ontour.de\/wordpress\/index.php\/wp-json\/wp\/v2\/types\/page"}],"author":[{"embeddable":true,"href":"https:\/\/welcome-ontour.de\/wordpress\/index.php\/wp-json\/wp\/v2\/users\/1"}],"replies":[{"embeddable":true,"href":"https:\/\/welcome-ontour.de\/wordpress\/index.php\/wp-json\/wp\/v2\/comments?post=4763"}],"version-history":[{"count":20,"href":"https:\/\/welcome-ontour.de\/wordpress\/index.php\/wp-json\/wp\/v2\/pages\/4763\/revisions"}],"predecessor-version":[{"id":16882,"href":"https:\/\/welcome-ontour.de\/wordpress\/index.php\/wp-json\/wp\/v2\/pages\/4763\/revisions\/16882"}],"wp:attachment":[{"href":"https:\/\/welcome-ontour.de\/wordpress\/index.php\/wp-json\/wp\/v2\/media?parent=4763"}],"curies":[{"name":"wp","href":"https:\/\/api.w.org\/{rel}","templated":true}]}}