{"id":4761,"date":"2013-10-14T09:59:05","date_gmt":"2013-10-14T09:59:05","guid":{"rendered":"https:\/\/welcome-ontour.de\/wordpress\/index.php\/2005-08-30\/"},"modified":"2025-08-26T10:11:33","modified_gmt":"2025-08-26T10:11:33","slug":"2005-08-30","status":"publish","type":"page","link":"https:\/\/welcome-ontour.de\/wordpress\/index.php\/2005-08-30\/","title":{"rendered":"2005 08 30"},"content":{"rendered":"<p style=\"text-align: center;\"><span style=\"font-family: arial, helvetica, sans-serif; font-size: x-small;\"><a href=\"https:\/\/welcome-ontour.de\/wordpress\/index.php\/2005-08-22-prolog\/\">Prolog<\/a> \u00a0&#8211; \u00a0<a href=\"https:\/\/welcome-ontour.de\/wordpress\/index.php\/2005-08-23\/\">Anreise<\/a> \u00a0&#8211; \u00a0<a href=\"https:\/\/welcome-ontour.de\/wordpress\/index.php\/2005-08-24\/\">Kap Formentor<\/a> \u00a0&#8211; \u00a0<a href=\"https:\/\/welcome-ontour.de\/wordpress\/index.php\/2005-08-25\/\">Lluc\/Sa Calobra<\/a> \u00a0&#8211; \u00a0<a href=\"https:\/\/welcome-ontour.de\/wordpress\/index.php\/2005-08-26\/\">Torrent de Parres<\/a> \u00a0&#8211; \u00a0<a href=\"https:\/\/welcome-ontour.de\/wordpress\/index.php\/2005-08-27\/\">Cala de Pisada<\/a> \u00a0&#8211; \u00a0<a href=\"https:\/\/welcome-ontour.de\/wordpress\/index.php\/2005-08-28\/\">Soller\/Valdemossa<\/a> \u00a0&#8211; \u00a0<a href=\"https:\/\/welcome-ontour.de\/wordpress\/index.php\/2005-08-29\/\">Cala Baix<\/a> \u00a0&#8211; \u00a0<a href=\"https:\/\/welcome-ontour.de\/wordpress\/index.php\/2005-08-30\/\">R\u00fcckreise<\/a> \u00a0&#8211; \u00a0<a href=\"https:\/\/welcome-ontour.de\/wordpress\/index.php\/2005-08-31-fazit\/\">Fazit<\/a><\/span><\/p>\n<p style=\"text-align: center;\"><a style=\"font-family: arial, helvetica, sans-serif; font-size: small; line-height: 1.3em;\" href=\"http:\/\/www.welcome-ontour.de\/wordpress\/index.php\/2005-08-29\">&lt;&lt; Zur\u00fcck<\/a><span style=\"font-family: arial, helvetica, sans-serif; font-size: small; line-height: 1.3em;\">\u00a0 \u00a0 \u00a0 \u00a0 \u00a0 \u00a0 \u00a0 \u00a0 \u00a0 \u00a0 \u00a0 \u00a0 \u00a0 \u00a0 \u00a0 \u00a0 \u00a0 \u00a0 \u00a0 \u00a0 \u00a0 \u00a0 \u00a0 \u00a0 \u00a0 \u00a0 \u00a0 \u00a0 \u00a0 \u00a0 \u00a0 \u00a0 \u00a0 \u00a0 \u00a0 \u00a0 \u00a0 \u00a0 \u00a0 \u00a0 \u00a0 \u00a0 \u00a0 \u00a0 \u00a0 \u00a0 \u00a0 \u00a0 \u00a0 \u00a0 \u00a0 \u00a0 \u00a0 \u00a0 \u00a0 \u00a0 \u00a0 \u00a0 \u00a0 \u00a0 \u00a0 \u00a0 \u00a0 \u00a0 \u00a0 \u00a0 \u00a0 \u00a0 \u00a0 \u00a0 \u00a0 \u00a0 \u00a0 \u00a0 \u00a0 \u00a0 \u00a0 \u00a0 \u00a0 \u00a0 \u00a0 \u00a0 \u00a0 \u00a0 \u00a0 \u00a0 \u00a0 \u00a0 \u00a0 \u00a0 \u00a0 \u00a0 \u00a0 \u00a0 \u00a0 \u00a0 \u00a0 \u00a0 \u00a0 \u00a0 \u00a0\u00a0<\/span><a style=\"font-family: arial, helvetica, sans-serif; font-size: small; line-height: 1.3em;\" href=\"http:\/\/www.welcome-ontour.de\/wordpress\/index.php\/2005-08-31\">Weiter &gt;&gt;<\/a><\/p>\n<p style=\"text-align: center;\"><strong><span style=\"font-family: arial, helvetica, sans-serif; font-size: medium;\">\u00a0<\/span><\/strong><\/p>\n<p style=\"text-align: center;\"><strong><span style=\"font-family: arial, helvetica, sans-serif; font-size: medium;\">Di 30.8.2005<\/span><\/strong><\/p>\n<p style=\"text-align: center;\"><span style=\"font-family: arial, helvetica, sans-serif; font-size: medium;\">\u00a0<\/span><\/p>\n<p style=\"text-align: center;\"><span style=\"font-family: arial, helvetica, sans-serif; font-size: medium;\">8:00 aufstehen, 8:30 Fr\u00fchst\u00fcck, ein letztes Mal frische Feigen und starken Kaffee.<\/span><\/p>\n<p style=\"text-align: center;\"><span style=\"font-family: arial, helvetica, sans-serif; font-size: medium;\">Unser R\u00fcckflug startet planm\u00e4\u00dfig abends um acht.<\/span><\/p>\n<p style=\"text-align: center;\"><span style=\"font-family: arial, helvetica, sans-serif; font-size: medium;\">Auf Nachfrage d\u00fcrfen wir das Zimmer bis 16:00 nutzen.<\/span><\/p>\n<p style=\"text-align: center;\"><span style=\"font-family: arial, helvetica, sans-serif; font-size: medium;\">Wir nehmen die Badesachen und wollen uns die Bucht von Alcudia ansehen.<\/span><\/p>\n<p style=\"text-align: center;\"><span style=\"font-family: arial, helvetica, sans-serif; font-size: medium;\">Als wir durch Alcudia fahren ist es noch ganz angenehm.<\/span><\/p>\n<p style=\"text-align: center;\"><span style=\"font-family: arial, helvetica, sans-serif; font-size: medium;\">Die hohen Mauern der alten Festungsanlage sind echt imposant.<\/span><\/p>\n<p style=\"text-align: center;\"><span style=\"font-family: arial, helvetica, sans-serif; font-size: medium;\">In Porto Alcudia ist es dann vorbei mit lustig.<\/span><\/p>\n<p style=\"text-align: center;\"><span style=\"font-family: arial, helvetica, sans-serif; font-size: medium;\">Bettenburgen, Shops und Restaurants beidseitig auf einer L\u00e4nge von mehreren Kilometern.<\/span><\/p>\n<p style=\"text-align: center;\"><span style=\"font-family: arial, helvetica, sans-serif; font-size: medium;\">Wir fahren einfach nur durch hier.<\/span><\/p>\n<p style=\"text-align: center;\"><span style=\"font-family: arial, helvetica, sans-serif; font-size: medium;\">Danach folgt rechterhand das Naturschutzgebiet von Albufera.<\/span><\/p>\n<p style=\"text-align: center;\"><span style=\"font-family: arial, helvetica, sans-serif; font-size: medium;\">Eine riesige Sumpflandschaft, wo viele Zugv\u00f6gel \u00fcberwintern.<\/span><\/p>\n<p style=\"text-align: center;\"><span style=\"font-family: arial, helvetica, sans-serif; font-size: medium;\">Kaum aus Alcudia raus, sind wir in Can Picafort.<\/span><\/p>\n<p style=\"text-align: center;\"><span style=\"font-family: arial, helvetica, sans-serif; font-size: medium;\">Hier das gleiche Bild.<\/span><\/p>\n<p style=\"text-align: center;\"><span style=\"font-family: arial, helvetica, sans-serif; font-size: medium;\">Jetzt wird uns erst richtig bewusst, <\/span><\/p>\n<p style=\"text-align: center;\"><span style=\"font-family: arial, helvetica, sans-serif; font-size: medium;\">welches Gl\u00fcck wir mit unserem kleinen \u00d6rtchen Porto Pollenca hatten.<\/span><\/p>\n<p style=\"text-align: center;\"><span style=\"font-family: arial, helvetica, sans-serif; font-size: medium;\">Wir fahren noch weiter bis Son Serra de Marina, <\/span><\/p>\n<p style=\"text-align: center;\"><span style=\"font-family: arial, helvetica, sans-serif; font-size: medium;\">aber auch dort gef\u00e4llt es uns nicht wirklich.<\/span><\/p>\n<p style=\"text-align: center;\"><span style=\"font-family: arial, helvetica, sans-serif; font-size: medium;\">Wir beschlie\u00dfen, wieder zur\u00fcck zu fahren <\/span><\/p>\n<p style=\"text-align: center;\"><span style=\"font-family: arial, helvetica, sans-serif; font-size: medium;\">und ein paar Stunden am Strand von Porto Pollenca zu verbringen.<\/span><\/p>\n<p style=\"text-align: center;\"><span style=\"font-family: arial, helvetica, sans-serif; font-size: medium;\">Durch den Berufsverkehr dauert die R\u00fcckfahrt fast eine Stunde.<\/span><\/p>\n<p style=\"text-align: center;\"><span style=\"font-family: arial, helvetica, sans-serif; font-size: medium;\">Um elf liegen wir am feinsandigen Strand <\/span><\/p>\n<p style=\"text-align: center;\"><span style=\"font-family: arial, helvetica, sans-serif; font-size: medium;\">und lassen uns noch einmal richtig die Sonne auf den Pelz brennen.<\/span><\/p>\n<p style=\"text-align: center;\"><span style=\"font-family: arial, helvetica, sans-serif; font-size: medium;\">\u00a0<\/span><\/p>\n<p style=\"text-align: center;\"><span style=\"font-family: arial, helvetica, sans-serif; font-size: medium;\"><a href=\"https:\/\/welcome-ontour.de\/wordpress\/wp-content\/uploads\/2013\/10\/phoca_thumb_l_2005-08-30-01.jpg\" target=\"_blank\" rel=\"noopener noreferrer\"><img decoding=\"async\" class=\"size-full wp-image-4759 aligncenter\" title=\"Porto Pollenca\" src=\"https:\/\/welcome-ontour.de\/wordpress\/wp-content\/uploads\/2013\/10\/phoca_thumb_l_2005-08-30-01.jpg\" width=\"600\" height=\"385\" border=\"0\" srcset=\"https:\/\/welcome-ontour.de\/wordpress\/wp-content\/uploads\/2013\/10\/phoca_thumb_l_2005-08-30-01.jpg 1400w, https:\/\/welcome-ontour.de\/wordpress\/wp-content\/uploads\/2013\/10\/phoca_thumb_l_2005-08-30-01-300x193.jpg 300w, https:\/\/welcome-ontour.de\/wordpress\/wp-content\/uploads\/2013\/10\/phoca_thumb_l_2005-08-30-01-1024x658.jpg 1024w, https:\/\/welcome-ontour.de\/wordpress\/wp-content\/uploads\/2013\/10\/phoca_thumb_l_2005-08-30-01-768x493.jpg 768w\" sizes=\"(max-width: 600px) 100vw, 600px\" \/><\/a>\u00a0<\/span><\/p>\n<p style=\"text-align: center;\"><span style=\"font-family: arial, helvetica, sans-serif; font-size: medium;\">\u00a0<\/span><\/p>\n<p style=\"text-align: center;\"><span style=\"font-family: arial, helvetica, sans-serif; font-size: medium;\"><a href=\"https:\/\/welcome-ontour.de\/wordpress\/wp-content\/uploads\/2013\/10\/phoca_thumb_l_2005-08-30-02.jpg\" target=\"_blank\" rel=\"noopener noreferrer\"><img decoding=\"async\" class=\"size-full wp-image-4760 aligncenter\" title=\"Porto Pollenca\" src=\"https:\/\/welcome-ontour.de\/wordpress\/wp-content\/uploads\/2013\/10\/phoca_thumb_l_2005-08-30-02.jpg\" width=\"600\" height=\"385\" border=\"0\" srcset=\"https:\/\/welcome-ontour.de\/wordpress\/wp-content\/uploads\/2013\/10\/phoca_thumb_l_2005-08-30-02.jpg 1400w, https:\/\/welcome-ontour.de\/wordpress\/wp-content\/uploads\/2013\/10\/phoca_thumb_l_2005-08-30-02-300x193.jpg 300w, https:\/\/welcome-ontour.de\/wordpress\/wp-content\/uploads\/2013\/10\/phoca_thumb_l_2005-08-30-02-1024x658.jpg 1024w, https:\/\/welcome-ontour.de\/wordpress\/wp-content\/uploads\/2013\/10\/phoca_thumb_l_2005-08-30-02-768x493.jpg 768w\" sizes=\"(max-width: 600px) 100vw, 600px\" \/><\/a><\/span><\/p>\n<p style=\"text-align: center;\"><span style=\"font-family: arial, helvetica, sans-serif; font-size: medium;\">\u00a0<\/span><\/p>\n<p style=\"text-align: center;\"><span style=\"font-family: arial, helvetica, sans-serif; font-size: medium;\">Drei Stunden sp\u00e4ter sitzen wir echt relaxt im RAF <\/span><\/p>\n<p style=\"text-align: center;\"><span style=\"font-family: arial, helvetica, sans-serif; font-size: medium;\">und genehmigen uns Eier mit Bohnen und Speck, sowie Tuna-Sandwiches.<\/span><\/p>\n<p style=\"text-align: center;\"><span style=\"font-family: arial, helvetica, sans-serif; font-size: medium;\">Dann werden im Hotel in aller Ruhe die Klamotten in die Koffer gesteckt.<\/span><\/p>\n<p style=\"text-align: center;\"><span style=\"font-family: arial, helvetica, sans-serif; font-size: medium;\">P\u00fcnktlich um vier verabschieden wir uns von Susanne, beladen den C3 <\/span><\/p>\n<p style=\"text-align: center;\"><span style=\"font-family: arial, helvetica, sans-serif; font-size: medium;\">und machen uns auf den Weg nach Palma zum Flughafen.<\/span><\/p>\n<p style=\"text-align: center;\"><span style=\"font-family: arial, helvetica, sans-serif; font-size: medium;\">Sind 65km und wir sind halb sechs am Mietwagen-Return.<\/span><\/p>\n<p style=\"text-align: center;\"><span style=\"font-family: arial, helvetica, sans-serif; font-size: medium;\">\u00c4hnlich wie in USA stellt man das Auto ab, nimmt alles Pers\u00f6nliche raus, <\/span><\/p>\n<p style=\"text-align: center;\"><span style=\"font-family: arial, helvetica, sans-serif; font-size: medium;\">bekommt einen Beleg in die Hand gedr\u00fcckt, das war\u2019s.<\/span><\/p>\n<p style=\"text-align: center;\"><span style=\"font-family: arial, helvetica, sans-serif; font-size: medium;\">Wir gehen r\u00fcber ins Terminal, finden sofort den Schalter unseres Air Berlin Fluges<\/span><\/p>\n<p style=\"text-align: center;\"><span style=\"font-family: arial, helvetica, sans-serif; font-size: medium;\"> und warten dass das Einchecken beginnt.<\/span><\/p>\n<p style=\"text-align: center;\"><span style=\"font-family: arial, helvetica, sans-serif; font-size: medium;\">Nach wenigen Minuten Wartezeit sind wir die Koffer los und haben unsere Bordkarten.<\/span><\/p>\n<p style=\"text-align: center;\"><span style=\"font-family: arial, helvetica, sans-serif; font-size: medium;\">In den n\u00e4chsten zwei Stunden schreib ich Tagebuch nach, Ute besorgt uns <\/span><\/p>\n<p style=\"text-align: center;\"><span style=\"font-family: arial, helvetica, sans-serif; font-size: medium;\">eine Kleinigkeit zu essen\u00a0<\/span><span style=\"font-family: arial, helvetica, sans-serif; font-size: medium; line-height: 1.3em;\">und ein paar eiskalte San Miguels sind auch noch drin.<\/span><\/p>\n<p style=\"text-align: center;\"><span style=\"font-family: arial, helvetica, sans-serif; font-size: medium;\">Wir vergessen die Zeit und gehen erst zehn vor acht durch die Sicherheitskontrolle zum Boarding.<\/span><\/p>\n<p style=\"text-align: center;\"><span style=\"font-family: arial, helvetica, sans-serif; font-size: medium;\">Dass es danach noch endlos weite Wege sind haben wir \u00fcberhaupt nicht bedacht.<\/span><\/p>\n<p style=\"text-align: center;\"><span style=\"font-family: arial, helvetica, sans-serif; font-size: medium;\">Als wir an unserem Gate ankommen, werden bereits unsere Namen ausgerufen.<\/span><\/p>\n<p style=\"text-align: center;\"><span style=\"font-family: arial, helvetica, sans-serif; font-size: medium;\">Ab in die 737, nach uns wird die T\u00fcr geschlossen.<\/span><\/p>\n<p style=\"text-align: center;\"><span style=\"font-family: arial, helvetica, sans-serif; font-size: medium;\">Kurz nach acht heben wir ab.<\/span><\/p>\n<p style=\"text-align: center;\"><span style=\"font-family: arial, helvetica, sans-serif; font-size: medium;\">Drau\u00dfen wird es gerade dunkel.<\/span><\/p>\n<p style=\"text-align: center;\"><span style=\"font-family: arial, helvetica, sans-serif; font-size: medium;\">Die Flugzeit vergeht schnell und das Air Berlin Futter ist gar nicht mal so verkehrt.<\/span><\/p>\n<p style=\"text-align: center;\"><span style=\"font-family: arial, helvetica, sans-serif; font-size: medium;\">Ute\u2019s Sitznachbarin war da anderer Meinungen und kotzt lautstark ihre T\u00fcte voll.<\/span><\/p>\n<p style=\"text-align: center;\"><span style=\"font-family: arial, helvetica, sans-serif; font-size: medium;\">Dreiviertel elf landen wir im n\u00e4chtlichen Tegel.<\/span><\/p>\n<p style=\"text-align: center;\"><span style=\"font-family: arial, helvetica, sans-serif; font-size: medium;\">Nach kurzer Gep\u00e4ck-Wartezeit und ohne weitere Kontrollen <\/span><\/p>\n<p style=\"text-align: center;\"><span style=\"font-family: arial, helvetica, sans-serif; font-size: medium;\">begr\u00fc\u00dfen wir unseren zuverl\u00e4ssigen Shuttle-Service.<\/span><\/p>\n<p style=\"text-align: center;\"><span style=\"font-family: arial, helvetica, sans-serif; font-size: medium;\">Bonzo bringt uns schnell durchs n\u00e4chtliche Berliner Umland nach Hause.<\/span><\/p>\n<p style=\"text-align: center;\"><span style=\"font-family: arial, helvetica, sans-serif; font-size: medium;\">Halb eins sind wir in Wandlitz und freuen uns auf eine k\u00fchle Nacht <\/span><\/p>\n<p style=\"text-align: center;\"><span style=\"font-family: arial, helvetica, sans-serif; font-size: medium;\">bei v\u00f6lliger Ruhe und weit ge\u00f6ffnetem Fenster.<\/span><\/p>\n<p style=\"text-align: center;\"><span style=\"font-family: arial, helvetica, sans-serif; font-size: medium;\">\u00a0<\/span><\/p>\n<p style=\"text-align: center;\"><span style=\"font-family: arial, helvetica, sans-serif; font-size: medium;\">Gefahrene Kilometer: 141<\/span><\/p>\n<p style=\"text-align: center;\"><span style=\"font-family: arial, helvetica, sans-serif; font-size: medium;\">\u00a0<\/span><\/p>\n<p style=\"text-align: center;\"><span style=\"font-family: arial, helvetica, sans-serif; font-size: small;\"><a href=\"http:\/\/www.welcome-ontour.de\/wordpress\/index.php\/2005-08-29\">&lt;&lt; Zur\u00fcck<\/a>\u00a0 \u00a0 \u00a0 \u00a0 \u00a0 \u00a0 \u00a0 \u00a0 \u00a0 \u00a0 \u00a0 \u00a0 \u00a0 \u00a0 \u00a0 \u00a0 \u00a0 \u00a0 \u00a0 \u00a0 \u00a0 \u00a0 \u00a0 \u00a0 \u00a0 \u00a0 \u00a0 \u00a0 \u00a0 \u00a0 \u00a0 \u00a0 \u00a0 \u00a0 \u00a0 \u00a0 \u00a0 \u00a0 \u00a0 \u00a0 \u00a0 \u00a0 \u00a0 \u00a0 \u00a0 \u00a0 \u00a0 \u00a0 \u00a0 \u00a0 \u00a0 \u00a0 \u00a0 \u00a0 \u00a0 \u00a0 \u00a0 \u00a0 \u00a0 \u00a0 \u00a0 \u00a0 \u00a0 \u00a0 \u00a0 \u00a0 \u00a0 \u00a0 \u00a0 \u00a0 \u00a0 \u00a0 \u00a0 \u00a0 \u00a0 \u00a0 \u00a0 \u00a0 \u00a0 \u00a0 \u00a0 \u00a0 \u00a0 \u00a0 \u00a0 \u00a0 \u00a0 \u00a0 \u00a0 \u00a0 \u00a0 \u00a0 \u00a0 \u00a0 \u00a0 \u00a0 \u00a0 \u00a0 \u00a0 \u00a0 \u00a0\u00a0<a href=\"http:\/\/www.welcome-ontour.dhttp:\/\/www.welcome-ontour.de\/wordpress\/index.php\/2005-08-31\">Weiter &gt;&gt;<\/a><\/span><span style=\"font-family: arial, helvetica, sans-serif; font-size: medium; line-height: 1.3em;\">\u00a0<\/span><\/p>\n","protected":false},"excerpt":{"rendered":"<p>Prolog \u00a0&#8211; \u00a0Anreise \u00a0&#8211; \u00a0Kap Formentor \u00a0&#8211; \u00a0Lluc\/Sa Calobra \u00a0&#8211; \u00a0Torrent de Parres \u00a0&#8211; \u00a0Cala de Pisada \u00a0&#8211; \u00a0Soller\/Valdemossa \u00a0&#8211; \u00a0Cala Baix \u00a0&#8211; \u00a0R\u00fcckreise \u00a0&#8211; \u00a0Fazit &lt;&lt; Zur\u00fcck\u00a0 \u00a0 \u00a0 \u00a0 \u00a0 \u00a0 \u00a0 \u00a0 \u00a0 \u00a0 \u00a0 \u00a0 \u00a0 \u00a0 \u00a0 \u00a0 \u00a0 \u00a0 \u00a0 \u00a0 \u00a0 \u00a0 \u00a0 \u00a0 \u00a0 \u00a0 \u00a0 \u00a0 \u00a0 \u00a0 \u00a0 \u00a0 \u00a0 \u00a0 \u00a0 \u00a0 \u00a0 \u00a0 \u00a0 \u00a0 \u00a0 \u00a0 \u00a0 \u00a0 \u00a0 \u00a0 \u00a0 \u00a0 \u00a0 \u00a0 \u00a0 \u00a0 \u00a0 \u00a0 \u00a0 \u00a0 \u00a0 \u00a0 \u00a0 \u00a0 \u00a0 \u00a0 \u00a0 \u00a0 \u00a0 \u00a0 \u00a0 \u00a0 \u00a0 \u00a0 \u00a0 \u00a0 \u00a0 \u00a0 \u00a0 \u00a0 \u00a0 \u00a0 \u00a0 \u00a0 \u00a0 \u00a0 \u00a0 \u00a0 \u00a0 \u00a0 \u00a0 \u00a0 \u00a0 \u00a0 \u00a0 \u00a0 \u00a0 \u00a0 \u00a0 \u00a0 \u00a0 \u00a0 \u00a0 \u00a0 \u00a0\u00a0Weiter &gt;&gt; \u00a0 Di 30.8.2005 \u00a0 8:00 aufstehen, 8:30 Fr\u00fchst\u00fcck, ein letztes Mal frische Feigen und starken Kaffee. Unser R\u00fcckflug startet planm\u00e4\u00dfig abends um acht. Auf Nachfrage d\u00fcrfen wir das Zimmer bis 16:00 nutzen. Wir nehmen die Badesachen und wollen uns die Bucht von Alcudia ansehen. Als wir durch Alcudia fahren ist es noch ganz angenehm. Die hohen Mauern der alten Festungsanlage sind echt imposant. In Porto Alcudia ist es dann vorbei mit lustig. Bettenburgen, Shops und Restaurants beidseitig auf einer L\u00e4nge von mehreren Kilometern. Wir fahren einfach nur durch hier. Danach folgt rechterhand das Naturschutzgebiet von Albufera. Eine riesige Sumpflandschaft, wo viele Zugv\u00f6gel \u00fcberwintern. Kaum aus Alcudia raus, sind wir in Can Picafort. Hier das gleiche Bild. Jetzt wird uns erst richtig bewusst, welches Gl\u00fcck wir mit unserem kleinen \u00d6rtchen Porto Pollenca hatten. Wir fahren noch weiter bis Son Serra de Marina, aber auch dort gef\u00e4llt es uns nicht wirklich. Wir beschlie\u00dfen, wieder zur\u00fcck zu fahren und ein paar Stunden am Strand von Porto Pollenca zu verbringen. Durch den Berufsverkehr dauert die R\u00fcckfahrt fast eine Stunde. Um elf liegen wir am feinsandigen Strand und lassen uns noch einmal richtig die Sonne auf den Pelz brennen. \u00a0 \u00a0 \u00a0 \u00a0 Drei Stunden sp\u00e4ter sitzen wir echt relaxt im RAF und genehmigen uns Eier mit Bohnen und Speck, sowie Tuna-Sandwiches. Dann werden im Hotel in aller Ruhe die Klamotten in die Koffer gesteckt. P\u00fcnktlich um vier verabschieden wir uns von Susanne, beladen den C3 und machen uns auf den Weg nach Palma zum Flughafen. Sind 65km und wir sind halb sechs am Mietwagen-Return. \u00c4hnlich wie in USA stellt man das Auto ab, nimmt alles Pers\u00f6nliche raus, bekommt einen Beleg in die Hand gedr\u00fcckt, das war\u2019s. Wir gehen r\u00fcber ins Terminal, finden sofort den Schalter unseres Air Berlin Fluges und warten dass das Einchecken beginnt. Nach wenigen Minuten Wartezeit sind wir die Koffer los und haben unsere Bordkarten. In den n\u00e4chsten zwei Stunden schreib ich Tagebuch nach, Ute besorgt uns eine Kleinigkeit zu essen\u00a0und ein paar eiskalte San Miguels sind auch noch drin. Wir vergessen die Zeit und gehen erst zehn vor acht durch die Sicherheitskontrolle zum Boarding. Dass es danach noch endlos weite Wege sind haben wir \u00fcberhaupt nicht bedacht. Als wir an unserem Gate ankommen, werden bereits unsere Namen ausgerufen. Ab in die 737, nach uns wird die T\u00fcr geschlossen. Kurz nach acht heben wir ab. Drau\u00dfen wird es gerade dunkel. Die Flugzeit vergeht schnell und das Air Berlin Futter ist gar nicht mal so verkehrt. Ute\u2019s Sitznachbarin war da anderer Meinungen und kotzt lautstark ihre T\u00fcte voll. Dreiviertel elf landen wir im n\u00e4chtlichen Tegel. Nach kurzer Gep\u00e4ck-Wartezeit und ohne weitere Kontrollen begr\u00fc\u00dfen wir unseren zuverl\u00e4ssigen Shuttle-Service. Bonzo bringt uns schnell durchs n\u00e4chtliche Berliner Umland nach Hause. Halb eins sind wir in Wandlitz und freuen uns auf eine k\u00fchle Nacht bei v\u00f6lliger Ruhe und weit ge\u00f6ffnetem Fenster. \u00a0 Gefahrene Kilometer: 141 \u00a0 &lt;&lt; Zur\u00fcck\u00a0 \u00a0 \u00a0 \u00a0 \u00a0 \u00a0 \u00a0 \u00a0 \u00a0 \u00a0 \u00a0 \u00a0 \u00a0 \u00a0 \u00a0 \u00a0 \u00a0 \u00a0 \u00a0 \u00a0 \u00a0 \u00a0 \u00a0 \u00a0 \u00a0 \u00a0 \u00a0 \u00a0 \u00a0 \u00a0 \u00a0 \u00a0 \u00a0 \u00a0 \u00a0 \u00a0 \u00a0 \u00a0 \u00a0 \u00a0 \u00a0 \u00a0 \u00a0 \u00a0 \u00a0 \u00a0 \u00a0 \u00a0 \u00a0 \u00a0 \u00a0 \u00a0 \u00a0 \u00a0 \u00a0 \u00a0 \u00a0 \u00a0 \u00a0 \u00a0 \u00a0 \u00a0 \u00a0 \u00a0 \u00a0 \u00a0 \u00a0 \u00a0 \u00a0 \u00a0 \u00a0 \u00a0 \u00a0 \u00a0 \u00a0 \u00a0 \u00a0 \u00a0 \u00a0 \u00a0 \u00a0 \u00a0 \u00a0 \u00a0 \u00a0 \u00a0 \u00a0 \u00a0 \u00a0 \u00a0 \u00a0 \u00a0 \u00a0 \u00a0 \u00a0 \u00a0 \u00a0 \u00a0 \u00a0 \u00a0 \u00a0\u00a0Weiter &gt;&gt;\u00a0<\/p>\n","protected":false},"author":1,"featured_media":0,"parent":0,"menu_order":1,"comment_status":"closed","ping_status":"closed","template":"","meta":{"footnotes":""},"class_list":["post-4761","page","type-page","status-publish","hentry"],"_links":{"self":[{"href":"https:\/\/welcome-ontour.de\/wordpress\/index.php\/wp-json\/wp\/v2\/pages\/4761","targetHints":{"allow":["GET"]}}],"collection":[{"href":"https:\/\/welcome-ontour.de\/wordpress\/index.php\/wp-json\/wp\/v2\/pages"}],"about":[{"href":"https:\/\/welcome-ontour.de\/wordpress\/index.php\/wp-json\/wp\/v2\/types\/page"}],"author":[{"embeddable":true,"href":"https:\/\/welcome-ontour.de\/wordpress\/index.php\/wp-json\/wp\/v2\/users\/1"}],"replies":[{"embeddable":true,"href":"https:\/\/welcome-ontour.de\/wordpress\/index.php\/wp-json\/wp\/v2\/comments?post=4761"}],"version-history":[{"count":4,"href":"https:\/\/welcome-ontour.de\/wordpress\/index.php\/wp-json\/wp\/v2\/pages\/4761\/revisions"}],"predecessor-version":[{"id":25812,"href":"https:\/\/welcome-ontour.de\/wordpress\/index.php\/wp-json\/wp\/v2\/pages\/4761\/revisions\/25812"}],"wp:attachment":[{"href":"https:\/\/welcome-ontour.de\/wordpress\/index.php\/wp-json\/wp\/v2\/media?parent=4761"}],"curies":[{"name":"wp","href":"https:\/\/api.w.org\/{rel}","templated":true}]}}