{"id":4734,"date":"2013-10-14T09:57:11","date_gmt":"2013-10-14T09:57:11","guid":{"rendered":"https:\/\/welcome-ontour.de\/wordpress\/index.php\/2005-08-27\/"},"modified":"2025-08-26T10:07:40","modified_gmt":"2025-08-26T10:07:40","slug":"2005-08-27","status":"publish","type":"page","link":"https:\/\/welcome-ontour.de\/wordpress\/index.php\/2005-08-27\/","title":{"rendered":"2005 08 27"},"content":{"rendered":"<p style=\"text-align: center;\"><span style=\"font-family: arial, helvetica, sans-serif; font-size: x-small;\"><a href=\"https:\/\/welcome-ontour.de\/wordpress\/index.php\/2005-08-22-prolog\/\">Prolog<\/a> \u00a0&#8211; \u00a0<a href=\"https:\/\/welcome-ontour.de\/wordpress\/index.php\/2005-08-23\/\">Anreise<\/a> \u00a0&#8211; \u00a0<a href=\"https:\/\/welcome-ontour.de\/wordpress\/index.php\/2005-08-24\/\">Kap Formentor<\/a> \u00a0&#8211; \u00a0<a href=\"https:\/\/welcome-ontour.de\/wordpress\/index.php\/2005-08-25\/\">Lluc\/Sa Calobra<\/a> \u00a0&#8211; \u00a0<a href=\"https:\/\/welcome-ontour.de\/wordpress\/index.php\/2005-08-26\/\">Torrent de Parres<\/a> \u00a0&#8211; \u00a0<a href=\"https:\/\/welcome-ontour.de\/wordpress\/index.php\/2005-08-27\/\">Cala de Pisada<\/a> \u00a0&#8211; \u00a0<a href=\"https:\/\/welcome-ontour.de\/wordpress\/index.php\/2005-08-28\/\">Soller\/Valdemossa<\/a> \u00a0&#8211; \u00a0<a href=\"https:\/\/welcome-ontour.de\/wordpress\/index.php\/2005-08-29\/\">Cala Baix<\/a> \u00a0&#8211; \u00a0<a href=\"https:\/\/welcome-ontour.de\/wordpress\/index.php\/2005-08-30\/\">R\u00fcckreise<\/a> \u00a0&#8211; \u00a0<a href=\"https:\/\/welcome-ontour.de\/wordpress\/index.php\/2005-08-31-fazit\/\">Fazit<\/a><\/span><\/p>\n<p style=\"text-align: center;\"><a style=\"font-family: arial, helvetica, sans-serif; font-size: small; line-height: 1.3em;\" href=\"http:\/\/www.welcome-ontour.de\/wordpress\/index.php\/2005-08-26\">&lt;&lt; Zur\u00fcck<\/a><span style=\"font-family: arial, helvetica, sans-serif; font-size: small; line-height: 1.3em;\">\u00a0 \u00a0 \u00a0 \u00a0 \u00a0 \u00a0 \u00a0 \u00a0 \u00a0 \u00a0 \u00a0 \u00a0 \u00a0 \u00a0 \u00a0 \u00a0 \u00a0 \u00a0 \u00a0 \u00a0 \u00a0 \u00a0 \u00a0 \u00a0 \u00a0 \u00a0 \u00a0 \u00a0 \u00a0 \u00a0 \u00a0 \u00a0 \u00a0 \u00a0 \u00a0 \u00a0 \u00a0 \u00a0 \u00a0 \u00a0 \u00a0 \u00a0 \u00a0 \u00a0 \u00a0 \u00a0 \u00a0 \u00a0 \u00a0 \u00a0 \u00a0 \u00a0 \u00a0 \u00a0 \u00a0 \u00a0 \u00a0 \u00a0 \u00a0 \u00a0 \u00a0 \u00a0 \u00a0 \u00a0 \u00a0 \u00a0 \u00a0 \u00a0 \u00a0 \u00a0 \u00a0 \u00a0 \u00a0 \u00a0 \u00a0 \u00a0 \u00a0 \u00a0 \u00a0 \u00a0 \u00a0 \u00a0 \u00a0 \u00a0 \u00a0 \u00a0 \u00a0 \u00a0 \u00a0 \u00a0 \u00a0 \u00a0 \u00a0 \u00a0 \u00a0 \u00a0 \u00a0 \u00a0 \u00a0 \u00a0 \u00a0\u00a0<\/span><a style=\"font-family: arial, helvetica, sans-serif; font-size: small; line-height: 1.3em;\" href=\"http:\/\/www.welcome-ontour.de\/wordpress\/index.php\/2005-08-28\">Weiter &gt;&gt;<\/a><\/p>\n<p style=\"text-align: center;\"><strong><span style=\"font-family: arial, helvetica, sans-serif; font-size: medium;\">\u00a0<\/span><\/strong><\/p>\n<p style=\"text-align: center;\"><strong><span style=\"font-family: arial, helvetica, sans-serif; font-size: medium;\">Sa 27.8.2005<\/span><\/strong><\/p>\n<p style=\"text-align: center;\"><span style=\"font-family: arial, helvetica, sans-serif; font-size: medium;\">\u00a0<\/span><\/p>\n<p style=\"text-align: center;\"><span style=\"font-family: arial, helvetica, sans-serif; font-size: medium;\">P\u00fcnktlich um acht raus aus dem Bett und oje, Muskelkater ohne Ende.<\/span><\/p>\n<p style=\"text-align: center;\"><span style=\"font-family: arial, helvetica, sans-serif; font-size: medium;\">Als wir beide zum Fr\u00fchst\u00fcck die Treppe \u201ehinunterklettern\u201c, f\u00fchlen wir uns\u00a0 doppelt so alt wie wir sind.<\/span><\/p>\n<p style=\"text-align: center;\"><span style=\"font-family: arial, helvetica, sans-serif; font-size: medium;\">Nach dem Fr\u00fchst\u00fcck beschlie\u00dfen wir, heute einen Ruhetag einzulegen.<\/span><\/p>\n<p style=\"text-align: center;\"><span style=\"font-family: arial, helvetica, sans-serif; font-size: medium;\">Wir schnappen unsere Badesachen und fahren zur Cala De Pisada auf die Halbinsel Formentor.<\/span><\/p>\n<p style=\"text-align: center;\"><span style=\"font-family: arial, helvetica, sans-serif; font-size: medium;\">Finden einen der wenigen gratis Strassenparkpl\u00e4tze.<\/span><\/p>\n<p style=\"text-align: center;\"><span style=\"font-family: arial, helvetica, sans-serif; font-size: medium;\">F\u00fcnf Minuten Fu\u00dfweg und wir sind an einem der sch\u00f6nsten Str\u00e4nde Mallorcas.<\/span><\/p>\n<p style=\"text-align: center;\"><span style=\"font-family: arial, helvetica, sans-serif; font-size: medium;\">Feiner Sand und Pinien bis fast ans Wasser.<\/span><\/p>\n<p style=\"text-align: center;\"><span style=\"font-family: arial, helvetica, sans-serif; font-size: medium;\">\u00a0<\/span><\/p>\n<p style=\"text-align: center;\"><span style=\"font-family: arial, helvetica, sans-serif; font-size: medium;\"><a href=\"https:\/\/welcome-ontour.de\/wordpress\/wp-content\/uploads\/2013\/10\/phoca_thumb_l_2005-08-27-01.jpg\" target=\"_blank\" rel=\"noopener noreferrer\"><img decoding=\"async\" class=\"size-full wp-image-4732 aligncenter\" title=\"Cala de Pisada\" src=\"https:\/\/welcome-ontour.de\/wordpress\/wp-content\/uploads\/2013\/10\/phoca_thumb_l_2005-08-27-01.jpg\" width=\"400\" height=\"257\" border=\"0\" srcset=\"https:\/\/welcome-ontour.de\/wordpress\/wp-content\/uploads\/2013\/10\/phoca_thumb_l_2005-08-27-01.jpg 1400w, https:\/\/welcome-ontour.de\/wordpress\/wp-content\/uploads\/2013\/10\/phoca_thumb_l_2005-08-27-01-300x193.jpg 300w, https:\/\/welcome-ontour.de\/wordpress\/wp-content\/uploads\/2013\/10\/phoca_thumb_l_2005-08-27-01-1024x658.jpg 1024w, https:\/\/welcome-ontour.de\/wordpress\/wp-content\/uploads\/2013\/10\/phoca_thumb_l_2005-08-27-01-768x493.jpg 768w\" sizes=\"(max-width: 400px) 100vw, 400px\" \/><\/a>\u00a0 <a href=\"https:\/\/welcome-ontour.de\/wordpress\/wp-content\/uploads\/2013\/10\/phoca_thumb_l_2005-08-27-02.jpg\" target=\"_blank\" rel=\"noopener noreferrer\"><img decoding=\"async\" class=\"size-full wp-image-4733 aligncenter\" title=\"Cala de Pisada\" src=\"https:\/\/welcome-ontour.de\/wordpress\/wp-content\/uploads\/2013\/10\/phoca_thumb_l_2005-08-27-02.jpg\" width=\"400\" height=\"257\" border=\"0\" srcset=\"https:\/\/welcome-ontour.de\/wordpress\/wp-content\/uploads\/2013\/10\/phoca_thumb_l_2005-08-27-02.jpg 1400w, https:\/\/welcome-ontour.de\/wordpress\/wp-content\/uploads\/2013\/10\/phoca_thumb_l_2005-08-27-02-300x193.jpg 300w, https:\/\/welcome-ontour.de\/wordpress\/wp-content\/uploads\/2013\/10\/phoca_thumb_l_2005-08-27-02-1024x658.jpg 1024w, https:\/\/welcome-ontour.de\/wordpress\/wp-content\/uploads\/2013\/10\/phoca_thumb_l_2005-08-27-02-768x493.jpg 768w\" sizes=\"(max-width: 400px) 100vw, 400px\" \/><\/a><\/span><\/p>\n<p style=\"text-align: center;\"><span style=\"font-family: arial, helvetica, sans-serif; font-size: medium;\">\u00a0<\/span><\/p>\n<p style=\"text-align: center;\"><span style=\"font-family: arial, helvetica, sans-serif; font-size: medium;\">F\u00fcr mich paradiesisch, auch mal in den Schatten wechseln zu k\u00f6nnen.<\/span><\/p>\n<p style=\"text-align: center;\"><span style=\"font-family: arial, helvetica, sans-serif; font-size: medium;\">Es ist erst um zehn und der Strand ist relativ leer.<\/span><\/p>\n<p style=\"text-align: center;\"><span style=\"font-family: arial, helvetica, sans-serif; font-size: medium;\">Herrliches hei\u00dfes Sommerwetter begleitet uns die n\u00e4chsten Stunden.<\/span><\/p>\n<p style=\"text-align: center;\"><span style=\"font-family: arial, helvetica, sans-serif; font-size: medium;\">Wir bleiben bis etwa um drei, essen im Strandrestaurant eine Kleinigkeit <\/span><\/p>\n<p style=\"text-align: center;\"><span style=\"font-family: arial, helvetica, sans-serif; font-size: medium;\">und fahren dann ziemlich geschlaucht wieder zur\u00fcck.<\/span><\/p>\n<p style=\"text-align: center;\"><span style=\"font-family: arial, helvetica, sans-serif; font-size: medium;\">Fahren nicht zum Hotel, sondern weiter die Bucht von Pollenca entlang bis kurz vor Alcudia.<\/span><\/p>\n<p style=\"text-align: center;\"><span style=\"font-family: arial, helvetica, sans-serif; font-size: medium;\">Hier machen wir eine Pause bei den Kitesurfern des Club Resorts.<\/span><\/p>\n<p style=\"text-align: center;\"><span style=\"font-family: arial, helvetica, sans-serif; font-size: medium;\">Der Wind ist sehr angenehm.<\/span><\/p>\n<p style=\"text-align: center;\"><span style=\"font-family: arial, helvetica, sans-serif; font-size: medium;\">\u00dcber den Bergen der Tramuntana bilden sich dicke Regenwolken.<\/span><\/p>\n<p style=\"text-align: center;\"><span style=\"font-family: arial, helvetica, sans-serif; font-size: medium;\">Ist aber nur eine kurze Episode, die wir gelassen aus der Ferne beobachten k\u00f6nnen.<\/span><\/p>\n<p style=\"text-align: center;\"><span style=\"font-family: arial, helvetica, sans-serif; font-size: medium;\">Nach zehn Minuten ist die Sonne wieder da, nur der Wind ist geblieben.<\/span><\/p>\n<p style=\"text-align: center;\"><span style=\"font-family: arial, helvetica, sans-serif; font-size: medium;\">Wir bleiben bis nach sechs am Strand liegen, die letzte halbe Stunde in Decken geh\u00fcllt.<\/span><\/p>\n<p style=\"text-align: center;\"><span style=\"font-family: arial, helvetica, sans-serif; font-size: medium;\">Halb sieben sind wir wieder im Hotel.<\/span><\/p>\n<p style=\"text-align: center;\"><span style=\"font-family: arial, helvetica, sans-serif; font-size: medium;\">Nach einer schnellen warmen Dusche geht es heute in eine China-Restaurant zu Ente und Fisch.<\/span><\/p>\n<p style=\"text-align: center;\"><span style=\"font-family: arial, helvetica, sans-serif; font-size: medium;\">Bier ist lauwarm und Essen auch nicht besonders zu empfehlen.<\/span><\/p>\n<p style=\"text-align: center;\"><span style=\"font-family: arial, helvetica, sans-serif; font-size: medium;\">Dazu die bescheuert dauergrinsende Bedienung; nochmal gehen wir hier nicht rein.<\/span><\/p>\n<p style=\"text-align: center;\"><span style=\"font-family: arial, helvetica, sans-serif; font-size: medium;\">Wir lassen den Ruhetag im RAF ausklingen und sind <\/span><\/p>\n<p style=\"text-align: center;\"><span style=\"font-family: arial, helvetica, sans-serif; font-size: medium;\">nach den obligatorischen Hotelbar-Absackern froh, im Bett zu liegen.<\/span><\/p>\n<p style=\"text-align: center;\"><span style=\"font-family: arial, helvetica, sans-serif; font-size: medium;\">Temperatur ist wieder unertr\u00e4glich hei\u00df.<\/span><\/p>\n<p style=\"text-align: center;\"><span style=\"font-family: arial, helvetica, sans-serif; font-size: medium;\">Irgendwann gewinnt die M\u00fcdigkeit die Oberhand.<\/span><\/p>\n<p style=\"text-align: center;\"><span style=\"font-family: arial, helvetica, sans-serif; font-size: medium;\">\u00a0<\/span><\/p>\n<p style=\"text-align: center;\"><span style=\"font-family: arial, helvetica, sans-serif; font-size: medium;\">Gefahrene Kilometer: 36<\/span><\/p>\n<p style=\"text-align: center;\"><span style=\"font-family: arial, helvetica, sans-serif; font-size: medium;\">\u00a0<\/span><\/p>\n<p style=\"text-align: center;\"><span style=\"font-family: arial, helvetica, sans-serif; font-size: medium;\">\u00dcbernachtung: <a href=\"http:\/\/www.hostal-paris.es\/home.html\" target=\"_blank\" rel=\"noopener noreferrer\">Hostal Paris<\/a>, Porto Pollenca, ***<\/span><\/p>\n<p style=\"text-align: center;\"><span style=\"font-family: arial, helvetica, sans-serif; font-size: medium;\">\u00a0<\/span><\/p>\n<p style=\"text-align: center;\"><span style=\"font-family: arial, helvetica, sans-serif; font-size: small;\"><a href=\"http:\/\/www.welcome-ontour.de\/wordpress\/index.php\/2005-08-26\">&lt;&lt; Zur\u00fcck<\/a>\u00a0 \u00a0 \u00a0 \u00a0 \u00a0 \u00a0 \u00a0 \u00a0 \u00a0 \u00a0 \u00a0 \u00a0 \u00a0 \u00a0 \u00a0 \u00a0 \u00a0 \u00a0 \u00a0 \u00a0 \u00a0 \u00a0 \u00a0 \u00a0 \u00a0 \u00a0 \u00a0 \u00a0 \u00a0 \u00a0 \u00a0 \u00a0 \u00a0 \u00a0 \u00a0 \u00a0 \u00a0 \u00a0 \u00a0 \u00a0 \u00a0 \u00a0 \u00a0 \u00a0 \u00a0 \u00a0 \u00a0 \u00a0 \u00a0 \u00a0 \u00a0 \u00a0 \u00a0 \u00a0 \u00a0 \u00a0 \u00a0 \u00a0 \u00a0 \u00a0 \u00a0 \u00a0 \u00a0 \u00a0 \u00a0 \u00a0 \u00a0 \u00a0 \u00a0 \u00a0 \u00a0 \u00a0 \u00a0 \u00a0 \u00a0 \u00a0 \u00a0 \u00a0 \u00a0 \u00a0 \u00a0 \u00a0 \u00a0 \u00a0 \u00a0 \u00a0 \u00a0 \u00a0 \u00a0 \u00a0 \u00a0 \u00a0 \u00a0 \u00a0 \u00a0 \u00a0 \u00a0 \u00a0 \u00a0 \u00a0 \u00a0\u00a0<a href=\"http:\/\/www.welcome-ontour.de\/wordpress\/index.php\/2005-08-28\">Weiter &gt;&gt;<\/a><\/span><span style=\"font-family: arial, helvetica, sans-serif; font-size: medium; line-height: 1.3em;\">\u00a0<\/span><\/p>\n","protected":false},"excerpt":{"rendered":"<p>Prolog \u00a0&#8211; \u00a0Anreise \u00a0&#8211; \u00a0Kap Formentor \u00a0&#8211; \u00a0Lluc\/Sa Calobra \u00a0&#8211; \u00a0Torrent de Parres \u00a0&#8211; \u00a0Cala de Pisada \u00a0&#8211; \u00a0Soller\/Valdemossa \u00a0&#8211; \u00a0Cala Baix \u00a0&#8211; \u00a0R\u00fcckreise \u00a0&#8211; \u00a0Fazit &lt;&lt; Zur\u00fcck\u00a0 \u00a0 \u00a0 \u00a0 \u00a0 \u00a0 \u00a0 \u00a0 \u00a0 \u00a0 \u00a0 \u00a0 \u00a0 \u00a0 \u00a0 \u00a0 \u00a0 \u00a0 \u00a0 \u00a0 \u00a0 \u00a0 \u00a0 \u00a0 \u00a0 \u00a0 \u00a0 \u00a0 \u00a0 \u00a0 \u00a0 \u00a0 \u00a0 \u00a0 \u00a0 \u00a0 \u00a0 \u00a0 \u00a0 \u00a0 \u00a0 \u00a0 \u00a0 \u00a0 \u00a0 \u00a0 \u00a0 \u00a0 \u00a0 \u00a0 \u00a0 \u00a0 \u00a0 \u00a0 \u00a0 \u00a0 \u00a0 \u00a0 \u00a0 \u00a0 \u00a0 \u00a0 \u00a0 \u00a0 \u00a0 \u00a0 \u00a0 \u00a0 \u00a0 \u00a0 \u00a0 \u00a0 \u00a0 \u00a0 \u00a0 \u00a0 \u00a0 \u00a0 \u00a0 \u00a0 \u00a0 \u00a0 \u00a0 \u00a0 \u00a0 \u00a0 \u00a0 \u00a0 \u00a0 \u00a0 \u00a0 \u00a0 \u00a0 \u00a0 \u00a0 \u00a0 \u00a0 \u00a0 \u00a0 \u00a0 \u00a0\u00a0Weiter &gt;&gt; \u00a0 Sa 27.8.2005 \u00a0 P\u00fcnktlich um acht raus aus dem Bett und oje, Muskelkater ohne Ende. Als wir beide zum Fr\u00fchst\u00fcck die Treppe \u201ehinunterklettern\u201c, f\u00fchlen wir uns\u00a0 doppelt so alt wie wir sind. Nach dem Fr\u00fchst\u00fcck beschlie\u00dfen wir, heute einen Ruhetag einzulegen. Wir schnappen unsere Badesachen und fahren zur Cala De Pisada auf die Halbinsel Formentor. Finden einen der wenigen gratis Strassenparkpl\u00e4tze. F\u00fcnf Minuten Fu\u00dfweg und wir sind an einem der sch\u00f6nsten Str\u00e4nde Mallorcas. Feiner Sand und Pinien bis fast ans Wasser. \u00a0 \u00a0 \u00a0 F\u00fcr mich paradiesisch, auch mal in den Schatten wechseln zu k\u00f6nnen. Es ist erst um zehn und der Strand ist relativ leer. Herrliches hei\u00dfes Sommerwetter begleitet uns die n\u00e4chsten Stunden. Wir bleiben bis etwa um drei, essen im Strandrestaurant eine Kleinigkeit und fahren dann ziemlich geschlaucht wieder zur\u00fcck. Fahren nicht zum Hotel, sondern weiter die Bucht von Pollenca entlang bis kurz vor Alcudia. Hier machen wir eine Pause bei den Kitesurfern des Club Resorts. Der Wind ist sehr angenehm. \u00dcber den Bergen der Tramuntana bilden sich dicke Regenwolken. Ist aber nur eine kurze Episode, die wir gelassen aus der Ferne beobachten k\u00f6nnen. Nach zehn Minuten ist die Sonne wieder da, nur der Wind ist geblieben. Wir bleiben bis nach sechs am Strand liegen, die letzte halbe Stunde in Decken geh\u00fcllt. Halb sieben sind wir wieder im Hotel. Nach einer schnellen warmen Dusche geht es heute in eine China-Restaurant zu Ente und Fisch. Bier ist lauwarm und Essen auch nicht besonders zu empfehlen. Dazu die bescheuert dauergrinsende Bedienung; nochmal gehen wir hier nicht rein. Wir lassen den Ruhetag im RAF ausklingen und sind nach den obligatorischen Hotelbar-Absackern froh, im Bett zu liegen. Temperatur ist wieder unertr\u00e4glich hei\u00df. Irgendwann gewinnt die M\u00fcdigkeit die Oberhand. \u00a0 Gefahrene Kilometer: 36 \u00a0 \u00dcbernachtung: Hostal Paris, Porto Pollenca, *** \u00a0 &lt;&lt; Zur\u00fcck\u00a0 \u00a0 \u00a0 \u00a0 \u00a0 \u00a0 \u00a0 \u00a0 \u00a0 \u00a0 \u00a0 \u00a0 \u00a0 \u00a0 \u00a0 \u00a0 \u00a0 \u00a0 \u00a0 \u00a0 \u00a0 \u00a0 \u00a0 \u00a0 \u00a0 \u00a0 \u00a0 \u00a0 \u00a0 \u00a0 \u00a0 \u00a0 \u00a0 \u00a0 \u00a0 \u00a0 \u00a0 \u00a0 \u00a0 \u00a0 \u00a0 \u00a0 \u00a0 \u00a0 \u00a0 \u00a0 \u00a0 \u00a0 \u00a0 \u00a0 \u00a0 \u00a0 \u00a0 \u00a0 \u00a0 \u00a0 \u00a0 \u00a0 \u00a0 \u00a0 \u00a0 \u00a0 \u00a0 \u00a0 \u00a0 \u00a0 \u00a0 \u00a0 \u00a0 \u00a0 \u00a0 \u00a0 \u00a0 \u00a0 \u00a0 \u00a0 \u00a0 \u00a0 \u00a0 \u00a0 \u00a0 \u00a0 \u00a0 \u00a0 \u00a0 \u00a0 \u00a0 \u00a0 \u00a0 \u00a0 \u00a0 \u00a0 \u00a0 \u00a0 \u00a0 \u00a0 \u00a0 \u00a0 \u00a0 \u00a0 \u00a0\u00a0Weiter &gt;&gt;\u00a0<\/p>\n","protected":false},"author":1,"featured_media":0,"parent":0,"menu_order":4,"comment_status":"closed","ping_status":"closed","template":"","meta":{"footnotes":""},"class_list":["post-4734","page","type-page","status-publish","hentry"],"_links":{"self":[{"href":"https:\/\/welcome-ontour.de\/wordpress\/index.php\/wp-json\/wp\/v2\/pages\/4734","targetHints":{"allow":["GET"]}}],"collection":[{"href":"https:\/\/welcome-ontour.de\/wordpress\/index.php\/wp-json\/wp\/v2\/pages"}],"about":[{"href":"https:\/\/welcome-ontour.de\/wordpress\/index.php\/wp-json\/wp\/v2\/types\/page"}],"author":[{"embeddable":true,"href":"https:\/\/welcome-ontour.de\/wordpress\/index.php\/wp-json\/wp\/v2\/users\/1"}],"replies":[{"embeddable":true,"href":"https:\/\/welcome-ontour.de\/wordpress\/index.php\/wp-json\/wp\/v2\/comments?post=4734"}],"version-history":[{"count":5,"href":"https:\/\/welcome-ontour.de\/wordpress\/index.php\/wp-json\/wp\/v2\/pages\/4734\/revisions"}],"predecessor-version":[{"id":25807,"href":"https:\/\/welcome-ontour.de\/wordpress\/index.php\/wp-json\/wp\/v2\/pages\/4734\/revisions\/25807"}],"wp:attachment":[{"href":"https:\/\/welcome-ontour.de\/wordpress\/index.php\/wp-json\/wp\/v2\/media?parent=4734"}],"curies":[{"name":"wp","href":"https:\/\/api.w.org\/{rel}","templated":true}]}}