{"id":4701,"date":"2013-10-14T09:54:24","date_gmt":"2013-10-14T09:54:24","guid":{"rendered":"https:\/\/welcome-ontour.de\/wordpress\/index.php\/2005-08-23\/"},"modified":"2025-08-26T10:02:19","modified_gmt":"2025-08-26T10:02:19","slug":"2005-08-23","status":"publish","type":"page","link":"https:\/\/welcome-ontour.de\/wordpress\/index.php\/2005-08-23\/","title":{"rendered":"2005 08 23"},"content":{"rendered":"<p style=\"text-align: center;\"><span style=\"font-family: arial, helvetica, sans-serif; font-size: x-small;\"><a href=\"https:\/\/welcome-ontour.de\/wordpress\/index.php\/2005-08-22-prolog\/\">Prolog<\/a> \u00a0&#8211; \u00a0<a href=\"https:\/\/welcome-ontour.de\/wordpress\/index.php\/2005-08-23\/\">Anreise<\/a> \u00a0&#8211; \u00a0<a href=\"https:\/\/welcome-ontour.de\/wordpress\/index.php\/2005-08-24\/\">Kap Formentor<\/a> \u00a0&#8211; \u00a0<a href=\"https:\/\/welcome-ontour.de\/wordpress\/index.php\/2005-08-25\/\">Lluc\/Sa Calobra<\/a> \u00a0&#8211; \u00a0<a href=\"https:\/\/welcome-ontour.de\/wordpress\/index.php\/2005-08-26\/\">Torrent de Parres<\/a> \u00a0&#8211; \u00a0<a href=\"https:\/\/welcome-ontour.de\/wordpress\/index.php\/2005-08-27\/\">Cala de Pisada<\/a> \u00a0&#8211; \u00a0<a href=\"https:\/\/welcome-ontour.de\/wordpress\/index.php\/2005-08-28\/\">Soller\/Valdemossa<\/a> \u00a0&#8211; \u00a0<a href=\"https:\/\/welcome-ontour.de\/wordpress\/index.php\/2005-08-29\/\">Cala Baix<\/a> \u00a0&#8211; \u00a0<a href=\"https:\/\/welcome-ontour.de\/wordpress\/index.php\/2005-08-30\/\">R\u00fcckreise<\/a> \u00a0&#8211; \u00a0<a href=\"https:\/\/welcome-ontour.de\/wordpress\/index.php\/2005-08-31-fazit\/\">Fazit<\/a><\/span><\/p>\n<p style=\"text-align: center;\"><a style=\"font-family: arial, helvetica, sans-serif; font-size: small; line-height: 1.3em;\" href=\"http:\/\/www.welcome-ontour.de\/wordpress\/index.php\/2005-08-22\">&lt;&lt; Zur\u00fcck<\/a><span style=\"font-family: arial, helvetica, sans-serif; font-size: small; line-height: 1.3em;\">\u00a0 \u00a0 \u00a0 \u00a0 \u00a0 \u00a0 \u00a0 \u00a0 \u00a0 \u00a0 \u00a0 \u00a0 \u00a0 \u00a0 \u00a0 \u00a0 \u00a0 \u00a0 \u00a0 \u00a0 \u00a0 \u00a0 \u00a0 \u00a0 \u00a0 \u00a0 \u00a0 \u00a0 \u00a0 \u00a0 \u00a0 \u00a0 \u00a0 \u00a0 \u00a0 \u00a0 \u00a0 \u00a0 \u00a0 \u00a0 \u00a0 \u00a0 \u00a0 \u00a0 \u00a0 \u00a0 \u00a0 \u00a0 \u00a0 \u00a0 \u00a0 \u00a0 \u00a0 \u00a0 \u00a0 \u00a0 \u00a0 \u00a0 \u00a0 \u00a0 \u00a0 \u00a0 \u00a0 \u00a0 \u00a0 \u00a0 \u00a0 \u00a0 \u00a0 \u00a0 \u00a0 \u00a0 \u00a0 \u00a0 \u00a0 \u00a0 \u00a0 \u00a0 \u00a0 \u00a0 \u00a0 \u00a0 \u00a0 \u00a0 \u00a0 \u00a0 \u00a0 \u00a0 \u00a0 \u00a0 \u00a0 \u00a0 \u00a0 \u00a0 \u00a0 \u00a0 \u00a0 \u00a0 \u00a0 \u00a0 \u00a0\u00a0<\/span><a style=\"font-family: arial, helvetica, sans-serif; font-size: small; line-height: 1.3em;\" href=\"http:\/\/www.welcome-ontour.de\/wordpress\/index.php\/2005-08-24\">Weiter &gt;&gt;<\/a><\/p>\n<p style=\"text-align: center;\"><strong><span style=\"font-family: arial, helvetica, sans-serif; font-size: medium;\">\u00a0<\/span><\/strong><\/p>\n<p style=\"text-align: center;\"><strong style=\"line-height: 1.3em;\"><span style=\"font-family: arial, helvetica, sans-serif; font-size: medium;\">Di 23.8.2005<\/span><\/strong><\/p>\n<p style=\"text-align: center;\"><span style=\"font-family: arial, helvetica, sans-serif; font-size: medium;\">\u00a0<\/span><\/p>\n<p style=\"text-align: center;\"><span style=\"font-family: arial, helvetica, sans-serif; font-size: medium;\">Um vier wecken, eine halbe Stunde sp\u00e4ter sitzen wir bei Bonzo im Auto <\/span><\/p>\n<p style=\"text-align: center;\"><span style=\"font-family: arial, helvetica, sans-serif; font-size: medium;\">und sind knapp eine Stunde sp\u00e4ter in Tegel.<\/span><\/p>\n<p style=\"text-align: center;\"><span style=\"font-family: arial, helvetica, sans-serif; font-size: medium;\">Schon erstaunlich viel Betrieb hier.<\/span><\/p>\n<p style=\"text-align: center;\"><span style=\"font-family: arial, helvetica, sans-serif; font-size: medium;\">Beim Handgep\u00e4ck kontrollieren sind die Beamten wieder \u00fcbereifrig.<\/span><\/p>\n<p style=\"text-align: center;\"><span style=\"font-family: arial, helvetica, sans-serif; font-size: medium;\">Daher bildet sich rasch eine lange Schlange.<\/span><\/p>\n<p style=\"text-align: center;\"><span style=\"font-family: arial, helvetica, sans-serif; font-size: medium;\">Zehn nach sechs sitzen wir in <a href=\"http:\/\/www.airberlin.com\/de-DE\/site\/seatplan.php?seatTyp=B737_700&amp;LANG=deu\" target=\"_blank\" rel=\"noopener noreferrer\">Air Berlin&#8217;s 737<\/a> und viertel sieben sind wir in der Luft.<\/span><\/p>\n<p style=\"text-align: center;\"><span style=\"font-family: arial, helvetica, sans-serif; font-size: medium;\">Uns f\u00e4llt der angenehm gro\u00dfz\u00fcgige Sitzabstand auf, ich kann sogar die Beine ausstrecken.<\/span><\/p>\n<p style=\"text-align: center;\"><span style=\"font-family: arial, helvetica, sans-serif; font-size: medium;\">Es gibt recht schnell Fr\u00fchst\u00fcck und schmecken tut\u2018s auch.<\/span><\/p>\n<p style=\"text-align: center;\"><span style=\"font-family: arial, helvetica, sans-serif; font-size: medium;\">Die Zeit vergeht wie im Flug.<\/span><\/p>\n<p style=\"text-align: center;\"><span style=\"font-family: arial, helvetica, sans-serif; font-size: medium;\">8:40 Uhr erreichen wir die mallorquinische K\u00fcste und 5min sp\u00e4ter <\/span><\/p>\n<p style=\"text-align: center;\"><span style=\"font-family: arial, helvetica, sans-serif; font-size: medium;\">setzen wir auf dem <a href=\"http:\/\/www.aena-aeropuertos.es\/csee\/Satellite\/Aeropuerto-Palma-Mallorca\/de\/\" target=\"_blank\" rel=\"noopener noreferrer\">Flughafen Saint Joan<\/a> in Palma auf.<\/span><\/p>\n<p style=\"text-align: center;\"><span style=\"font-family: arial, helvetica, sans-serif; font-size: medium;\">Ute hat wieder leichte Ohrenschmerzen.<\/span><\/p>\n<p style=\"text-align: center;\"><span style=\"font-family: arial, helvetica, sans-serif; font-size: medium;\">Koffer holen dauert zehn Minuten.<\/span><\/p>\n<p style=\"text-align: center;\"><span style=\"font-family: arial, helvetica, sans-serif; font-size: medium;\">Um uns rum haufenweise Urlauber, die offensichtlich zum Abfeiern hier sind.<\/span><\/p>\n<p style=\"text-align: center;\"><span style=\"font-family: arial, helvetica, sans-serif; font-size: medium;\">Ab zum Mietwagenschalter, um dort etwa eine Stunde anzustehen.<\/span><\/p>\n<p style=\"text-align: center;\"><span style=\"font-family: arial, helvetica, sans-serif; font-size: medium;\">Angeblich ist der Computer so langsam, ha ha \u2026<\/span><\/p>\n<p style=\"text-align: center;\"><span style=\"font-family: arial, helvetica, sans-serif; font-size: medium;\">Nach Vorlage unseres Vouchers bekommen wir die Schl\u00fcssel eines <a href=\"http:\/\/de.wikipedia.org\/wiki\/Citro%C3%ABn_C3\" target=\"_blank\" rel=\"noopener noreferrer\">Citroen C3<\/a>, <\/span><\/p>\n<p style=\"text-align: center;\"><span style=\"font-family: arial, helvetica, sans-serif; font-size: medium;\">der gegen\u00fcber im Parkhaus auf uns wartet.<\/span><\/p>\n<p style=\"text-align: center;\"><span style=\"font-family: arial, helvetica, sans-serif; font-size: medium;\">Also raus aus dem Terminal und gleich mal eins auf die Birne.<\/span><\/p>\n<p style=\"text-align: center;\"><span style=\"font-family: arial, helvetica, sans-serif; font-size: medium;\">Gesch\u00e4tzte 35\u00b0C und das etwa halb elf.<\/span><\/p>\n<p style=\"text-align: center;\"><span style=\"font-family: arial, helvetica, sans-serif; font-size: medium;\">Das Auto haben wir schnell gefunden und im Nu <\/span><\/p>\n<p style=\"text-align: center;\"><span style=\"font-family: arial, helvetica, sans-serif; font-size: medium;\">sind wir auf der Schnellstra\u00dfe nach Norden in Richtung Alcudia.<\/span><\/p>\n<p style=\"text-align: center;\"><span style=\"font-family: arial, helvetica, sans-serif; font-size: medium;\">Der C3 l\u00e4uft wie eine Biene und die Klimaanlage ist ein Segen.<\/span><\/p>\n<p style=\"text-align: center;\"><span style=\"font-family: arial, helvetica, sans-serif; font-size: medium;\">Links sehen wir die Sierra Tramuntana, auf die wir uns schon freuen.<\/span><\/p>\n<p style=\"text-align: center;\"><span style=\"font-family: arial, helvetica, sans-serif; font-size: medium;\">Kurz vor zw\u00f6lf sind wir in Porto Pollenca, unserem Ferienort.<\/span><\/p>\n<p style=\"text-align: center;\"><span style=\"font-family: arial, helvetica, sans-serif; font-size: medium;\">Das <a href=\"http:\/\/www.hostal-paris.es\/home.html\" target=\"_blank\" rel=\"noopener noreferrer\">Hotel Paris<\/a> finden wir in wenigen Minuten.<\/span><\/p>\n<p style=\"text-align: center;\"><span style=\"font-family: arial, helvetica, sans-serif; font-size: medium;\">Ein kleines Hostal, zwei Querstrassen von Beach und Promenade.<\/span><\/p>\n<p style=\"text-align: center;\"><span style=\"font-family: arial, helvetica, sans-serif; font-size: medium;\">Parken vorm Haus \u2013 Fehlanzeige, einen Parkplatz o.\u00e4. gibt es hier auch nicht.<\/span><\/p>\n<p style=\"text-align: center;\"><span style=\"font-family: arial, helvetica, sans-serif; font-size: medium;\">Also frech direkt vorm Hoteleingang geparkt, Check In und Klamotten auf\u2019s Zimmer.<\/span><\/p>\n<p style=\"text-align: center;\"><span style=\"font-family: arial, helvetica, sans-serif; font-size: medium;\">Unsere Bleibe f\u00fcr die kommenden Tage ist im dritten Stock, einen Aufzug gibt es nicht.<\/span><\/p>\n<p style=\"text-align: center;\"><span style=\"font-family: arial, helvetica, sans-serif; font-size: medium;\">Hinter der T\u00fcr erwartet uns ein kleines Zimmer; Dusche \u2013 WC \u2013 Bett \u2013 Schrank \u2013 Balkon \u2013 das war\u2019s.<\/span><\/p>\n<p style=\"text-align: center;\"><span style=\"font-family: arial, helvetica, sans-serif; font-size: medium;\">K\u00fchlschrank oder gar Klimaanlage sucht man vergeblich, aber das wussten wir vorher.<\/span><\/p>\n<p style=\"text-align: center;\"><span style=\"font-family: arial, helvetica, sans-serif; font-size: medium;\">Wir ziehen sofort Badezeug, schwingen uns ins Auto und verschwinden aus dem Ort.<\/span><\/p>\n<p style=\"text-align: center;\"><span style=\"font-family: arial, helvetica, sans-serif; font-size: medium;\">Nicht ohne vorher noch im Supermarkt (angenehm k\u00fchles Parkhaus) Getr\u00e4nke und Futter f\u00fcrs erste zu besorgen.<\/span><\/p>\n<p style=\"text-align: center;\"><span style=\"font-family: arial, helvetica, sans-serif; font-size: medium;\">Dann geht es schnurstracks zur Cala St. Vincente, einer kleinen Steinbucht, ca. 5km entfernt.<\/span><\/p>\n<p style=\"text-align: center;\"><span style=\"font-family: arial, helvetica, sans-serif; font-size: medium;\">Dort gibt es eine wunderbare Erstversorgung mit Oliven, Muscheln, Knoblauch, Thunfisch und Baguette.<\/span><\/p>\n<p style=\"text-align: center;\"><span style=\"font-family: arial, helvetica, sans-serif; font-size: medium;\">Wieder in Porto Pollenca haben wir uns den Ort angeschaut und nach einer kurzen Siesta <\/span><\/p>\n<p style=\"text-align: center;\"><span style=\"font-family: arial, helvetica, sans-serif; font-size: medium;\">sind wir die Hafenpromenade einmal hoch und runter gewatschelt.<\/span><\/p>\n<p style=\"text-align: center;\"><span style=\"font-family: arial, helvetica, sans-serif; font-size: medium;\">\u00a0<\/span><\/p>\n<p style=\"text-align: center;\"><span style=\"font-family: arial, helvetica, sans-serif; font-size: medium;\"><a href=\"https:\/\/welcome-ontour.de\/wordpress\/wp-content\/uploads\/2013\/10\/phoca_thumb_l_2005-08-23-01.jpg\" target=\"_blank\" rel=\"noopener noreferrer\"><img decoding=\"async\" class=\"size-full wp-image-4700 aligncenter\" title=\"Porto Pollenca Promenade\" src=\"https:\/\/welcome-ontour.de\/wordpress\/wp-content\/uploads\/2013\/10\/phoca_thumb_l_2005-08-23-01.jpg\" width=\"600\" height=\"385\" border=\"0\" srcset=\"https:\/\/welcome-ontour.de\/wordpress\/wp-content\/uploads\/2013\/10\/phoca_thumb_l_2005-08-23-01.jpg 1400w, https:\/\/welcome-ontour.de\/wordpress\/wp-content\/uploads\/2013\/10\/phoca_thumb_l_2005-08-23-01-300x193.jpg 300w, https:\/\/welcome-ontour.de\/wordpress\/wp-content\/uploads\/2013\/10\/phoca_thumb_l_2005-08-23-01-1024x658.jpg 1024w, https:\/\/welcome-ontour.de\/wordpress\/wp-content\/uploads\/2013\/10\/phoca_thumb_l_2005-08-23-01-768x493.jpg 768w\" sizes=\"(max-width: 600px) 100vw, 600px\" \/><\/a><\/span><\/p>\n<p style=\"text-align: center;\"><span style=\"font-family: arial, helvetica, sans-serif; font-size: medium;\">\u00a0<\/span><\/p>\n<p style=\"text-align: center;\"><span style=\"font-family: arial, helvetica, sans-serif; font-size: medium;\">Den gem\u00fctlichen Cafe Con Leche gab es vorm Daina Hotel.<\/span><\/p>\n<p style=\"text-align: center;\"><span style=\"font-family: arial, helvetica, sans-serif; font-size: medium;\">Wir sind erstaunt, dass hier kaum Deutsche anzutreffen sind <\/span><\/p>\n<p style=\"text-align: center;\"><span style=\"font-family: arial, helvetica, sans-serif; font-size: medium;\">und auch die Shops und Stores sind nicht wirklich auf Germans eingestellt.<\/span><\/p>\n<p style=\"text-align: center;\"><span style=\"font-family: arial, helvetica, sans-serif; font-size: medium;\">Etwa 90% der Urlauber sind Briten und dann auch fast nur Familien mit Kindern und Gro\u00dfeltern.<\/span><\/p>\n<p style=\"text-align: center;\"><span style=\"font-family: arial, helvetica, sans-serif; font-size: medium;\">Eine recht angenehme Atmosph\u00e4re v\u00f6llig ohne Sauftrupps und Trinkgelage.<\/span><\/p>\n<p style=\"text-align: center;\"><span style=\"font-family: arial, helvetica, sans-serif; font-size: medium;\">In einem kleinen Restaurant am Hafen essen wir zu Abend.<\/span><\/p>\n<p style=\"text-align: center;\"><span style=\"font-family: arial, helvetica, sans-serif; font-size: medium;\">Beide je eine lecker gegrillte Seezunge mit Oliven, Wei\u00dfbrot und Allioli.<\/span><\/p>\n<p style=\"text-align: center;\"><span style=\"font-family: arial, helvetica, sans-serif; font-size: medium;\">Im Hotel nehmen wir noch einen mallorquinischen Hierbas an der Bar.<\/span><\/p>\n<p style=\"text-align: center;\"><span style=\"font-family: arial, helvetica, sans-serif; font-size: medium;\">Es ist 23:00, immer noch dr\u00fcckend hei\u00df und wir sitzen auf unserem Balkon.<\/span><\/p>\n<p style=\"text-align: center;\"><span style=\"font-family: arial, helvetica, sans-serif; font-size: medium;\">Selbst nachts werden es nicht unter 25\u00b0, Schlafanzug umsonst mitgenommen.<\/span><\/p>\n<p style=\"text-align: center;\"><span style=\"font-family: arial, helvetica, sans-serif; font-size: medium;\">\u00a0<\/span><\/p>\n<p style=\"text-align: center;\"><span style=\"font-family: arial, helvetica, sans-serif; font-size: medium;\">Gefahrene Kilometer: 99<\/span><\/p>\n<p style=\"text-align: center;\"><span style=\"font-family: arial, helvetica, sans-serif; font-size: medium;\">\u00a0<\/span><\/p>\n<p style=\"text-align: center;\"><span style=\"font-family: arial, helvetica, sans-serif; font-size: medium;\">\u00dcbernachtung: <a href=\"http:\/\/www.hostal-paris.es\/home.html\" target=\"_blank\" rel=\"noopener noreferrer\">Hostal Paris<\/a>, Porto Pollenca, ***<\/span><\/p>\n<p style=\"text-align: center;\"><span style=\"font-family: arial, helvetica, sans-serif; font-size: medium;\">\u00a0<\/span><\/p>\n<p style=\"text-align: center;\"><span style=\"font-family: arial, helvetica, sans-serif; font-size: small;\"><a href=\"http:\/\/www.welcome-ontour.de\/wordpress\/index.php\/2005-08-22\">&lt;&lt; Zur\u00fcck<\/a>\u00a0 \u00a0 \u00a0 \u00a0 \u00a0 \u00a0 \u00a0 \u00a0 \u00a0 \u00a0 \u00a0 \u00a0 \u00a0 \u00a0 \u00a0 \u00a0 \u00a0 \u00a0 \u00a0 \u00a0 \u00a0 \u00a0 \u00a0 \u00a0 \u00a0 \u00a0 \u00a0 \u00a0 \u00a0 \u00a0 \u00a0 \u00a0 \u00a0 \u00a0 \u00a0 \u00a0 \u00a0 \u00a0 \u00a0 \u00a0 \u00a0 \u00a0 \u00a0 \u00a0 \u00a0 \u00a0 \u00a0 \u00a0 \u00a0 \u00a0 \u00a0 \u00a0 \u00a0 \u00a0 \u00a0 \u00a0 \u00a0 \u00a0 \u00a0 \u00a0 \u00a0 \u00a0 \u00a0 \u00a0 \u00a0 \u00a0 \u00a0 \u00a0 \u00a0 \u00a0 \u00a0 \u00a0 \u00a0 \u00a0 \u00a0 \u00a0 \u00a0 \u00a0 \u00a0 \u00a0 \u00a0 \u00a0 \u00a0 \u00a0 \u00a0 \u00a0 \u00a0 \u00a0 \u00a0 \u00a0 \u00a0 \u00a0 \u00a0 \u00a0 \u00a0 \u00a0 \u00a0 \u00a0 \u00a0 \u00a0 \u00a0\u00a0<a href=\"http:\/\/www.welcome-ontour.de\/wordpress\/index.php\/2005-08-24\">Weiter &gt;&gt;<\/a><\/span><\/p>\n","protected":false},"excerpt":{"rendered":"<p>Prolog \u00a0&#8211; \u00a0Anreise \u00a0&#8211; \u00a0Kap Formentor \u00a0&#8211; \u00a0Lluc\/Sa Calobra \u00a0&#8211; \u00a0Torrent de Parres \u00a0&#8211; \u00a0Cala de Pisada \u00a0&#8211; \u00a0Soller\/Valdemossa \u00a0&#8211; \u00a0Cala Baix \u00a0&#8211; \u00a0R\u00fcckreise \u00a0&#8211; \u00a0Fazit &lt;&lt; Zur\u00fcck\u00a0 \u00a0 \u00a0 \u00a0 \u00a0 \u00a0 \u00a0 \u00a0 \u00a0 \u00a0 \u00a0 \u00a0 \u00a0 \u00a0 \u00a0 \u00a0 \u00a0 \u00a0 \u00a0 \u00a0 \u00a0 \u00a0 \u00a0 \u00a0 \u00a0 \u00a0 \u00a0 \u00a0 \u00a0 \u00a0 \u00a0 \u00a0 \u00a0 \u00a0 \u00a0 \u00a0 \u00a0 \u00a0 \u00a0 \u00a0 \u00a0 \u00a0 \u00a0 \u00a0 \u00a0 \u00a0 \u00a0 \u00a0 \u00a0 \u00a0 \u00a0 \u00a0 \u00a0 \u00a0 \u00a0 \u00a0 \u00a0 \u00a0 \u00a0 \u00a0 \u00a0 \u00a0 \u00a0 \u00a0 \u00a0 \u00a0 \u00a0 \u00a0 \u00a0 \u00a0 \u00a0 \u00a0 \u00a0 \u00a0 \u00a0 \u00a0 \u00a0 \u00a0 \u00a0 \u00a0 \u00a0 \u00a0 \u00a0 \u00a0 \u00a0 \u00a0 \u00a0 \u00a0 \u00a0 \u00a0 \u00a0 \u00a0 \u00a0 \u00a0 \u00a0 \u00a0 \u00a0 \u00a0 \u00a0 \u00a0 \u00a0\u00a0Weiter &gt;&gt; \u00a0 Di 23.8.2005 \u00a0 Um vier wecken, eine halbe Stunde sp\u00e4ter sitzen wir bei Bonzo im Auto und sind knapp eine Stunde sp\u00e4ter in Tegel. Schon erstaunlich viel Betrieb hier. Beim Handgep\u00e4ck kontrollieren sind die Beamten wieder \u00fcbereifrig. Daher bildet sich rasch eine lange Schlange. Zehn nach sechs sitzen wir in Air Berlin&#8217;s 737 und viertel sieben sind wir in der Luft. Uns f\u00e4llt der angenehm gro\u00dfz\u00fcgige Sitzabstand auf, ich kann sogar die Beine ausstrecken. Es gibt recht schnell Fr\u00fchst\u00fcck und schmecken tut\u2018s auch. Die Zeit vergeht wie im Flug. 8:40 Uhr erreichen wir die mallorquinische K\u00fcste und 5min sp\u00e4ter setzen wir auf dem Flughafen Saint Joan in Palma auf. Ute hat wieder leichte Ohrenschmerzen. Koffer holen dauert zehn Minuten. Um uns rum haufenweise Urlauber, die offensichtlich zum Abfeiern hier sind. Ab zum Mietwagenschalter, um dort etwa eine Stunde anzustehen. Angeblich ist der Computer so langsam, ha ha \u2026 Nach Vorlage unseres Vouchers bekommen wir die Schl\u00fcssel eines Citroen C3, der gegen\u00fcber im Parkhaus auf uns wartet. Also raus aus dem Terminal und gleich mal eins auf die Birne. Gesch\u00e4tzte 35\u00b0C und das etwa halb elf. Das Auto haben wir schnell gefunden und im Nu sind wir auf der Schnellstra\u00dfe nach Norden in Richtung Alcudia. Der C3 l\u00e4uft wie eine Biene und die Klimaanlage ist ein Segen. Links sehen wir die Sierra Tramuntana, auf die wir uns schon freuen. Kurz vor zw\u00f6lf sind wir in Porto Pollenca, unserem Ferienort. Das Hotel Paris finden wir in wenigen Minuten. Ein kleines Hostal, zwei Querstrassen von Beach und Promenade. Parken vorm Haus \u2013 Fehlanzeige, einen Parkplatz o.\u00e4. gibt es hier auch nicht. Also frech direkt vorm Hoteleingang geparkt, Check In und Klamotten auf\u2019s Zimmer. Unsere Bleibe f\u00fcr die kommenden Tage ist im dritten Stock, einen Aufzug gibt es nicht. Hinter der T\u00fcr erwartet uns ein kleines Zimmer; Dusche \u2013 WC \u2013 Bett \u2013 Schrank \u2013 Balkon \u2013 das war\u2019s. K\u00fchlschrank oder gar Klimaanlage sucht man vergeblich, aber das wussten wir vorher. Wir ziehen sofort Badezeug, schwingen uns ins Auto und verschwinden aus dem Ort. Nicht ohne vorher noch im Supermarkt (angenehm k\u00fchles Parkhaus) Getr\u00e4nke und Futter f\u00fcrs erste zu besorgen. Dann geht es schnurstracks zur Cala St. Vincente, einer kleinen Steinbucht, ca. 5km entfernt. Dort gibt es eine wunderbare Erstversorgung mit Oliven, Muscheln, Knoblauch, Thunfisch und Baguette. Wieder in Porto Pollenca haben wir uns den Ort angeschaut und nach einer kurzen Siesta sind wir die Hafenpromenade einmal hoch und runter gewatschelt. \u00a0 \u00a0 Den gem\u00fctlichen Cafe Con Leche gab es vorm Daina Hotel. Wir sind erstaunt, dass hier kaum Deutsche anzutreffen sind und auch die Shops und Stores sind nicht wirklich auf Germans eingestellt. Etwa 90% der Urlauber sind Briten und dann auch fast nur Familien mit Kindern und Gro\u00dfeltern. Eine recht angenehme Atmosph\u00e4re v\u00f6llig ohne Sauftrupps und Trinkgelage. In einem kleinen Restaurant am Hafen essen wir zu Abend. Beide je eine lecker gegrillte Seezunge mit Oliven, Wei\u00dfbrot und Allioli. Im Hotel nehmen wir noch einen mallorquinischen Hierbas an der Bar. Es ist 23:00, immer noch dr\u00fcckend hei\u00df und wir sitzen auf unserem Balkon. Selbst nachts werden es nicht unter 25\u00b0, Schlafanzug umsonst mitgenommen. \u00a0 Gefahrene Kilometer: 99 \u00a0 \u00dcbernachtung: Hostal Paris, Porto Pollenca, *** \u00a0 &lt;&lt; Zur\u00fcck\u00a0 \u00a0 \u00a0 \u00a0 \u00a0 \u00a0 \u00a0 \u00a0 \u00a0 \u00a0 \u00a0 \u00a0 \u00a0 \u00a0 \u00a0 \u00a0 \u00a0 \u00a0 \u00a0 \u00a0 \u00a0 \u00a0 \u00a0 \u00a0 \u00a0 \u00a0 \u00a0 \u00a0 \u00a0 \u00a0 \u00a0 \u00a0 \u00a0 \u00a0 \u00a0 \u00a0 \u00a0 \u00a0 \u00a0 \u00a0 \u00a0 \u00a0 \u00a0 \u00a0 \u00a0 \u00a0 \u00a0 \u00a0 \u00a0 \u00a0 \u00a0 \u00a0 \u00a0 \u00a0 \u00a0 \u00a0 \u00a0 \u00a0 \u00a0 \u00a0 \u00a0 \u00a0 \u00a0 \u00a0 \u00a0 \u00a0 \u00a0 \u00a0 \u00a0 \u00a0 \u00a0 \u00a0 \u00a0 \u00a0 \u00a0 \u00a0 \u00a0 \u00a0 \u00a0 \u00a0 \u00a0 \u00a0 \u00a0 \u00a0 \u00a0 \u00a0 \u00a0 \u00a0 \u00a0 \u00a0 \u00a0 \u00a0 \u00a0 \u00a0 \u00a0 \u00a0 \u00a0 \u00a0 \u00a0 \u00a0 \u00a0\u00a0Weiter &gt;&gt;<\/p>\n","protected":false},"author":1,"featured_media":0,"parent":0,"menu_order":8,"comment_status":"closed","ping_status":"closed","template":"","meta":{"footnotes":""},"class_list":["post-4701","page","type-page","status-publish","hentry"],"_links":{"self":[{"href":"https:\/\/welcome-ontour.de\/wordpress\/index.php\/wp-json\/wp\/v2\/pages\/4701","targetHints":{"allow":["GET"]}}],"collection":[{"href":"https:\/\/welcome-ontour.de\/wordpress\/index.php\/wp-json\/wp\/v2\/pages"}],"about":[{"href":"https:\/\/welcome-ontour.de\/wordpress\/index.php\/wp-json\/wp\/v2\/types\/page"}],"author":[{"embeddable":true,"href":"https:\/\/welcome-ontour.de\/wordpress\/index.php\/wp-json\/wp\/v2\/users\/1"}],"replies":[{"embeddable":true,"href":"https:\/\/welcome-ontour.de\/wordpress\/index.php\/wp-json\/wp\/v2\/comments?post=4701"}],"version-history":[{"count":5,"href":"https:\/\/welcome-ontour.de\/wordpress\/index.php\/wp-json\/wp\/v2\/pages\/4701\/revisions"}],"predecessor-version":[{"id":25801,"href":"https:\/\/welcome-ontour.de\/wordpress\/index.php\/wp-json\/wp\/v2\/pages\/4701\/revisions\/25801"}],"wp:attachment":[{"href":"https:\/\/welcome-ontour.de\/wordpress\/index.php\/wp-json\/wp\/v2\/media?parent=4701"}],"curies":[{"name":"wp","href":"https:\/\/api.w.org\/{rel}","templated":true}]}}