{"id":4699,"date":"2013-10-14T09:53:09","date_gmt":"2013-10-14T09:53:09","guid":{"rendered":"https:\/\/welcome-ontour.de\/wordpress\/index.php\/2005-08-22-prolog\/"},"modified":"2025-08-26T09:59:46","modified_gmt":"2025-08-26T09:59:46","slug":"2005-08-22-prolog","status":"publish","type":"page","link":"https:\/\/welcome-ontour.de\/wordpress\/index.php\/2005-08-22-prolog\/","title":{"rendered":"2005 08 22 prolog"},"content":{"rendered":"<p style=\"text-align: center;\"><span style=\"font-family: arial, helvetica, sans-serif; font-size: x-small;\"><a href=\"https:\/\/welcome-ontour.de\/wordpress\/index.php\/2005-08-22-prolog\/\">Prolog<\/a> \u00a0&#8211; \u00a0<a href=\"https:\/\/welcome-ontour.de\/wordpress\/index.php\/2005-08-23\/\">Anreise<\/a> \u00a0&#8211; \u00a0<a href=\"https:\/\/welcome-ontour.de\/wordpress\/index.php\/2005-08-24\/\">Kap Formentor<\/a> \u00a0&#8211; \u00a0<a href=\"https:\/\/welcome-ontour.de\/wordpress\/index.php\/2005-08-25\/\">Lluc\/Sa Calobra<\/a> \u00a0&#8211; \u00a0<a href=\"https:\/\/welcome-ontour.de\/wordpress\/index.php\/2005-08-26\/\">Torrent de Parres<\/a> \u00a0&#8211; \u00a0<a href=\"https:\/\/welcome-ontour.de\/wordpress\/index.php\/2005-08-27\/\">Cala de Pisada<\/a> \u00a0&#8211; \u00a0<a href=\"https:\/\/welcome-ontour.de\/wordpress\/index.php\/2005-08-28\/\">Soller\/Valdemossa<\/a> \u00a0&#8211; \u00a0<a href=\"https:\/\/welcome-ontour.de\/wordpress\/index.php\/2005-08-29\/\">Cala Baix<\/a> \u00a0&#8211; \u00a0<a href=\"https:\/\/welcome-ontour.de\/wordpress\/index.php\/2005-08-30\/\">R\u00fcckreise<\/a> \u00a0&#8211; \u00a0<a href=\"https:\/\/welcome-ontour.de\/wordpress\/index.php\/2005-08-31-fazit\/\">Fazit<\/a><\/span><\/p>\n<p style=\"text-align: center;\"><span style=\"font-family: arial, helvetica, sans-serif; font-size: small;\">\u00a0<\/span><\/p>\n<p style=\"text-align: center;\"><span style=\"font-family: arial, helvetica, sans-serif; font-size: small;\"><a href=\"https:\/\/welcome-ontour.de\/wordpress\/index.php\/reiseberichte\/\">&lt;&lt; Reiseberichte<\/a>\u00a0 \u00a0 \u00a0 \u00a0 \u00a0 \u00a0 \u00a0 \u00a0 \u00a0 \u00a0 \u00a0 \u00a0 \u00a0 \u00a0 \u00a0 \u00a0 \u00a0 \u00a0 \u00a0 \u00a0 \u00a0 \u00a0 \u00a0 \u00a0 \u00a0 \u00a0 \u00a0 \u00a0 \u00a0 \u00a0 \u00a0 \u00a0 \u00a0 \u00a0 \u00a0 \u00a0 \u00a0 \u00a0 \u00a0 \u00a0 \u00a0 \u00a0 \u00a0 \u00a0 \u00a0 \u00a0 \u00a0 \u00a0 \u00a0 \u00a0 \u00a0 \u00a0 \u00a0 \u00a0 \u00a0 \u00a0 \u00a0 \u00a0 \u00a0 \u00a0 \u00a0 \u00a0 \u00a0 \u00a0 \u00a0 \u00a0 \u00a0 \u00a0 \u00a0 \u00a0 \u00a0 \u00a0 \u00a0 \u00a0 \u00a0 \u00a0 \u00a0 \u00a0 \u00a0 \u00a0 \u00a0 \u00a0 \u00a0 \u00a0 \u00a0 \u00a0 \u00a0 \u00a0 \u00a0 \u00a0 \u00a0 \u00a0 \u00a0 \u00a0 \u00a0 \u00a0 \u00a0<a href=\"https:\/\/welcome-ontour.de\/wordpress\/index.php\/2005-08-23\/\">Weiter &gt;&gt;<\/a><\/span><\/p>\n<p style=\"text-align: center;\"><span style=\"font-family: arial, helvetica, sans-serif; font-size: medium;\">\u00a0<\/span><\/p>\n<p style=\"text-align: center;\"><strong><span style=\"font-family: arial, helvetica, sans-serif; font-size: xx-large;\">Eight Days A Week<\/span><\/strong><\/p>\n<p style=\"text-align: center;\"><span style=\"font-size: x-large;\"><strong><span style=\"font-family: arial, helvetica, sans-serif;\">\u00a0<\/span><\/strong><\/span><\/p>\n<p style=\"text-align: center;\"><span style=\"font-size: x-large;\"><strong><span style=\"font-family: arial, helvetica, sans-serif;\">Mallorca 2005<\/span><\/strong><\/span><\/p>\n<p style=\"text-align: center;\"><span style=\"font-family: arial, helvetica, sans-serif; font-size: medium;\">\u00a0<\/span><\/p>\n<p style=\"text-align: center;\"><span style=\"font-family: arial, helvetica, sans-serif; font-size: medium;\">\u00a0<\/span><\/p>\n<p style=\"text-align: center;\"><span style=\"font-family: arial, helvetica, sans-serif; font-size: medium;\">Mallorca, des Deutschen Lieblingsinsel.<\/span><\/p>\n<p style=\"text-align: center;\"><span style=\"font-family: arial, helvetica, sans-serif; font-size: medium;\">Kegelklub-gef\u00fcllte Str\u00e4nde und Saufgelage rund um die Uhr <\/span><\/p>\n<p style=\"text-align: center;\"><span style=\"font-family: arial, helvetica, sans-serif; font-size: medium;\">kontra mediterraner Berglandschaften und traumhaftem Wetter.<\/span><\/p>\n<p style=\"text-align: center;\"><span style=\"font-family: arial, helvetica, sans-serif; font-size: medium;\">Zeit, sich selbst ein Urteil zu bilden.<\/span><\/p>\n<p style=\"text-align: center;\"><span style=\"font-family: arial, helvetica, sans-serif; font-size: medium;\">2005 ist es soweit.<\/span><\/p>\n<p style=\"text-align: center;\"><span style=\"font-family: arial, helvetica, sans-serif; font-size: medium;\">Wir verschreiben uns acht Tage Inselurlaub und sind gespannt was uns erwartet.<\/span><\/p>\n<p style=\"text-align: center;\"><span style=\"font-family: arial, helvetica, sans-serif; font-size: medium;\">\u00a0<\/span><\/p>\n<p style=\"text-align: center;\"><a href=\"https:\/\/welcome-ontour.de\/wordpress\/wp-content\/uploads\/2013\/10\/phoca_thumb_l_2005-08-22-02-weiss.png\" target=\"_blank\" rel=\"noopener noreferrer\"><span style=\"font-family: arial, helvetica, sans-serif; font-size: medium;\"><img decoding=\"async\" class=\"size-full wp-image-4697 aligncenter\" title=\"Mallorca\" src=\"https:\/\/welcome-ontour.de\/wordpress\/wp-content\/uploads\/2013\/10\/phoca_thumb_l_2005-08-22-01-blau.png\" width=\"950\" height=\"675\" border=\"0\" srcset=\"https:\/\/welcome-ontour.de\/wordpress\/wp-content\/uploads\/2013\/10\/phoca_thumb_l_2005-08-22-01-blau.png 1205w, https:\/\/welcome-ontour.de\/wordpress\/wp-content\/uploads\/2013\/10\/phoca_thumb_l_2005-08-22-01-blau-300x213.png 300w, https:\/\/welcome-ontour.de\/wordpress\/wp-content\/uploads\/2013\/10\/phoca_thumb_l_2005-08-22-01-blau-1024x727.png 1024w, https:\/\/welcome-ontour.de\/wordpress\/wp-content\/uploads\/2013\/10\/phoca_thumb_l_2005-08-22-01-blau-768x546.png 768w\" sizes=\"(max-width: 950px) 100vw, 950px\" \/><\/span><\/a><\/p>\n<p style=\"text-align: center;\"><span style=\"font-family: arial, helvetica, sans-serif; font-size: medium;\">\u00a0<\/span><\/p>\n<p style=\"text-align: center;\"><span style=\"font-family: arial, helvetica, sans-serif; font-size: medium;\">\u00a0<\/span><\/p>\n<p style=\"text-align: center;\"><strong><span style=\"font-family: arial, helvetica, sans-serif; font-size: medium;\">Mo 22.08.2005<\/span><\/strong><\/p>\n<p style=\"text-align: center;\"><span style=\"font-family: arial, helvetica, sans-serif; font-size: medium;\">\u00a0<\/span><\/p>\n<p style=\"text-align: center;\"><span style=\"font-family: arial, helvetica, sans-serif; font-size: medium;\">Nutzen die M\u00f6glichkeit des Vorabendchecks bei <a href=\"http:\/\/www.airberlin.com\/de-DE\/site\/start.php\" target=\"_blank\" rel=\"noopener noreferrer\">Air Berlin<\/a> und bringen unsere Koffer 18:00 nach <a href=\"http:\/\/www.berlin-airport.de\/en\/travellers-txl\/at-the-airport\/airport-map\/index.php\" target=\"_blank\" rel=\"noopener noreferrer\">Tegel<\/a>.<\/span><\/p>\n<p style=\"text-align: center;\"><span style=\"font-family: arial, helvetica, sans-serif; font-size: medium;\">Geht echt schnell.<\/span><\/p>\n<p style=\"text-align: center;\"><span style=\"font-family: arial, helvetica, sans-serif; font-size: medium;\">Ich stell das Auto im Parkverbot ab, Ute bleibt so lange im Wagen.<\/span><\/p>\n<p style=\"text-align: center;\"><span style=\"font-family: arial, helvetica, sans-serif; font-size: medium;\">Nach zehn Minuten bin ich ohne Koffer zur\u00fcck.<\/span><\/p>\n<p style=\"text-align: center;\"><span style=\"font-family: arial, helvetica, sans-serif; font-size: medium;\">Somit brauchen wir morgen fr\u00fch erst eine halbe Stunde vor Abflug hier sein <\/span><\/p>\n<p style=\"text-align: center;\"><span style=\"font-family: arial, helvetica, sans-serif; font-size: medium;\">und hatten au\u00dferdem noch eine gute Platzauswahl.<\/span><\/p>\n<p style=\"text-align: center;\"><span style=\"font-family: arial, helvetica, sans-serif; font-size: medium;\">Um sieben sind wir wieder zu Hause.<\/span><\/p>\n<p style=\"text-align: center;\"><span style=\"font-family: arial, helvetica, sans-serif; font-size: medium;\">\u00a0<\/span><\/p>\n<p style=\"text-align: center;\"><span style=\"font-family: arial, helvetica, sans-serif; font-size: small;\"><a href=\"https:\/\/welcome-ontour.de\/wordpress\/index.php\/reiseberichte\/\">&lt;&lt; Reiseberichte<\/a>\u00a0 \u00a0 \u00a0 \u00a0 \u00a0 \u00a0 \u00a0 \u00a0 \u00a0 \u00a0 \u00a0 \u00a0 \u00a0 \u00a0 \u00a0 \u00a0 \u00a0 \u00a0 \u00a0 \u00a0 \u00a0 \u00a0 \u00a0 \u00a0 \u00a0 \u00a0 \u00a0 \u00a0 \u00a0 \u00a0 \u00a0 \u00a0 \u00a0 \u00a0 \u00a0 \u00a0 \u00a0 \u00a0 \u00a0 \u00a0 \u00a0 \u00a0 \u00a0 \u00a0 \u00a0 \u00a0 \u00a0 \u00a0 \u00a0 \u00a0 \u00a0 \u00a0 \u00a0 \u00a0 \u00a0 \u00a0 \u00a0 \u00a0 \u00a0 \u00a0 \u00a0 \u00a0 \u00a0 \u00a0 \u00a0 \u00a0 \u00a0 \u00a0 \u00a0 \u00a0 \u00a0 \u00a0 \u00a0 \u00a0 \u00a0 \u00a0 \u00a0 \u00a0 \u00a0 \u00a0 \u00a0 \u00a0 \u00a0 \u00a0 \u00a0 \u00a0 \u00a0 \u00a0 \u00a0 \u00a0 \u00a0 \u00a0 \u00a0 \u00a0 \u00a0 \u00a0 \u00a0<a href=\"https:\/\/welcome-ontour.de\/wordpress\/index.php\/2005-08-23\/\">Weiter &gt;&gt;<\/a><\/span><\/p>\n","protected":false},"excerpt":{"rendered":"<p>Prolog \u00a0&#8211; \u00a0Anreise \u00a0&#8211; \u00a0Kap Formentor \u00a0&#8211; \u00a0Lluc\/Sa Calobra \u00a0&#8211; \u00a0Torrent de Parres \u00a0&#8211; \u00a0Cala de Pisada \u00a0&#8211; \u00a0Soller\/Valdemossa \u00a0&#8211; \u00a0Cala Baix \u00a0&#8211; \u00a0R\u00fcckreise \u00a0&#8211; \u00a0Fazit \u00a0 &lt;&lt; Reiseberichte\u00a0 \u00a0 \u00a0 \u00a0 \u00a0 \u00a0 \u00a0 \u00a0 \u00a0 \u00a0 \u00a0 \u00a0 \u00a0 \u00a0 \u00a0 \u00a0 \u00a0 \u00a0 \u00a0 \u00a0 \u00a0 \u00a0 \u00a0 \u00a0 \u00a0 \u00a0 \u00a0 \u00a0 \u00a0 \u00a0 \u00a0 \u00a0 \u00a0 \u00a0 \u00a0 \u00a0 \u00a0 \u00a0 \u00a0 \u00a0 \u00a0 \u00a0 \u00a0 \u00a0 \u00a0 \u00a0 \u00a0 \u00a0 \u00a0 \u00a0 \u00a0 \u00a0 \u00a0 \u00a0 \u00a0 \u00a0 \u00a0 \u00a0 \u00a0 \u00a0 \u00a0 \u00a0 \u00a0 \u00a0 \u00a0 \u00a0 \u00a0 \u00a0 \u00a0 \u00a0 \u00a0 \u00a0 \u00a0 \u00a0 \u00a0 \u00a0 \u00a0 \u00a0 \u00a0 \u00a0 \u00a0 \u00a0 \u00a0 \u00a0 \u00a0 \u00a0 \u00a0 \u00a0 \u00a0 \u00a0 \u00a0 \u00a0 \u00a0 \u00a0 \u00a0 \u00a0 \u00a0Weiter &gt;&gt; \u00a0 Eight Days A Week \u00a0 Mallorca 2005 \u00a0 \u00a0 Mallorca, des Deutschen Lieblingsinsel. Kegelklub-gef\u00fcllte Str\u00e4nde und Saufgelage rund um die Uhr kontra mediterraner Berglandschaften und traumhaftem Wetter. Zeit, sich selbst ein Urteil zu bilden. 2005 ist es soweit. Wir verschreiben uns acht Tage Inselurlaub und sind gespannt was uns erwartet. \u00a0 \u00a0 \u00a0 Mo 22.08.2005 \u00a0 Nutzen die M\u00f6glichkeit des Vorabendchecks bei Air Berlin und bringen unsere Koffer 18:00 nach Tegel. Geht echt schnell. Ich stell das Auto im Parkverbot ab, Ute bleibt so lange im Wagen. Nach zehn Minuten bin ich ohne Koffer zur\u00fcck. Somit brauchen wir morgen fr\u00fch erst eine halbe Stunde vor Abflug hier sein und hatten au\u00dferdem noch eine gute Platzauswahl. Um sieben sind wir wieder zu Hause. \u00a0 &lt;&lt; Reiseberichte\u00a0 \u00a0 \u00a0 \u00a0 \u00a0 \u00a0 \u00a0 \u00a0 \u00a0 \u00a0 \u00a0 \u00a0 \u00a0 \u00a0 \u00a0 \u00a0 \u00a0 \u00a0 \u00a0 \u00a0 \u00a0 \u00a0 \u00a0 \u00a0 \u00a0 \u00a0 \u00a0 \u00a0 \u00a0 \u00a0 \u00a0 \u00a0 \u00a0 \u00a0 \u00a0 \u00a0 \u00a0 \u00a0 \u00a0 \u00a0 \u00a0 \u00a0 \u00a0 \u00a0 \u00a0 \u00a0 \u00a0 \u00a0 \u00a0 \u00a0 \u00a0 \u00a0 \u00a0 \u00a0 \u00a0 \u00a0 \u00a0 \u00a0 \u00a0 \u00a0 \u00a0 \u00a0 \u00a0 \u00a0 \u00a0 \u00a0 \u00a0 \u00a0 \u00a0 \u00a0 \u00a0 \u00a0 \u00a0 \u00a0 \u00a0 \u00a0 \u00a0 \u00a0 \u00a0 \u00a0 \u00a0 \u00a0 \u00a0 \u00a0 \u00a0 \u00a0 \u00a0 \u00a0 \u00a0 \u00a0 \u00a0 \u00a0 \u00a0 \u00a0 \u00a0 \u00a0 \u00a0Weiter &gt;&gt;<\/p>\n","protected":false},"author":1,"featured_media":0,"parent":0,"menu_order":9,"comment_status":"closed","ping_status":"closed","template":"","meta":{"footnotes":""},"class_list":["post-4699","page","type-page","status-publish","hentry"],"_links":{"self":[{"href":"https:\/\/welcome-ontour.de\/wordpress\/index.php\/wp-json\/wp\/v2\/pages\/4699","targetHints":{"allow":["GET"]}}],"collection":[{"href":"https:\/\/welcome-ontour.de\/wordpress\/index.php\/wp-json\/wp\/v2\/pages"}],"about":[{"href":"https:\/\/welcome-ontour.de\/wordpress\/index.php\/wp-json\/wp\/v2\/types\/page"}],"author":[{"embeddable":true,"href":"https:\/\/welcome-ontour.de\/wordpress\/index.php\/wp-json\/wp\/v2\/users\/1"}],"replies":[{"embeddable":true,"href":"https:\/\/welcome-ontour.de\/wordpress\/index.php\/wp-json\/wp\/v2\/comments?post=4699"}],"version-history":[{"count":3,"href":"https:\/\/welcome-ontour.de\/wordpress\/index.php\/wp-json\/wp\/v2\/pages\/4699\/revisions"}],"predecessor-version":[{"id":25799,"href":"https:\/\/welcome-ontour.de\/wordpress\/index.php\/wp-json\/wp\/v2\/pages\/4699\/revisions\/25799"}],"wp:attachment":[{"href":"https:\/\/welcome-ontour.de\/wordpress\/index.php\/wp-json\/wp\/v2\/media?parent=4699"}],"curies":[{"name":"wp","href":"https:\/\/api.w.org\/{rel}","templated":true}]}}