{"id":4662,"date":"2013-03-15T07:28:38","date_gmt":"2013-03-15T07:28:38","guid":{"rendered":"https:\/\/welcome-ontour.de\/wordpress\/index.php\/2013-02-07\/"},"modified":"2022-06-30T23:06:17","modified_gmt":"2022-06-30T23:06:17","slug":"2013-02-07","status":"publish","type":"page","link":"https:\/\/welcome-ontour.de\/wordpress\/index.php\/2013-02-07\/","title":{"rendered":"2013 02 07"},"content":{"rendered":"<p style=\"text-align: center;\"><span style=\"font-family: arial, helvetica, sans-serif; font-size: x-small;\"><a href=\"https:\/\/welcome-ontour.de\/wordpress\/index.php\/2013-01-23-prolog\/\">prolog<\/a>\u00a0&#8211;\u00a0<a href=\"https:\/\/welcome-ontour.de\/wordpress\/index.php\/2013-01-24\/\">hinflug<\/a>\u00a0&#8211;\u00a0<a href=\"https:\/\/welcome-ontour.de\/wordpress\/index.php\/2013-01-25\/\">florida keys<\/a>\u00a0&#8211;\u00a0<a href=\"https:\/\/welcome-ontour.de\/wordpress\/index.php\/2013-01-26\/\">key biscayne<\/a>\u00a0&#8211;\u00a0<a href=\"https:\/\/welcome-ontour.de\/wordpress\/index.php\/2013-01-27\/\">south beach<\/a>\u00a0&#8211;\u00a0<a href=\"https:\/\/welcome-ontour.de\/wordpress\/index.php\/2013-01-28-1\/\">70.000 tons (1)<\/a>\u00a0&#8211;\u00a0<a href=\"https:\/\/welcome-ontour.de\/wordpress\/index.php\/2013-01-30-1\/\">grand turk<\/a>\u00a0&#8211;\u00a0<a href=\"https:\/\/welcome-ontour.de\/wordpress\/index.php\/2013-01-30-2\/\">70.000 tons (2)<\/a>\u00a0&#8211;\u00a0<a href=\"https:\/\/welcome-ontour.de\/wordpress\/index.php\/2013-02-01\/\">sanibel<\/a>\u00a0&#8211;\u00a0<a href=\"https:\/\/welcome-ontour.de\/wordpress\/index.php\/2013-02-04\/\">sarasota<\/a>\u00a0&#8211;\u00a0<a href=\"https:\/\/welcome-ontour.de\/wordpress\/index.php\/2013-02-06\/\">naples<\/a>\u00a0&#8211;\u00a0<a href=\"https:\/\/welcome-ontour.de\/wordpress\/index.php\/2013-02-07\/\">r\u00fcckflug<\/a>\u00a0&#8211;\u00a0<a href=\"https:\/\/welcome-ontour.de\/wordpress\/index.php\/2013-02-09-fazit\/\">fazit<\/a>\u00a0&#8211; \u00a0<a href=\"https:\/\/welcome-ontour.de\/wordpress\/index.php\/2013-02-10-autos\/\"><img decoding=\"async\" class=\" size-full wp-image-4222\" src=\"https:\/\/welcome-ontour.de\/wordpress\/wp-content\/uploads\/2013\/03\/phoca_thumb_l_piktogramm.jpg\" width=\"26\" height=\"9\" border=\"0\" \/><\/a><\/span><\/p>\n<p style=\"text-align: center;\"><span style=\"font-family: arial, helvetica, sans-serif; font-size: small;\"><a href=\"https:\/\/welcome-ontour.de\/wordpress\/index.php\/2013-02-06\/\">&lt; Zur\u00fcck<\/a>\u00a0\u00a0 \u00a0 \u00a0 \u00a0 \u00a0 \u00a0 \u00a0 \u00a0 \u00a0 \u00a0 \u00a0 \u00a0 \u00a0 \u00a0 \u00a0 \u00a0 \u00a0 \u00a0 \u00a0 \u00a0 \u00a0 \u00a0 \u00a0 \u00a0 \u00a0 \u00a0 \u00a0 \u00a0 \u00a0 \u00a0 \u00a0 \u00a0 \u00a0 \u00a0 \u00a0 \u00a0 \u00a0 \u00a0 \u00a0 \u00a0 \u00a0 \u00a0 \u00a0 \u00a0 \u00a0 \u00a0 \u00a0 \u00a0 \u00a0 \u00a0 \u00a0 \u00a0 \u00a0 \u00a0 \u00a0 \u00a0 \u00a0 \u00a0 \u00a0 \u00a0 \u00a0 \u00a0 \u00a0 \u00a0 \u00a0 \u00a0 \u00a0 \u00a0 \u00a0 \u00a0 \u00a0 \u00a0 \u00a0 \u00a0 \u00a0 \u00a0 \u00a0 \u00a0 \u00a0 \u00a0 \u00a0 \u00a0 \u00a0 \u00a0 \u00a0 \u00a0 \u00a0 \u00a0 \u00a0 \u00a0 \u00a0 \u00a0 \u00a0 \u00a0 \u00a0 \u00a0 \u00a0 \u00a0 \u00a0 \u00a0 \u00a0 \u00a0 \u00a0 \u00a0<a href=\"https:\/\/welcome-ontour.de\/wordpress\/index.php\/2013-02-08\/\">Weiter &gt;<\/a><\/span><\/p>\n<p style=\"text-align: center;\"><span style=\"font-family: arial, helvetica, sans-serif; font-size: small;\">\u00a0<\/span><\/p>\n<p style=\"text-align: center;\"><strong><span style=\"font-family: arial, helvetica, sans-serif; font-size: medium; line-height: 1.3em;\">Donnerstag, 07.02.2013, 3.Woche, 15.Tag<\/span><\/strong><\/p>\n<p style=\"text-align: center;\"><strong style=\"line-height: 1.3em;\"><span style=\"font-family: arial, helvetica, sans-serif; font-size: medium; line-height: 1.3em;\">Naples \u2013 Miami<\/span><\/strong><\/p>\n<p style=\"text-align: center;\"><span style=\"font-family: arial, helvetica, sans-serif; font-size: medium;\">\u00a0<\/span><\/p>\n<p style=\"text-align: center;\"><span style=\"font-family: arial, helvetica, sans-serif; font-size: medium; line-height: 1.3em;\">Abreisetag!<\/span><\/p>\n<p style=\"text-align: center;\"><span style=\"font-family: arial, helvetica, sans-serif; font-size: medium; line-height: 1.3em;\">Bei weit ge\u00f6ffnetem Fenster schlafen wir wunderbar.<\/span><\/p>\n<p style=\"text-align: center;\"><span style=\"font-family: arial, helvetica, sans-serif; font-size: medium; line-height: 1.3em;\">Nach einem gem\u00fctlichen Best Western Breakfast mit allen Annehmlichkeiten <\/span><\/p>\n<p style=\"text-align: center;\"><span style=\"font-family: arial, helvetica, sans-serif; font-size: medium; line-height: 1.3em;\">packen wir unsere Trolleys und checken halb elf aus.<\/span><\/p>\n<p style=\"text-align: center;\"><span style=\"font-family: arial, helvetica, sans-serif; font-size: medium; line-height: 1.3em;\">Via I-95 sind wir nach gar nicht so langweiliger Fahrt <\/span><\/p>\n<p style=\"text-align: center;\"><span style=\"font-family: arial, helvetica, sans-serif; font-size: medium; line-height: 1.3em;\">durch Big Cypress und Everglades schnell im Gro\u00dfraum Miami.<\/span><\/p>\n<p style=\"text-align: center;\"><span style=\"font-family: arial, helvetica, sans-serif; font-size: medium;\">\u00a0<\/span><\/p>\n<p style=\"text-align: center;\"><span style=\"font-family: arial, helvetica, sans-serif; font-size: medium; line-height: 1.3em;\"><img decoding=\"async\" class=\" size-full wp-image-4654\" title=\"I-75 Toll Station\" src=\"https:\/\/welcome-ontour.de\/wordpress\/wp-content\/uploads\/2013\/03\/phoca_thumb_l_01-img_4086.jpg\" width=\"600\" height=\"452\" border=\"0\" srcset=\"https:\/\/welcome-ontour.de\/wordpress\/wp-content\/uploads\/2013\/03\/phoca_thumb_l_01-img_4086.jpg 600w, https:\/\/welcome-ontour.de\/wordpress\/wp-content\/uploads\/2013\/03\/phoca_thumb_l_01-img_4086-300x226.jpg 300w\" sizes=\"(max-width: 600px) 100vw, 600px\" \/><\/span><\/p>\n<p style=\"text-align: center;\"><span style=\"font-family: arial, helvetica, sans-serif; font-size: medium;\">\u00a0<\/span><\/p>\n<p style=\"text-align: center;\"><span style=\"font-family: arial, helvetica, sans-serif; font-size: medium; line-height: 1.3em;\"><img decoding=\"async\" class=\" size-full wp-image-4655\" title=\"Miami Airport rechts\" src=\"https:\/\/welcome-ontour.de\/wordpress\/wp-content\/uploads\/2013\/03\/phoca_thumb_l_02-img_3806.jpg\" width=\"600\" height=\"452\" border=\"0\" srcset=\"https:\/\/welcome-ontour.de\/wordpress\/wp-content\/uploads\/2013\/03\/phoca_thumb_l_02-img_3806.jpg 600w, https:\/\/welcome-ontour.de\/wordpress\/wp-content\/uploads\/2013\/03\/phoca_thumb_l_02-img_3806-300x226.jpg 300w\" sizes=\"(max-width: 600px) 100vw, 600px\" \/><\/span><\/p>\n<p style=\"text-align: center;\"><span style=\"font-family: arial, helvetica, sans-serif; font-size: medium;\">\u00a0<\/span><\/p>\n<p style=\"text-align: center;\"><span style=\"font-family: arial, helvetica, sans-serif; font-size: medium; line-height: 1.3em;\">Die langen Hosen haben wir uns bis zum Flughafen aufgehoben.<\/span><\/p>\n<p style=\"text-align: center;\"><span style=\"font-family: arial, helvetica, sans-serif; font-size: medium; line-height: 1.3em;\">Nachdem wir die ewig lange Okeechobee Road mit dem Kanal rechts <\/span><\/p>\n<p style=\"text-align: center;\"><span style=\"font-family: arial, helvetica, sans-serif; font-size: medium; line-height: 1.3em;\">und den Puff-Hotels links bew\u00e4ltigt haben, sind wir fast am Flughafen.<\/span><\/p>\n<p style=\"text-align: center;\"><span style=\"font-family: arial, helvetica, sans-serif; font-size: medium;\">\u00a0<\/span><\/p>\n<p style=\"text-align: center;\"><span style=\"font-family: arial, helvetica, sans-serif; font-size: medium; line-height: 1.3em;\"><img decoding=\"async\" class=\" size-full wp-image-4656\" title=\"Pollo Tropical\" src=\"https:\/\/welcome-ontour.de\/wordpress\/wp-content\/uploads\/2013\/03\/phoca_thumb_l_03-img_4093.jpg\" width=\"600\" height=\"452\" border=\"0\" srcset=\"https:\/\/welcome-ontour.de\/wordpress\/wp-content\/uploads\/2013\/03\/phoca_thumb_l_03-img_4093.jpg 600w, https:\/\/welcome-ontour.de\/wordpress\/wp-content\/uploads\/2013\/03\/phoca_thumb_l_03-img_4093-300x226.jpg 300w\" sizes=\"(max-width: 600px) 100vw, 600px\" \/><\/span><\/p>\n<p style=\"text-align: center;\"><span style=\"font-family: arial, helvetica, sans-serif; font-size: medium;\">\u00a0<\/span><\/p>\n<p style=\"text-align: center;\"><span style=\"font-family: arial, helvetica, sans-serif; font-size: medium; line-height: 1.3em;\">Halten zu einem letzten Lunch bei <a href=\"http:\/\/pollotropical.com\/\" target=\"_blank\" rel=\"noopener noreferrer\">Pollo Tropical<\/a>, einer lokalen Bistrokette, die karibisches Fastfood anbietet.<\/span><\/p>\n<p style=\"text-align: center;\"><span style=\"font-family: arial, helvetica, sans-serif; font-size: medium; line-height: 1.3em;\">Nach den leckeren Men\u00fcs gibt es die ungeliebten langen Hosen.<\/span><\/p>\n<p style=\"text-align: center;\"><span style=\"font-family: arial, helvetica, sans-serif; font-size: medium; line-height: 1.3em;\">Zwei Minuten sp\u00e4ter sind wir im Rental Car Center und weitere zwei Minuten sp\u00e4ter unser Auto los.<\/span><\/p>\n<p style=\"text-align: center;\"><span style=\"font-family: arial, helvetica, sans-serif; font-size: medium; line-height: 1.3em;\">Bye Bye Mustang!<\/span><\/p>\n<p style=\"text-align: center;\"><span style=\"font-family: arial, helvetica, sans-serif; font-size: medium; line-height: 1.3em;\">Weiterhin unser Cabrio Nummer 1!<\/span><\/p>\n<p style=\"text-align: center;\"><span style=\"font-family: arial, helvetica, sans-serif; font-size: medium; line-height: 1.3em;\">Der MIA Mover bringt uns rasch zum Terminal.<\/span><\/p>\n<p style=\"text-align: center;\"><span style=\"font-family: arial, helvetica, sans-serif; font-size: medium; line-height: 1.3em;\">AB 7211 steht mit 50min Versp\u00e4tung auf der Anzeigetafel.<\/span><\/p>\n<p style=\"text-align: center;\"><span style=\"font-family: arial, helvetica, sans-serif; font-size: medium; line-height: 1.3em;\">Statt 16:05 sollen wir jetzt 16:55 starten, st\u00f6rt uns nicht weiter.<\/span><\/p>\n<p style=\"text-align: center;\"><span style=\"font-family: arial, helvetica, sans-serif; font-size: medium;\">\u00a0<\/span><\/p>\n<p style=\"text-align: center;\"><span style=\"font-family: arial, helvetica, sans-serif; font-size: medium; line-height: 1.3em;\"><img decoding=\"async\" class=\" size-full wp-image-4657\" title=\"Miami 80\u00b0\" src=\"https:\/\/welcome-ontour.de\/wordpress\/wp-content\/uploads\/2013\/03\/phoca_thumb_l_04-img_4098.jpg\" width=\"600\" height=\"452\" border=\"0\" srcset=\"https:\/\/welcome-ontour.de\/wordpress\/wp-content\/uploads\/2013\/03\/phoca_thumb_l_04-img_4098.jpg 600w, https:\/\/welcome-ontour.de\/wordpress\/wp-content\/uploads\/2013\/03\/phoca_thumb_l_04-img_4098-300x226.jpg 300w\" sizes=\"(max-width: 600px) 100vw, 600px\" \/><\/span><\/p>\n<p style=\"text-align: center;\"><span style=\"font-family: arial, helvetica, sans-serif; font-size: medium;\">\u00a0<\/span><\/p>\n<p style=\"text-align: center;\"><span style=\"font-family: arial, helvetica, sans-serif; font-size: medium; line-height: 1.3em;\"><img decoding=\"async\" class=\" size-full wp-image-4658\" title=\"Air Berlin Check In\" src=\"https:\/\/welcome-ontour.de\/wordpress\/wp-content\/uploads\/2013\/03\/phoca_thumb_l_05-img_4099.jpg\" width=\"600\" height=\"452\" border=\"0\" srcset=\"https:\/\/welcome-ontour.de\/wordpress\/wp-content\/uploads\/2013\/03\/phoca_thumb_l_05-img_4099.jpg 600w, https:\/\/welcome-ontour.de\/wordpress\/wp-content\/uploads\/2013\/03\/phoca_thumb_l_05-img_4099-300x226.jpg 300w\" sizes=\"(max-width: 600px) 100vw, 600px\" \/><\/span><\/p>\n<p style=\"text-align: center;\"><span style=\"font-family: arial, helvetica, sans-serif; font-size: medium;\">\u00a0<\/span><\/p>\n<p style=\"text-align: center;\"><span style=\"font-family: arial, helvetica, sans-serif; font-size: medium; line-height: 1.3em;\">Beim Air Berlin Check In ist es total leer und wir bekommen endlich mal wieder unsere vorgebuchten XL-Seats.<\/span><\/p>\n<p style=\"text-align: center;\"><span style=\"font-family: arial, helvetica, sans-serif; font-size: medium; line-height: 1.3em;\">Zwei Stunden Miami Airport vergehen u.a. dank der Bacardi Rum Bar wie im Flug.<\/span><\/p>\n<p style=\"text-align: center;\"><span style=\"font-family: arial, helvetica, sans-serif; font-size: medium;\">\u00a0<\/span><\/p>\n<p style=\"text-align: center;\"><span style=\"font-family: arial, helvetica, sans-serif; font-size: medium; line-height: 1.3em;\"><img decoding=\"async\" class=\" size-full wp-image-4659\" title=\"Bacardi Bar\" src=\"https:\/\/welcome-ontour.de\/wordpress\/wp-content\/uploads\/2013\/03\/phoca_thumb_l_06-img_4104.jpg\" width=\"600\" height=\"452\" border=\"0\" srcset=\"https:\/\/welcome-ontour.de\/wordpress\/wp-content\/uploads\/2013\/03\/phoca_thumb_l_06-img_4104.jpg 600w, https:\/\/welcome-ontour.de\/wordpress\/wp-content\/uploads\/2013\/03\/phoca_thumb_l_06-img_4104-300x226.jpg 300w\" sizes=\"(max-width: 600px) 100vw, 600px\" \/><\/span><\/p>\n<p style=\"text-align: center;\"><span style=\"font-family: arial, helvetica, sans-serif; font-size: medium;\">\u00a0<\/span><\/p>\n<p style=\"text-align: center;\"><span style=\"font-family: arial, helvetica, sans-serif; font-size: medium; line-height: 1.3em;\">Boarding ist am Gate 15 im F-Terminal.<\/span><\/p>\n<p style=\"text-align: center;\"><span style=\"font-family: arial, helvetica, sans-serif; font-size: medium; line-height: 1.3em;\">Alles sehr entspannt und relaxt hier diesmal.<\/span><\/p>\n<p style=\"text-align: center;\"><span style=\"font-family: arial, helvetica, sans-serif; font-size: medium; line-height: 1.3em;\">Halb f\u00fcnf beginnt das Einsteigen.<\/span><\/p>\n<p style=\"text-align: center;\"><span style=\"font-family: arial, helvetica, sans-serif; font-size: medium; line-height: 1.3em;\">14H und K sind direkt am Eingang.<\/span><\/p>\n<p style=\"text-align: center;\"><span style=\"font-family: arial, helvetica, sans-serif; font-size: medium; line-height: 1.3em;\">Deswegen haben wir die Ehre, als letze in den Airbus A330 zu steigen.<\/span><\/p>\n<p style=\"text-align: center;\"><span style=\"font-family: arial, helvetica, sans-serif; font-size: medium;\">\u00a0<\/span><\/p>\n<p style=\"text-align: center;\"><span style=\"font-family: arial, helvetica, sans-serif; font-size: medium; line-height: 1.3em;\"><img decoding=\"async\" class=\" size-full wp-image-4660\" title=\"A 330\" src=\"https:\/\/welcome-ontour.de\/wordpress\/wp-content\/uploads\/2013\/03\/phoca_thumb_l_07-img_4112.jpg\" width=\"444\" height=\"334\" border=\"0\" srcset=\"https:\/\/welcome-ontour.de\/wordpress\/wp-content\/uploads\/2013\/03\/phoca_thumb_l_07-img_4112.jpg 600w, https:\/\/welcome-ontour.de\/wordpress\/wp-content\/uploads\/2013\/03\/phoca_thumb_l_07-img_4112-300x226.jpg 300w\" sizes=\"(max-width: 444px) 100vw, 444px\" \/>\u00a0 \u00a0<img decoding=\"async\" class=\" size-full wp-image-4661\" title=\"Boarding\" src=\"https:\/\/welcome-ontour.de\/wordpress\/wp-content\/uploads\/2013\/03\/phoca_thumb_l_08-img_4113.jpg\" width=\"444\" height=\"334\" border=\"0\" srcset=\"https:\/\/welcome-ontour.de\/wordpress\/wp-content\/uploads\/2013\/03\/phoca_thumb_l_08-img_4113.jpg 600w, https:\/\/welcome-ontour.de\/wordpress\/wp-content\/uploads\/2013\/03\/phoca_thumb_l_08-img_4113-300x226.jpg 300w\" sizes=\"(max-width: 444px) 100vw, 444px\" \/><\/span><\/p>\n<p style=\"text-align: center;\"><span style=\"font-family: arial, helvetica, sans-serif; font-size: medium;\">\u00a0<\/span><\/p>\n<p style=\"text-align: center;\"><span style=\"font-family: arial, helvetica, sans-serif; font-size: medium; line-height: 1.3em;\">Kurz vor f\u00fcnf verlassen wir bei Bilderbuchwetter Miami und fliegen direkt in \u00f6stliche Richtung \u00fcber die Bahamas.<\/span><\/p>\n<p style=\"text-align: center;\"><span style=\"font-family: arial, helvetica, sans-serif; font-size: medium; line-height: 1.3em;\">Die Crew startet sofort den Service.<\/span><\/p>\n<p style=\"text-align: center;\"><span style=\"font-family: arial, helvetica, sans-serif; font-size: medium; line-height: 1.3em;\">Unsere Sitze sind hervorragend und bieten unendlich viel Beinfreiheit.<\/span><\/p>\n<p style=\"text-align: center;\"><span style=\"font-family: arial, helvetica, sans-serif; font-size: medium; line-height: 1.3em;\">Uhren sechs Stunden vor, von 18:00 auf Mitternacht.<\/span><\/p>\n<p style=\"text-align: center;\"><span style=\"font-family: arial, helvetica, sans-serif; font-size: medium;\">\u00a0<\/span><\/p>\n<p style=\"text-align: center;\"><span style=\"font-family: arial, helvetica, sans-serif; font-size: medium; line-height: 1.3em;\">Gefahrene Meilen \/ Kilometer: 139 \/ 224<\/span><\/p>\n<p style=\"text-align: center;\"><span style=\"font-family: arial, helvetica, sans-serif; font-size: medium; line-height: 1.3em;\">\u00a0<\/span><\/p>\n<p style=\"text-align: center;\"><span style=\"font-family: arial, helvetica, sans-serif; font-size: small;\"><a href=\"https:\/\/welcome-ontour.de\/wordpress\/index.php\/2013-02-06\/\">&lt; Zur\u00fcck<\/a>\u00a0\u00a0 \u00a0 \u00a0 \u00a0 \u00a0 \u00a0 \u00a0 \u00a0 \u00a0 \u00a0 \u00a0 \u00a0 \u00a0 \u00a0 \u00a0 \u00a0 \u00a0 \u00a0 \u00a0 \u00a0 \u00a0 \u00a0 \u00a0 \u00a0 \u00a0 \u00a0 \u00a0 \u00a0 \u00a0 \u00a0 \u00a0 \u00a0 \u00a0 \u00a0 \u00a0 \u00a0 \u00a0 \u00a0 \u00a0 \u00a0 \u00a0 \u00a0 \u00a0 \u00a0 \u00a0 \u00a0 \u00a0 \u00a0 \u00a0 \u00a0 \u00a0 \u00a0 \u00a0 \u00a0 \u00a0 \u00a0 \u00a0 \u00a0 \u00a0 \u00a0 \u00a0 \u00a0 \u00a0 \u00a0 \u00a0 \u00a0 \u00a0 \u00a0 \u00a0 \u00a0 \u00a0 \u00a0 \u00a0 \u00a0 \u00a0 \u00a0 \u00a0 \u00a0 \u00a0 \u00a0 \u00a0 \u00a0 \u00a0 \u00a0 \u00a0 \u00a0 \u00a0 \u00a0 \u00a0 \u00a0 \u00a0 \u00a0 \u00a0 \u00a0 \u00a0 \u00a0 \u00a0 \u00a0 \u00a0 \u00a0 \u00a0 \u00a0 \u00a0 \u00a0<a href=\"https:\/\/welcome-ontour.de\/wordpress\/index.php\/2013-02-08\/\">Weiter &gt;<\/a><\/span><\/p>\n","protected":false},"excerpt":{"rendered":"<p>prolog\u00a0&#8211;\u00a0hinflug\u00a0&#8211;\u00a0florida keys\u00a0&#8211;\u00a0key biscayne\u00a0&#8211;\u00a0south beach\u00a0&#8211;\u00a070.000 tons (1)\u00a0&#8211;\u00a0grand turk\u00a0&#8211;\u00a070.000 tons (2)\u00a0&#8211;\u00a0sanibel\u00a0&#8211;\u00a0sarasota\u00a0&#8211;\u00a0naples\u00a0&#8211;\u00a0r\u00fcckflug\u00a0&#8211;\u00a0fazit\u00a0&#8211; \u00a0 &lt; Zur\u00fcck\u00a0\u00a0 \u00a0 \u00a0 \u00a0 \u00a0 \u00a0 \u00a0 \u00a0 \u00a0 \u00a0 \u00a0 \u00a0 \u00a0 \u00a0 \u00a0 \u00a0 \u00a0 \u00a0 \u00a0 \u00a0 \u00a0 \u00a0 \u00a0 \u00a0 \u00a0 \u00a0 \u00a0 \u00a0 \u00a0 \u00a0 \u00a0 \u00a0 \u00a0 \u00a0 \u00a0 \u00a0 \u00a0 \u00a0 \u00a0 \u00a0 \u00a0 \u00a0 \u00a0 \u00a0 \u00a0 \u00a0 \u00a0 \u00a0 \u00a0 \u00a0 \u00a0 \u00a0 \u00a0 \u00a0 \u00a0 \u00a0 \u00a0 \u00a0 \u00a0 \u00a0 \u00a0 \u00a0 \u00a0 \u00a0 \u00a0 \u00a0 \u00a0 \u00a0 \u00a0 \u00a0 \u00a0 \u00a0 \u00a0 \u00a0 \u00a0 \u00a0 \u00a0 \u00a0 \u00a0 \u00a0 \u00a0 \u00a0 \u00a0 \u00a0 \u00a0 \u00a0 \u00a0 \u00a0 \u00a0 \u00a0 \u00a0 \u00a0 \u00a0 \u00a0 \u00a0 \u00a0 \u00a0 \u00a0 \u00a0 \u00a0 \u00a0 \u00a0 \u00a0 \u00a0Weiter &gt; \u00a0 Donnerstag, 07.02.2013, 3.Woche, 15.Tag Naples \u2013 Miami \u00a0 Abreisetag! Bei weit ge\u00f6ffnetem Fenster schlafen wir wunderbar. Nach einem gem\u00fctlichen Best Western Breakfast mit allen Annehmlichkeiten packen wir unsere Trolleys und checken halb elf aus. Via I-95 sind wir nach gar nicht so langweiliger Fahrt durch Big Cypress und Everglades schnell im Gro\u00dfraum Miami. \u00a0 \u00a0 \u00a0 Die langen Hosen haben wir uns bis zum Flughafen aufgehoben. Nachdem wir die ewig lange Okeechobee Road mit dem Kanal rechts und den Puff-Hotels links bew\u00e4ltigt haben, sind wir fast am Flughafen. \u00a0 \u00a0 Halten zu einem letzten Lunch bei Pollo Tropical, einer lokalen Bistrokette, die karibisches Fastfood anbietet. Nach den leckeren Men\u00fcs gibt es die ungeliebten langen Hosen. Zwei Minuten sp\u00e4ter sind wir im Rental Car Center und weitere zwei Minuten sp\u00e4ter unser Auto los. Bye Bye Mustang! Weiterhin unser Cabrio Nummer 1! Der MIA Mover bringt uns rasch zum Terminal. AB 7211 steht mit 50min Versp\u00e4tung auf der Anzeigetafel. Statt 16:05 sollen wir jetzt 16:55 starten, st\u00f6rt uns nicht weiter. \u00a0 \u00a0 \u00a0 Beim Air Berlin Check In ist es total leer und wir bekommen endlich mal wieder unsere vorgebuchten XL-Seats. Zwei Stunden Miami Airport vergehen u.a. dank der Bacardi Rum Bar wie im Flug. \u00a0 \u00a0 Boarding ist am Gate 15 im F-Terminal. Alles sehr entspannt und relaxt hier diesmal. Halb f\u00fcnf beginnt das Einsteigen. 14H und K sind direkt am Eingang. Deswegen haben wir die Ehre, als letze in den Airbus A330 zu steigen. \u00a0 \u00a0 \u00a0 \u00a0 Kurz vor f\u00fcnf verlassen wir bei Bilderbuchwetter Miami und fliegen direkt in \u00f6stliche Richtung \u00fcber die Bahamas. Die Crew startet sofort den Service. Unsere Sitze sind hervorragend und bieten unendlich viel Beinfreiheit. Uhren sechs Stunden vor, von 18:00 auf Mitternacht. \u00a0 Gefahrene Meilen \/ Kilometer: 139 \/ 224 \u00a0 &lt; Zur\u00fcck\u00a0\u00a0 \u00a0 \u00a0 \u00a0 \u00a0 \u00a0 \u00a0 \u00a0 \u00a0 \u00a0 \u00a0 \u00a0 \u00a0 \u00a0 \u00a0 \u00a0 \u00a0 \u00a0 \u00a0 \u00a0 \u00a0 \u00a0 \u00a0 \u00a0 \u00a0 \u00a0 \u00a0 \u00a0 \u00a0 \u00a0 \u00a0 \u00a0 \u00a0 \u00a0 \u00a0 \u00a0 \u00a0 \u00a0 \u00a0 \u00a0 \u00a0 \u00a0 \u00a0 \u00a0 \u00a0 \u00a0 \u00a0 \u00a0 \u00a0 \u00a0 \u00a0 \u00a0 \u00a0 \u00a0 \u00a0 \u00a0 \u00a0 \u00a0 \u00a0 \u00a0 \u00a0 \u00a0 \u00a0 \u00a0 \u00a0 \u00a0 \u00a0 \u00a0 \u00a0 \u00a0 \u00a0 \u00a0 \u00a0 \u00a0 \u00a0 \u00a0 \u00a0 \u00a0 \u00a0 \u00a0 \u00a0 \u00a0 \u00a0 \u00a0 \u00a0 \u00a0 \u00a0 \u00a0 \u00a0 \u00a0 \u00a0 \u00a0 \u00a0 \u00a0 \u00a0 \u00a0 \u00a0 \u00a0 \u00a0 \u00a0 \u00a0 \u00a0 \u00a0 \u00a0Weiter &gt;<\/p>\n","protected":false},"author":1,"featured_media":4222,"parent":0,"menu_order":3,"comment_status":"closed","ping_status":"closed","template":"","meta":{"footnotes":""},"class_list":["post-4662","page","type-page","status-publish","has-post-thumbnail","hentry"],"_links":{"self":[{"href":"https:\/\/welcome-ontour.de\/wordpress\/index.php\/wp-json\/wp\/v2\/pages\/4662","targetHints":{"allow":["GET"]}}],"collection":[{"href":"https:\/\/welcome-ontour.de\/wordpress\/index.php\/wp-json\/wp\/v2\/pages"}],"about":[{"href":"https:\/\/welcome-ontour.de\/wordpress\/index.php\/wp-json\/wp\/v2\/types\/page"}],"author":[{"embeddable":true,"href":"https:\/\/welcome-ontour.de\/wordpress\/index.php\/wp-json\/wp\/v2\/users\/1"}],"replies":[{"embeddable":true,"href":"https:\/\/welcome-ontour.de\/wordpress\/index.php\/wp-json\/wp\/v2\/comments?post=4662"}],"version-history":[{"count":1,"href":"https:\/\/welcome-ontour.de\/wordpress\/index.php\/wp-json\/wp\/v2\/pages\/4662\/revisions"}],"predecessor-version":[{"id":14900,"href":"https:\/\/welcome-ontour.de\/wordpress\/index.php\/wp-json\/wp\/v2\/pages\/4662\/revisions\/14900"}],"wp:featuredmedia":[{"embeddable":true,"href":"https:\/\/welcome-ontour.de\/wordpress\/index.php\/wp-json\/wp\/v2\/media\/4222"}],"wp:attachment":[{"href":"https:\/\/welcome-ontour.de\/wordpress\/index.php\/wp-json\/wp\/v2\/media?parent=4662"}],"curies":[{"name":"wp","href":"https:\/\/api.w.org\/{rel}","templated":true}]}}