{"id":451,"date":"2012-08-29T13:57:06","date_gmt":"2012-08-29T13:57:06","guid":{"rendered":"https:\/\/welcome-ontour.de\/wordpress\/index.php\/2011-10-07\/"},"modified":"2022-06-30T23:06:37","modified_gmt":"2022-06-30T23:06:37","slug":"2011-10-07","status":"publish","type":"page","link":"https:\/\/welcome-ontour.de\/wordpress\/index.php\/2011-10-07\/","title":{"rendered":"2011 10 07"},"content":{"rendered":"<p style=\"text-align: center;\">\u00a0<a style=\"font-family: arial, helvetica, sans-serif; font-size: x-small;\" href=\"https:\/\/welcome-ontour.de\/wordpress\/index.php\/2011-10-03-prolog\/\">prolog<\/a><span style=\"font-family: arial, helvetica, sans-serif; font-size: x-small;\">\u00a0&#8211;\u00a0<\/span><a style=\"font-family: arial, helvetica, sans-serif; font-size: x-small;\" href=\"https:\/\/welcome-ontour.de\/wordpress\/index.php\/2011-10-04\/\">hinflug<\/a><span style=\"font-family: arial, helvetica, sans-serif; font-size: x-small;\">\u00a0&#8211;\u00a0<\/span><a style=\"font-family: arial, helvetica, sans-serif; font-size: x-small;\" href=\"https:\/\/welcome-ontour.de\/wordpress\/index.php\/2011-10-05\/\">laughlin<\/a><span style=\"font-family: arial, helvetica, sans-serif; font-size: x-small;\">\u00a0&#8211;\u00a0<\/span><a style=\"font-family: arial, helvetica, sans-serif; font-size: x-small;\" href=\"https:\/\/welcome-ontour.de\/wordpress\/index.php\/2011-10-06\/\">las vegas<\/a><span style=\"font-family: arial, helvetica, sans-serif; font-size: x-small;\">\u00a0&#8211;\u00a0<\/span><a style=\"font-family: arial, helvetica, sans-serif; font-size: x-small;\" href=\"https:\/\/welcome-ontour.de\/wordpress\/index.php\/2011-10-07\/\">phoenix<\/a><span style=\"font-family: arial, helvetica, sans-serif; font-size: x-small;\">\u00a0&#8211;\u00a0<\/span><a style=\"font-family: arial, helvetica, sans-serif; font-size: x-small;\" href=\"https:\/\/welcome-ontour.de\/wordpress\/index.php\/2011-10-09\/\">tucson<\/a><span style=\"font-family: arial, helvetica, sans-serif; font-size: x-small;\">\u00a0&#8211;\u00a0<\/span><a style=\"font-family: arial, helvetica, sans-serif; font-size: x-small;\" href=\"https:\/\/welcome-ontour.de\/wordpress\/index.php\/2011-10-12\/\">watson lake<\/a><span style=\"font-family: arial, helvetica, sans-serif; font-size: x-small;\">\u00a0&#8211;\u00a0<\/span><a style=\"font-family: arial, helvetica, sans-serif; font-size: x-small;\" href=\"https:\/\/welcome-ontour.de\/wordpress\/index.php\/2011-10-13\/\">29 palms<\/a><span style=\"font-family: arial, helvetica, sans-serif; font-size: x-small;\">\u00a0&#8211;\u00a0<\/span><a style=\"font-family: arial, helvetica, sans-serif; font-size: x-small;\" href=\"https:\/\/welcome-ontour.de\/wordpress\/index.php\/2011-10-14\/\">joshua tree<\/a><span style=\"font-family: arial, helvetica, sans-serif; font-size: x-small;\">\u00a0&#8211;\u00a0<\/span><a style=\"font-family: arial, helvetica, sans-serif; font-size: x-small;\" href=\"https:\/\/welcome-ontour.de\/wordpress\/index.php\/2011-10-15\/\">san diego<\/a><span style=\"font-family: arial, helvetica, sans-serif; font-size: x-small;\">\u00a0&#8211;\u00a0<\/span><a style=\"font-family: arial, helvetica, sans-serif; font-size: x-small;\" href=\"https:\/\/welcome-ontour.de\/wordpress\/index.php\/2011-10-17\/\">r\u00fcckflug<\/a><span style=\"font-family: arial, helvetica, sans-serif; font-size: x-small;\">\u00a0&#8211;\u00a0<\/span><a style=\"font-family: arial, helvetica, sans-serif; font-size: x-small;\" href=\"https:\/\/welcome-ontour.de\/wordpress\/index.php\/2011-10-19\/\">fazit<\/a><span style=\"font-family: arial, helvetica, sans-serif; font-size: x-small;\">\u00a0\u00a0<\/span><\/p>\n<p style=\"text-align: center;\">\u00a0<a style=\"font-family: arial, helvetica, sans-serif; font-size: small;\" href=\"https:\/\/welcome-ontour.de\/wordpress\/index.php\/2011-10-06\/\">&lt; Zur\u00fcck<\/a><span style=\"font-family: arial, helvetica, sans-serif; font-size: small;\">\u00a0 \u00a0 \u00a0 \u00a0 \u00a0 \u00a0 \u00a0 \u00a0 \u00a0 \u00a0 \u00a0 \u00a0 \u00a0 \u00a0 \u00a0 \u00a0 \u00a0 \u00a0 \u00a0 \u00a0 \u00a0 \u00a0 \u00a0 \u00a0 \u00a0 \u00a0 \u00a0 \u00a0 \u00a0 \u00a0 \u00a0 \u00a0 \u00a0 \u00a0 \u00a0 \u00a0 \u00a0 \u00a0 \u00a0 \u00a0 \u00a0 \u00a0 \u00a0 \u00a0 \u00a0 \u00a0 \u00a0 \u00a0 \u00a0 \u00a0 \u00a0 \u00a0 \u00a0 \u00a0 \u00a0 \u00a0 \u00a0 \u00a0 \u00a0 \u00a0 \u00a0 \u00a0 \u00a0 \u00a0 \u00a0 \u00a0 \u00a0 \u00a0 \u00a0 \u00a0 \u00a0 \u00a0 \u00a0 \u00a0 \u00a0 \u00a0 \u00a0 \u00a0 \u00a0 \u00a0 \u00a0 \u00a0 \u00a0 \u00a0 \u00a0 \u00a0 \u00a0 \u00a0 \u00a0 \u00a0 \u00a0 \u00a0 \u00a0 \u00a0 \u00a0 \u00a0 \u00a0 \u00a0 \u00a0 \u00a0 \u00a0 \u00a0 \u00a0 \u00a0\u00a0<\/span><a style=\"font-family: arial, helvetica, sans-serif; font-size: small;\" href=\"https:\/\/welcome-ontour.de\/wordpress\/index.php\/2011-10-08\/\">Weiter &gt;<\/a><\/p>\n<p style=\"text-align: center;\"><span style=\"font-family: arial, helvetica, sans-serif; font-size: medium;\">\u00a0<\/span><\/p>\n<p style=\"text-align: center;\"><strong><span style=\"font-family: arial, helvetica, sans-serif; font-size: medium;\">Fr 7.10.2011, 1.Woche, 4.Tag<\/span><\/strong><\/p>\n<p style=\"text-align: center;\"><strong><span style=\"font-family: arial, helvetica, sans-serif; font-size: medium;\">Las Vegas \u2013 Phoenix<\/span><\/strong><\/p>\n<p style=\"text-align: center;\"><span style=\"font-family: arial, helvetica, sans-serif; font-size: medium;\">\u00a0<\/span><\/p>\n<p style=\"text-align: center;\"><span style=\"font-family: arial, helvetica, sans-serif; font-size: medium;\">Vor um elf geht kein Auge auf.<\/span><\/p>\n<p style=\"text-align: center;\"><span style=\"font-family: arial, helvetica, sans-serif; font-size: medium;\">Utes Erk\u00e4ltung hat sich nicht gebessert, eher im Gegenteil.<\/span><\/p>\n<p style=\"text-align: center;\"><span style=\"font-family: arial, helvetica, sans-serif; font-size: medium;\">Noch schlaftrunken checken wir telefonisch aus, schleppen unser Gep\u00e4ck ins Parkhaus des Harrahs,<\/span><\/p>\n<p style=\"text-align: center;\"><span style=\"font-family: arial, helvetica, sans-serif; font-size: medium;\">starten den Jeep und verlassen Las Vegas um zw\u00f6lf.<\/span><\/p>\n<p style=\"text-align: center;\"><span style=\"font-family: arial, helvetica, sans-serif; font-size: medium;\">Eigentlich war ein Stopp am Hooverdam geplant, sind aber in dem Zustand nicht interessiert.<\/span><\/p>\n<p style=\"text-align: center;\"><span style=\"font-family: arial, helvetica, sans-serif; font-size: medium;\">\u00a0<\/span><\/p>\n<p style=\"text-align: center;\"><span style=\"font-family: arial, helvetica, sans-serif; font-size: medium;\"><img decoding=\"async\" class=\" size-full wp-image-444\" title=\"Highway 95\" src=\"https:\/\/welcome-ontour.de\/wordpress\/wp-content\/uploads\/2012\/08\/phoca_thumb_l_2011-10-07-01-img_6073.jpg\" width=\"600\" height=\"452\" border=\"0\" srcset=\"https:\/\/welcome-ontour.de\/wordpress\/wp-content\/uploads\/2012\/08\/phoca_thumb_l_2011-10-07-01-img_6073.jpg 600w, https:\/\/welcome-ontour.de\/wordpress\/wp-content\/uploads\/2012\/08\/phoca_thumb_l_2011-10-07-01-img_6073-300x226.jpg 300w\" sizes=\"(max-width: 600px) 100vw, 600px\" \/><\/span><\/p>\n<p style=\"text-align: center;\"><span style=\"font-family: arial, helvetica, sans-serif; font-size: medium;\">\u00a0<\/span><\/p>\n<p style=\"text-align: center;\"><span style=\"font-family: arial, helvetica, sans-serif; font-size: medium;\">Nach relativ eint\u00f6niger Fahrt erreichen wir Kingman, wo es bei JB\u2019s einen Lunch und viel Kaffee gibt.<\/span><\/p>\n<p style=\"text-align: center;\"><span style=\"font-family: arial, helvetica, sans-serif; font-size: medium;\">Via I-40 und Highway 95 kommt etwa halb f\u00fcnf zum ersten Mal Phoenix in Sichtweite.<\/span><\/p>\n<p style=\"text-align: center;\"><span style=\"font-family: arial, helvetica, sans-serif; font-size: medium;\">\u00a0<\/span><\/p>\n<p style=\"text-align: center;\"><a href=\"https:\/\/welcome-ontour.de\/wordpress\/wp-content\/uploads\/2012\/08\/phoca_thumb_l_2011-10-07-02-img_6080-kopie.jpg\" target=\"_blank\" rel=\"noopener noreferrer\"><span style=\"font-family: arial, helvetica, sans-serif; font-size: medium;\"><img decoding=\"async\" class=\" size-full wp-image-445\" title=\"Highway 95\" src=\"https:\/\/welcome-ontour.de\/wordpress\/wp-content\/uploads\/2012\/08\/phoca_thumb_l_2011-10-07-02-img_6080-kopie.jpg\" width=\"600\" height=\"450\" border=\"0\" srcset=\"https:\/\/welcome-ontour.de\/wordpress\/wp-content\/uploads\/2012\/08\/phoca_thumb_l_2011-10-07-02-img_6080-kopie.jpg 1332w, https:\/\/welcome-ontour.de\/wordpress\/wp-content\/uploads\/2012\/08\/phoca_thumb_l_2011-10-07-02-img_6080-kopie-300x225.jpg 300w, https:\/\/welcome-ontour.de\/wordpress\/wp-content\/uploads\/2012\/08\/phoca_thumb_l_2011-10-07-02-img_6080-kopie-1024x769.jpg 1024w, https:\/\/welcome-ontour.de\/wordpress\/wp-content\/uploads\/2012\/08\/phoca_thumb_l_2011-10-07-02-img_6080-kopie-768x577.jpg 768w\" sizes=\"(max-width: 600px) 100vw, 600px\" \/><\/span><\/a><\/p>\n<p style=\"text-align: center;\"><span style=\"font-family: arial, helvetica, sans-serif; font-size: medium;\">\u00a0<\/span><\/p>\n<p style=\"text-align: center;\"><a href=\"https:\/\/welcome-ontour.de\/wordpress\/wp-content\/uploads\/2012\/08\/phoca_thumb_l_2011-10-07-03-img_6087-kopie.jpg\" target=\"_blank\" rel=\"noopener noreferrer\"><span style=\"font-family: arial, helvetica, sans-serif; font-size: medium;\"><img decoding=\"async\" class=\" size-full wp-image-446\" title=\"Klick mich\" src=\"https:\/\/welcome-ontour.de\/wordpress\/wp-content\/uploads\/2012\/08\/phoca_thumb_l_2011-10-07-03-img_6087-kopie.jpg\" width=\"600\" height=\"450\" border=\"0\" srcset=\"https:\/\/welcome-ontour.de\/wordpress\/wp-content\/uploads\/2012\/08\/phoca_thumb_l_2011-10-07-03-img_6087-kopie.jpg 1332w, https:\/\/welcome-ontour.de\/wordpress\/wp-content\/uploads\/2012\/08\/phoca_thumb_l_2011-10-07-03-img_6087-kopie-300x225.jpg 300w, https:\/\/welcome-ontour.de\/wordpress\/wp-content\/uploads\/2012\/08\/phoca_thumb_l_2011-10-07-03-img_6087-kopie-1024x769.jpg 1024w, https:\/\/welcome-ontour.de\/wordpress\/wp-content\/uploads\/2012\/08\/phoca_thumb_l_2011-10-07-03-img_6087-kopie-768x577.jpg 768w\" sizes=\"(max-width: 600px) 100vw, 600px\" \/><\/span><\/a><\/p>\n<p style=\"text-align: center;\"><span style=\"font-family: arial, helvetica, sans-serif; font-size: medium;\">\u00a0<\/span><\/p>\n<p style=\"text-align: center;\"><span style=\"font-family: arial, helvetica, sans-serif; font-size: medium;\">Eine Stunde sp\u00e4ter sind wir an unserem Hotel f\u00fcr die n\u00e4chsten zwei N\u00e4chte in <a href=\"http:\/\/www.tempe.gov\/\" target=\"_blank\" rel=\"noopener noreferrer\">Tempe<\/a>.<\/span><\/p>\n<p style=\"text-align: center;\"><span style=\"font-family: arial, helvetica, sans-serif; font-size: medium;\">Fiesta Resort Convention Center, von Priceline f\u00fcr 46$ Gebot zugewiesen.<\/span><\/p>\n<p style=\"text-align: center;\"><span style=\"font-family: arial, helvetica, sans-serif; font-size: medium;\">\u00a0<\/span><\/p>\n<p style=\"text-align: center;\"><span style=\"font-family: arial, helvetica, sans-serif; font-size: medium;\"><img decoding=\"async\" class=\" size-full wp-image-447\" title=\"Tempe Fiesta\" src=\"https:\/\/welcome-ontour.de\/wordpress\/wp-content\/uploads\/2012\/08\/phoca_thumb_l_2011-10-07-04-img_6101.jpg\" width=\"600\" height=\"451\" border=\"0\" srcset=\"https:\/\/welcome-ontour.de\/wordpress\/wp-content\/uploads\/2012\/08\/phoca_thumb_l_2011-10-07-04-img_6101.jpg 600w, https:\/\/welcome-ontour.de\/wordpress\/wp-content\/uploads\/2012\/08\/phoca_thumb_l_2011-10-07-04-img_6101-300x226.jpg 300w\" sizes=\"(max-width: 600px) 100vw, 600px\" \/><\/span><\/p>\n<p style=\"text-align: center;\"><span style=\"font-family: arial, helvetica, sans-serif; font-size: medium;\">\u00a0<\/span><\/p>\n<p style=\"text-align: center;\"><span style=\"font-family: arial, helvetica, sans-serif; font-size: medium;\">Ute geht es dank Complex Medizin wieder etwas besser.<\/span><\/p>\n<p style=\"text-align: center;\"><span style=\"font-family: arial, helvetica, sans-serif; font-size: medium;\">Im Hotel bekommen wir einen sch\u00f6nen Room mit K\u00fchlschrank und zwei bequemen Queensize Betten.<\/span><\/p>\n<p style=\"text-align: center;\"><span style=\"font-family: arial, helvetica, sans-serif; font-size: medium;\">\u00a0<\/span><\/p>\n<p style=\"text-align: center;\"><span style=\"font-family: arial, helvetica, sans-serif; font-size: medium;\"><img decoding=\"async\" class=\" size-full wp-image-448\" title=\"Two Queens Standard\" src=\"https:\/\/welcome-ontour.de\/wordpress\/wp-content\/uploads\/2012\/08\/phoca_thumb_l_2011-10-07-05-img_6093.jpg\" width=\"350\" height=\"264\" border=\"0\" srcset=\"https:\/\/welcome-ontour.de\/wordpress\/wp-content\/uploads\/2012\/08\/phoca_thumb_l_2011-10-07-05-img_6093.jpg 350w, https:\/\/welcome-ontour.de\/wordpress\/wp-content\/uploads\/2012\/08\/phoca_thumb_l_2011-10-07-05-img_6093-300x226.jpg 300w\" sizes=\"(max-width: 350px) 100vw, 350px\" \/><\/span><\/p>\n<p style=\"text-align: center;\"><span style=\"font-family: arial, helvetica, sans-serif; font-size: medium;\">\u00a0<\/span><\/p>\n<p style=\"text-align: center;\"><span style=\"font-family: arial, helvetica, sans-serif; font-size: medium;\">W\u00e4hrend Ute kurzzeitig die Betten auf Schlaftauglichkeit testet, geh ich eine Runde schwimmen.<\/span><\/p>\n<p style=\"text-align: center;\"><span style=\"font-family: arial, helvetica, sans-serif; font-size: medium;\">\u00a0<\/span><\/p>\n<p style=\"text-align: center;\"><span style=\"font-family: arial, helvetica, sans-serif; font-size: medium;\"><img decoding=\"async\" class=\" size-full wp-image-449\" title=\"Fiesta Pool\" src=\"https:\/\/welcome-ontour.de\/wordpress\/wp-content\/uploads\/2012\/08\/phoca_thumb_l_2011-10-07-06-dsc02729.jpg\" width=\"600\" height=\"403\" border=\"0\" srcset=\"https:\/\/welcome-ontour.de\/wordpress\/wp-content\/uploads\/2012\/08\/phoca_thumb_l_2011-10-07-06-dsc02729.jpg 600w, https:\/\/welcome-ontour.de\/wordpress\/wp-content\/uploads\/2012\/08\/phoca_thumb_l_2011-10-07-06-dsc02729-300x202.jpg 300w\" sizes=\"(max-width: 600px) 100vw, 600px\" \/><\/span><\/p>\n<p style=\"text-align: center;\"><span style=\"font-family: arial, helvetica, sans-serif; font-size: medium;\">\u00a0<\/span><\/p>\n<p style=\"text-align: center;\"><span style=\"font-family: arial, helvetica, sans-serif; font-size: medium;\">Das Wasser hat gef\u00fchlte 30\u00b0C.<\/span><\/p>\n<p style=\"text-align: center;\"><span style=\"font-family: arial, helvetica, sans-serif; font-size: medium;\">Kurz danach treffen Uli und Volker ein, mit denen wir die n\u00e4chsten Tage in S\u00fcd-Arizona verbringen werden.<\/span><\/p>\n<p style=\"text-align: center;\"><span style=\"font-family: arial, helvetica, sans-serif; font-size: medium;\">Auch sie sind hier einquartiert, ebenso wie wir in Tucson die gleiche Unterkunft von Priceline<\/span><\/p>\n<p style=\"text-align: center;\"><span style=\"font-family: arial, helvetica, sans-serif; font-size: medium;\">zugewiesen bekommen haben.<\/span><\/p>\n<p style=\"text-align: center;\"><span style=\"font-family: arial, helvetica, sans-serif; font-size: medium;\">Wir fahren in die <a href=\"http:\/\/www.millavenue.com\/\" target=\"_blank\" rel=\"noopener noreferrer\">South Mill Avenue<\/a>\u00a0in den Uni-Distrikt von Tempe.<\/span><\/p>\n<p style=\"text-align: center;\"><span style=\"font-family: arial, helvetica, sans-serif; font-size: medium;\">Hier ist Freitagabend richtig was los und im Gegensatz zu Las Vegas<\/span><\/p>\n<p style=\"text-align: center;\"><span style=\"font-family: arial, helvetica, sans-serif; font-size: medium;\">sind hier auch abends noch angenehme Temperaturen, zumindest drau\u00dfen.<\/span><\/p>\n<p style=\"text-align: center;\"><span style=\"font-family: arial, helvetica, sans-serif; font-size: medium;\">In der <a href=\"http:\/\/www.gordonbiersch.com\/locations\/tempe-az\" target=\"_blank\" rel=\"noopener noreferrer\">Biersch Gordon Brewery<\/a>\u00a0bekommen wir einen Tisch direkt unter den Austrittsd\u00fcsen der Klimaanlage.<\/span><\/p>\n<p style=\"text-align: center;\"><span style=\"font-family: arial, helvetica, sans-serif; font-size: medium;\">Essen und selbstgebrautes Bier sind nicht unbedingt empfehlenswert.<\/span><\/p>\n<p style=\"text-align: center;\"><span style=\"font-family: arial, helvetica, sans-serif; font-size: medium;\">Au\u00dferdem ist es nicht gerade g\u00fcnstig, hier zu speisen.<\/span><\/p>\n<p style=\"text-align: center;\"><span style=\"font-family: arial, helvetica, sans-serif; font-size: medium;\">Anschlie\u00dfend gibt es einen Spaziergang durch die Stores und den Besuch des ungleich gem\u00fctlicheren <a href=\"http:\/\/www.fattuesdaytempe.com\/\" target=\"_blank\" rel=\"noopener noreferrer\">Fat Tuesday<\/a><br \/><\/span><\/p>\n<p style=\"text-align: center;\"><span style=\"font-family: arial, helvetica, sans-serif; font-size: medium;\">mit schon wieder leckeren 190 octanigem Gemisch.<\/span><\/p>\n<p style=\"text-align: center;\"><span style=\"font-family: arial, helvetica, sans-serif; font-size: medium;\">\u00a0<\/span><\/p>\n<p style=\"text-align: center;\"><span style=\"font-family: arial, helvetica, sans-serif; font-size: medium;\"><img decoding=\"async\" class=\" size-full wp-image-450\" title=\"570 Octan\" src=\"https:\/\/welcome-ontour.de\/wordpress\/wp-content\/uploads\/2012\/08\/phoca_thumb_l_2011-10-07-07-blb02.jpg\" width=\"600\" height=\"451\" border=\"0\" srcset=\"https:\/\/welcome-ontour.de\/wordpress\/wp-content\/uploads\/2012\/08\/phoca_thumb_l_2011-10-07-07-blb02.jpg 600w, https:\/\/welcome-ontour.de\/wordpress\/wp-content\/uploads\/2012\/08\/phoca_thumb_l_2011-10-07-07-blb02-300x226.jpg 300w\" sizes=\"(max-width: 600px) 100vw, 600px\" \/><\/span><\/p>\n<p style=\"text-align: center;\"><span style=\"font-family: arial, helvetica, sans-serif; font-size: medium;\">\u00a0<\/span><\/p>\n<p style=\"text-align: center;\"><span style=\"font-family: arial, helvetica, sans-serif; font-size: medium;\">Geschafft sind wir erst nach zehn wieder im Fiesta Resort, verabreden uns f\u00fcr morgen Nachmittag am Pool<\/span><\/p>\n<p style=\"text-align: center;\"><span style=\"font-family: arial, helvetica, sans-serif; font-size: medium;\">und besteigen die hohen Betten zum tiefen Schlaf.<\/span><\/p>\n<p style=\"text-align: center;\"><span style=\"font-family: arial, helvetica, sans-serif; font-size: medium;\">\u00a0<\/span><\/p>\n<p style=\"text-align: center;\"><span style=\"font-family: arial, helvetica, sans-serif; font-size: medium;\">Gefahrene Meilen \/ Kilometer: 315 \/ 507<\/span><\/p>\n<p style=\"text-align: center;\"><span style=\"font-family: arial, helvetica, sans-serif; font-size: medium;\">\u00a0<\/span><\/p>\n<p style=\"text-align: center;\"><span style=\"font-family: arial, helvetica, sans-serif; font-size: medium;\">\u00dcbernachtung: <a href=\"http:\/\/www.fiestainnresort.com\/\" target=\"_blank\" rel=\"noopener noreferrer\">Fiesta Resort Convention Center<\/a>, Tempe, Arizona, 56$ ****<\/span><\/p>\n<p style=\"text-align: center;\"><span style=\"font-family: arial, helvetica, sans-serif; font-size: medium;\">\u00a0<\/span><\/p>\n<p style=\"text-align: center;\"><span style=\"font-family: arial, helvetica, sans-serif; font-size: small;\"><a href=\"https:\/\/welcome-ontour.de\/wordpress\/index.php\/2011-10-06\/\">&lt; Zur\u00fcck<\/a>\u00a0 \u00a0 \u00a0 \u00a0 \u00a0 \u00a0 \u00a0 \u00a0 \u00a0 \u00a0 \u00a0 \u00a0 \u00a0 \u00a0 \u00a0 \u00a0 \u00a0 \u00a0 \u00a0 \u00a0 \u00a0 \u00a0 \u00a0 \u00a0 \u00a0 \u00a0 \u00a0 \u00a0 \u00a0 \u00a0 \u00a0 \u00a0 \u00a0 \u00a0 \u00a0 \u00a0 \u00a0 \u00a0 \u00a0 \u00a0 \u00a0 \u00a0 \u00a0 \u00a0 \u00a0 \u00a0 \u00a0 \u00a0 \u00a0 \u00a0 \u00a0 \u00a0 \u00a0 \u00a0 \u00a0 \u00a0 \u00a0 \u00a0 \u00a0 \u00a0 \u00a0 \u00a0 \u00a0 \u00a0 \u00a0 \u00a0 \u00a0 \u00a0 \u00a0 \u00a0 \u00a0 \u00a0 \u00a0 \u00a0 \u00a0 \u00a0 \u00a0 \u00a0 \u00a0 \u00a0 \u00a0 \u00a0 \u00a0 \u00a0 \u00a0 \u00a0 \u00a0 \u00a0 \u00a0 \u00a0 \u00a0 \u00a0 \u00a0 \u00a0 \u00a0 \u00a0 \u00a0 \u00a0 \u00a0 \u00a0 \u00a0 \u00a0 \u00a0 \u00a0\u00a0<a href=\"https:\/\/welcome-ontour.de\/wordpress\/index.php\/2011-10-08\/\">Weiter &gt;<\/a>\u00a0<\/span><\/p>\n","protected":false},"excerpt":{"rendered":"<p>\u00a0prolog\u00a0&#8211;\u00a0hinflug\u00a0&#8211;\u00a0laughlin\u00a0&#8211;\u00a0las vegas\u00a0&#8211;\u00a0phoenix\u00a0&#8211;\u00a0tucson\u00a0&#8211;\u00a0watson lake\u00a0&#8211;\u00a029 palms\u00a0&#8211;\u00a0joshua tree\u00a0&#8211;\u00a0san diego\u00a0&#8211;\u00a0r\u00fcckflug\u00a0&#8211;\u00a0fazit\u00a0\u00a0 \u00a0&lt; Zur\u00fcck\u00a0 \u00a0 \u00a0 \u00a0 \u00a0 \u00a0 \u00a0 \u00a0 \u00a0 \u00a0 \u00a0 \u00a0 \u00a0 \u00a0 \u00a0 \u00a0 \u00a0 \u00a0 \u00a0 \u00a0 \u00a0 \u00a0 \u00a0 \u00a0 \u00a0 \u00a0 \u00a0 \u00a0 \u00a0 \u00a0 \u00a0 \u00a0 \u00a0 \u00a0 \u00a0 \u00a0 \u00a0 \u00a0 \u00a0 \u00a0 \u00a0 \u00a0 \u00a0 \u00a0 \u00a0 \u00a0 \u00a0 \u00a0 \u00a0 \u00a0 \u00a0 \u00a0 \u00a0 \u00a0 \u00a0 \u00a0 \u00a0 \u00a0 \u00a0 \u00a0 \u00a0 \u00a0 \u00a0 \u00a0 \u00a0 \u00a0 \u00a0 \u00a0 \u00a0 \u00a0 \u00a0 \u00a0 \u00a0 \u00a0 \u00a0 \u00a0 \u00a0 \u00a0 \u00a0 \u00a0 \u00a0 \u00a0 \u00a0 \u00a0 \u00a0 \u00a0 \u00a0 \u00a0 \u00a0 \u00a0 \u00a0 \u00a0 \u00a0 \u00a0 \u00a0 \u00a0 \u00a0 \u00a0 \u00a0 \u00a0 \u00a0 \u00a0 \u00a0 \u00a0\u00a0Weiter &gt; \u00a0 Fr 7.10.2011, 1.Woche, 4.Tag Las Vegas \u2013 Phoenix \u00a0 Vor um elf geht kein Auge auf. Utes Erk\u00e4ltung hat sich nicht gebessert, eher im Gegenteil. Noch schlaftrunken checken wir telefonisch aus, schleppen unser Gep\u00e4ck ins Parkhaus des Harrahs, starten den Jeep und verlassen Las Vegas um zw\u00f6lf. Eigentlich war ein Stopp am Hooverdam geplant, sind aber in dem Zustand nicht interessiert. \u00a0 \u00a0 Nach relativ eint\u00f6niger Fahrt erreichen wir Kingman, wo es bei JB\u2019s einen Lunch und viel Kaffee gibt. Via I-40 und Highway 95 kommt etwa halb f\u00fcnf zum ersten Mal Phoenix in Sichtweite. \u00a0 \u00a0 \u00a0 Eine Stunde sp\u00e4ter sind wir an unserem Hotel f\u00fcr die n\u00e4chsten zwei N\u00e4chte in Tempe. Fiesta Resort Convention Center, von Priceline f\u00fcr 46$ Gebot zugewiesen. \u00a0 \u00a0 Ute geht es dank Complex Medizin wieder etwas besser. Im Hotel bekommen wir einen sch\u00f6nen Room mit K\u00fchlschrank und zwei bequemen Queensize Betten. \u00a0 \u00a0 W\u00e4hrend Ute kurzzeitig die Betten auf Schlaftauglichkeit testet, geh ich eine Runde schwimmen. \u00a0 \u00a0 Das Wasser hat gef\u00fchlte 30\u00b0C. Kurz danach treffen Uli und Volker ein, mit denen wir die n\u00e4chsten Tage in S\u00fcd-Arizona verbringen werden. Auch sie sind hier einquartiert, ebenso wie wir in Tucson die gleiche Unterkunft von Priceline zugewiesen bekommen haben. Wir fahren in die South Mill Avenue\u00a0in den Uni-Distrikt von Tempe. Hier ist Freitagabend richtig was los und im Gegensatz zu Las Vegas sind hier auch abends noch angenehme Temperaturen, zumindest drau\u00dfen. In der Biersch Gordon Brewery\u00a0bekommen wir einen Tisch direkt unter den Austrittsd\u00fcsen der Klimaanlage. Essen und selbstgebrautes Bier sind nicht unbedingt empfehlenswert. Au\u00dferdem ist es nicht gerade g\u00fcnstig, hier zu speisen. Anschlie\u00dfend gibt es einen Spaziergang durch die Stores und den Besuch des ungleich gem\u00fctlicheren Fat Tuesday mit schon wieder leckeren 190 octanigem Gemisch. \u00a0 \u00a0 Geschafft sind wir erst nach zehn wieder im Fiesta Resort, verabreden uns f\u00fcr morgen Nachmittag am Pool und besteigen die hohen Betten zum tiefen Schlaf. \u00a0 Gefahrene Meilen \/ Kilometer: 315 \/ 507 \u00a0 \u00dcbernachtung: Fiesta Resort Convention Center, Tempe, Arizona, 56$ **** \u00a0 &lt; Zur\u00fcck\u00a0 \u00a0 \u00a0 \u00a0 \u00a0 \u00a0 \u00a0 \u00a0 \u00a0 \u00a0 \u00a0 \u00a0 \u00a0 \u00a0 \u00a0 \u00a0 \u00a0 \u00a0 \u00a0 \u00a0 \u00a0 \u00a0 \u00a0 \u00a0 \u00a0 \u00a0 \u00a0 \u00a0 \u00a0 \u00a0 \u00a0 \u00a0 \u00a0 \u00a0 \u00a0 \u00a0 \u00a0 \u00a0 \u00a0 \u00a0 \u00a0 \u00a0 \u00a0 \u00a0 \u00a0 \u00a0 \u00a0 \u00a0 \u00a0 \u00a0 \u00a0 \u00a0 \u00a0 \u00a0 \u00a0 \u00a0 \u00a0 \u00a0 \u00a0 \u00a0 \u00a0 \u00a0 \u00a0 \u00a0 \u00a0 \u00a0 \u00a0 \u00a0 \u00a0 \u00a0 \u00a0 \u00a0 \u00a0 \u00a0 \u00a0 \u00a0 \u00a0 \u00a0 \u00a0 \u00a0 \u00a0 \u00a0 \u00a0 \u00a0 \u00a0 \u00a0 \u00a0 \u00a0 \u00a0 \u00a0 \u00a0 \u00a0 \u00a0 \u00a0 \u00a0 \u00a0 \u00a0 \u00a0 \u00a0 \u00a0 \u00a0 \u00a0 \u00a0 \u00a0\u00a0Weiter &gt;\u00a0<\/p>\n","protected":false},"author":1,"featured_media":444,"parent":0,"menu_order":5,"comment_status":"closed","ping_status":"closed","template":"","meta":{"footnotes":""},"class_list":["post-451","page","type-page","status-publish","has-post-thumbnail","hentry"],"_links":{"self":[{"href":"https:\/\/welcome-ontour.de\/wordpress\/index.php\/wp-json\/wp\/v2\/pages\/451","targetHints":{"allow":["GET"]}}],"collection":[{"href":"https:\/\/welcome-ontour.de\/wordpress\/index.php\/wp-json\/wp\/v2\/pages"}],"about":[{"href":"https:\/\/welcome-ontour.de\/wordpress\/index.php\/wp-json\/wp\/v2\/types\/page"}],"author":[{"embeddable":true,"href":"https:\/\/welcome-ontour.de\/wordpress\/index.php\/wp-json\/wp\/v2\/users\/1"}],"replies":[{"embeddable":true,"href":"https:\/\/welcome-ontour.de\/wordpress\/index.php\/wp-json\/wp\/v2\/comments?post=451"}],"version-history":[{"count":1,"href":"https:\/\/welcome-ontour.de\/wordpress\/index.php\/wp-json\/wp\/v2\/pages\/451\/revisions"}],"predecessor-version":[{"id":2929,"href":"https:\/\/welcome-ontour.de\/wordpress\/index.php\/wp-json\/wp\/v2\/pages\/451\/revisions\/2929"}],"wp:featuredmedia":[{"embeddable":true,"href":"https:\/\/welcome-ontour.de\/wordpress\/index.php\/wp-json\/wp\/v2\/media\/444"}],"wp:attachment":[{"href":"https:\/\/welcome-ontour.de\/wordpress\/index.php\/wp-json\/wp\/v2\/media?parent=451"}],"curies":[{"name":"wp","href":"https:\/\/api.w.org\/{rel}","templated":true}]}}