{"id":4225,"date":"2013-03-01T09:25:20","date_gmt":"2013-03-01T09:25:20","guid":{"rendered":"https:\/\/welcome-ontour.de\/wordpress\/index.php\/2013-01-23-prolog\/"},"modified":"2022-06-30T23:07:30","modified_gmt":"2022-06-30T23:07:30","slug":"2013-01-23-prolog","status":"publish","type":"page","link":"https:\/\/welcome-ontour.de\/wordpress\/index.php\/2013-01-23-prolog\/","title":{"rendered":"2013 01 23 prolog"},"content":{"rendered":"<p style=\"text-align: center;\"><span style=\"font-family: arial, helvetica, sans-serif; font-size: x-small;\"><a href=\"https:\/\/welcome-ontour.de\/wordpress\/index.php\/2013-01-23-prolog\/\">prolog<\/a> &#8211; <a href=\"https:\/\/welcome-ontour.de\/wordpress\/index.php\/2013-01-24\/\">hinflug<\/a> &#8211; <a href=\"https:\/\/welcome-ontour.de\/wordpress\/index.php\/2013-01-25\/\">florida keys<\/a> &#8211; <a href=\"https:\/\/welcome-ontour.de\/wordpress\/index.php\/2013-01-26\/\">key biscayne<\/a> &#8211; <a href=\"https:\/\/welcome-ontour.de\/wordpress\/index.php\/2013-01-27\/\">south beach<\/a> &#8211; <a href=\"https:\/\/welcome-ontour.de\/wordpress\/index.php\/2013-01-28-1\/\">70.000 tons (1)<\/a> &#8211; <a href=\"https:\/\/welcome-ontour.de\/wordpress\/index.php\/2013-01-30-1\/\">grand turk<\/a> &#8211; <a href=\"https:\/\/welcome-ontour.de\/wordpress\/index.php\/2013-01-30-2\/\">70.000 tons (2)<\/a> &#8211; <a href=\"https:\/\/welcome-ontour.de\/wordpress\/index.php\/2013-02-01\/\">sanibel<\/a> &#8211; <a href=\"https:\/\/welcome-ontour.de\/wordpress\/index.php\/2013-02-04\/\">sarasota<\/a> &#8211; <a href=\"https:\/\/welcome-ontour.de\/wordpress\/index.php\/2013-02-06\/\">naples<\/a> &#8211; <a href=\"https:\/\/welcome-ontour.de\/wordpress\/index.php\/2013-02-07\/\">r\u00fcckflug<\/a> &#8211; <a href=\"https:\/\/welcome-ontour.de\/wordpress\/index.php\/2013-02-09-fazit\/\">fazit<\/a>\u00a0&#8211; \u00a0<a href=\"https:\/\/welcome-ontour.de\/wordpress\/index.php\/2013-02-10-autos\/\"><img decoding=\"async\" class=\" size-full wp-image-4222\" src=\"https:\/\/welcome-ontour.de\/wordpress\/wp-content\/uploads\/2013\/03\/phoca_thumb_l_piktogramm.jpg\" width=\"26\" height=\"9\" border=\"0\" \/><\/a><\/span><\/p>\n<p style=\"text-align: center;\"><span style=\"font-family: arial, helvetica, sans-serif; font-size: small;\"><a href=\"https:\/\/welcome-ontour.de\/wordpress\/index.php\/reiseberichte\/\">&lt; Reiseberichte<\/a> \u00a0 \u00a0 \u00a0 \u00a0 \u00a0 \u00a0 \u00a0 \u00a0 \u00a0 \u00a0 \u00a0 \u00a0 \u00a0 \u00a0 \u00a0 \u00a0 \u00a0 \u00a0 \u00a0 \u00a0 \u00a0 \u00a0 \u00a0 \u00a0 \u00a0 \u00a0 \u00a0 \u00a0 \u00a0 \u00a0 \u00a0 \u00a0 \u00a0 \u00a0 \u00a0 \u00a0 \u00a0 \u00a0 \u00a0 \u00a0 \u00a0 \u00a0 \u00a0 \u00a0 \u00a0 \u00a0 \u00a0 \u00a0 \u00a0 \u00a0 \u00a0 \u00a0 \u00a0 \u00a0 \u00a0 \u00a0 \u00a0 \u00a0 \u00a0 \u00a0 \u00a0 \u00a0 \u00a0 \u00a0 \u00a0 \u00a0 \u00a0 \u00a0 \u00a0 \u00a0 \u00a0 \u00a0 \u00a0 \u00a0 \u00a0 \u00a0 \u00a0 \u00a0 \u00a0 \u00a0 \u00a0 \u00a0 \u00a0 \u00a0 \u00a0 \u00a0 \u00a0 \u00a0 \u00a0 \u00a0 \u00a0 \u00a0 \u00a0 \u00a0 \u00a0 \u00a0 \u00a0 \u00a0 \u00a0<a href=\"https:\/\/welcome-ontour.de\/wordpress\/index.php\/2013-01-24\/\">Weiter &gt;<\/a><\/span><\/p>\n<p style=\"text-align: center;\"><strong><span style=\"font-family: arial, helvetica, sans-serif; font-size: xx-large;\">\u00a0<\/span><\/strong><\/p>\n<p style=\"text-align: center;\"><strong style=\"line-height: 1.3em;\"><span style=\"font-family: arial, helvetica, sans-serif; font-size: xx-large;\">Back In Black<\/span><\/strong><\/p>\n<p style=\"text-align: center;\"><span style=\"font-family: arial, helvetica, sans-serif; font-size: medium;\">\u00a0<\/span><\/p>\n<p style=\"text-align: center;\"><strong><span style=\"font-family: arial, helvetica, sans-serif; font-size: x-large;\">FLORIDA 2013<\/span><\/strong><\/p>\n<p style=\"text-align: center;\"><strong><span style=\"font-family: arial, helvetica, sans-serif; font-size: x-large;\">\u00a0<\/span><\/strong><\/p>\n<p style=\"text-align: center;\"><strong><span style=\"font-family: arial, helvetica, sans-serif; font-size: x-large;\"><img decoding=\"async\" class=\" size-full wp-image-4223\" title=\"BACK IN BLACK\" src=\"https:\/\/welcome-ontour.de\/wordpress\/wp-content\/uploads\/2013\/03\/phoca_thumb_l_back-in-black-florida-800px.png\" width=\"800\" height=\"290\" border=\"0\" srcset=\"https:\/\/welcome-ontour.de\/wordpress\/wp-content\/uploads\/2013\/03\/phoca_thumb_l_back-in-black-florida-800px.png 800w, https:\/\/welcome-ontour.de\/wordpress\/wp-content\/uploads\/2013\/03\/phoca_thumb_l_back-in-black-florida-800px-300x109.png 300w, https:\/\/welcome-ontour.de\/wordpress\/wp-content\/uploads\/2013\/03\/phoca_thumb_l_back-in-black-florida-800px-768x278.png 768w\" sizes=\"(max-width: 800px) 100vw, 800px\" \/><\/span><\/strong><\/p>\n<p style=\"text-align: center;\"><span style=\"font-family: arial, helvetica, sans-serif; font-size: medium;\">\u00a0<\/span><\/p>\n<p style=\"text-align: center;\"><span style=\"font-family: arial, helvetica, sans-serif; font-size: medium;\">\u00a0<\/span><\/p>\n<p style=\"text-align: center;\"><span style=\"font-family: arial, helvetica, sans-serif; font-size: medium;\">Schon als wir im Februar 2012\u00a0 aus Florida zur\u00fcck waren, <\/span><\/p>\n<p style=\"text-align: center;\"><span style=\"font-family: arial, helvetica, sans-serif; font-size: medium;\">war klar dass wir die n\u00e4chste <a href=\"http:\/\/www.70000tons.com\/\" target=\"_blank\" rel=\"noopener noreferrer\">Metal-Kreuzfahrt<\/a> wieder mit segeln wollen.<\/span><\/p>\n<p style=\"text-align: center;\"><span style=\"font-family: arial, helvetica, sans-serif; font-size: medium;\">Als dann <a href=\"http:\/\/www.airberlin.com\/site\/start.php?LANG=deu&amp;MARKT=DE\" target=\"_blank\" rel=\"noopener noreferrer\">Air Berlin<\/a> aufgrund der massiven R\u00fcckflugversp\u00e4tung Gutscheine raus r\u00fcckte, <\/span><\/p>\n<p style=\"text-align: center;\"><span style=\"font-family: arial, helvetica, sans-serif; font-size: medium;\">blieb uns fast nichts anderes mehr \u00fcbrig.<\/span><\/p>\n<p style=\"text-align: center;\"><span style=\"font-family: arial, helvetica, sans-serif; font-size: medium;\">Es geht also wieder nonstop von Berlin-Tegel nach Miami.<\/span><\/p>\n<p style=\"text-align: center;\"><span style=\"font-family: arial, helvetica, sans-serif; font-size: medium;\">Vor der Cruise bleiben wir vier Tage in Miami, nach der Kreuzfahrt geht es f\u00fcr eine Woche an die Golfk\u00fcste.<\/span><\/p>\n<p style=\"text-align: center;\"><span style=\"font-family: arial, helvetica, sans-serif; font-size: medium;\">\u00a0<\/span><\/p>\n<p style=\"text-align: center;\"><span style=\"font-family: arial, helvetica, sans-serif; font-size: medium;\">Packen am Vorabend dauert nicht mal eine Stunde, wir beschr\u00e4nken uns auf das n\u00f6tigste.<\/span><\/p>\n<p style=\"text-align: center;\"><span style=\"font-family: arial, helvetica, sans-serif; font-size: medium;\">Warme Jacken und lange Hosen nur f\u00fcr Hin- und R\u00fcckflug; keine aufwendige Wander- und Fotoausr\u00fcstung.<\/span><\/p>\n<p style=\"text-align: center;\"><span style=\"font-family: arial, helvetica, sans-serif; font-size: medium;\">Auf dem Schiff und im Cabrio brauchen wir das alles nicht und der Platz ist eh knapp.<\/span><\/p>\n<p style=\"text-align: center;\"><span style=\"font-family: arial, helvetica, sans-serif; font-size: medium;\">Die beiden fertig gepackten Trolleys wiegen jeweils nur 9 kg.<\/span><\/p>\n<p style=\"text-align: center;\"><span style=\"font-family: arial, helvetica, sans-serif; font-size: medium; line-height: 1.3em;\">Online Check In ist bei Air Berlin leider nicht m\u00f6glich.<\/span><\/p>\n<p style=\"text-align: center;\"><span style=\"font-family: arial, helvetica, sans-serif; font-size: medium; line-height: 1.3em;\">Das hei\u00dft, morgen fr\u00fch raus, ab zum Flughafen und dort anstellen.<\/span><\/p>\n<p style=\"text-align: center;\"><span style=\"font-family: arial, helvetica, sans-serif; font-size: medium; line-height: 1.3em;\">Wir sind voller Vorfreude auf die kommenden Tage.<\/span><\/p>\n<p style=\"text-align: center;\"><span style=\"font-family: arial, helvetica, sans-serif; font-size: medium;\">Zu recht, wie sich sp\u00e4ter herausstellen soll.<\/span><\/p>\n<p style=\"text-align: center;\"><span style=\"font-family: arial, helvetica, sans-serif; font-size: medium;\">\u00a0<\/span><\/p>\n<p style=\"text-align: center;\"><span style=\"font-family: arial, helvetica, sans-serif; font-size: medium;\">\u00a0<\/span><\/p>\n<p style=\"text-align: center;\"><span style=\"font-family: arial, helvetica, sans-serif; font-size: medium;\"><a href=\"https:\/\/welcome-ontour.de\/wordpress\/wp-content\/uploads\/2013\/03\/phoca_thumb_l_01-img_4040.jpg\" target=\"_blank\" rel=\"noopener noreferrer\"><img decoding=\"async\" class=\" size-full wp-image-4224\" style=\"border: 1px solid black;\" title=\"Golfcoast Naples - Klick\" src=\"https:\/\/welcome-ontour.de\/wordpress\/wp-content\/uploads\/2013\/03\/phoca_thumb_l_01-img_4040.jpg\" width=\"600\" height=\"451\" border=\"0\" srcset=\"https:\/\/welcome-ontour.de\/wordpress\/wp-content\/uploads\/2013\/03\/phoca_thumb_l_01-img_4040.jpg 1331w, https:\/\/welcome-ontour.de\/wordpress\/wp-content\/uploads\/2013\/03\/phoca_thumb_l_01-img_4040-300x225.jpg 300w, https:\/\/welcome-ontour.de\/wordpress\/wp-content\/uploads\/2013\/03\/phoca_thumb_l_01-img_4040-1024x769.jpg 1024w, https:\/\/welcome-ontour.de\/wordpress\/wp-content\/uploads\/2013\/03\/phoca_thumb_l_01-img_4040-768x577.jpg 768w\" sizes=\"(max-width: 600px) 100vw, 600px\" \/><\/a>\u00a0<\/span><\/p>\n<p style=\"text-align: center;\"><span style=\"font-family: arial, helvetica, sans-serif; font-size: medium;\">\u00a0<\/span><\/p>\n<p style=\"text-align: center;\"><span style=\"font-family: arial, helvetica, sans-serif; font-size: medium;\">\u00a0<\/span><\/p>\n<p style=\"text-align: center;\"><span style=\"font-family: arial, helvetica, sans-serif; font-size: small;\"><a href=\"https:\/\/welcome-ontour.de\/wordpress\/index.php\/reiseberichte\/\">&lt; Reiseberichte<\/a> \u00a0 \u00a0 \u00a0 \u00a0 \u00a0 \u00a0 \u00a0 \u00a0 \u00a0 \u00a0 \u00a0 \u00a0 \u00a0 \u00a0 \u00a0 \u00a0 \u00a0 \u00a0 \u00a0 \u00a0 \u00a0 \u00a0 \u00a0 \u00a0 \u00a0 \u00a0 \u00a0 \u00a0 \u00a0 \u00a0 \u00a0 \u00a0 \u00a0 \u00a0 \u00a0 \u00a0 \u00a0 \u00a0 \u00a0 \u00a0 \u00a0 \u00a0 \u00a0 \u00a0 \u00a0 \u00a0 \u00a0 \u00a0 \u00a0 \u00a0 \u00a0 \u00a0 \u00a0 \u00a0 \u00a0 \u00a0 \u00a0 \u00a0 \u00a0 \u00a0 \u00a0 \u00a0 \u00a0 \u00a0 \u00a0 \u00a0 \u00a0 \u00a0 \u00a0 \u00a0 \u00a0 \u00a0 \u00a0 \u00a0 \u00a0 \u00a0 \u00a0 \u00a0 \u00a0 \u00a0 \u00a0 \u00a0 \u00a0 \u00a0 \u00a0 \u00a0 \u00a0 \u00a0 \u00a0 \u00a0 \u00a0 \u00a0 \u00a0 \u00a0 \u00a0 \u00a0 \u00a0 \u00a0 \u00a0<a href=\"https:\/\/welcome-ontour.de\/wordpress\/index.php\/2013-01-24\/\">Weiter &gt;<\/a><br \/><\/span><\/p>\n","protected":false},"excerpt":{"rendered":"<p>prolog &#8211; hinflug &#8211; florida keys &#8211; key biscayne &#8211; south beach &#8211; 70.000 tons (1) &#8211; grand turk &#8211; 70.000 tons (2) &#8211; sanibel &#8211; sarasota &#8211; naples &#8211; r\u00fcckflug &#8211; fazit\u00a0&#8211; \u00a0 &lt; Reiseberichte \u00a0 \u00a0 \u00a0 \u00a0 \u00a0 \u00a0 \u00a0 \u00a0 \u00a0 \u00a0 \u00a0 \u00a0 \u00a0 \u00a0 \u00a0 \u00a0 \u00a0 \u00a0 \u00a0 \u00a0 \u00a0 \u00a0 \u00a0 \u00a0 \u00a0 \u00a0 \u00a0 \u00a0 \u00a0 \u00a0 \u00a0 \u00a0 \u00a0 \u00a0 \u00a0 \u00a0 \u00a0 \u00a0 \u00a0 \u00a0 \u00a0 \u00a0 \u00a0 \u00a0 \u00a0 \u00a0 \u00a0 \u00a0 \u00a0 \u00a0 \u00a0 \u00a0 \u00a0 \u00a0 \u00a0 \u00a0 \u00a0 \u00a0 \u00a0 \u00a0 \u00a0 \u00a0 \u00a0 \u00a0 \u00a0 \u00a0 \u00a0 \u00a0 \u00a0 \u00a0 \u00a0 \u00a0 \u00a0 \u00a0 \u00a0 \u00a0 \u00a0 \u00a0 \u00a0 \u00a0 \u00a0 \u00a0 \u00a0 \u00a0 \u00a0 \u00a0 \u00a0 \u00a0 \u00a0 \u00a0 \u00a0 \u00a0 \u00a0 \u00a0 \u00a0 \u00a0 \u00a0 \u00a0 \u00a0Weiter &gt; \u00a0 Back In Black \u00a0 FLORIDA 2013 \u00a0 \u00a0 \u00a0 Schon als wir im Februar 2012\u00a0 aus Florida zur\u00fcck waren, war klar dass wir die n\u00e4chste Metal-Kreuzfahrt wieder mit segeln wollen. Als dann Air Berlin aufgrund der massiven R\u00fcckflugversp\u00e4tung Gutscheine raus r\u00fcckte, blieb uns fast nichts anderes mehr \u00fcbrig. Es geht also wieder nonstop von Berlin-Tegel nach Miami. Vor der Cruise bleiben wir vier Tage in Miami, nach der Kreuzfahrt geht es f\u00fcr eine Woche an die Golfk\u00fcste. \u00a0 Packen am Vorabend dauert nicht mal eine Stunde, wir beschr\u00e4nken uns auf das n\u00f6tigste. Warme Jacken und lange Hosen nur f\u00fcr Hin- und R\u00fcckflug; keine aufwendige Wander- und Fotoausr\u00fcstung. Auf dem Schiff und im Cabrio brauchen wir das alles nicht und der Platz ist eh knapp. Die beiden fertig gepackten Trolleys wiegen jeweils nur 9 kg. Online Check In ist bei Air Berlin leider nicht m\u00f6glich. Das hei\u00dft, morgen fr\u00fch raus, ab zum Flughafen und dort anstellen. Wir sind voller Vorfreude auf die kommenden Tage. Zu recht, wie sich sp\u00e4ter herausstellen soll. \u00a0 \u00a0 \u00a0 \u00a0 \u00a0 &lt; Reiseberichte \u00a0 \u00a0 \u00a0 \u00a0 \u00a0 \u00a0 \u00a0 \u00a0 \u00a0 \u00a0 \u00a0 \u00a0 \u00a0 \u00a0 \u00a0 \u00a0 \u00a0 \u00a0 \u00a0 \u00a0 \u00a0 \u00a0 \u00a0 \u00a0 \u00a0 \u00a0 \u00a0 \u00a0 \u00a0 \u00a0 \u00a0 \u00a0 \u00a0 \u00a0 \u00a0 \u00a0 \u00a0 \u00a0 \u00a0 \u00a0 \u00a0 \u00a0 \u00a0 \u00a0 \u00a0 \u00a0 \u00a0 \u00a0 \u00a0 \u00a0 \u00a0 \u00a0 \u00a0 \u00a0 \u00a0 \u00a0 \u00a0 \u00a0 \u00a0 \u00a0 \u00a0 \u00a0 \u00a0 \u00a0 \u00a0 \u00a0 \u00a0 \u00a0 \u00a0 \u00a0 \u00a0 \u00a0 \u00a0 \u00a0 \u00a0 \u00a0 \u00a0 \u00a0 \u00a0 \u00a0 \u00a0 \u00a0 \u00a0 \u00a0 \u00a0 \u00a0 \u00a0 \u00a0 \u00a0 \u00a0 \u00a0 \u00a0 \u00a0 \u00a0 \u00a0 \u00a0 \u00a0 \u00a0 \u00a0Weiter &gt;<\/p>\n","protected":false},"author":1,"featured_media":4222,"parent":0,"menu_order":22,"comment_status":"closed","ping_status":"closed","template":"","meta":{"footnotes":""},"class_list":["post-4225","page","type-page","status-publish","has-post-thumbnail","hentry"],"_links":{"self":[{"href":"https:\/\/welcome-ontour.de\/wordpress\/index.php\/wp-json\/wp\/v2\/pages\/4225","targetHints":{"allow":["GET"]}}],"collection":[{"href":"https:\/\/welcome-ontour.de\/wordpress\/index.php\/wp-json\/wp\/v2\/pages"}],"about":[{"href":"https:\/\/welcome-ontour.de\/wordpress\/index.php\/wp-json\/wp\/v2\/types\/page"}],"author":[{"embeddable":true,"href":"https:\/\/welcome-ontour.de\/wordpress\/index.php\/wp-json\/wp\/v2\/users\/1"}],"replies":[{"embeddable":true,"href":"https:\/\/welcome-ontour.de\/wordpress\/index.php\/wp-json\/wp\/v2\/comments?post=4225"}],"version-history":[{"count":1,"href":"https:\/\/welcome-ontour.de\/wordpress\/index.php\/wp-json\/wp\/v2\/pages\/4225\/revisions"}],"predecessor-version":[{"id":14881,"href":"https:\/\/welcome-ontour.de\/wordpress\/index.php\/wp-json\/wp\/v2\/pages\/4225\/revisions\/14881"}],"wp:featuredmedia":[{"embeddable":true,"href":"https:\/\/welcome-ontour.de\/wordpress\/index.php\/wp-json\/wp\/v2\/media\/4222"}],"wp:attachment":[{"href":"https:\/\/welcome-ontour.de\/wordpress\/index.php\/wp-json\/wp\/v2\/media?parent=4225"}],"curies":[{"name":"wp","href":"https:\/\/api.w.org\/{rel}","templated":true}]}}