{"id":4206,"date":"2013-01-08T13:37:48","date_gmt":"2013-01-08T13:37:48","guid":{"rendered":"https:\/\/welcome-ontour.de\/wordpress\/index.php\/2006-09-29\/"},"modified":"2022-06-30T23:06:17","modified_gmt":"2022-06-30T23:06:17","slug":"2006-09-29","status":"publish","type":"page","link":"https:\/\/welcome-ontour.de\/wordpress\/index.php\/2006-09-29\/","title":{"rendered":"2006 09 29"},"content":{"rendered":"<p style=\"text-align: center;\"><span style=\"font-family: arial, helvetica, sans-serif; font-size: 8pt;\"><a href=\"https:\/\/welcome-ontour.de\/wordpress\/index.php\/2006-09-06-prolog\/\">Prolog<\/a> \u00a0 \u00a0 <a href=\"https:\/\/welcome-ontour.de\/wordpress\/index.php\/2006-09-07\/\">Hinflug<\/a> \u00a0 \u00a0 <a href=\"https:\/\/welcome-ontour.de\/wordpress\/index.php\/2006-09-08\/\">Zion<\/a> \u00a0 \u00a0 <a href=\"https:\/\/welcome-ontour.de\/wordpress\/index.php\/2006-09-11\/\">Moab<\/a> \u00a0 \u00a0 <a href=\"https:\/\/welcome-ontour.de\/wordpress\/index.php\/2006-09-15\/\">Yellowstone<\/a> \u00a0 \u00a0 <a href=\"https:\/\/welcome-ontour.de\/wordpress\/index.php\/2006-09-18\/\">Black Hills<\/a> \u00a0 \u00a0 <a href=\"https:\/\/welcome-ontour.de\/wordpress\/index.php\/2006-09-20\/\">Los Alamos<\/a> \u00a0 \u00a0 <a href=\"https:\/\/welcome-ontour.de\/wordpress\/index.php\/2006-09-23\/\">Sedona<\/a> \u00a0 \u00a0 <a href=\"https:\/\/welcome-ontour.de\/wordpress\/index.php\/2006-09-26\/\">Page<\/a> \u00a0 \u00a0 <a href=\"https:\/\/welcome-ontour.de\/wordpress\/index.php\/2006-09-28\/\">Las Vegas<\/a> \u00a0 \u00a0 <a href=\"https:\/\/welcome-ontour.de\/wordpress\/index.php\/2006-09-30\/\">R\u00fcckflug<\/a> \u00a0 \u00a0 <a href=\"https:\/\/welcome-ontour.de\/wordpress\/index.php\/2006-10-02-fazit\/\">Fazit<\/a><\/span><\/p>\n<p style=\"text-align: center;\"><span style=\"font-family: arial, helvetica, sans-serif; font-size: small;\">\u00a0<\/span><\/p>\n<p style=\"text-align: center;\"><span style=\"font-size: 10pt;\"><span style=\"font-family: arial, helvetica, sans-serif;\"><a href=\"https:\/\/welcome-ontour.de\/wordpress\/index.php\/2006-09-28\">&lt;&lt; Zur\u00fcck<\/a>\u00a0 \u00a0 \u00a0 \u00a0 \u00a0 \u00a0 \u00a0 \u00a0 \u00a0 \u00a0 \u00a0 \u00a0 \u00a0 \u00a0 \u00a0 \u00a0 \u00a0 \u00a0 \u00a0 \u00a0 \u00a0 \u00a0 \u00a0 \u00a0 \u00a0 \u00a0 \u00a0 \u00a0 \u00a0 \u00a0 \u00a0 \u00a0 \u00a0 \u00a0 \u00a0 \u00a0 \u00a0 \u00a0 \u00a0 \u00a0 \u00a0 \u00a0 \u00a0 \u00a0 \u00a0 \u00a0 \u00a0 \u00a0 \u00a0 \u00a0 \u00a0 \u00a0 \u00a0 \u00a0 \u00a0 \u00a0 \u00a0 \u00a0 \u00a0 \u00a0 \u00a0 \u00a0 \u00a0 \u00a0 \u00a0 \u00a0 \u00a0 \u00a0 \u00a0 \u00a0 \u00a0 \u00a0 \u00a0 \u00a0 \u00a0 \u00a0 \u00a0 \u00a0 \u00a0 \u00a0 \u00a0 \u00a0 \u00a0 \u00a0 \u00a0 \u00a0 \u00a0 \u00a0 \u00a0 \u00a0 \u00a0 \u00a0 \u00a0 \u00a0 \u00a0 \u00a0 \u00a0 \u00a0 \u00a0 \u00a0<\/span><a href=\"https:\/\/welcome-ontour.de\/wordpress\/index.php\/2006-09-30\"><span style=\"font-family: arial, helvetica, sans-serif; line-height: 1.3em;\">Weiter &gt;&gt;<\/span><\/a><\/span><\/p>\n<p style=\"text-align: center;\"><strong><span style=\"font-family: arial, helvetica, sans-serif; font-size: medium;\">Freitag, 29.9.06, 4.Woche, 23.Tag\u00a0\u00a0 <\/span><\/strong><\/p>\n<p style=\"text-align: center;\"><strong><span style=\"font-family: arial, helvetica, sans-serif; font-size: medium;\">Las Vegas<\/span><\/strong><\/p>\n<p style=\"text-align: center;\"><span style=\"font-family: arial, helvetica, sans-serif; font-size: medium;\">\u00a0<\/span><\/p>\n<p style=\"text-align: center;\"><span style=\"font-family: arial, helvetica, sans-serif; font-size: medium;\">Halb acht werden wir von Bines Anruf geweckt.<\/span><\/p>\n<p style=\"text-align: center;\"><span style=\"font-family: arial, helvetica, sans-serif; font-size: medium;\">Um acht gehen wir zum ihop fr\u00fchst\u00fccken.<\/span><\/p>\n<p style=\"text-align: center;\"><span style=\"font-family: arial, helvetica, sans-serif; font-size: medium;\">Wir laufen die 400 m und bemerken schnell,<\/span><\/p>\n<p style=\"text-align: center;\"><span style=\"font-family: arial, helvetica, sans-serif; font-size: medium;\">dass wir die einzigen sind, die zu Fu\u00df unterwegs sind.<\/span><\/p>\n<p style=\"text-align: center;\"><span style=\"font-family: arial, helvetica, sans-serif; font-size: medium;\">Bei ihop genie\u00dfen wir ein Superbreakfast<\/span><\/p>\n<p style=\"text-align: center;\"><span style=\"font-family: arial, helvetica, sans-serif; font-size: medium;\">und eine Stunde sp\u00e4ter sind wir am Hotel zur\u00fcck.<\/span><\/p>\n<p style=\"text-align: center;\"><span style=\"font-family: arial, helvetica, sans-serif; font-size: medium;\">Wir fahren zum Food-for-less, wo unsere Reise begonnen hat.<\/span><\/p>\n<p style=\"text-align: center;\"><span style=\"font-family: arial, helvetica, sans-serif; font-size: medium;\">Holen noch S\u00fc\u00dfigkeiten f\u00fcr zu Hause und Wein und Bier f\u00fcr heute abend.<\/span><\/p>\n<p style=\"text-align: center;\"><span style=\"font-family: arial, helvetica, sans-serif; font-size: medium;\">\u00a0<\/span><\/p>\n<p style=\"text-align: center;\"><span style=\"font-family: arial, helvetica, sans-serif; font-size: medium;\"><a href=\"https:\/\/welcome-ontour.de\/wordpress\/wp-content\/uploads\/2013\/01\/phoca_thumb_l_2006-09-29-1.jpg\" target=\"_blank\" rel=\"noopener noreferrer\"><img decoding=\"async\" class=\" size-full wp-image-4202\" style=\"border: 3px solid black;\" title=\"Food 4 Less\" src=\"https:\/\/welcome-ontour.de\/wordpress\/wp-content\/uploads\/2013\/01\/phoca_thumb_l_2006-09-29-1.jpg\" width=\"600\" height=\"450\" border=\"0\" srcset=\"https:\/\/welcome-ontour.de\/wordpress\/wp-content\/uploads\/2013\/01\/phoca_thumb_l_2006-09-29-1.jpg 1037w, https:\/\/welcome-ontour.de\/wordpress\/wp-content\/uploads\/2013\/01\/phoca_thumb_l_2006-09-29-1-300x225.jpg 300w, https:\/\/welcome-ontour.de\/wordpress\/wp-content\/uploads\/2013\/01\/phoca_thumb_l_2006-09-29-1-1024x768.jpg 1024w, https:\/\/welcome-ontour.de\/wordpress\/wp-content\/uploads\/2013\/01\/phoca_thumb_l_2006-09-29-1-768x576.jpg 768w\" sizes=\"(max-width: 600px) 100vw, 600px\" \/><\/a><\/span><\/p>\n<p style=\"text-align: center;\"><span style=\"font-family: arial, helvetica, sans-serif; font-size: medium;\">\u00a0<\/span><\/p>\n<p style=\"text-align: center;\"><span style=\"font-family: arial, helvetica, sans-serif; font-size: medium;\">Nachdem wir alles haben ist\u00b4s auch schon halb elf.<\/span><\/p>\n<p style=\"text-align: center;\"><span style=\"font-family: arial, helvetica, sans-serif; font-size: medium;\">Wir fahren nochmals zum Beltz Outlet, da Bine und Matti sich auch noch eindecken wollen.<\/span><\/p>\n<p style=\"text-align: center;\"><span style=\"font-family: arial, helvetica, sans-serif; font-size: medium;\">Wir essen auch gleich noch was und fahren dann wieder zum Hotel.<\/span><\/p>\n<p style=\"text-align: center;\"><span style=\"font-family: arial, helvetica, sans-serif; font-size: medium;\">Jetzt geht\u00b4s bei 40\u00b0 zum Pool, um im eiskalten Wasser zu baden.<\/span><\/p>\n<p style=\"text-align: center;\"><span style=\"font-family: arial, helvetica, sans-serif; font-size: medium;\">Wir sind m\u00fcde genug, um im Poolbereich fast an der Strasse abzuruhen.<\/span><\/p>\n<p style=\"text-align: center;\"><span style=\"font-family: arial, helvetica, sans-serif; font-size: medium;\">Die Jets vom nahe gelegenen Airport starten im Minutentakt \u00fcber unseren K\u00f6pfen.<\/span><\/p>\n<p style=\"text-align: center;\"><span style=\"font-family: arial, helvetica, sans-serif; font-size: medium;\">Etwa halb sechs gehen wir duschen<\/span><\/p>\n<p style=\"text-align: center;\"><span style=\"font-family: arial, helvetica, sans-serif; font-size: medium;\">und fahren dann ins alte Las Vegas in die Freemont Street.<\/span><\/p>\n<p style=\"text-align: center;\"><span style=\"font-family: arial, helvetica, sans-serif; font-size: medium;\">Zieht sich erstaunlich in die L\u00e4nge bis dahin.<\/span><\/p>\n<p style=\"text-align: center;\"><span style=\"font-family: arial, helvetica, sans-serif; font-size: medium;\">Fahren zum Parkplatz des Main Street Casino und stellen da f\u00fcr 2$ den Dodge ab.<\/span><\/p>\n<p style=\"text-align: center;\"><span style=\"font-family: arial, helvetica, sans-serif; font-size: medium;\">Dann laufen wir zur Freemont und durchstreifen die dortigen Stores und Shops.<\/span><\/p>\n<p style=\"text-align: center;\"><span style=\"font-family: arial, helvetica, sans-serif; font-size: medium;\">Gef\u00e4llt uns besser als der Strip.<\/span><\/p>\n<p style=\"text-align: center;\"><span style=\"font-family: arial, helvetica, sans-serif; font-size: medium;\">Als die Dunkelheit einsetzt, geht \u00fcber unseren K\u00f6pfen die Lasershow los.<\/span><\/p>\n<p style=\"text-align: center;\"><span style=\"font-family: arial, helvetica, sans-serif; font-size: medium;\">Ist zum Teil beeindruckend aber auch recht kitschig.<\/span><\/p>\n<p style=\"text-align: center;\"><span style=\"font-family: arial, helvetica, sans-serif; font-size: medium;\">Wir fotografieren Cowgirl, Cowboy und alle m\u00f6glichen Lichtreklamen.<\/span><\/p>\n<p style=\"text-align: center;\"><span style=\"font-family: arial, helvetica, sans-serif; font-size: medium;\">\u00a0<\/span><\/p>\n<p style=\"text-align: center;\"><span style=\"font-family: arial, helvetica, sans-serif; font-size: medium;\"><a href=\"https:\/\/welcome-ontour.de\/wordpress\/wp-content\/uploads\/2013\/01\/phoca_thumb_l_2006-09-29-2.jpg\" target=\"_blank\" rel=\"noopener noreferrer\"><img decoding=\"async\" class=\" size-full wp-image-4203\" style=\"border: 3px solid black;\" title=\"Freemont Street\" src=\"https:\/\/welcome-ontour.de\/wordpress\/wp-content\/uploads\/2013\/01\/phoca_thumb_l_2006-09-29-2.jpg\" width=\"600\" height=\"450\" border=\"0\" srcset=\"https:\/\/welcome-ontour.de\/wordpress\/wp-content\/uploads\/2013\/01\/phoca_thumb_l_2006-09-29-2.jpg 1037w, https:\/\/welcome-ontour.de\/wordpress\/wp-content\/uploads\/2013\/01\/phoca_thumb_l_2006-09-29-2-300x225.jpg 300w, https:\/\/welcome-ontour.de\/wordpress\/wp-content\/uploads\/2013\/01\/phoca_thumb_l_2006-09-29-2-1024x768.jpg 1024w, https:\/\/welcome-ontour.de\/wordpress\/wp-content\/uploads\/2013\/01\/phoca_thumb_l_2006-09-29-2-768x576.jpg 768w\" sizes=\"(max-width: 600px) 100vw, 600px\" \/><\/a><\/span><\/p>\n<p style=\"text-align: center;\"><span style=\"font-family: arial, helvetica, sans-serif; font-size: medium;\">\u00a0<\/span><\/p>\n<p style=\"text-align: center;\"><span style=\"font-family: arial, helvetica, sans-serif; font-size: medium;\"><a href=\"https:\/\/welcome-ontour.de\/wordpress\/wp-content\/uploads\/2013\/01\/phoca_thumb_l_2006-09-29-3.jpg\" target=\"_blank\" rel=\"noopener noreferrer\"><img decoding=\"async\" class=\" size-full wp-image-4204\" style=\"border: 3px solid black;\" title=\"Freemont Street\" src=\"https:\/\/welcome-ontour.de\/wordpress\/wp-content\/uploads\/2013\/01\/phoca_thumb_l_2006-09-29-3.jpg\" width=\"455\" height=\"607\" border=\"0\" srcset=\"https:\/\/welcome-ontour.de\/wordpress\/wp-content\/uploads\/2013\/01\/phoca_thumb_l_2006-09-29-3.jpg 750w, https:\/\/welcome-ontour.de\/wordpress\/wp-content\/uploads\/2013\/01\/phoca_thumb_l_2006-09-29-3-225x300.jpg 225w\" sizes=\"(max-width: 455px) 100vw, 455px\" \/><\/a><\/span><\/p>\n<p style=\"text-align: center;\"><span style=\"font-family: arial, helvetica, sans-serif; font-size: medium;\">\u00a0<\/span><\/p>\n<p style=\"text-align: center;\"><span style=\"font-family: arial, helvetica, sans-serif; font-size: medium;\"><a href=\"https:\/\/welcome-ontour.de\/wordpress\/wp-content\/uploads\/2013\/01\/phoca_thumb_l_2006-09-29-4.jpg\" target=\"_blank\" rel=\"noopener noreferrer\"><img decoding=\"async\" class=\" size-full wp-image-4205\" style=\"border: 3px solid black;\" title=\"Freemont Street\" src=\"https:\/\/welcome-ontour.de\/wordpress\/wp-content\/uploads\/2013\/01\/phoca_thumb_l_2006-09-29-4.jpg\" width=\"600\" height=\"450\" border=\"0\" srcset=\"https:\/\/welcome-ontour.de\/wordpress\/wp-content\/uploads\/2013\/01\/phoca_thumb_l_2006-09-29-4.jpg 1037w, https:\/\/welcome-ontour.de\/wordpress\/wp-content\/uploads\/2013\/01\/phoca_thumb_l_2006-09-29-4-300x225.jpg 300w, https:\/\/welcome-ontour.de\/wordpress\/wp-content\/uploads\/2013\/01\/phoca_thumb_l_2006-09-29-4-1024x768.jpg 1024w, https:\/\/welcome-ontour.de\/wordpress\/wp-content\/uploads\/2013\/01\/phoca_thumb_l_2006-09-29-4-768x576.jpg 768w\" sizes=\"(max-width: 600px) 100vw, 600px\" \/><\/a><\/span><\/p>\n<p style=\"text-align: center;\"><span style=\"font-family: arial, helvetica, sans-serif; font-size: medium;\">\u00a0<\/span><\/p>\n<p style=\"text-align: center;\"><span style=\"font-family: arial, helvetica, sans-serif; font-size: medium;\">Nach zwei Stunden sind wir pflasterm\u00fcde und wollen hier irgendwo was essen.<\/span><\/p>\n<p style=\"text-align: center;\"><span style=\"font-family: arial, helvetica, sans-serif; font-size: medium;\">Um zu den Restaurants oder B\u00fcfets zu gelangen, wird man immer durch die Casinos geleitet.<\/span><\/p>\n<p style=\"text-align: center;\"><span style=\"font-family: arial, helvetica, sans-serif; font-size: medium;\">Total nervig, zwischen den ewig klimpernden Automaten durchzurennen.<\/span><\/p>\n<p style=\"text-align: center;\"><span style=\"font-family: arial, helvetica, sans-serif; font-size: medium;\">Die Restaurants sind alle hoffnungslos \u00fcberf\u00fcllt.<\/span><\/p>\n<p style=\"text-align: center;\"><span style=\"font-family: arial, helvetica, sans-serif; font-size: medium;\">Bei den B\u00fcfets muss man sich in ewig lange Schlangen einreihen,<\/span><\/p>\n<p style=\"text-align: center;\"><span style=\"font-family: arial, helvetica, sans-serif; font-size: medium;\">um dann irgendwann einen Platz zugewiesen zu bekommen. DDR l\u00e4sst gr\u00fcssen.<\/span><\/p>\n<p style=\"text-align: center;\"><span style=\"font-family: arial, helvetica, sans-serif; font-size: medium;\">Wir holen unser Auto, fahren Richtung S\u00fcd, immer den Las Vegas Boulevard runter.<\/span><\/p>\n<p style=\"text-align: center;\"><span style=\"font-family: arial, helvetica, sans-serif; font-size: medium;\">Am Stratosph\u00e4re Tower machen wir halt und machen den naiven Versuch,<\/span><\/p>\n<p style=\"text-align: center;\"><span style=\"font-family: arial, helvetica, sans-serif; font-size: medium;\">einen Tisch im Restaurant zu bekommen. Ohne Reservierung keine Chance.<\/span><\/p>\n<p style=\"text-align: center;\"><span style=\"font-family: arial, helvetica, sans-serif; font-size: medium;\">Auch unten im Tower sind einige Restaurants, alle mit langen Schlangen.<\/span><\/p>\n<p style=\"text-align: center;\"><span style=\"font-family: arial, helvetica, sans-serif; font-size: medium;\">Wir versuchen noch zu Fu\u00df irgendwas in dieser Region zu finden, Fehlanzeige.<\/span><\/p>\n<p style=\"text-align: center;\"><span style=\"font-family: arial, helvetica, sans-serif; font-size: medium;\">Also rein in den Dodge, auf der I15 nach S\u00fcd und in zehn Minuten sind wir im Chillies,<\/span><\/p>\n<p style=\"text-align: center;\"><span style=\"font-family: arial, helvetica, sans-serif; font-size: medium;\">einem Chili-Restaurant am South Las Vegas Boulevard, in der N\u00e4he unseres Hotels.<\/span><\/p>\n<p style=\"text-align: center;\"><span style=\"font-family: arial, helvetica, sans-serif; font-size: medium;\">Drau\u00dfen ist\u00b4s noch immer schw\u00fclhei\u00df, daf\u00fcr bekommen wir drinnen<\/span><\/p>\n<p style=\"text-align: center;\"><span style=\"font-family: arial, helvetica, sans-serif; font-size: medium;\">einen Platz direkt unter der Klimaanlage.<\/span><\/p>\n<p style=\"text-align: center;\"><span style=\"font-family: arial, helvetica, sans-serif; font-size: medium;\">Nach f\u00fcnf Minuten sind alle durchgefroren.<\/span><\/p>\n<p style=\"text-align: center;\"><span style=\"font-family: arial, helvetica, sans-serif; font-size: medium;\">Wir holen die Pullis aus dem Auto und Uti bestellt sich hei\u00dfen Tee.<\/span><\/p>\n<p style=\"text-align: center;\"><span style=\"font-family: arial, helvetica, sans-serif; font-size: medium;\">Dann dauert\u00b4s einen Moment bis wir unser Essen bekommen,<\/span><\/p>\n<p style=\"text-align: center;\"><span style=\"font-family: arial, helvetica, sans-serif; font-size: medium;\">daf\u00fcr schmeckt\u00b4s vorz\u00fcglich und ist wider Erwarten nicht zu scharf.<\/span><\/p>\n<p style=\"text-align: center;\"><span style=\"font-family: arial, helvetica, sans-serif; font-size: medium;\">Mit 80$ inklusive Tipp bleiben wir im Rahmen.<\/span><\/p>\n<p style=\"text-align: center;\"><span style=\"font-family: arial, helvetica, sans-serif; font-size: medium;\">Vollgefuttert fahren wir in die Crestwood Lodge<\/span><\/p>\n<p style=\"text-align: center;\"><span style=\"font-family: arial, helvetica, sans-serif; font-size: medium;\">und genehmigen uns noch paar eiskalte Budweiser aus dem K\u00fchlschrank.<\/span><\/p>\n<p style=\"text-align: center;\"><span style=\"font-family: arial, helvetica, sans-serif; font-size: medium;\">Die Frauen trinken Mondavi Rotwein,<\/span><\/p>\n<p style=\"text-align: center;\"><span style=\"font-family: arial, helvetica, sans-serif; font-size: medium;\">den wir erstaunlich g\u00fcnstig im Food-for-less bekommen haben.<\/span><\/p>\n<p style=\"text-align: center;\"><span style=\"font-family: arial, helvetica, sans-serif; font-size: medium;\">Mitternacht geht\u00b4s in die Kojen.<\/span><\/p>\n<p style=\"text-align: center;\"><span style=\"font-family: arial, helvetica, sans-serif; font-size: medium;\">\u00a0<\/span><\/p>\n<p style=\"text-align: center;\"><span style=\"font-family: arial, helvetica, sans-serif; font-size: medium;\">Gefahrene Meilen \/ Kilometer:\u00a0 29 \/ 47<\/span><\/p>\n<p style=\"text-align: center;\"><span style=\"font-family: arial, helvetica, sans-serif; font-size: medium;\">\u00a0<\/span><\/p>\n<p style=\"text-align: center;\"><span style=\"font-family: arial, helvetica, sans-serif; font-size: medium;\">\u00dcbernachtung:\u00a0 <a href=\"http:\/\/www.crestwoodsuites.com\/hotel\/extended-stay-hotel-las-vegas-nv-las-vegas-blvd\" target=\"_blank\" rel=\"noopener noreferrer\">crestwood suites<\/a>, las vegas,\u00a0\u00a0 78,47$\u00a0\u00a0 **<\/span><\/p>\n<p style=\"text-align: center;\"><span style=\"font-family: arial, helvetica, sans-serif; font-size: medium;\">\u00a0<\/span><\/p>\n<p style=\"text-align: center;\"><span style=\"font-family: arial, helvetica, sans-serif; font-size: medium;\"><img decoding=\"async\" class=\" size-full wp-image-3947\" src=\"https:\/\/welcome-ontour.de\/wordpress\/wp-content\/uploads\/2013\/01\/phoca_thumb_l_2006-09-07-7.jpg\" width=\"300\" height=\"100\" border=\"0\" \/><\/span><\/p>\n<p style=\"text-align: center;\"><span style=\"font-size: 10pt;\"><span style=\"font-family: arial, helvetica, sans-serif;\"><a href=\"https:\/\/welcome-ontour.de\/wordpress\/index.php\/2006-09-28\">&lt;&lt; Zur\u00fcck<\/a>\u00a0 \u00a0 \u00a0 \u00a0 \u00a0 \u00a0 \u00a0 \u00a0 \u00a0 \u00a0 \u00a0 \u00a0 \u00a0 \u00a0 \u00a0 \u00a0 \u00a0 \u00a0 \u00a0 \u00a0 \u00a0 \u00a0 \u00a0 \u00a0 \u00a0 \u00a0 \u00a0 \u00a0 \u00a0 \u00a0 \u00a0 \u00a0 \u00a0 \u00a0 \u00a0 \u00a0 \u00a0 \u00a0 \u00a0 \u00a0 \u00a0 \u00a0 \u00a0 \u00a0 \u00a0 \u00a0 \u00a0 \u00a0 \u00a0 \u00a0 \u00a0 \u00a0 \u00a0 \u00a0 \u00a0 \u00a0 \u00a0 \u00a0 \u00a0 \u00a0 \u00a0 \u00a0 \u00a0 \u00a0 \u00a0 \u00a0 \u00a0 \u00a0 \u00a0 \u00a0 \u00a0 \u00a0 \u00a0 \u00a0 \u00a0 \u00a0 \u00a0 \u00a0 \u00a0 \u00a0 \u00a0 \u00a0 \u00a0 \u00a0 \u00a0 \u00a0 \u00a0 \u00a0 \u00a0 \u00a0 \u00a0 \u00a0 \u00a0 \u00a0 \u00a0 \u00a0 \u00a0 \u00a0 \u00a0 \u00a0<\/span><a href=\"https:\/\/welcome-ontour.de\/wordpress\/index.php\/2006-09-30\"><span style=\"font-family: arial, helvetica, sans-serif; line-height: 1.3em;\">Weiter &gt;&gt;<\/span><\/a><\/span><\/p>\n","protected":false},"excerpt":{"rendered":"<p>Prolog \u00a0 \u00a0 Hinflug \u00a0 \u00a0 Zion \u00a0 \u00a0 Moab \u00a0 \u00a0 Yellowstone \u00a0 \u00a0 Black Hills \u00a0 \u00a0 Los Alamos \u00a0 \u00a0 Sedona \u00a0 \u00a0 Page \u00a0 \u00a0 Las Vegas \u00a0 \u00a0 R\u00fcckflug \u00a0 \u00a0 Fazit \u00a0 &lt;&lt; Zur\u00fcck\u00a0 \u00a0 \u00a0 \u00a0 \u00a0 \u00a0 \u00a0 \u00a0 \u00a0 \u00a0 \u00a0 \u00a0 \u00a0 \u00a0 \u00a0 \u00a0 \u00a0 \u00a0 \u00a0 \u00a0 \u00a0 \u00a0 \u00a0 \u00a0 \u00a0 \u00a0 \u00a0 \u00a0 \u00a0 \u00a0 \u00a0 \u00a0 \u00a0 \u00a0 \u00a0 \u00a0 \u00a0 \u00a0 \u00a0 \u00a0 \u00a0 \u00a0 \u00a0 \u00a0 \u00a0 \u00a0 \u00a0 \u00a0 \u00a0 \u00a0 \u00a0 \u00a0 \u00a0 \u00a0 \u00a0 \u00a0 \u00a0 \u00a0 \u00a0 \u00a0 \u00a0 \u00a0 \u00a0 \u00a0 \u00a0 \u00a0 \u00a0 \u00a0 \u00a0 \u00a0 \u00a0 \u00a0 \u00a0 \u00a0 \u00a0 \u00a0 \u00a0 \u00a0 \u00a0 \u00a0 \u00a0 \u00a0 \u00a0 \u00a0 \u00a0 \u00a0 \u00a0 \u00a0 \u00a0 \u00a0 \u00a0 \u00a0 \u00a0 \u00a0 \u00a0 \u00a0 \u00a0 \u00a0 \u00a0 \u00a0Weiter &gt;&gt; Freitag, 29.9.06, 4.Woche, 23.Tag\u00a0\u00a0 Las Vegas \u00a0 Halb acht werden wir von Bines Anruf geweckt. Um acht gehen wir zum ihop fr\u00fchst\u00fccken. Wir laufen die 400 m und bemerken schnell, dass wir die einzigen sind, die zu Fu\u00df unterwegs sind. Bei ihop genie\u00dfen wir ein Superbreakfast und eine Stunde sp\u00e4ter sind wir am Hotel zur\u00fcck. Wir fahren zum Food-for-less, wo unsere Reise begonnen hat. Holen noch S\u00fc\u00dfigkeiten f\u00fcr zu Hause und Wein und Bier f\u00fcr heute abend. \u00a0 \u00a0 Nachdem wir alles haben ist\u00b4s auch schon halb elf. Wir fahren nochmals zum Beltz Outlet, da Bine und Matti sich auch noch eindecken wollen. Wir essen auch gleich noch was und fahren dann wieder zum Hotel. Jetzt geht\u00b4s bei 40\u00b0 zum Pool, um im eiskalten Wasser zu baden. Wir sind m\u00fcde genug, um im Poolbereich fast an der Strasse abzuruhen. Die Jets vom nahe gelegenen Airport starten im Minutentakt \u00fcber unseren K\u00f6pfen. Etwa halb sechs gehen wir duschen und fahren dann ins alte Las Vegas in die Freemont Street. Zieht sich erstaunlich in die L\u00e4nge bis dahin. Fahren zum Parkplatz des Main Street Casino und stellen da f\u00fcr 2$ den Dodge ab. Dann laufen wir zur Freemont und durchstreifen die dortigen Stores und Shops. Gef\u00e4llt uns besser als der Strip. Als die Dunkelheit einsetzt, geht \u00fcber unseren K\u00f6pfen die Lasershow los. Ist zum Teil beeindruckend aber auch recht kitschig. Wir fotografieren Cowgirl, Cowboy und alle m\u00f6glichen Lichtreklamen. \u00a0 \u00a0 \u00a0 \u00a0 Nach zwei Stunden sind wir pflasterm\u00fcde und wollen hier irgendwo was essen. Um zu den Restaurants oder B\u00fcfets zu gelangen, wird man immer durch die Casinos geleitet. Total nervig, zwischen den ewig klimpernden Automaten durchzurennen. Die Restaurants sind alle hoffnungslos \u00fcberf\u00fcllt. Bei den B\u00fcfets muss man sich in ewig lange Schlangen einreihen, um dann irgendwann einen Platz zugewiesen zu bekommen. DDR l\u00e4sst gr\u00fcssen. Wir holen unser Auto, fahren Richtung S\u00fcd, immer den Las Vegas Boulevard runter. Am Stratosph\u00e4re Tower machen wir halt und machen den naiven Versuch, einen Tisch im Restaurant zu bekommen. Ohne Reservierung keine Chance. Auch unten im Tower sind einige Restaurants, alle mit langen Schlangen. Wir versuchen noch zu Fu\u00df irgendwas in dieser Region zu finden, Fehlanzeige. Also rein in den Dodge, auf der I15 nach S\u00fcd und in zehn Minuten sind wir im Chillies, einem Chili-Restaurant am South Las Vegas Boulevard, in der N\u00e4he unseres Hotels. Drau\u00dfen ist\u00b4s noch immer schw\u00fclhei\u00df, daf\u00fcr bekommen wir drinnen einen Platz direkt unter der Klimaanlage. Nach f\u00fcnf Minuten sind alle durchgefroren. Wir holen die Pullis aus dem Auto und Uti bestellt sich hei\u00dfen Tee. Dann dauert\u00b4s einen Moment bis wir unser Essen bekommen, daf\u00fcr schmeckt\u00b4s vorz\u00fcglich und ist wider Erwarten nicht zu scharf. Mit 80$ inklusive Tipp bleiben wir im Rahmen. Vollgefuttert fahren wir in die Crestwood Lodge und genehmigen uns noch paar eiskalte Budweiser aus dem K\u00fchlschrank. Die Frauen trinken Mondavi Rotwein, den wir erstaunlich g\u00fcnstig im Food-for-less bekommen haben. Mitternacht geht\u00b4s in die Kojen. \u00a0 Gefahrene Meilen \/ Kilometer:\u00a0 29 \/ 47 \u00a0 \u00dcbernachtung:\u00a0 crestwood suites, las vegas,\u00a0\u00a0 78,47$\u00a0\u00a0 ** \u00a0 &lt;&lt; Zur\u00fcck\u00a0 \u00a0 \u00a0 \u00a0 \u00a0 \u00a0 \u00a0 \u00a0 \u00a0 \u00a0 \u00a0 \u00a0 \u00a0 \u00a0 \u00a0 \u00a0 \u00a0 \u00a0 \u00a0 \u00a0 \u00a0 \u00a0 \u00a0 \u00a0 \u00a0 \u00a0 \u00a0 \u00a0 \u00a0 \u00a0 \u00a0 \u00a0 \u00a0 \u00a0 \u00a0 \u00a0 \u00a0 \u00a0 \u00a0 \u00a0 \u00a0 \u00a0 \u00a0 \u00a0 \u00a0 \u00a0 \u00a0 \u00a0 \u00a0 \u00a0 \u00a0 \u00a0 \u00a0 \u00a0 \u00a0 \u00a0 \u00a0 \u00a0 \u00a0 \u00a0 \u00a0 \u00a0 \u00a0 \u00a0 \u00a0 \u00a0 \u00a0 \u00a0 \u00a0 \u00a0 \u00a0 \u00a0 \u00a0 \u00a0 \u00a0 \u00a0 \u00a0 \u00a0 \u00a0 \u00a0 \u00a0 \u00a0 \u00a0 \u00a0 \u00a0 \u00a0 \u00a0 \u00a0 \u00a0 \u00a0 \u00a0 \u00a0 \u00a0 \u00a0 \u00a0 \u00a0 \u00a0 \u00a0 \u00a0 \u00a0Weiter &gt;&gt;<\/p>\n","protected":false},"author":1,"featured_media":4202,"parent":0,"menu_order":3,"comment_status":"closed","ping_status":"closed","template":"","meta":{"footnotes":""},"class_list":["post-4206","page","type-page","status-publish","has-post-thumbnail","hentry"],"_links":{"self":[{"href":"https:\/\/welcome-ontour.de\/wordpress\/index.php\/wp-json\/wp\/v2\/pages\/4206","targetHints":{"allow":["GET"]}}],"collection":[{"href":"https:\/\/welcome-ontour.de\/wordpress\/index.php\/wp-json\/wp\/v2\/pages"}],"about":[{"href":"https:\/\/welcome-ontour.de\/wordpress\/index.php\/wp-json\/wp\/v2\/types\/page"}],"author":[{"embeddable":true,"href":"https:\/\/welcome-ontour.de\/wordpress\/index.php\/wp-json\/wp\/v2\/users\/1"}],"replies":[{"embeddable":true,"href":"https:\/\/welcome-ontour.de\/wordpress\/index.php\/wp-json\/wp\/v2\/comments?post=4206"}],"version-history":[{"count":2,"href":"https:\/\/welcome-ontour.de\/wordpress\/index.php\/wp-json\/wp\/v2\/pages\/4206\/revisions"}],"predecessor-version":[{"id":17344,"href":"https:\/\/welcome-ontour.de\/wordpress\/index.php\/wp-json\/wp\/v2\/pages\/4206\/revisions\/17344"}],"wp:featuredmedia":[{"embeddable":true,"href":"https:\/\/welcome-ontour.de\/wordpress\/index.php\/wp-json\/wp\/v2\/media\/4202"}],"wp:attachment":[{"href":"https:\/\/welcome-ontour.de\/wordpress\/index.php\/wp-json\/wp\/v2\/media?parent=4206"}],"curies":[{"name":"wp","href":"https:\/\/api.w.org\/{rel}","templated":true}]}}