{"id":4,"date":"2012-08-10T14:06:44","date_gmt":"2012-08-10T14:06:44","guid":{"rendered":"https:\/\/welcome-ontour.de\/wordpress\/index.php\/home\/"},"modified":"2026-02-17T11:52:56","modified_gmt":"2026-02-17T11:52:56","slug":"home","status":"publish","type":"page","link":"https:\/\/welcome-ontour.de\/wordpress\/","title":{"rendered":"Hello"},"content":{"rendered":"\r\n\r\n<p class=\"has-text-align-center\" style=\"text-align: center;\"><span style=\"font-family: arial, helvetica, sans-serif; font-size: 12pt;\">Die USA, das gelobte Land, unendliche Weiten. Wir schreiben das Jahr 2026.<\/span><\/p>\r\n<p><span style=\"font-family: arial, helvetica, sans-serif; font-size: 12pt;\">\r\n<\/span><\/p>\r\n<p class=\"has-text-align-center\" style=\"text-align: center;\"><span style=\"font-family: arial, helvetica, sans-serif; font-size: 12pt;\">Dies sind die Abenteuer zweier reisew\u00fctiger Randberliner, die seit Jahren unterwegs sind,<\/span><\/p>\r\n<p><span style=\"font-family: arial, helvetica, sans-serif; font-size: 12pt;\">\r\n<\/span><\/p>\r\n<p class=\"has-text-align-center\" style=\"text-align: center;\"><span style=\"font-family: arial, helvetica, sans-serif; font-size: 12pt;\">um fremde Gebiete zu erforschen.<\/span><\/p>\r\n<p><span style=\"font-family: arial, helvetica, sans-serif; font-size: 12pt;\">\r\n<\/span><\/p>\r\n<p class=\"has-text-align-center\" style=\"text-align: center;\"><span style=\"font-family: arial, helvetica, sans-serif; font-size: 12pt;\">Viele Flugstunden von zu Hause entfernt dringen wir in immer neue Gebiete vor.<\/span><\/p>\r\n<p><span style=\"font-family: arial, helvetica, sans-serif; font-size: 12pt;\">\r\n<\/span><\/p>\r\n<p class=\"has-text-align-center\" style=\"text-align: center;\"><span style=\"font-family: arial, helvetica, sans-serif; font-size: 12pt;\">Unbekannte Zivilisationen und alle paar Meilen ein anderes Naturwunder am Stra\u00dfenrand.<\/span><\/p>\r\n<p><span style=\"font-family: arial, helvetica, sans-serif; font-size: 12pt;\">\r\n<\/span><\/p>\r\n<p class=\"has-text-align-center\" style=\"text-align: center;\"><span style=\"font-family: arial, helvetica, sans-serif; font-size: 12pt;\">Auf diesen Seiten habt Ihr die M\u00f6glichkeit, unsere Reisen mitzuerleben.<\/span><\/p>\r\n<p><span style=\"font-family: arial, helvetica, sans-serif; font-size: 12pt;\">\r\n<\/span><\/p>\r\n<p class=\"has-text-align-center\" style=\"text-align: center;\"><span style=\"font-family: arial, helvetica, sans-serif; font-size: 12pt;\">Nicht ausschlie\u00dflich USA.<\/span><\/p>\r\n<p><span style=\"font-family: arial, helvetica, sans-serif; font-size: 12pt;\">\r\n<\/span><\/p>\r\n<p class=\"has-text-align-center\" style=\"text-align: center;\"><span style=\"font-family: arial, helvetica, sans-serif; font-size: 12pt;\">Steigt ein und fahrt mit.<\/span><\/p>\r\n<p>&nbsp;<\/p>\r\n\r\n\r\n<div class=\"wp-block-image\">\r\n<figure class=\"aligncenter\"><span style=\"font-family: arial, helvetica, sans-serif; font-size: 12pt;\"><img decoding=\"async\" class=\"aligncenter\" title=\"ute &amp; andie\" src=\"https:\/\/welcome-ontour.de\/wordpress\/wp-content\/uploads\/2012\/08\/phoca_thumb_l_04-img_2399.jpg\" alt=\"\" \/><\/span><\/figure>\r\n<\/div>\r\n<p><span style=\"font-family: arial, helvetica, sans-serif; font-size: 12pt;\">\r\n<\/span><\/p>\r\n<p>&nbsp;<\/p>\r\n<p class=\"has-text-align-center\" style=\"text-align: center;\"><strong><span style=\"font-family: arial, helvetica, sans-serif; font-size: 14pt;\">Welcome on tour!<\/span><\/strong><\/p>\r\n\r\n\r\n<p class=\"has-text-align-center\">\u00a0<\/p>\r\n\r\n\r\n<p>&nbsp;<\/p>\r\n\r\n\r\n<p>&nbsp;<\/p>\r\n\r\n\r\n<p class=\"has-text-align-center\">\u00a0<\/p>\r\n\r\n\r\n<p class=\"has-text-align-center\">\u00a0<\/p>\r\n\r\n\r\n<p class=\"has-text-align-center\">\u00a0<\/p>\r\n\r\n\r\n<p class=\"has-text-align-center\">\u00a0<\/p>\r\n\r\n\r\n<p class=\"has-text-align-center\">\u00a0<\/p>\r\n\r\n\r\n<p class=\"has-text-align-center\">\u00a0<\/p>\r\n\r\n\r\n<p class=\"has-text-align-center\">\u00a0<\/p>\r\n\r\n\r\n<p class=\"has-text-align-center\">\u00a0<\/p>\r\n\r\n\r\n<p class=\"has-text-align-center\">\u00a0<\/p>\r\n\r\n\r\n<p class=\"has-text-align-center\">\u00a0<\/p>\r\n\r\n\r\n<p class=\"has-text-align-center\">\u00a0<\/p>\r\n\r\n\r\n\r\n<p class=\"has-text-align-center\">\u00a0<\/p>\r\n\r\n\r\n<p class=\"has-text-align-center\">\u00a0<\/p>\r\n\r\n<p>&nbsp;<\/p>","protected":false},"excerpt":{"rendered":"<p>Die USA, das gelobte Land, unendliche Weiten. Wir schreiben das Jahr 2026. Dies sind die Abenteuer zweier reisew\u00fctiger Randberliner, die seit Jahren unterwegs sind, um fremde Gebiete zu erforschen. Viele Flugstunden von zu Hause entfernt dringen wir in immer neue Gebiete vor. Unbekannte Zivilisationen und alle paar Meilen ein anderes Naturwunder am Stra\u00dfenrand. Auf diesen Seiten habt Ihr die M\u00f6glichkeit, unsere Reisen mitzuerleben. Nicht ausschlie\u00dflich USA. Steigt ein und fahrt mit. &nbsp; &nbsp; Welcome on tour! \u00a0 &nbsp; &nbsp; \u00a0 \u00a0 \u00a0 \u00a0 \u00a0 \u00a0 \u00a0 \u00a0 \u00a0 \u00a0 \u00a0 \u00a0 \u00a0 &nbsp;<\/p>\n","protected":false},"author":1,"featured_media":0,"parent":0,"menu_order":4,"comment_status":"closed","ping_status":"closed","template":"","meta":{"footnotes":""},"class_list":["post-4","page","type-page","status-publish","hentry"],"_links":{"self":[{"href":"https:\/\/welcome-ontour.de\/wordpress\/index.php\/wp-json\/wp\/v2\/pages\/4","targetHints":{"allow":["GET"]}}],"collection":[{"href":"https:\/\/welcome-ontour.de\/wordpress\/index.php\/wp-json\/wp\/v2\/pages"}],"about":[{"href":"https:\/\/welcome-ontour.de\/wordpress\/index.php\/wp-json\/wp\/v2\/types\/page"}],"author":[{"embeddable":true,"href":"https:\/\/welcome-ontour.de\/wordpress\/index.php\/wp-json\/wp\/v2\/users\/1"}],"replies":[{"embeddable":true,"href":"https:\/\/welcome-ontour.de\/wordpress\/index.php\/wp-json\/wp\/v2\/comments?post=4"}],"version-history":[{"count":21,"href":"https:\/\/welcome-ontour.de\/wordpress\/index.php\/wp-json\/wp\/v2\/pages\/4\/revisions"}],"predecessor-version":[{"id":27926,"href":"https:\/\/welcome-ontour.de\/wordpress\/index.php\/wp-json\/wp\/v2\/pages\/4\/revisions\/27926"}],"wp:attachment":[{"href":"https:\/\/welcome-ontour.de\/wordpress\/index.php\/wp-json\/wp\/v2\/media?parent=4"}],"curies":[{"name":"wp","href":"https:\/\/api.w.org\/{rel}","templated":true}]}}