{"id":3956,"date":"2013-01-08T13:28:28","date_gmt":"2013-01-08T13:28:28","guid":{"rendered":"https:\/\/welcome-ontour.de\/wordpress\/index.php\/2006-09-08\/"},"modified":"2022-06-30T23:07:31","modified_gmt":"2022-06-30T23:07:31","slug":"2006-09-08","status":"publish","type":"page","link":"https:\/\/welcome-ontour.de\/wordpress\/index.php\/2006-09-08\/","title":{"rendered":"2006 09 08"},"content":{"rendered":"<p style=\"text-align: center;\"><span style=\"font-family: arial, helvetica, sans-serif; font-size: 8pt;\"><a href=\"https:\/\/welcome-ontour.de\/wordpress\/index.php\/2006-09-06-prolog\/\">Prolog<\/a> \u00a0 \u00a0 <a href=\"https:\/\/welcome-ontour.de\/wordpress\/index.php\/2006-09-07\/\">Hinflug<\/a> \u00a0 \u00a0 <a href=\"https:\/\/welcome-ontour.de\/wordpress\/index.php\/2006-09-08\/\">Zion<\/a> \u00a0 \u00a0 <a href=\"https:\/\/welcome-ontour.de\/wordpress\/index.php\/2006-09-11\/\">Moab<\/a> \u00a0 \u00a0 <a href=\"https:\/\/welcome-ontour.de\/wordpress\/index.php\/2006-09-15\/\">Yellowstone<\/a> \u00a0 \u00a0 <a href=\"https:\/\/welcome-ontour.de\/wordpress\/index.php\/2006-09-18\/\">Black Hills<\/a> \u00a0 \u00a0 <a href=\"https:\/\/welcome-ontour.de\/wordpress\/index.php\/2006-09-20\/\">Los Alamos<\/a> \u00a0 \u00a0 <a href=\"https:\/\/welcome-ontour.de\/wordpress\/index.php\/2006-09-23\/\">Sedona<\/a> \u00a0 \u00a0 <a href=\"https:\/\/welcome-ontour.de\/wordpress\/index.php\/2006-09-26\/\">Page<\/a> \u00a0 \u00a0 <a href=\"https:\/\/welcome-ontour.de\/wordpress\/index.php\/2006-09-28\/\">Las Vegas<\/a> \u00a0 \u00a0 <a href=\"https:\/\/welcome-ontour.de\/wordpress\/index.php\/2006-09-30\/\">R\u00fcckflug<\/a> \u00a0 \u00a0 <a href=\"https:\/\/welcome-ontour.de\/wordpress\/index.php\/2006-10-02-fazit\/\">Fazit<\/a><\/span><\/p>\n<p style=\"text-align: center;\"><span style=\"font-family: arial, helvetica, sans-serif; font-size: small;\">\u00a0<\/span><\/p>\n<p style=\"text-align: center;\"><span style=\"font-size: 10pt;\"><span style=\"font-family: arial, helvetica, sans-serif;\"><a href=\"https:\/\/welcome-ontour.de\/wordpress\/index.php\/2006-09-07\">&lt;&lt; Zur\u00fcck<\/a>\u00a0 \u00a0 \u00a0 \u00a0 \u00a0 \u00a0 \u00a0 \u00a0 \u00a0 \u00a0 \u00a0 \u00a0 \u00a0 \u00a0 \u00a0 \u00a0 \u00a0 \u00a0 \u00a0 \u00a0 \u00a0 \u00a0 \u00a0 \u00a0 \u00a0 \u00a0 \u00a0 \u00a0 \u00a0 \u00a0 \u00a0 \u00a0 \u00a0 \u00a0 \u00a0 \u00a0 \u00a0 \u00a0 \u00a0 \u00a0 \u00a0 \u00a0 \u00a0 \u00a0 \u00a0 \u00a0 \u00a0 \u00a0 \u00a0 \u00a0 \u00a0 \u00a0 \u00a0 \u00a0 \u00a0 \u00a0 \u00a0 \u00a0 \u00a0 \u00a0 \u00a0 \u00a0 \u00a0 \u00a0 \u00a0 \u00a0 \u00a0 \u00a0 \u00a0 \u00a0 \u00a0 \u00a0 \u00a0 \u00a0 \u00a0 \u00a0 \u00a0 \u00a0 \u00a0 \u00a0 \u00a0 \u00a0 \u00a0 \u00a0 \u00a0 \u00a0 \u00a0 \u00a0 \u00a0 \u00a0 \u00a0 \u00a0 \u00a0 \u00a0 \u00a0 \u00a0 \u00a0 \u00a0 \u00a0 \u00a0<\/span><a href=\"https:\/\/welcome-ontour.de\/wordpress\/index.php\/2006-09-09\"><span style=\"font-family: arial, helvetica, sans-serif; line-height: 1.3em;\">Weiter &gt;&gt;<\/span><\/a><\/span><\/p>\n<p style=\"text-align: center;\"><strong><span style=\"font-family: arial, helvetica, sans-serif; font-size: medium;\">Freitag, 8.9.06, 1.Woche, 2.Tag\u00a0<\/span><\/strong><\/p>\n<p style=\"text-align: center;\"><strong><span style=\"font-family: arial, helvetica, sans-serif; font-size: medium;\">Las Vegas &#8211; Springdale<\/span><\/strong><\/p>\n<p style=\"text-align: center;\"><span style=\"font-family: arial, helvetica, sans-serif; font-size: medium;\">\u00a0<\/span><\/p>\n<p style=\"text-align: center;\"><span style=\"font-family: arial, helvetica, sans-serif; font-size: medium;\">Um sechs ausgeschlafen aufgestanden, ausgecheckt<\/span><\/p>\n<p style=\"text-align: center;\"><span style=\"font-family: arial, helvetica, sans-serif; font-size: medium;\">und zum Starbucks am S\u00fcdende des Strip gefahren.<\/span><\/p>\n<p style=\"text-align: center;\"><span style=\"font-family: arial, helvetica, sans-serif; font-size: medium;\">Unterwegs noch das Foto am Las Vegas Schild gemacht.<\/span><\/p>\n<p style=\"text-align: center;\"><span style=\"font-family: arial, helvetica, sans-serif; font-size: medium;\">\u00a0<\/span><\/p>\n<p style=\"text-align: center;\"><a href=\"https:\/\/welcome-ontour.de\/wordpress\/wp-content\/uploads\/2013\/01\/phoca_thumb_l_2006-09-08-1.jpg\" target=\"_blank\" rel=\"noopener noreferrer\"><span style=\"font-family: arial, helvetica, sans-serif; font-size: medium;\"><img decoding=\"async\" class=\" size-full wp-image-3949\" style=\"border: 3px solid black;\" title=\"Welcome To Fabulous LAS VEGAS\" src=\"https:\/\/welcome-ontour.de\/wordpress\/wp-content\/uploads\/2013\/01\/phoca_thumb_l_2006-09-08-1.jpg\" width=\"600\" height=\"450\" border=\"0\" srcset=\"https:\/\/welcome-ontour.de\/wordpress\/wp-content\/uploads\/2013\/01\/phoca_thumb_l_2006-09-08-1.jpg 1037w, https:\/\/welcome-ontour.de\/wordpress\/wp-content\/uploads\/2013\/01\/phoca_thumb_l_2006-09-08-1-300x225.jpg 300w, https:\/\/welcome-ontour.de\/wordpress\/wp-content\/uploads\/2013\/01\/phoca_thumb_l_2006-09-08-1-1024x768.jpg 1024w, https:\/\/welcome-ontour.de\/wordpress\/wp-content\/uploads\/2013\/01\/phoca_thumb_l_2006-09-08-1-768x576.jpg 768w\" sizes=\"(max-width: 600px) 100vw, 600px\" \/><\/span><\/a><\/p>\n<p style=\"text-align: center;\"><span style=\"font-family: arial, helvetica, sans-serif; font-size: medium;\">\u00a0<\/span><\/p>\n<p style=\"text-align: center;\"><span style=\"font-family: arial, helvetica, sans-serif; font-size: medium;\">Nach Bagels und Cafe sind wir in den uns schon bekannten Food For Less<\/span><\/p>\n<p style=\"text-align: center;\"><span style=\"font-family: arial, helvetica, sans-serif; font-size: medium;\">und haben uns mit Getr\u00e4nken und Verpflegung f\u00fcr die n\u00e4chsten Tage eingedeckt.<\/span><\/p>\n<p style=\"text-align: center;\"><span style=\"font-family: arial, helvetica, sans-serif; font-size: medium;\">Als letztes noch zum Walmart.<\/span><\/p>\n<p style=\"text-align: center;\"><span style=\"font-family: arial, helvetica, sans-serif; font-size: medium;\">Wir holen Weingl\u00e4ser und g\u00f6nnen uns f\u00fcr 16$ eine grosse Coolmanbox f\u00fcrs Auto.<\/span><\/p>\n<p style=\"text-align: center;\"><span style=\"font-family: arial, helvetica, sans-serif; font-size: medium;\">\u00a0<\/span><\/p>\n<p style=\"text-align: center;\"><span style=\"font-family: arial, helvetica, sans-serif; font-size: medium;\"><img decoding=\"async\" class=\" size-full wp-image-3950\" style=\"border: 3px solid black;\" title=\"Ersteinkauf\" src=\"https:\/\/welcome-ontour.de\/wordpress\/wp-content\/uploads\/2013\/01\/phoca_thumb_l_2006-09-08-2.jpg\" width=\"600\" height=\"450\" border=\"0\" srcset=\"https:\/\/welcome-ontour.de\/wordpress\/wp-content\/uploads\/2013\/01\/phoca_thumb_l_2006-09-08-2.jpg 1037w, https:\/\/welcome-ontour.de\/wordpress\/wp-content\/uploads\/2013\/01\/phoca_thumb_l_2006-09-08-2-300x225.jpg 300w, https:\/\/welcome-ontour.de\/wordpress\/wp-content\/uploads\/2013\/01\/phoca_thumb_l_2006-09-08-2-1024x768.jpg 1024w, https:\/\/welcome-ontour.de\/wordpress\/wp-content\/uploads\/2013\/01\/phoca_thumb_l_2006-09-08-2-768x576.jpg 768w\" sizes=\"(max-width: 600px) 100vw, 600px\" \/><\/span><\/p>\n<p style=\"text-align: center;\"><span style=\"font-family: arial, helvetica, sans-serif; font-size: medium;\">\u00a0<\/span><\/p>\n<p style=\"text-align: center;\"><span style=\"font-family: arial, helvetica, sans-serif; font-size: medium;\">Mit dem proppevollem Van geht\u00b4s auf die Interstate 15 nach Norden.<\/span><\/p>\n<p style=\"text-align: center;\"><span style=\"font-family: arial, helvetica, sans-serif; font-size: medium;\">Gegen zw\u00f6lf halten wir in St.George beim Dennys in der South Main Street.<\/span><\/p>\n<p style=\"text-align: center;\"><span style=\"font-family: arial, helvetica, sans-serif; font-size: medium;\">Alles sehr lecker und nicht zu teuer.<\/span><\/p>\n<p style=\"text-align: center;\"><span style=\"font-family: arial, helvetica, sans-serif; font-size: medium;\">Hinter St.George biegen wir von der Autobahn auf den Highway 9.<\/span><\/p>\n<p style=\"text-align: center;\"><span style=\"font-family: arial, helvetica, sans-serif; font-size: medium;\">Es dauert nicht mehr lange<\/span><\/p>\n<p style=\"text-align: center;\"><span style=\"font-family: arial, helvetica, sans-serif; font-size: medium;\">und wir erkennen die ersten Formationen des Zion Nationalparks.<\/span><\/p>\n<p style=\"text-align: center;\"><span style=\"font-family: arial, helvetica, sans-serif; font-size: medium;\">\u00a0<\/span><\/p>\n<p style=\"text-align: center;\"><a href=\"https:\/\/welcome-ontour.de\/wordpress\/wp-content\/uploads\/2013\/01\/phoca_thumb_l_2006-09-08-3.jpg\" target=\"_blank\" rel=\"noopener noreferrer\"><span style=\"font-family: arial, helvetica, sans-serif; font-size: medium;\"><img decoding=\"async\" class=\" size-full wp-image-3951\" style=\"border: 3px solid black;\" title=\"Zion Vorboten\" src=\"https:\/\/welcome-ontour.de\/wordpress\/wp-content\/uploads\/2013\/01\/phoca_thumb_l_2006-09-08-3.jpg\" width=\"600\" height=\"450\" border=\"0\" srcset=\"https:\/\/welcome-ontour.de\/wordpress\/wp-content\/uploads\/2013\/01\/phoca_thumb_l_2006-09-08-3.jpg 1037w, https:\/\/welcome-ontour.de\/wordpress\/wp-content\/uploads\/2013\/01\/phoca_thumb_l_2006-09-08-3-300x225.jpg 300w, https:\/\/welcome-ontour.de\/wordpress\/wp-content\/uploads\/2013\/01\/phoca_thumb_l_2006-09-08-3-1024x768.jpg 1024w, https:\/\/welcome-ontour.de\/wordpress\/wp-content\/uploads\/2013\/01\/phoca_thumb_l_2006-09-08-3-768x576.jpg 768w\" sizes=\"(max-width: 600px) 100vw, 600px\" \/><\/span><\/a><\/p>\n<p style=\"text-align: center;\"><span style=\"font-family: arial, helvetica, sans-serif; font-size: medium;\">\u00a0<\/span><\/p>\n<p style=\"text-align: center;\"><span style=\"font-family: arial, helvetica, sans-serif; font-size: medium;\">\u00dcber Hurricane und Rockville erreichen wir 14:00 Springdale.<\/span><\/p>\n<p style=\"text-align: center;\"><span style=\"font-family: arial, helvetica, sans-serif; font-size: medium;\">An der Lobby der <a href=\"http:\/\/cliffroselodge.com\/\" target=\"_blank\" rel=\"noopener noreferrer\">Cliffrose Lodge<\/a> l\u00e4uft alles wie geschmiert.<\/span><\/p>\n<p style=\"text-align: center;\"><span style=\"font-family: arial, helvetica, sans-serif; font-size: medium;\">Wir bekommen unser Zimmer 16, wie letztes Jahr. Bine und Matti die 17, gleich nebenan.<\/span><\/p>\n<p style=\"text-align: center;\"><span style=\"font-family: arial, helvetica, sans-serif; font-size: medium;\">Beide Rooms mit direktem Zugang zum Garten. Super!<\/span><\/p>\n<p style=\"text-align: center;\"><span style=\"font-family: arial, helvetica, sans-serif; font-size: medium;\">\u00a0<\/span><\/p>\n<p style=\"text-align: center;\"><span style=\"font-family: arial, helvetica, sans-serif; font-size: medium;\"><img decoding=\"async\" class=\" size-full wp-image-3952\" style=\"border: 3px solid black;\" title=\"Cliffrose Lodge Springdale\" src=\"https:\/\/welcome-ontour.de\/wordpress\/wp-content\/uploads\/2013\/01\/phoca_thumb_l_2006-09-08-4.jpg\" width=\"600\" height=\"450\" border=\"0\" srcset=\"https:\/\/welcome-ontour.de\/wordpress\/wp-content\/uploads\/2013\/01\/phoca_thumb_l_2006-09-08-4.jpg 1333w, https:\/\/welcome-ontour.de\/wordpress\/wp-content\/uploads\/2013\/01\/phoca_thumb_l_2006-09-08-4-300x225.jpg 300w, https:\/\/welcome-ontour.de\/wordpress\/wp-content\/uploads\/2013\/01\/phoca_thumb_l_2006-09-08-4-1024x768.jpg 1024w, https:\/\/welcome-ontour.de\/wordpress\/wp-content\/uploads\/2013\/01\/phoca_thumb_l_2006-09-08-4-768x576.jpg 768w\" sizes=\"(max-width: 600px) 100vw, 600px\" \/><\/span><\/p>\n<p style=\"text-align: center;\"><span style=\"font-family: arial, helvetica, sans-serif; font-size: medium;\">\u00a0<\/span><\/p>\n<p style=\"text-align: center;\"><span style=\"font-family: arial, helvetica, sans-serif; font-size: medium;\">Wir gehen die paar Schritte zum Eingang des Nationalparks<\/span><\/p>\n<p style=\"text-align: center;\"><span style=\"font-family: arial, helvetica, sans-serif; font-size: medium;\">und holen uns Postkarten und einen Nationalparkpass f\u00fcr 50$.<\/span><\/p>\n<p style=\"text-align: center;\"><span style=\"font-family: arial, helvetica, sans-serif; font-size: medium;\">\u00a0<\/span><\/p>\n<p style=\"text-align: center;\"><span style=\"font-family: arial, helvetica, sans-serif; font-size: medium;\"><a href=\"https:\/\/welcome-ontour.de\/wordpress\/wp-content\/uploads\/2013\/01\/phoca_thumb_l_2006-09-08-5.jpg\" target=\"_blank\" rel=\"noopener noreferrer\"><img decoding=\"async\" class=\" size-full wp-image-3953\" style=\"border: 3px solid black;\" title=\"Zion Nationalpark\" src=\"https:\/\/welcome-ontour.de\/wordpress\/wp-content\/uploads\/2013\/01\/phoca_thumb_l_2006-09-08-5.jpg\" width=\"600\" height=\"450\" border=\"0\" srcset=\"https:\/\/welcome-ontour.de\/wordpress\/wp-content\/uploads\/2013\/01\/phoca_thumb_l_2006-09-08-5.jpg 1037w, https:\/\/welcome-ontour.de\/wordpress\/wp-content\/uploads\/2013\/01\/phoca_thumb_l_2006-09-08-5-300x225.jpg 300w, https:\/\/welcome-ontour.de\/wordpress\/wp-content\/uploads\/2013\/01\/phoca_thumb_l_2006-09-08-5-1024x768.jpg 1024w, https:\/\/welcome-ontour.de\/wordpress\/wp-content\/uploads\/2013\/01\/phoca_thumb_l_2006-09-08-5-768x576.jpg 768w\" sizes=\"(max-width: 600px) 100vw, 600px\" \/><\/a><\/span><\/p>\n<p style=\"text-align: center;\"><span style=\"font-family: arial, helvetica, sans-serif; font-size: medium;\">\u00a0<\/span><\/p>\n<p style=\"text-align: center;\"><span style=\"font-family: arial, helvetica, sans-serif; font-size: medium;\"><img decoding=\"async\" class=\" size-full wp-image-3954\" style=\"border: 3px solid black;\" src=\"https:\/\/welcome-ontour.de\/wordpress\/wp-content\/uploads\/2013\/01\/phoca_thumb_l_2006-09-08-6.jpg\" width=\"600\" height=\"450\" border=\"0\" srcset=\"https:\/\/welcome-ontour.de\/wordpress\/wp-content\/uploads\/2013\/01\/phoca_thumb_l_2006-09-08-6.jpg 1037w, https:\/\/welcome-ontour.de\/wordpress\/wp-content\/uploads\/2013\/01\/phoca_thumb_l_2006-09-08-6-300x225.jpg 300w, https:\/\/welcome-ontour.de\/wordpress\/wp-content\/uploads\/2013\/01\/phoca_thumb_l_2006-09-08-6-1024x768.jpg 1024w, https:\/\/welcome-ontour.de\/wordpress\/wp-content\/uploads\/2013\/01\/phoca_thumb_l_2006-09-08-6-768x576.jpg 768w\" sizes=\"(max-width: 600px) 100vw, 600px\" \/><\/span><\/p>\n<p style=\"text-align: center;\"><span style=\"font-family: arial, helvetica, sans-serif; font-size: medium;\">Bei den Hikingtrails entscheiden wir uns,<\/span><\/p>\n<p style=\"text-align: center;\"><span style=\"font-family: arial, helvetica, sans-serif; font-size: medium;\">morgen den Trail zum Observation Point zu machen.<\/span><\/p>\n<p style=\"text-align: center;\"><span style=\"font-family: arial, helvetica, sans-serif; font-size: medium;\">Laut Aussage der Parkranger soll er in maximal acht Stunden zu bew\u00e4ltigen sein.<\/span><\/p>\n<p style=\"text-align: center;\"><span style=\"font-family: arial, helvetica, sans-serif; font-size: medium;\">Zur\u00fcck zur Lodge und ab an den Pool. Baden, Karten schreiben, relaxen.<\/span><\/p>\n<p style=\"text-align: center;\"><span style=\"font-family: arial, helvetica, sans-serif; font-size: medium;\">Herrlicher Sonnenschein, keine Wolke, ein leichter Wind und 30\u00b0C.<\/span><\/p>\n<p style=\"text-align: center;\"><span style=\"font-family: arial, helvetica, sans-serif; font-size: medium;\">Wasser im Pool und Hot Tube sehr angenehm.<\/span><\/p>\n<p style=\"text-align: center;\"><span style=\"font-family: arial, helvetica, sans-serif; font-size: medium;\">17:00 brechen wir unseren Poolaufenthalt ab, um uns ein Abendmahl zu genehmigen.<\/span><\/p>\n<p style=\"text-align: center;\"><span style=\"font-family: arial, helvetica, sans-serif; font-size: medium;\">Dabei stolpern wir wieder mal \u00fcber die Uhrzeit.<\/span><\/p>\n<p style=\"text-align: center;\"><span style=\"font-family: arial, helvetica, sans-serif; font-size: medium;\">Wir sind in Utah und es ist 18:00. Uhren eine Stunde vor.<\/span><\/p>\n<p style=\"text-align: center;\"><span style=\"font-family: arial, helvetica, sans-serif; font-size: medium;\">Werden wir wohl nie hinkriegen.<\/span><\/p>\n<p style=\"text-align: center;\"><span style=\"font-family: arial, helvetica, sans-serif; font-size: medium;\">\u00a0<\/span><\/p>\n<p style=\"text-align: center;\"><span style=\"font-family: arial, helvetica, sans-serif; font-size: medium;\"><img decoding=\"async\" class=\" size-full wp-image-3955\" style=\"border: 3px solid black;\" title=\"Cliffrose Garden\" src=\"https:\/\/welcome-ontour.de\/wordpress\/wp-content\/uploads\/2013\/01\/phoca_thumb_l_2006-09-08-7.jpg\" width=\"600\" height=\"450\" border=\"0\" srcset=\"https:\/\/welcome-ontour.de\/wordpress\/wp-content\/uploads\/2013\/01\/phoca_thumb_l_2006-09-08-7.jpg 1333w, https:\/\/welcome-ontour.de\/wordpress\/wp-content\/uploads\/2013\/01\/phoca_thumb_l_2006-09-08-7-300x225.jpg 300w, https:\/\/welcome-ontour.de\/wordpress\/wp-content\/uploads\/2013\/01\/phoca_thumb_l_2006-09-08-7-1024x768.jpg 1024w, https:\/\/welcome-ontour.de\/wordpress\/wp-content\/uploads\/2013\/01\/phoca_thumb_l_2006-09-08-7-768x576.jpg 768w\" sizes=\"(max-width: 600px) 100vw, 600px\" \/><\/span><\/p>\n<p style=\"text-align: center;\"><span style=\"font-family: arial, helvetica, sans-serif; font-size: medium;\">\u00a0<\/span><\/p>\n<p style=\"text-align: center;\"><span style=\"font-family: arial, helvetica, sans-serif; font-size: medium;\">Bis halb acht verzehren wir mit viel Vergn\u00fcgen<\/span><\/p>\n<p style=\"text-align: center;\"><span style=\"font-family: arial, helvetica, sans-serif; font-size: medium;\">unsere heute fr\u00fch erworbenen Speisen und Getr\u00e4nke.<\/span><\/p>\n<p style=\"text-align: center;\"><span style=\"font-family: arial, helvetica, sans-serif; font-size: medium;\">Bei Knoblauchbrot, Wein, kaltem Bush und noch viel mehr geniessen wir,<\/span><\/p>\n<p style=\"text-align: center;\"><span style=\"font-family: arial, helvetica, sans-serif; font-size: medium;\">wie\u00a0 die untergehende Sonne den Watchman in rot taucht.<\/span><\/p>\n<p style=\"text-align: center;\"><span style=\"font-family: arial, helvetica, sans-serif; font-size: medium;\">Dann duschen, Tagebuch und Karten Schreiben und beim Einschlafen<\/span><\/p>\n<p style=\"text-align: center;\"><span style=\"font-family: arial, helvetica, sans-serif; font-size: medium;\">auf die morgige Observation-Point-Tour freuen.<\/span><\/p>\n<p style=\"text-align: center;\"><span style=\"font-family: arial, helvetica, sans-serif; font-size: medium;\">\u00a0<\/span><\/p>\n<p style=\"text-align: center;\"><span style=\"font-family: arial, helvetica, sans-serif; font-size: medium;\">Gefahrene Meilen \/ Kilometer:\u00a0 204 \/ 329<\/span><\/p>\n<p style=\"text-align: center;\"><span style=\"font-family: arial, helvetica, sans-serif; font-size: medium;\">\u00a0<\/span><\/p>\n<p style=\"text-align: center;\"><span style=\"font-family: arial, helvetica, sans-serif; font-size: medium;\">\u00dcbernachtung:\u00a0 <a href=\"http:\/\/cliffroselodge.com\/\" target=\"_blank\" rel=\"noopener noreferrer\">cliffrose lodge and garden<\/a>s, springdale, 128$\u00a0 *****<\/span><\/p>\n<p style=\"text-align: center;\"><span style=\"font-family: arial, helvetica, sans-serif; font-size: medium;\">\u00a0<\/span><\/p>\n<p style=\"text-align: center;\"><span style=\"font-family: arial, helvetica, sans-serif; font-size: medium;\"><img decoding=\"async\" class=\" size-full wp-image-3947\" src=\"https:\/\/welcome-ontour.de\/wordpress\/wp-content\/uploads\/2013\/01\/phoca_thumb_l_2006-09-07-7.jpg\" width=\"300\" height=\"100\" border=\"0\" \/><\/span><\/p>\n<p style=\"text-align: center;\"><span style=\"font-family: arial, helvetica, sans-serif; font-size: medium;\"> <span style=\"font-size: 10pt;\"><span style=\"font-family: arial, helvetica, sans-serif;\"><a href=\"https:\/\/welcome-ontour.de\/wordpress\/index.php\/2006-09-07\">&lt;&lt; Zur\u00fcck<\/a>\u00a0 \u00a0 \u00a0 \u00a0 \u00a0 \u00a0 \u00a0 \u00a0 \u00a0 \u00a0 \u00a0 \u00a0 \u00a0 \u00a0 \u00a0 \u00a0 \u00a0 \u00a0 \u00a0 \u00a0 \u00a0 \u00a0 \u00a0 \u00a0 \u00a0 \u00a0 \u00a0 \u00a0 \u00a0 \u00a0 \u00a0 \u00a0 \u00a0 \u00a0 \u00a0 \u00a0 \u00a0 \u00a0 \u00a0 \u00a0 \u00a0 \u00a0 \u00a0 \u00a0 \u00a0 \u00a0 \u00a0 \u00a0 \u00a0 \u00a0 \u00a0 \u00a0 \u00a0 \u00a0 \u00a0 \u00a0 \u00a0 \u00a0 \u00a0 \u00a0 \u00a0 \u00a0 \u00a0 \u00a0 \u00a0 \u00a0 \u00a0 \u00a0 \u00a0 \u00a0 \u00a0 \u00a0 \u00a0 \u00a0 \u00a0 \u00a0 \u00a0 \u00a0 \u00a0 \u00a0 \u00a0 \u00a0 \u00a0 \u00a0 \u00a0 \u00a0 \u00a0 \u00a0 \u00a0 \u00a0 \u00a0 \u00a0 \u00a0 \u00a0 \u00a0 \u00a0 \u00a0 \u00a0 \u00a0 \u00a0<\/span><a href=\"https:\/\/welcome-ontour.de\/wordpress\/index.php\/2006-09-09\"><span style=\"font-family: arial, helvetica, sans-serif; line-height: 1.3em;\">Weiter &gt;&gt;<\/span><\/a><\/span><\/span><\/p>\n","protected":false},"excerpt":{"rendered":"<p>Prolog \u00a0 \u00a0 Hinflug \u00a0 \u00a0 Zion \u00a0 \u00a0 Moab \u00a0 \u00a0 Yellowstone \u00a0 \u00a0 Black Hills \u00a0 \u00a0 Los Alamos \u00a0 \u00a0 Sedona \u00a0 \u00a0 Page \u00a0 \u00a0 Las Vegas \u00a0 \u00a0 R\u00fcckflug \u00a0 \u00a0 Fazit \u00a0 &lt;&lt; Zur\u00fcck\u00a0 \u00a0 \u00a0 \u00a0 \u00a0 \u00a0 \u00a0 \u00a0 \u00a0 \u00a0 \u00a0 \u00a0 \u00a0 \u00a0 \u00a0 \u00a0 \u00a0 \u00a0 \u00a0 \u00a0 \u00a0 \u00a0 \u00a0 \u00a0 \u00a0 \u00a0 \u00a0 \u00a0 \u00a0 \u00a0 \u00a0 \u00a0 \u00a0 \u00a0 \u00a0 \u00a0 \u00a0 \u00a0 \u00a0 \u00a0 \u00a0 \u00a0 \u00a0 \u00a0 \u00a0 \u00a0 \u00a0 \u00a0 \u00a0 \u00a0 \u00a0 \u00a0 \u00a0 \u00a0 \u00a0 \u00a0 \u00a0 \u00a0 \u00a0 \u00a0 \u00a0 \u00a0 \u00a0 \u00a0 \u00a0 \u00a0 \u00a0 \u00a0 \u00a0 \u00a0 \u00a0 \u00a0 \u00a0 \u00a0 \u00a0 \u00a0 \u00a0 \u00a0 \u00a0 \u00a0 \u00a0 \u00a0 \u00a0 \u00a0 \u00a0 \u00a0 \u00a0 \u00a0 \u00a0 \u00a0 \u00a0 \u00a0 \u00a0 \u00a0 \u00a0 \u00a0 \u00a0 \u00a0 \u00a0 \u00a0Weiter &gt;&gt; Freitag, 8.9.06, 1.Woche, 2.Tag\u00a0 Las Vegas &#8211; Springdale \u00a0 Um sechs ausgeschlafen aufgestanden, ausgecheckt und zum Starbucks am S\u00fcdende des Strip gefahren. Unterwegs noch das Foto am Las Vegas Schild gemacht. \u00a0 \u00a0 Nach Bagels und Cafe sind wir in den uns schon bekannten Food For Less und haben uns mit Getr\u00e4nken und Verpflegung f\u00fcr die n\u00e4chsten Tage eingedeckt. Als letztes noch zum Walmart. Wir holen Weingl\u00e4ser und g\u00f6nnen uns f\u00fcr 16$ eine grosse Coolmanbox f\u00fcrs Auto. \u00a0 \u00a0 Mit dem proppevollem Van geht\u00b4s auf die Interstate 15 nach Norden. Gegen zw\u00f6lf halten wir in St.George beim Dennys in der South Main Street. Alles sehr lecker und nicht zu teuer. Hinter St.George biegen wir von der Autobahn auf den Highway 9. Es dauert nicht mehr lange und wir erkennen die ersten Formationen des Zion Nationalparks. \u00a0 \u00a0 \u00dcber Hurricane und Rockville erreichen wir 14:00 Springdale. An der Lobby der Cliffrose Lodge l\u00e4uft alles wie geschmiert. Wir bekommen unser Zimmer 16, wie letztes Jahr. Bine und Matti die 17, gleich nebenan. Beide Rooms mit direktem Zugang zum Garten. Super! \u00a0 \u00a0 Wir gehen die paar Schritte zum Eingang des Nationalparks und holen uns Postkarten und einen Nationalparkpass f\u00fcr 50$. \u00a0 \u00a0 Bei den Hikingtrails entscheiden wir uns, morgen den Trail zum Observation Point zu machen. Laut Aussage der Parkranger soll er in maximal acht Stunden zu bew\u00e4ltigen sein. Zur\u00fcck zur Lodge und ab an den Pool. Baden, Karten schreiben, relaxen. Herrlicher Sonnenschein, keine Wolke, ein leichter Wind und 30\u00b0C. Wasser im Pool und Hot Tube sehr angenehm. 17:00 brechen wir unseren Poolaufenthalt ab, um uns ein Abendmahl zu genehmigen. Dabei stolpern wir wieder mal \u00fcber die Uhrzeit. Wir sind in Utah und es ist 18:00. Uhren eine Stunde vor. Werden wir wohl nie hinkriegen. \u00a0 \u00a0 Bis halb acht verzehren wir mit viel Vergn\u00fcgen unsere heute fr\u00fch erworbenen Speisen und Getr\u00e4nke. Bei Knoblauchbrot, Wein, kaltem Bush und noch viel mehr geniessen wir, wie\u00a0 die untergehende Sonne den Watchman in rot taucht. Dann duschen, Tagebuch und Karten Schreiben und beim Einschlafen auf die morgige Observation-Point-Tour freuen. \u00a0 Gefahrene Meilen \/ Kilometer:\u00a0 204 \/ 329 \u00a0 \u00dcbernachtung:\u00a0 cliffrose lodge and gardens, springdale, 128$\u00a0 ***** \u00a0 &lt;&lt; Zur\u00fcck\u00a0 \u00a0 \u00a0 \u00a0 \u00a0 \u00a0 \u00a0 \u00a0 \u00a0 \u00a0 \u00a0 \u00a0 \u00a0 \u00a0 \u00a0 \u00a0 \u00a0 \u00a0 \u00a0 \u00a0 \u00a0 \u00a0 \u00a0 \u00a0 \u00a0 \u00a0 \u00a0 \u00a0 \u00a0 \u00a0 \u00a0 \u00a0 \u00a0 \u00a0 \u00a0 \u00a0 \u00a0 \u00a0 \u00a0 \u00a0 \u00a0 \u00a0 \u00a0 \u00a0 \u00a0 \u00a0 \u00a0 \u00a0 \u00a0 \u00a0 \u00a0 \u00a0 \u00a0 \u00a0 \u00a0 \u00a0 \u00a0 \u00a0 \u00a0 \u00a0 \u00a0 \u00a0 \u00a0 \u00a0 \u00a0 \u00a0 \u00a0 \u00a0 \u00a0 \u00a0 \u00a0 \u00a0 \u00a0 \u00a0 \u00a0 \u00a0 \u00a0 \u00a0 \u00a0 \u00a0 \u00a0 \u00a0 \u00a0 \u00a0 \u00a0 \u00a0 \u00a0 \u00a0 \u00a0 \u00a0 \u00a0 \u00a0 \u00a0 \u00a0 \u00a0 \u00a0 \u00a0 \u00a0 \u00a0 \u00a0Weiter &gt;&gt;<\/p>\n","protected":false},"author":1,"featured_media":3949,"parent":0,"menu_order":24,"comment_status":"closed","ping_status":"closed","template":"","meta":{"footnotes":""},"class_list":["post-3956","page","type-page","status-publish","has-post-thumbnail","hentry"],"_links":{"self":[{"href":"https:\/\/welcome-ontour.de\/wordpress\/index.php\/wp-json\/wp\/v2\/pages\/3956","targetHints":{"allow":["GET"]}}],"collection":[{"href":"https:\/\/welcome-ontour.de\/wordpress\/index.php\/wp-json\/wp\/v2\/pages"}],"about":[{"href":"https:\/\/welcome-ontour.de\/wordpress\/index.php\/wp-json\/wp\/v2\/types\/page"}],"author":[{"embeddable":true,"href":"https:\/\/welcome-ontour.de\/wordpress\/index.php\/wp-json\/wp\/v2\/users\/1"}],"replies":[{"embeddable":true,"href":"https:\/\/welcome-ontour.de\/wordpress\/index.php\/wp-json\/wp\/v2\/comments?post=3956"}],"version-history":[{"count":3,"href":"https:\/\/welcome-ontour.de\/wordpress\/index.php\/wp-json\/wp\/v2\/pages\/3956\/revisions"}],"predecessor-version":[{"id":17320,"href":"https:\/\/welcome-ontour.de\/wordpress\/index.php\/wp-json\/wp\/v2\/pages\/3956\/revisions\/17320"}],"wp:featuredmedia":[{"embeddable":true,"href":"https:\/\/welcome-ontour.de\/wordpress\/index.php\/wp-json\/wp\/v2\/media\/3949"}],"wp:attachment":[{"href":"https:\/\/welcome-ontour.de\/wordpress\/index.php\/wp-json\/wp\/v2\/media?parent=3956"}],"curies":[{"name":"wp","href":"https:\/\/api.w.org\/{rel}","templated":true}]}}