{"id":3940,"date":"2013-01-08T13:27:02","date_gmt":"2013-01-08T13:27:02","guid":{"rendered":"https:\/\/welcome-ontour.de\/wordpress\/index.php\/2006-09-06-prolog\/"},"modified":"2022-06-30T23:07:31","modified_gmt":"2022-06-30T23:07:31","slug":"2006-09-06-prolog","status":"publish","type":"page","link":"https:\/\/welcome-ontour.de\/wordpress\/index.php\/2006-09-06-prolog\/","title":{"rendered":"2006 09 06 prolog"},"content":{"rendered":"<p style=\"text-align: center;\"><span style=\"font-family: arial, helvetica, sans-serif; font-size: 8pt;\"><a href=\"https:\/\/welcome-ontour.de\/wordpress\/index.php\/2006-09-06-prolog\/\">Prolog<\/a> \u00a0 \u00a0 <a href=\"https:\/\/welcome-ontour.de\/wordpress\/index.php\/2006-09-07\/\">Hinflug<\/a> \u00a0 \u00a0 <a href=\"https:\/\/welcome-ontour.de\/wordpress\/index.php\/2006-09-08\/\">Zion<\/a> \u00a0 \u00a0 <a href=\"https:\/\/welcome-ontour.de\/wordpress\/index.php\/2006-09-11\/\">Moab<\/a> \u00a0 \u00a0 <a href=\"https:\/\/welcome-ontour.de\/wordpress\/index.php\/2006-09-15\/\">Yellowstone<\/a> \u00a0 \u00a0 <a href=\"https:\/\/welcome-ontour.de\/wordpress\/index.php\/2006-09-18\/\">Black Hills<\/a> \u00a0 \u00a0 <a href=\"https:\/\/welcome-ontour.de\/wordpress\/index.php\/2006-09-20\/\">Los Alamos<\/a> \u00a0 \u00a0 <a href=\"https:\/\/welcome-ontour.de\/wordpress\/index.php\/2006-09-23\/\">Sedona<\/a> \u00a0 \u00a0 <a href=\"https:\/\/welcome-ontour.de\/wordpress\/index.php\/2006-09-26\/\">Page<\/a> \u00a0 \u00a0 <a href=\"https:\/\/welcome-ontour.de\/wordpress\/index.php\/2006-09-28\/\">Las Vegas<\/a> \u00a0 \u00a0 <a href=\"https:\/\/welcome-ontour.de\/wordpress\/index.php\/2006-09-30\/\">R\u00fcckflug<\/a> \u00a0 \u00a0 <a href=\"https:\/\/welcome-ontour.de\/wordpress\/index.php\/2006-10-02-fazit\/\">Fazit<\/a><\/span><\/p>\n<p style=\"text-align: center;\"><span style=\"font-family: arial, helvetica, sans-serif; font-size: small;\">\u00a0<\/span><\/p>\n<p style=\"text-align: center;\"><span style=\"font-size: 10pt;\"><span style=\"font-family: arial, helvetica, sans-serif;\"><a href=\"https:\/\/welcome-ontour.de\/wordpress\/index.php\/reiseberichte\/\">&lt;&lt; Reiseberichte<\/a>\u00a0 \u00a0 \u00a0 \u00a0 \u00a0 \u00a0 \u00a0 \u00a0 \u00a0 \u00a0 \u00a0 \u00a0 \u00a0 \u00a0 \u00a0 \u00a0 \u00a0 \u00a0 \u00a0 \u00a0 \u00a0 \u00a0 \u00a0 \u00a0 \u00a0 \u00a0 \u00a0 \u00a0 \u00a0 \u00a0 \u00a0 \u00a0 \u00a0 \u00a0 \u00a0 \u00a0 \u00a0 \u00a0 \u00a0 \u00a0 \u00a0 \u00a0 \u00a0 \u00a0 \u00a0 \u00a0 \u00a0 \u00a0 \u00a0 \u00a0 \u00a0 \u00a0 \u00a0 \u00a0 \u00a0 \u00a0 \u00a0 \u00a0 \u00a0 \u00a0 \u00a0 \u00a0 \u00a0 \u00a0 \u00a0 \u00a0 \u00a0 \u00a0 \u00a0 \u00a0 \u00a0 \u00a0 \u00a0 \u00a0 \u00a0 \u00a0 \u00a0 \u00a0 \u00a0 \u00a0 \u00a0 \u00a0 \u00a0 \u00a0 \u00a0 \u00a0 \u00a0 \u00a0 \u00a0 \u00a0 \u00a0 \u00a0 \u00a0 \u00a0 \u00a0 \u00a0 <\/span><a href=\"https:\/\/welcome-ontour.de\/wordpress\/index.php\/2006-09-07\/\"><span style=\"font-family: arial, helvetica, sans-serif; line-height: 1.3em;\">Weiter &gt;&gt;<\/span><\/a><\/span><\/p>\n<p style=\"text-align: center;\"><strong><span style=\"font-family: arial, helvetica, sans-serif; font-size: xx-large;\">\u00a0<\/span><\/strong><\/p>\n<p style=\"text-align: center;\"><strong><span style=\"font-family: arial, helvetica, sans-serif; font-size: xx-large;\">Long May You Run<\/span><\/strong><\/p>\n<p style=\"text-align: center;\"><strong><span style=\"font-family: arial, helvetica, sans-serif; font-size: xx-large;\">\u00a0<\/span><\/strong><\/p>\n<p style=\"text-align: center;\"><strong><span style=\"font-family: arial, helvetica, sans-serif; font-size: x-large;\">Yellowstone 2006<\/span><\/strong><\/p>\n<p style=\"text-align: center;\"><span style=\"font-family: arial, helvetica, sans-serif; font-size: medium;\">Yellowstone, Land der gelben Steine,\u00a0<span style=\"line-height: 1.3em;\">2006 ist es f\u00fcr uns soweit.<\/span><\/span><\/p>\n<p style=\"text-align: center;\"><span style=\"font-family: arial, helvetica, sans-serif; font-size: medium;\">Wir wollen den Besuch mit einem Tour quer durch Utah <\/span><\/p>\n<p style=\"text-align: center;\"><span style=\"font-family: arial, helvetica, sans-serif; font-size: medium;\">und einer Woche in den Colorado Rocky Mountains kombinieren.<\/span><\/p>\n<p style=\"text-align: center;\"><span style=\"font-family: arial, helvetica, sans-serif; font-size: medium;\">Herausgekommen ist dann eine etwas andere Streckenf\u00fchrung.<\/span><\/p>\n<p style=\"text-align: center;\"><a href=\"https:\/\/www.google.de\/maps\/dir\/Las+Vegas\/West+Yellowstone\/Keystone\/Los+Alamos\/Sedona\/36.0854315,-115.0614952\/@40.3524251,-112.0208071,5.75z\/data=!4m68!4m67!1m20!1m1!1s0x80beb782a4f57dd1:0x3accd5e6d5b379a3!2m2!1d-115.1398296!2d36.1699412!3m4!1m2!1d-111.4477323!2d37.8959536!3s0x8735f49f7eecfb73:0x32903f8c99454a63!3m4!1m2!1d-109.5745844!2d38.6003554!3s0x87480a84087c9169:0xb1ac0067be046f0a!3m4!1m2!1d-109.5056359!2d40.4516263!3s0x874563bba8bebe7f:0xb7b05d9af38ac2a2!1m10!1m1!1s0x5351b9c07a322b03:0xdd639df748902010!2m2!1d-111.1041092!2d44.6621493!3m4!1m2!1d-108.0815475!2d44.5081284!3s0x534bc65fadead45f:0xaee9843976aeef2f!1m10!1m1!1s0x877d361618a500bb:0x2e1989fb3fc78ba0!2m2!1d-103.4182455!2d43.8955436!3m4!1m2!1d-104.8998705!2d36.5188348!3s0x8710ae2ef238118b:0xfbfa314ef805f853!1m5!1m1!1s0x87186cacdd7d64a7:0xe2627730b580ad3d!2m2!1d-106.3031138!2d35.8800364!1m15!1m1!1s0x872da132f942b00d:0x5548c523fa6c8efd!2m2!1d-111.7609896!2d34.8697395!3m4!1m2!1d-111.4494468!2d36.8950368!3s0x8734136bcb625331:0x9e0b7d75c6c9a967!3m4!1m2!1d-112.2577426!2d36.7887972!3s0x8734be399b568209:0xdd197530f248b08!1m0!3e0?hl=de\" target=\"_blank\" rel=\"noopener noreferrer\"><span style=\"font-family: arial, helvetica, sans-serif; font-size: medium;\">Route<\/span><\/a><\/p>\n<p style=\"text-align: center;\"><span style=\"font-family: arial, helvetica, sans-serif; font-size: medium;\">Wegen der g\u00fcnstigen Quartiere, dem verl\u00e4\u00dflich warmen Klima <\/span><\/p>\n<p style=\"text-align: center;\"><span style=\"font-family: arial, helvetica, sans-serif; font-size: medium;\">und dem preiswerten Einkauf haben wir Las Vegas als Start und Ziel gew\u00e4hlt.<\/span><\/p>\n<p style=\"text-align: center;\"><span style=\"font-family: arial, helvetica, sans-serif; font-size: medium;\">Fliegen werden wir wieder mit British Airways \u00fcber London.<\/span><\/p>\n<p style=\"text-align: center;\"><span style=\"font-family: arial, helvetica, sans-serif; font-size: medium;\">Da es keine direkte Verbindung gibt, m\u00fcssen wir an der Westk\u00fcste noch einmal umsteigen.<\/span><\/p>\n<p style=\"text-align: center;\"><span style=\"font-family: arial, helvetica, sans-serif; font-size: medium;\">Auf dem Hinflug in Los Angeles, zur\u00fcck in San Francisco.<\/span><\/p>\n<p style=\"text-align: center;\"><span style=\"font-family: arial, helvetica, sans-serif; font-size: medium;\">F\u00fcr die ersten drei N\u00e4chte haben wir Zimmer reserviert, danach nicht mehr.<\/span><\/p>\n<p style=\"text-align: center;\"><span style=\"font-family: arial, helvetica, sans-serif; font-size: medium;\">Wir werden wieder zu viert unterwegs sein.<\/span><\/p>\n<p style=\"text-align: center;\"><span style=\"font-family: arial, helvetica, sans-serif; font-size: medium;\">Als Transportmittel gibt es einen Van mit ausreichend Platz.<\/span><\/p>\n<p style=\"text-align: center;\"><span style=\"font-family: arial, helvetica, sans-serif; font-size: medium;\">Im September sollte uns auch das Wetter keinen Streich spielen.<\/span><\/p>\n<p style=\"text-align: center;\"><span style=\"font-family: arial, helvetica, sans-serif; font-size: medium;\">Dachten wir jedenfalls \u2026<\/span><\/p>\n<p style=\"text-align: center;\"><span style=\"font-family: arial, helvetica, sans-serif; font-size: medium;\">\u00a0<\/span><\/p>\n<p style=\"text-align: center;\"><span style=\"font-family: arial, helvetica, sans-serif; font-size: medium;\"><img decoding=\"async\" class=\" size-full wp-image-3939\" title=\"USA 2006\" src=\"https:\/\/welcome-ontour.de\/wordpress\/wp-content\/uploads\/2013\/01\/phoca_thumb_l_2006-09-06-1.jpg\" width=\"566\" height=\"548\" border=\"0\" srcset=\"https:\/\/welcome-ontour.de\/wordpress\/wp-content\/uploads\/2013\/01\/phoca_thumb_l_2006-09-06-1.jpg 566w, https:\/\/welcome-ontour.de\/wordpress\/wp-content\/uploads\/2013\/01\/phoca_thumb_l_2006-09-06-1-300x290.jpg 300w\" sizes=\"(max-width: 566px) 100vw, 566px\" \/><\/span><\/p>\n<p style=\"text-align: center;\"><span style=\"font-family: arial, helvetica, sans-serif; font-size: medium;\">\u00a0<\/span><\/p>\n<p style=\"text-align: center;\"><span style=\"font-family: arial, helvetica, sans-serif; font-size: medium;\">\u00a0<\/span><\/p>\n<p style=\"text-align: center;\"><strong><span style=\"font-family: arial, helvetica, sans-serif; font-size: medium;\">Mittwoch, 6.9.06<\/span><\/strong><\/p>\n<p style=\"text-align: center;\"><span style=\"font-family: arial, helvetica, sans-serif; font-size: medium;\">\u00a0<\/span><\/p>\n<p style=\"text-align: center;\"><span style=\"font-family: arial, helvetica, sans-serif; font-size: medium;\">Da Vorabendcheck bei British Airways neuerdings m\u00f6glich ist,<\/span><\/p>\n<p style=\"text-align: center;\"><span style=\"font-family: arial, helvetica, sans-serif; font-size: medium;\">holen wir Bine und Matti ab und fahren zu 19 Uhr zum Flughafen Tegel.<\/span><\/p>\n<p style=\"text-align: center;\"><span style=\"font-family: arial, helvetica, sans-serif; font-size: medium;\">Sind schon halb sieben dort und eine halbe Stunde sp\u00e4ter unsere Koffer los.<\/span><\/p>\n<p style=\"text-align: center;\"><span style=\"font-family: arial, helvetica, sans-serif; font-size: medium;\">Haben Bordkarten f\u00fcr alle Hinfl\u00fcge bekommen.<\/span><\/p>\n<p style=\"text-align: center;\"><span style=\"font-family: arial, helvetica, sans-serif; font-size: medium;\">Die Sitzplatzreservierungen f\u00fcr die Transatlantikfl\u00fcge haben auch geklappt.<\/span><\/p>\n<p style=\"text-align: center;\"><span style=\"font-family: arial, helvetica, sans-serif; font-size: medium;\">\u00a0<\/span><\/p>\n<p style=\"text-align: center;\"><span style=\"font-family: arial, helvetica, sans-serif; font-size: medium;\">\u00a0<\/span><\/p>\n<p style=\"text-align: center;\"><span style=\"font-family: arial, helvetica, sans-serif; font-size: medium;\">\u00a0<\/span><\/p>\n<p style=\"text-align: center;\"><span style=\"font-family: arial, helvetica, sans-serif; font-size: 10pt;\"><a href=\"https:\/\/welcome-ontour.de\/wordpress\/index.php\/reiseberichte\/\">&lt;&lt; Reiseberichte<\/a>\u00a0 \u00a0 \u00a0 \u00a0 \u00a0 \u00a0 \u00a0 \u00a0 \u00a0 \u00a0 \u00a0 \u00a0 \u00a0 \u00a0 \u00a0 \u00a0 \u00a0 \u00a0 \u00a0 \u00a0 \u00a0 \u00a0 \u00a0 \u00a0 \u00a0 \u00a0 \u00a0 \u00a0 \u00a0 \u00a0 \u00a0 \u00a0 \u00a0 \u00a0 \u00a0 \u00a0 \u00a0 \u00a0 \u00a0 \u00a0 \u00a0 \u00a0 \u00a0 \u00a0 \u00a0 \u00a0 \u00a0 \u00a0 \u00a0 \u00a0 \u00a0 \u00a0 \u00a0 \u00a0 \u00a0 \u00a0 \u00a0 \u00a0 \u00a0 \u00a0 \u00a0 \u00a0 \u00a0 \u00a0 \u00a0 \u00a0 \u00a0 \u00a0 \u00a0 \u00a0 \u00a0 \u00a0 \u00a0 \u00a0 \u00a0 \u00a0 \u00a0 \u00a0 \u00a0 \u00a0 \u00a0 \u00a0 \u00a0 \u00a0 \u00a0 \u00a0 \u00a0 \u00a0 \u00a0 \u00a0 \u00a0 \u00a0 \u00a0 \u00a0 \u00a0 \u00a0\u00a0<a href=\"https:\/\/welcome-ontour.de\/wordpress\/index.php\/2006-09-07\/\">Weiter &gt;&gt;<\/a><\/span><\/p>\n","protected":false},"excerpt":{"rendered":"<p>Prolog \u00a0 \u00a0 Hinflug \u00a0 \u00a0 Zion \u00a0 \u00a0 Moab \u00a0 \u00a0 Yellowstone \u00a0 \u00a0 Black Hills \u00a0 \u00a0 Los Alamos \u00a0 \u00a0 Sedona \u00a0 \u00a0 Page \u00a0 \u00a0 Las Vegas \u00a0 \u00a0 R\u00fcckflug \u00a0 \u00a0 Fazit \u00a0 &lt;&lt; Reiseberichte\u00a0 \u00a0 \u00a0 \u00a0 \u00a0 \u00a0 \u00a0 \u00a0 \u00a0 \u00a0 \u00a0 \u00a0 \u00a0 \u00a0 \u00a0 \u00a0 \u00a0 \u00a0 \u00a0 \u00a0 \u00a0 \u00a0 \u00a0 \u00a0 \u00a0 \u00a0 \u00a0 \u00a0 \u00a0 \u00a0 \u00a0 \u00a0 \u00a0 \u00a0 \u00a0 \u00a0 \u00a0 \u00a0 \u00a0 \u00a0 \u00a0 \u00a0 \u00a0 \u00a0 \u00a0 \u00a0 \u00a0 \u00a0 \u00a0 \u00a0 \u00a0 \u00a0 \u00a0 \u00a0 \u00a0 \u00a0 \u00a0 \u00a0 \u00a0 \u00a0 \u00a0 \u00a0 \u00a0 \u00a0 \u00a0 \u00a0 \u00a0 \u00a0 \u00a0 \u00a0 \u00a0 \u00a0 \u00a0 \u00a0 \u00a0 \u00a0 \u00a0 \u00a0 \u00a0 \u00a0 \u00a0 \u00a0 \u00a0 \u00a0 \u00a0 \u00a0 \u00a0 \u00a0 \u00a0 \u00a0 \u00a0 \u00a0 \u00a0 \u00a0 \u00a0 \u00a0 Weiter &gt;&gt; \u00a0 Long May You Run \u00a0 Yellowstone 2006 Yellowstone, Land der gelben Steine,\u00a02006 ist es f\u00fcr uns soweit. Wir wollen den Besuch mit einem Tour quer durch Utah und einer Woche in den Colorado Rocky Mountains kombinieren. Herausgekommen ist dann eine etwas andere Streckenf\u00fchrung. Route Wegen der g\u00fcnstigen Quartiere, dem verl\u00e4\u00dflich warmen Klima und dem preiswerten Einkauf haben wir Las Vegas als Start und Ziel gew\u00e4hlt. Fliegen werden wir wieder mit British Airways \u00fcber London. Da es keine direkte Verbindung gibt, m\u00fcssen wir an der Westk\u00fcste noch einmal umsteigen. Auf dem Hinflug in Los Angeles, zur\u00fcck in San Francisco. F\u00fcr die ersten drei N\u00e4chte haben wir Zimmer reserviert, danach nicht mehr. Wir werden wieder zu viert unterwegs sein. Als Transportmittel gibt es einen Van mit ausreichend Platz. Im September sollte uns auch das Wetter keinen Streich spielen. Dachten wir jedenfalls \u2026 \u00a0 \u00a0 \u00a0 Mittwoch, 6.9.06 \u00a0 Da Vorabendcheck bei British Airways neuerdings m\u00f6glich ist, holen wir Bine und Matti ab und fahren zu 19 Uhr zum Flughafen Tegel. Sind schon halb sieben dort und eine halbe Stunde sp\u00e4ter unsere Koffer los. Haben Bordkarten f\u00fcr alle Hinfl\u00fcge bekommen. Die Sitzplatzreservierungen f\u00fcr die Transatlantikfl\u00fcge haben auch geklappt. \u00a0 \u00a0 \u00a0 &lt;&lt; Reiseberichte\u00a0 \u00a0 \u00a0 \u00a0 \u00a0 \u00a0 \u00a0 \u00a0 \u00a0 \u00a0 \u00a0 \u00a0 \u00a0 \u00a0 \u00a0 \u00a0 \u00a0 \u00a0 \u00a0 \u00a0 \u00a0 \u00a0 \u00a0 \u00a0 \u00a0 \u00a0 \u00a0 \u00a0 \u00a0 \u00a0 \u00a0 \u00a0 \u00a0 \u00a0 \u00a0 \u00a0 \u00a0 \u00a0 \u00a0 \u00a0 \u00a0 \u00a0 \u00a0 \u00a0 \u00a0 \u00a0 \u00a0 \u00a0 \u00a0 \u00a0 \u00a0 \u00a0 \u00a0 \u00a0 \u00a0 \u00a0 \u00a0 \u00a0 \u00a0 \u00a0 \u00a0 \u00a0 \u00a0 \u00a0 \u00a0 \u00a0 \u00a0 \u00a0 \u00a0 \u00a0 \u00a0 \u00a0 \u00a0 \u00a0 \u00a0 \u00a0 \u00a0 \u00a0 \u00a0 \u00a0 \u00a0 \u00a0 \u00a0 \u00a0 \u00a0 \u00a0 \u00a0 \u00a0 \u00a0 \u00a0 \u00a0 \u00a0 \u00a0 \u00a0 \u00a0 \u00a0\u00a0Weiter &gt;&gt;<\/p>\n","protected":false},"author":1,"featured_media":3939,"parent":0,"menu_order":26,"comment_status":"closed","ping_status":"closed","template":"","meta":{"footnotes":""},"class_list":["post-3940","page","type-page","status-publish","has-post-thumbnail","hentry"],"_links":{"self":[{"href":"https:\/\/welcome-ontour.de\/wordpress\/index.php\/wp-json\/wp\/v2\/pages\/3940","targetHints":{"allow":["GET"]}}],"collection":[{"href":"https:\/\/welcome-ontour.de\/wordpress\/index.php\/wp-json\/wp\/v2\/pages"}],"about":[{"href":"https:\/\/welcome-ontour.de\/wordpress\/index.php\/wp-json\/wp\/v2\/types\/page"}],"author":[{"embeddable":true,"href":"https:\/\/welcome-ontour.de\/wordpress\/index.php\/wp-json\/wp\/v2\/users\/1"}],"replies":[{"embeddable":true,"href":"https:\/\/welcome-ontour.de\/wordpress\/index.php\/wp-json\/wp\/v2\/comments?post=3940"}],"version-history":[{"count":3,"href":"https:\/\/welcome-ontour.de\/wordpress\/index.php\/wp-json\/wp\/v2\/pages\/3940\/revisions"}],"predecessor-version":[{"id":17316,"href":"https:\/\/welcome-ontour.de\/wordpress\/index.php\/wp-json\/wp\/v2\/pages\/3940\/revisions\/17316"}],"wp:featuredmedia":[{"embeddable":true,"href":"https:\/\/welcome-ontour.de\/wordpress\/index.php\/wp-json\/wp\/v2\/media\/3939"}],"wp:attachment":[{"href":"https:\/\/welcome-ontour.de\/wordpress\/index.php\/wp-json\/wp\/v2\/media?parent=3940"}],"curies":[{"name":"wp","href":"https:\/\/api.w.org\/{rel}","templated":true}]}}