{"id":3938,"date":"2013-01-08T13:25:52","date_gmt":"2013-01-08T13:25:52","guid":{"rendered":"https:\/\/welcome-ontour.de\/wordpress\/index.php\/2007-06-09-fazit\/"},"modified":"2022-06-30T23:06:16","modified_gmt":"2022-06-30T23:06:16","slug":"2007-06-09-fazit","status":"publish","type":"page","link":"https:\/\/welcome-ontour.de\/wordpress\/index.php\/2007-06-09-fazit\/","title":{"rendered":"2007 06 09 fazit"},"content":{"rendered":"<p style=\"text-align: center;\"><a style=\"font-family: arial, helvetica, sans-serif; font-size: x-small; line-height: 1.3em;\" href=\"http:\/\/www.welcome-ontour.de\/index.php\/reiseberichte\/88-2007-05-suedwesten\/316-2007-05-17-prolog\">Prolog<\/a><span style=\"font-family: arial, helvetica, sans-serif; font-size: x-small; line-height: 1.3em;\">\u00a0\u00a0&#8211; \u00a0<\/span><a style=\"font-family: arial, helvetica, sans-serif; font-size: x-small; line-height: 1.3em;\" href=\"http:\/\/www.welcome-ontour.de\/index.php\/reiseberichte\/88-2007-05-suedwesten\/317-2007-05-18\">Hinflug<\/a><span style=\"font-family: arial, helvetica, sans-serif; font-size: x-small; line-height: 1.3em;\">\u00a0\u00a0&#8211; \u00a0<\/span><a style=\"font-family: arial, helvetica, sans-serif; font-size: x-small; line-height: 1.3em;\" href=\"http:\/\/www.welcome-ontour.de\/index.php\/reiseberichte\/88-2007-05-suedwesten\/319-2007-05-20\">Organ Pipe<\/a><span style=\"font-family: arial, helvetica, sans-serif; font-size: x-small; line-height: 1.3em;\">\u00a0\u00a0&#8211; \u00a0<\/span><a style=\"font-family: arial, helvetica, sans-serif; font-size: x-small; line-height: 1.3em;\" href=\"http:\/\/www.welcome-ontour.de\/index.php\/reiseberichte\/88-2007-05-suedwesten\/320-2007-05-21\">Saguaro<\/a><span style=\"font-family: arial, helvetica, sans-serif; font-size: x-small; line-height: 1.3em;\">\u00a0\u00a0&#8211; \u00a0<\/span><a style=\"font-family: arial, helvetica, sans-serif; font-size: x-small; line-height: 1.3em;\" href=\"http:\/\/www.welcome-ontour.de\/index.php\/reiseberichte\/88-2007-05-suedwesten\/321-2007-05-22\">Chiricahua<\/a><span style=\"font-family: arial, helvetica, sans-serif; font-size: x-small; line-height: 1.3em;\">\u00a0\u00a0&#8211; \u00a0<\/span><a style=\"font-family: arial, helvetica, sans-serif; font-size: x-small; line-height: 1.3em;\" href=\"http:\/\/www.welcome-ontour.de\/index.php\/reiseberichte\/88-2007-05-suedwesten\/322-2007-05-23\">Guadalupe<\/a><span style=\"font-family: arial, helvetica, sans-serif; font-size: x-small; line-height: 1.3em;\">\u00a0\u00a0&#8211; \u00a0<\/span><a style=\"font-family: arial, helvetica, sans-serif; font-size: x-small; line-height: 1.3em;\" href=\"http:\/\/www.welcome-ontour.de\/index.php\/reiseberichte\/88-2007-05-suedwesten\/324-2007-05-25\">White Sands<\/a><span style=\"font-family: arial, helvetica, sans-serif; font-size: x-small; line-height: 1.3em;\">\u00a0\u00a0&#8211; \u00a0<\/span><a style=\"font-family: arial, helvetica, sans-serif; font-size: x-small; line-height: 1.3em;\" href=\"http:\/\/www.welcome-ontour.de\/index.php\/reiseberichte\/88-2007-05-suedwesten\/325-2007-05-26\">Great Sand Dunes<\/a><span style=\"font-family: arial, helvetica, sans-serif; font-size: x-small; line-height: 1.3em;\">\u00a0\u00a0&#8211; \u00a0<\/span><a style=\"font-family: arial, helvetica, sans-serif; font-size: x-small; line-height: 1.3em;\" href=\"http:\/\/www.welcome-ontour.de\/index.php\/reiseberichte\/88-2007-05-suedwesten\/326-2007-05-27\">Colo Springs<\/a><span style=\"font-family: arial, helvetica, sans-serif; font-size: x-small; line-height: 1.3em;\">\u00a0\u00a0&#8211; \u00a0<\/span><a style=\"font-family: arial, helvetica, sans-serif; font-size: x-small; line-height: 1.3em;\" href=\"http:\/\/www.welcome-ontour.de\/index.php\/reiseberichte\/88-2007-05-suedwesten\/328-2007-05-27\">Rocky Mts<\/a><span style=\"font-family: arial, helvetica, sans-serif; font-size: x-small; line-height: 1.3em;\">\u00a0\u00a0&#8211; \u00a0<\/span><a style=\"font-family: arial, helvetica, sans-serif; font-size: x-small; line-height: 1.3em;\" href=\"http:\/\/www.welcome-ontour.de\/index.php\/reiseberichte\/88-2007-05-suedwesten\/328-2007-05-29\">Rifle<\/a><span style=\"font-family: arial, helvetica, sans-serif; font-size: x-small; line-height: 1.3em;\">\u00a0\u00a0&#8211; \u00a0<\/span><a style=\"font-family: arial, helvetica, sans-serif; font-size: x-small; line-height: 1.3em;\" href=\"http:\/\/www.welcome-ontour.de\/index.php\/reiseberichte\/88-2007-05-suedwesten\/329-2007-05-30\">Moab<\/a><span style=\"font-family: arial, helvetica, sans-serif; font-size: x-small; line-height: 1.3em;\">\u00a0\u00a0&#8211; \u00a0<\/span><a style=\"font-family: arial, helvetica, sans-serif; font-size: x-small; line-height: 1.3em;\" href=\"http:\/\/www.welcome-ontour.de\/index.php\/reiseberichte\/88-2007-05-suedwesten\/333-2007-06-03\">Zion<\/a><span style=\"font-family: arial, helvetica, sans-serif; font-size: x-small; line-height: 1.3em;\">\u00a0\u00a0&#8211; \u00a0<\/span><a style=\"font-family: arial, helvetica, sans-serif; font-size: x-small; line-height: 1.3em;\" href=\"http:\/\/www.welcome-ontour.de\/index.php\/reiseberichte\/88-2007-05-suedwesten\/336-2007-06-06\">Las Vegas<\/a><span style=\"font-family: arial, helvetica, sans-serif; font-size: x-small; line-height: 1.3em;\">\u00a0\u00a0&#8211; \u00a0<\/span><a style=\"font-family: arial, helvetica, sans-serif; font-size: x-small; line-height: 1.3em;\" href=\"http:\/\/www.welcome-ontour.de\/index.php\/reiseberichte\/88-2007-05-suedwesten\/337-2007-06-07\">R\u00fcckflug<\/a><span style=\"font-family: arial, helvetica, sans-serif; font-size: x-small; line-height: 1.3em;\">\u00a0\u00a0&#8211; \u00a0<\/span><a style=\"font-family: arial, helvetica, sans-serif; font-size: x-small; line-height: 1.3em;\" href=\"http:\/\/www.welcome-ontour.de\/index.php\/reiseberichte\/88-2007-05-suedwesten\/339-2007-06-09-fazit\">Fazit<\/a><\/p>\n<p style=\"text-align: center;\">\u00a0<\/p>\n<p style=\"text-align: center;\"><a style=\"font-family: arial, helvetica, sans-serif; font-size: small; line-height: 1.3em;\" href=\"http:\/\/www.welcome-ontour.de\/index.php\/reiseberichte\/88-2007-05-suedwesten\/338-2007-06-08\">&lt;&lt; Zur\u00fcck<\/a><span style=\"font-family: arial, helvetica, sans-serif; font-size: small; line-height: 1.3em;\">\u00a0\u00a0 \u00a0 \u00a0 \u00a0 \u00a0 \u00a0 \u00a0 \u00a0 \u00a0 \u00a0 \u00a0 \u00a0 \u00a0 \u00a0 \u00a0 \u00a0 \u00a0 \u00a0 \u00a0 \u00a0 \u00a0 \u00a0 \u00a0 \u00a0 \u00a0 \u00a0 \u00a0 \u00a0 \u00a0 \u00a0 \u00a0 \u00a0 \u00a0 \u00a0 \u00a0 \u00a0 \u00a0 \u00a0 \u00a0 \u00a0 \u00a0 \u00a0 \u00a0 \u00a0 \u00a0 \u00a0 \u00a0 \u00a0 \u00a0 \u00a0 \u00a0 \u00a0 \u00a0 \u00a0 \u00a0 \u00a0 \u00a0 \u00a0 \u00a0 \u00a0 \u00a0 \u00a0 \u00a0 \u00a0 \u00a0 \u00a0 \u00a0 \u00a0 \u00a0 \u00a0 \u00a0 \u00a0 \u00a0 \u00a0 \u00a0 \u00a0 \u00a0 \u00a0 \u00a0 \u00a0 \u00a0 \u00a0 \u00a0 \u00a0 \u00a0 \u00a0 \u00a0 \u00a0 \u00a0 \u00a0 \u00a0 \u00a0 \u00a0 \u00a0 \u00a0 \u00a0 \u00a0<\/span><a style=\"font-family: arial, helvetica, sans-serif; font-size: small; line-height: 1.3em;\" href=\"http:\/\/www.welcome-ontour.de\/index.php\/alle-reiseberichte\">Reiseberichte &gt;&gt;<\/a><\/p>\n<p style=\"text-align: center;\"><span style=\"font-family: arial, helvetica, sans-serif; font-size: medium;\"><strong>\u00a0<\/strong><\/span><\/p>\n<p style=\"text-align: center;\"><span style=\"font-family: arial, helvetica, sans-serif; font-size: medium;\"><strong>Fazit<\/strong><\/span><\/p>\n<p style=\"text-align: center;\"><span style=\"font-family: arial, helvetica, sans-serif; font-size: medium;\">\u00a0<\/span><\/p>\n<p style=\"text-align: center;\"><span style=\"font-family: arial, helvetica, sans-serif; font-size: medium;\">So, das war\u00b4s dann mit unserer S\u00fcdwesttour 2007. Zeit f\u00fcr ein Fazit<\/span><\/p>\n<p style=\"text-align: center;\"><span style=\"font-family: arial, helvetica, sans-serif; font-size: medium;\">Ich hoffe, Ihr habt Euch nicht gelangweilt w\u00e4hrend wir Euch mit auf unsere Reise genommen haben.<\/span><\/p>\n<p style=\"text-align: center;\"><span style=\"font-family: arial, helvetica, sans-serif; font-size: medium;\">Wie Ihr sicherlich bemerkt habt, mit Stress sind wir ausreichend in unserem jeweiligen Arbeitsalltag versorgt. <\/span><\/p>\n<p style=\"text-align: center;\"><span style=\"font-family: arial, helvetica, sans-serif; font-size: medium;\">Im Urlaub ist das ein Fremdwort. <\/span><\/p>\n<p style=\"text-align: center;\"><span style=\"font-family: arial, helvetica, sans-serif; font-size: medium;\">Wir genie\u00dfen es meist schon am Flughafen, mit der amerikanischen L\u00e4ssigkeit konfrontiert zu werden. <\/span><\/p>\n<p style=\"text-align: center;\"><span style=\"font-family: arial, helvetica, sans-serif; font-size: medium;\">So geht es jedes Mal cool und easy los und \u00e4ndert sich auch nicht mehr bis zur Abreise.<\/span><\/p>\n<p style=\"text-align: center;\"><span style=\"font-family: arial, helvetica, sans-serif; font-size: medium;\">Mit unserem diesmal etwas kleineren Auto waren wir fast viertausend Meilen unterwegs, <\/span><\/p>\n<p style=\"text-align: center;\"><span style=\"font-family: arial, helvetica, sans-serif; font-size: medium;\">davon die H\u00e4lfte in den ersten acht Tagen.<\/span><\/p>\n<p style=\"text-align: center;\"><span style=\"font-family: arial, helvetica, sans-serif; font-size: medium;\">Anfangs war es ziemlich hei\u00df und wir waren froh, in den Carlsbad Caverns Abk\u00fchlung zu haben.<\/span><\/p>\n<p style=\"text-align: center;\"><span style=\"font-family: arial, helvetica, sans-serif; font-size: medium;\">In den Rockies kam dann der Schnee, aber damit hatten wir schon Erfahrung und auch mit gerechnet.<\/span><\/p>\n<p style=\"text-align: center;\"><span style=\"font-family: arial, helvetica, sans-serif; font-size: medium;\">Jedes mal hatten wir bisher unsere Winteretappe. <\/span><\/p>\n<p style=\"text-align: center;\"><span style=\"font-family: arial, helvetica, sans-serif; font-size: medium;\">Mal Tioga, mal Silverton, mal der Carson Pass, mal im Yellowstone und diesmal der Rocky Mountain Nationalpark.<\/span><\/p>\n<p style=\"text-align: center;\"><span style=\"font-family: arial, helvetica, sans-serif; font-size: medium;\">Diesmal haben wir ja tolle Dinge in Arizona, New Mexico, Texas und Colorado gesehen, <\/span><\/p>\n<p style=\"text-align: center;\"><span style=\"font-family: arial, helvetica, sans-serif; font-size: medium;\">aber in Utah waren wir wieder hin und weg.<\/span><\/p>\n<p style=\"text-align: center;\"><span style=\"font-family: arial, helvetica, sans-serif; font-size: medium;\">In Moab w\u00e4ren wir gern noch l\u00e4nger geblieben. Aber die Canyons laufen ja nicht davon.<\/span><\/p>\n<p style=\"text-align: center;\"><span style=\"font-family: arial, helvetica, sans-serif; font-size: medium;\">Von Las Vegas waren wir diesmal etwas entt\u00e4uscht. <\/span><\/p>\n<p style=\"text-align: center;\"><span style=\"font-family: arial, helvetica, sans-serif; font-size: medium;\">Der Strip mit seinen Casinos und Themenhotels war noch nie so unser Ding.<\/span><\/p>\n<p style=\"text-align: center;\"><span style=\"font-family: arial, helvetica, sans-serif; font-size: medium;\">Aber wegen der relativ guten Flugverbindung, der g\u00fcnstigen Unterk\u00fcnfte und der preiswerten Erstversorgung <\/span><\/p>\n<p style=\"text-align: center;\"><span style=\"font-family: arial, helvetica, sans-serif; font-size: medium;\">haben wir uns in den letzten zwei Jahren f\u00fcr Las Vegas als Start und Ziel entschieden. <\/span><\/p>\n<p style=\"text-align: center;\"><span style=\"font-family: arial, helvetica, sans-serif; font-size: medium;\">Vom Outlet waren wir diesmal nicht so begeistert, aber das war auch die einzige Entt\u00e4uschung.<\/span><\/p>\n<p style=\"text-align: center;\"><span style=\"font-family: arial, helvetica, sans-serif; font-size: medium;\">\u00a0<\/span><\/p>\n<p style=\"text-align: center;\"><span style=\"font-family: arial, helvetica, sans-serif; font-size: medium;\">Erg\u00e4nzend noch paar Zahlen:<\/span><\/p>\n<p style=\"text-align: center;\"><span style=\"font-family: arial, helvetica, sans-serif; font-size: medium;\">3.961 Meilen \/ 6.377 Kilometer unterwegs gewesen, dabei 147 gal \/ 558 Liter verbraucht.<\/span><\/p>\n<p style=\"text-align: center;\"><span style=\"font-family: arial, helvetica, sans-serif; font-size: medium;\">Durschnittsverbrauch: 8,76 l\/100km !!!\u00a0 Was will man mehr (weniger).<\/span><\/p>\n<p style=\"text-align: center;\"><span style=\"font-family: arial, helvetica, sans-serif; font-size: medium;\">Hotels von 39$ (motel 6, alamogordo) bis 121$ (cliffroselodge, springdale), <\/span><\/p>\n<p style=\"text-align: center;\"><span style=\"font-family: arial, helvetica, sans-serif; font-size: medium;\">macht im Schnitt eine endg\u00fcltige Roomrate von 77,85$ \/ 58,50\u20ac.<\/span><\/p>\n<p style=\"text-align: center;\"><span style=\"font-family: arial, helvetica, sans-serif; font-size: medium;\">\u00a0<\/span><\/p>\n<p style=\"text-align: center;\"><span style=\"font-family: arial, helvetica, sans-serif; font-size: medium;\"><img decoding=\"async\" style=\"border: 2px solid black;\" title=\"Ute &amp; Andie\" src=\"http:\/\/www.welcome-ontour.de\/images\/phocagallery\/thumbs\/phoca_thumb_l_2007%2005%2022%2007%20chiricahua%20nat.park.jpg\" width=\"770\" height=\"578\" border=\"0\" \/><\/span><\/p>\n<p style=\"text-align: center;\"><span style=\"font-family: arial, helvetica, sans-serif; font-size: medium;\">\u00a0<\/span><\/p>\n<p style=\"text-align: center;\"><span style=\"font-family: arial, helvetica, sans-serif; font-size: medium;\">\u00a0<\/span><\/p>\n<p style=\"text-align: center;\"><span style=\"font-family: arial, helvetica, sans-serif; font-size: medium;\">Nachlese<\/span><\/p>\n<p style=\"text-align: center;\"><span style=\"font-family: arial, helvetica, sans-serif; font-size: medium;\">Wieder zu Hause waren wir uns einig, dass wir im Sp\u00e4tsommer\/Herbst 2008 nach New York fliegen,<\/span><\/p>\n<p style=\"text-align: center;\"><span style=\"font-family: arial, helvetica, sans-serif; font-size: medium;\"> um dann entweder\u00a0<\/span><span style=\"font-family: arial, helvetica, sans-serif; font-size: medium; line-height: 1.3em;\">nach Norden zum Indian Summer <\/span><\/p>\n<p style=\"text-align: center;\"><span style=\"font-family: arial, helvetica, sans-serif; font-size: medium; line-height: 1.3em;\">oder nach S\u00fcden eine gro\u00dfe Schleife bis Nashville und den Great Smoky Mountains zu fahren.<\/span><\/p>\n<p style=\"text-align: center;\"><span style=\"font-family: arial, helvetica, sans-serif; font-size: medium;\">Hat ungef\u00e4hr drei Monate gedauert, bis wir einstimmig zu der Erkenntnis gelangt sind, <\/span><\/p>\n<p style=\"text-align: center;\"><span style=\"font-family: arial, helvetica, sans-serif; font-size: medium;\">dass wir da noch hin k\u00f6nnen, wenn wir \u00e4lter sind. Der Flug ist ja nicht sooo weit\u2026.<\/span><\/p>\n<p style=\"text-align: center;\"><span style=\"font-family: arial, helvetica, sans-serif; font-size: medium;\">Tickets f\u00fcr 2008 sind mittlerweile gebucht. <\/span><\/p>\n<p style=\"text-align: center;\"><span style=\"font-family: arial, helvetica, sans-serif; font-size: medium;\">Wir fahren im April\/Mai von Los Angeles nach San Francisco. Nat\u00fcrlich nicht die k\u00fcrzeste Verbindung.<\/span><\/p>\n<p style=\"text-align: center;\"><span style=\"font-family: arial, helvetica, sans-serif; font-size: medium;\">Mietwagen kommt noch vor Weihnachten dazu. Das Abenteuer beginnt von neuem\u2026<\/span><\/p>\n<p style=\"text-align: center;\"><span style=\"font-family: arial, helvetica, sans-serif; font-size: medium;\">\u00a0<\/span><\/p>\n<p style=\"text-align: center;\"><span style=\"font-family: arial, helvetica, sans-serif; font-size: medium;\">uti &amp; andie<\/span><\/p>\n<p style=\"text-align: center;\"><span style=\"font-family: arial, helvetica, sans-serif; font-size: medium;\">\u00a0<\/span><\/p>\n<p style=\"text-align: center;\"><span style=\"font-family: arial, helvetica, sans-serif; font-size: small;\"><a href=\"http:\/\/www.welcome-ontour.de\/index.php\/reiseberichte\/88-2007-05-suedwesten\/338-2007-06-08\">&lt;&lt; Zur\u00fcck<\/a>\u00a0\u00a0 \u00a0 \u00a0 \u00a0 \u00a0 \u00a0 \u00a0 \u00a0 \u00a0 \u00a0 \u00a0 \u00a0 \u00a0 \u00a0 \u00a0 \u00a0 \u00a0 \u00a0 \u00a0 \u00a0 \u00a0 \u00a0 \u00a0 \u00a0 \u00a0 \u00a0 \u00a0 \u00a0 \u00a0 \u00a0 \u00a0 \u00a0 \u00a0 \u00a0 \u00a0 \u00a0 \u00a0 \u00a0 \u00a0 \u00a0 \u00a0 \u00a0 \u00a0 \u00a0 \u00a0 \u00a0 \u00a0 \u00a0 \u00a0 \u00a0 \u00a0 \u00a0 \u00a0 \u00a0 \u00a0 \u00a0 \u00a0 \u00a0 \u00a0 \u00a0 \u00a0 \u00a0 \u00a0 \u00a0 \u00a0 \u00a0 \u00a0 \u00a0 \u00a0 \u00a0 \u00a0 \u00a0 \u00a0 \u00a0 \u00a0 \u00a0 \u00a0 \u00a0 \u00a0 \u00a0 \u00a0 \u00a0 \u00a0 \u00a0 \u00a0 \u00a0 \u00a0 \u00a0 \u00a0 \u00a0 \u00a0 \u00a0 \u00a0 \u00a0 \u00a0 \u00a0 \u00a0<a href=\"http:\/\/www.welcome-ontour.de\/index.php\/alle-reiseberichte\">Reiseberichte &gt;&gt;<\/a><\/span><\/p>\n","protected":false},"excerpt":{"rendered":"<p>Prolog\u00a0\u00a0&#8211; \u00a0Hinflug\u00a0\u00a0&#8211; \u00a0Organ Pipe\u00a0\u00a0&#8211; \u00a0Saguaro\u00a0\u00a0&#8211; \u00a0Chiricahua\u00a0\u00a0&#8211; \u00a0Guadalupe\u00a0\u00a0&#8211; \u00a0White Sands\u00a0\u00a0&#8211; \u00a0Great Sand Dunes\u00a0\u00a0&#8211; \u00a0Colo Springs\u00a0\u00a0&#8211; \u00a0Rocky Mts\u00a0\u00a0&#8211; \u00a0Rifle\u00a0\u00a0&#8211; \u00a0Moab\u00a0\u00a0&#8211; \u00a0Zion\u00a0\u00a0&#8211; \u00a0Las Vegas\u00a0\u00a0&#8211; \u00a0R\u00fcckflug\u00a0\u00a0&#8211; \u00a0Fazit \u00a0 &lt;&lt; Zur\u00fcck\u00a0\u00a0 \u00a0 \u00a0 \u00a0 \u00a0 \u00a0 \u00a0 \u00a0 \u00a0 \u00a0 \u00a0 \u00a0 \u00a0 \u00a0 \u00a0 \u00a0 \u00a0 \u00a0 \u00a0 \u00a0 \u00a0 \u00a0 \u00a0 \u00a0 \u00a0 \u00a0 \u00a0 \u00a0 \u00a0 \u00a0 \u00a0 \u00a0 \u00a0 \u00a0 \u00a0 \u00a0 \u00a0 \u00a0 \u00a0 \u00a0 \u00a0 \u00a0 \u00a0 \u00a0 \u00a0 \u00a0 \u00a0 \u00a0 \u00a0 \u00a0 \u00a0 \u00a0 \u00a0 \u00a0 \u00a0 \u00a0 \u00a0 \u00a0 \u00a0 \u00a0 \u00a0 \u00a0 \u00a0 \u00a0 \u00a0 \u00a0 \u00a0 \u00a0 \u00a0 \u00a0 \u00a0 \u00a0 \u00a0 \u00a0 \u00a0 \u00a0 \u00a0 \u00a0 \u00a0 \u00a0 \u00a0 \u00a0 \u00a0 \u00a0 \u00a0 \u00a0 \u00a0 \u00a0 \u00a0 \u00a0 \u00a0 \u00a0 \u00a0 \u00a0 \u00a0 \u00a0 \u00a0Reiseberichte &gt;&gt; \u00a0 Fazit \u00a0 So, das war\u00b4s dann mit unserer S\u00fcdwesttour 2007. Zeit f\u00fcr ein Fazit Ich hoffe, Ihr habt Euch nicht gelangweilt w\u00e4hrend wir Euch mit auf unsere Reise genommen haben. Wie Ihr sicherlich bemerkt habt, mit Stress sind wir ausreichend in unserem jeweiligen Arbeitsalltag versorgt. Im Urlaub ist das ein Fremdwort. Wir genie\u00dfen es meist schon am Flughafen, mit der amerikanischen L\u00e4ssigkeit konfrontiert zu werden. So geht es jedes Mal cool und easy los und \u00e4ndert sich auch nicht mehr bis zur Abreise. Mit unserem diesmal etwas kleineren Auto waren wir fast viertausend Meilen unterwegs, davon die H\u00e4lfte in den ersten acht Tagen. Anfangs war es ziemlich hei\u00df und wir waren froh, in den Carlsbad Caverns Abk\u00fchlung zu haben. In den Rockies kam dann der Schnee, aber damit hatten wir schon Erfahrung und auch mit gerechnet. Jedes mal hatten wir bisher unsere Winteretappe. Mal Tioga, mal Silverton, mal der Carson Pass, mal im Yellowstone und diesmal der Rocky Mountain Nationalpark. Diesmal haben wir ja tolle Dinge in Arizona, New Mexico, Texas und Colorado gesehen, aber in Utah waren wir wieder hin und weg. In Moab w\u00e4ren wir gern noch l\u00e4nger geblieben. Aber die Canyons laufen ja nicht davon. Von Las Vegas waren wir diesmal etwas entt\u00e4uscht. Der Strip mit seinen Casinos und Themenhotels war noch nie so unser Ding. Aber wegen der relativ guten Flugverbindung, der g\u00fcnstigen Unterk\u00fcnfte und der preiswerten Erstversorgung haben wir uns in den letzten zwei Jahren f\u00fcr Las Vegas als Start und Ziel entschieden. Vom Outlet waren wir diesmal nicht so begeistert, aber das war auch die einzige Entt\u00e4uschung. \u00a0 Erg\u00e4nzend noch paar Zahlen: 3.961 Meilen \/ 6.377 Kilometer unterwegs gewesen, dabei 147 gal \/ 558 Liter verbraucht. Durschnittsverbrauch: 8,76 l\/100km !!!\u00a0 Was will man mehr (weniger). Hotels von 39$ (motel 6, alamogordo) bis 121$ (cliffroselodge, springdale), macht im Schnitt eine endg\u00fcltige Roomrate von 77,85$ \/ 58,50\u20ac. \u00a0 \u00a0 \u00a0 Nachlese Wieder zu Hause waren wir uns einig, dass wir im Sp\u00e4tsommer\/Herbst 2008 nach New York fliegen, um dann entweder\u00a0nach Norden zum Indian Summer oder nach S\u00fcden eine gro\u00dfe Schleife bis Nashville und den Great Smoky Mountains zu fahren. Hat ungef\u00e4hr drei Monate gedauert, bis wir einstimmig zu der Erkenntnis gelangt sind, dass wir da noch hin k\u00f6nnen, wenn wir \u00e4lter sind. Der Flug ist ja nicht sooo weit\u2026. Tickets f\u00fcr 2008 sind mittlerweile gebucht. Wir fahren im April\/Mai von Los Angeles nach San Francisco. Nat\u00fcrlich nicht die k\u00fcrzeste Verbindung. Mietwagen kommt noch vor Weihnachten dazu. Das Abenteuer beginnt von neuem\u2026 \u00a0 uti &amp; andie \u00a0 &lt;&lt; Zur\u00fcck\u00a0\u00a0 \u00a0 \u00a0 \u00a0 \u00a0 \u00a0 \u00a0 \u00a0 \u00a0 \u00a0 \u00a0 \u00a0 \u00a0 \u00a0 \u00a0 \u00a0 \u00a0 \u00a0 \u00a0 \u00a0 \u00a0 \u00a0 \u00a0 \u00a0 \u00a0 \u00a0 \u00a0 \u00a0 \u00a0 \u00a0 \u00a0 \u00a0 \u00a0 \u00a0 \u00a0 \u00a0 \u00a0 \u00a0 \u00a0 \u00a0 \u00a0 \u00a0 \u00a0 \u00a0 \u00a0 \u00a0 \u00a0 \u00a0 \u00a0 \u00a0 \u00a0 \u00a0 \u00a0 \u00a0 \u00a0 \u00a0 \u00a0 \u00a0 \u00a0 \u00a0 \u00a0 \u00a0 \u00a0 \u00a0 \u00a0 \u00a0 \u00a0 \u00a0 \u00a0 \u00a0 \u00a0 \u00a0 \u00a0 \u00a0 \u00a0 \u00a0 \u00a0 \u00a0 \u00a0 \u00a0 \u00a0 \u00a0 \u00a0 \u00a0 \u00a0 \u00a0 \u00a0 \u00a0 \u00a0 \u00a0 \u00a0 \u00a0 \u00a0 \u00a0 \u00a0 \u00a0 \u00a0Reiseberichte &gt;&gt;<\/p>\n","protected":false},"author":1,"featured_media":0,"parent":0,"menu_order":0,"comment_status":"closed","ping_status":"closed","template":"","meta":{"footnotes":""},"class_list":["post-3938","page","type-page","status-publish","hentry"],"_links":{"self":[{"href":"https:\/\/welcome-ontour.de\/wordpress\/index.php\/wp-json\/wp\/v2\/pages\/3938","targetHints":{"allow":["GET"]}}],"collection":[{"href":"https:\/\/welcome-ontour.de\/wordpress\/index.php\/wp-json\/wp\/v2\/pages"}],"about":[{"href":"https:\/\/welcome-ontour.de\/wordpress\/index.php\/wp-json\/wp\/v2\/types\/page"}],"author":[{"embeddable":true,"href":"https:\/\/welcome-ontour.de\/wordpress\/index.php\/wp-json\/wp\/v2\/users\/1"}],"replies":[{"embeddable":true,"href":"https:\/\/welcome-ontour.de\/wordpress\/index.php\/wp-json\/wp\/v2\/comments?post=3938"}],"version-history":[{"count":1,"href":"https:\/\/welcome-ontour.de\/wordpress\/index.php\/wp-json\/wp\/v2\/pages\/3938\/revisions"}],"predecessor-version":[{"id":15179,"href":"https:\/\/welcome-ontour.de\/wordpress\/index.php\/wp-json\/wp\/v2\/pages\/3938\/revisions\/15179"}],"wp:attachment":[{"href":"https:\/\/welcome-ontour.de\/wordpress\/index.php\/wp-json\/wp\/v2\/media?parent=3938"}],"curies":[{"name":"wp","href":"https:\/\/api.w.org\/{rel}","templated":true}]}}