{"id":3683,"date":"2013-01-08T13:15:12","date_gmt":"2013-01-08T13:15:12","guid":{"rendered":"https:\/\/welcome-ontour.de\/wordpress\/index.php\/2007-05-17-prolog\/"},"modified":"2022-06-30T23:07:31","modified_gmt":"2022-06-30T23:07:31","slug":"2007-05-17-prolog","status":"publish","type":"page","link":"https:\/\/welcome-ontour.de\/wordpress\/index.php\/2007-05-17-prolog\/","title":{"rendered":"2007 05 17 prolog"},"content":{"rendered":"<p style=\"text-align: center;\"><a style=\"font-family: arial, helvetica, sans-serif; font-size: x-small; line-height: 1.3em;\" href=\"https:\/\/welcome-ontour.de\/wordpress\/index.php\/2007-05-17-prolog\/\">Prolog<\/a><span style=\"font-family: arial, helvetica, sans-serif; font-size: x-small; line-height: 1.3em;\">\u00a0\u00a0&#8211; \u00a0<\/span><a style=\"font-family: arial, helvetica, sans-serif; font-size: x-small; line-height: 1.3em;\" href=\"https:\/\/welcome-ontour.de\/wordpress\/index.php\/2007-05-18\/\">Hinflug<\/a><span style=\"font-family: arial, helvetica, sans-serif; font-size: x-small; line-height: 1.3em;\">\u00a0\u00a0&#8211; \u00a0<\/span><a style=\"font-family: arial, helvetica, sans-serif; font-size: x-small; line-height: 1.3em;\" href=\"https:\/\/welcome-ontour.de\/wordpress\/index.php\/2007-05-20\/\">Organ Pipe<\/a><span style=\"font-family: arial, helvetica, sans-serif; font-size: x-small; line-height: 1.3em;\">\u00a0\u00a0&#8211; \u00a0<\/span><a style=\"font-family: arial, helvetica, sans-serif; font-size: x-small; line-height: 1.3em;\" href=\"https:\/\/welcome-ontour.de\/wordpress\/index.php\/2007-05-21\/\">Saguaro<\/a><span style=\"font-family: arial, helvetica, sans-serif; font-size: x-small; line-height: 1.3em;\">\u00a0\u00a0&#8211; \u00a0<\/span><a style=\"font-family: arial, helvetica, sans-serif; font-size: x-small; line-height: 1.3em;\" href=\"https:\/\/welcome-ontour.de\/wordpress\/index.php\/2007-05-22\/\">Chiricahua<\/a><span style=\"font-family: arial, helvetica, sans-serif; font-size: x-small; line-height: 1.3em;\">\u00a0\u00a0&#8211; \u00a0<\/span><a style=\"font-family: arial, helvetica, sans-serif; font-size: x-small; line-height: 1.3em;\" href=\"https:\/\/welcome-ontour.de\/wordpress\/index.php\/2007-05-23\/\">Guadalupe<\/a><span style=\"font-family: arial, helvetica, sans-serif; font-size: x-small; line-height: 1.3em;\">\u00a0\u00a0&#8211; \u00a0<\/span><a style=\"font-family: arial, helvetica, sans-serif; font-size: x-small; line-height: 1.3em;\" href=\"https:\/\/welcome-ontour.de\/wordpress\/index.php\/2007-05-25\/\">White Sands<\/a><span style=\"font-family: arial, helvetica, sans-serif; font-size: x-small; line-height: 1.3em;\">\u00a0\u00a0&#8211; \u00a0<\/span><a style=\"font-family: arial, helvetica, sans-serif; font-size: x-small; line-height: 1.3em;\" href=\"https:\/\/welcome-ontour.de\/wordpress\/index.php\/2007-05-26\/\">Great Sand Dunes<\/a><span style=\"font-family: arial, helvetica, sans-serif; font-size: x-small; line-height: 1.3em;\">\u00a0\u00a0&#8211; \u00a0<\/span><a style=\"font-family: arial, helvetica, sans-serif; font-size: x-small; line-height: 1.3em;\" href=\"https:\/\/welcome-ontour.de\/wordpress\/index.php\/2007-05-27\/\">Colo Springs<\/a><span style=\"font-family: arial, helvetica, sans-serif; font-size: x-small; line-height: 1.3em;\">\u00a0\u00a0&#8211; \u00a0<\/span><a style=\"font-family: arial, helvetica, sans-serif; font-size: x-small; line-height: 1.3em;\" href=\"https:\/\/welcome-ontour.de\/wordpress\/index.php\/2007-05-29\/\">Rocky Mts<\/a><span style=\"font-family: arial, helvetica, sans-serif; font-size: x-small; line-height: 1.3em;\">\u00a0\u00a0&#8211; \u00a0<\/span><a style=\"font-family: arial, helvetica, sans-serif; font-size: x-small; line-height: 1.3em;\" href=\"https:\/\/welcome-ontour.de\/wordpress\/index.php\/2007-05-29\/\">Rifle<\/a><span style=\"font-family: arial, helvetica, sans-serif; font-size: x-small; line-height: 1.3em;\">\u00a0\u00a0&#8211; \u00a0<\/span><a style=\"font-family: arial, helvetica, sans-serif; font-size: x-small; line-height: 1.3em;\" href=\"https:\/\/welcome-ontour.de\/wordpress\/index.php\/2007-05-30\/\">Moab<\/a><span style=\"font-family: arial, helvetica, sans-serif; font-size: x-small; line-height: 1.3em;\">\u00a0\u00a0&#8211; \u00a0<\/span><a style=\"font-family: arial, helvetica, sans-serif; font-size: x-small; line-height: 1.3em;\" href=\"https:\/\/welcome-ontour.de\/wordpress\/index.php\/2007-06-03\/\">Zion<\/a><span style=\"font-family: arial, helvetica, sans-serif; font-size: x-small; line-height: 1.3em;\">\u00a0\u00a0&#8211; \u00a0<\/span><a style=\"font-family: arial, helvetica, sans-serif; font-size: x-small; line-height: 1.3em;\" href=\"https:\/\/welcome-ontour.de\/wordpress\/index.php\/2007-06-06\/\">Las Vegas<\/a><span style=\"font-family: arial, helvetica, sans-serif; font-size: x-small; line-height: 1.3em;\">\u00a0\u00a0&#8211; \u00a0<\/span><a style=\"font-family: arial, helvetica, sans-serif; font-size: x-small; line-height: 1.3em;\" href=\"https:\/\/welcome-ontour.de\/wordpress\/index.php\/2007-06-07\/\">R\u00fcckflug<\/a><span style=\"font-family: arial, helvetica, sans-serif; font-size: x-small; line-height: 1.3em;\">\u00a0\u00a0&#8211; \u00a0<\/span><a style=\"font-family: arial, helvetica, sans-serif; font-size: x-small; line-height: 1.3em;\" href=\"https:\/\/welcome-ontour.de\/wordpress\/index.php\/2007-06-09-fazit\/\">Fazit<\/a><\/p>\n<p style=\"text-align: center;\">\u00a0<\/p>\n<p style=\"text-align: center;\"><a style=\"font-family: arial, helvetica, sans-serif; font-size: small; line-height: 1.3em;\" href=\"https:\/\/welcome-ontour.de\/wordpress\/index.php\/reiseberichte\/\">&lt;&lt; Reiseberichte<\/a><span style=\"font-family: arial, helvetica, sans-serif; font-size: small; line-height: 1.3em;\">\u00a0 \u00a0 \u00a0 \u00a0 \u00a0 \u00a0 \u00a0 \u00a0 \u00a0 \u00a0 \u00a0 \u00a0 \u00a0 \u00a0 \u00a0 \u00a0 \u00a0 \u00a0 \u00a0 \u00a0 \u00a0 \u00a0 \u00a0 \u00a0 \u00a0 \u00a0 \u00a0 \u00a0 \u00a0 \u00a0 \u00a0 \u00a0 \u00a0 \u00a0 \u00a0 \u00a0 \u00a0 \u00a0 \u00a0 \u00a0 \u00a0 \u00a0 \u00a0 \u00a0 \u00a0 \u00a0 \u00a0 \u00a0 \u00a0 \u00a0 \u00a0 \u00a0 \u00a0 \u00a0 \u00a0 \u00a0 \u00a0 \u00a0 \u00a0 \u00a0 \u00a0 \u00a0 \u00a0 \u00a0 \u00a0 \u00a0 \u00a0 \u00a0 \u00a0 \u00a0 \u00a0 \u00a0 \u00a0 \u00a0 \u00a0 \u00a0 \u00a0 \u00a0 \u00a0 \u00a0 \u00a0 \u00a0 \u00a0 \u00a0 \u00a0 \u00a0 \u00a0 \u00a0 \u00a0 \u00a0 \u00a0 \u00a0 \u00a0 \u00a0 \u00a0 \u00a0 \u00a0\u00a0<\/span><a style=\"font-family: arial, helvetica, sans-serif; font-size: small; line-height: 1.3em;\" href=\"https:\/\/welcome-ontour.de\/wordpress\/index.php\/2007-05-18\/\">Weiter &gt;&gt;<\/a><\/p>\n<p style=\"text-align: center;\"><span style=\"font-size: xx-large;\"><strong><span style=\"font-family: arial, helvetica, sans-serif;\">\u00a0<\/span><\/strong><\/span><\/p>\n<p style=\"text-align: center;\"><span style=\"font-size: xx-large;\"><strong><span style=\"font-family: arial, helvetica, sans-serif;\">Running On Empty<\/span><\/strong><\/span><\/p>\n<p style=\"text-align: center;\"><span style=\"font-size: xx-large;\"><strong><span style=\"font-family: arial, helvetica, sans-serif;\">\u00a0<\/span><\/strong><\/span><\/p>\n<p style=\"text-align: center;\"><span style=\"font-size: x-large;\"><strong><span style=\"font-family: arial, helvetica, sans-serif;\">Southwest 2007<\/span><\/strong><\/span><\/p>\n<p style=\"text-align: center;\"><span style=\"font-family: arial, helvetica, sans-serif; font-size: medium;\">\u00a0<\/span><\/p>\n<p style=\"text-align: center;\"><span style=\"font-family: arial, helvetica, sans-serif; font-size: medium;\">2007 haben wir uns die s\u00fcdlichen Bereiche von Arizona und New Mexico zum Ziel genommen.<\/span><\/p>\n<p style=\"text-align: center;\"><span style=\"font-family: arial, helvetica, sans-serif; font-size: medium;\">Einmal unterwegs ist dann eine relativ lange Tour daraus geworden.<\/span><\/p>\n<p style=\"text-align: center;\"><a href=\"https:\/\/www.google.de\/maps\/dir\/36.11445,-115.16394\/36.21119,-115.24571\/31.9614834,-104.6337884\/32.8519033,-104.4360345\/35.0479865,-106.6992182\/Alamosa\/Colorado+Springs\/Estes+Park\/Blanding\/36.2931868,-115.1478517\/@35.4203913,-113.8348383,6z\/data=!4m49!4m48!1m1!4e1!1m1!4e1!1m0!1m5!3m4!1m2!1d-107.2702604!2d33.1834596!3s0x86df821691026db5:0x47ee4f26d0b88e61!1m0!1m5!1m1!1s0x87167bf536a13e75:0xdeea62120ecf8bec!2m2!1d-105.8700214!2d37.4694491!1m5!1m1!1s0x8713412ea1e6d22b:0x418eeb92f5e86b13!2m2!1d-104.8213634!2d38.8338816!1m10!1m1!1s0x876965d6bb191a03:0xdb9698b7a9caac0c!2m2!1d-105.5216651!2d40.3772059!3m4!1m2!1d-109.3325706!2d38.7844056!3s0x8747c4f66b9b2af3:0xf2ffdd04e38a4d96!1m10!1m1!1s0x873778b85120df81:0x6243e12ff6100d99!2m2!1d-109.478177!2d37.6241646!3m4!1m2!1d-112.6450153!2d38.1979577!3s0x80b532c18dfcb9b9:0x1b1e8993851bd0e7!1m0!3e0?hl=de\" target=\"_blank\" rel=\"noopener noreferrer\"><span style=\"font-family: arial, helvetica, sans-serif; font-size: medium;\">Route<\/span><\/a><\/p>\n<p style=\"text-align: center;\"><span style=\"font-family: arial, helvetica, sans-serif; font-size: medium;\">Oftmals wussten wir morgens noch nicht, wo wir abends landen werden.<\/span><\/p>\n<p style=\"text-align: center;\"><span style=\"font-family: arial, helvetica, sans-serif; font-size: medium;\">Las Vegas als Start und Ziel erschien uns schon damals sehr gut geeignet.<\/span><\/p>\n<p style=\"text-align: center;\"><span style=\"font-family: arial, helvetica, sans-serif; font-size: medium;\">Hotels wurden fr\u00fcher so gut wie garnicht vorgebucht.<\/span><\/p>\n<p style=\"text-align: center;\"><span style=\"font-family: arial, helvetica, sans-serif; font-size: medium;\">Wir sind einfach drauf los gefahren und es hat einen Riesen-Spa\u00df gemacht!<\/span><\/p>\n<p style=\"text-align: center;\"><span style=\"line-height: 1.3em; font-family: arial, helvetica, sans-serif; font-size: medium;\">Die Hotelbewertungen am Ende eines jeden Tages sind rein pers\u00f6nlicher Natur. Ist nat\u00fcrlich sehr subjektiv. <\/span><\/p>\n<p style=\"text-align: center;\"><span style=\"line-height: 1.3em; font-family: arial, helvetica, sans-serif; font-size: medium;\">Ein 4-Sterne Hotel am Highway kann bei uns also durchaus schlechter weg kommen als ein 2-Sterne in toller Lage. <\/span><\/p>\n<p style=\"text-align: center;\"><span style=\"line-height: 1.3em; font-family: arial, helvetica, sans-serif; font-size: medium;\">Aber da hat wahrscheinlich jeder seine eigenen Ansichten.<\/span><\/p>\n<p style=\"text-align: center;\"><span style=\"line-height: 1.3em; font-family: arial, helvetica, sans-serif; font-size: medium;\">\u00a0<\/span><\/p>\n<p style=\"text-align: center;\"><span style=\"line-height: 1.3em; font-family: arial, helvetica, sans-serif; font-size: medium;\">\u00a0<\/span><\/p>\n<p style=\"text-align: center;\">\u00a0<\/p>\n<p style=\"text-align: center;\">\u00a0<\/p>\n<p style=\"text-align: center;\"><span style=\"font-family: arial, helvetica, sans-serif; font-size: small;\"><a href=\"https:\/\/welcome-ontour.de\/wordpress\/index.php\/reiseberichte\/\">&lt;&lt; Reiseberichte<\/a>\u00a0 \u00a0 \u00a0 \u00a0 \u00a0 \u00a0 \u00a0 \u00a0 \u00a0 \u00a0 \u00a0 \u00a0 \u00a0 \u00a0 \u00a0 \u00a0 \u00a0 \u00a0 \u00a0 \u00a0 \u00a0 \u00a0 \u00a0 \u00a0 \u00a0 \u00a0 \u00a0 \u00a0 \u00a0 \u00a0 \u00a0 \u00a0 \u00a0 \u00a0 \u00a0 \u00a0 \u00a0 \u00a0 \u00a0 \u00a0 \u00a0 \u00a0 \u00a0 \u00a0 \u00a0 \u00a0 \u00a0 \u00a0 \u00a0 \u00a0 \u00a0 \u00a0 \u00a0 \u00a0 \u00a0 \u00a0 \u00a0 \u00a0 \u00a0 \u00a0 \u00a0 \u00a0 \u00a0 \u00a0 \u00a0 \u00a0 \u00a0 \u00a0 \u00a0 \u00a0 \u00a0 \u00a0 \u00a0 \u00a0 \u00a0 \u00a0 \u00a0 \u00a0 \u00a0 \u00a0 \u00a0 \u00a0 \u00a0 \u00a0 \u00a0 \u00a0 \u00a0 \u00a0 \u00a0 \u00a0 \u00a0 \u00a0 \u00a0 \u00a0 \u00a0 \u00a0 \u00a0\u00a0<a href=\"https:\/\/welcome-ontour.de\/wordpress\/index.php\/2007-05-18\/\">Weiter &gt;&gt;<\/a><\/span><\/p>\n","protected":false},"excerpt":{"rendered":"<p>Prolog\u00a0\u00a0&#8211; \u00a0Hinflug\u00a0\u00a0&#8211; \u00a0Organ Pipe\u00a0\u00a0&#8211; \u00a0Saguaro\u00a0\u00a0&#8211; \u00a0Chiricahua\u00a0\u00a0&#8211; \u00a0Guadalupe\u00a0\u00a0&#8211; \u00a0White Sands\u00a0\u00a0&#8211; \u00a0Great Sand Dunes\u00a0\u00a0&#8211; \u00a0Colo Springs\u00a0\u00a0&#8211; \u00a0Rocky Mts\u00a0\u00a0&#8211; \u00a0Rifle\u00a0\u00a0&#8211; \u00a0Moab\u00a0\u00a0&#8211; \u00a0Zion\u00a0\u00a0&#8211; \u00a0Las Vegas\u00a0\u00a0&#8211; \u00a0R\u00fcckflug\u00a0\u00a0&#8211; \u00a0Fazit \u00a0 &lt;&lt; Reiseberichte\u00a0 \u00a0 \u00a0 \u00a0 \u00a0 \u00a0 \u00a0 \u00a0 \u00a0 \u00a0 \u00a0 \u00a0 \u00a0 \u00a0 \u00a0 \u00a0 \u00a0 \u00a0 \u00a0 \u00a0 \u00a0 \u00a0 \u00a0 \u00a0 \u00a0 \u00a0 \u00a0 \u00a0 \u00a0 \u00a0 \u00a0 \u00a0 \u00a0 \u00a0 \u00a0 \u00a0 \u00a0 \u00a0 \u00a0 \u00a0 \u00a0 \u00a0 \u00a0 \u00a0 \u00a0 \u00a0 \u00a0 \u00a0 \u00a0 \u00a0 \u00a0 \u00a0 \u00a0 \u00a0 \u00a0 \u00a0 \u00a0 \u00a0 \u00a0 \u00a0 \u00a0 \u00a0 \u00a0 \u00a0 \u00a0 \u00a0 \u00a0 \u00a0 \u00a0 \u00a0 \u00a0 \u00a0 \u00a0 \u00a0 \u00a0 \u00a0 \u00a0 \u00a0 \u00a0 \u00a0 \u00a0 \u00a0 \u00a0 \u00a0 \u00a0 \u00a0 \u00a0 \u00a0 \u00a0 \u00a0 \u00a0 \u00a0 \u00a0 \u00a0 \u00a0 \u00a0 \u00a0\u00a0Weiter &gt;&gt; \u00a0 Running On Empty \u00a0 Southwest 2007 \u00a0 2007 haben wir uns die s\u00fcdlichen Bereiche von Arizona und New Mexico zum Ziel genommen. Einmal unterwegs ist dann eine relativ lange Tour daraus geworden. Route Oftmals wussten wir morgens noch nicht, wo wir abends landen werden. Las Vegas als Start und Ziel erschien uns schon damals sehr gut geeignet. Hotels wurden fr\u00fcher so gut wie garnicht vorgebucht. Wir sind einfach drauf los gefahren und es hat einen Riesen-Spa\u00df gemacht! Die Hotelbewertungen am Ende eines jeden Tages sind rein pers\u00f6nlicher Natur. Ist nat\u00fcrlich sehr subjektiv. Ein 4-Sterne Hotel am Highway kann bei uns also durchaus schlechter weg kommen als ein 2-Sterne in toller Lage. Aber da hat wahrscheinlich jeder seine eigenen Ansichten. \u00a0 \u00a0 \u00a0 \u00a0 &lt;&lt; Reiseberichte\u00a0 \u00a0 \u00a0 \u00a0 \u00a0 \u00a0 \u00a0 \u00a0 \u00a0 \u00a0 \u00a0 \u00a0 \u00a0 \u00a0 \u00a0 \u00a0 \u00a0 \u00a0 \u00a0 \u00a0 \u00a0 \u00a0 \u00a0 \u00a0 \u00a0 \u00a0 \u00a0 \u00a0 \u00a0 \u00a0 \u00a0 \u00a0 \u00a0 \u00a0 \u00a0 \u00a0 \u00a0 \u00a0 \u00a0 \u00a0 \u00a0 \u00a0 \u00a0 \u00a0 \u00a0 \u00a0 \u00a0 \u00a0 \u00a0 \u00a0 \u00a0 \u00a0 \u00a0 \u00a0 \u00a0 \u00a0 \u00a0 \u00a0 \u00a0 \u00a0 \u00a0 \u00a0 \u00a0 \u00a0 \u00a0 \u00a0 \u00a0 \u00a0 \u00a0 \u00a0 \u00a0 \u00a0 \u00a0 \u00a0 \u00a0 \u00a0 \u00a0 \u00a0 \u00a0 \u00a0 \u00a0 \u00a0 \u00a0 \u00a0 \u00a0 \u00a0 \u00a0 \u00a0 \u00a0 \u00a0 \u00a0 \u00a0 \u00a0 \u00a0 \u00a0 \u00a0 \u00a0\u00a0Weiter &gt;&gt;<\/p>\n","protected":false},"author":1,"featured_media":0,"parent":0,"menu_order":23,"comment_status":"closed","ping_status":"closed","template":"","meta":{"footnotes":""},"class_list":["post-3683","page","type-page","status-publish","hentry"],"_links":{"self":[{"href":"https:\/\/welcome-ontour.de\/wordpress\/index.php\/wp-json\/wp\/v2\/pages\/3683","targetHints":{"allow":["GET"]}}],"collection":[{"href":"https:\/\/welcome-ontour.de\/wordpress\/index.php\/wp-json\/wp\/v2\/pages"}],"about":[{"href":"https:\/\/welcome-ontour.de\/wordpress\/index.php\/wp-json\/wp\/v2\/types\/page"}],"author":[{"embeddable":true,"href":"https:\/\/welcome-ontour.de\/wordpress\/index.php\/wp-json\/wp\/v2\/users\/1"}],"replies":[{"embeddable":true,"href":"https:\/\/welcome-ontour.de\/wordpress\/index.php\/wp-json\/wp\/v2\/comments?post=3683"}],"version-history":[{"count":1,"href":"https:\/\/welcome-ontour.de\/wordpress\/index.php\/wp-json\/wp\/v2\/pages\/3683\/revisions"}],"predecessor-version":[{"id":14879,"href":"https:\/\/welcome-ontour.de\/wordpress\/index.php\/wp-json\/wp\/v2\/pages\/3683\/revisions\/14879"}],"wp:attachment":[{"href":"https:\/\/welcome-ontour.de\/wordpress\/index.php\/wp-json\/wp\/v2\/media?parent=3683"}],"curies":[{"name":"wp","href":"https:\/\/api.w.org\/{rel}","templated":true}]}}