{"id":3682,"date":"2013-01-08T13:13:27","date_gmt":"2013-01-08T13:13:27","guid":{"rendered":"https:\/\/welcome-ontour.de\/wordpress\/index.php\/2008-05-18-fazit\/"},"modified":"2022-06-30T23:06:16","modified_gmt":"2022-06-30T23:06:16","slug":"2008-05-18-fazit","status":"publish","type":"page","link":"https:\/\/welcome-ontour.de\/wordpress\/index.php\/2008-05-18-fazit\/","title":{"rendered":"2008 05 18 fazit"},"content":{"rendered":"<p style=\"text-align: center;\"><span style=\"font-family: arial, helvetica, sans-serif; font-size: 8pt;\"><a href=\"https:\/\/welcome-ontour.de\/wordpress\/index.php\/2008-04-23\/\">prolog<\/a>\u00a0&#8211;\u00a0<a href=\"https:\/\/welcome-ontour.de\/wordpress\/index.php\/2008-04-24\/\">hinflug<\/a>\u00a0&#8211;\u00a0<a href=\"https:\/\/welcome-ontour.de\/wordpress\/index.php\/2008-04-26\/\">zion<\/a>\u00a0&#8211;\u00a0<a href=\"https:\/\/welcome-ontour.de\/wordpress\/index.php\/2008-04-28\/\">page<\/a>\u00a0&#8211;\u00a0<a href=\"https:\/\/welcome-ontour.de\/wordpress\/index.php\/2008-04-29\/\">moab<\/a>\u00a0&#8211;\u00a0<a href=\"https:\/\/welcome-ontour.de\/wordpress\/index.php\/2008-05-04\/\">colorado<\/a>\u00a0&#8211;\u00a0<a href=\"https:\/\/welcome-ontour.de\/wordpress\/index.php\/2008-05-06\/\">escalante<\/a>\u00a0&#8211;\u00a0<a href=\"https:\/\/welcome-ontour.de\/wordpress\/index.php\/2008-05-08\/\">toroweap<\/a>\u00a0&#8211;\u00a0<a href=\"https:\/\/welcome-ontour.de\/wordpress\/index.php\/2008-05-10\/\">alabama hills<\/a>\u00a0&#8211;\u00a0<a href=\"https:\/\/welcome-ontour.de\/wordpress\/index.php\/2008-05-11\/\">sequoia<\/a>\u00a0&#8211;\u00a0<a href=\"https:\/\/welcome-ontour.de\/wordpress\/index.php\/2008-05-12\/\">yosemite<\/a>\u00a0&#8211;\u00a0<a href=\"https:\/\/welcome-ontour.de\/wordpress\/index.php\/2008-05-15\/\">san francisco<\/a>\u00a0&#8211;\u00a0<a href=\"https:\/\/welcome-ontour.de\/wordpress\/index.php\/2008-05-16\/\">r\u00fcckflug<\/a>\u00a0&#8211;\u00a0<a href=\"https:\/\/welcome-ontour.de\/wordpress\/index.php\/2008-05-18-fazit\/\">fazit<\/a><\/span><span style=\"font-family: arial, helvetica, sans-serif; font-size: xx-large;\"><span style=\"font-size: small;\"><span style=\"font-size: x-small;\">\u00a0<\/span><\/span><\/span><\/p>\n<p style=\"text-align: center;\"><span style=\"font-size: 10pt;\"><a style=\"font-family: arial, helvetica, sans-serif; line-height: 1.3em;\" href=\"https:\/\/welcome-ontour.de\/wordpress\/index.php\/2008-05-17\">&lt; Zur\u00fcck<\/a><span style=\"font-family: arial, helvetica, sans-serif; line-height: 1.3em;\">\u00a0 \u00a0 \u00a0 \u00a0 \u00a0 \u00a0 \u00a0 \u00a0 \u00a0 \u00a0 \u00a0 \u00a0 \u00a0 \u00a0 \u00a0 \u00a0 \u00a0 \u00a0 \u00a0 \u00a0 \u00a0 \u00a0 \u00a0 \u00a0 \u00a0 \u00a0 \u00a0 \u00a0 \u00a0 \u00a0 \u00a0 \u00a0 \u00a0 \u00a0 \u00a0 \u00a0 \u00a0 \u00a0 \u00a0 \u00a0 \u00a0 \u00a0 \u00a0 \u00a0 \u00a0 \u00a0 \u00a0 \u00a0 \u00a0 \u00a0 \u00a0 \u00a0 \u00a0 \u00a0 \u00a0 \u00a0 \u00a0 \u00a0 \u00a0 \u00a0 \u00a0 \u00a0 \u00a0 \u00a0 \u00a0 \u00a0 \u00a0 \u00a0 \u00a0 \u00a0 \u00a0 \u00a0 \u00a0 \u00a0 \u00a0 \u00a0 \u00a0 \u00a0 \u00a0 \u00a0 \u00a0 \u00a0 \u00a0 \u00a0 \u00a0 \u00a0 \u00a0 \u00a0 \u00a0 \u00a0 \u00a0 \u00a0 \u00a0 \u00a0 \u00a0 \u00a0 \u00a0 \u00a0 \u00a0 \u00a0 <\/span><a style=\"font-family: arial, helvetica, sans-serif; line-height: 1.3em;\" href=\"https:\/\/welcome-ontour.de\/wordpress\/index.php\/reiseberichte\/\">Reiseberichte &gt;<\/a><\/span><\/p>\n<p style=\"text-align: center;\"><span style=\"font-family: arial, helvetica, sans-serif; font-size: medium;\">\u00a0<\/span><\/p>\n<p style=\"text-align: center;\"><span style=\"font-size: x-large;\"><strong><span style=\"font-family: arial, helvetica, sans-serif;\">Fazit<\/span><\/strong><\/span><\/p>\n<p style=\"text-align: center;\"><span style=\"font-family: arial, helvetica, sans-serif; font-size: medium;\">\u00a0<\/span><\/p>\n<p style=\"text-align: center;\"><span style=\"font-family: arial, helvetica, sans-serif; font-size: medium;\">\u00a0<\/span><\/p>\n<p style=\"text-align: center;\"><span style=\"font-family: arial, helvetica, sans-serif; font-size: medium;\"><img decoding=\"async\" title=\"Wave\" src=\"http:\/\/www.welcome-ontour.de\/images\/phocagallery\/thumbs\/phoca_thumb_l_aaa%20coyote%20buttes%20north%20vermillion%20cliffs%20arizona.jpg\" width=\"196\" height=\"250\" border=\"0\" \/>\u00a0<img decoding=\"async\" title=\"Delicate Arch\" src=\"http:\/\/www.welcome-ontour.de\/images\/phocagallery\/thumbs\/phoca_thumb_l_aaa%20delicate%20arch%20plateau%20utah.jpg\" width=\"343\" height=\"250\" border=\"0\" \/>\u00a0<img decoding=\"async\" title=\"Yosemite\" src=\"http:\/\/www.welcome-ontour.de\/images\/phocagallery\/thumbs\/phoca_thumb_l_aaa%20yosemite%20valley%20california.jpg\" width=\"270\" height=\"250\" border=\"0\" \/>\u00a0<\/span><\/p>\n<p style=\"text-align: center;\"><span style=\"font-family: arial, helvetica, sans-serif; font-size: medium;\">\u00a0<\/span><\/p>\n<p style=\"text-align: center;\"><span style=\"font-family: arial, helvetica, sans-serif; font-size: medium;\">Eigentlich war alles etwas anders gedacht. Wir wollten den Urlaub in einem Strandhotel in Southern California beginnen.<\/span><\/p>\n<p style=\"text-align: center;\"><span style=\"font-family: arial, helvetica, sans-serif; font-size: medium;\">Unser Losgl\u00fcck betreffs der Wave hat uns zu einigen \u00c4nderungen veranlasst.<\/span><\/p>\n<p style=\"text-align: center;\"><span style=\"font-family: arial, helvetica, sans-serif; font-size: medium;\">Somit war Los Angeles dann etwas \u201eweit vom Schu\u00df\u201c, Las Vegas w\u00e4re weitaus g\u00fcnstiger gewesen.<\/span><\/p>\n<p style=\"text-align: center;\"><span style=\"font-family: arial, helvetica, sans-serif; font-size: medium;\">Obwohl wir diesmal nicht so viel fahren wollten, sind doch wieder tausende Meilen zusammen gekommen.<\/span><\/p>\n<p style=\"text-align: center;\"><span style=\"font-family: arial, helvetica, sans-serif; font-size: medium;\">Der Trailblazer war f\u00fcr diese Tour genau richtig.<\/span><\/p>\n<p style=\"text-align: center;\"><span style=\"font-family: arial, helvetica, sans-serif; font-size: medium;\">Bequem auf langen Strecken; Platz, Power und entgegen allen Bef\u00fcrchtungen einen relativ kleinen Durst.<\/span><\/p>\n<p style=\"text-align: center;\"><span style=\"font-family: arial, helvetica, sans-serif; font-size: medium;\">Einzig das recht schwammige Fahrverhalten bei schnellerer Fahrweise und<\/span><\/p>\n<p style=\"text-align: center;\"><span style=\"font-family: arial, helvetica, sans-serif; font-size: medium;\">das hoppelige Hinterteilverspringen bei flotteren Gel\u00e4ndeabschnitten ist\/war gew\u00f6hnungsbed\u00fcrftig.<\/span><\/p>\n<p style=\"text-align: center;\"><span style=\"font-family: arial, helvetica, sans-serif; font-size: medium;\">Ansonsten war\u2019s ein zuverl\u00e4ssiges Arbeitstier. Designm\u00e4\u00dfig vielleicht nicht auf dem neuesten Stand,<\/span><\/p>\n<p style=\"text-align: center;\"><span style=\"font-family: arial, helvetica, sans-serif; font-size: medium;\">aber gleiches trifft ja auch auf die beiden Insassen zu.<\/span><\/p>\n<p style=\"text-align: center;\"><span style=\"font-family: arial, helvetica, sans-serif; font-size: medium;\">Zwei Dinge haben wir als sehr angenehm empfunden.<\/span><\/p>\n<p style=\"text-align: center;\"><span style=\"font-family: arial, helvetica, sans-serif; font-size: medium;\">Erstens, dass wir zu viert mit zwei Fahrzeugen unterwegs waren, uns auch mal f\u00fcr paar Tage getrennt haben<\/span><\/p>\n<p style=\"text-align: center;\"><span style=\"font-family: arial, helvetica, sans-serif; font-size: medium;\">und somit immer Neuigkeiten auszutauschen hatten.<\/span><\/p>\n<p style=\"text-align: center;\"><span style=\"font-family: arial, helvetica, sans-serif; font-size: medium;\">Und zweitens, dass wir in Page auf Stammtischler getroffen sind.<\/span><\/p>\n<p style=\"text-align: center;\"><span style=\"font-family: arial, helvetica, sans-serif; font-size: medium;\">Die Wanderungen zur Wave und zum Escalante Canyon werden wir noch eine Weile im Ged\u00e4chtnis behalten.<\/span><\/p>\n<p style=\"text-align: center;\"><span style=\"font-family: arial, helvetica, sans-serif; font-size: medium;\">War einfach nur toll.<\/span><\/p>\n<p style=\"text-align: center;\"><span style=\"font-family: arial, helvetica, sans-serif; font-size: medium;\">Ein Besuch des Toroweep sollte man sich genau \u00fcberlegen.<\/span><\/p>\n<p style=\"text-align: center;\"><span style=\"font-family: arial, helvetica, sans-serif; font-size: medium;\">Ob der immense Aufwand f\u00fcr den tollen View gerechtfertigt ist, mu\u00df jeder f\u00fcr sich selbst entscheiden.<\/span><\/p>\n<p style=\"text-align: center;\"><span style=\"font-family: arial, helvetica, sans-serif; font-size: medium;\">Bei 200 km Shotter sollten alle Insassen nicht nur physisch offroad-tauglich sein.<\/span><\/p>\n<p style=\"text-align: center;\"><span style=\"font-family: arial, helvetica, sans-serif; font-size: medium;\">Was uns immer weniger Sympathien entlocken kann, ist Las Vegas.<\/span><\/p>\n<p style=\"text-align: center;\"><span style=\"font-family: arial, helvetica, sans-serif; font-size: medium;\">F\u00fcr uns hat die Glitzerkulisse ihren Reiz verloren. Ist aber (wie alles) Ansichtssache.<\/span><\/p>\n<p style=\"text-align: center;\"><span style=\"font-family: arial, helvetica, sans-serif; font-size: medium;\">Warum wir an den Alabama-Hills in den Vorjahren aus Unkenntnis schon mehrmals vorbeigefahren sind,<\/span><\/p>\n<p style=\"text-align: center;\"><span style=\"font-family: arial, helvetica, sans-serif; font-size: medium;\">bleibt wohl unser Geheimnis.<\/span><\/p>\n<p style=\"text-align: center;\"><span style=\"font-family: arial, helvetica, sans-serif; font-size: medium;\">Sequoia und Yosemite waren mal wieder beeindruckend, die Menschenmassen mal weg gedacht.<\/span><\/p>\n<p style=\"text-align: center;\"><span style=\"font-family: arial, helvetica, sans-serif; font-size: medium;\">Die von uns besuchten Sehensw\u00fcrdigkeiten in der Golden Gate National Recreation Area sind meines Erachtens<\/span><\/p>\n<p style=\"text-align: center;\"><span style=\"font-family: arial, helvetica, sans-serif; font-size: medium;\">mehr was f\u00fcr Tagesausfl\u00fcge von San Francisco aus.<\/span><\/p>\n<p style=\"text-align: center;\"><span style=\"font-family: arial, helvetica, sans-serif; font-size: medium;\">Sehr gefreut habe ich mich \u00fcber die neue <a href=\"https:\/\/welcome-ontour.de\/wordpress\/wp-content\/uploads\/2013\/01\/phoca_thumb_l_2008-05-18-1-img_1987.jpg\" target=\"_blank\" rel=\"noopener noreferrer\">Kamera<\/a>. Die Bedienung war kein Buch mit sieben Siegeln.<\/span><\/p>\n<p style=\"text-align: center;\"><span style=\"font-family: arial, helvetica, sans-serif; font-size: medium;\">Dank variabler Einstellungen und Verwendung von diversen Filtern, bin ich mit einem Gro\u00dfteil der<\/span><\/p>\n<p style=\"text-align: center;\"><span style=\"font-family: arial, helvetica, sans-serif; font-size: medium;\">Aufnahmen mehr als zufrieden.<\/span><\/p>\n<p style=\"text-align: center;\"><span style=\"font-family: arial, helvetica, sans-serif; font-size: medium;\">Die Fl\u00fcge waren diesmal nicht ganz so beschwerlich. Noch nie ist bei einem R\u00fcckflug die Zeit so schnell vergangen.<\/span><\/p>\n<p style=\"text-align: center;\"><span style=\"font-family: arial, helvetica, sans-serif; font-size: medium;\">Lag sicherlich auch an den relativ komfortablen Pl\u00e4tzen.<\/span><\/p>\n<p style=\"text-align: center;\"><span style=\"font-family: arial, helvetica, sans-serif; font-size: medium;\">\u00a0<\/span><\/p>\n<p style=\"text-align: center;\"><a href=\"https:\/\/welcome-ontour.de\/wordpress\/wp-content\/uploads\/2013\/01\/phoca_thumb_l_2008-05-05-12-cnm-9.jpg\" target=\"_blank\" rel=\"noopener noreferrer\"><span style=\"font-family: arial, helvetica, sans-serif; font-size: medium;\"><img decoding=\"async\" class=\" size-full wp-image-3680\" title=\"The Four Tops\" src=\"https:\/\/welcome-ontour.de\/wordpress\/wp-content\/uploads\/2013\/01\/phoca_thumb_l_2008-05-05-12-cnm-9.jpg\" width=\"700\" height=\"366\" border=\"0\" srcset=\"https:\/\/welcome-ontour.de\/wordpress\/wp-content\/uploads\/2013\/01\/phoca_thumb_l_2008-05-05-12-cnm-9.jpg 1220w, https:\/\/welcome-ontour.de\/wordpress\/wp-content\/uploads\/2013\/01\/phoca_thumb_l_2008-05-05-12-cnm-9-300x157.jpg 300w, https:\/\/welcome-ontour.de\/wordpress\/wp-content\/uploads\/2013\/01\/phoca_thumb_l_2008-05-05-12-cnm-9-1024x536.jpg 1024w, https:\/\/welcome-ontour.de\/wordpress\/wp-content\/uploads\/2013\/01\/phoca_thumb_l_2008-05-05-12-cnm-9-768x402.jpg 768w\" sizes=\"(max-width: 700px) 100vw, 700px\" \/><\/span><\/a><\/p>\n<p style=\"text-align: center;\"><span style=\"font-family: arial, helvetica, sans-serif; font-size: medium;\">\u00a0<\/span><\/p>\n<p style=\"text-align: center;\"><span style=\"font-family: arial, helvetica, sans-serif; font-size: medium;\">Schweren Herzens haben wir uns vorgenommen, den S\u00fcdwesten nun erstmal f\u00fcr \u2019ne Weile sein zu lassen.<\/span><\/p>\n<p style=\"text-align: center;\"><span style=\"font-family: arial, helvetica, sans-serif; font-size: medium;\">Wenn\u2019s dann zum Jahresende an die Urlaubsplanung f\u00fcr 2009 geht, wird man sehen, wie stark der Wille ist.<\/span><\/p>\n<p style=\"text-align: center;\"><span style=\"font-family: arial, helvetica, sans-serif; font-size: medium;\">\u00a0<\/span><\/p>\n<p style=\"text-align: center;\"><span style=\"font-family: arial, helvetica, sans-serif; font-size: medium;\">Zum Ende noch paar Zahlen.<\/span><\/p>\n<p style=\"text-align: center;\"><span style=\"font-family: arial, helvetica, sans-serif; font-size: medium;\">Wir waren insgesamt 4354 Meilen (7010 km) unterwegs.<\/span><\/p>\n<p style=\"text-align: center;\"><span style=\"font-family: arial, helvetica, sans-serif; font-size: medium;\">Haben 198 Gallonen (740 Liter) Sprit verfahren und daf\u00fcr $730 bezahlt.<\/span><\/p>\n<p style=\"text-align: center;\"><span style=\"font-family: arial, helvetica, sans-serif; font-size: medium;\">Unser Chevrolet Trailblazer LT mit 4,2 V6 hat sich zu unserer allgemeinen \u00dcberraschung mit 10,6 Liter auf 100 km begn\u00fcgt.<\/span><\/p>\n<p style=\"text-align: center;\"><span style=\"font-family: arial, helvetica, sans-serif; font-size: medium;\">Die Hotelpreise lagen zwischen $49 und $175, was einen Durchschnitt von $96 (62\u20ac) ergab.<\/span><\/p>\n<p style=\"text-align: center;\"><span style=\"font-family: arial, helvetica, sans-serif; font-size: medium;\">Weil eigentlich fast alles teurer geworden ist, haben wir 20% mehr Dollars als im Vorjahr ausgegeben.<\/span><\/p>\n<p style=\"text-align: center;\"><span style=\"font-family: arial, helvetica, sans-serif; font-size: medium;\">Dank $-Kurs ist der Euro-Betrag ann\u00e4hernd wie 2007.<\/span><\/p>\n<p style=\"text-align: center;\"><span style=\"font-family: arial, helvetica, sans-serif; font-size: medium;\">\u00a0<\/span><\/p>\n<p style=\"text-align: center;\"><span style=\"font-family: arial, helvetica, sans-serif; font-size: medium;\">Abschliessen m\u00f6chte ich meinen kleinen Reisebericht diesmal mit einem Zitat aus einem Buch,<\/span><\/p>\n<p style=\"text-align: center;\"><span style=\"font-family: arial, helvetica, sans-serif; font-size: medium;\">welches uns Anregung und Wanderf\u00fchrer in einem war und auch irgendwann wieder sein wird.<\/span><\/p>\n<p style=\"text-align: center;\"><span style=\"font-family: arial, helvetica, sans-serif; font-size: medium;\">\u00a0<\/span><\/p>\n<p style=\"text-align: center;\"><em><span style=\"font-family: arial, helvetica, sans-serif; font-size: medium;\">&#8222;Bei allem Spa\u00df am Fotografieren sollte man eines nicht vergessen: die Liebe zur Natur!<\/span><\/em><\/p>\n<p style=\"text-align: center;\"><em><span style=\"font-family: arial, helvetica, sans-serif; font-size: medium;\">Die Erinnerung an gro\u00dfartige Naturerlebnisse bereichert doch letztlich mehr als das gro\u00dfartigste Bild.<\/span><\/em><\/p>\n<p style=\"text-align: center;\"><em><span style=\"font-family: arial, helvetica, sans-serif; font-size: medium;\">Daher kann ich nur raten, gelegentlich die Kamera auch mal wegzulegen, einfach nur zu schauen und still zu genie\u00dfen.&#8220;<\/span><\/em><\/p>\n<p style=\"text-align: center;\"><em style=\"line-height: 1.3em;\"><span style=\"font-family: arial, helvetica, sans-serif;\">Peter Felix Sch\u00e4fer \u2013 Wandern im S\u00fcdwesten der USA<\/span><\/em><\/p>\n<p style=\"text-align: center;\"><span style=\"font-family: arial, helvetica, sans-serif; font-size: medium;\">\u00a0<\/span><\/p>\n<p style=\"text-align: center;\"><a href=\"https:\/\/welcome-ontour.de\/wordpress\/wp-content\/uploads\/2013\/01\/phoca_thumb_l_2008-05-18-2-end.jpg\" target=\"_blank\" rel=\"noopener noreferrer\"><span style=\"font-family: arial, helvetica, sans-serif; font-size: medium;\"><img decoding=\"async\" class=\" size-full wp-image-3681\" title=\"Take Time ...\" src=\"https:\/\/welcome-ontour.de\/wordpress\/wp-content\/uploads\/2013\/01\/phoca_thumb_l_2008-05-18-2-end.jpg\" width=\"600\" height=\"800\" border=\"0\" srcset=\"https:\/\/welcome-ontour.de\/wordpress\/wp-content\/uploads\/2013\/01\/phoca_thumb_l_2008-05-18-2-end.jpg 750w, https:\/\/welcome-ontour.de\/wordpress\/wp-content\/uploads\/2013\/01\/phoca_thumb_l_2008-05-18-2-end-225x300.jpg 225w\" sizes=\"(max-width: 600px) 100vw, 600px\" \/><\/span><\/a><\/p>\n<p>&nbsp;<\/p>\n<p style=\"text-align: center;\"><span style=\"font-family: arial, helvetica, sans-serif; font-size: medium;\">\u00a0In diesem Sinne, macht&#8217;s gut bis zum n\u00e4chsten Mal.<\/span><\/p>\n<p>&nbsp;<\/p>\n<p style=\"text-align: center;\"><span style=\"font-family: arial, helvetica, sans-serif;\">Ute &amp; Andie<\/span><\/p>\n<p>&nbsp;<\/p>\n<p style=\"text-align: center;\"><span style=\"font-family: arial, helvetica, sans-serif; font-size: medium;\"> <span style=\"font-size: 10pt;\"><a style=\"font-family: arial, helvetica, sans-serif; line-height: 1.3em;\" href=\"https:\/\/welcome-ontour.de\/wordpress\/index.php\/2008-05-17\">&lt; Zur\u00fcck<\/a><span style=\"font-family: arial, helvetica, sans-serif; line-height: 1.3em;\">\u00a0 \u00a0 \u00a0 \u00a0 \u00a0 \u00a0 \u00a0 \u00a0 \u00a0 \u00a0 \u00a0 \u00a0 \u00a0 \u00a0 \u00a0 \u00a0 \u00a0 \u00a0 \u00a0 \u00a0 \u00a0 \u00a0 \u00a0 \u00a0 \u00a0 \u00a0 \u00a0 \u00a0 \u00a0 \u00a0 \u00a0 \u00a0 \u00a0 \u00a0 \u00a0 \u00a0 \u00a0 \u00a0 \u00a0 \u00a0 \u00a0 \u00a0 \u00a0 \u00a0 \u00a0 \u00a0 \u00a0 \u00a0 \u00a0 \u00a0 \u00a0 \u00a0 \u00a0 \u00a0 \u00a0 \u00a0 \u00a0 \u00a0 \u00a0 \u00a0 \u00a0 \u00a0 \u00a0 \u00a0 \u00a0 \u00a0 \u00a0 \u00a0 \u00a0 \u00a0 \u00a0 \u00a0 \u00a0 \u00a0 \u00a0 \u00a0 \u00a0 \u00a0 \u00a0 \u00a0 \u00a0 \u00a0 \u00a0 \u00a0 \u00a0 \u00a0 \u00a0 \u00a0 \u00a0 \u00a0 \u00a0 \u00a0 \u00a0 \u00a0 \u00a0 \u00a0 \u00a0 \u00a0 \u00a0 \u00a0 <\/span><a style=\"font-family: arial, helvetica, sans-serif; line-height: 1.3em;\" href=\"https:\/\/welcome-ontour.de\/wordpress\/index.php\/reiseberichte\/\">Reiseberichte &gt;<\/a><\/span><\/span><\/p>\n","protected":false},"excerpt":{"rendered":"<p>prolog\u00a0&#8211;\u00a0hinflug\u00a0&#8211;\u00a0zion\u00a0&#8211;\u00a0page\u00a0&#8211;\u00a0moab\u00a0&#8211;\u00a0colorado\u00a0&#8211;\u00a0escalante\u00a0&#8211;\u00a0toroweap\u00a0&#8211;\u00a0alabama hills\u00a0&#8211;\u00a0sequoia\u00a0&#8211;\u00a0yosemite\u00a0&#8211;\u00a0san francisco\u00a0&#8211;\u00a0r\u00fcckflug\u00a0&#8211;\u00a0fazit\u00a0 &lt; Zur\u00fcck\u00a0 \u00a0 \u00a0 \u00a0 \u00a0 \u00a0 \u00a0 \u00a0 \u00a0 \u00a0 \u00a0 \u00a0 \u00a0 \u00a0 \u00a0 \u00a0 \u00a0 \u00a0 \u00a0 \u00a0 \u00a0 \u00a0 \u00a0 \u00a0 \u00a0 \u00a0 \u00a0 \u00a0 \u00a0 \u00a0 \u00a0 \u00a0 \u00a0 \u00a0 \u00a0 \u00a0 \u00a0 \u00a0 \u00a0 \u00a0 \u00a0 \u00a0 \u00a0 \u00a0 \u00a0 \u00a0 \u00a0 \u00a0 \u00a0 \u00a0 \u00a0 \u00a0 \u00a0 \u00a0 \u00a0 \u00a0 \u00a0 \u00a0 \u00a0 \u00a0 \u00a0 \u00a0 \u00a0 \u00a0 \u00a0 \u00a0 \u00a0 \u00a0 \u00a0 \u00a0 \u00a0 \u00a0 \u00a0 \u00a0 \u00a0 \u00a0 \u00a0 \u00a0 \u00a0 \u00a0 \u00a0 \u00a0 \u00a0 \u00a0 \u00a0 \u00a0 \u00a0 \u00a0 \u00a0 \u00a0 \u00a0 \u00a0 \u00a0 \u00a0 \u00a0 \u00a0 \u00a0 \u00a0 \u00a0 \u00a0 Reiseberichte &gt; \u00a0 Fazit \u00a0 \u00a0 \u00a0\u00a0\u00a0 \u00a0 Eigentlich war alles etwas anders gedacht. Wir wollten den Urlaub in einem Strandhotel in Southern California beginnen. Unser Losgl\u00fcck betreffs der Wave hat uns zu einigen \u00c4nderungen veranlasst. Somit war Los Angeles dann etwas \u201eweit vom Schu\u00df\u201c, Las Vegas w\u00e4re weitaus g\u00fcnstiger gewesen. Obwohl wir diesmal nicht so viel fahren wollten, sind doch wieder tausende Meilen zusammen gekommen. Der Trailblazer war f\u00fcr diese Tour genau richtig. Bequem auf langen Strecken; Platz, Power und entgegen allen Bef\u00fcrchtungen einen relativ kleinen Durst. Einzig das recht schwammige Fahrverhalten bei schnellerer Fahrweise und das hoppelige Hinterteilverspringen bei flotteren Gel\u00e4ndeabschnitten ist\/war gew\u00f6hnungsbed\u00fcrftig. Ansonsten war\u2019s ein zuverl\u00e4ssiges Arbeitstier. Designm\u00e4\u00dfig vielleicht nicht auf dem neuesten Stand, aber gleiches trifft ja auch auf die beiden Insassen zu. Zwei Dinge haben wir als sehr angenehm empfunden. Erstens, dass wir zu viert mit zwei Fahrzeugen unterwegs waren, uns auch mal f\u00fcr paar Tage getrennt haben und somit immer Neuigkeiten auszutauschen hatten. Und zweitens, dass wir in Page auf Stammtischler getroffen sind. Die Wanderungen zur Wave und zum Escalante Canyon werden wir noch eine Weile im Ged\u00e4chtnis behalten. War einfach nur toll. Ein Besuch des Toroweep sollte man sich genau \u00fcberlegen. Ob der immense Aufwand f\u00fcr den tollen View gerechtfertigt ist, mu\u00df jeder f\u00fcr sich selbst entscheiden. Bei 200 km Shotter sollten alle Insassen nicht nur physisch offroad-tauglich sein. Was uns immer weniger Sympathien entlocken kann, ist Las Vegas. F\u00fcr uns hat die Glitzerkulisse ihren Reiz verloren. Ist aber (wie alles) Ansichtssache. Warum wir an den Alabama-Hills in den Vorjahren aus Unkenntnis schon mehrmals vorbeigefahren sind, bleibt wohl unser Geheimnis. Sequoia und Yosemite waren mal wieder beeindruckend, die Menschenmassen mal weg gedacht. Die von uns besuchten Sehensw\u00fcrdigkeiten in der Golden Gate National Recreation Area sind meines Erachtens mehr was f\u00fcr Tagesausfl\u00fcge von San Francisco aus. Sehr gefreut habe ich mich \u00fcber die neue Kamera. Die Bedienung war kein Buch mit sieben Siegeln. Dank variabler Einstellungen und Verwendung von diversen Filtern, bin ich mit einem Gro\u00dfteil der Aufnahmen mehr als zufrieden. Die Fl\u00fcge waren diesmal nicht ganz so beschwerlich. Noch nie ist bei einem R\u00fcckflug die Zeit so schnell vergangen. Lag sicherlich auch an den relativ komfortablen Pl\u00e4tzen. \u00a0 \u00a0 Schweren Herzens haben wir uns vorgenommen, den S\u00fcdwesten nun erstmal f\u00fcr \u2019ne Weile sein zu lassen. Wenn\u2019s dann zum Jahresende an die Urlaubsplanung f\u00fcr 2009 geht, wird man sehen, wie stark der Wille ist. \u00a0 Zum Ende noch paar Zahlen. Wir waren insgesamt 4354 Meilen (7010 km) unterwegs. Haben 198 Gallonen (740 Liter) Sprit verfahren und daf\u00fcr $730 bezahlt. Unser Chevrolet Trailblazer LT mit 4,2 V6 hat sich zu unserer allgemeinen \u00dcberraschung mit 10,6 Liter auf 100 km begn\u00fcgt. Die Hotelpreise lagen zwischen $49 und $175, was einen Durchschnitt von $96 (62\u20ac) ergab. Weil eigentlich fast alles teurer geworden ist, haben wir 20% mehr Dollars als im Vorjahr ausgegeben. Dank $-Kurs ist der Euro-Betrag ann\u00e4hernd wie 2007. \u00a0 Abschliessen m\u00f6chte ich meinen kleinen Reisebericht diesmal mit einem Zitat aus einem Buch, welches uns Anregung und Wanderf\u00fchrer in einem war und auch irgendwann wieder sein wird. \u00a0 &#8222;Bei allem Spa\u00df am Fotografieren sollte man eines nicht vergessen: die Liebe zur Natur! Die Erinnerung an gro\u00dfartige Naturerlebnisse bereichert doch letztlich mehr als das gro\u00dfartigste Bild. Daher kann ich nur raten, gelegentlich die Kamera auch mal wegzulegen, einfach nur zu schauen und still zu genie\u00dfen.&#8220; Peter Felix Sch\u00e4fer \u2013 Wandern im S\u00fcdwesten der USA \u00a0 &nbsp; \u00a0In diesem Sinne, macht&#8217;s gut bis zum n\u00e4chsten Mal. &nbsp; Ute &amp; Andie &nbsp; &lt; Zur\u00fcck\u00a0 \u00a0 \u00a0 \u00a0 \u00a0 \u00a0 \u00a0 \u00a0 \u00a0 \u00a0 \u00a0 \u00a0 \u00a0 \u00a0 \u00a0 \u00a0 \u00a0 \u00a0 \u00a0 \u00a0 \u00a0 \u00a0 \u00a0 \u00a0 \u00a0 \u00a0 \u00a0 \u00a0 \u00a0 \u00a0 \u00a0 \u00a0 \u00a0 \u00a0 \u00a0 \u00a0 \u00a0 \u00a0 \u00a0 \u00a0 \u00a0 \u00a0 \u00a0 \u00a0 \u00a0 \u00a0 \u00a0 \u00a0 \u00a0 \u00a0 \u00a0 \u00a0 \u00a0 \u00a0 \u00a0 \u00a0 \u00a0 \u00a0 \u00a0 \u00a0 \u00a0 \u00a0 \u00a0 \u00a0 \u00a0 \u00a0 \u00a0 \u00a0 \u00a0 \u00a0 \u00a0 \u00a0 \u00a0 \u00a0 \u00a0 \u00a0 \u00a0 \u00a0 \u00a0 \u00a0 \u00a0 \u00a0 \u00a0 \u00a0 \u00a0 \u00a0 \u00a0 \u00a0 \u00a0 \u00a0 \u00a0 \u00a0 \u00a0 \u00a0 \u00a0 \u00a0 \u00a0 \u00a0 \u00a0 \u00a0 Reiseberichte &gt;<\/p>\n","protected":false},"author":1,"featured_media":0,"parent":0,"menu_order":0,"comment_status":"closed","ping_status":"closed","template":"","meta":{"footnotes":""},"class_list":["post-3682","page","type-page","status-publish","hentry"],"_links":{"self":[{"href":"https:\/\/welcome-ontour.de\/wordpress\/index.php\/wp-json\/wp\/v2\/pages\/3682","targetHints":{"allow":["GET"]}}],"collection":[{"href":"https:\/\/welcome-ontour.de\/wordpress\/index.php\/wp-json\/wp\/v2\/pages"}],"about":[{"href":"https:\/\/welcome-ontour.de\/wordpress\/index.php\/wp-json\/wp\/v2\/types\/page"}],"author":[{"embeddable":true,"href":"https:\/\/welcome-ontour.de\/wordpress\/index.php\/wp-json\/wp\/v2\/users\/1"}],"replies":[{"embeddable":true,"href":"https:\/\/welcome-ontour.de\/wordpress\/index.php\/wp-json\/wp\/v2\/comments?post=3682"}],"version-history":[{"count":6,"href":"https:\/\/welcome-ontour.de\/wordpress\/index.php\/wp-json\/wp\/v2\/pages\/3682\/revisions"}],"predecessor-version":[{"id":17313,"href":"https:\/\/welcome-ontour.de\/wordpress\/index.php\/wp-json\/wp\/v2\/pages\/3682\/revisions\/17313"}],"wp:attachment":[{"href":"https:\/\/welcome-ontour.de\/wordpress\/index.php\/wp-json\/wp\/v2\/media?parent=3682"}],"curies":[{"name":"wp","href":"https:\/\/api.w.org\/{rel}","templated":true}]}}