{"id":3673,"date":"2013-01-08T13:12:25","date_gmt":"2013-01-08T13:12:25","guid":{"rendered":"https:\/\/welcome-ontour.de\/wordpress\/index.php\/2008-05-16\/"},"modified":"2022-06-30T23:06:17","modified_gmt":"2022-06-30T23:06:17","slug":"2008-05-16","status":"publish","type":"page","link":"https:\/\/welcome-ontour.de\/wordpress\/index.php\/2008-05-16\/","title":{"rendered":"2008 05 16"},"content":{"rendered":"<p style=\"text-align: center;\"><span style=\"font-family: arial, helvetica, sans-serif; font-size: 8pt;\"><a href=\"https:\/\/welcome-ontour.de\/wordpress\/index.php\/2008-04-23\/\">prolog<\/a>\u00a0&#8211;\u00a0<a href=\"https:\/\/welcome-ontour.de\/wordpress\/index.php\/2008-04-24\/\">hinflug<\/a>\u00a0&#8211;\u00a0<a href=\"https:\/\/welcome-ontour.de\/wordpress\/index.php\/2008-04-26\/\">zion<\/a>\u00a0&#8211;\u00a0<a href=\"https:\/\/welcome-ontour.de\/wordpress\/index.php\/2008-04-28\/\">page<\/a>\u00a0&#8211;\u00a0<a href=\"https:\/\/welcome-ontour.de\/wordpress\/index.php\/2008-04-29\/\">moab<\/a>\u00a0&#8211;\u00a0<a href=\"https:\/\/welcome-ontour.de\/wordpress\/index.php\/2008-05-04\/\">colorado<\/a>\u00a0&#8211;\u00a0<a href=\"https:\/\/welcome-ontour.de\/wordpress\/index.php\/2008-05-06\/\">escalante<\/a>\u00a0&#8211;\u00a0<a href=\"https:\/\/welcome-ontour.de\/wordpress\/index.php\/2008-05-08\/\">toroweap<\/a>\u00a0&#8211;\u00a0<a href=\"https:\/\/welcome-ontour.de\/wordpress\/index.php\/2008-05-10\/\">alabama hills<\/a>\u00a0&#8211;\u00a0<a href=\"https:\/\/welcome-ontour.de\/wordpress\/index.php\/2008-05-11\/\">sequoia<\/a>\u00a0&#8211;\u00a0<a href=\"https:\/\/welcome-ontour.de\/wordpress\/index.php\/2008-05-12\/\">yosemite<\/a>\u00a0&#8211;\u00a0<a href=\"https:\/\/welcome-ontour.de\/wordpress\/index.php\/2008-05-15\/\">san francisco<\/a>\u00a0&#8211;\u00a0<a href=\"https:\/\/welcome-ontour.de\/wordpress\/index.php\/2008-05-16\/\">r\u00fcckflug<\/a>\u00a0&#8211;\u00a0<a href=\"https:\/\/welcome-ontour.de\/wordpress\/index.php\/2008-05-18-fazit\/\">fazit<\/a><\/span><span style=\"font-family: arial, helvetica, sans-serif; font-size: xx-large;\"><span style=\"font-size: small;\"><span style=\"font-size: x-small;\">\u00a0<\/span><\/span><\/span><\/p>\n<p style=\"text-align: center;\"><span style=\"font-size: 10pt;\"><a style=\"font-family: arial, helvetica, sans-serif; line-height: 1.3em;\" href=\"https:\/\/welcome-ontour.de\/wordpress\/index.php\/2008-05-15\">&lt; Zur\u00fcck<\/a><span style=\"font-family: arial, helvetica, sans-serif; line-height: 1.3em;\">\u00a0 \u00a0 \u00a0 \u00a0 \u00a0 \u00a0 \u00a0 \u00a0 \u00a0 \u00a0 \u00a0 \u00a0 \u00a0 \u00a0 \u00a0 \u00a0 \u00a0 \u00a0 \u00a0 \u00a0 \u00a0 \u00a0 \u00a0 \u00a0 \u00a0 \u00a0 \u00a0 \u00a0 \u00a0 \u00a0 \u00a0 \u00a0 \u00a0 \u00a0 \u00a0 \u00a0 \u00a0 \u00a0 \u00a0 \u00a0 \u00a0 \u00a0 \u00a0 \u00a0 \u00a0 \u00a0 \u00a0 \u00a0 \u00a0 \u00a0 \u00a0 \u00a0 \u00a0 \u00a0 \u00a0 \u00a0 \u00a0 \u00a0 \u00a0 \u00a0 \u00a0 \u00a0 \u00a0 \u00a0 \u00a0 \u00a0 \u00a0 \u00a0 \u00a0 \u00a0 \u00a0 \u00a0 \u00a0 \u00a0 \u00a0 \u00a0 \u00a0 \u00a0 \u00a0 \u00a0 \u00a0 \u00a0 \u00a0 \u00a0 \u00a0 \u00a0 \u00a0 \u00a0 \u00a0 \u00a0 \u00a0 \u00a0 \u00a0 \u00a0 \u00a0 \u00a0 \u00a0 \u00a0 \u00a0 \u00a0 \u00a0 \u00a0 \u00a0 <\/span><a style=\"font-family: arial, helvetica, sans-serif; line-height: 1.3em;\" href=\"https:\/\/welcome-ontour.de\/wordpress\/index.php\/2008-05-17\">Weiter &gt;<\/a><\/span><\/p>\n<p style=\"text-align: center;\"><strong style=\"line-height: 1.3em;\"><span style=\"font-family: arial, helvetica, sans-serif; font-size: medium;\">Fr 16.05.2008, 4.Woche, 23.Tag<\/span><\/strong><\/p>\n<p style=\"text-align: center;\"><strong><span style=\"font-family: arial, helvetica, sans-serif; font-size: medium;\">San Francisco \u2013 Berlin<\/span><\/strong><\/p>\n<p style=\"text-align: center;\"><span style=\"font-family: arial, helvetica, sans-serif; font-size: medium;\">\u00a0<\/span><\/p>\n<p style=\"text-align: center;\"><span style=\"font-family: arial, helvetica, sans-serif; font-size: medium;\">Sieben Uhr hei\u00dft\u2019s Aufstehen! Um acht sitzen wir zu viert im ihop neben der Traveloge.<\/span><\/p>\n<p style=\"text-align: center;\"><span style=\"font-family: arial, helvetica, sans-serif; font-size: medium;\">Es gibt noch mal irgendeine Starter-Combo f\u00fcr jeden und Cafe bis zum Abwinken.<\/span><\/p>\n<p style=\"text-align: center;\"><span style=\"font-family: arial, helvetica, sans-serif; font-size: medium;\">Danach zum Quality Inn, Koffer packen, aus checken und zur Travelodge.<\/span><\/p>\n<p style=\"text-align: center;\"><span style=\"font-family: arial, helvetica, sans-serif; font-size: medium;\">Hier verbringen wir noch eine Stunde bei sch\u00f6nstem Sonnenschein am Pool.<\/span><\/p>\n<p style=\"text-align: center;\"><span style=\"font-family: arial, helvetica, sans-serif; font-size: medium;\">Um elf fahren wir die drei Meilen zur Alamo-Rentalcar-Return-Station, stellen die Chevies ab,<\/span><\/p>\n<p style=\"text-align: center;\"><span style=\"font-family: arial, helvetica, sans-serif; font-size: medium;\">nehmen alles Pers\u00f6nliche raus, bekommen eine Quittung in die Hand gedr\u00fcckt und das war\u2019s.<\/span><\/p>\n<p style=\"text-align: center;\"><span style=\"font-family: arial, helvetica, sans-serif; font-size: medium;\">Ab zum Airtrain, der uns schnell zum Terminal 1G des San Francisco International Airport bringt.<\/span><\/p>\n<p style=\"text-align: center;\"><span style=\"font-family: arial, helvetica, sans-serif; font-size: medium;\">Dort stellen wir uns in der Check-In-Schlange der United-Economy-Gates an.<\/span><\/p>\n<p style=\"text-align: center;\"><span style=\"font-family: arial, helvetica, sans-serif; font-size: medium;\">Ausser uns werden parallel an denselben Schaltern United Fl\u00fcge nach Mexico-City, London und Taipeh abgefertigt.<\/span><\/p>\n<p style=\"text-align: center;\"><span style=\"font-family: arial, helvetica, sans-serif; font-size: medium;\">Daher gibt\u2019s eine relativ gro\u00dfe Schlange, aber in 30 min sind wir dran.<\/span><\/p>\n<p style=\"text-align: center;\"><span style=\"font-family: arial, helvetica, sans-serif; font-size: medium;\">Wir bekommen die Boardcards nur f\u00fcr den Transatlantik-Flug nach Frankfurt,<\/span><\/p>\n<p style=\"text-align: center;\"><span style=\"font-family: arial, helvetica, sans-serif; font-size: medium;\">aber wenigstens unsere seit 9 Monaten reservierten Pl\u00e4tze. Gep\u00e4ck wird durchgecheckt,<\/span><\/p>\n<p style=\"text-align: center;\"><span style=\"font-family: arial, helvetica, sans-serif; font-size: medium;\">aber Bordkarten f\u00fcr den Lufthansa-Inlandflug in Deutschland k\u00f6nnen sie uns hier nicht ausstellen.<\/span><\/p>\n<p style=\"text-align: center;\"><span style=\"font-family: arial, helvetica, sans-serif; font-size: medium;\">Sollen wir uns in Frankfurt drum k\u00fcmmern.<\/span><\/p>\n<p style=\"text-align: center;\"><span style=\"font-family: arial, helvetica, sans-serif; font-size: medium;\">Beim Anstehen zum Security-Check werden alle noch vorhandenen Wasservorr\u00e4te \u201eeingepumpt\u201c.<\/span><\/p>\n<p style=\"text-align: center;\"><span style=\"font-family: arial, helvetica, sans-serif; font-size: medium;\">Danach kann man das gleiche Wasser v\u00f6llig \u00fcberteuert neu erwerben. Hoffentlich hat das bald ein Ende!<\/span><\/p>\n<p style=\"text-align: center;\"><span style=\"font-family: arial, helvetica, sans-serif; font-size: medium;\">Im Bistro gibt\u2019s noch ein Sandwich. Dann gehen wir zum Gate G94 und beobachten das gesch\u00e4ftige Treiben<\/span><\/p>\n<p style=\"text-align: center;\"><span style=\"font-family: arial, helvetica, sans-serif; font-size: medium;\">des Abfertigungspersonals. Als fast alle eingestiegen sind, gehen auch wir zum Boarding,<\/span><\/p>\n<p style=\"text-align: center;\"><span style=\"font-family: arial, helvetica, sans-serif; font-size: medium;\">marschieren durch bis zum Ende der 747-400 und nehmen unsere <a href=\"http:\/\/www.seatguru.com\/airlines\/United_Airlines\/United_Airlines_Boeing_747-400_B.php\" target=\"_blank\" rel=\"noopener noreferrer\">Seats<\/a>\u00a059H und J ein.<\/span><\/p>\n<p style=\"text-align: center;\"><span style=\"font-family: arial, helvetica, sans-serif; font-size: medium;\">Vorletzte Reihe, 2er Sitz rechts au\u00dfen mit ca. 40cm Abstand zum Fenster und der M\u00f6glichkeit, die Beine schr\u00e4g auszustrecken.<\/span><\/p>\n<p style=\"text-align: center;\"><span style=\"font-family: arial, helvetica, sans-serif; font-size: medium;\">Sehr angenehm! Bine und Matti sitzen direkt hinter uns und sind mit ihren Pl\u00e4tzen auch zufrieden.<\/span><\/p>\n<p style=\"text-align: center;\"><span style=\"font-family: arial, helvetica, sans-serif; font-size: medium;\">\u00a0<\/span><\/p>\n<p style=\"text-align: center;\"><span style=\"font-family: arial, helvetica, sans-serif; font-size: medium;\"><img decoding=\"async\" class=\" size-full wp-image-3669\" title=\"SFO Airport, unser Jumbo\" src=\"https:\/\/welcome-ontour.de\/wordpress\/wp-content\/uploads\/2013\/01\/phoca_thumb_l_2008-05-16-1-sfo-2.jpg\" width=\"620\" height=\"472\" border=\"0\" srcset=\"https:\/\/welcome-ontour.de\/wordpress\/wp-content\/uploads\/2013\/01\/phoca_thumb_l_2008-05-16-1-sfo-2.jpg 620w, https:\/\/welcome-ontour.de\/wordpress\/wp-content\/uploads\/2013\/01\/phoca_thumb_l_2008-05-16-1-sfo-2-300x228.jpg 300w\" sizes=\"(max-width: 620px) 100vw, 620px\" \/><\/span><\/p>\n<p style=\"text-align: center;\"><span style=\"font-family: arial, helvetica, sans-serif; font-size: medium;\">\u00a0<\/span><\/p>\n<p style=\"text-align: center;\"><span style=\"font-family: arial, helvetica, sans-serif; font-size: medium;\">14:20 hebt United Airlines 900 mit eine halben Stunde Versp\u00e4tung ab. Wir starten in Richtung Pacific<\/span><\/p>\n<p style=\"text-align: center;\"><span style=\"font-family: arial, helvetica, sans-serif; font-size: medium;\">\u00a0<\/span><\/p>\n<p style=\"text-align: center;\"><span style=\"font-family: arial, helvetica, sans-serif; font-size: medium;\"><img decoding=\"async\" class=\" size-full wp-image-3670\" src=\"https:\/\/welcome-ontour.de\/wordpress\/wp-content\/uploads\/2013\/01\/phoca_thumb_l_2008-05-16-2-747-united-sfo.jpg\" width=\"620\" height=\"374\" border=\"0\" srcset=\"https:\/\/welcome-ontour.de\/wordpress\/wp-content\/uploads\/2013\/01\/phoca_thumb_l_2008-05-16-2-747-united-sfo.jpg 620w, https:\/\/welcome-ontour.de\/wordpress\/wp-content\/uploads\/2013\/01\/phoca_thumb_l_2008-05-16-2-747-united-sfo-300x181.jpg 300w\" sizes=\"(max-width: 620px) 100vw, 620px\" \/><\/span><\/p>\n<p style=\"text-align: center;\"><span style=\"font-family: arial, helvetica, sans-serif; font-size: medium;\">\u00a0<\/span><\/p>\n<p style=\"text-align: center;\"><span style=\"font-family: arial, helvetica, sans-serif; font-size: medium;\">und machen anschlie\u00dfend eine Schleife \u00fcber die Golden Gate Bridge mit Panoramablick auf San Francisco.<\/span><\/p>\n<p style=\"text-align: center;\"><span style=\"font-family: arial, helvetica, sans-serif; font-size: medium;\">\u00a0<\/span><\/p>\n<p style=\"text-align: center;\"><a href=\"https:\/\/welcome-ontour.de\/wordpress\/wp-content\/uploads\/2013\/01\/phoca_thumb_l_2008-05-16-3-sf-2.jpg\" target=\"_blank\" rel=\"noopener noreferrer\"><span style=\"font-family: arial, helvetica, sans-serif; font-size: medium;\"><img decoding=\"async\" class=\" size-full wp-image-3671\" title=\"San Francisco\" src=\"https:\/\/welcome-ontour.de\/wordpress\/wp-content\/uploads\/2013\/01\/phoca_thumb_l_2008-05-16-3-sf-2.jpg\" width=\"800\" height=\"433\" border=\"0\" srcset=\"https:\/\/welcome-ontour.de\/wordpress\/wp-content\/uploads\/2013\/01\/phoca_thumb_l_2008-05-16-3-sf-2.jpg 1220w, https:\/\/welcome-ontour.de\/wordpress\/wp-content\/uploads\/2013\/01\/phoca_thumb_l_2008-05-16-3-sf-2-300x163.jpg 300w, https:\/\/welcome-ontour.de\/wordpress\/wp-content\/uploads\/2013\/01\/phoca_thumb_l_2008-05-16-3-sf-2-1024x555.jpg 1024w, https:\/\/welcome-ontour.de\/wordpress\/wp-content\/uploads\/2013\/01\/phoca_thumb_l_2008-05-16-3-sf-2-768x416.jpg 768w\" sizes=\"(max-width: 800px) 100vw, 800px\" \/><\/span><\/a><\/p>\n<p style=\"text-align: center;\"><span style=\"font-family: arial, helvetica, sans-serif; font-size: medium;\">\u00a0<\/span><\/p>\n<p style=\"text-align: center;\"><span style=\"font-family: arial, helvetica, sans-serif; font-size: medium;\">Danach geht\u2019s fast direkt in n\u00f6rdliche Richtung \u00fcber Sacramento, Oregon und sp\u00e4ter Calgary<\/span><\/p>\n<p style=\"text-align: center;\"><span style=\"font-family: arial, helvetica, sans-serif; font-size: medium;\">mit wunderbarer Sicht auf die kanadischen Rockies.<\/span><\/p>\n<p style=\"text-align: center;\"><span style=\"font-family: arial, helvetica, sans-serif; font-size: medium;\">\u00a0<\/span><\/p>\n<p style=\"text-align: center;\"><a href=\"https:\/\/welcome-ontour.de\/wordpress\/wp-content\/uploads\/2013\/01\/phoca_thumb_l_2008-05-16-4-canadien-rockies.jpg\" target=\"_blank\" rel=\"noopener noreferrer\"><span style=\"font-family: arial, helvetica, sans-serif; font-size: medium;\"><img decoding=\"async\" class=\" size-full wp-image-3672\" title=\"Rocky Mountains\" src=\"https:\/\/welcome-ontour.de\/wordpress\/wp-content\/uploads\/2013\/01\/phoca_thumb_l_2008-05-16-4-canadien-rockies.jpg\" width=\"620\" height=\"470\" border=\"0\" srcset=\"https:\/\/welcome-ontour.de\/wordpress\/wp-content\/uploads\/2013\/01\/phoca_thumb_l_2008-05-16-4-canadien-rockies.jpg 1220w, https:\/\/welcome-ontour.de\/wordpress\/wp-content\/uploads\/2013\/01\/phoca_thumb_l_2008-05-16-4-canadien-rockies-300x227.jpg 300w, https:\/\/welcome-ontour.de\/wordpress\/wp-content\/uploads\/2013\/01\/phoca_thumb_l_2008-05-16-4-canadien-rockies-1024x776.jpg 1024w, https:\/\/welcome-ontour.de\/wordpress\/wp-content\/uploads\/2013\/01\/phoca_thumb_l_2008-05-16-4-canadien-rockies-768x582.jpg 768w\" sizes=\"(max-width: 620px) 100vw, 620px\" \/><\/span><\/a><\/p>\n<p style=\"text-align: center;\"><span style=\"font-family: arial, helvetica, sans-serif; font-size: medium;\">\u00a0<\/span><\/p>\n<p style=\"text-align: center;\"><span style=\"font-family: arial, helvetica, sans-serif; font-size: medium;\">Gleich nach dem Start gibt\u2019s Getr\u00e4nke und Snacks. Alkoholika kosten durchweg $5. Nach einer Stunde gibt\u2019s Pasta or Beef.<\/span><\/p>\n<p style=\"text-align: center;\"><span style=\"font-family: arial, helvetica, sans-serif; font-size: medium;\">Wir ordern letzteres, was sich nach dem Auspacken als Hackfleisch entpuppt. Egal.<\/span><\/p>\n<p style=\"text-align: center;\"><span style=\"font-family: arial, helvetica, sans-serif; font-size: medium;\">Im Bordkino (kein In-Seat) l\u00e4uft \u201eThe Great Debaters\u201c, Audio auch in deutsch.<\/span><\/p>\n<p style=\"text-align: center;\"><span style=\"font-family: arial, helvetica, sans-serif; font-size: medium;\">Es gibt auch die M\u00f6glichkeit, XM-Satelliten-Radio zu h\u00f6ren. Aber erstens nur stark eingeschr\u00e4nkte Senderauswahl\u00a0<\/span><\/p>\n<p style=\"text-align: center;\"><span style=\"font-family: arial, helvetica, sans-serif; font-size: medium;\">und zweitens sind die Headphones wie aus Pappe.<\/span><\/p>\n<p style=\"text-align: center;\"><span style=\"font-family: arial, helvetica, sans-serif; font-size: medium;\">Zweiter Film \u201eBook of Secrets\u201c, Mt.Rushmore-Schwachsinn!<\/span><\/p>\n<p style=\"text-align: center;\"><span style=\"font-family: arial, helvetica, sans-serif; font-size: medium;\">Als Drittes: \u201eMad Money\u201c mit Diane Keaton, Queen Latifa und einer (entgegen meiner sonstigen Sympathien)<\/span><\/p>\n<p style=\"text-align: center;\"><span style=\"font-family: arial, helvetica, sans-serif; font-size: medium;\">bezaubernden Katie Holmes. Der Film ist echt lustig.<\/span><\/p>\n<p style=\"text-align: center;\"><span style=\"font-family: arial, helvetica, sans-serif; font-size: medium;\">Zwischendurch gibt\u2019s immer wieder Drinks und Snacks. Wem\u2019s nicht reicht, der kann sich auch was holen.<\/span><\/p>\n<p style=\"text-align: center;\"><span style=\"font-family: arial, helvetica, sans-serif; font-size: medium;\">Dadurch, dass wir zu relativ fr\u00fcher Tageszeit so weit n\u00f6rdlich sind, wird\u2019s draussen nicht dunkel.<\/span><\/p>\n<p style=\"text-align: center;\"><span style=\"font-family: arial, helvetica, sans-serif; font-size: medium;\">Irgendwann stellen wir die Uhren wieder auf Mitteleurop\u00e4ische Sommerzeit, also neun Stunden vor.<\/span><\/p>\n<p style=\"text-align: center;\"><span style=\"font-family: arial, helvetica, sans-serif; font-size: medium;\">\u00a0<\/span><\/p>\n<p style=\"text-align: center;\"><span style=\"font-size: 10pt;\"><a style=\"font-family: arial, helvetica, sans-serif; line-height: 1.3em;\" href=\"https:\/\/welcome-ontour.de\/wordpress\/index.php\/2008-05-15\">&lt; Zur\u00fcck<\/a><span style=\"font-family: arial, helvetica, sans-serif; line-height: 1.3em;\">\u00a0 \u00a0 \u00a0 \u00a0 \u00a0 \u00a0 \u00a0 \u00a0 \u00a0 \u00a0 \u00a0 \u00a0 \u00a0 \u00a0 \u00a0 \u00a0 \u00a0 \u00a0 \u00a0 \u00a0 \u00a0 \u00a0 \u00a0 \u00a0 \u00a0 \u00a0 \u00a0 \u00a0 \u00a0 \u00a0 \u00a0 \u00a0 \u00a0 \u00a0 \u00a0 \u00a0 \u00a0 \u00a0 \u00a0 \u00a0 \u00a0 \u00a0 \u00a0 \u00a0 \u00a0 \u00a0 \u00a0 \u00a0 \u00a0 \u00a0 \u00a0 \u00a0 \u00a0 \u00a0 \u00a0 \u00a0 \u00a0 \u00a0 \u00a0 \u00a0 \u00a0 \u00a0 \u00a0 \u00a0 \u00a0 \u00a0 \u00a0 \u00a0 \u00a0 \u00a0 \u00a0 \u00a0 \u00a0 \u00a0 \u00a0 \u00a0 \u00a0 \u00a0 \u00a0 \u00a0 \u00a0 \u00a0 \u00a0 \u00a0 \u00a0 \u00a0 \u00a0 \u00a0 \u00a0 \u00a0 \u00a0 \u00a0 \u00a0 \u00a0 \u00a0 \u00a0 \u00a0 \u00a0 \u00a0 \u00a0 \u00a0 \u00a0 \u00a0 <\/span><a style=\"font-family: arial, helvetica, sans-serif; line-height: 1.3em;\" href=\"https:\/\/welcome-ontour.de\/wordpress\/index.php\/2008-05-17\">Weiter &gt;<\/a><\/span><\/p>\n","protected":false},"excerpt":{"rendered":"<p>prolog\u00a0&#8211;\u00a0hinflug\u00a0&#8211;\u00a0zion\u00a0&#8211;\u00a0page\u00a0&#8211;\u00a0moab\u00a0&#8211;\u00a0colorado\u00a0&#8211;\u00a0escalante\u00a0&#8211;\u00a0toroweap\u00a0&#8211;\u00a0alabama hills\u00a0&#8211;\u00a0sequoia\u00a0&#8211;\u00a0yosemite\u00a0&#8211;\u00a0san francisco\u00a0&#8211;\u00a0r\u00fcckflug\u00a0&#8211;\u00a0fazit\u00a0 &lt; Zur\u00fcck\u00a0 \u00a0 \u00a0 \u00a0 \u00a0 \u00a0 \u00a0 \u00a0 \u00a0 \u00a0 \u00a0 \u00a0 \u00a0 \u00a0 \u00a0 \u00a0 \u00a0 \u00a0 \u00a0 \u00a0 \u00a0 \u00a0 \u00a0 \u00a0 \u00a0 \u00a0 \u00a0 \u00a0 \u00a0 \u00a0 \u00a0 \u00a0 \u00a0 \u00a0 \u00a0 \u00a0 \u00a0 \u00a0 \u00a0 \u00a0 \u00a0 \u00a0 \u00a0 \u00a0 \u00a0 \u00a0 \u00a0 \u00a0 \u00a0 \u00a0 \u00a0 \u00a0 \u00a0 \u00a0 \u00a0 \u00a0 \u00a0 \u00a0 \u00a0 \u00a0 \u00a0 \u00a0 \u00a0 \u00a0 \u00a0 \u00a0 \u00a0 \u00a0 \u00a0 \u00a0 \u00a0 \u00a0 \u00a0 \u00a0 \u00a0 \u00a0 \u00a0 \u00a0 \u00a0 \u00a0 \u00a0 \u00a0 \u00a0 \u00a0 \u00a0 \u00a0 \u00a0 \u00a0 \u00a0 \u00a0 \u00a0 \u00a0 \u00a0 \u00a0 \u00a0 \u00a0 \u00a0 \u00a0 \u00a0 \u00a0 \u00a0 \u00a0 \u00a0 Weiter &gt; Fr 16.05.2008, 4.Woche, 23.Tag San Francisco \u2013 Berlin \u00a0 Sieben Uhr hei\u00dft\u2019s Aufstehen! Um acht sitzen wir zu viert im ihop neben der Traveloge. Es gibt noch mal irgendeine Starter-Combo f\u00fcr jeden und Cafe bis zum Abwinken. Danach zum Quality Inn, Koffer packen, aus checken und zur Travelodge. Hier verbringen wir noch eine Stunde bei sch\u00f6nstem Sonnenschein am Pool. Um elf fahren wir die drei Meilen zur Alamo-Rentalcar-Return-Station, stellen die Chevies ab, nehmen alles Pers\u00f6nliche raus, bekommen eine Quittung in die Hand gedr\u00fcckt und das war\u2019s. Ab zum Airtrain, der uns schnell zum Terminal 1G des San Francisco International Airport bringt. Dort stellen wir uns in der Check-In-Schlange der United-Economy-Gates an. Ausser uns werden parallel an denselben Schaltern United Fl\u00fcge nach Mexico-City, London und Taipeh abgefertigt. Daher gibt\u2019s eine relativ gro\u00dfe Schlange, aber in 30 min sind wir dran. Wir bekommen die Boardcards nur f\u00fcr den Transatlantik-Flug nach Frankfurt, aber wenigstens unsere seit 9 Monaten reservierten Pl\u00e4tze. Gep\u00e4ck wird durchgecheckt, aber Bordkarten f\u00fcr den Lufthansa-Inlandflug in Deutschland k\u00f6nnen sie uns hier nicht ausstellen. Sollen wir uns in Frankfurt drum k\u00fcmmern. Beim Anstehen zum Security-Check werden alle noch vorhandenen Wasservorr\u00e4te \u201eeingepumpt\u201c. Danach kann man das gleiche Wasser v\u00f6llig \u00fcberteuert neu erwerben. Hoffentlich hat das bald ein Ende! Im Bistro gibt\u2019s noch ein Sandwich. Dann gehen wir zum Gate G94 und beobachten das gesch\u00e4ftige Treiben des Abfertigungspersonals. Als fast alle eingestiegen sind, gehen auch wir zum Boarding, marschieren durch bis zum Ende der 747-400 und nehmen unsere Seats\u00a059H und J ein. Vorletzte Reihe, 2er Sitz rechts au\u00dfen mit ca. 40cm Abstand zum Fenster und der M\u00f6glichkeit, die Beine schr\u00e4g auszustrecken. Sehr angenehm! Bine und Matti sitzen direkt hinter uns und sind mit ihren Pl\u00e4tzen auch zufrieden. \u00a0 \u00a0 14:20 hebt United Airlines 900 mit eine halben Stunde Versp\u00e4tung ab. Wir starten in Richtung Pacific \u00a0 \u00a0 und machen anschlie\u00dfend eine Schleife \u00fcber die Golden Gate Bridge mit Panoramablick auf San Francisco. \u00a0 \u00a0 Danach geht\u2019s fast direkt in n\u00f6rdliche Richtung \u00fcber Sacramento, Oregon und sp\u00e4ter Calgary mit wunderbarer Sicht auf die kanadischen Rockies. \u00a0 \u00a0 Gleich nach dem Start gibt\u2019s Getr\u00e4nke und Snacks. Alkoholika kosten durchweg $5. Nach einer Stunde gibt\u2019s Pasta or Beef. Wir ordern letzteres, was sich nach dem Auspacken als Hackfleisch entpuppt. Egal. Im Bordkino (kein In-Seat) l\u00e4uft \u201eThe Great Debaters\u201c, Audio auch in deutsch. Es gibt auch die M\u00f6glichkeit, XM-Satelliten-Radio zu h\u00f6ren. Aber erstens nur stark eingeschr\u00e4nkte Senderauswahl\u00a0 und zweitens sind die Headphones wie aus Pappe. Zweiter Film \u201eBook of Secrets\u201c, Mt.Rushmore-Schwachsinn! Als Drittes: \u201eMad Money\u201c mit Diane Keaton, Queen Latifa und einer (entgegen meiner sonstigen Sympathien) bezaubernden Katie Holmes. Der Film ist echt lustig. Zwischendurch gibt\u2019s immer wieder Drinks und Snacks. Wem\u2019s nicht reicht, der kann sich auch was holen. Dadurch, dass wir zu relativ fr\u00fcher Tageszeit so weit n\u00f6rdlich sind, wird\u2019s draussen nicht dunkel. Irgendwann stellen wir die Uhren wieder auf Mitteleurop\u00e4ische Sommerzeit, also neun Stunden vor. \u00a0 &lt; Zur\u00fcck\u00a0 \u00a0 \u00a0 \u00a0 \u00a0 \u00a0 \u00a0 \u00a0 \u00a0 \u00a0 \u00a0 \u00a0 \u00a0 \u00a0 \u00a0 \u00a0 \u00a0 \u00a0 \u00a0 \u00a0 \u00a0 \u00a0 \u00a0 \u00a0 \u00a0 \u00a0 \u00a0 \u00a0 \u00a0 \u00a0 \u00a0 \u00a0 \u00a0 \u00a0 \u00a0 \u00a0 \u00a0 \u00a0 \u00a0 \u00a0 \u00a0 \u00a0 \u00a0 \u00a0 \u00a0 \u00a0 \u00a0 \u00a0 \u00a0 \u00a0 \u00a0 \u00a0 \u00a0 \u00a0 \u00a0 \u00a0 \u00a0 \u00a0 \u00a0 \u00a0 \u00a0 \u00a0 \u00a0 \u00a0 \u00a0 \u00a0 \u00a0 \u00a0 \u00a0 \u00a0 \u00a0 \u00a0 \u00a0 \u00a0 \u00a0 \u00a0 \u00a0 \u00a0 \u00a0 \u00a0 \u00a0 \u00a0 \u00a0 \u00a0 \u00a0 \u00a0 \u00a0 \u00a0 \u00a0 \u00a0 \u00a0 \u00a0 \u00a0 \u00a0 \u00a0 \u00a0 \u00a0 \u00a0 \u00a0 \u00a0 \u00a0 \u00a0 \u00a0 Weiter &gt;<\/p>\n","protected":false},"author":1,"featured_media":3669,"parent":0,"menu_order":2,"comment_status":"closed","ping_status":"closed","template":"","meta":{"footnotes":""},"class_list":["post-3673","page","type-page","status-publish","has-post-thumbnail","hentry"],"_links":{"self":[{"href":"https:\/\/welcome-ontour.de\/wordpress\/index.php\/wp-json\/wp\/v2\/pages\/3673","targetHints":{"allow":["GET"]}}],"collection":[{"href":"https:\/\/welcome-ontour.de\/wordpress\/index.php\/wp-json\/wp\/v2\/pages"}],"about":[{"href":"https:\/\/welcome-ontour.de\/wordpress\/index.php\/wp-json\/wp\/v2\/types\/page"}],"author":[{"embeddable":true,"href":"https:\/\/welcome-ontour.de\/wordpress\/index.php\/wp-json\/wp\/v2\/users\/1"}],"replies":[{"embeddable":true,"href":"https:\/\/welcome-ontour.de\/wordpress\/index.php\/wp-json\/wp\/v2\/comments?post=3673"}],"version-history":[{"count":2,"href":"https:\/\/welcome-ontour.de\/wordpress\/index.php\/wp-json\/wp\/v2\/pages\/3673\/revisions"}],"predecessor-version":[{"id":17306,"href":"https:\/\/welcome-ontour.de\/wordpress\/index.php\/wp-json\/wp\/v2\/pages\/3673\/revisions\/17306"}],"wp:featuredmedia":[{"embeddable":true,"href":"https:\/\/welcome-ontour.de\/wordpress\/index.php\/wp-json\/wp\/v2\/media\/3669"}],"wp:attachment":[{"href":"https:\/\/welcome-ontour.de\/wordpress\/index.php\/wp-json\/wp\/v2\/media?parent=3673"}],"curies":[{"name":"wp","href":"https:\/\/api.w.org\/{rel}","templated":true}]}}