{"id":3600,"date":"2013-01-08T13:09:42","date_gmt":"2013-01-08T13:09:42","guid":{"rendered":"https:\/\/welcome-ontour.de\/wordpress\/index.php\/2008-05-09\/"},"modified":"2022-06-30T23:06:40","modified_gmt":"2022-06-30T23:06:40","slug":"2008-05-09","status":"publish","type":"page","link":"https:\/\/welcome-ontour.de\/wordpress\/index.php\/2008-05-09\/","title":{"rendered":"2008 05 09"},"content":{"rendered":"<p style=\"text-align: center;\"><span style=\"font-family: arial, helvetica, sans-serif; font-size: 8pt;\"><a href=\"https:\/\/welcome-ontour.de\/wordpress\/index.php\/2008-04-23\/\">prolog<\/a>\u00a0&#8211;\u00a0<a href=\"https:\/\/welcome-ontour.de\/wordpress\/index.php\/2008-04-24\/\">hinflug<\/a>\u00a0&#8211;\u00a0<a href=\"https:\/\/welcome-ontour.de\/wordpress\/index.php\/2008-04-26\/\">zion<\/a>\u00a0&#8211;\u00a0<a href=\"https:\/\/welcome-ontour.de\/wordpress\/index.php\/2008-04-28\/\">page<\/a>\u00a0&#8211;\u00a0<a href=\"https:\/\/welcome-ontour.de\/wordpress\/index.php\/2008-04-29\/\">moab<\/a>\u00a0&#8211;\u00a0<a href=\"https:\/\/welcome-ontour.de\/wordpress\/index.php\/2008-05-04\/\">colorado<\/a>\u00a0&#8211;\u00a0<a href=\"https:\/\/welcome-ontour.de\/wordpress\/index.php\/2008-05-06\/\">escalante<\/a>\u00a0&#8211;\u00a0<a href=\"https:\/\/welcome-ontour.de\/wordpress\/index.php\/2008-05-08\/\">toroweap<\/a>\u00a0&#8211;\u00a0<a href=\"https:\/\/welcome-ontour.de\/wordpress\/index.php\/2008-05-10\/\">alabama hills<\/a>\u00a0&#8211;\u00a0<a href=\"https:\/\/welcome-ontour.de\/wordpress\/index.php\/2008-05-11\/\">sequoia<\/a>\u00a0&#8211;\u00a0<a href=\"https:\/\/welcome-ontour.de\/wordpress\/index.php\/2008-05-12\/\">yosemite<\/a>\u00a0&#8211;\u00a0<a href=\"https:\/\/welcome-ontour.de\/wordpress\/index.php\/2008-05-15\/\">san francisco<\/a>\u00a0&#8211;\u00a0<a href=\"https:\/\/welcome-ontour.de\/wordpress\/index.php\/2008-05-16\/\">r\u00fcckflug<\/a>\u00a0&#8211;\u00a0<a href=\"https:\/\/welcome-ontour.de\/wordpress\/index.php\/2008-05-18-fazit\/\">fazit<\/a><\/span><span style=\"font-family: arial, helvetica, sans-serif; font-size: xx-large;\"><span style=\"font-size: small;\"><span style=\"font-size: x-small;\">\u00a0<\/span><\/span><\/span><\/p>\n<p style=\"text-align: center;\"><span style=\"font-size: 10pt;\"><a style=\"font-family: arial, helvetica, sans-serif; line-height: 1.3em;\" href=\"https:\/\/welcome-ontour.de\/wordpress\/index.php\/2008-05-08\">&lt; Zur\u00fcck<\/a><span style=\"font-family: arial, helvetica, sans-serif; line-height: 1.3em;\">\u00a0 \u00a0 \u00a0 \u00a0 \u00a0 \u00a0 \u00a0 \u00a0 \u00a0 \u00a0 \u00a0 \u00a0 \u00a0 \u00a0 \u00a0 \u00a0 \u00a0 \u00a0 \u00a0 \u00a0 \u00a0 \u00a0 \u00a0 \u00a0 \u00a0 \u00a0 \u00a0 \u00a0 \u00a0 \u00a0 \u00a0 \u00a0 \u00a0 \u00a0 \u00a0 \u00a0 \u00a0 \u00a0 \u00a0 \u00a0 \u00a0 \u00a0 \u00a0 \u00a0 \u00a0 \u00a0 \u00a0 \u00a0 \u00a0 \u00a0 \u00a0 \u00a0 \u00a0 \u00a0 \u00a0 \u00a0 \u00a0 \u00a0 \u00a0 \u00a0 \u00a0 \u00a0 \u00a0 \u00a0 \u00a0 \u00a0 \u00a0 \u00a0 \u00a0 \u00a0 \u00a0 \u00a0 \u00a0 \u00a0 \u00a0 \u00a0 \u00a0 \u00a0 \u00a0 \u00a0 \u00a0 \u00a0 \u00a0 \u00a0 \u00a0 \u00a0 \u00a0 \u00a0 \u00a0 \u00a0 \u00a0 \u00a0 \u00a0 \u00a0 \u00a0 \u00a0 \u00a0 \u00a0 \u00a0 \u00a0 \u00a0 \u00a0 \u00a0 <\/span><a style=\"font-family: arial, helvetica, sans-serif; line-height: 1.3em;\" href=\"https:\/\/welcome-ontour.de\/wordpress\/index.php\/2008-05-10\">Weiter &gt;<\/a><\/span><\/p>\n<p style=\"text-align: center;\"><strong style=\"line-height: 1.3em;\"><span style=\"font-family: arial, helvetica, sans-serif; font-size: medium;\">Fr 09.05.2008, 3.Woche, 16.Tag<\/span><\/strong><\/p>\n<p style=\"text-align: center;\"><strong><span style=\"font-family: arial, helvetica, sans-serif; font-size: medium;\">St.George \u2013 Las Vegas<\/span><\/strong><\/p>\n<p style=\"text-align: center;\"><span style=\"font-family: arial, helvetica, sans-serif; font-size: medium;\">\u00a0<\/span><\/p>\n<p style=\"text-align: center;\"><span style=\"font-family: arial, helvetica, sans-serif; font-size: medium;\">Um sieben stehen wir am B\u00fcfet des Hotelfr\u00fchst\u00fccks. Geht so, wohl auch weil wir so fr\u00fch da sind.<\/span><\/p>\n<p style=\"text-align: center;\"><span style=\"font-family: arial, helvetica, sans-serif; font-size: medium;\">Danach hei\u00dft es erstmal, das Auto einigerma\u00dfen zu entstauben.<\/span><\/p>\n<p style=\"text-align: center;\"><span style=\"font-family: arial, helvetica, sans-serif; font-size: medium;\">Um acht ist Start. Es folgt sogleich die schon lieb gewonnene Schussfahrt durch die Virgin Gorge.<\/span><\/p>\n<p style=\"text-align: center;\"><span style=\"font-family: arial, helvetica, sans-serif; font-size: medium;\">Ankunft in Nevada, also Uhren umstellen. Halb acht sind wir in Mesquite.<\/span><\/p>\n<p style=\"text-align: center;\"><span style=\"font-family: arial, helvetica, sans-serif; font-size: medium;\">Ich setz Uti im Walmart ab und will tanken fahren. Vor zwei Wochen $3,50, jetzt $3,80!<\/span><\/p>\n<p style=\"text-align: center;\"><span style=\"font-family: arial, helvetica, sans-serif; font-size: medium;\">Da gibt\u2019s nur eine Minimalspritze, in der Hoffnung, dass es in Las Vegas g\u00fcnstiger ist.<\/span><\/p>\n<p style=\"text-align: center;\"><span style=\"font-family: arial, helvetica, sans-serif; font-size: medium;\">Beim Walmart dauert\u2019s etwas l\u00e4nger als sonst, wir k\u00fcmmern uns gleich um die Geschenke f\u00fcr die Daheimgebliebenen.<\/span><\/p>\n<p style=\"text-align: center;\"><span style=\"font-family: arial, helvetica, sans-serif; font-size: medium;\">Halb elf sind wir wieder auf der Interstate. Schon seit gestern abend in St.George f\u00e4llt uns der Radiosender 97.1 angenehm auf.<\/span><\/p>\n<p style=\"text-align: center;\"><span style=\"font-family: arial, helvetica, sans-serif; font-size: medium;\">Echt erholsam, nach der ganzen Cowboy-Duselei mal wieder Yes, Cream oder die Allmans zu h\u00f6ren.<\/span><\/p>\n<p style=\"text-align: center;\"><span style=\"font-family: arial, helvetica, sans-serif; font-size: medium;\">Da wir morgen ganz fr\u00fch weg wollen, hab ich gestern paar Hotels im \u00e4ussersten Nordwesten von Las Vegas ausfindig gemacht.<\/span><\/p>\n<p style=\"text-align: center;\"><span style=\"font-family: arial, helvetica, sans-serif; font-size: medium;\">Wir lassen uns von TomTom zum Hampton Inn am Cascade Valley Drive lotsen.<\/span><\/p>\n<p style=\"text-align: center;\"><span style=\"font-family: arial, helvetica, sans-serif; font-size: medium;\">Sind punkt zw\u00f6lf da und beim Anblick des nagelneuen Hotels auf eine deftige Rate gefasst.<\/span><\/p>\n<p style=\"text-align: center;\"><span style=\"font-family: arial, helvetica, sans-serif; font-size: medium;\">Aber mit AAA bekommen wir hier ein sch\u00f6nes Zimmer mit zwei Queensize, Refri und Micro f\u00fcr $89+.<\/span><\/p>\n<p style=\"text-align: center;\"><span style=\"font-family: arial, helvetica, sans-serif; font-size: medium;\">Erstmal alles auf\u2019s Zimmer und einen kurzen Lunch. W-Lan funktioniert, wie in allen Unterk\u00fcnften bisher einwandfrei.<\/span><\/p>\n<p style=\"text-align: center;\"><span style=\"font-family: arial, helvetica, sans-serif; font-size: medium;\">Um eins fahren wir zum Strip, parken schwarz in irgendeiner Nebenstrasse am Wynn<\/span><\/p>\n<p style=\"text-align: center;\"><span style=\"font-family: arial, helvetica, sans-serif; font-size: medium;\">und wollen uns um Inga\u2019s Juicy-Klamotten k\u00fcmmern. Bei der Gr\u00f6\u00dfe der Fashion-Show-Mall ist das nicht in 10 min getan.<\/span><\/p>\n<p style=\"text-align: center;\"><span style=\"font-family: arial, helvetica, sans-serif; font-size: medium;\">Irgendwann sehen wir im Saks-Fifth-Avenue die Juicy Ecke, finden was passendes und dann nichts wie raus hier.<\/span><\/p>\n<p style=\"text-align: center;\"><span style=\"font-family: arial, helvetica, sans-serif; font-size: medium;\">Freiwillig w\u00fcrde uns hier niemand reinkriegen \u2026<\/span><\/p>\n<p style=\"text-align: center;\"><span style=\"font-family: arial, helvetica, sans-serif; font-size: medium;\">Zur\u00fcck zum hoffentlich noch nicht abgeschleppten Auto und jetzt noch ab zum Beltz Outlet am South Las Vegas Boulevard.<\/span><\/p>\n<p style=\"text-align: center;\"><span style=\"font-family: arial, helvetica, sans-serif; font-size: medium;\">Dabei machen wir Bekanntschaft mit dem Strip-Afternoon-Stau.<\/span><\/p>\n<p style=\"text-align: center;\"><span style=\"font-family: arial, helvetica, sans-serif; font-size: medium;\">\u00a0<\/span><\/p>\n<p style=\"text-align: center;\"><span style=\"font-family: arial, helvetica, sans-serif; font-size: medium;\"><img decoding=\"async\" class=\" size-full wp-image-3597\" title=\"Strip Stau\" src=\"https:\/\/welcome-ontour.de\/wordpress\/wp-content\/uploads\/2013\/01\/phoca_thumb_l_2008-05-09-1-stau.jpg\" width=\"620\" height=\"472\" border=\"0\" srcset=\"https:\/\/welcome-ontour.de\/wordpress\/wp-content\/uploads\/2013\/01\/phoca_thumb_l_2008-05-09-1-stau.jpg 620w, https:\/\/welcome-ontour.de\/wordpress\/wp-content\/uploads\/2013\/01\/phoca_thumb_l_2008-05-09-1-stau-300x228.jpg 300w\" sizes=\"(max-width: 620px) 100vw, 620px\" \/><\/span><\/p>\n<p style=\"text-align: center;\"><span style=\"font-family: arial, helvetica, sans-serif; font-size: medium;\">\u00a0<\/span><\/p>\n<p style=\"text-align: center;\"><span style=\"font-family: arial, helvetica, sans-serif; font-size: medium;\">Macht absolut keinen Spa\u00df und der Anblick der zahlreichen Baustellen erfreut uns auch nicht gerade.<\/span><\/p>\n<p style=\"text-align: center;\"><span style=\"font-family: arial, helvetica, sans-serif; font-size: medium;\">Erst am Las-Vegas-Schild gibt\u2019s wieder bessere Laune.<\/span><\/p>\n<p style=\"text-align: center;\"><span style=\"font-family: arial, helvetica, sans-serif; font-size: medium;\">\u00a0<\/span><\/p>\n<p style=\"text-align: center;\"><a href=\"https:\/\/welcome-ontour.de\/wordpress\/wp-content\/uploads\/2013\/01\/phoca_thumb_l_2008-05-09-2-sign.jpg\" target=\"_blank\" rel=\"noopener noreferrer\"><span style=\"font-family: arial, helvetica, sans-serif; font-size: medium;\"><img decoding=\"async\" class=\" size-full wp-image-3598\" title=\"Welcome To The Fabolous ...\" src=\"https:\/\/welcome-ontour.de\/wordpress\/wp-content\/uploads\/2013\/01\/phoca_thumb_l_2008-05-09-2-sign.jpg\" width=\"620\" height=\"470\" border=\"0\" srcset=\"https:\/\/welcome-ontour.de\/wordpress\/wp-content\/uploads\/2013\/01\/phoca_thumb_l_2008-05-09-2-sign.jpg 1220w, https:\/\/welcome-ontour.de\/wordpress\/wp-content\/uploads\/2013\/01\/phoca_thumb_l_2008-05-09-2-sign-300x227.jpg 300w, https:\/\/welcome-ontour.de\/wordpress\/wp-content\/uploads\/2013\/01\/phoca_thumb_l_2008-05-09-2-sign-1024x776.jpg 1024w, https:\/\/welcome-ontour.de\/wordpress\/wp-content\/uploads\/2013\/01\/phoca_thumb_l_2008-05-09-2-sign-768x582.jpg 768w\" sizes=\"(max-width: 620px) 100vw, 620px\" \/><\/span><\/a><\/p>\n<p style=\"text-align: center;\"><span style=\"font-family: arial, helvetica, sans-serif; font-size: medium;\">\u00a0<\/span><\/p>\n<p style=\"text-align: center;\"><span style=\"font-family: arial, helvetica, sans-serif; font-size: medium;\">An unserem altbekannten Outlet gibt\u2019s wenigstens Parkpl\u00e4tze, daf\u00fcr (wie hier \u00fcberall) Menschenmassen ohne Ende.<\/span><\/p>\n<p style=\"text-align: center;\"><span style=\"font-family: arial, helvetica, sans-serif; font-size: medium;\">Wir verabreden uns, in zwei Stunden wieder am Auto zu sein. Ich bin eigentlich schon nach 10 min fertig.<\/span><\/p>\n<p style=\"text-align: center;\"><span style=\"font-family: arial, helvetica, sans-serif; font-size: medium;\">Als wir halb f\u00fcnf das Gel\u00e4nde mit fast leeren Taschen verlassen, sind wir uns einig, dass wieder alles preislich angezogen hat.<\/span><\/p>\n<p style=\"text-align: center;\"><span style=\"font-family: arial, helvetica, sans-serif; font-size: medium;\">Die Rennerei hat selbst Uti nicht allzu viel Freude bereitet. Allein im Canyon bringt uns definitiv entschieden mehr!<\/span><\/p>\n<p style=\"text-align: center;\"><span style=\"font-family: arial, helvetica, sans-serif; font-size: medium;\">Wir fahren noch bei 7-eleven f\u00fcr $3,60 tanken und k\u00e4mpfen uns dann durch den Stau in den Nordwesten von Las Vegas.<\/span><\/p>\n<p style=\"text-align: center;\"><span style=\"font-family: arial, helvetica, sans-serif; font-size: medium;\">Wieder im Hampton hei\u00dft es Cafe und Cookies fassen und ab an den Pool.<\/span><\/p>\n<p style=\"text-align: center;\"><span style=\"font-family: arial, helvetica, sans-serif; font-size: medium;\">\u00a0<\/span><\/p>\n<p style=\"text-align: center;\"><a href=\"https:\/\/welcome-ontour.de\/wordpress\/wp-content\/uploads\/2013\/01\/phoca_thumb_l_2008-05-09-3-diner.jpg\" target=\"_blank\" rel=\"noopener noreferrer\"><span style=\"font-family: arial, helvetica, sans-serif; font-size: medium;\"><img decoding=\"async\" class=\" size-full wp-image-3599\" title=\"Room Diner\" src=\"https:\/\/welcome-ontour.de\/wordpress\/wp-content\/uploads\/2013\/01\/phoca_thumb_l_2008-05-09-3-diner.jpg\" width=\"620\" height=\"387\" border=\"0\" srcset=\"https:\/\/welcome-ontour.de\/wordpress\/wp-content\/uploads\/2013\/01\/phoca_thumb_l_2008-05-09-3-diner.jpg 1220w, https:\/\/welcome-ontour.de\/wordpress\/wp-content\/uploads\/2013\/01\/phoca_thumb_l_2008-05-09-3-diner-300x187.jpg 300w, https:\/\/welcome-ontour.de\/wordpress\/wp-content\/uploads\/2013\/01\/phoca_thumb_l_2008-05-09-3-diner-1024x640.jpg 1024w, https:\/\/welcome-ontour.de\/wordpress\/wp-content\/uploads\/2013\/01\/phoca_thumb_l_2008-05-09-3-diner-768x480.jpg 768w\" sizes=\"(max-width: 620px) 100vw, 620px\" \/><\/span><\/a><\/p>\n<p style=\"text-align: center;\"><span style=\"font-family: arial, helvetica, sans-serif; font-size: medium;\">\u00a0<\/span><\/p>\n<p style=\"text-align: center;\"><span style=\"font-family: arial, helvetica, sans-serif; font-size: medium;\">Danach gibt\u2019s ein Roomdiner und nach Tagebuch und Internet geht\u2019s heute schon vor zehn in die Queensizebeds.<\/span><\/p>\n<p style=\"text-align: center;\"><span style=\"font-family: arial, helvetica, sans-serif; font-size: medium;\">\u00a0<\/span><\/p>\n<p style=\"text-align: center;\"><span style=\"font-family: arial, helvetica, sans-serif; font-size: medium;\">Gefahrene Meilen \/ Kilometer:\u00a0 199 \/ 320<\/span><\/p>\n<p style=\"text-align: center;\"><span style=\"font-family: arial, helvetica, sans-serif; font-size: medium;\">\u00a0<\/span><\/p>\n<p style=\"text-align: center;\"><span style=\"font-family: arial, helvetica, sans-serif; font-size: medium;\">\u00dcbernachtung:\u00a0 <a href=\"http:\/\/www.hamptoninn.com\/en\/hp\/hotels\/index.jhtml?ctyhocn=LASSMHX\" target=\"_blank\" rel=\"noopener noreferrer\">hampton inn<\/a>, las vegas, $94\u00a0\u00a0 ****<\/span><\/p>\n<p style=\"text-align: center;\"><span style=\"font-family: arial, helvetica, sans-serif; font-size: medium;\">\u00a0<\/span><\/p>\n<p style=\"text-align: center;\"><span style=\"font-family: arial, helvetica, sans-serif; font-size: medium;\"> <span style=\"font-size: 10pt;\"><a style=\"font-family: arial, helvetica, sans-serif; line-height: 1.3em;\" href=\"https:\/\/welcome-ontour.de\/wordpress\/index.php\/2008-05-08\">&lt; Zur\u00fcck<\/a><span style=\"font-family: arial, helvetica, sans-serif; line-height: 1.3em;\">\u00a0 \u00a0 \u00a0 \u00a0 \u00a0 \u00a0 \u00a0 \u00a0 \u00a0 \u00a0 \u00a0 \u00a0 \u00a0 \u00a0 \u00a0 \u00a0 \u00a0 \u00a0 \u00a0 \u00a0 \u00a0 \u00a0 \u00a0 \u00a0 \u00a0 \u00a0 \u00a0 \u00a0 \u00a0 \u00a0 \u00a0 \u00a0 \u00a0 \u00a0 \u00a0 \u00a0 \u00a0 \u00a0 \u00a0 \u00a0 \u00a0 \u00a0 \u00a0 \u00a0 \u00a0 \u00a0 \u00a0 \u00a0 \u00a0 \u00a0 \u00a0 \u00a0 \u00a0 \u00a0 \u00a0 \u00a0 \u00a0 \u00a0 \u00a0 \u00a0 \u00a0 \u00a0 \u00a0 \u00a0 \u00a0 \u00a0 \u00a0 \u00a0 \u00a0 \u00a0 \u00a0 \u00a0 \u00a0 \u00a0 \u00a0 \u00a0 \u00a0 \u00a0 \u00a0 \u00a0 \u00a0 \u00a0 \u00a0 \u00a0 \u00a0 \u00a0 \u00a0 \u00a0 \u00a0 \u00a0 \u00a0 \u00a0 \u00a0 \u00a0 \u00a0 \u00a0 \u00a0 \u00a0 \u00a0 \u00a0 \u00a0 \u00a0 \u00a0 <\/span><a style=\"font-family: arial, helvetica, sans-serif; line-height: 1.3em;\" href=\"https:\/\/welcome-ontour.de\/wordpress\/index.php\/2008-05-10\">Weiter &gt;<\/a><\/span><\/span><\/p>\n","protected":false},"excerpt":{"rendered":"<p>prolog\u00a0&#8211;\u00a0hinflug\u00a0&#8211;\u00a0zion\u00a0&#8211;\u00a0page\u00a0&#8211;\u00a0moab\u00a0&#8211;\u00a0colorado\u00a0&#8211;\u00a0escalante\u00a0&#8211;\u00a0toroweap\u00a0&#8211;\u00a0alabama hills\u00a0&#8211;\u00a0sequoia\u00a0&#8211;\u00a0yosemite\u00a0&#8211;\u00a0san francisco\u00a0&#8211;\u00a0r\u00fcckflug\u00a0&#8211;\u00a0fazit\u00a0 &lt; Zur\u00fcck\u00a0 \u00a0 \u00a0 \u00a0 \u00a0 \u00a0 \u00a0 \u00a0 \u00a0 \u00a0 \u00a0 \u00a0 \u00a0 \u00a0 \u00a0 \u00a0 \u00a0 \u00a0 \u00a0 \u00a0 \u00a0 \u00a0 \u00a0 \u00a0 \u00a0 \u00a0 \u00a0 \u00a0 \u00a0 \u00a0 \u00a0 \u00a0 \u00a0 \u00a0 \u00a0 \u00a0 \u00a0 \u00a0 \u00a0 \u00a0 \u00a0 \u00a0 \u00a0 \u00a0 \u00a0 \u00a0 \u00a0 \u00a0 \u00a0 \u00a0 \u00a0 \u00a0 \u00a0 \u00a0 \u00a0 \u00a0 \u00a0 \u00a0 \u00a0 \u00a0 \u00a0 \u00a0 \u00a0 \u00a0 \u00a0 \u00a0 \u00a0 \u00a0 \u00a0 \u00a0 \u00a0 \u00a0 \u00a0 \u00a0 \u00a0 \u00a0 \u00a0 \u00a0 \u00a0 \u00a0 \u00a0 \u00a0 \u00a0 \u00a0 \u00a0 \u00a0 \u00a0 \u00a0 \u00a0 \u00a0 \u00a0 \u00a0 \u00a0 \u00a0 \u00a0 \u00a0 \u00a0 \u00a0 \u00a0 \u00a0 \u00a0 \u00a0 \u00a0 Weiter &gt; Fr 09.05.2008, 3.Woche, 16.Tag St.George \u2013 Las Vegas \u00a0 Um sieben stehen wir am B\u00fcfet des Hotelfr\u00fchst\u00fccks. Geht so, wohl auch weil wir so fr\u00fch da sind. Danach hei\u00dft es erstmal, das Auto einigerma\u00dfen zu entstauben. Um acht ist Start. Es folgt sogleich die schon lieb gewonnene Schussfahrt durch die Virgin Gorge. Ankunft in Nevada, also Uhren umstellen. Halb acht sind wir in Mesquite. Ich setz Uti im Walmart ab und will tanken fahren. Vor zwei Wochen $3,50, jetzt $3,80! Da gibt\u2019s nur eine Minimalspritze, in der Hoffnung, dass es in Las Vegas g\u00fcnstiger ist. Beim Walmart dauert\u2019s etwas l\u00e4nger als sonst, wir k\u00fcmmern uns gleich um die Geschenke f\u00fcr die Daheimgebliebenen. Halb elf sind wir wieder auf der Interstate. Schon seit gestern abend in St.George f\u00e4llt uns der Radiosender 97.1 angenehm auf. Echt erholsam, nach der ganzen Cowboy-Duselei mal wieder Yes, Cream oder die Allmans zu h\u00f6ren. Da wir morgen ganz fr\u00fch weg wollen, hab ich gestern paar Hotels im \u00e4ussersten Nordwesten von Las Vegas ausfindig gemacht. Wir lassen uns von TomTom zum Hampton Inn am Cascade Valley Drive lotsen. Sind punkt zw\u00f6lf da und beim Anblick des nagelneuen Hotels auf eine deftige Rate gefasst. Aber mit AAA bekommen wir hier ein sch\u00f6nes Zimmer mit zwei Queensize, Refri und Micro f\u00fcr $89+. Erstmal alles auf\u2019s Zimmer und einen kurzen Lunch. W-Lan funktioniert, wie in allen Unterk\u00fcnften bisher einwandfrei. Um eins fahren wir zum Strip, parken schwarz in irgendeiner Nebenstrasse am Wynn und wollen uns um Inga\u2019s Juicy-Klamotten k\u00fcmmern. Bei der Gr\u00f6\u00dfe der Fashion-Show-Mall ist das nicht in 10 min getan. Irgendwann sehen wir im Saks-Fifth-Avenue die Juicy Ecke, finden was passendes und dann nichts wie raus hier. Freiwillig w\u00fcrde uns hier niemand reinkriegen \u2026 Zur\u00fcck zum hoffentlich noch nicht abgeschleppten Auto und jetzt noch ab zum Beltz Outlet am South Las Vegas Boulevard. Dabei machen wir Bekanntschaft mit dem Strip-Afternoon-Stau. \u00a0 \u00a0 Macht absolut keinen Spa\u00df und der Anblick der zahlreichen Baustellen erfreut uns auch nicht gerade. Erst am Las-Vegas-Schild gibt\u2019s wieder bessere Laune. \u00a0 \u00a0 An unserem altbekannten Outlet gibt\u2019s wenigstens Parkpl\u00e4tze, daf\u00fcr (wie hier \u00fcberall) Menschenmassen ohne Ende. Wir verabreden uns, in zwei Stunden wieder am Auto zu sein. Ich bin eigentlich schon nach 10 min fertig. Als wir halb f\u00fcnf das Gel\u00e4nde mit fast leeren Taschen verlassen, sind wir uns einig, dass wieder alles preislich angezogen hat. Die Rennerei hat selbst Uti nicht allzu viel Freude bereitet. Allein im Canyon bringt uns definitiv entschieden mehr! Wir fahren noch bei 7-eleven f\u00fcr $3,60 tanken und k\u00e4mpfen uns dann durch den Stau in den Nordwesten von Las Vegas. Wieder im Hampton hei\u00dft es Cafe und Cookies fassen und ab an den Pool. \u00a0 \u00a0 Danach gibt\u2019s ein Roomdiner und nach Tagebuch und Internet geht\u2019s heute schon vor zehn in die Queensizebeds. \u00a0 Gefahrene Meilen \/ Kilometer:\u00a0 199 \/ 320 \u00a0 \u00dcbernachtung:\u00a0 hampton inn, las vegas, $94\u00a0\u00a0 **** \u00a0 &lt; Zur\u00fcck\u00a0 \u00a0 \u00a0 \u00a0 \u00a0 \u00a0 \u00a0 \u00a0 \u00a0 \u00a0 \u00a0 \u00a0 \u00a0 \u00a0 \u00a0 \u00a0 \u00a0 \u00a0 \u00a0 \u00a0 \u00a0 \u00a0 \u00a0 \u00a0 \u00a0 \u00a0 \u00a0 \u00a0 \u00a0 \u00a0 \u00a0 \u00a0 \u00a0 \u00a0 \u00a0 \u00a0 \u00a0 \u00a0 \u00a0 \u00a0 \u00a0 \u00a0 \u00a0 \u00a0 \u00a0 \u00a0 \u00a0 \u00a0 \u00a0 \u00a0 \u00a0 \u00a0 \u00a0 \u00a0 \u00a0 \u00a0 \u00a0 \u00a0 \u00a0 \u00a0 \u00a0 \u00a0 \u00a0 \u00a0 \u00a0 \u00a0 \u00a0 \u00a0 \u00a0 \u00a0 \u00a0 \u00a0 \u00a0 \u00a0 \u00a0 \u00a0 \u00a0 \u00a0 \u00a0 \u00a0 \u00a0 \u00a0 \u00a0 \u00a0 \u00a0 \u00a0 \u00a0 \u00a0 \u00a0 \u00a0 \u00a0 \u00a0 \u00a0 \u00a0 \u00a0 \u00a0 \u00a0 \u00a0 \u00a0 \u00a0 \u00a0 \u00a0 \u00a0 Weiter &gt;<\/p>\n","protected":false},"author":1,"featured_media":3597,"parent":0,"menu_order":9,"comment_status":"closed","ping_status":"closed","template":"","meta":{"footnotes":""},"class_list":["post-3600","page","type-page","status-publish","has-post-thumbnail","hentry"],"_links":{"self":[{"href":"https:\/\/welcome-ontour.de\/wordpress\/index.php\/wp-json\/wp\/v2\/pages\/3600","targetHints":{"allow":["GET"]}}],"collection":[{"href":"https:\/\/welcome-ontour.de\/wordpress\/index.php\/wp-json\/wp\/v2\/pages"}],"about":[{"href":"https:\/\/welcome-ontour.de\/wordpress\/index.php\/wp-json\/wp\/v2\/types\/page"}],"author":[{"embeddable":true,"href":"https:\/\/welcome-ontour.de\/wordpress\/index.php\/wp-json\/wp\/v2\/users\/1"}],"replies":[{"embeddable":true,"href":"https:\/\/welcome-ontour.de\/wordpress\/index.php\/wp-json\/wp\/v2\/comments?post=3600"}],"version-history":[{"count":2,"href":"https:\/\/welcome-ontour.de\/wordpress\/index.php\/wp-json\/wp\/v2\/pages\/3600\/revisions"}],"predecessor-version":[{"id":17299,"href":"https:\/\/welcome-ontour.de\/wordpress\/index.php\/wp-json\/wp\/v2\/pages\/3600\/revisions\/17299"}],"wp:featuredmedia":[{"embeddable":true,"href":"https:\/\/welcome-ontour.de\/wordpress\/index.php\/wp-json\/wp\/v2\/media\/3597"}],"wp:attachment":[{"href":"https:\/\/welcome-ontour.de\/wordpress\/index.php\/wp-json\/wp\/v2\/media?parent=3600"}],"curies":[{"name":"wp","href":"https:\/\/api.w.org\/{rel}","templated":true}]}}