{"id":3490,"date":"2013-01-08T13:05:50","date_gmt":"2013-01-08T13:05:50","guid":{"rendered":"https:\/\/welcome-ontour.de\/wordpress\/index.php\/2008-04-30\/"},"modified":"2022-06-30T23:07:29","modified_gmt":"2022-06-30T23:07:29","slug":"2008-04-30","status":"publish","type":"page","link":"https:\/\/welcome-ontour.de\/wordpress\/index.php\/2008-04-30\/","title":{"rendered":"2008 04 30"},"content":{"rendered":"<p style=\"text-align: center;\"><span style=\"font-family: arial, helvetica, sans-serif; font-size: 8pt;\"><a href=\"https:\/\/welcome-ontour.de\/wordpress\/index.php\/2008-04-23\/\">prolog<\/a>\u00a0&#8211;\u00a0<a href=\"https:\/\/welcome-ontour.de\/wordpress\/index.php\/2008-04-24\/\">hinflug<\/a>\u00a0&#8211;\u00a0<a href=\"https:\/\/welcome-ontour.de\/wordpress\/index.php\/2008-04-26\/\">zion<\/a>\u00a0&#8211;\u00a0<a href=\"https:\/\/welcome-ontour.de\/wordpress\/index.php\/2008-04-28\/\">page<\/a>\u00a0&#8211;\u00a0<a href=\"https:\/\/welcome-ontour.de\/wordpress\/index.php\/2008-04-29\/\">moab<\/a>\u00a0&#8211;\u00a0<a href=\"https:\/\/welcome-ontour.de\/wordpress\/index.php\/2008-05-04\/\">colorado<\/a>\u00a0&#8211;\u00a0<a href=\"https:\/\/welcome-ontour.de\/wordpress\/index.php\/2008-05-06\/\">escalante<\/a>\u00a0&#8211;\u00a0<a href=\"https:\/\/welcome-ontour.de\/wordpress\/index.php\/2008-05-08\/\">toroweap<\/a>\u00a0&#8211;\u00a0<a href=\"https:\/\/welcome-ontour.de\/wordpress\/index.php\/2008-05-10\/\">alabama hills<\/a>\u00a0&#8211;\u00a0<a href=\"https:\/\/welcome-ontour.de\/wordpress\/index.php\/2008-05-11\/\">sequoia<\/a>\u00a0&#8211;\u00a0<a href=\"https:\/\/welcome-ontour.de\/wordpress\/index.php\/2008-05-12\/\">yosemite<\/a>\u00a0&#8211;\u00a0<a href=\"https:\/\/welcome-ontour.de\/wordpress\/index.php\/2008-05-15\/\">san francisco<\/a>\u00a0&#8211;\u00a0<a href=\"https:\/\/welcome-ontour.de\/wordpress\/index.php\/2008-05-16\/\">r\u00fcckflug<\/a>\u00a0&#8211;\u00a0<a href=\"https:\/\/welcome-ontour.de\/wordpress\/index.php\/2008-05-18-fazit\/\">fazit<\/a><\/span><span style=\"font-family: arial, helvetica, sans-serif; font-size: xx-large;\"><span style=\"font-size: small;\"><span style=\"font-size: x-small;\">\u00a0<\/span><\/span><\/span><\/p>\n<p style=\"text-align: center;\"><span style=\"font-size: 10pt;\"><a style=\"font-family: arial, helvetica, sans-serif; line-height: 1.3em;\" href=\"https:\/\/welcome-ontour.de\/wordpress\/index.php\/2008-04-29\">&lt; Zur\u00fcck<\/a><span style=\"font-family: arial, helvetica, sans-serif; line-height: 1.3em;\">\u00a0 \u00a0 \u00a0 \u00a0 \u00a0 \u00a0 \u00a0 \u00a0 \u00a0 \u00a0 \u00a0 \u00a0 \u00a0 \u00a0 \u00a0 \u00a0 \u00a0 \u00a0 \u00a0 \u00a0 \u00a0 \u00a0 \u00a0 \u00a0 \u00a0 \u00a0 \u00a0 \u00a0 \u00a0 \u00a0 \u00a0 \u00a0 \u00a0 \u00a0 \u00a0 \u00a0 \u00a0 \u00a0 \u00a0 \u00a0 \u00a0 \u00a0 \u00a0 \u00a0 \u00a0 \u00a0 \u00a0 \u00a0 \u00a0 \u00a0 \u00a0 \u00a0 \u00a0 \u00a0 \u00a0 \u00a0 \u00a0 \u00a0 \u00a0 \u00a0 \u00a0 \u00a0 \u00a0 \u00a0 \u00a0 \u00a0 \u00a0 \u00a0 \u00a0 \u00a0 \u00a0 \u00a0 \u00a0 \u00a0 \u00a0 \u00a0 \u00a0 \u00a0 \u00a0 \u00a0 \u00a0 \u00a0 \u00a0 \u00a0 \u00a0 \u00a0 \u00a0 \u00a0 \u00a0 \u00a0 \u00a0 \u00a0 \u00a0 \u00a0 \u00a0 \u00a0 \u00a0 \u00a0 \u00a0 \u00a0 \u00a0 \u00a0 \u00a0 <\/span><a style=\"font-family: arial, helvetica, sans-serif; line-height: 1.3em;\" href=\"https:\/\/welcome-ontour.de\/wordpress\/index.php\/2008-05-01\">Weiter &gt;<\/a><\/span><\/p>\n<p style=\"text-align: center;\"><strong style=\"line-height: 1.3em;\"><span style=\"font-family: arial, helvetica, sans-serif; font-size: medium;\">Mi 30.04.2008, 1.Woche, 7.Tag<\/span><\/strong><\/p>\n<p style=\"text-align: center;\"><strong><span style=\"font-family: arial, helvetica, sans-serif; font-size: medium;\">Moab (Needles)<\/span><\/strong><\/p>\n<p style=\"text-align: center;\"><span style=\"font-family: arial, helvetica, sans-serif; font-size: medium;\">\u00a0<\/span><\/p>\n<p style=\"text-align: center;\"><span style=\"font-family: arial, helvetica, sans-serif; font-size: medium;\">Bis um sieben gut geschlafen. Fr\u00fchst\u00fcck gibt\u2019s heute im Sezuan an der Br\u00fccke. F\u00fcr $6 american breakfast all-you-can-eat.<\/span><\/p>\n<p style=\"text-align: center;\"><span style=\"font-family: arial, helvetica, sans-serif; font-size: medium;\">Gar nicht so schlecht, aber die AC bringt den Laden auf K\u00fchlzellentemperatur.<\/span><\/p>\n<p style=\"text-align: center;\"><span style=\"font-family: arial, helvetica, sans-serif; font-size: medium;\">Danach zur\u00fcck zum Hotel. Bine und Matti wollen in den Arches, wir in die Needles.<\/span><\/p>\n<p style=\"text-align: center;\"><span style=\"font-family: arial, helvetica, sans-serif; font-size: medium;\">Halb neun starten wir. Es dauert 90 min bis wir da sind.<\/span><\/p>\n<p style=\"text-align: center;\"><span style=\"font-family: arial, helvetica, sans-serif; font-size: medium;\">Machen unsere Fotos am Eingang des Canyonlands Nationalpark.<\/span><\/p>\n<p style=\"text-align: center;\"><span style=\"font-family: arial, helvetica, sans-serif; font-size: medium;\">\u00a0<\/span><\/p>\n<p style=\"text-align: center;\"><a href=\"https:\/\/welcome-ontour.de\/wordpress\/wp-content\/uploads\/2013\/01\/phoca_thumb_l_2008-04-30-1-np-entrance.jpg\" target=\"_blank\" rel=\"noopener noreferrer\"><span style=\"font-family: arial, helvetica, sans-serif; font-size: medium;\"><img decoding=\"async\" class=\" size-full wp-image-3483\" title=\"National Park Entrance\" src=\"https:\/\/welcome-ontour.de\/wordpress\/wp-content\/uploads\/2013\/01\/phoca_thumb_l_2008-04-30-1-np-entrance.jpg\" width=\"880\" height=\"199\" border=\"0\" srcset=\"https:\/\/welcome-ontour.de\/wordpress\/wp-content\/uploads\/2013\/01\/phoca_thumb_l_2008-04-30-1-np-entrance.jpg 1220w, https:\/\/welcome-ontour.de\/wordpress\/wp-content\/uploads\/2013\/01\/phoca_thumb_l_2008-04-30-1-np-entrance-300x68.jpg 300w, https:\/\/welcome-ontour.de\/wordpress\/wp-content\/uploads\/2013\/01\/phoca_thumb_l_2008-04-30-1-np-entrance-1024x232.jpg 1024w, https:\/\/welcome-ontour.de\/wordpress\/wp-content\/uploads\/2013\/01\/phoca_thumb_l_2008-04-30-1-np-entrance-768x174.jpg 768w\" sizes=\"(max-width: 880px) 100vw, 880px\" \/><\/span><\/a><\/p>\n<p style=\"text-align: center;\"><span style=\"font-family: arial, helvetica, sans-serif; font-size: medium;\">\u00a0<\/span><\/p>\n<p style=\"text-align: center;\"><span style=\"font-family: arial, helvetica, sans-serif; font-size: medium;\">Zuerst zum Visitorcenter, wo wir uns Karten-Material geben und beraten lassen.<\/span><\/p>\n<p style=\"text-align: center;\"><span style=\"font-family: arial, helvetica, sans-serif; font-size: medium;\">Wir fahren zum Squaw Flat Campground, wo der Trailhead unserer heutigen Tour sein wird.<\/span><\/p>\n<p style=\"text-align: center;\"><span style=\"font-family: arial, helvetica, sans-serif; font-size: medium;\">Wir durchwandern nacheinander Big Spring Canyon, Squaw Canyon und Lost Canyon.<\/span><\/p>\n<p style=\"text-align: center;\"><span style=\"font-family: arial, helvetica, sans-serif; font-size: medium;\">\u00a0<\/span><\/p>\n<p style=\"text-align: center;\"><a href=\"https:\/\/welcome-ontour.de\/wordpress\/wp-content\/uploads\/2013\/01\/phoca_thumb_l_2008-04-30-2-big-spring-canyon-1.jpg\" target=\"_blank\" rel=\"noopener noreferrer\"><span style=\"font-family: arial, helvetica, sans-serif; font-size: medium;\"><img decoding=\"async\" class=\" size-full wp-image-3484\" title=\"Big Spring Canyon\" src=\"https:\/\/welcome-ontour.de\/wordpress\/wp-content\/uploads\/2013\/01\/phoca_thumb_l_2008-04-30-2-big-spring-canyon-1.jpg\" width=\"620\" height=\"420\" border=\"0\" srcset=\"https:\/\/welcome-ontour.de\/wordpress\/wp-content\/uploads\/2013\/01\/phoca_thumb_l_2008-04-30-2-big-spring-canyon-1.jpg 1220w, https:\/\/welcome-ontour.de\/wordpress\/wp-content\/uploads\/2013\/01\/phoca_thumb_l_2008-04-30-2-big-spring-canyon-1-300x203.jpg 300w, https:\/\/welcome-ontour.de\/wordpress\/wp-content\/uploads\/2013\/01\/phoca_thumb_l_2008-04-30-2-big-spring-canyon-1-1024x694.jpg 1024w, https:\/\/welcome-ontour.de\/wordpress\/wp-content\/uploads\/2013\/01\/phoca_thumb_l_2008-04-30-2-big-spring-canyon-1-768x521.jpg 768w\" sizes=\"(max-width: 620px) 100vw, 620px\" \/><\/span><\/a><\/p>\n<p style=\"text-align: center;\"><span style=\"font-family: arial, helvetica, sans-serif; font-size: medium;\">\u00a0<\/span><\/p>\n<p style=\"text-align: center;\"><a href=\"https:\/\/welcome-ontour.de\/wordpress\/wp-content\/uploads\/2013\/01\/phoca_thumb_l_2008-04-30-3-big-spring-canyon-2.jpg\" target=\"_blank\" rel=\"noopener noreferrer\"><span style=\"font-family: arial, helvetica, sans-serif; font-size: medium;\"><img decoding=\"async\" class=\" size-full wp-image-3485\" title=\"Squaw Canyon\" src=\"https:\/\/welcome-ontour.de\/wordpress\/wp-content\/uploads\/2013\/01\/phoca_thumb_l_2008-04-30-3-big-spring-canyon-2.jpg\" width=\"620\" height=\"420\" border=\"0\" srcset=\"https:\/\/welcome-ontour.de\/wordpress\/wp-content\/uploads\/2013\/01\/phoca_thumb_l_2008-04-30-3-big-spring-canyon-2.jpg 1220w, https:\/\/welcome-ontour.de\/wordpress\/wp-content\/uploads\/2013\/01\/phoca_thumb_l_2008-04-30-3-big-spring-canyon-2-300x203.jpg 300w, https:\/\/welcome-ontour.de\/wordpress\/wp-content\/uploads\/2013\/01\/phoca_thumb_l_2008-04-30-3-big-spring-canyon-2-1024x694.jpg 1024w, https:\/\/welcome-ontour.de\/wordpress\/wp-content\/uploads\/2013\/01\/phoca_thumb_l_2008-04-30-3-big-spring-canyon-2-768x521.jpg 768w\" sizes=\"(max-width: 620px) 100vw, 620px\" \/><\/span><\/a><\/p>\n<p style=\"text-align: center;\"><span style=\"font-family: arial, helvetica, sans-serif; font-size: medium;\">\u00a0<\/span><\/p>\n<p style=\"text-align: center;\"><a href=\"https:\/\/welcome-ontour.de\/wordpress\/wp-content\/uploads\/2013\/01\/phoca_thumb_l_2008-04-30-4-big-spring-canyon-3.jpg\" target=\"_blank\" rel=\"noopener noreferrer\"><span style=\"font-family: arial, helvetica, sans-serif; font-size: medium;\"><img decoding=\"async\" class=\" size-full wp-image-3486\" title=\"Squaw Canyon\" src=\"https:\/\/welcome-ontour.de\/wordpress\/wp-content\/uploads\/2013\/01\/phoca_thumb_l_2008-04-30-4-big-spring-canyon-3.jpg\" width=\"620\" height=\"420\" border=\"0\" srcset=\"https:\/\/welcome-ontour.de\/wordpress\/wp-content\/uploads\/2013\/01\/phoca_thumb_l_2008-04-30-4-big-spring-canyon-3.jpg 1220w, https:\/\/welcome-ontour.de\/wordpress\/wp-content\/uploads\/2013\/01\/phoca_thumb_l_2008-04-30-4-big-spring-canyon-3-300x203.jpg 300w, https:\/\/welcome-ontour.de\/wordpress\/wp-content\/uploads\/2013\/01\/phoca_thumb_l_2008-04-30-4-big-spring-canyon-3-1024x694.jpg 1024w, https:\/\/welcome-ontour.de\/wordpress\/wp-content\/uploads\/2013\/01\/phoca_thumb_l_2008-04-30-4-big-spring-canyon-3-768x521.jpg 768w\" sizes=\"(max-width: 620px) 100vw, 620px\" \/><\/span><\/a><\/p>\n<p style=\"text-align: center;\"><span style=\"font-family: arial, helvetica, sans-serif; font-size: medium;\">\u00a0<\/span><\/p>\n<p style=\"text-align: center;\"><span style=\"font-family: arial, helvetica, sans-serif; font-size: medium;\">Dann f\u00fchrt uns der Weg wieder durch den Squaw Canyon zur\u00fcck zum Squaw Flat Campground.<\/span><\/p>\n<p style=\"text-align: center;\"><span style=\"font-family: arial, helvetica, sans-serif; font-size: medium;\">Insgesamt etwa 16 km entlang kleiner Flussl\u00e4ufe, \u00fcber Slickrock-Abschnitte und an einigen Abschnitten geht\u2019s nicht ohne Kletterei.<\/span><\/p>\n<p style=\"text-align: center;\"><span style=\"font-family: arial, helvetica, sans-serif; font-size: medium;\">Besonders der \u00dcbergang vom Big Spring- in den Squaw Canyon hat es in sich.<\/span><\/p>\n<p style=\"text-align: center;\"><span style=\"font-family: arial, helvetica, sans-serif; font-size: medium;\">Hier weht ein heftiger Wind und man mu\u00df aufpassen, nicht vom Fels geblasen zu werden.<\/span><\/p>\n<p style=\"text-align: center;\"><span style=\"font-family: arial, helvetica, sans-serif; font-size: medium;\">Ausnahmsweise ist mein Eigengewicht mal nicht von Nachteil.<\/span><\/p>\n<p style=\"text-align: center;\"><span style=\"font-family: arial, helvetica, sans-serif; font-size: medium;\">\u00a0<\/span><\/p>\n<p style=\"text-align: center;\"><a href=\"https:\/\/welcome-ontour.de\/wordpress\/wp-content\/uploads\/2013\/01\/phoca_thumb_l_2008-04-30-5-squaw-canyon-2.jpg\" target=\"_blank\" rel=\"noopener noreferrer\"><span style=\"font-family: arial, helvetica, sans-serif; font-size: medium;\"><img decoding=\"async\" class=\" size-full wp-image-3487\" title=\"\u00dcbergang Big Spring \/ Squaw Canyon\" src=\"https:\/\/welcome-ontour.de\/wordpress\/wp-content\/uploads\/2013\/01\/phoca_thumb_l_2008-04-30-5-squaw-canyon-2.jpg\" width=\"620\" height=\"420\" border=\"0\" srcset=\"https:\/\/welcome-ontour.de\/wordpress\/wp-content\/uploads\/2013\/01\/phoca_thumb_l_2008-04-30-5-squaw-canyon-2.jpg 1220w, https:\/\/welcome-ontour.de\/wordpress\/wp-content\/uploads\/2013\/01\/phoca_thumb_l_2008-04-30-5-squaw-canyon-2-300x203.jpg 300w, https:\/\/welcome-ontour.de\/wordpress\/wp-content\/uploads\/2013\/01\/phoca_thumb_l_2008-04-30-5-squaw-canyon-2-1024x694.jpg 1024w, https:\/\/welcome-ontour.de\/wordpress\/wp-content\/uploads\/2013\/01\/phoca_thumb_l_2008-04-30-5-squaw-canyon-2-768x521.jpg 768w\" sizes=\"(max-width: 620px) 100vw, 620px\" \/><\/span><\/a><\/p>\n<p style=\"text-align: center;\"><span style=\"font-family: arial, helvetica, sans-serif; font-size: medium;\">\u00a0<\/span><\/p>\n<p style=\"text-align: center;\"><span style=\"font-family: arial, helvetica, sans-serif; font-size: medium;\">Hier helfen wir einem \u00e4lteren amerikanischem Paar, die uns darauf hin dankbar zu sich nach San Francisco einladen.<\/span><\/p>\n<p style=\"text-align: center;\"><span style=\"font-family: arial, helvetica, sans-serif; font-size: medium;\">\u00a0<\/span><\/p>\n<p style=\"text-align: center;\"><span style=\"font-family: arial, helvetica, sans-serif; font-size: medium;\"><img decoding=\"async\" class=\" size-full wp-image-3488\" title=\"Squaw Canyon\" src=\"https:\/\/welcome-ontour.de\/wordpress\/wp-content\/uploads\/2013\/01\/phoca_thumb_l_2008-04-30-6-squaw-canyon-3.jpg\" width=\"620\" height=\"423\" border=\"0\" srcset=\"https:\/\/welcome-ontour.de\/wordpress\/wp-content\/uploads\/2013\/01\/phoca_thumb_l_2008-04-30-6-squaw-canyon-3.jpg 620w, https:\/\/welcome-ontour.de\/wordpress\/wp-content\/uploads\/2013\/01\/phoca_thumb_l_2008-04-30-6-squaw-canyon-3-300x205.jpg 300w\" sizes=\"(max-width: 620px) 100vw, 620px\" \/><\/span><\/p>\n<p style=\"text-align: center;\"><span style=\"font-family: arial, helvetica, sans-serif; font-size: medium;\">\u00a0<\/span><\/p>\n<p style=\"text-align: center;\"><a href=\"https:\/\/welcome-ontour.de\/wordpress\/wp-content\/uploads\/2013\/01\/phoca_thumb_l_2008-04-30-7-panorama-needles2.jpg\" target=\"_blank\" rel=\"noopener noreferrer\"><span style=\"font-family: arial, helvetica, sans-serif; font-size: medium;\"><img decoding=\"async\" class=\" size-full wp-image-3489\" title=\"Needles Panorama\" src=\"https:\/\/welcome-ontour.de\/wordpress\/wp-content\/uploads\/2013\/01\/phoca_thumb_l_2008-04-30-7-panorama-needles2.jpg\" width=\"880\" height=\"157\" border=\"0\" srcset=\"https:\/\/welcome-ontour.de\/wordpress\/wp-content\/uploads\/2013\/01\/phoca_thumb_l_2008-04-30-7-panorama-needles2.jpg 2000w, https:\/\/welcome-ontour.de\/wordpress\/wp-content\/uploads\/2013\/01\/phoca_thumb_l_2008-04-30-7-panorama-needles2-300x54.jpg 300w, https:\/\/welcome-ontour.de\/wordpress\/wp-content\/uploads\/2013\/01\/phoca_thumb_l_2008-04-30-7-panorama-needles2-1024x183.jpg 1024w, https:\/\/welcome-ontour.de\/wordpress\/wp-content\/uploads\/2013\/01\/phoca_thumb_l_2008-04-30-7-panorama-needles2-768x137.jpg 768w, https:\/\/welcome-ontour.de\/wordpress\/wp-content\/uploads\/2013\/01\/phoca_thumb_l_2008-04-30-7-panorama-needles2-1536x274.jpg 1536w, https:\/\/welcome-ontour.de\/wordpress\/wp-content\/uploads\/2013\/01\/phoca_thumb_l_2008-04-30-7-panorama-needles2-1568x280.jpg 1568w\" sizes=\"(max-width: 880px) 100vw, 880px\" \/><\/span><\/a><\/p>\n<p style=\"text-align: center;\"><span style=\"font-family: arial, helvetica, sans-serif; font-size: medium;\">\u00a0<\/span><\/p>\n<p style=\"text-align: center;\"><span style=\"font-family: arial, helvetica, sans-serif; font-size: medium;\">Geschlaucht erreichen wir nach sechs Stunden wieder unseren Ausgangspunkt.<\/span><\/p>\n<p style=\"text-align: center;\"><span style=\"font-family: arial, helvetica, sans-serif; font-size: medium;\">Bei der R\u00fcckfahrt nach Moab k\u00f6nnen wir sehr gut beobachten, wie sich im Norden eine Gewitterfront am Himmel aufbaut.<\/span><\/p>\n<p style=\"text-align: center;\"><span style=\"font-family: arial, helvetica, sans-serif; font-size: medium;\">Dichter an Moab entpuppt sich das ganze als Sandsturm.<\/span><\/p>\n<p style=\"text-align: center;\"><span style=\"font-family: arial, helvetica, sans-serif; font-size: medium;\">Noch ein kurzer Stopp am City Market. Uti holt Obst und ich f\u00fchre den Trailblazer zur Tr\u00e4nke.<\/span><\/p>\n<p style=\"text-align: center;\"><span style=\"font-family: arial, helvetica, sans-serif; font-size: medium;\">19:00 sind wir v\u00f6llig platt an der River Canyon Lodge. Draussen ist es noch immer sehr sandig.<\/span><\/p>\n<p style=\"text-align: center;\"><span style=\"font-family: arial, helvetica, sans-serif; font-size: medium;\">Bine und Matti warten schon auf uns. Heute gibt\u2019s \u00fcberbackene Toasts. Hunger und Durst sind ausreichend vorhanden.<\/span><\/p>\n<p style=\"text-align: center;\"><span style=\"font-family: arial, helvetica, sans-serif; font-size: medium;\">Als wir um zehn alle genug haben, gehen die Lichter aus.<\/span><\/p>\n<p style=\"text-align: center;\"><span style=\"font-family: arial, helvetica, sans-serif; font-size: medium;\">\u00a0<\/span><\/p>\n<p style=\"text-align: center;\"><span style=\"font-family: arial, helvetica, sans-serif; font-size: medium;\">Gefahrene Meilen \/ Kilometer:\u00a0 184 \/ 297<\/span><\/p>\n<p style=\"text-align: center;\"><span style=\"font-family: arial, helvetica, sans-serif; font-size: medium;\">\u00a0<\/span><\/p>\n<p style=\"text-align: center;\"><span style=\"font-family: arial, helvetica, sans-serif; font-size: medium;\">\u00dcbernachtung:\u00a0 <a href=\"http:\/\/www.rivercanyonlodge.com\/\" target=\"_blank\" rel=\"noopener noreferrer\">river canyon lodge<\/a>, moab, $78\u00a0\u00a0 ***<\/span><\/p>\n<p style=\"text-align: center;\"><span style=\"font-family: arial, helvetica, sans-serif; font-size: medium;\">\u00a0<\/span><\/p>\n<p style=\"text-align: center;\"><span style=\"font-size: 10pt;\"><a style=\"font-family: arial, helvetica, sans-serif; line-height: 1.3em;\" href=\"https:\/\/welcome-ontour.de\/wordpress\/index.php\/2008-04-29\">&lt; Zur\u00fcck<\/a><span style=\"font-family: arial, helvetica, sans-serif; line-height: 1.3em;\">\u00a0 \u00a0 \u00a0 \u00a0 \u00a0 \u00a0 \u00a0 \u00a0 \u00a0 \u00a0 \u00a0 \u00a0 \u00a0 \u00a0 \u00a0 \u00a0 \u00a0 \u00a0 \u00a0 \u00a0 \u00a0 \u00a0 \u00a0 \u00a0 \u00a0 \u00a0 \u00a0 \u00a0 \u00a0 \u00a0 \u00a0 \u00a0 \u00a0 \u00a0 \u00a0 \u00a0 \u00a0 \u00a0 \u00a0 \u00a0 \u00a0 \u00a0 \u00a0 \u00a0 \u00a0 \u00a0 \u00a0 \u00a0 \u00a0 \u00a0 \u00a0 \u00a0 \u00a0 \u00a0 \u00a0 \u00a0 \u00a0 \u00a0 \u00a0 \u00a0 \u00a0 \u00a0 \u00a0 \u00a0 \u00a0 \u00a0 \u00a0 \u00a0 \u00a0 \u00a0 \u00a0 \u00a0 \u00a0 \u00a0 \u00a0 \u00a0 \u00a0 \u00a0 \u00a0 \u00a0 \u00a0 \u00a0 \u00a0 \u00a0 \u00a0 \u00a0 \u00a0 \u00a0 \u00a0 \u00a0 \u00a0 \u00a0 \u00a0 \u00a0 \u00a0 \u00a0 \u00a0 \u00a0 \u00a0 \u00a0 \u00a0 \u00a0 \u00a0 <\/span><a style=\"font-family: arial, helvetica, sans-serif; line-height: 1.3em;\" href=\"https:\/\/welcome-ontour.de\/wordpress\/index.php\/2008-05-01\">Weiter &gt;<\/a><\/span><\/p>\n","protected":false},"excerpt":{"rendered":"<p>prolog\u00a0&#8211;\u00a0hinflug\u00a0&#8211;\u00a0zion\u00a0&#8211;\u00a0page\u00a0&#8211;\u00a0moab\u00a0&#8211;\u00a0colorado\u00a0&#8211;\u00a0escalante\u00a0&#8211;\u00a0toroweap\u00a0&#8211;\u00a0alabama hills\u00a0&#8211;\u00a0sequoia\u00a0&#8211;\u00a0yosemite\u00a0&#8211;\u00a0san francisco\u00a0&#8211;\u00a0r\u00fcckflug\u00a0&#8211;\u00a0fazit\u00a0 &lt; Zur\u00fcck\u00a0 \u00a0 \u00a0 \u00a0 \u00a0 \u00a0 \u00a0 \u00a0 \u00a0 \u00a0 \u00a0 \u00a0 \u00a0 \u00a0 \u00a0 \u00a0 \u00a0 \u00a0 \u00a0 \u00a0 \u00a0 \u00a0 \u00a0 \u00a0 \u00a0 \u00a0 \u00a0 \u00a0 \u00a0 \u00a0 \u00a0 \u00a0 \u00a0 \u00a0 \u00a0 \u00a0 \u00a0 \u00a0 \u00a0 \u00a0 \u00a0 \u00a0 \u00a0 \u00a0 \u00a0 \u00a0 \u00a0 \u00a0 \u00a0 \u00a0 \u00a0 \u00a0 \u00a0 \u00a0 \u00a0 \u00a0 \u00a0 \u00a0 \u00a0 \u00a0 \u00a0 \u00a0 \u00a0 \u00a0 \u00a0 \u00a0 \u00a0 \u00a0 \u00a0 \u00a0 \u00a0 \u00a0 \u00a0 \u00a0 \u00a0 \u00a0 \u00a0 \u00a0 \u00a0 \u00a0 \u00a0 \u00a0 \u00a0 \u00a0 \u00a0 \u00a0 \u00a0 \u00a0 \u00a0 \u00a0 \u00a0 \u00a0 \u00a0 \u00a0 \u00a0 \u00a0 \u00a0 \u00a0 \u00a0 \u00a0 \u00a0 \u00a0 \u00a0 Weiter &gt; Mi 30.04.2008, 1.Woche, 7.Tag Moab (Needles) \u00a0 Bis um sieben gut geschlafen. Fr\u00fchst\u00fcck gibt\u2019s heute im Sezuan an der Br\u00fccke. F\u00fcr $6 american breakfast all-you-can-eat. Gar nicht so schlecht, aber die AC bringt den Laden auf K\u00fchlzellentemperatur. Danach zur\u00fcck zum Hotel. Bine und Matti wollen in den Arches, wir in die Needles. Halb neun starten wir. Es dauert 90 min bis wir da sind. Machen unsere Fotos am Eingang des Canyonlands Nationalpark. \u00a0 \u00a0 Zuerst zum Visitorcenter, wo wir uns Karten-Material geben und beraten lassen. Wir fahren zum Squaw Flat Campground, wo der Trailhead unserer heutigen Tour sein wird. Wir durchwandern nacheinander Big Spring Canyon, Squaw Canyon und Lost Canyon. \u00a0 \u00a0 \u00a0 \u00a0 Dann f\u00fchrt uns der Weg wieder durch den Squaw Canyon zur\u00fcck zum Squaw Flat Campground. Insgesamt etwa 16 km entlang kleiner Flussl\u00e4ufe, \u00fcber Slickrock-Abschnitte und an einigen Abschnitten geht\u2019s nicht ohne Kletterei. Besonders der \u00dcbergang vom Big Spring- in den Squaw Canyon hat es in sich. Hier weht ein heftiger Wind und man mu\u00df aufpassen, nicht vom Fels geblasen zu werden. Ausnahmsweise ist mein Eigengewicht mal nicht von Nachteil. \u00a0 \u00a0 Hier helfen wir einem \u00e4lteren amerikanischem Paar, die uns darauf hin dankbar zu sich nach San Francisco einladen. \u00a0 \u00a0 \u00a0 Geschlaucht erreichen wir nach sechs Stunden wieder unseren Ausgangspunkt. Bei der R\u00fcckfahrt nach Moab k\u00f6nnen wir sehr gut beobachten, wie sich im Norden eine Gewitterfront am Himmel aufbaut. Dichter an Moab entpuppt sich das ganze als Sandsturm. Noch ein kurzer Stopp am City Market. Uti holt Obst und ich f\u00fchre den Trailblazer zur Tr\u00e4nke. 19:00 sind wir v\u00f6llig platt an der River Canyon Lodge. Draussen ist es noch immer sehr sandig. Bine und Matti warten schon auf uns. Heute gibt\u2019s \u00fcberbackene Toasts. Hunger und Durst sind ausreichend vorhanden. Als wir um zehn alle genug haben, gehen die Lichter aus. \u00a0 Gefahrene Meilen \/ Kilometer:\u00a0 184 \/ 297 \u00a0 \u00dcbernachtung:\u00a0 river canyon lodge, moab, $78\u00a0\u00a0 *** \u00a0 &lt; Zur\u00fcck\u00a0 \u00a0 \u00a0 \u00a0 \u00a0 \u00a0 \u00a0 \u00a0 \u00a0 \u00a0 \u00a0 \u00a0 \u00a0 \u00a0 \u00a0 \u00a0 \u00a0 \u00a0 \u00a0 \u00a0 \u00a0 \u00a0 \u00a0 \u00a0 \u00a0 \u00a0 \u00a0 \u00a0 \u00a0 \u00a0 \u00a0 \u00a0 \u00a0 \u00a0 \u00a0 \u00a0 \u00a0 \u00a0 \u00a0 \u00a0 \u00a0 \u00a0 \u00a0 \u00a0 \u00a0 \u00a0 \u00a0 \u00a0 \u00a0 \u00a0 \u00a0 \u00a0 \u00a0 \u00a0 \u00a0 \u00a0 \u00a0 \u00a0 \u00a0 \u00a0 \u00a0 \u00a0 \u00a0 \u00a0 \u00a0 \u00a0 \u00a0 \u00a0 \u00a0 \u00a0 \u00a0 \u00a0 \u00a0 \u00a0 \u00a0 \u00a0 \u00a0 \u00a0 \u00a0 \u00a0 \u00a0 \u00a0 \u00a0 \u00a0 \u00a0 \u00a0 \u00a0 \u00a0 \u00a0 \u00a0 \u00a0 \u00a0 \u00a0 \u00a0 \u00a0 \u00a0 \u00a0 \u00a0 \u00a0 \u00a0 \u00a0 \u00a0 \u00a0 Weiter &gt;<\/p>\n","protected":false},"author":1,"featured_media":3483,"parent":0,"menu_order":18,"comment_status":"closed","ping_status":"closed","template":"","meta":{"footnotes":""},"class_list":["post-3490","page","type-page","status-publish","has-post-thumbnail","hentry"],"_links":{"self":[{"href":"https:\/\/welcome-ontour.de\/wordpress\/index.php\/wp-json\/wp\/v2\/pages\/3490","targetHints":{"allow":["GET"]}}],"collection":[{"href":"https:\/\/welcome-ontour.de\/wordpress\/index.php\/wp-json\/wp\/v2\/pages"}],"about":[{"href":"https:\/\/welcome-ontour.de\/wordpress\/index.php\/wp-json\/wp\/v2\/types\/page"}],"author":[{"embeddable":true,"href":"https:\/\/welcome-ontour.de\/wordpress\/index.php\/wp-json\/wp\/v2\/users\/1"}],"replies":[{"embeddable":true,"href":"https:\/\/welcome-ontour.de\/wordpress\/index.php\/wp-json\/wp\/v2\/comments?post=3490"}],"version-history":[{"count":2,"href":"https:\/\/welcome-ontour.de\/wordpress\/index.php\/wp-json\/wp\/v2\/pages\/3490\/revisions"}],"predecessor-version":[{"id":17288,"href":"https:\/\/welcome-ontour.de\/wordpress\/index.php\/wp-json\/wp\/v2\/pages\/3490\/revisions\/17288"}],"wp:featuredmedia":[{"embeddable":true,"href":"https:\/\/welcome-ontour.de\/wordpress\/index.php\/wp-json\/wp\/v2\/media\/3483"}],"wp:attachment":[{"href":"https:\/\/welcome-ontour.de\/wordpress\/index.php\/wp-json\/wp\/v2\/media?parent=3490"}],"curies":[{"name":"wp","href":"https:\/\/api.w.org\/{rel}","templated":true}]}}