{"id":3441,"date":"2013-01-08T07:42:04","date_gmt":"2013-01-08T07:42:04","guid":{"rendered":"https:\/\/welcome-ontour.de\/wordpress\/index.php\/2008-04-25\/"},"modified":"2022-06-30T23:07:31","modified_gmt":"2022-06-30T23:07:31","slug":"2008-04-25","status":"publish","type":"page","link":"https:\/\/welcome-ontour.de\/wordpress\/index.php\/2008-04-25\/","title":{"rendered":"2008 04 25"},"content":{"rendered":"<p style=\"text-align: center;\"><span style=\"font-family: arial, helvetica, sans-serif; font-size: 8pt;\"><a href=\"https:\/\/welcome-ontour.de\/wordpress\/index.php\/2008-04-23\/\">prolog<\/a>\u00a0&#8211;\u00a0<a href=\"https:\/\/welcome-ontour.de\/wordpress\/index.php\/2008-04-24\/\">hinflug<\/a>\u00a0&#8211;\u00a0<a href=\"https:\/\/welcome-ontour.de\/wordpress\/index.php\/2008-04-26\/\">zion<\/a>\u00a0&#8211;\u00a0<a href=\"https:\/\/welcome-ontour.de\/wordpress\/index.php\/2008-04-28\/\">page<\/a>\u00a0&#8211;\u00a0<a href=\"https:\/\/welcome-ontour.de\/wordpress\/index.php\/2008-04-29\/\">moab<\/a>\u00a0&#8211;\u00a0<a href=\"https:\/\/welcome-ontour.de\/wordpress\/index.php\/2008-05-04\/\">colorado<\/a>\u00a0&#8211;\u00a0<a href=\"https:\/\/welcome-ontour.de\/wordpress\/index.php\/2008-05-06\/\">escalante<\/a>\u00a0&#8211;\u00a0<a href=\"https:\/\/welcome-ontour.de\/wordpress\/index.php\/2008-05-08\/\">toroweap<\/a>\u00a0&#8211;\u00a0<a href=\"https:\/\/welcome-ontour.de\/wordpress\/index.php\/2008-05-10\/\">alabama hills<\/a>\u00a0&#8211;\u00a0<a href=\"https:\/\/welcome-ontour.de\/wordpress\/index.php\/2008-05-11\/\">sequoia<\/a>\u00a0&#8211;\u00a0<a href=\"https:\/\/welcome-ontour.de\/wordpress\/index.php\/2008-05-12\/\">yosemite<\/a>\u00a0&#8211;\u00a0<a href=\"https:\/\/welcome-ontour.de\/wordpress\/index.php\/2008-05-15\/\">san francisco<\/a>\u00a0&#8211;\u00a0<a href=\"https:\/\/welcome-ontour.de\/wordpress\/index.php\/2008-05-16\/\">r\u00fcckflug<\/a>\u00a0&#8211;\u00a0<a href=\"https:\/\/welcome-ontour.de\/wordpress\/index.php\/2008-05-18-fazit\/\">fazit<\/a><\/span><span style=\"font-family: arial, helvetica, sans-serif; font-size: xx-large;\"><span style=\"font-size: small;\"><span style=\"font-size: x-small;\">\u00a0<\/span><\/span><\/span><\/p>\n<p style=\"text-align: center;\"><span style=\"font-size: 10pt;\"><a style=\"font-family: arial, helvetica, sans-serif; line-height: 1.3em;\" href=\"https:\/\/welcome-ontour.de\/wordpress\/index.php\/2008-04-24\">&lt; Zur\u00fcck<\/a><span style=\"font-family: arial, helvetica, sans-serif; line-height: 1.3em;\">\u00a0 \u00a0 \u00a0 \u00a0 \u00a0 \u00a0 \u00a0 \u00a0 \u00a0 \u00a0 \u00a0 \u00a0 \u00a0 \u00a0 \u00a0 \u00a0 \u00a0 \u00a0 \u00a0 \u00a0 \u00a0 \u00a0 \u00a0 \u00a0 \u00a0 \u00a0 \u00a0 \u00a0 \u00a0 \u00a0 \u00a0 \u00a0 \u00a0 \u00a0 \u00a0 \u00a0 \u00a0 \u00a0 \u00a0 \u00a0 \u00a0 \u00a0 \u00a0 \u00a0 \u00a0 \u00a0 \u00a0 \u00a0 \u00a0 \u00a0 \u00a0 \u00a0 \u00a0 \u00a0 \u00a0 \u00a0 \u00a0 \u00a0 \u00a0 \u00a0 \u00a0 \u00a0 \u00a0 \u00a0 \u00a0 \u00a0 \u00a0 \u00a0 \u00a0 \u00a0 \u00a0 \u00a0 \u00a0 \u00a0 \u00a0 \u00a0 \u00a0 \u00a0 \u00a0 \u00a0 \u00a0 \u00a0 \u00a0 \u00a0 \u00a0 \u00a0 \u00a0 \u00a0 \u00a0 \u00a0 \u00a0 \u00a0 \u00a0 \u00a0 \u00a0 \u00a0 \u00a0 \u00a0 \u00a0 \u00a0 \u00a0 \u00a0 \u00a0 <\/span><a style=\"font-family: arial, helvetica, sans-serif; line-height: 1.3em;\" href=\"https:\/\/welcome-ontour.de\/wordpress\/index.php\/2008-04-26\">Weiter &gt;<\/a><\/span><\/p>\n<p style=\"text-align: center;\"><span style=\"font-family: arial, helvetica, sans-serif; font-size: medium;\">\u00a0<\/span><\/p>\n<p style=\"text-align: center;\"><strong><span style=\"font-family: arial, helvetica, sans-serif; font-size: medium;\">Fr 25.04.2008, 1.Woche, 2.Tag<\/span><\/strong><\/p>\n<p style=\"text-align: center;\"><strong><span style=\"font-family: arial, helvetica, sans-serif; font-size: medium;\">Los Angeles \u2013 Springdale<\/span><\/strong><\/p>\n<p style=\"text-align: center;\"><span style=\"font-family: arial, helvetica, sans-serif; font-size: medium;\">\u00a0<\/span><\/p>\n<p style=\"text-align: center;\"><span style=\"font-family: arial, helvetica, sans-serif; font-size: medium;\">Ab halb vier geht nichts mehr mit schlafen. Halb f\u00fcnf haben wir alles im Auto.<\/span><\/p>\n<p style=\"text-align: center;\"><span style=\"font-family: arial, helvetica, sans-serif; font-size: medium;\">Im Dunkeln wimmelt\u2019s hier auch von entsprechenden Gestalten.<\/span><\/p>\n<p style=\"text-align: center;\"><span style=\"font-family: arial, helvetica, sans-serif; font-size: medium;\">Der Volltreffer ist die Unterkunft und die ganze Area rings um den LAX nun wirklich nicht.<\/span><\/p>\n<p style=\"text-align: center;\"><span style=\"font-family: arial, helvetica, sans-serif; font-size: medium;\">Zu allem \u00dcberfluss hat TomTom auch nach zehn Minuten noch keinen Satelliten gefunden.<\/span><\/p>\n<p style=\"text-align: center;\"><span style=\"font-family: arial, helvetica, sans-serif; font-size: medium;\">Erst ein Reset hilft\u00a0 dem m\u00fcden Holl\u00e4nder auf die Spr\u00fcnge.<\/span><\/p>\n<p style=\"text-align: center;\"><span style=\"font-family: arial, helvetica, sans-serif; font-size: medium;\">Als wir durchs noch n\u00e4chtliche Los Angeles starten, ist es empfindlich kalt.<\/span><\/p>\n<p style=\"text-align: center;\"><span style=\"font-family: arial, helvetica, sans-serif; font-size: medium;\">Durch das Interstate-Gewirr, vorbei an Downtown sind wir schnell und problemlos auf der I-10, Richtung San Bernadino.<\/span><\/p>\n<p style=\"text-align: center;\"><span style=\"font-family: arial, helvetica, sans-serif; font-size: medium;\">Nach einer Stunde stoppen wir in der N\u00e4he des Ontario Airport.<\/span><\/p>\n<p style=\"text-align: center;\"><span style=\"font-family: arial, helvetica, sans-serif; font-size: medium;\">Dort lassen wir uns vom Navi zum n\u00e4chsten <a href=\"http:\/\/www.dennys.com\/\" target=\"_blank\" rel=\"noopener noreferrer\">Dennys<\/a> f\u00fchren und genehmigen uns ein einst\u00fcndiges Breakfast.<\/span><\/p>\n<p style=\"text-align: center;\"><span style=\"font-family: arial, helvetica, sans-serif; font-size: medium;\">Die Hashbrownes schmecken schon beim bestellen das erste Mal.<\/span><\/p>\n<p style=\"text-align: center;\"><span style=\"font-family: arial, helvetica, sans-serif; font-size: medium;\">Um sieben sind wir wieder in der Spur. Gut, dass wir den Moloch LA schon so fr\u00fch hinter uns gelassen haben.<\/span><\/p>\n<p style=\"text-align: center;\"><span style=\"font-family: arial, helvetica, sans-serif; font-size: medium;\">Die Autobahn ist jetzt entschieden voller. In San Bernadino verlassen wir die I-10 und fahren nordw\u00e4rts \u00fcber Barstow,<\/span><\/p>\n<p style=\"text-align: center;\"><span style=\"font-family: arial, helvetica, sans-serif; font-size: medium;\">Baker und Primm nach Las Vegas, welches wir um elf erreichen.<\/span><\/p>\n<p style=\"text-align: center;\"><span style=\"font-family: arial, helvetica, sans-serif; font-size: medium;\">Die Stadt macht zunehmend den Eindruck einer riesigen Baustelle.<\/span><\/p>\n<p style=\"text-align: center;\"><span style=\"font-family: arial, helvetica, sans-serif; font-size: medium;\">Im Nordosten, bei Nellis Airforce Base fahren wir ab und tanken f\u00fcr $3,65 die Autos voll.<\/span><\/p>\n<p style=\"text-align: center;\"><span style=\"font-family: arial, helvetica, sans-serif; font-size: medium;\">Die 4,2l des Trailblazer genehmigen sich einen ordentlichen Schluck. Mattis Equinox hat eine Gallone weniger verbraucht.<\/span><\/p>\n<p style=\"text-align: center;\"><span style=\"font-family: arial, helvetica, sans-serif; font-size: medium;\">Um zw\u00f6lf fahren wir in Mesquite das n\u00e4chste Mal von der Piste, essen beim Kanton-Chinesen all-you-can-eat,<\/span><\/p>\n<p style=\"text-align: center;\"><span style=\"font-family: arial, helvetica, sans-serif; font-size: medium;\">verbringen eine disziplinierte Stunde im Walmart und stopfen f\u00fcr $200 die Autos voll.<\/span><\/p>\n<p style=\"text-align: center;\"><span style=\"font-family: arial, helvetica, sans-serif; font-size: medium;\">\u00a0<\/span><\/p>\n<p style=\"text-align: center;\"><span style=\"font-family: arial, helvetica, sans-serif; font-size: medium;\"><img decoding=\"async\" class=\" size-full wp-image-3437\" title=\"Walmart Mesquite\" src=\"https:\/\/welcome-ontour.de\/wordpress\/wp-content\/uploads\/2013\/01\/phoca_thumb_l_2008-04-25-1-mesq-walmart.jpg\" width=\"620\" height=\"350\" border=\"0\" srcset=\"https:\/\/welcome-ontour.de\/wordpress\/wp-content\/uploads\/2013\/01\/phoca_thumb_l_2008-04-25-1-mesq-walmart.jpg 620w, https:\/\/welcome-ontour.de\/wordpress\/wp-content\/uploads\/2013\/01\/phoca_thumb_l_2008-04-25-1-mesq-walmart-300x169.jpg 300w\" sizes=\"(max-width: 620px) 100vw, 620px\" \/><\/span><\/p>\n<p style=\"text-align: center;\"><span style=\"font-family: arial, helvetica, sans-serif; font-size: medium;\">\u00a0<\/span><\/p>\n<p style=\"text-align: center;\"><span style=\"font-family: arial, helvetica, sans-serif; font-size: medium;\">Wieder auf der Interstate verlassen wir Nevada, passieren das Arizona-Welcome-Schild und erreichen den Eingang<\/span><\/p>\n<p style=\"text-align: center;\"><span style=\"font-family: arial, helvetica, sans-serif; font-size: medium;\">zur Virgin Schlucht. Immer wieder ein Erlebnis! In St.George ist die I-15 noch immer eine Baustelle.<\/span><\/p>\n<p style=\"text-align: center;\"><span style=\"font-family: arial, helvetica, sans-serif; font-size: medium;\">Kurz danach fahren wir auf den Highway 9, der uns nach Springdale f\u00fchrt.<\/span><\/p>\n<p style=\"text-align: center;\"><span style=\"font-family: arial, helvetica, sans-serif; font-size: medium;\">Bis Hurricane ist die Strasse jetzt zweispurig ausgebaut, was ein z\u00fcgiges Vorankommen garantiert.<\/span><\/p>\n<p style=\"text-align: center;\"><span style=\"font-family: arial, helvetica, sans-serif; font-size: medium;\">\u00a0<\/span><\/p>\n<p style=\"text-align: center;\"><span style=\"font-family: arial, helvetica, sans-serif; font-size: medium;\"><img decoding=\"async\" class=\" size-full wp-image-3438\" title=\"Highway 9 to Zion\" src=\"https:\/\/welcome-ontour.de\/wordpress\/wp-content\/uploads\/2013\/01\/phoca_thumb_l_2008-04-25-2-highway-9.jpg\" width=\"620\" height=\"334\" border=\"0\" srcset=\"https:\/\/welcome-ontour.de\/wordpress\/wp-content\/uploads\/2013\/01\/phoca_thumb_l_2008-04-25-2-highway-9.jpg 620w, https:\/\/welcome-ontour.de\/wordpress\/wp-content\/uploads\/2013\/01\/phoca_thumb_l_2008-04-25-2-highway-9-300x162.jpg 300w\" sizes=\"(max-width: 620px) 100vw, 620px\" \/><\/span><\/p>\n<p style=\"text-align: center;\"><span style=\"font-family: arial, helvetica, sans-serif; font-size: medium;\">\u00a0<\/span><\/p>\n<p style=\"text-align: center;\"><span style=\"font-family: arial, helvetica, sans-serif; font-size: medium;\"><img decoding=\"async\" class=\" size-full wp-image-3439\" title=\"Welcome to Springdale\" src=\"https:\/\/welcome-ontour.de\/wordpress\/wp-content\/uploads\/2013\/01\/phoca_thumb_l_2008-04-25-3-springdale.jpg\" width=\"620\" height=\"290\" border=\"0\" srcset=\"https:\/\/welcome-ontour.de\/wordpress\/wp-content\/uploads\/2013\/01\/phoca_thumb_l_2008-04-25-3-springdale.jpg 620w, https:\/\/welcome-ontour.de\/wordpress\/wp-content\/uploads\/2013\/01\/phoca_thumb_l_2008-04-25-3-springdale-300x140.jpg 300w\" sizes=\"(max-width: 620px) 100vw, 620px\" \/><\/span><\/p>\n<p style=\"text-align: center;\"><span style=\"font-family: arial, helvetica, sans-serif; font-size: medium;\">\u00a0<\/span><\/p>\n<p style=\"text-align: center;\"><span style=\"font-family: arial, helvetica, sans-serif; font-size: medium;\">16:00 fahren wir in Springdale ein. Die Sonne beleuchtet die Ostw\u00e4nde des Zion-Canyon rot.<\/span><\/p>\n<p style=\"text-align: center;\"><span style=\"font-family: arial, helvetica, sans-serif; font-size: medium;\">Irgendwie kommen wir uns vor, als wenn wir nach Hause kommen.<\/span><\/p>\n<p style=\"text-align: center;\"><span style=\"font-family: arial, helvetica, sans-serif; font-size: medium;\">\u00a0<\/span><\/p>\n<p style=\"text-align: center;\"><a href=\"https:\/\/welcome-ontour.de\/wordpress\/wp-content\/uploads\/2013\/01\/phoca_thumb_l_2008-04-25-4-springdale-panorama.jpg\" target=\"_blank\" rel=\"noopener noreferrer\"><span style=\"font-family: arial, helvetica, sans-serif; font-size: medium;\"><img decoding=\"async\" class=\" size-full wp-image-3440\" title=\"Back Home\" src=\"https:\/\/welcome-ontour.de\/wordpress\/wp-content\/uploads\/2013\/01\/phoca_thumb_l_2008-04-25-4-springdale-panorama.jpg\" width=\"880\" height=\"263\" border=\"0\" srcset=\"https:\/\/welcome-ontour.de\/wordpress\/wp-content\/uploads\/2013\/01\/phoca_thumb_l_2008-04-25-4-springdale-panorama.jpg 2000w, https:\/\/welcome-ontour.de\/wordpress\/wp-content\/uploads\/2013\/01\/phoca_thumb_l_2008-04-25-4-springdale-panorama-300x90.jpg 300w, https:\/\/welcome-ontour.de\/wordpress\/wp-content\/uploads\/2013\/01\/phoca_thumb_l_2008-04-25-4-springdale-panorama-1024x306.jpg 1024w, https:\/\/welcome-ontour.de\/wordpress\/wp-content\/uploads\/2013\/01\/phoca_thumb_l_2008-04-25-4-springdale-panorama-768x229.jpg 768w, https:\/\/welcome-ontour.de\/wordpress\/wp-content\/uploads\/2013\/01\/phoca_thumb_l_2008-04-25-4-springdale-panorama-1536x458.jpg 1536w, https:\/\/welcome-ontour.de\/wordpress\/wp-content\/uploads\/2013\/01\/phoca_thumb_l_2008-04-25-4-springdale-panorama-1568x468.jpg 1568w\" sizes=\"(max-width: 880px) 100vw, 880px\" \/><\/span><\/a><\/p>\n<p style=\"text-align: center;\"><span style=\"font-family: arial, helvetica, sans-serif; font-size: medium;\">\u00a0<\/span><\/p>\n<p style=\"text-align: center;\"><span style=\"font-family: arial, helvetica, sans-serif; font-size: medium;\">In der Cliffrose-Lodge begr\u00fc\u00dft man uns als Stammpublikum und wir bekommen zum vierten Mal hintereinander Room 16.<\/span><\/p>\n<p style=\"text-align: center;\"><span style=\"font-family: arial, helvetica, sans-serif; font-size: medium;\">Bei dem fantastischen Wetter liegen wir 10 min sp\u00e4ter am Pool und geniessen die Hot Tube.<\/span><\/p>\n<p style=\"text-align: center;\"><span style=\"font-family: arial, helvetica, sans-serif; font-size: medium;\">Nach dem langen Fahrtag ist das jetzt genau das richtige.<\/span><\/p>\n<p style=\"text-align: center;\"><span style=\"font-family: arial, helvetica, sans-serif; font-size: medium;\">Als die Sonne hinter dem White Thron verschwindet, verlassen wir die Pool-Area.<\/span><\/p>\n<p style=\"text-align: center;\"><span style=\"font-family: arial, helvetica, sans-serif; font-size: medium;\">Traditionell werden wir wieder von der aktuellen Uhrzeit \u00fcberrascht. Utah-Time, also ist\u2019s schon eine Stunde sp\u00e4ter.<\/span><\/p>\n<p style=\"text-align: center;\"><span style=\"font-family: arial, helvetica, sans-serif; font-size: medium;\">Wir genehmigen uns noch ein Abendessen aus der Coolbox, inklusive Corona und Budweiser. Dann geht\u2019s in die Zimmer.<\/span><\/p>\n<p style=\"text-align: center;\"><span style=\"font-family: arial, helvetica, sans-serif; font-size: medium;\">W-Lan funktioniert problemlos und schnell. Also noch paar Gr\u00fcsse nach Hause und um zehn geht\u2019s ins Bett.<\/span><\/p>\n<p style=\"text-align: center;\"><span style=\"font-family: arial, helvetica, sans-serif; font-size: medium;\">\u00a0<\/span><\/p>\n<p style=\"text-align: center;\"><span style=\"font-family: arial, helvetica, sans-serif; font-size: medium;\">Gefahrene Meilen \/ Kilometer:\u00a0 460 \/ 741<\/span><\/p>\n<p style=\"text-align: center;\"><span style=\"font-family: arial, helvetica, sans-serif; font-size: medium;\">\u00a0<\/span><\/p>\n<p style=\"text-align: center;\"><span style=\"font-family: arial, helvetica, sans-serif; font-size: medium;\">\u00dcbernachtung: \u00a0<a href=\"http:\/\/www.cliffroselodge.com\/\" target=\"_blank\" rel=\"noopener noreferrer\">cliffrose lodge<\/a>, springdale, $175\u00a0\u00a0 *****<\/span><\/p>\n<p style=\"text-align: center;\"><span style=\"font-family: arial, helvetica, sans-serif; font-size: medium;\">\u00a0<\/span><\/p>\n<p style=\"text-align: center;\"><span style=\"font-size: 10pt;\"><a style=\"font-family: arial, helvetica, sans-serif; line-height: 1.3em;\" href=\"https:\/\/welcome-ontour.de\/wordpress\/index.php\/2008-04-24\">&lt; Zur\u00fcck<\/a><span style=\"font-family: arial, helvetica, sans-serif; line-height: 1.3em;\">\u00a0 \u00a0 \u00a0 \u00a0 \u00a0 \u00a0 \u00a0 \u00a0 \u00a0 \u00a0 \u00a0 \u00a0 \u00a0 \u00a0 \u00a0 \u00a0 \u00a0 \u00a0 \u00a0 \u00a0 \u00a0 \u00a0 \u00a0 \u00a0 \u00a0 \u00a0 \u00a0 \u00a0 \u00a0 \u00a0 \u00a0 \u00a0 \u00a0 \u00a0 \u00a0 \u00a0 \u00a0 \u00a0 \u00a0 \u00a0 \u00a0 \u00a0 \u00a0 \u00a0 \u00a0 \u00a0 \u00a0 \u00a0 \u00a0 \u00a0 \u00a0 \u00a0 \u00a0 \u00a0 \u00a0 \u00a0 \u00a0 \u00a0 \u00a0 \u00a0 \u00a0 \u00a0 \u00a0 \u00a0 \u00a0 \u00a0 \u00a0 \u00a0 \u00a0 \u00a0 \u00a0 \u00a0 \u00a0 \u00a0 \u00a0 \u00a0 \u00a0 \u00a0 \u00a0 \u00a0 \u00a0 \u00a0 \u00a0 \u00a0 \u00a0 \u00a0 \u00a0 \u00a0 \u00a0 \u00a0 \u00a0 \u00a0 \u00a0 \u00a0 \u00a0 \u00a0 \u00a0 \u00a0 \u00a0 \u00a0 \u00a0 \u00a0 \u00a0 <\/span><a style=\"font-family: arial, helvetica, sans-serif; line-height: 1.3em;\" href=\"https:\/\/welcome-ontour.de\/wordpress\/index.php\/2008-04-26\">Weiter &gt;<\/a><\/span><\/p>\n","protected":false},"excerpt":{"rendered":"<p>prolog\u00a0&#8211;\u00a0hinflug\u00a0&#8211;\u00a0zion\u00a0&#8211;\u00a0page\u00a0&#8211;\u00a0moab\u00a0&#8211;\u00a0colorado\u00a0&#8211;\u00a0escalante\u00a0&#8211;\u00a0toroweap\u00a0&#8211;\u00a0alabama hills\u00a0&#8211;\u00a0sequoia\u00a0&#8211;\u00a0yosemite\u00a0&#8211;\u00a0san francisco\u00a0&#8211;\u00a0r\u00fcckflug\u00a0&#8211;\u00a0fazit\u00a0 &lt; Zur\u00fcck\u00a0 \u00a0 \u00a0 \u00a0 \u00a0 \u00a0 \u00a0 \u00a0 \u00a0 \u00a0 \u00a0 \u00a0 \u00a0 \u00a0 \u00a0 \u00a0 \u00a0 \u00a0 \u00a0 \u00a0 \u00a0 \u00a0 \u00a0 \u00a0 \u00a0 \u00a0 \u00a0 \u00a0 \u00a0 \u00a0 \u00a0 \u00a0 \u00a0 \u00a0 \u00a0 \u00a0 \u00a0 \u00a0 \u00a0 \u00a0 \u00a0 \u00a0 \u00a0 \u00a0 \u00a0 \u00a0 \u00a0 \u00a0 \u00a0 \u00a0 \u00a0 \u00a0 \u00a0 \u00a0 \u00a0 \u00a0 \u00a0 \u00a0 \u00a0 \u00a0 \u00a0 \u00a0 \u00a0 \u00a0 \u00a0 \u00a0 \u00a0 \u00a0 \u00a0 \u00a0 \u00a0 \u00a0 \u00a0 \u00a0 \u00a0 \u00a0 \u00a0 \u00a0 \u00a0 \u00a0 \u00a0 \u00a0 \u00a0 \u00a0 \u00a0 \u00a0 \u00a0 \u00a0 \u00a0 \u00a0 \u00a0 \u00a0 \u00a0 \u00a0 \u00a0 \u00a0 \u00a0 \u00a0 \u00a0 \u00a0 \u00a0 \u00a0 \u00a0 Weiter &gt; \u00a0 Fr 25.04.2008, 1.Woche, 2.Tag Los Angeles \u2013 Springdale \u00a0 Ab halb vier geht nichts mehr mit schlafen. Halb f\u00fcnf haben wir alles im Auto. Im Dunkeln wimmelt\u2019s hier auch von entsprechenden Gestalten. Der Volltreffer ist die Unterkunft und die ganze Area rings um den LAX nun wirklich nicht. Zu allem \u00dcberfluss hat TomTom auch nach zehn Minuten noch keinen Satelliten gefunden. Erst ein Reset hilft\u00a0 dem m\u00fcden Holl\u00e4nder auf die Spr\u00fcnge. Als wir durchs noch n\u00e4chtliche Los Angeles starten, ist es empfindlich kalt. Durch das Interstate-Gewirr, vorbei an Downtown sind wir schnell und problemlos auf der I-10, Richtung San Bernadino. Nach einer Stunde stoppen wir in der N\u00e4he des Ontario Airport. Dort lassen wir uns vom Navi zum n\u00e4chsten Dennys f\u00fchren und genehmigen uns ein einst\u00fcndiges Breakfast. Die Hashbrownes schmecken schon beim bestellen das erste Mal. Um sieben sind wir wieder in der Spur. Gut, dass wir den Moloch LA schon so fr\u00fch hinter uns gelassen haben. Die Autobahn ist jetzt entschieden voller. In San Bernadino verlassen wir die I-10 und fahren nordw\u00e4rts \u00fcber Barstow, Baker und Primm nach Las Vegas, welches wir um elf erreichen. Die Stadt macht zunehmend den Eindruck einer riesigen Baustelle. Im Nordosten, bei Nellis Airforce Base fahren wir ab und tanken f\u00fcr $3,65 die Autos voll. Die 4,2l des Trailblazer genehmigen sich einen ordentlichen Schluck. Mattis Equinox hat eine Gallone weniger verbraucht. Um zw\u00f6lf fahren wir in Mesquite das n\u00e4chste Mal von der Piste, essen beim Kanton-Chinesen all-you-can-eat, verbringen eine disziplinierte Stunde im Walmart und stopfen f\u00fcr $200 die Autos voll. \u00a0 \u00a0 Wieder auf der Interstate verlassen wir Nevada, passieren das Arizona-Welcome-Schild und erreichen den Eingang zur Virgin Schlucht. Immer wieder ein Erlebnis! In St.George ist die I-15 noch immer eine Baustelle. Kurz danach fahren wir auf den Highway 9, der uns nach Springdale f\u00fchrt. Bis Hurricane ist die Strasse jetzt zweispurig ausgebaut, was ein z\u00fcgiges Vorankommen garantiert. \u00a0 \u00a0 \u00a0 16:00 fahren wir in Springdale ein. Die Sonne beleuchtet die Ostw\u00e4nde des Zion-Canyon rot. Irgendwie kommen wir uns vor, als wenn wir nach Hause kommen. \u00a0 \u00a0 In der Cliffrose-Lodge begr\u00fc\u00dft man uns als Stammpublikum und wir bekommen zum vierten Mal hintereinander Room 16. Bei dem fantastischen Wetter liegen wir 10 min sp\u00e4ter am Pool und geniessen die Hot Tube. Nach dem langen Fahrtag ist das jetzt genau das richtige. Als die Sonne hinter dem White Thron verschwindet, verlassen wir die Pool-Area. Traditionell werden wir wieder von der aktuellen Uhrzeit \u00fcberrascht. Utah-Time, also ist\u2019s schon eine Stunde sp\u00e4ter. Wir genehmigen uns noch ein Abendessen aus der Coolbox, inklusive Corona und Budweiser. Dann geht\u2019s in die Zimmer. W-Lan funktioniert problemlos und schnell. Also noch paar Gr\u00fcsse nach Hause und um zehn geht\u2019s ins Bett. \u00a0 Gefahrene Meilen \/ Kilometer:\u00a0 460 \/ 741 \u00a0 \u00dcbernachtung: \u00a0cliffrose lodge, springdale, $175\u00a0\u00a0 ***** \u00a0 &lt; Zur\u00fcck\u00a0 \u00a0 \u00a0 \u00a0 \u00a0 \u00a0 \u00a0 \u00a0 \u00a0 \u00a0 \u00a0 \u00a0 \u00a0 \u00a0 \u00a0 \u00a0 \u00a0 \u00a0 \u00a0 \u00a0 \u00a0 \u00a0 \u00a0 \u00a0 \u00a0 \u00a0 \u00a0 \u00a0 \u00a0 \u00a0 \u00a0 \u00a0 \u00a0 \u00a0 \u00a0 \u00a0 \u00a0 \u00a0 \u00a0 \u00a0 \u00a0 \u00a0 \u00a0 \u00a0 \u00a0 \u00a0 \u00a0 \u00a0 \u00a0 \u00a0 \u00a0 \u00a0 \u00a0 \u00a0 \u00a0 \u00a0 \u00a0 \u00a0 \u00a0 \u00a0 \u00a0 \u00a0 \u00a0 \u00a0 \u00a0 \u00a0 \u00a0 \u00a0 \u00a0 \u00a0 \u00a0 \u00a0 \u00a0 \u00a0 \u00a0 \u00a0 \u00a0 \u00a0 \u00a0 \u00a0 \u00a0 \u00a0 \u00a0 \u00a0 \u00a0 \u00a0 \u00a0 \u00a0 \u00a0 \u00a0 \u00a0 \u00a0 \u00a0 \u00a0 \u00a0 \u00a0 \u00a0 \u00a0 \u00a0 \u00a0 \u00a0 \u00a0 \u00a0 Weiter &gt;<\/p>\n","protected":false},"author":1,"featured_media":3437,"parent":0,"menu_order":24,"comment_status":"closed","ping_status":"closed","template":"","meta":{"footnotes":""},"class_list":["post-3441","page","type-page","status-publish","has-post-thumbnail","hentry"],"_links":{"self":[{"href":"https:\/\/welcome-ontour.de\/wordpress\/index.php\/wp-json\/wp\/v2\/pages\/3441","targetHints":{"allow":["GET"]}}],"collection":[{"href":"https:\/\/welcome-ontour.de\/wordpress\/index.php\/wp-json\/wp\/v2\/pages"}],"about":[{"href":"https:\/\/welcome-ontour.de\/wordpress\/index.php\/wp-json\/wp\/v2\/types\/page"}],"author":[{"embeddable":true,"href":"https:\/\/welcome-ontour.de\/wordpress\/index.php\/wp-json\/wp\/v2\/users\/1"}],"replies":[{"embeddable":true,"href":"https:\/\/welcome-ontour.de\/wordpress\/index.php\/wp-json\/wp\/v2\/comments?post=3441"}],"version-history":[{"count":2,"href":"https:\/\/welcome-ontour.de\/wordpress\/index.php\/wp-json\/wp\/v2\/pages\/3441\/revisions"}],"predecessor-version":[{"id":17281,"href":"https:\/\/welcome-ontour.de\/wordpress\/index.php\/wp-json\/wp\/v2\/pages\/3441\/revisions\/17281"}],"wp:featuredmedia":[{"embeddable":true,"href":"https:\/\/welcome-ontour.de\/wordpress\/index.php\/wp-json\/wp\/v2\/media\/3437"}],"wp:attachment":[{"href":"https:\/\/welcome-ontour.de\/wordpress\/index.php\/wp-json\/wp\/v2\/media?parent=3441"}],"curies":[{"name":"wp","href":"https:\/\/api.w.org\/{rel}","templated":true}]}}