{"id":3436,"date":"2013-01-08T07:41:27","date_gmt":"2013-01-08T07:41:27","guid":{"rendered":"https:\/\/welcome-ontour.de\/wordpress\/index.php\/2008-04-24\/"},"modified":"2022-06-30T23:07:31","modified_gmt":"2022-06-30T23:07:31","slug":"2008-04-24","status":"publish","type":"page","link":"https:\/\/welcome-ontour.de\/wordpress\/index.php\/2008-04-24\/","title":{"rendered":"2008 04 24"},"content":{"rendered":"<p style=\"text-align: center;\"><span style=\"font-family: arial, helvetica, sans-serif; font-size: 8pt;\"><a href=\"https:\/\/welcome-ontour.de\/wordpress\/index.php\/2008-04-23\/\">prolog<\/a>\u00a0&#8211;\u00a0<a href=\"https:\/\/welcome-ontour.de\/wordpress\/index.php\/2008-04-24\/\">hinflug<\/a>\u00a0&#8211;\u00a0<a href=\"https:\/\/welcome-ontour.de\/wordpress\/index.php\/2008-04-26\/\">zion<\/a>\u00a0&#8211;\u00a0<a href=\"https:\/\/welcome-ontour.de\/wordpress\/index.php\/2008-04-28\/\">page<\/a>\u00a0&#8211;\u00a0<a href=\"https:\/\/welcome-ontour.de\/wordpress\/index.php\/2008-04-29\/\">moab<\/a>\u00a0&#8211;\u00a0<a href=\"https:\/\/welcome-ontour.de\/wordpress\/index.php\/2008-05-04\/\">colorado<\/a>\u00a0&#8211;\u00a0<a href=\"https:\/\/welcome-ontour.de\/wordpress\/index.php\/2008-05-06\/\">escalante<\/a>\u00a0&#8211;\u00a0<a href=\"https:\/\/welcome-ontour.de\/wordpress\/index.php\/2008-05-08\/\">toroweap<\/a>\u00a0&#8211;\u00a0<a href=\"https:\/\/welcome-ontour.de\/wordpress\/index.php\/2008-05-10\/\">alabama hills<\/a>\u00a0&#8211;\u00a0<a href=\"https:\/\/welcome-ontour.de\/wordpress\/index.php\/2008-05-11\/\">sequoia<\/a>\u00a0&#8211;\u00a0<a href=\"https:\/\/welcome-ontour.de\/wordpress\/index.php\/2008-05-12\/\">yosemite<\/a>\u00a0&#8211;\u00a0<a href=\"https:\/\/welcome-ontour.de\/wordpress\/index.php\/2008-05-15\/\">san francisco<\/a>\u00a0&#8211;\u00a0<a href=\"https:\/\/welcome-ontour.de\/wordpress\/index.php\/2008-05-16\/\">r\u00fcckflug<\/a>\u00a0&#8211;\u00a0<a href=\"https:\/\/welcome-ontour.de\/wordpress\/index.php\/2008-05-18-fazit\/\">fazit<\/a><\/span><span style=\"font-family: arial, helvetica, sans-serif; font-size: xx-large;\"><span style=\"font-size: small;\"><span style=\"font-size: x-small;\">\u00a0<\/span><\/span><\/span><\/p>\n<p style=\"text-align: center;\"><span style=\"font-size: 10pt;\"><a style=\"font-family: arial, helvetica, sans-serif; line-height: 1.3em;\" href=\"https:\/\/welcome-ontour.de\/wordpress\/index.php\/2008-04-23\/\">&lt; Zur\u00fcck<\/a><span style=\"font-family: arial, helvetica, sans-serif; line-height: 1.3em;\">\u00a0 \u00a0 \u00a0 \u00a0 \u00a0 \u00a0 \u00a0 \u00a0 \u00a0 \u00a0 \u00a0 \u00a0 \u00a0 \u00a0 \u00a0 \u00a0 \u00a0 \u00a0 \u00a0 \u00a0 \u00a0 \u00a0 \u00a0 \u00a0 \u00a0 \u00a0 \u00a0 \u00a0 \u00a0 \u00a0 \u00a0 \u00a0 \u00a0 \u00a0 \u00a0 \u00a0 \u00a0 \u00a0 \u00a0 \u00a0 \u00a0 \u00a0 \u00a0 \u00a0 \u00a0 \u00a0 \u00a0 \u00a0 \u00a0 \u00a0 \u00a0 \u00a0 \u00a0 \u00a0 \u00a0 \u00a0 \u00a0 \u00a0 \u00a0 \u00a0 \u00a0 \u00a0 \u00a0 \u00a0 \u00a0 \u00a0 \u00a0 \u00a0 \u00a0 \u00a0 \u00a0 \u00a0 \u00a0 \u00a0 \u00a0 \u00a0 \u00a0 \u00a0 \u00a0 \u00a0 \u00a0 \u00a0 \u00a0 \u00a0 \u00a0 \u00a0 \u00a0 \u00a0 \u00a0 \u00a0 \u00a0 \u00a0 \u00a0 \u00a0 \u00a0 \u00a0 \u00a0 \u00a0 \u00a0 \u00a0 \u00a0 \u00a0 \u00a0 <\/span><a style=\"font-family: arial, helvetica, sans-serif; line-height: 1.3em;\" href=\"https:\/\/welcome-ontour.de\/wordpress\/index.php\/2008-04-25\">Weiter &gt;<\/a><\/span><\/p>\n<p style=\"text-align: center;\"><span style=\"font-family: arial, helvetica, sans-serif; font-size: medium;\">\u00a0<\/span><\/p>\n<p style=\"text-align: center;\"><strong><span style=\"font-family: arial, helvetica, sans-serif; font-size: medium;\">Do 24.04.2008, 1.Woche, 1.Tag<\/span><\/strong><\/p>\n<p style=\"text-align: center;\"><strong><span style=\"font-family: arial, helvetica, sans-serif; font-size: medium;\">Berlin \u2013 Los Angeles<\/span><\/strong><\/p>\n<p style=\"text-align: center;\"><span style=\"font-family: arial, helvetica, sans-serif; font-size: medium;\">\u00a0<\/span><\/p>\n<p style=\"text-align: center;\"><span style=\"font-family: arial, helvetica, sans-serif; font-size: medium;\">Um sechs bringt uns Renate nach Oburg, von wo wir alle vier von Bonzo nach Tegel gebracht werden.<\/span><\/p>\n<p style=\"text-align: center;\"><span style=\"font-family: arial, helvetica, sans-serif; font-size: medium;\">Halb acht sind wir da, holen paar Zeitschriften und begeben uns um acht zum Boarding.<\/span><\/p>\n<p style=\"text-align: center;\"><span style=\"font-family: arial, helvetica, sans-serif; font-size: medium;\">Der Airbus 321 nach Frankfurt ist bis auf den letzten Platz gef\u00fcllt, fast nur Gesch\u00e4ftsleute.<\/span><span style=\"font-family: arial, helvetica, sans-serif; font-size: medium; line-height: 1.3em;\">\u00a0<\/span><\/p>\n<p style=\"text-align: center;\"><span style=\"font-family: arial, helvetica, sans-serif; font-size: medium;\">8:45 hebt Lufthansa 177 ab. Obwohl es f\u00fcr den kurzen Flug nicht so wichtig ist, f\u00e4llt uns der angenehme Sitzabstand auf.<\/span><\/p>\n<p style=\"text-align: center;\"><span style=\"font-family: arial, helvetica, sans-serif; font-size: medium;\">\u00a0<\/span><\/p>\n<p style=\"text-align: center;\"><span style=\"font-family: arial, helvetica, sans-serif; font-size: medium;\"><img decoding=\"async\" class=\" size-full wp-image-3432\" title=\"Lufthansa A321\" src=\"https:\/\/welcome-ontour.de\/wordpress\/wp-content\/uploads\/2013\/01\/phoca_thumb_l_2008-04-24-1-321-lufthansa-txl.jpg\" width=\"620\" height=\"309\" border=\"0\" srcset=\"https:\/\/welcome-ontour.de\/wordpress\/wp-content\/uploads\/2013\/01\/phoca_thumb_l_2008-04-24-1-321-lufthansa-txl.jpg 620w, https:\/\/welcome-ontour.de\/wordpress\/wp-content\/uploads\/2013\/01\/phoca_thumb_l_2008-04-24-1-321-lufthansa-txl-300x150.jpg 300w\" sizes=\"(max-width: 620px) 100vw, 620px\" \/><\/span><\/p>\n<p style=\"text-align: center;\"><span style=\"font-family: arial, helvetica, sans-serif; font-size: medium;\">\u00a0<\/span><\/p>\n<p style=\"text-align: center;\"><span style=\"font-family: arial, helvetica, sans-serif; font-size: medium;\">Flugdauer 50 min, da ist nur Zeit f\u00fcr ein Getr\u00e4nk. \u00a0In Frankfurt ist\u2019s recht easy. 90 min Umsteigezeit ist fast ideal.<\/span><\/p>\n<p style=\"text-align: center;\"><span style=\"font-family: arial, helvetica, sans-serif; font-size: medium;\">Wir gehen ziemlich sp\u00e4t zum Boarding, um dann nach kurzen 10 min in die 747 zu gelangen.<\/span><\/p>\n<p style=\"text-align: center;\"><span style=\"font-family: arial, helvetica, sans-serif; font-size: medium;\">Unsere Pl\u00e4tze 34 D-G sind gar nicht so \u00fcbel. Wir haben zwar einen Meter vor uns die Wand,<\/span><\/p>\n<p style=\"text-align: center;\"><span style=\"font-family: arial, helvetica, sans-serif; font-size: medium;\">aber daf\u00fcr etwas gr\u00f6\u00dfere Beinfreiheit. TV kucken funktioniert nur mit ausgerenktem Halswirbel, ist aber Nebensache.<\/span><\/p>\n<p style=\"text-align: center;\"><span style=\"font-family: arial, helvetica, sans-serif; font-size: medium;\">Um zw\u00f6lf startet die proppenvolle Lufthansa 450 mit dem Namen Hamburg. 20 min sp\u00e4ter als geplant.<\/span><\/p>\n<p style=\"text-align: center;\"><span style=\"font-family: arial, helvetica, sans-serif; font-size: medium;\">\u00a0<\/span><\/p>\n<p style=\"text-align: center;\"><span style=\"font-family: arial, helvetica, sans-serif; font-size: medium;\"><img decoding=\"async\" class=\" size-full wp-image-3433\" title=\"Lufthansa Jumbo 747\" src=\"https:\/\/welcome-ontour.de\/wordpress\/wp-content\/uploads\/2013\/01\/phoca_thumb_l_2008-04-24-2-747-lufthansa-fra.jpg\" width=\"620\" height=\"351\" border=\"0\" srcset=\"https:\/\/welcome-ontour.de\/wordpress\/wp-content\/uploads\/2013\/01\/phoca_thumb_l_2008-04-24-2-747-lufthansa-fra.jpg 620w, https:\/\/welcome-ontour.de\/wordpress\/wp-content\/uploads\/2013\/01\/phoca_thumb_l_2008-04-24-2-747-lufthansa-fra-300x170.jpg 300w\" sizes=\"(max-width: 620px) 100vw, 620px\" \/><\/span><\/p>\n<p style=\"text-align: center;\"><span style=\"font-family: arial, helvetica, sans-serif; font-size: medium;\">\u00a0<\/span><\/p>\n<p style=\"text-align: center;\"><span style=\"font-family: arial, helvetica, sans-serif; font-size: medium;\">\u00a0<\/span><span style=\"font-family: arial, helvetica, sans-serif; font-size: medium; line-height: 1.3em;\">Uhren neun Stunden zur\u00fcck auf California Time, zw\u00f6lf Uhr mittags auf drei Uhr nachts.<\/span><\/p>\n<p style=\"text-align: center;\"><span style=\"font-family: arial, helvetica, sans-serif; font-size: medium;\">Recht schnell gibt\u2019s Essen. Chicken or Pasta, wie immer.<\/span><\/p>\n<p style=\"text-align: center;\"><span style=\"font-family: arial, helvetica, sans-serif; font-size: medium;\">Danach gibt\u2019s Bier und Wein. Letzterer zeigt bei Uti auch gleich Wirkung.<\/span><\/p>\n<p style=\"text-align: center;\"><span style=\"font-family: arial, helvetica, sans-serif; font-size: medium;\">Trotzdem wir eigentlich noch gute Pl\u00e4tze haben, ist es mit dem Sitzen auch irgendwann Ebbe.<\/span><\/p>\n<p style=\"text-align: center;\"><span style=\"font-family: arial, helvetica, sans-serif; font-size: medium;\">Der Lufthansa-Service beschr\u00e4nkt sich auf das Servieren und Bereitstellen von Getr\u00e4nken, Salzgeb\u00e4ck und Toblerone.<\/span><\/p>\n<p style=\"text-align: center;\"><span style=\"font-family: arial, helvetica, sans-serif; font-size: medium;\">Alle 3-4 Stunden kommen die Stewardessen mit feuchten, heissen T\u00fcchern durch.<\/span><\/p>\n<p style=\"text-align: center;\"><span style=\"font-family: arial, helvetica, sans-serif; font-size: medium;\">Gegen zw\u00f6lf gibt\u2019s noch mal was zu futtern. Fisch oder Nudeln.<\/span><\/p>\n<p style=\"text-align: center;\"><span style=\"font-family: arial, helvetica, sans-serif; font-size: medium;\">Als wir auch das hinter uns haben, ist der dritte Kinofilm vorbei und man kann auf der nun eingeblendeten Karte<\/span><\/p>\n<p style=\"text-align: center;\"><span style=\"font-family: arial, helvetica, sans-serif; font-size: medium;\">seine aktuelle Position erkennen. Wir sind etwas westlich des Lake Tahoe. Die ganze Flugroute war sehr weit im Norden.<\/span><\/p>\n<p style=\"text-align: center;\"><span style=\"font-family: arial, helvetica, sans-serif; font-size: medium;\">Halb zwei beginnt der Landeanflug f\u00fcr den Los Angeles International Airport. \u00dcber St.Barbara geht\u2019s erst auf den Pazifik,<\/span><\/p>\n<p style=\"text-align: center;\"><span style=\"font-family: arial, helvetica, sans-serif; font-size: medium;\">dann von der Seeseite aus am LAX vorbei. 20 Meilen landeinw\u00e4rts stellen wir uns in der Luft an.<\/span><\/p>\n<p style=\"text-align: center;\"><span style=\"font-family: arial, helvetica, sans-serif; font-size: medium; line-height: 1.3em;\">14:30 Landung.<\/span><\/p>\n<p style=\"text-align: center;\"><span style=\"font-family: arial, helvetica, sans-serif; font-size: medium; line-height: 1.3em;\">\u00a0<\/span><\/p>\n<p style=\"text-align: center;\"><span style=\"font-family: arial, helvetica, sans-serif; font-size: medium; line-height: 1.3em;\"><img decoding=\"async\" class=\" size-full wp-image-3434\" title=\"Landung LAX\" src=\"https:\/\/welcome-ontour.de\/wordpress\/wp-content\/uploads\/2013\/01\/phoca_thumb_l_2008-04-24-3-747-lufthansa-lax.jpg\" width=\"620\" height=\"328\" border=\"0\" srcset=\"https:\/\/welcome-ontour.de\/wordpress\/wp-content\/uploads\/2013\/01\/phoca_thumb_l_2008-04-24-3-747-lufthansa-lax.jpg 620w, https:\/\/welcome-ontour.de\/wordpress\/wp-content\/uploads\/2013\/01\/phoca_thumb_l_2008-04-24-3-747-lufthansa-lax-300x159.jpg 300w\" sizes=\"(max-width: 620px) 100vw, 620px\" \/><\/span><\/p>\n<p style=\"text-align: center;\"><span style=\"font-family: arial, helvetica, sans-serif; font-size: medium; line-height: 1.3em;\">\u00a0<\/span><\/p>\n<p style=\"text-align: center;\"><span style=\"font-family: arial, helvetica, sans-serif; font-size: medium; line-height: 1.3em;\"> Immigration ist sehr voll, dauert fast eine Stunde. Gep\u00e4ck okay, ab zum Alamo-Shuttle.<\/span><\/p>\n<p style=\"text-align: center;\"><span style=\"font-family: arial, helvetica, sans-serif; font-size: medium;\">Welcome California! Die Temperatur ist angenehm. Sonnig, aber nicht zu warm.<\/span><\/p>\n<p style=\"text-align: center;\"><span style=\"font-family: arial, helvetica, sans-serif; font-size: medium;\">Bei Alamo ist es entgegen allen Bef\u00fcrchtungen fast leer. In f\u00fcnf Minuten sind die Formalit\u00e4ten erledigt.<\/span><\/p>\n<p style=\"text-align: center;\"><span style=\"font-family: arial, helvetica, sans-serif; font-size: medium;\">Dreimal laut und deutlich NO und gef\u00fchlte 20 Unterschriften.<\/span><\/p>\n<p style=\"text-align: center;\"><span style=\"font-family: arial, helvetica, sans-serif; font-size: medium;\">In der Choice Line die n\u00e4chste \u00dcberraschung. Neben 2 Kia\u2019s und diversen RAV4, stehen auch vier Equinox da.<\/span><\/p>\n<p style=\"text-align: center;\"><span style=\"font-family: arial, helvetica, sans-serif; font-size: medium;\">Wir schauen uns einen an. Leder-Ausstattung und AWD, aber die Bodenfreiheit \u2026<\/span><\/p>\n<p style=\"text-align: center;\"><span style=\"font-family: arial, helvetica, sans-serif; font-size: medium;\">In der Line bei den gro\u00dfen SUVs stehen nur gro\u00dfe Modelle ab Toyota 4Runner aufw\u00e4rts.<\/span><\/p>\n<p style=\"text-align: center;\"><span style=\"font-family: arial, helvetica, sans-serif; font-size: medium;\">Da kommt ein Trailblazer aus der Waschanlage. Ich frag den Alamo-Bediensteten, ob ich ihn haben kann.<\/span><\/p>\n<p style=\"text-align: center;\"><span style=\"font-family: arial, helvetica, sans-serif; font-size: medium;\">Zeig ihm meinen Midsize Vertrag. Er meint, dass doch da eigentlich genug stehen.<\/span><\/p>\n<p style=\"text-align: center;\"><span style=\"font-family: arial, helvetica, sans-serif; font-size: medium;\">Ich sag ihm, dass mir die alle nicht gefallen. Darauf er: \u201eOkay!\u201c<\/span><\/p>\n<p style=\"text-align: center;\"><span style=\"font-family: arial, helvetica, sans-serif; font-size: medium;\">Der schneewei\u00dfe\u00a0 Chevi hat 4000 mls auf dem Tacho.<\/span><\/p>\n<p style=\"text-align: center;\"><span style=\"font-family: arial, helvetica, sans-serif; font-size: medium;\">Bine und Matti haben sich f\u00fcr einen bourdeaux-roten Equinox mit heller Leder-Ausstattung entschieden.<\/span><\/p>\n<p style=\"text-align: center;\"><span style=\"font-family: arial, helvetica, sans-serif; font-size: medium;\">Sieht nicht schlecht aus.<\/span><\/p>\n<p style=\"text-align: center;\"><span style=\"font-family: arial, helvetica, sans-serif; font-size: medium;\">\u00a0<\/span><\/p>\n<p style=\"text-align: center;\"><span style=\"font-family: arial, helvetica, sans-serif; font-size: medium;\"><img decoding=\"async\" class=\" size-full wp-image-3435\" title=\"Trailblazer &amp; Equinox\" src=\"https:\/\/welcome-ontour.de\/wordpress\/wp-content\/uploads\/2013\/01\/phoca_thumb_l_2008-04-24-4-traibazer-equinox.jpg\" width=\"620\" height=\"321\" border=\"0\" srcset=\"https:\/\/welcome-ontour.de\/wordpress\/wp-content\/uploads\/2013\/01\/phoca_thumb_l_2008-04-24-4-traibazer-equinox.jpg 620w, https:\/\/welcome-ontour.de\/wordpress\/wp-content\/uploads\/2013\/01\/phoca_thumb_l_2008-04-24-4-traibazer-equinox-300x155.jpg 300w\" sizes=\"(max-width: 620px) 100vw, 620px\" \/><\/span><\/p>\n<p style=\"text-align: center;\"><span style=\"font-family: arial, helvetica, sans-serif; font-size: medium;\">\u00a0<\/span><\/p>\n<p style=\"text-align: center;\"><span style=\"font-family: arial, helvetica, sans-serif; font-size: medium;\">Dann die halbe Meile zur Travelodge. Dort bekommen wir unsere reservierten Rooms.<\/span><\/p>\n<p style=\"text-align: center;\"><span style=\"font-family: arial, helvetica, sans-serif; font-size: medium;\">Ger\u00e4umig, sauber und \u2026\u2026\u2026\u2026.. laut!<\/span><\/p>\n<p style=\"text-align: center;\"><span style=\"font-family: arial, helvetica, sans-serif; font-size: medium;\">Fahren noch Getr\u00e4nke und Obst kaufen. Ziemlich geschafft treffen wir uns abends auf unserem Balkon.<\/span><\/p>\n<p style=\"text-align: center;\"><span style=\"font-family: arial, helvetica, sans-serif; font-size: medium;\">Zu Nudelsuppe und Bananen gibt\u2019s eiskaltes Budweiser. Uti schl\u00e4ft schon beim quatschen ein.<\/span><\/p>\n<p style=\"text-align: center;\"><span style=\"font-family: arial, helvetica, sans-serif; font-size: medium;\">Danach ist der Tag vorbei. Wir wollen sehen, morgen so fr\u00fch wie m\u00f6glich weg zu kommen.<\/span><\/p>\n<p style=\"text-align: center;\"><span style=\"font-family: arial, helvetica, sans-serif; font-size: medium;\">Ich schmeiss noch den Laptop an. Hotel W-Lan nur mit Password. Dennys bietet den Einstieg gratis und ohne Hindernis.<\/span><\/p>\n<p style=\"text-align: center;\"><span style=\"font-family: arial, helvetica, sans-serif; font-size: medium;\">Um neun lieg auch ich flach.<\/span><\/p>\n<p style=\"text-align: center;\"><span style=\"font-family: arial, helvetica, sans-serif; font-size: medium;\">Noch eine \u00dcberraschung hielt der Tag bereit: Die Spritpreise, das billigste Regular $3,89!<\/span><\/p>\n<p style=\"text-align: center;\"><span style=\"font-family: arial, helvetica, sans-serif; font-size: medium;\">\u00a0<\/span><\/p>\n<p style=\"text-align: center;\"><span style=\"font-family: arial, helvetica, sans-serif; font-size: medium;\">Gefahrene Meilen \/ Kilometer:\u00a0 14 \/ 23<\/span><\/p>\n<p style=\"text-align: center;\"><span style=\"font-family: arial, helvetica, sans-serif; font-size: medium;\">\u00a0<\/span><\/p>\n<p style=\"text-align: center;\"><span style=\"font-family: arial, helvetica, sans-serif; font-size: medium;\">\u00dcbernachtung:\u00a0 <a href=\"http:\/\/www.travelodgelax.com\/\" target=\"_blank\" rel=\"noopener noreferrer\">travelodge at the airport<\/a>, los angeles, $94\u00a0\u00a0 **<\/span><\/p>\n<p style=\"text-align: center;\"><span style=\"font-family: arial, helvetica, sans-serif; font-size: medium;\">\u00a0<\/span><\/p>\n<p style=\"text-align: center;\"><span style=\"font-size: 10pt;\"><a style=\"font-family: arial, helvetica, sans-serif; line-height: 1.3em;\" href=\"https:\/\/welcome-ontour.de\/wordpress\/index.php\/2008-04-23\/\">&lt; Zur\u00fcck<\/a><span style=\"font-family: arial, helvetica, sans-serif; line-height: 1.3em;\">\u00a0 \u00a0 \u00a0 \u00a0 \u00a0 \u00a0 \u00a0 \u00a0 \u00a0 \u00a0 \u00a0 \u00a0 \u00a0 \u00a0 \u00a0 \u00a0 \u00a0 \u00a0 \u00a0 \u00a0 \u00a0 \u00a0 \u00a0 \u00a0 \u00a0 \u00a0 \u00a0 \u00a0 \u00a0 \u00a0 \u00a0 \u00a0 \u00a0 \u00a0 \u00a0 \u00a0 \u00a0 \u00a0 \u00a0 \u00a0 \u00a0 \u00a0 \u00a0 \u00a0 \u00a0 \u00a0 \u00a0 \u00a0 \u00a0 \u00a0 \u00a0 \u00a0 \u00a0 \u00a0 \u00a0 \u00a0 \u00a0 \u00a0 \u00a0 \u00a0 \u00a0 \u00a0 \u00a0 \u00a0 \u00a0 \u00a0 \u00a0 \u00a0 \u00a0 \u00a0 \u00a0 \u00a0 \u00a0 \u00a0 \u00a0 \u00a0 \u00a0 \u00a0 \u00a0 \u00a0 \u00a0 \u00a0 \u00a0 \u00a0 \u00a0 \u00a0 \u00a0 \u00a0 \u00a0 \u00a0 \u00a0 \u00a0 \u00a0 \u00a0 \u00a0 \u00a0 \u00a0 \u00a0 \u00a0 \u00a0 \u00a0 \u00a0 \u00a0 <\/span><a style=\"font-family: arial, helvetica, sans-serif; line-height: 1.3em;\" href=\"https:\/\/welcome-ontour.de\/wordpress\/index.php\/2008-04-25\">Weiter &gt;<\/a><\/span><\/p>\n","protected":false},"excerpt":{"rendered":"<p>prolog\u00a0&#8211;\u00a0hinflug\u00a0&#8211;\u00a0zion\u00a0&#8211;\u00a0page\u00a0&#8211;\u00a0moab\u00a0&#8211;\u00a0colorado\u00a0&#8211;\u00a0escalante\u00a0&#8211;\u00a0toroweap\u00a0&#8211;\u00a0alabama hills\u00a0&#8211;\u00a0sequoia\u00a0&#8211;\u00a0yosemite\u00a0&#8211;\u00a0san francisco\u00a0&#8211;\u00a0r\u00fcckflug\u00a0&#8211;\u00a0fazit\u00a0 &lt; Zur\u00fcck\u00a0 \u00a0 \u00a0 \u00a0 \u00a0 \u00a0 \u00a0 \u00a0 \u00a0 \u00a0 \u00a0 \u00a0 \u00a0 \u00a0 \u00a0 \u00a0 \u00a0 \u00a0 \u00a0 \u00a0 \u00a0 \u00a0 \u00a0 \u00a0 \u00a0 \u00a0 \u00a0 \u00a0 \u00a0 \u00a0 \u00a0 \u00a0 \u00a0 \u00a0 \u00a0 \u00a0 \u00a0 \u00a0 \u00a0 \u00a0 \u00a0 \u00a0 \u00a0 \u00a0 \u00a0 \u00a0 \u00a0 \u00a0 \u00a0 \u00a0 \u00a0 \u00a0 \u00a0 \u00a0 \u00a0 \u00a0 \u00a0 \u00a0 \u00a0 \u00a0 \u00a0 \u00a0 \u00a0 \u00a0 \u00a0 \u00a0 \u00a0 \u00a0 \u00a0 \u00a0 \u00a0 \u00a0 \u00a0 \u00a0 \u00a0 \u00a0 \u00a0 \u00a0 \u00a0 \u00a0 \u00a0 \u00a0 \u00a0 \u00a0 \u00a0 \u00a0 \u00a0 \u00a0 \u00a0 \u00a0 \u00a0 \u00a0 \u00a0 \u00a0 \u00a0 \u00a0 \u00a0 \u00a0 \u00a0 \u00a0 \u00a0 \u00a0 \u00a0 Weiter &gt; \u00a0 Do 24.04.2008, 1.Woche, 1.Tag Berlin \u2013 Los Angeles \u00a0 Um sechs bringt uns Renate nach Oburg, von wo wir alle vier von Bonzo nach Tegel gebracht werden. Halb acht sind wir da, holen paar Zeitschriften und begeben uns um acht zum Boarding. Der Airbus 321 nach Frankfurt ist bis auf den letzten Platz gef\u00fcllt, fast nur Gesch\u00e4ftsleute.\u00a0 8:45 hebt Lufthansa 177 ab. Obwohl es f\u00fcr den kurzen Flug nicht so wichtig ist, f\u00e4llt uns der angenehme Sitzabstand auf. \u00a0 \u00a0 Flugdauer 50 min, da ist nur Zeit f\u00fcr ein Getr\u00e4nk. \u00a0In Frankfurt ist\u2019s recht easy. 90 min Umsteigezeit ist fast ideal. Wir gehen ziemlich sp\u00e4t zum Boarding, um dann nach kurzen 10 min in die 747 zu gelangen. Unsere Pl\u00e4tze 34 D-G sind gar nicht so \u00fcbel. Wir haben zwar einen Meter vor uns die Wand, aber daf\u00fcr etwas gr\u00f6\u00dfere Beinfreiheit. TV kucken funktioniert nur mit ausgerenktem Halswirbel, ist aber Nebensache. Um zw\u00f6lf startet die proppenvolle Lufthansa 450 mit dem Namen Hamburg. 20 min sp\u00e4ter als geplant. \u00a0 \u00a0 \u00a0Uhren neun Stunden zur\u00fcck auf California Time, zw\u00f6lf Uhr mittags auf drei Uhr nachts. Recht schnell gibt\u2019s Essen. Chicken or Pasta, wie immer. Danach gibt\u2019s Bier und Wein. Letzterer zeigt bei Uti auch gleich Wirkung. Trotzdem wir eigentlich noch gute Pl\u00e4tze haben, ist es mit dem Sitzen auch irgendwann Ebbe. Der Lufthansa-Service beschr\u00e4nkt sich auf das Servieren und Bereitstellen von Getr\u00e4nken, Salzgeb\u00e4ck und Toblerone. Alle 3-4 Stunden kommen die Stewardessen mit feuchten, heissen T\u00fcchern durch. Gegen zw\u00f6lf gibt\u2019s noch mal was zu futtern. Fisch oder Nudeln. Als wir auch das hinter uns haben, ist der dritte Kinofilm vorbei und man kann auf der nun eingeblendeten Karte seine aktuelle Position erkennen. Wir sind etwas westlich des Lake Tahoe. Die ganze Flugroute war sehr weit im Norden. Halb zwei beginnt der Landeanflug f\u00fcr den Los Angeles International Airport. \u00dcber St.Barbara geht\u2019s erst auf den Pazifik, dann von der Seeseite aus am LAX vorbei. 20 Meilen landeinw\u00e4rts stellen wir uns in der Luft an. 14:30 Landung. \u00a0 \u00a0 Immigration ist sehr voll, dauert fast eine Stunde. Gep\u00e4ck okay, ab zum Alamo-Shuttle. Welcome California! Die Temperatur ist angenehm. Sonnig, aber nicht zu warm. Bei Alamo ist es entgegen allen Bef\u00fcrchtungen fast leer. In f\u00fcnf Minuten sind die Formalit\u00e4ten erledigt. Dreimal laut und deutlich NO und gef\u00fchlte 20 Unterschriften. In der Choice Line die n\u00e4chste \u00dcberraschung. Neben 2 Kia\u2019s und diversen RAV4, stehen auch vier Equinox da. Wir schauen uns einen an. Leder-Ausstattung und AWD, aber die Bodenfreiheit \u2026 In der Line bei den gro\u00dfen SUVs stehen nur gro\u00dfe Modelle ab Toyota 4Runner aufw\u00e4rts. Da kommt ein Trailblazer aus der Waschanlage. Ich frag den Alamo-Bediensteten, ob ich ihn haben kann. Zeig ihm meinen Midsize Vertrag. Er meint, dass doch da eigentlich genug stehen. Ich sag ihm, dass mir die alle nicht gefallen. Darauf er: \u201eOkay!\u201c Der schneewei\u00dfe\u00a0 Chevi hat 4000 mls auf dem Tacho. Bine und Matti haben sich f\u00fcr einen bourdeaux-roten Equinox mit heller Leder-Ausstattung entschieden. Sieht nicht schlecht aus. \u00a0 \u00a0 Dann die halbe Meile zur Travelodge. Dort bekommen wir unsere reservierten Rooms. Ger\u00e4umig, sauber und \u2026\u2026\u2026\u2026.. laut! Fahren noch Getr\u00e4nke und Obst kaufen. Ziemlich geschafft treffen wir uns abends auf unserem Balkon. Zu Nudelsuppe und Bananen gibt\u2019s eiskaltes Budweiser. Uti schl\u00e4ft schon beim quatschen ein. Danach ist der Tag vorbei. Wir wollen sehen, morgen so fr\u00fch wie m\u00f6glich weg zu kommen. Ich schmeiss noch den Laptop an. Hotel W-Lan nur mit Password. Dennys bietet den Einstieg gratis und ohne Hindernis. Um neun lieg auch ich flach. Noch eine \u00dcberraschung hielt der Tag bereit: Die Spritpreise, das billigste Regular $3,89! \u00a0 Gefahrene Meilen \/ Kilometer:\u00a0 14 \/ 23 \u00a0 \u00dcbernachtung:\u00a0 travelodge at the airport, los angeles, $94\u00a0\u00a0 ** \u00a0 &lt; Zur\u00fcck\u00a0 \u00a0 \u00a0 \u00a0 \u00a0 \u00a0 \u00a0 \u00a0 \u00a0 \u00a0 \u00a0 \u00a0 \u00a0 \u00a0 \u00a0 \u00a0 \u00a0 \u00a0 \u00a0 \u00a0 \u00a0 \u00a0 \u00a0 \u00a0 \u00a0 \u00a0 \u00a0 \u00a0 \u00a0 \u00a0 \u00a0 \u00a0 \u00a0 \u00a0 \u00a0 \u00a0 \u00a0 \u00a0 \u00a0 \u00a0 \u00a0 \u00a0 \u00a0 \u00a0 \u00a0 \u00a0 \u00a0 \u00a0 \u00a0 \u00a0 \u00a0 \u00a0 \u00a0 \u00a0 \u00a0 \u00a0 \u00a0 \u00a0 \u00a0 \u00a0 \u00a0 \u00a0 \u00a0 \u00a0 \u00a0 \u00a0 \u00a0 \u00a0 \u00a0 \u00a0 \u00a0 \u00a0 \u00a0 \u00a0 \u00a0 \u00a0 \u00a0 \u00a0 \u00a0 \u00a0 \u00a0 \u00a0 \u00a0 \u00a0 \u00a0 \u00a0 \u00a0 \u00a0 \u00a0 \u00a0 \u00a0 \u00a0 \u00a0 \u00a0 \u00a0 \u00a0 \u00a0 \u00a0 \u00a0 \u00a0 \u00a0 \u00a0 \u00a0 Weiter &gt;<\/p>\n","protected":false},"author":1,"featured_media":3432,"parent":0,"menu_order":25,"comment_status":"closed","ping_status":"closed","template":"","meta":{"footnotes":""},"class_list":["post-3436","page","type-page","status-publish","has-post-thumbnail","hentry"],"_links":{"self":[{"href":"https:\/\/welcome-ontour.de\/wordpress\/index.php\/wp-json\/wp\/v2\/pages\/3436","targetHints":{"allow":["GET"]}}],"collection":[{"href":"https:\/\/welcome-ontour.de\/wordpress\/index.php\/wp-json\/wp\/v2\/pages"}],"about":[{"href":"https:\/\/welcome-ontour.de\/wordpress\/index.php\/wp-json\/wp\/v2\/types\/page"}],"author":[{"embeddable":true,"href":"https:\/\/welcome-ontour.de\/wordpress\/index.php\/wp-json\/wp\/v2\/users\/1"}],"replies":[{"embeddable":true,"href":"https:\/\/welcome-ontour.de\/wordpress\/index.php\/wp-json\/wp\/v2\/comments?post=3436"}],"version-history":[{"count":3,"href":"https:\/\/welcome-ontour.de\/wordpress\/index.php\/wp-json\/wp\/v2\/pages\/3436\/revisions"}],"predecessor-version":[{"id":17280,"href":"https:\/\/welcome-ontour.de\/wordpress\/index.php\/wp-json\/wp\/v2\/pages\/3436\/revisions\/17280"}],"wp:featuredmedia":[{"embeddable":true,"href":"https:\/\/welcome-ontour.de\/wordpress\/index.php\/wp-json\/wp\/v2\/media\/3432"}],"wp:attachment":[{"href":"https:\/\/welcome-ontour.de\/wordpress\/index.php\/wp-json\/wp\/v2\/media?parent=3436"}],"curies":[{"name":"wp","href":"https:\/\/api.w.org\/{rel}","templated":true}]}}