{"id":3431,"date":"2013-01-08T07:40:51","date_gmt":"2013-01-08T07:40:51","guid":{"rendered":"https:\/\/welcome-ontour.de\/wordpress\/index.php\/2008-04-23\/"},"modified":"2022-06-30T23:07:31","modified_gmt":"2022-06-30T23:07:31","slug":"2008-04-23","status":"publish","type":"page","link":"https:\/\/welcome-ontour.de\/wordpress\/index.php\/2008-04-23\/","title":{"rendered":"2008 04 23 prolog"},"content":{"rendered":"<p style=\"text-align: center;\"><span style=\"font-family: arial, helvetica, sans-serif; font-size: 8pt;\"><a href=\"https:\/\/welcome-ontour.de\/wordpress\/index.php\/2008-04-23\/\">prolog<\/a>\u00a0&#8211;\u00a0<a href=\"https:\/\/welcome-ontour.de\/wordpress\/index.php\/2008-04-24\/\">hinflug<\/a>\u00a0&#8211;\u00a0<a href=\"https:\/\/welcome-ontour.de\/wordpress\/index.php\/2008-04-26\/\">zion<\/a>\u00a0&#8211;\u00a0<a href=\"https:\/\/welcome-ontour.de\/wordpress\/index.php\/2008-04-28\/\">page<\/a>\u00a0&#8211;\u00a0<a href=\"https:\/\/welcome-ontour.de\/wordpress\/index.php\/2008-04-29\/\">moab<\/a>\u00a0&#8211;\u00a0<a href=\"https:\/\/welcome-ontour.de\/wordpress\/index.php\/2008-05-04\/\">colorado<\/a>\u00a0&#8211;\u00a0<a href=\"https:\/\/welcome-ontour.de\/wordpress\/index.php\/2008-05-06\/\">escalante<\/a>\u00a0&#8211;\u00a0<a href=\"https:\/\/welcome-ontour.de\/wordpress\/index.php\/2008-05-08\/\">toroweap<\/a>\u00a0&#8211;\u00a0<a href=\"https:\/\/welcome-ontour.de\/wordpress\/index.php\/2008-05-10\/\">alabama hills<\/a>\u00a0&#8211;\u00a0<a href=\"https:\/\/welcome-ontour.de\/wordpress\/index.php\/2008-05-11\/\">sequoia<\/a>\u00a0&#8211;\u00a0<a href=\"https:\/\/welcome-ontour.de\/wordpress\/index.php\/2008-05-12\/\">yosemite<\/a>\u00a0&#8211;\u00a0<a href=\"https:\/\/welcome-ontour.de\/wordpress\/index.php\/2008-05-15\/\">san francisco<\/a>\u00a0&#8211;\u00a0<a href=\"https:\/\/welcome-ontour.de\/wordpress\/index.php\/2008-05-16\/\">r\u00fcckflug<\/a>\u00a0&#8211;\u00a0<a href=\"https:\/\/welcome-ontour.de\/wordpress\/index.php\/2008-05-18-fazit\/\">fazit<\/a><\/span><span style=\"font-family: arial, helvetica, sans-serif; font-size: xx-large;\"><span style=\"font-size: small;\"><span style=\"font-size: x-small;\">\u00a0<\/span><\/span><\/span><\/p>\n<p style=\"text-align: center;\"><span style=\"font-size: 10pt;\"><a style=\"font-family: arial, helvetica, sans-serif; line-height: 1.3em;\" href=\"https:\/\/welcome-ontour.de\/wordpress\/index.php\/reiseberichte\/\">&lt; Reiseberichte<\/a><span style=\"font-family: arial, helvetica, sans-serif; line-height: 1.3em;\"> \u00a0 \u00a0 \u00a0 \u00a0 \u00a0 \u00a0 \u00a0 \u00a0 \u00a0 \u00a0 \u00a0 \u00a0 \u00a0 \u00a0 \u00a0 \u00a0 \u00a0 \u00a0 \u00a0 \u00a0 \u00a0 \u00a0 \u00a0 \u00a0 \u00a0 \u00a0 \u00a0 \u00a0 \u00a0 \u00a0 \u00a0 \u00a0 \u00a0 \u00a0 \u00a0 \u00a0 \u00a0 \u00a0 \u00a0 \u00a0 \u00a0 \u00a0 \u00a0 \u00a0 \u00a0 \u00a0 \u00a0 \u00a0 \u00a0 \u00a0 \u00a0 \u00a0 \u00a0 \u00a0 \u00a0 \u00a0 \u00a0 \u00a0 \u00a0 \u00a0 \u00a0 \u00a0 \u00a0 \u00a0 \u00a0 \u00a0 \u00a0 \u00a0 \u00a0 \u00a0 \u00a0 \u00a0 \u00a0 \u00a0 \u00a0 \u00a0 \u00a0 \u00a0 \u00a0 \u00a0 \u00a0 \u00a0 \u00a0 \u00a0 \u00a0 \u00a0 \u00a0 \u00a0 \u00a0 \u00a0 \u00a0 \u00a0 \u00a0 \u00a0 \u00a0 \u00a0 \u00a0 \u00a0 \u00a0 <\/span><a style=\"font-family: arial, helvetica, sans-serif; line-height: 1.3em;\" href=\"https:\/\/welcome-ontour.de\/wordpress\/index.php\/2008-04-24\/\">Weiter &gt;<\/a><\/span><\/p>\n<p style=\"text-align: center;\"><strong><span style=\"font-family: arial, helvetica, sans-serif; font-size: xx-large;\">\u00a0<\/span><\/strong><\/p>\n<p style=\"text-align: center;\"><strong><span style=\"font-family: arial, helvetica, sans-serif; font-size: xx-large;\">\u00a0<\/span><\/strong><\/p>\n<p style=\"text-align: center;\"><strong><span style=\"font-family: arial, helvetica, sans-serif; font-size: xx-large;\">ON THE ROAD AGAIN<\/span><\/strong><\/p>\n<p style=\"text-align: center;\"><strong><span style=\"line-height: 1.3em; font-family: arial, helvetica, sans-serif; font-size: x-large;\">SOUTHWEST 2008<\/span><\/strong><\/p>\n<p style=\"text-align: center;\"><span style=\"line-height: 1.3em; font-family: arial, helvetica, sans-serif; font-size: medium;\">\u00a0<\/span><\/p>\n<p style=\"text-align: center;\"><span style=\"line-height: 1.3em; font-family: arial, helvetica, sans-serif; font-size: medium;\">On the road again, genau!<\/span><\/p>\n<p style=\"text-align: center;\"><span style=\"line-height: 1.3em; font-family: arial, helvetica, sans-serif; font-size: medium;\">Und wieder zu viert mit meiner Schwester und ihrem Mann.<\/span><\/p>\n<p style=\"text-align: center;\"><span style=\"line-height: 1.3em; font-family: arial, helvetica, sans-serif; font-size: medium;\">Nachdem wir bereits zwei S\u00fcdwest-Reisen in dieser Besetzung erfolgreich hinter uns haben,<\/span><\/p>\n<p style=\"text-align: center;\"><span style=\"line-height: 1.3em; font-family: arial, helvetica, sans-serif; font-size: medium;\">wollen wir es ein drittes Mal probieren.<\/span><\/p>\n<p style=\"text-align: center;\"><span style=\"line-height: 1.3em; font-family: arial, helvetica, sans-serif; font-size: medium;\">Im Unterschied zu den bisherigen Touren, dieses Mal nicht mit einem Van sondern mit zwei Midsize-SUVs.<\/span><\/p>\n<p style=\"text-align: center;\"><span style=\"line-height: 1.3em; font-family: arial, helvetica, sans-serif; font-size: medium;\">Niemand sitzt mehr in der zweiten Reihe und die Mehrkosten sind es uns wert.<\/span><\/p>\n<p style=\"text-align: center;\"><span style=\"line-height: 1.3em; font-family: arial, helvetica, sans-serif; font-size: medium;\">Fl\u00fcge nach Los Angeles und zur\u00fcck von San Francisco haben wir im Herbst 2007 gebucht.<\/span><\/p>\n<p style=\"text-align: center;\"><span style=\"line-height: 1.3em; font-family: arial, helvetica, sans-serif; font-size: medium;\">Es geht mit Lufthansa hin und United zur\u00fcck.<\/span><\/p>\n<p style=\"text-align: center;\"><span style=\"line-height: 1.3em; font-family: arial, helvetica, sans-serif; font-size: medium;\">Einige Hotels im Voraus fest gemacht.<\/span><\/p>\n<p style=\"text-align: center;\"><span style=\"line-height: 1.3em; font-family: arial, helvetica, sans-serif; font-size: medium;\">Los Angeles &#8211; Colorado &#8211; San Francisco, so in etwa lautet die Reiseroute.<\/span><\/p>\n<p style=\"text-align: center;\"><a href=\"https:\/\/maps.google.de\/maps?saddr=Imperial+Hwy&amp;daddr=Zion+Park+Blvd+to:U.S.+89+S+to:US-191+N%2FS+Main+St+to:US-550+S%2FMillion+Dollar+Hwy+to:I-70+W+to:UT-12+W+to:36.9660779,-112.9714125+to:St.+George+Boulevard+W+to:N+Buffalo+Dr+to:36.579287,-118.0555633+to:35.7913475,-118.7352499+to:CA-65+N+to:36.6065885,-118.7713662+to:E+Shields+Ave+to:Southside+Dr+to:37.7449537,-122.1484977+to:I-80+W+to:38.009217,-122.7637829+to:Cesar+Chavez+St&amp;hl=de&amp;ll=36.870832,-115.532227&amp;spn=7.599565,16.907959&amp;sll=35.933541,-118.531494&amp;sspn=1.923606,4.22699&amp;geocode=FVq-BQIdZerw-A%3BFfV_NwIdEdlD-Q%3BFdGTMwIdLtpa-Q%3BFYZXTAIdDoJ4-Q%3BFajjQwIdTzaV-Q%3BFeB8VQIdpbSE-Q%3BFeBiQAIdAuBY-Q%3BFb0ONAIdbDFE-SkV_QsVvCHLgDF9WHCIAXVlGw%3BFY5ANgIdEfw6-Q%3BFTWYKQIdhCsh-Q%3BFdcnLgIddZ32-Ckzv0sZnIa_gDGb73Fy6Gd96w%3BFfMhIgIdbz7s-ClDk3NPsYPqgDFNGoyM_k4MDA%3BFX0jJgId95vn-A%3BFXySLgIdWrHr-CndlazS2V2VgDF-S-nwQ8exvQ%3BFUM2MQIdT2Hc-A%3BFbfaPwIdyGzf-A%3BFTnxPwIdbym4-CnfJaT0CY-PgDEFG2JYZGRWsQ%3BFXGTSQIdHjG7-A%3BFYH5QwId-sWu-CnVhBZtA8GFgDHFx3jyxkyW6w%3BFa7-PwIdPi-0-A&amp;mra=dpe&amp;mrsp=11&amp;sz=9&amp;via=7,10,11,13,16,18&amp;t=p&amp;z=7\" target=\"_blank\" rel=\"noopener noreferrer\"><span style=\"line-height: 1.3em; font-family: arial, helvetica, sans-serif; font-size: medium;\">Karte<\/span><\/a><\/p>\n<p style=\"text-align: center;\"><span style=\"line-height: 1.3em; font-family: arial, helvetica, sans-serif; font-size: medium;\">\u00a0<\/span><\/p>\n<p style=\"text-align: center;\"><span style=\"font-family: arial, helvetica, sans-serif; font-size: medium;\">\u00a0<\/span><\/p>\n<p style=\"text-align: center;\"><strong><span style=\"font-family: arial, helvetica, sans-serif; font-size: medium;\">Mi 23.04.2008<\/span><\/strong><\/p>\n<p style=\"text-align: center;\"><span style=\"font-family: arial, helvetica, sans-serif; font-size: medium;\">\u00a0<\/span><\/p>\n<p style=\"text-align: center;\"><span style=\"font-family: arial, helvetica, sans-serif; font-size: medium;\">Vorabend-Check-In auch bei Lufthansa m\u00f6glich. Nehmen wir gern in Anspruch.<\/span><\/p>\n<p style=\"text-align: center;\"><span style=\"font-family: arial, helvetica, sans-serif; font-size: medium;\">Uti braucht nur noch bis Mittag arbeiten, ich habe schon frei.<\/span><\/p>\n<p style=\"text-align: center;\"><span style=\"font-family: arial, helvetica, sans-serif; font-size: medium;\">Die Koffer sind schnell gepackt und um f\u00fcnf fahren wir zu unseren Mitreisenden, Bine und Matti<\/span><\/p>\n<p style=\"text-align: center;\"><span style=\"font-family: arial, helvetica, sans-serif; font-size: medium;\">und von dort zum Flughafen Berlin Tegel.<\/span><\/p>\n<p style=\"text-align: center;\"><span style=\"font-family: arial, helvetica, sans-serif; font-size: medium;\">P\u00fcnktlich 18:00 stehen wir als einzige am Gate 76. Mit unseren E-Tickets stimmt irgendwas nicht.<\/span><\/p>\n<p style=\"text-align: center;\"><span style=\"font-family: arial, helvetica, sans-serif; font-size: medium;\">Da unsere United-Hinfl\u00fcge von Lufthansa durchgef\u00fchrt werden, schiebt\u2019s einer auf den anderen.<\/span><\/p>\n<p style=\"text-align: center;\"><span style=\"font-family: arial, helvetica, sans-serif; font-size: medium;\">Letztendlich bekommen wir am Lufthansa Schalter unsere Tickets.<\/span><\/p>\n<p style=\"text-align: center;\"><span style=\"font-family: arial, helvetica, sans-serif; font-size: medium;\">Mit denen dann wieder zum Vorabend-Check-In in den Terminal D.<\/span><\/p>\n<p style=\"text-align: center;\"><span style=\"font-family: arial, helvetica, sans-serif; font-size: medium;\">Insgesamt dauert\u2019s eine Stunde, dann sind wir unser Gep\u00e4ck los und haben Boardkarten f\u00fcr die Hinfl\u00fcge.<\/span><\/p>\n<p style=\"text-align: center;\"><span style=\"font-family: arial, helvetica, sans-serif; font-size: medium;\">Als Sitzpl\u00e4tze haben wir den ersten 4er Block bekommen, mit der Hoffnung auf ein wenig mehr Beinfreiheit.<\/span><\/p>\n<p style=\"text-align: center;\"><span style=\"font-family: arial, helvetica, sans-serif; font-size: medium;\">Ein Gl\u00fcck, dass wir das alles am Vorabend erledigen konnten. Morgen fr\u00fch w\u00e4re es sonst stressig geworden.<\/span><\/p>\n<p style=\"text-align: center;\"><span style=\"font-family: arial, helvetica, sans-serif; font-size: medium;\">Um acht sind wir wieder zu Hause, voller Vorfreude auf die n\u00e4chsten Wochen..<\/span><\/p>\n<p style=\"text-align: center;\"><span style=\"font-family: arial, helvetica, sans-serif; font-size: medium;\">\u00a0<\/span><\/p>\n<p style=\"text-align: center;\"><span style=\"font-family: arial, helvetica, sans-serif; font-size: medium;\">\u00a0<\/span><\/p>\n<p style=\"text-align: center;\"><span style=\"font-family: arial, helvetica, sans-serif; font-size: medium;\"><img decoding=\"async\" class=\" size-full wp-image-3430\" title=\"places to stop ...\" src=\"https:\/\/welcome-ontour.de\/wordpress\/wp-content\/uploads\/2013\/01\/phoca_thumb_l_aaa-delicate-arch-utah.jpg\" width=\"333\" height=\"282\" border=\"0\" srcset=\"https:\/\/welcome-ontour.de\/wordpress\/wp-content\/uploads\/2013\/01\/phoca_thumb_l_aaa-delicate-arch-utah.jpg 402w, https:\/\/welcome-ontour.de\/wordpress\/wp-content\/uploads\/2013\/01\/phoca_thumb_l_aaa-delicate-arch-utah-300x254.jpg 300w\" sizes=\"(max-width: 333px) 100vw, 333px\" \/><\/span><\/p>\n<p style=\"text-align: center;\"><span style=\"font-family: arial, helvetica, sans-serif; font-size: small;\">\u00a0<\/span><\/p>\n<p style=\"text-align: center;\"><span style=\"font-family: arial, helvetica, sans-serif; font-size: small;\">\u00a0<\/span><\/p>\n<p style=\"text-align: center;\"><span style=\"font-size: 10pt;\"><a style=\"font-family: arial, helvetica, sans-serif; line-height: 1.3em;\" href=\"https:\/\/welcome-ontour.de\/wordpress\/index.php\/reiseberichte\/\">&lt; Reiseberichte<\/a><span style=\"font-family: arial, helvetica, sans-serif; line-height: 1.3em;\"> \u00a0 \u00a0 \u00a0 \u00a0 \u00a0 \u00a0 \u00a0 \u00a0 \u00a0 \u00a0 \u00a0 \u00a0 \u00a0 \u00a0 \u00a0 \u00a0 \u00a0 \u00a0 \u00a0 \u00a0 \u00a0 \u00a0 \u00a0 \u00a0 \u00a0 \u00a0 \u00a0 \u00a0 \u00a0 \u00a0 \u00a0 \u00a0 \u00a0 \u00a0 \u00a0 \u00a0 \u00a0 \u00a0 \u00a0 \u00a0 \u00a0 \u00a0 \u00a0 \u00a0 \u00a0 \u00a0 \u00a0 \u00a0 \u00a0 \u00a0 \u00a0 \u00a0 \u00a0 \u00a0 \u00a0 \u00a0 \u00a0 \u00a0 \u00a0 \u00a0 \u00a0 \u00a0 \u00a0 \u00a0 \u00a0 \u00a0 \u00a0 \u00a0 \u00a0 \u00a0 \u00a0 \u00a0 \u00a0 \u00a0 \u00a0 \u00a0 \u00a0 \u00a0 \u00a0 \u00a0 \u00a0 \u00a0 \u00a0 \u00a0 \u00a0 \u00a0 \u00a0 \u00a0 \u00a0 \u00a0 \u00a0 \u00a0 \u00a0 \u00a0 \u00a0 \u00a0 \u00a0 \u00a0 \u00a0 <\/span><a style=\"font-family: arial, helvetica, sans-serif; line-height: 1.3em;\" href=\"https:\/\/welcome-ontour.de\/wordpress\/index.php\/2008-04-24\/\">Weiter &gt;<\/a><\/span><\/p>\n","protected":false},"excerpt":{"rendered":"<p>prolog\u00a0&#8211;\u00a0hinflug\u00a0&#8211;\u00a0zion\u00a0&#8211;\u00a0page\u00a0&#8211;\u00a0moab\u00a0&#8211;\u00a0colorado\u00a0&#8211;\u00a0escalante\u00a0&#8211;\u00a0toroweap\u00a0&#8211;\u00a0alabama hills\u00a0&#8211;\u00a0sequoia\u00a0&#8211;\u00a0yosemite\u00a0&#8211;\u00a0san francisco\u00a0&#8211;\u00a0r\u00fcckflug\u00a0&#8211;\u00a0fazit\u00a0 &lt; Reiseberichte \u00a0 \u00a0 \u00a0 \u00a0 \u00a0 \u00a0 \u00a0 \u00a0 \u00a0 \u00a0 \u00a0 \u00a0 \u00a0 \u00a0 \u00a0 \u00a0 \u00a0 \u00a0 \u00a0 \u00a0 \u00a0 \u00a0 \u00a0 \u00a0 \u00a0 \u00a0 \u00a0 \u00a0 \u00a0 \u00a0 \u00a0 \u00a0 \u00a0 \u00a0 \u00a0 \u00a0 \u00a0 \u00a0 \u00a0 \u00a0 \u00a0 \u00a0 \u00a0 \u00a0 \u00a0 \u00a0 \u00a0 \u00a0 \u00a0 \u00a0 \u00a0 \u00a0 \u00a0 \u00a0 \u00a0 \u00a0 \u00a0 \u00a0 \u00a0 \u00a0 \u00a0 \u00a0 \u00a0 \u00a0 \u00a0 \u00a0 \u00a0 \u00a0 \u00a0 \u00a0 \u00a0 \u00a0 \u00a0 \u00a0 \u00a0 \u00a0 \u00a0 \u00a0 \u00a0 \u00a0 \u00a0 \u00a0 \u00a0 \u00a0 \u00a0 \u00a0 \u00a0 \u00a0 \u00a0 \u00a0 \u00a0 \u00a0 \u00a0 \u00a0 \u00a0 \u00a0 \u00a0 \u00a0 \u00a0 Weiter &gt; \u00a0 \u00a0 ON THE ROAD AGAIN SOUTHWEST 2008 \u00a0 On the road again, genau! Und wieder zu viert mit meiner Schwester und ihrem Mann. Nachdem wir bereits zwei S\u00fcdwest-Reisen in dieser Besetzung erfolgreich hinter uns haben, wollen wir es ein drittes Mal probieren. Im Unterschied zu den bisherigen Touren, dieses Mal nicht mit einem Van sondern mit zwei Midsize-SUVs. Niemand sitzt mehr in der zweiten Reihe und die Mehrkosten sind es uns wert. Fl\u00fcge nach Los Angeles und zur\u00fcck von San Francisco haben wir im Herbst 2007 gebucht. Es geht mit Lufthansa hin und United zur\u00fcck. Einige Hotels im Voraus fest gemacht. Los Angeles &#8211; Colorado &#8211; San Francisco, so in etwa lautet die Reiseroute. Karte \u00a0 \u00a0 Mi 23.04.2008 \u00a0 Vorabend-Check-In auch bei Lufthansa m\u00f6glich. Nehmen wir gern in Anspruch. Uti braucht nur noch bis Mittag arbeiten, ich habe schon frei. Die Koffer sind schnell gepackt und um f\u00fcnf fahren wir zu unseren Mitreisenden, Bine und Matti und von dort zum Flughafen Berlin Tegel. P\u00fcnktlich 18:00 stehen wir als einzige am Gate 76. Mit unseren E-Tickets stimmt irgendwas nicht. Da unsere United-Hinfl\u00fcge von Lufthansa durchgef\u00fchrt werden, schiebt\u2019s einer auf den anderen. Letztendlich bekommen wir am Lufthansa Schalter unsere Tickets. Mit denen dann wieder zum Vorabend-Check-In in den Terminal D. Insgesamt dauert\u2019s eine Stunde, dann sind wir unser Gep\u00e4ck los und haben Boardkarten f\u00fcr die Hinfl\u00fcge. Als Sitzpl\u00e4tze haben wir den ersten 4er Block bekommen, mit der Hoffnung auf ein wenig mehr Beinfreiheit. Ein Gl\u00fcck, dass wir das alles am Vorabend erledigen konnten. Morgen fr\u00fch w\u00e4re es sonst stressig geworden. Um acht sind wir wieder zu Hause, voller Vorfreude auf die n\u00e4chsten Wochen.. \u00a0 \u00a0 \u00a0 \u00a0 &lt; Reiseberichte \u00a0 \u00a0 \u00a0 \u00a0 \u00a0 \u00a0 \u00a0 \u00a0 \u00a0 \u00a0 \u00a0 \u00a0 \u00a0 \u00a0 \u00a0 \u00a0 \u00a0 \u00a0 \u00a0 \u00a0 \u00a0 \u00a0 \u00a0 \u00a0 \u00a0 \u00a0 \u00a0 \u00a0 \u00a0 \u00a0 \u00a0 \u00a0 \u00a0 \u00a0 \u00a0 \u00a0 \u00a0 \u00a0 \u00a0 \u00a0 \u00a0 \u00a0 \u00a0 \u00a0 \u00a0 \u00a0 \u00a0 \u00a0 \u00a0 \u00a0 \u00a0 \u00a0 \u00a0 \u00a0 \u00a0 \u00a0 \u00a0 \u00a0 \u00a0 \u00a0 \u00a0 \u00a0 \u00a0 \u00a0 \u00a0 \u00a0 \u00a0 \u00a0 \u00a0 \u00a0 \u00a0 \u00a0 \u00a0 \u00a0 \u00a0 \u00a0 \u00a0 \u00a0 \u00a0 \u00a0 \u00a0 \u00a0 \u00a0 \u00a0 \u00a0 \u00a0 \u00a0 \u00a0 \u00a0 \u00a0 \u00a0 \u00a0 \u00a0 \u00a0 \u00a0 \u00a0 \u00a0 \u00a0 \u00a0 Weiter &gt;<\/p>\n","protected":false},"author":1,"featured_media":3430,"parent":0,"menu_order":23,"comment_status":"closed","ping_status":"closed","template":"","meta":{"footnotes":""},"class_list":["post-3431","page","type-page","status-publish","has-post-thumbnail","hentry"],"_links":{"self":[{"href":"https:\/\/welcome-ontour.de\/wordpress\/index.php\/wp-json\/wp\/v2\/pages\/3431","targetHints":{"allow":["GET"]}}],"collection":[{"href":"https:\/\/welcome-ontour.de\/wordpress\/index.php\/wp-json\/wp\/v2\/pages"}],"about":[{"href":"https:\/\/welcome-ontour.de\/wordpress\/index.php\/wp-json\/wp\/v2\/types\/page"}],"author":[{"embeddable":true,"href":"https:\/\/welcome-ontour.de\/wordpress\/index.php\/wp-json\/wp\/v2\/users\/1"}],"replies":[{"embeddable":true,"href":"https:\/\/welcome-ontour.de\/wordpress\/index.php\/wp-json\/wp\/v2\/comments?post=3431"}],"version-history":[{"count":5,"href":"https:\/\/welcome-ontour.de\/wordpress\/index.php\/wp-json\/wp\/v2\/pages\/3431\/revisions"}],"predecessor-version":[{"id":17278,"href":"https:\/\/welcome-ontour.de\/wordpress\/index.php\/wp-json\/wp\/v2\/pages\/3431\/revisions\/17278"}],"wp:featuredmedia":[{"embeddable":true,"href":"https:\/\/welcome-ontour.de\/wordpress\/index.php\/wp-json\/wp\/v2\/media\/3430"}],"wp:attachment":[{"href":"https:\/\/welcome-ontour.de\/wordpress\/index.php\/wp-json\/wp\/v2\/media?parent=3431"}],"curies":[{"name":"wp","href":"https:\/\/api.w.org\/{rel}","templated":true}]}}