{"id":3429,"date":"2013-01-08T07:39:01","date_gmt":"2013-01-08T07:39:01","guid":{"rendered":"https:\/\/welcome-ontour.de\/wordpress\/index.php\/2008-10-12-fazit\/"},"modified":"2022-06-30T23:06:17","modified_gmt":"2022-06-30T23:06:17","slug":"2008-10-12-fazit","status":"publish","type":"page","link":"https:\/\/welcome-ontour.de\/wordpress\/index.php\/2008-10-12-fazit\/","title":{"rendered":"2008 10 12 fazit"},"content":{"rendered":"<p style=\"text-align: center;\"><a style=\"font-family: arial, helvetica, sans-serif; font-size: x-small; line-height: 1.3em;\" href=\"https:\/\/welcome-ontour.de\/wordpress\/index.php\/2008-09-24-prolog\/\">prolog<\/a><span style=\"font-family: arial, helvetica, sans-serif; font-size: x-small; line-height: 1.3em;\">\u00a0&#8211;\u00a0<\/span><a style=\"font-family: arial, helvetica, sans-serif; font-size: x-small; line-height: 1.3em;\" href=\"https:\/\/welcome-ontour.de\/wordpress\/index.php\/2008-09-25\/\">hinflug<\/a><span style=\"font-family: arial, helvetica, sans-serif; font-size: x-small; line-height: 1.3em;\">\u00a0&#8211;\u00a0<\/span><a style=\"font-family: arial, helvetica, sans-serif; font-size: x-small; line-height: 1.3em;\" href=\"https:\/\/welcome-ontour.de\/wordpress\/index.php\/2008-09-26\/\">niagara<\/a><span style=\"font-family: arial, helvetica, sans-serif; font-size: x-small; line-height: 1.3em;\">\u00a0&#8211;\u00a0<\/span><a style=\"font-family: arial, helvetica, sans-serif; font-size: x-small; line-height: 1.3em;\" href=\"https:\/\/welcome-ontour.de\/wordpress\/index.php\/2008-09-27\/\">toronto<\/a><span style=\"font-family: arial, helvetica, sans-serif; font-size: x-small; line-height: 1.3em;\">\u00a0&#8211;\u00a0<\/span><a style=\"font-family: arial, helvetica, sans-serif; font-size: x-small; line-height: 1.3em;\" href=\"https:\/\/welcome-ontour.de\/wordpress\/index.php\/2008-09-29\/\">lake placid<\/a><span style=\"font-family: arial, helvetica, sans-serif; font-size: x-small; line-height: 1.3em;\">\u00a0&#8211;\u00a0<\/span><a style=\"font-family: arial, helvetica, sans-serif; font-size: x-small; line-height: 1.3em;\" href=\"https:\/\/welcome-ontour.de\/wordpress\/index.php\/2008-10-01\/\">white mountains<\/a><span style=\"font-family: arial, helvetica, sans-serif; font-size: x-small; line-height: 1.3em;\">\u00a0&#8211;\u00a0<\/span><a style=\"font-family: arial, helvetica, sans-serif; font-size: x-small; line-height: 1.3em;\" href=\"https:\/\/welcome-ontour.de\/wordpress\/index.php\/2008-10-04\/\">acadia nationalpark<\/a><span style=\"font-family: arial, helvetica, sans-serif; font-size: x-small; line-height: 1.3em;\">\u00a0&#8211;\u00a0<\/span><a style=\"font-family: arial, helvetica, sans-serif; font-size: x-small; line-height: 1.3em;\" href=\"https:\/\/welcome-ontour.de\/wordpress\/index.php\/2008-10-06\/\">boston<\/a><span style=\"font-family: arial, helvetica, sans-serif; font-size: x-small; line-height: 1.3em;\">\u00a0&#8211;\u00a0<\/span><a style=\"font-family: arial, helvetica, sans-serif; font-size: x-small; line-height: 1.3em;\" href=\"https:\/\/welcome-ontour.de\/wordpress\/index.php\/2008-10-08\/\">cape cod<\/a><span style=\"font-family: arial, helvetica, sans-serif; font-size: x-small; line-height: 1.3em;\">\u00a0&#8211;\u00a0<\/span><a style=\"font-family: arial, helvetica, sans-serif; font-size: x-small; line-height: 1.3em;\" href=\"https:\/\/welcome-ontour.de\/wordpress\/index.php\/2008-10-10\/\">r\u00fcckflug<\/a><span style=\"font-family: arial, helvetica, sans-serif; font-size: x-small; line-height: 1.3em;\">\u00a0&#8211;\u00a0<\/span><a style=\"font-family: arial, helvetica, sans-serif; font-size: x-small; line-height: 1.3em;\" href=\"https:\/\/welcome-ontour.de\/wordpress\/index.php\/2008-10-12-fazit\/\">fazit<\/a><\/p>\n<p style=\"text-align: center;\">\u00a0<\/p>\n<p style=\"text-align: center;\"><a style=\"font-family: arial, helvetica, sans-serif; font-size: small; line-height: 1.3em;\" href=\"https:\/\/welcome-ontour.de\/wordpress\/index.php\/2008-10-11\/\">&lt; Zur\u00fcck<\/a><span style=\"font-family: arial, helvetica, sans-serif; font-size: small; line-height: 1.3em;\">\u00a0 \u00a0 \u00a0 \u00a0 \u00a0 \u00a0 \u00a0 \u00a0 \u00a0 \u00a0 \u00a0 \u00a0 \u00a0 \u00a0 \u00a0 \u00a0 \u00a0 \u00a0 \u00a0 \u00a0 \u00a0 \u00a0 \u00a0 \u00a0 \u00a0 \u00a0 \u00a0 \u00a0 \u00a0 \u00a0 \u00a0 \u00a0 \u00a0 \u00a0 \u00a0 \u00a0 \u00a0 \u00a0 \u00a0 \u00a0 \u00a0 \u00a0 \u00a0 \u00a0 \u00a0 \u00a0 \u00a0 \u00a0 \u00a0 \u00a0 \u00a0 \u00a0 \u00a0 \u00a0 \u00a0 \u00a0 \u00a0 \u00a0 \u00a0 \u00a0 \u00a0 \u00a0 \u00a0 \u00a0 \u00a0 \u00a0 \u00a0 \u00a0 \u00a0 \u00a0 \u00a0 \u00a0 \u00a0 \u00a0 \u00a0 \u00a0 \u00a0 \u00a0 \u00a0 \u00a0 \u00a0 \u00a0 \u00a0 \u00a0 \u00a0 \u00a0 \u00a0 \u00a0 \u00a0 \u00a0 \u00a0 \u00a0 \u00a0 \u00a0 \u00a0 \u00a0 \u00a0\u00a0<a href=\"https:\/\/welcome-ontour.de\/wordpress\/index.php\/reiseberichte\/\">Reiseberichte<\/a><\/span><a style=\"line-height: 1.3em;\" href=\"index.php\/reiseberichte\"><span style=\"font-family: arial, helvetica, sans-serif; font-size: small;\"><span style=\"line-height: 1.3em;\">\u00a0&gt;<\/span><\/span><\/a><\/p>\n<p style=\"text-align: center;\">\u00a0<\/p>\n<p style=\"text-align: center;\"><strong style=\"line-height: 1.3em;\"><span style=\"font-family: arial, helvetica, sans-serif; font-size: medium;\">Fazit<\/span><\/strong><\/p>\n<p style=\"text-align: center;\"><span style=\"font-family: arial, helvetica, sans-serif; font-size: medium;\">\u00a0<\/span><\/p>\n<p style=\"text-align: center;\"><span style=\"font-family: arial, helvetica, sans-serif; font-size: medium;\">Wo soll man anfangen?<\/span><\/p>\n<p style=\"text-align: center;\"><span style=\"font-family: arial, helvetica, sans-serif; font-size: medium;\">Also von vorn. Die Continental Fl\u00fcge haben uns angenehm \u00fcberrascht.<\/span><\/p>\n<p style=\"text-align: center;\"><span style=\"font-family: arial, helvetica, sans-serif; font-size: medium;\">Sitzkomfort und Service fanden wir besser als bei Lufthansa.<\/span><\/p>\n<p style=\"text-align: center;\"><span style=\"font-family: arial, helvetica, sans-serif; font-size: medium;\">Solange man von Berlin noch nicht direkt zur Westk\u00fcste kommt,<\/span><\/p>\n<p style=\"text-align: center;\"><span style=\"font-family: arial, helvetica, sans-serif; font-size: medium;\">k\u00f6nnten wir uns vorstellen, \u00f6fter mit dieser Airline zu fliegen.<\/span><\/p>\n<p style=\"text-align: center;\"><span style=\"font-family: arial, helvetica, sans-serif; font-size: medium;\">Zum Gro\u00dfteil liegt das auch am Newark Liberty Airport, dem Drehkreuz von Continental.<\/span><\/p>\n<p style=\"text-align: center;\"><span style=\"font-family: arial, helvetica, sans-serif; font-size: medium;\">F\u00fcr uns Flughafen Nr.1 in den USA.<\/span><\/p>\n<p style=\"text-align: center;\"><span style=\"font-family: arial, helvetica, sans-serif; font-size: medium;\">Mit National hat auch alles gut geklappt. Mit dem Equinox waren wir mehr als zufrieden.<\/span><\/p>\n<p style=\"text-align: center;\"><span style=\"font-family: arial, helvetica, sans-serif; font-size: medium;\">Als er dann rum zickte, war ein Tausch v\u00f6llig problemlos machbar.<\/span><\/p>\n<p style=\"text-align: center;\"><span style=\"font-family: arial, helvetica, sans-serif; font-size: medium;\">\u00dcber den Chevrolet Traiblazer brauch ich nicht mehr viel schreiben. Der passt ganz gut zu uns.<\/span><\/p>\n<p style=\"text-align: center;\"><span style=\"font-family: arial, helvetica, sans-serif; font-size: medium;\">\u00a0<\/span><\/p>\n<p style=\"text-align: center;\"><span style=\"font-family: arial, helvetica, sans-serif; font-size: medium;\">Das Wetter hat uns erstmals so richtig im Stich gelassen.<\/span><\/p>\n<p style=\"text-align: center;\"><span style=\"font-family: arial, helvetica, sans-serif; font-size: medium;\">W\u00e4hrend wir bei manchen Southwest-Touren \u00fcberhaupt keinen Scheibenwischer brauchten,<\/span><\/p>\n<p style=\"text-align: center;\"><span style=\"font-family: arial, helvetica, sans-serif; font-size: medium;\">ging er diesmal kaum aus.<\/span><\/p>\n<p style=\"text-align: center;\"><span style=\"font-family: arial, helvetica, sans-serif; font-size: medium;\">Wir haben versucht, das Beste draus zu machen.<\/span><\/p>\n<p style=\"text-align: center;\"><span style=\"font-family: arial, helvetica, sans-serif; font-size: medium;\">Ich muss gestehen, die Entfernungen etwas untersch\u00e4tzt zu haben.<\/span><\/p>\n<p style=\"text-align: center;\"><span style=\"font-family: arial, helvetica, sans-serif; font-size: medium;\">Gerade in den Bergen und W\u00e4ldern New Yorks, Vermonts und New Hampshires<\/span><\/p>\n<p style=\"text-align: center;\"><span style=\"font-family: arial, helvetica, sans-serif; font-size: medium;\">sollte man doch mehr Fahrzeit einplanen.<\/span><\/p>\n<p style=\"text-align: center;\"><span style=\"font-family: arial, helvetica, sans-serif; font-size: medium;\">Auf der Tour haben wir viele neue Gegenden kennen gelernt.<\/span><\/p>\n<p style=\"text-align: center;\"><span style=\"font-family: arial, helvetica, sans-serif; font-size: medium;\">Diesmal auch den Versuch gemacht, uns in St\u00e4dten aufzuhalten.<\/span><\/p>\n<p style=\"text-align: center;\"><span style=\"font-family: arial, helvetica, sans-serif; font-size: medium;\">Toronto und Boston haben uns nicht schlecht gefallen.<\/span><\/p>\n<p style=\"text-align: center;\"><span style=\"font-family: arial, helvetica, sans-serif; font-size: medium;\">Noch mal m\u00fcssen wir da aber nicht hin \u2026<\/span><\/p>\n<p style=\"text-align: center;\"><span style=\"font-family: arial, helvetica, sans-serif; font-size: medium;\">Und was wir allein von Gro\u00dfraum New York City mitbekommen haben,<\/span><\/p>\n<p style=\"text-align: center;\"><span style=\"font-family: arial, helvetica, sans-serif; font-size: medium;\">l\u00e4sst uns auch nicht zu den gro\u00dfen Big-Apple-Fans werden.<\/span><\/p>\n<p style=\"text-align: center;\"><span style=\"font-family: arial, helvetica, sans-serif; font-size: medium;\">Hinfahren, nur um da gewesen zu sein, dazu ist uns unsere Zeit zu schade.<\/span><\/p>\n<p style=\"text-align: center;\"><span style=\"font-family: arial, helvetica, sans-serif; font-size: medium;\">Wir k\u00f6nnten uns vorstellen, irgendwann mal zwei Wochen in Vermont und New Hampshire zu verbringen,<\/span><\/p>\n<p style=\"text-align: center;\"><span style=\"font-family: arial, helvetica, sans-serif; font-size: medium;\">um die Gegend auch mal ohne Dauerregen zu genie\u00dfen.<\/span><\/p>\n<p style=\"text-align: center;\"><span style=\"font-family: arial, helvetica, sans-serif; font-size: medium;\">Dann aber mit Sicherheit nicht wieder alles im Voraus buchen.<\/span><\/p>\n<p style=\"text-align: center;\"><span style=\"font-family: arial, helvetica, sans-serif; font-size: medium;\">Das war dieses Mal eher hinderlich.<\/span><\/p>\n<p style=\"text-align: center;\"><span style=\"font-family: arial, helvetica, sans-serif; font-size: medium;\">\u00a0<\/span><\/p>\n<p style=\"text-align: center;\"><span style=\"font-family: arial, helvetica, sans-serif; font-size: medium;\">Noch ein Wort zu <a href=\"http:\/\/www.priceline.com\/Default.asp?session_key=364B050A334A050A20130119171926153610168060&amp;plf=pcln&amp;sttgt=Y\" target=\"_blank\" rel=\"noopener noreferrer\">Priceline<\/a>.<\/span><\/p>\n<p style=\"text-align: center;\"><span style=\"font-family: arial, helvetica, sans-serif; font-size: medium;\">Die Unterk\u00fcnfte im 2* Bereich waren nicht so berauschend.<\/span><\/p>\n<p style=\"text-align: center;\"><span style=\"font-family: arial, helvetica, sans-serif; font-size: medium;\">Meines Erachtens besteht immer ein gro\u00dfes Risiko darin, an irgendeine Bude zu geraten,<\/span><\/p>\n<p style=\"text-align: center;\"><span style=\"font-family: arial, helvetica, sans-serif; font-size: medium;\">die ihre Sterne von fremden Planeten geschenkt bekommen hat.<\/span><\/p>\n<p style=\"text-align: center;\"><span style=\"font-family: arial, helvetica, sans-serif; font-size: medium;\">Die beiden Nobelherbergen Sheraton in Toronto und Hyatt in Boston waren hingegen Volltreffer.<\/span><\/p>\n<p style=\"text-align: center;\"><span style=\"font-family: arial, helvetica, sans-serif; font-size: medium;\">\u00a0<\/span><\/p>\n<p style=\"text-align: center;\"><span style=\"font-family: arial, helvetica, sans-serif; font-size: medium;\">Vielleicht schwer vorstellbar, aber gefallen hat uns der Nordosten letztendlich doch.<\/span><\/p>\n<p style=\"text-align: center;\"><span style=\"font-family: arial, helvetica, sans-serif; font-size: medium;\">Obwohl der europ\u00e4ische Einschlag nicht nur bei der Landschaft \u00fcberwiegt.<\/span><\/p>\n<p style=\"text-align: center;\"><span style=\"font-family: arial, helvetica, sans-serif; font-size: medium;\">Das uns so lieb gewonnene Westcoast-Feeling gibt\u2019s hier leider nur ansatzweise.<\/span><\/p>\n<p style=\"text-align: center;\"><span style=\"font-family: arial, helvetica, sans-serif; font-size: medium;\">\u00a0<\/span><\/p>\n<p style=\"text-align: center;\"><span style=\"font-family: arial, helvetica, sans-serif; font-size: medium;\">Aufgefallen ist uns, dass es mit den Radiosendern immer bescheidener wird.<\/span><\/p>\n<p style=\"text-align: center;\"><span style=\"font-family: arial, helvetica, sans-serif; font-size: medium;\">W\u00e4hrend fr\u00fcher zwei, drei Klicks gen\u00fcgt haben, um wieder brauchbare Rockmusik zu haben,<\/span><\/p>\n<p style=\"text-align: center;\"><span style=\"font-family: arial, helvetica, sans-serif; font-size: medium;\">gibt es jetzt immer mehr Abschnitte, in denen nur Pop- und Countrydudelei l\u00e4uft.<\/span><\/p>\n<p style=\"text-align: center;\"><span style=\"font-family: arial, helvetica, sans-serif; font-size: medium;\">Trotzdem gibt\u2019s diesmal eine Hitliste, welcher Song am meisten im Autoradio gespielt wurde.<\/span><\/p>\n<p style=\"text-align: center;\"><span style=\"font-family: arial, helvetica, sans-serif; font-size: medium;\">Platz 3: \u00a0Styx &#8211; Come Sail Away<\/span><\/p>\n<p style=\"text-align: center;\"><span style=\"font-family: arial, helvetica, sans-serif; font-size: medium;\">Platz 2: \u00a0Rush &#8211; Closer To The Heart<\/span><\/p>\n<p style=\"text-align: center;\"><span style=\"font-family: arial, helvetica, sans-serif; font-size: medium;\">Platz 1: \u00a0Grand Funk &#8211; Some Kind Of Wunderful<\/span><\/p>\n<p style=\"text-align: center;\"><span style=\"font-family: arial, helvetica, sans-serif; font-size: medium;\">Hier wohl letztmalig vor zwanzig Jahren im Radio gespielt.<\/span><\/p>\n<p style=\"text-align: center;\"><span style=\"font-family: arial, helvetica, sans-serif; font-size: medium;\">\u00a0<\/span><\/p>\n<p style=\"text-align: center;\"><span style=\"font-family: arial, helvetica, sans-serif; font-size: medium;\">Abschlie\u00dfend wie immer noch ein paar Zahlen.<\/span><\/p>\n<p style=\"text-align: center;\"><span style=\"font-family: arial, helvetica, sans-serif; font-size: medium;\">Wir waren 2789 Meilen (4490 km) unterwegs,<\/span><\/p>\n<p style=\"text-align: center;\"><span style=\"font-family: arial, helvetica, sans-serif; font-size: medium;\">haben dabei 116 Gallonen Sprit verbraten f\u00fcr den wir 426 $ bezahlt haben.<\/span><\/p>\n<p style=\"text-align: center;\"><span style=\"font-family: arial, helvetica, sans-serif; font-size: medium;\">Der Chevrolet Equinox hat sich dank gez\u00fcgeltem Gasfu\u00df mit neun Litern auf 100 km begn\u00fcgt.<\/span><\/p>\n<p style=\"text-align: center;\"><span style=\"font-family: arial, helvetica, sans-serif; font-size: medium;\">Der gro\u00dfe Bruder lag bei 11,2.<\/span><\/p>\n<p style=\"text-align: center;\"><span style=\"font-family: arial, helvetica, sans-serif; font-size: medium;\">Die Unterk\u00fcnfte haben uns im Durchschnitt 85$ gekostet.<\/span><\/p>\n<p style=\"text-align: center;\"><span style=\"font-family: arial, helvetica, sans-serif; font-size: medium;\">Bei dem w\u00e4hrend der Tour aktuellem Kurs waren das etwa 59\u20ac.<\/span><\/p>\n<p style=\"text-align: center;\"><span style=\"font-family: arial, helvetica, sans-serif; font-size: medium;\">\u00a0<\/span><\/p>\n<p style=\"text-align: center;\"><span style=\"font-family: arial, helvetica, sans-serif; font-size: medium;\">Zur\u00fcck in Deutschland war der Fall ins \u201eNach dem Urlaub\u201c Loch nicht ganz so schlimm.<\/span><\/p>\n<p style=\"text-align: center;\"><span style=\"font-family: arial, helvetica, sans-serif; font-size: medium;\">Absolut hilfreich war dabei, dass wir die Fl\u00fcge f\u00fcr Sommer 2009 schon vorher in trockenen T\u00fcchern hatten.<\/span><\/p>\n<p style=\"text-align: center;\"><span style=\"font-family: arial, helvetica, sans-serif; font-size: medium;\">Es geht nach Seattle, in den Nordwesten, auf die F\u00e4hrten von Lewis and Clark.<\/span><\/p>\n<p style=\"text-align: center;\"><span style=\"font-family: arial, helvetica, sans-serif; font-size: medium;\">In diesem Sinne, macht\u2019s gut bis zum n\u00e4chsten Mal.<\/span><\/p>\n<p style=\"text-align: center;\"><span style=\"font-family: arial, helvetica, sans-serif; font-size: medium;\">\u00a0<\/span><\/p>\n<p style=\"text-align: center;\"><span style=\"font-family: arial, helvetica, sans-serif; font-size: medium;\">\u00a0<\/span><\/p>\n<p style=\"text-align: center;\"><span style=\"font-size: large;\"><strong><span style=\"font-family: arial, helvetica, sans-serif;\">Ute \u00a0 \u00a0 \u00a0 \u00a0 \u00a0<\/span><span style=\"font-family: arial, helvetica, sans-serif; line-height: 1.3em;\"> &amp; \u00a0 \u00a0 \u00a0 \u00a0Andie<\/span><\/strong><\/span><\/p>\n<p style=\"text-align: center;\"><span style=\"font-size: large;\"><strong><span style=\"font-family: arial, helvetica, sans-serif; line-height: 1.3em;\">\u00a0<\/span><\/strong><\/span><\/p>\n<p style=\"text-align: center;\"><span style=\"font-family: arial, helvetica, sans-serif; font-size: medium;\"><img decoding=\"async\" class=\" size-full wp-image-3427\" src=\"https:\/\/welcome-ontour.de\/wordpress\/wp-content\/uploads\/2013\/01\/phoca_thumb_l_2008-10-12-02-img_0094.jpg\" width=\"275\" height=\"250\" border=\"0\" srcset=\"https:\/\/welcome-ontour.de\/wordpress\/wp-content\/uploads\/2013\/01\/phoca_thumb_l_2008-10-12-02-img_0094.jpg 370w, https:\/\/welcome-ontour.de\/wordpress\/wp-content\/uploads\/2013\/01\/phoca_thumb_l_2008-10-12-02-img_0094-300x272.jpg 300w\" sizes=\"(max-width: 275px) 100vw, 275px\" \/>\u00a0 \u00a0\u00a0<img decoding=\"async\" class=\" size-full wp-image-3428\" src=\"https:\/\/welcome-ontour.de\/wordpress\/wp-content\/uploads\/2013\/01\/phoca_thumb_l_2008-10-12-03-img_9446.jpg\" width=\"265\" height=\"250\" border=\"0\" srcset=\"https:\/\/welcome-ontour.de\/wordpress\/wp-content\/uploads\/2013\/01\/phoca_thumb_l_2008-10-12-03-img_9446.jpg 370w, https:\/\/welcome-ontour.de\/wordpress\/wp-content\/uploads\/2013\/01\/phoca_thumb_l_2008-10-12-03-img_9446-300x283.jpg 300w\" sizes=\"(max-width: 265px) 100vw, 265px\" \/><\/span><\/p>\n<p style=\"text-align: center;\"><span style=\"font-family: arial, helvetica, sans-serif; font-size: medium;\">\u00a0<\/span><\/p>\n<p style=\"text-align: center;\"><span style=\"font-family: arial, helvetica, sans-serif; font-size: small;\"><a href=\"https:\/\/welcome-ontour.de\/wordpress\/index.php\/2008-10-11\/\">&lt; Zur\u00fcck<\/a>\u00a0 \u00a0 \u00a0 \u00a0 \u00a0 \u00a0 \u00a0 \u00a0 \u00a0 \u00a0 \u00a0 \u00a0 \u00a0 \u00a0 \u00a0 \u00a0 \u00a0 \u00a0 \u00a0 \u00a0 \u00a0 \u00a0 \u00a0 \u00a0 \u00a0 \u00a0 \u00a0 \u00a0 \u00a0 \u00a0 \u00a0 \u00a0 \u00a0 \u00a0 \u00a0 \u00a0 \u00a0 \u00a0 \u00a0 \u00a0 \u00a0 \u00a0 \u00a0 \u00a0 \u00a0 \u00a0 \u00a0 \u00a0 \u00a0 \u00a0 \u00a0 \u00a0 \u00a0 \u00a0 \u00a0 \u00a0 \u00a0 \u00a0 \u00a0 \u00a0 \u00a0 \u00a0 \u00a0 \u00a0 \u00a0 \u00a0 \u00a0 \u00a0 \u00a0 \u00a0 \u00a0 \u00a0 \u00a0 \u00a0 \u00a0 \u00a0 \u00a0 \u00a0 \u00a0 \u00a0 \u00a0 \u00a0 \u00a0 \u00a0 \u00a0 \u00a0 \u00a0 \u00a0 \u00a0 \u00a0 \u00a0 \u00a0 \u00a0 \u00a0 \u00a0 \u00a0 \u00a0\u00a0<a href=\"https:\/\/welcome-ontour.de\/wordpress\/index.php\/reiseberichte\/\">Reiseberichte<\/a><a href=\"index.php\/reiseberichte\">\u00a0&gt;<\/a>\u00a0<\/span><\/p>\n","protected":false},"excerpt":{"rendered":"<p>prolog\u00a0&#8211;\u00a0hinflug\u00a0&#8211;\u00a0niagara\u00a0&#8211;\u00a0toronto\u00a0&#8211;\u00a0lake placid\u00a0&#8211;\u00a0white mountains\u00a0&#8211;\u00a0acadia nationalpark\u00a0&#8211;\u00a0boston\u00a0&#8211;\u00a0cape cod\u00a0&#8211;\u00a0r\u00fcckflug\u00a0&#8211;\u00a0fazit \u00a0 &lt; Zur\u00fcck\u00a0 \u00a0 \u00a0 \u00a0 \u00a0 \u00a0 \u00a0 \u00a0 \u00a0 \u00a0 \u00a0 \u00a0 \u00a0 \u00a0 \u00a0 \u00a0 \u00a0 \u00a0 \u00a0 \u00a0 \u00a0 \u00a0 \u00a0 \u00a0 \u00a0 \u00a0 \u00a0 \u00a0 \u00a0 \u00a0 \u00a0 \u00a0 \u00a0 \u00a0 \u00a0 \u00a0 \u00a0 \u00a0 \u00a0 \u00a0 \u00a0 \u00a0 \u00a0 \u00a0 \u00a0 \u00a0 \u00a0 \u00a0 \u00a0 \u00a0 \u00a0 \u00a0 \u00a0 \u00a0 \u00a0 \u00a0 \u00a0 \u00a0 \u00a0 \u00a0 \u00a0 \u00a0 \u00a0 \u00a0 \u00a0 \u00a0 \u00a0 \u00a0 \u00a0 \u00a0 \u00a0 \u00a0 \u00a0 \u00a0 \u00a0 \u00a0 \u00a0 \u00a0 \u00a0 \u00a0 \u00a0 \u00a0 \u00a0 \u00a0 \u00a0 \u00a0 \u00a0 \u00a0 \u00a0 \u00a0 \u00a0 \u00a0 \u00a0 \u00a0 \u00a0 \u00a0 \u00a0\u00a0Reiseberichte\u00a0&gt; \u00a0 Fazit \u00a0 Wo soll man anfangen? Also von vorn. Die Continental Fl\u00fcge haben uns angenehm \u00fcberrascht. Sitzkomfort und Service fanden wir besser als bei Lufthansa. Solange man von Berlin noch nicht direkt zur Westk\u00fcste kommt, k\u00f6nnten wir uns vorstellen, \u00f6fter mit dieser Airline zu fliegen. Zum Gro\u00dfteil liegt das auch am Newark Liberty Airport, dem Drehkreuz von Continental. F\u00fcr uns Flughafen Nr.1 in den USA. Mit National hat auch alles gut geklappt. Mit dem Equinox waren wir mehr als zufrieden. Als er dann rum zickte, war ein Tausch v\u00f6llig problemlos machbar. \u00dcber den Chevrolet Traiblazer brauch ich nicht mehr viel schreiben. Der passt ganz gut zu uns. \u00a0 Das Wetter hat uns erstmals so richtig im Stich gelassen. W\u00e4hrend wir bei manchen Southwest-Touren \u00fcberhaupt keinen Scheibenwischer brauchten, ging er diesmal kaum aus. Wir haben versucht, das Beste draus zu machen. Ich muss gestehen, die Entfernungen etwas untersch\u00e4tzt zu haben. Gerade in den Bergen und W\u00e4ldern New Yorks, Vermonts und New Hampshires sollte man doch mehr Fahrzeit einplanen. Auf der Tour haben wir viele neue Gegenden kennen gelernt. Diesmal auch den Versuch gemacht, uns in St\u00e4dten aufzuhalten. Toronto und Boston haben uns nicht schlecht gefallen. Noch mal m\u00fcssen wir da aber nicht hin \u2026 Und was wir allein von Gro\u00dfraum New York City mitbekommen haben, l\u00e4sst uns auch nicht zu den gro\u00dfen Big-Apple-Fans werden. Hinfahren, nur um da gewesen zu sein, dazu ist uns unsere Zeit zu schade. Wir k\u00f6nnten uns vorstellen, irgendwann mal zwei Wochen in Vermont und New Hampshire zu verbringen, um die Gegend auch mal ohne Dauerregen zu genie\u00dfen. Dann aber mit Sicherheit nicht wieder alles im Voraus buchen. Das war dieses Mal eher hinderlich. \u00a0 Noch ein Wort zu Priceline. Die Unterk\u00fcnfte im 2* Bereich waren nicht so berauschend. Meines Erachtens besteht immer ein gro\u00dfes Risiko darin, an irgendeine Bude zu geraten, die ihre Sterne von fremden Planeten geschenkt bekommen hat. Die beiden Nobelherbergen Sheraton in Toronto und Hyatt in Boston waren hingegen Volltreffer. \u00a0 Vielleicht schwer vorstellbar, aber gefallen hat uns der Nordosten letztendlich doch. Obwohl der europ\u00e4ische Einschlag nicht nur bei der Landschaft \u00fcberwiegt. Das uns so lieb gewonnene Westcoast-Feeling gibt\u2019s hier leider nur ansatzweise. \u00a0 Aufgefallen ist uns, dass es mit den Radiosendern immer bescheidener wird. W\u00e4hrend fr\u00fcher zwei, drei Klicks gen\u00fcgt haben, um wieder brauchbare Rockmusik zu haben, gibt es jetzt immer mehr Abschnitte, in denen nur Pop- und Countrydudelei l\u00e4uft. Trotzdem gibt\u2019s diesmal eine Hitliste, welcher Song am meisten im Autoradio gespielt wurde. Platz 3: \u00a0Styx &#8211; Come Sail Away Platz 2: \u00a0Rush &#8211; Closer To The Heart Platz 1: \u00a0Grand Funk &#8211; Some Kind Of Wunderful Hier wohl letztmalig vor zwanzig Jahren im Radio gespielt. \u00a0 Abschlie\u00dfend wie immer noch ein paar Zahlen. Wir waren 2789 Meilen (4490 km) unterwegs, haben dabei 116 Gallonen Sprit verbraten f\u00fcr den wir 426 $ bezahlt haben. Der Chevrolet Equinox hat sich dank gez\u00fcgeltem Gasfu\u00df mit neun Litern auf 100 km begn\u00fcgt. Der gro\u00dfe Bruder lag bei 11,2. Die Unterk\u00fcnfte haben uns im Durchschnitt 85$ gekostet. Bei dem w\u00e4hrend der Tour aktuellem Kurs waren das etwa 59\u20ac. \u00a0 Zur\u00fcck in Deutschland war der Fall ins \u201eNach dem Urlaub\u201c Loch nicht ganz so schlimm. Absolut hilfreich war dabei, dass wir die Fl\u00fcge f\u00fcr Sommer 2009 schon vorher in trockenen T\u00fcchern hatten. Es geht nach Seattle, in den Nordwesten, auf die F\u00e4hrten von Lewis and Clark. In diesem Sinne, macht\u2019s gut bis zum n\u00e4chsten Mal. \u00a0 \u00a0 Ute \u00a0 \u00a0 \u00a0 \u00a0 \u00a0 &amp; \u00a0 \u00a0 \u00a0 \u00a0Andie \u00a0 \u00a0 \u00a0\u00a0 \u00a0 &lt; Zur\u00fcck\u00a0 \u00a0 \u00a0 \u00a0 \u00a0 \u00a0 \u00a0 \u00a0 \u00a0 \u00a0 \u00a0 \u00a0 \u00a0 \u00a0 \u00a0 \u00a0 \u00a0 \u00a0 \u00a0 \u00a0 \u00a0 \u00a0 \u00a0 \u00a0 \u00a0 \u00a0 \u00a0 \u00a0 \u00a0 \u00a0 \u00a0 \u00a0 \u00a0 \u00a0 \u00a0 \u00a0 \u00a0 \u00a0 \u00a0 \u00a0 \u00a0 \u00a0 \u00a0 \u00a0 \u00a0 \u00a0 \u00a0 \u00a0 \u00a0 \u00a0 \u00a0 \u00a0 \u00a0 \u00a0 \u00a0 \u00a0 \u00a0 \u00a0 \u00a0 \u00a0 \u00a0 \u00a0 \u00a0 \u00a0 \u00a0 \u00a0 \u00a0 \u00a0 \u00a0 \u00a0 \u00a0 \u00a0 \u00a0 \u00a0 \u00a0 \u00a0 \u00a0 \u00a0 \u00a0 \u00a0 \u00a0 \u00a0 \u00a0 \u00a0 \u00a0 \u00a0 \u00a0 \u00a0 \u00a0 \u00a0 \u00a0 \u00a0 \u00a0 \u00a0 \u00a0 \u00a0 \u00a0\u00a0Reiseberichte\u00a0&gt;\u00a0<\/p>\n","protected":false},"author":1,"featured_media":3427,"parent":0,"menu_order":2,"comment_status":"closed","ping_status":"closed","template":"","meta":{"footnotes":""},"class_list":["post-3429","page","type-page","status-publish","has-post-thumbnail","hentry"],"_links":{"self":[{"href":"https:\/\/welcome-ontour.de\/wordpress\/index.php\/wp-json\/wp\/v2\/pages\/3429","targetHints":{"allow":["GET"]}}],"collection":[{"href":"https:\/\/welcome-ontour.de\/wordpress\/index.php\/wp-json\/wp\/v2\/pages"}],"about":[{"href":"https:\/\/welcome-ontour.de\/wordpress\/index.php\/wp-json\/wp\/v2\/types\/page"}],"author":[{"embeddable":true,"href":"https:\/\/welcome-ontour.de\/wordpress\/index.php\/wp-json\/wp\/v2\/users\/1"}],"replies":[{"embeddable":true,"href":"https:\/\/welcome-ontour.de\/wordpress\/index.php\/wp-json\/wp\/v2\/comments?post=3429"}],"version-history":[{"count":1,"href":"https:\/\/welcome-ontour.de\/wordpress\/index.php\/wp-json\/wp\/v2\/pages\/3429\/revisions"}],"predecessor-version":[{"id":14876,"href":"https:\/\/welcome-ontour.de\/wordpress\/index.php\/wp-json\/wp\/v2\/pages\/3429\/revisions\/14876"}],"wp:featuredmedia":[{"embeddable":true,"href":"https:\/\/welcome-ontour.de\/wordpress\/index.php\/wp-json\/wp\/v2\/media\/3427"}],"wp:attachment":[{"href":"https:\/\/welcome-ontour.de\/wordpress\/index.php\/wp-json\/wp\/v2\/media?parent=3429"}],"curies":[{"name":"wp","href":"https:\/\/api.w.org\/{rel}","templated":true}]}}