{"id":3358,"date":"2013-01-08T07:35:52","date_gmt":"2013-01-08T07:35:52","guid":{"rendered":"https:\/\/welcome-ontour.de\/wordpress\/index.php\/2008-10-06\/"},"modified":"2022-06-30T23:06:39","modified_gmt":"2022-06-30T23:06:39","slug":"2008-10-06","status":"publish","type":"page","link":"https:\/\/welcome-ontour.de\/wordpress\/index.php\/2008-10-06\/","title":{"rendered":"2008 10 06"},"content":{"rendered":"<p style=\"text-align: center;\"><a style=\"font-family: arial, helvetica, sans-serif; font-size: x-small; line-height: 1.3em;\" href=\"https:\/\/welcome-ontour.de\/wordpress\/index.php\/2008-09-24-prolog\/\">prolog<\/a><span style=\"font-family: arial, helvetica, sans-serif; font-size: x-small; line-height: 1.3em;\">\u00a0&#8211;\u00a0<\/span><a style=\"font-family: arial, helvetica, sans-serif; font-size: x-small; line-height: 1.3em;\" href=\"https:\/\/welcome-ontour.de\/wordpress\/index.php\/2008-09-25\/\">hinflug<\/a><span style=\"font-family: arial, helvetica, sans-serif; font-size: x-small; line-height: 1.3em;\">\u00a0&#8211;\u00a0<\/span><a style=\"font-family: arial, helvetica, sans-serif; font-size: x-small; line-height: 1.3em;\" href=\"https:\/\/welcome-ontour.de\/wordpress\/index.php\/2008-09-26\/\">niagara<\/a><span style=\"font-family: arial, helvetica, sans-serif; font-size: x-small; line-height: 1.3em;\">\u00a0&#8211;\u00a0<\/span><a style=\"font-family: arial, helvetica, sans-serif; font-size: x-small; line-height: 1.3em;\" href=\"https:\/\/welcome-ontour.de\/wordpress\/index.php\/2008-09-27\/\">toronto<\/a><span style=\"font-family: arial, helvetica, sans-serif; font-size: x-small; line-height: 1.3em;\">\u00a0&#8211;\u00a0<\/span><a style=\"font-family: arial, helvetica, sans-serif; font-size: x-small; line-height: 1.3em;\" href=\"https:\/\/welcome-ontour.de\/wordpress\/index.php\/2008-09-29\/\">lake placid<\/a><span style=\"font-family: arial, helvetica, sans-serif; font-size: x-small; line-height: 1.3em;\">\u00a0&#8211;\u00a0<\/span><a style=\"font-family: arial, helvetica, sans-serif; font-size: x-small; line-height: 1.3em;\" href=\"https:\/\/welcome-ontour.de\/wordpress\/index.php\/2008-10-01\/\">white mountains<\/a><span style=\"font-family: arial, helvetica, sans-serif; font-size: x-small; line-height: 1.3em;\">\u00a0&#8211;\u00a0<\/span><a style=\"font-family: arial, helvetica, sans-serif; font-size: x-small; line-height: 1.3em;\" href=\"https:\/\/welcome-ontour.de\/wordpress\/index.php\/2008-10-04\/\">acadia nationalpark<\/a><span style=\"font-family: arial, helvetica, sans-serif; font-size: x-small; line-height: 1.3em;\">\u00a0&#8211;\u00a0<\/span><a style=\"font-family: arial, helvetica, sans-serif; font-size: x-small; line-height: 1.3em;\" href=\"https:\/\/welcome-ontour.de\/wordpress\/index.php\/2008-10-06\/\">boston<\/a><span style=\"font-family: arial, helvetica, sans-serif; font-size: x-small; line-height: 1.3em;\">\u00a0&#8211;\u00a0<\/span><a style=\"font-family: arial, helvetica, sans-serif; font-size: x-small; line-height: 1.3em;\" href=\"https:\/\/welcome-ontour.de\/wordpress\/index.php\/2008-10-08\/\">cape cod<\/a><span style=\"font-family: arial, helvetica, sans-serif; font-size: x-small; line-height: 1.3em;\">\u00a0&#8211;\u00a0<\/span><a style=\"font-family: arial, helvetica, sans-serif; font-size: x-small; line-height: 1.3em;\" href=\"https:\/\/welcome-ontour.de\/wordpress\/index.php\/2008-10-10\/\">r\u00fcckflug<\/a><span style=\"font-family: arial, helvetica, sans-serif; font-size: x-small; line-height: 1.3em;\">\u00a0&#8211;\u00a0<\/span><a style=\"font-family: arial, helvetica, sans-serif; font-size: x-small; line-height: 1.3em;\" href=\"https:\/\/welcome-ontour.de\/wordpress\/index.php\/2008-10-12-fazit\/\">fazit<\/a><\/p>\n<p style=\"text-align: center;\">\u00a0<\/p>\n<p style=\"text-align: center;\"><a style=\"font-family: arial, helvetica, sans-serif; font-size: small; line-height: 1.3em;\" href=\"https:\/\/welcome-ontour.de\/wordpress\/index.php\/2008-10-05\/\">&lt; Zur\u00fcck<\/a><span style=\"font-family: arial, helvetica, sans-serif; font-size: small; line-height: 1.3em;\">\u00a0 \u00a0 \u00a0 \u00a0 \u00a0 \u00a0 \u00a0 \u00a0 \u00a0 \u00a0 \u00a0 \u00a0 \u00a0 \u00a0 \u00a0 \u00a0 \u00a0 \u00a0 \u00a0 \u00a0 \u00a0 \u00a0 \u00a0 \u00a0 \u00a0 \u00a0 \u00a0 \u00a0 \u00a0 \u00a0 \u00a0 \u00a0 \u00a0 \u00a0 \u00a0 \u00a0 \u00a0 \u00a0 \u00a0 \u00a0 \u00a0 \u00a0 \u00a0 \u00a0 \u00a0 \u00a0 \u00a0 \u00a0 \u00a0 \u00a0 \u00a0 \u00a0 \u00a0 \u00a0 \u00a0 \u00a0 \u00a0 \u00a0 \u00a0 \u00a0 \u00a0 \u00a0 \u00a0 \u00a0 \u00a0 \u00a0 \u00a0 \u00a0 \u00a0 \u00a0 \u00a0 \u00a0 \u00a0 \u00a0 \u00a0 \u00a0 \u00a0 \u00a0 \u00a0 \u00a0 \u00a0 \u00a0 \u00a0 \u00a0 \u00a0 \u00a0 \u00a0 \u00a0 \u00a0 \u00a0 \u00a0 \u00a0 \u00a0 \u00a0 \u00a0 \u00a0 \u00a0 \u00a0 \u00a0 \u00a0 \u00a0 \u00a0 \u00a0 \u00a0<\/span><a style=\"font-family: arial, helvetica, sans-serif; font-size: small; line-height: 1.3em;\" href=\"https:\/\/welcome-ontour.de\/wordpress\/index.php\/2008-10-07\/\">Weiter &gt;<\/a><\/p>\n<p style=\"text-align: center;\">\u00a0<\/p>\n<p style=\"text-align: center;\"><strong style=\"line-height: 1.3em;\"><span style=\"font-family: arial, helvetica, sans-serif; font-size: medium;\">Mo 06.10.2008, 2.Woche, 12.Tag<\/span><\/strong><\/p>\n<p style=\"text-align: center;\"><strong><span style=\"font-family: arial, helvetica, sans-serif; font-size: medium;\">Bar Harbor \u2013 Boston<\/span><\/strong><\/p>\n<p style=\"text-align: center;\"><span style=\"font-family: arial, helvetica, sans-serif; font-size: medium;\">\u00a0<\/span><\/p>\n<p style=\"text-align: center;\"><span style=\"font-family: arial, helvetica, sans-serif; font-size: medium;\">Trotzdem wir heute eine lange Etappe vor uns haben, wird erstmal bis halb acht geschlafen.<\/span><\/p>\n<p style=\"text-align: center;\"><span style=\"font-family: arial, helvetica, sans-serif; font-size: medium;\">Nach dem Grab\u2019n Go Breakfast sind wir um neun in der Spur.<\/span><\/p>\n<p style=\"text-align: center;\"><span style=\"font-family: arial, helvetica, sans-serif; font-size: medium;\">Immer wieder f\u00e4llt uns auf, wie g\u00fcnstig der Sprit hier ist. Mancherorts haben wir 3,09$ per Gallone gesehen.<\/span><\/p>\n<p style=\"text-align: center;\"><span style=\"font-family: arial, helvetica, sans-serif; font-size: medium;\">Bei Bangor fahren wir auf die Interstate. Das Wetter zeigt sich heute von seiner angenehmen Seite.<\/span><\/p>\n<p style=\"text-align: center;\"><span style=\"font-family: arial, helvetica, sans-serif; font-size: medium;\">Zu unserem Abschied aus dieser Area hat sich die Sonne noch mal zu H\u00f6chstleistungen aufgerafft.<\/span><\/p>\n<p style=\"text-align: center;\"><span style=\"font-family: arial, helvetica, sans-serif; font-size: medium;\">Mit nur einem kurzem RR-Stopp fahren wir durch bis Boston-Medford.<\/span><\/p>\n<p style=\"text-align: center;\"><span style=\"font-family: arial, helvetica, sans-serif; font-size: medium;\">F\u00fcr die 300 Meilen haben wir gerade mal 6 Stunden gebraucht.<\/span><\/p>\n<p style=\"text-align: center;\"><span style=\"font-family: arial, helvetica, sans-serif; font-size: medium;\">Unser von Deutschland aus gebuchtes Hotel entpuppt sich als Nobelherberge.<\/span><\/p>\n<p style=\"text-align: center;\"><span style=\"font-family: arial, helvetica, sans-serif; font-size: medium;\">\u00a0<\/span><\/p>\n<p style=\"text-align: center;\"><span style=\"font-family: arial, helvetica, sans-serif; font-size: medium;\"><img decoding=\"async\" class=\" size-full wp-image-3357\" title=\"Hyatt Place Boston Medford\" src=\"https:\/\/welcome-ontour.de\/wordpress\/wp-content\/uploads\/2013\/01\/phoca_thumb_l_2008-10-06-01-dsc02607.jpg\" width=\"570\" height=\"388\" border=\"0\" srcset=\"https:\/\/welcome-ontour.de\/wordpress\/wp-content\/uploads\/2013\/01\/phoca_thumb_l_2008-10-06-01-dsc02607.jpg 570w, https:\/\/welcome-ontour.de\/wordpress\/wp-content\/uploads\/2013\/01\/phoca_thumb_l_2008-10-06-01-dsc02607-300x204.jpg 300w\" sizes=\"(max-width: 570px) 100vw, 570px\" \/><\/span><\/p>\n<p style=\"text-align: center;\"><span style=\"font-family: arial, helvetica, sans-serif; font-size: medium;\">\u00a0<\/span><\/p>\n<p style=\"text-align: center;\"><span style=\"font-family: arial, helvetica, sans-serif; font-size: medium;\">Wir bekommen ein Business-Appartment in der vierten Etage und einen kostenlosen Stellplatz in der Tiefgarage.<\/span><\/p>\n<p style=\"text-align: center;\"><span style=\"font-family: arial, helvetica, sans-serif; font-size: medium;\">Neben uns am Office checkt eine anscheinend \u201every important\u201c Gesch\u00e4ftsfrau ein.<\/span><\/p>\n<p style=\"text-align: center;\"><span style=\"font-family: arial, helvetica, sans-serif; font-size: medium;\">Roomrate 249$ plus Tax. Priceline hat uns unser Zimmer f\u00fcr sechzig Dollar zugeteilt.<\/span><\/p>\n<p style=\"text-align: center;\"><span style=\"font-family: arial, helvetica, sans-serif; font-size: medium;\">Da kommt Freude auf!<\/span><\/p>\n<p style=\"text-align: center;\"><span style=\"font-family: arial, helvetica, sans-serif; font-size: medium;\">Nachdem wir gecheckt haben, ob das Free W-Lan funktioniert, machen wir uns auf den Weg in die Innenstadt.<\/span><\/p>\n<p style=\"text-align: center;\"><span style=\"font-family: arial, helvetica, sans-serif; font-size: medium;\">Ein Gratis Shuttle Bus bringt uns vom Hotel zur T-Station Wellington.<\/span><\/p>\n<p style=\"text-align: center;\"><span style=\"font-family: arial, helvetica, sans-serif; font-size: medium;\">Nachdem wir eine Weile gebraucht haben das Ticketsystem zu kapieren,<\/span><\/p>\n<p style=\"text-align: center;\"><span style=\"font-family: arial, helvetica, sans-serif; font-size: medium;\">sitzen wir anschlie\u00dfend in der Orange Line in Richtung Forest Hill.<\/span><\/p>\n<p style=\"text-align: center;\"><span style=\"font-family: arial, helvetica, sans-serif; font-size: medium;\">Man kauft eine Fahrkarte und kann diese mit einem Guthaben best\u00fccken.<\/span><\/p>\n<p style=\"text-align: center;\"><span style=\"font-family: arial, helvetica, sans-serif; font-size: medium;\">Pro Fahrt werden dann 1,70$ abgebucht.<\/span><\/p>\n<p style=\"text-align: center;\"><span style=\"font-family: arial, helvetica, sans-serif; font-size: medium;\">Egal wie weit man f\u00e4hrt oder wie oft man umsteigt.<\/span><\/p>\n<p style=\"text-align: center;\"><span style=\"font-family: arial, helvetica, sans-serif; font-size: medium;\">In der Hoffnung unseren Hunger stillen zu k\u00f6nnen, fahren wir bis Chinatown.<\/span><\/p>\n<p style=\"text-align: center;\"><span style=\"font-family: arial, helvetica, sans-serif; font-size: medium;\">Ist jedoch absolut nicht mit dem in San Francisco zu vergleichen.<\/span><\/p>\n<p style=\"text-align: center;\"><span style=\"font-family: arial, helvetica, sans-serif; font-size: medium;\">In Richtung Centrum finden wir mit dem <a href=\"http:\/\/www.ufoodgrill.com\/\" target=\"_blank\" rel=\"noopener noreferrer\">U-Food<\/a> eine uns bisher unbekannte Fastfoodkette,<\/span><\/p>\n<p style=\"text-align: center;\"><span style=\"font-family: arial, helvetica, sans-serif; font-size: medium;\">die asiatische Kost anbietet.<\/span><\/p>\n<p style=\"text-align: center;\"><span style=\"font-family: arial, helvetica, sans-serif; font-size: medium;\">Bei der Gelegenheit k\u00f6nnen wir uns auch gleich aufw\u00e4rmen.<\/span><\/p>\n<p style=\"text-align: center;\"><span style=\"font-family: arial, helvetica, sans-serif; font-size: medium;\">In den Hochhausschluchten weht ein strenger Wind, der die gef\u00fchlte Temperatur auf 0\u00b0 sinken l\u00e4sst.<\/span><\/p>\n<p style=\"text-align: center;\"><span style=\"font-family: arial, helvetica, sans-serif; font-size: medium;\">Bis nach sechs rennen wir noch in Downtown rum und machen uns dann auf den R\u00fcckweg nach Medford.<\/span><\/p>\n<p style=\"text-align: center;\"><span style=\"font-family: arial, helvetica, sans-serif; font-size: medium;\">Mit der Orange Line sind wir wieder schnell in Wellington.<\/span><\/p>\n<p style=\"text-align: center;\"><span style=\"font-family: arial, helvetica, sans-serif; font-size: medium;\">Dort in den 701er Bus, der uns zehn Minuten sp\u00e4ter am Hyatt absetzt.<\/span><\/p>\n<p style=\"text-align: center;\"><span style=\"font-family: arial, helvetica, sans-serif; font-size: medium;\">Hungrig gehen wir in die Tiefgarage, setzen uns in den Chevie und<\/span><\/p>\n<p style=\"text-align: center;\"><span style=\"font-family: arial, helvetica, sans-serif; font-size: medium;\">fahren zum <a href=\"http:\/\/www.oldcountrybuffet.com\/\" target=\"_blank\" rel=\"noopener noreferrer\">Old Country B\u00fcffet<\/a>, hier in der N\u00e4he.<\/span><\/p>\n<p style=\"text-align: center;\"><span style=\"font-family: arial, helvetica, sans-serif; font-size: medium;\">Da sich da gleich noch die <a href=\"http:\/\/www.meadowglen.com\/directory.htm\" target=\"_blank\" rel=\"noopener noreferrer\">Meadow Glenn Mall<\/a>\u00a0anschlie\u00dft, wird erstmal noch eine Shopping Hour eingelegt.<\/span><\/p>\n<p style=\"text-align: center;\"><span style=\"font-family: arial, helvetica, sans-serif; font-size: medium;\">Das Old Country ist ein riesiges B\u00fcffet Restaurant,<\/span><\/p>\n<p style=\"text-align: center;\"><span style=\"font-family: arial, helvetica, sans-serif; font-size: medium;\">wo sich vorrangig die ortsans\u00e4ssige Bev\u00f6lkerung die reichlich vorhandenen Wampen vollschl\u00e4gt.<\/span><\/p>\n<p style=\"text-align: center;\"><span style=\"font-family: arial, helvetica, sans-serif; font-size: medium;\">10,95$ pro Person \u2013 Eat and Drink.<\/span><\/p>\n<p style=\"text-align: center;\"><span style=\"font-family: arial, helvetica, sans-serif; font-size: medium;\">Das Angebot ist gro\u00dfartig. Nur unser Zeitrahmen passt nicht so recht ins Bild.<\/span><\/p>\n<p style=\"text-align: center;\"><span style=\"font-family: arial, helvetica, sans-serif; font-size: medium;\">Es \u00fcberrascht uns immer wieder, mit welcher Speed die Amis halbe LKW-Ladungen verdr\u00fccken k\u00f6nnen.<\/span><\/p>\n<p style=\"text-align: center;\"><span style=\"font-family: arial, helvetica, sans-serif; font-size: medium;\">Wir sind erst nach neun, als der Laden eigentlich schon zu hat, fertig und halb zehn zur\u00fcck im Hotel.<\/span><\/p>\n<p style=\"text-align: center;\"><span style=\"font-family: arial, helvetica, sans-serif; font-size: medium;\">E-Mail, Tagebuch, Postkarten \u2013 zu mehr sind wir heute nicht mehr in der Lage.<\/span><\/p>\n<p style=\"text-align: center;\"><span style=\"font-family: arial, helvetica, sans-serif; font-size: medium;\">\u00a0<\/span><\/p>\n<p style=\"text-align: center;\"><span style=\"font-family: arial, helvetica, sans-serif; font-size: medium;\">Gefahrene Meilen \/ Kilometer: 309 \/ 498<\/span><\/p>\n<p style=\"text-align: center;\"><span style=\"font-family: arial, helvetica, sans-serif; font-size: medium;\">\u00a0<\/span><\/p>\n<p style=\"text-align: center;\"><span style=\"font-family: arial, helvetica, sans-serif; font-size: medium;\">\u00dcbernachtung: <a href=\"http:\/\/bostonmedford.place.hyatt.com\/hyatt\/hotels\/place\/index.jsp\" target=\"_blank\" rel=\"noopener noreferrer\">hyatt place<\/a>, boston, massachusetts $64 ****<\/span><\/p>\n<p style=\"text-align: center;\"><span style=\"font-family: arial, helvetica, sans-serif; font-size: medium;\">\u00a0<\/span><\/p>\n<p style=\"text-align: center;\"><span style=\"font-family: arial, helvetica, sans-serif; font-size: small;\"><a href=\"https:\/\/welcome-ontour.de\/wordpress\/index.php\/2008-10-05\/\">&lt; Zur\u00fcck<\/a>\u00a0 \u00a0 \u00a0 \u00a0 \u00a0 \u00a0 \u00a0 \u00a0 \u00a0 \u00a0 \u00a0 \u00a0 \u00a0 \u00a0 \u00a0 \u00a0 \u00a0 \u00a0 \u00a0 \u00a0 \u00a0 \u00a0 \u00a0 \u00a0 \u00a0 \u00a0 \u00a0 \u00a0 \u00a0 \u00a0 \u00a0 \u00a0 \u00a0 \u00a0 \u00a0 \u00a0 \u00a0 \u00a0 \u00a0 \u00a0 \u00a0 \u00a0 \u00a0 \u00a0 \u00a0 \u00a0 \u00a0 \u00a0 \u00a0 \u00a0 \u00a0 \u00a0 \u00a0 \u00a0 \u00a0 \u00a0 \u00a0 \u00a0 \u00a0 \u00a0 \u00a0 \u00a0 \u00a0 \u00a0 \u00a0 \u00a0 \u00a0 \u00a0 \u00a0 \u00a0 \u00a0 \u00a0 \u00a0 \u00a0 \u00a0 \u00a0 \u00a0 \u00a0 \u00a0 \u00a0 \u00a0 \u00a0 \u00a0 \u00a0 \u00a0 \u00a0 \u00a0 \u00a0 \u00a0 \u00a0 \u00a0 \u00a0 \u00a0 \u00a0 \u00a0 \u00a0 \u00a0 \u00a0 \u00a0 \u00a0 \u00a0 \u00a0 \u00a0 \u00a0<a href=\"https:\/\/welcome-ontour.de\/wordpress\/index.php\/2008-10-07\/\">Weiter &gt;<\/a><\/span><\/p>\n","protected":false},"excerpt":{"rendered":"<p>prolog\u00a0&#8211;\u00a0hinflug\u00a0&#8211;\u00a0niagara\u00a0&#8211;\u00a0toronto\u00a0&#8211;\u00a0lake placid\u00a0&#8211;\u00a0white mountains\u00a0&#8211;\u00a0acadia nationalpark\u00a0&#8211;\u00a0boston\u00a0&#8211;\u00a0cape cod\u00a0&#8211;\u00a0r\u00fcckflug\u00a0&#8211;\u00a0fazit \u00a0 &lt; Zur\u00fcck\u00a0 \u00a0 \u00a0 \u00a0 \u00a0 \u00a0 \u00a0 \u00a0 \u00a0 \u00a0 \u00a0 \u00a0 \u00a0 \u00a0 \u00a0 \u00a0 \u00a0 \u00a0 \u00a0 \u00a0 \u00a0 \u00a0 \u00a0 \u00a0 \u00a0 \u00a0 \u00a0 \u00a0 \u00a0 \u00a0 \u00a0 \u00a0 \u00a0 \u00a0 \u00a0 \u00a0 \u00a0 \u00a0 \u00a0 \u00a0 \u00a0 \u00a0 \u00a0 \u00a0 \u00a0 \u00a0 \u00a0 \u00a0 \u00a0 \u00a0 \u00a0 \u00a0 \u00a0 \u00a0 \u00a0 \u00a0 \u00a0 \u00a0 \u00a0 \u00a0 \u00a0 \u00a0 \u00a0 \u00a0 \u00a0 \u00a0 \u00a0 \u00a0 \u00a0 \u00a0 \u00a0 \u00a0 \u00a0 \u00a0 \u00a0 \u00a0 \u00a0 \u00a0 \u00a0 \u00a0 \u00a0 \u00a0 \u00a0 \u00a0 \u00a0 \u00a0 \u00a0 \u00a0 \u00a0 \u00a0 \u00a0 \u00a0 \u00a0 \u00a0 \u00a0 \u00a0 \u00a0 \u00a0 \u00a0 \u00a0 \u00a0 \u00a0 \u00a0 \u00a0Weiter &gt; \u00a0 Mo 06.10.2008, 2.Woche, 12.Tag Bar Harbor \u2013 Boston \u00a0 Trotzdem wir heute eine lange Etappe vor uns haben, wird erstmal bis halb acht geschlafen. Nach dem Grab\u2019n Go Breakfast sind wir um neun in der Spur. Immer wieder f\u00e4llt uns auf, wie g\u00fcnstig der Sprit hier ist. Mancherorts haben wir 3,09$ per Gallone gesehen. Bei Bangor fahren wir auf die Interstate. Das Wetter zeigt sich heute von seiner angenehmen Seite. Zu unserem Abschied aus dieser Area hat sich die Sonne noch mal zu H\u00f6chstleistungen aufgerafft. Mit nur einem kurzem RR-Stopp fahren wir durch bis Boston-Medford. F\u00fcr die 300 Meilen haben wir gerade mal 6 Stunden gebraucht. Unser von Deutschland aus gebuchtes Hotel entpuppt sich als Nobelherberge. \u00a0 \u00a0 Wir bekommen ein Business-Appartment in der vierten Etage und einen kostenlosen Stellplatz in der Tiefgarage. Neben uns am Office checkt eine anscheinend \u201every important\u201c Gesch\u00e4ftsfrau ein. Roomrate 249$ plus Tax. Priceline hat uns unser Zimmer f\u00fcr sechzig Dollar zugeteilt. Da kommt Freude auf! Nachdem wir gecheckt haben, ob das Free W-Lan funktioniert, machen wir uns auf den Weg in die Innenstadt. Ein Gratis Shuttle Bus bringt uns vom Hotel zur T-Station Wellington. Nachdem wir eine Weile gebraucht haben das Ticketsystem zu kapieren, sitzen wir anschlie\u00dfend in der Orange Line in Richtung Forest Hill. Man kauft eine Fahrkarte und kann diese mit einem Guthaben best\u00fccken. Pro Fahrt werden dann 1,70$ abgebucht. Egal wie weit man f\u00e4hrt oder wie oft man umsteigt. In der Hoffnung unseren Hunger stillen zu k\u00f6nnen, fahren wir bis Chinatown. Ist jedoch absolut nicht mit dem in San Francisco zu vergleichen. In Richtung Centrum finden wir mit dem U-Food eine uns bisher unbekannte Fastfoodkette, die asiatische Kost anbietet. Bei der Gelegenheit k\u00f6nnen wir uns auch gleich aufw\u00e4rmen. In den Hochhausschluchten weht ein strenger Wind, der die gef\u00fchlte Temperatur auf 0\u00b0 sinken l\u00e4sst. Bis nach sechs rennen wir noch in Downtown rum und machen uns dann auf den R\u00fcckweg nach Medford. Mit der Orange Line sind wir wieder schnell in Wellington. Dort in den 701er Bus, der uns zehn Minuten sp\u00e4ter am Hyatt absetzt. Hungrig gehen wir in die Tiefgarage, setzen uns in den Chevie und fahren zum Old Country B\u00fcffet, hier in der N\u00e4he. Da sich da gleich noch die Meadow Glenn Mall\u00a0anschlie\u00dft, wird erstmal noch eine Shopping Hour eingelegt. Das Old Country ist ein riesiges B\u00fcffet Restaurant, wo sich vorrangig die ortsans\u00e4ssige Bev\u00f6lkerung die reichlich vorhandenen Wampen vollschl\u00e4gt. 10,95$ pro Person \u2013 Eat and Drink. Das Angebot ist gro\u00dfartig. Nur unser Zeitrahmen passt nicht so recht ins Bild. Es \u00fcberrascht uns immer wieder, mit welcher Speed die Amis halbe LKW-Ladungen verdr\u00fccken k\u00f6nnen. Wir sind erst nach neun, als der Laden eigentlich schon zu hat, fertig und halb zehn zur\u00fcck im Hotel. E-Mail, Tagebuch, Postkarten \u2013 zu mehr sind wir heute nicht mehr in der Lage. \u00a0 Gefahrene Meilen \/ Kilometer: 309 \/ 498 \u00a0 \u00dcbernachtung: hyatt place, boston, massachusetts $64 **** \u00a0 &lt; Zur\u00fcck\u00a0 \u00a0 \u00a0 \u00a0 \u00a0 \u00a0 \u00a0 \u00a0 \u00a0 \u00a0 \u00a0 \u00a0 \u00a0 \u00a0 \u00a0 \u00a0 \u00a0 \u00a0 \u00a0 \u00a0 \u00a0 \u00a0 \u00a0 \u00a0 \u00a0 \u00a0 \u00a0 \u00a0 \u00a0 \u00a0 \u00a0 \u00a0 \u00a0 \u00a0 \u00a0 \u00a0 \u00a0 \u00a0 \u00a0 \u00a0 \u00a0 \u00a0 \u00a0 \u00a0 \u00a0 \u00a0 \u00a0 \u00a0 \u00a0 \u00a0 \u00a0 \u00a0 \u00a0 \u00a0 \u00a0 \u00a0 \u00a0 \u00a0 \u00a0 \u00a0 \u00a0 \u00a0 \u00a0 \u00a0 \u00a0 \u00a0 \u00a0 \u00a0 \u00a0 \u00a0 \u00a0 \u00a0 \u00a0 \u00a0 \u00a0 \u00a0 \u00a0 \u00a0 \u00a0 \u00a0 \u00a0 \u00a0 \u00a0 \u00a0 \u00a0 \u00a0 \u00a0 \u00a0 \u00a0 \u00a0 \u00a0 \u00a0 \u00a0 \u00a0 \u00a0 \u00a0 \u00a0 \u00a0 \u00a0 \u00a0 \u00a0 \u00a0 \u00a0 \u00a0Weiter &gt;<\/p>\n","protected":false},"author":1,"featured_media":3357,"parent":0,"menu_order":8,"comment_status":"closed","ping_status":"closed","template":"","meta":{"footnotes":""},"class_list":["post-3358","page","type-page","status-publish","has-post-thumbnail","hentry"],"_links":{"self":[{"href":"https:\/\/welcome-ontour.de\/wordpress\/index.php\/wp-json\/wp\/v2\/pages\/3358","targetHints":{"allow":["GET"]}}],"collection":[{"href":"https:\/\/welcome-ontour.de\/wordpress\/index.php\/wp-json\/wp\/v2\/pages"}],"about":[{"href":"https:\/\/welcome-ontour.de\/wordpress\/index.php\/wp-json\/wp\/v2\/types\/page"}],"author":[{"embeddable":true,"href":"https:\/\/welcome-ontour.de\/wordpress\/index.php\/wp-json\/wp\/v2\/users\/1"}],"replies":[{"embeddable":true,"href":"https:\/\/welcome-ontour.de\/wordpress\/index.php\/wp-json\/wp\/v2\/comments?post=3358"}],"version-history":[{"count":1,"href":"https:\/\/welcome-ontour.de\/wordpress\/index.php\/wp-json\/wp\/v2\/pages\/3358\/revisions"}],"predecessor-version":[{"id":14870,"href":"https:\/\/welcome-ontour.de\/wordpress\/index.php\/wp-json\/wp\/v2\/pages\/3358\/revisions\/14870"}],"wp:featuredmedia":[{"embeddable":true,"href":"https:\/\/welcome-ontour.de\/wordpress\/index.php\/wp-json\/wp\/v2\/media\/3357"}],"wp:attachment":[{"href":"https:\/\/welcome-ontour.de\/wordpress\/index.php\/wp-json\/wp\/v2\/media?parent=3358"}],"curies":[{"name":"wp","href":"https:\/\/api.w.org\/{rel}","templated":true}]}}